{"id":9076,"date":"2026-04-23T11:39:39","date_gmt":"2026-04-23T04:39:39","guid":{"rendered":"https:\/\/mpvane.com\/?post_type=product&#038;p=9076"},"modified":"2026-04-23T11:54:52","modified_gmt":"2026-04-23T04:54:52","slug":"bo-kit-elmorietschle-1029350104","status":"publish","type":"product","link":"https:\/\/mpvane.com\/en\/san-pham\/bo-kit-elmorietschle-1029350104\/","title":{"rendered":"B\u1ed9 k\u00edt elmorietschle 1029350104"},"content":{"rendered":"<div id=\"ez-toc-container\" class=\"ez-toc-v2_0_75 counter-hierarchy ez-toc-counter ez-toc-grey ez-toc-container-direction\">\n<div class=\"ez-toc-title-container\">\n<p class=\"ez-toc-title\" style=\"cursor:inherit\">Table of Contents<\/p>\n<span class=\"ez-toc-title-toggle\"><a href=\"#\" class=\"ez-toc-pull-right ez-toc-btn ez-toc-btn-xs ez-toc-btn-default ez-toc-toggle\" aria-label=\"Toggle Table of Content\"><span class=\"ez-toc-js-icon-con\"><span class=\"\"><span class=\"eztoc-hide\" style=\"display:none;\">Toggle<\/span><span class=\"ez-toc-icon-toggle-span\"><svg style=\"fill: #999;color:#999\" xmlns=\"http:\/\/www.w3.org\/2000\/svg\" class=\"list-377408\" width=\"20px\" height=\"20px\" viewBox=\"0 0 24 24\" fill=\"none\"><path d=\"M6 6H4v2h2V6zm14 0H8v2h12V6zM4 11h2v2H4v-2zm16 0H8v2h12v-2zM4 16h2v2H4v-2zm16 0H8v2h12v-2z\" fill=\"currentColor\"><\/path><\/svg><svg style=\"fill: #999;color:#999\" class=\"arrow-unsorted-368013\" xmlns=\"http:\/\/www.w3.org\/2000\/svg\" width=\"10px\" height=\"10px\" viewBox=\"0 0 24 24\" version=\"1.2\" baseProfile=\"tiny\"><path d=\"M18.2 9.3l-6.2-6.3-6.2 6.3c-.2.2-.3.4-.3.7s.1.5.3.7c.2.2.4.3.7.3h11c.3 0 .5-.1.7-.3.2-.2.3-.5.3-.7s-.1-.5-.3-.7zM5.8 14.7l6.2 6.3 6.2-6.3c.2-.2.3-.5.3-.7s-.1-.5-.3-.7c-.2-.2-.4-.3-.7-.3h-11c-.3 0-.5.1-.7.3-.2.2-.3.5-.3.7s.1.5.3.7z\"\/><\/svg><\/span><\/span><\/span><\/a><\/span><\/div>\n<nav><ul class='ez-toc-list ez-toc-list-level-1 ' ><li class='ez-toc-page-1 ez-toc-heading-level-1'><a class=\"ez-toc-link ez-toc-heading-1\" href=\"https:\/\/mpvane.com\/en\/san-pham\/bo-kit-elmorietschle-1029350104\/#Bo_Thay_The_Dich_Vu_Mo_Rong_1029350104_%E2%80%93_Phu_Tung_Chinh_Hang_Cho_Bom_Chan_Khong_VCX_200_VCS_200_VCX_300_VCS_300\" >B\u1ed9 Thay Th\u1ebf D\u1ecbch V\u1ee5 M\u1edf R\u1ed9ng 1029350104 \u2013 Ph\u1ee5 T\u00f9ng Ch\u00ednh H\u00e3ng Cho B\u01a1m Ch\u00e2n Kh\u00f4ng VCX 200, VCS 200, VCX 300, VCS 300<\/a><ul class='ez-toc-list-level-2' ><li class='ez-toc-heading-level-2'><a class=\"ez-toc-link ez-toc-heading-2\" href=\"https:\/\/mpvane.com\/en\/san-pham\/bo-kit-elmorietschle-1029350104\/#Tong_quan_ve_Extended_Service_Kit_1029350104\" >T\u1ed5ng quan v\u1ec1 Extended Service Kit 1029350104<\/a><\/li><li class='ez-toc-page-1 ez-toc-heading-level-2'><a class=\"ez-toc-link ez-toc-heading-3\" href=\"https:\/\/mpvane.com\/en\/san-pham\/bo-kit-elmorietschle-1029350104\/#Ung_dung_%E2%80%93_Dong_bom_chan_khong_tuong_thich\" >\u1ee8ng d\u1ee5ng \u2013 D\u00f2ng b\u01a1m ch\u00e2n kh\u00f4ng t\u01b0\u01a1ng th\u00edch<\/a><\/li><li class='ez-toc-page-1 ez-toc-heading-level-2'><a class=\"ez-toc-link ez-toc-heading-4\" href=\"https:\/\/mpvane.com\/en\/san-pham\/bo-kit-elmorietschle-1029350104\/#Danh_sach_chi_tiet_bao_gom_trong_bo_kit\" >Danh s\u00e1ch chi ti\u1ebft bao g\u1ed3m trong b\u1ed9 kit<\/a><\/li><li class='ez-toc-page-1 ez-toc-heading-level-2'><a class=\"ez-toc-link ez-toc-heading-5\" href=\"https:\/\/mpvane.com\/en\/san-pham\/bo-kit-elmorietschle-1029350104\/#Loi_ich_khi_su_dung_bo_thay_the_chinh_hang\" >L\u1ee3i \u00edch khi s\u1eed d\u1ee5ng b\u1ed9 thay th\u1ebf ch\u00ednh h\u00e3ng<\/a><\/li><li class='ez-toc-page-1 ez-toc-heading-level-2'><a class=\"ez-toc-link ez-toc-heading-6\" href=\"https:\/\/mpvane.com\/en\/san-pham\/bo-kit-elmorietschle-1029350104\/#Thong_so_ky_thuat_noi_bat\" >Th\u00f4ng s\u1ed1 k\u1ef9 thu\u1eadt n\u1ed5i b\u1eadt<\/a><\/li><li class='ez-toc-page-1 ez-toc-heading-level-2'><a class=\"ez-toc-link ez-toc-heading-7\" href=\"https:\/\/mpvane.com\/en\/san-pham\/bo-kit-elmorietschle-1029350104\/#Huong_dan_bao_duong_va_thay_the\" >H\u01b0\u1edbng d\u1eabn b\u1ea3o d\u01b0\u1ee1ng v\u00e0 thay th\u1ebf<\/a><\/li><li class='ez-toc-page-1 ez-toc-heading-level-2'><a class=\"ez-toc-link ez-toc-heading-8\" href=\"https:\/\/mpvane.com\/en\/san-pham\/bo-kit-elmorietschle-1029350104\/#Vi_sao_nen_mua_phu_tung_bom_chan_khong_tai_Minh_Phu\" >V\u00ec sao n\u00ean mua ph\u1ee5 t\u00f9ng b\u01a1m ch\u00e2n kh\u00f4ng t\u1ea1i Minh Ph\u00fa?<\/a><\/li><li class='ez-toc-page-1 ez-toc-heading-level-2'><a class=\"ez-toc-link ez-toc-heading-9\" href=\"https:\/\/mpvane.com\/en\/san-pham\/bo-kit-elmorietschle-1029350104\/#Lien_he_ngay_de_nhan_tu_van_va_bao_gia_tot_nhat\" >Li\u00ean h\u1ec7 ngay \u0111\u1ec3 nh\u1eadn t\u01b0 v\u1ea5n v\u00e0 b\u00e1o gi\u00e1 t\u1ed1t nh\u1ea5t<\/a><\/li><li class='ez-toc-page-1 ez-toc-heading-level-2'><a class=\"ez-toc-link ez-toc-heading-10\" href=\"https:\/\/mpvane.com\/en\/san-pham\/bo-kit-elmorietschle-1029350104\/#Cau_hoi_thuong_gap_FAQ\" >C\u00e2u h\u1ecfi th\u01b0\u1eddng g\u1eb7p (FAQ)<\/a><ul class='ez-toc-list-level-3' ><li class='ez-toc-heading-level-3'><a class=\"ez-toc-link ez-toc-heading-11\" href=\"https:\/\/mpvane.com\/en\/san-pham\/bo-kit-elmorietschle-1029350104\/#1_Bo_kit_1029350104_co_bao_gom_dau_bom_chan_khong_khong\" >1. B\u1ed9 kit 1029350104 c\u00f3 bao g\u1ed3m d\u1ea7u b\u01a1m ch\u00e2n kh\u00f4ng kh\u00f4ng?<\/a><\/li><li class='ez-toc-page-1 ez-toc-heading-level-3'><a class=\"ez-toc-link ez-toc-heading-12\" href=\"https:\/\/mpvane.com\/en\/san-pham\/bo-kit-elmorietschle-1029350104\/#2_Lam_sao_biet_bom_cua_toi_can_thay_bo_kit_nay\" >2. L\u00e0m sao bi\u1ebft b\u01a1m c\u1ee7a t\u00f4i c\u1ea7n thay b\u1ed9 kit n\u00e0y?<\/a><\/li><li class='ez-toc-page-1 ez-toc-heading-level-3'><a class=\"ez-toc-link ez-toc-heading-13\" href=\"https:\/\/mpvane.com\/en\/san-pham\/bo-kit-elmorietschle-1029350104\/#3_Co_the_mua_le_tung_chi_tiet_trong_bo_kit_khong\" >3. C\u00f3 th\u1ec3 mua l\u1ebb t\u1eebng chi ti\u1ebft trong b\u1ed9 kit kh\u00f4ng?<\/a><\/li><li class='ez-toc-page-1 ez-toc-heading-level-3'><a class=\"ez-toc-link ez-toc-heading-14\" href=\"https:\/\/mpvane.com\/en\/san-pham\/bo-kit-elmorietschle-1029350104\/#4_Bo_kit_nay_co_dung_duoc_cho_bom_VCS_150_hoac_VCX_100_khong\" >4. B\u1ed9 kit n\u00e0y c\u00f3 d\u00f9ng \u0111\u01b0\u1ee3c cho b\u01a1m VCS 150 ho\u1eb7c VCX 100 kh\u00f4ng?<\/a><\/li><\/ul><\/li><\/ul><\/li><\/ul><\/nav><\/div>\n<h1><span class=\"ez-toc-section\" id=\"Bo_Thay_The_Dich_Vu_Mo_Rong_1029350104_%E2%80%93_Phu_Tung_Chinh_Hang_Cho_Bom_Chan_Khong_VCX_200_VCS_200_VCX_300_VCS_300\"><\/span>B\u1ed9 Thay Th\u1ebf D\u1ecbch V\u1ee5 M\u1edf R\u1ed9ng 1029350104 \u2013 Ph\u1ee5 T\u00f9ng Ch\u00ednh H\u00e3ng Cho B\u01a1m Ch\u00e2n Kh\u00f4ng VCX 200, VCS 200, VCX 300, VCS 300<span class=\"ez-toc-section-end\"><\/span><\/h1>\n<p class=\"ds-markdown-paragraph\"><strong>Meta Description:<\/strong>\u00a0B\u1ed9 Extended Service Kit 1029350104 (Erweiterter Wartungssatz) ch\u00ednh h\u00e3ng, thay th\u1ebf sau 6.000 gi\u1edd v\u1eadn h\u00e0nh. Bao g\u1ed3m 10 chi ti\u1ebft quan tr\u1ecdng d\u00e0nh cho b\u01a1m ch\u00e2n kh\u00f4ng VCX 200, VCS 200, VCX 300, VCS 300. Li\u00ean h\u1ec7 Minh Ph\u00fa \u0111\u1ec3 \u0111\u01b0\u1ee3c t\u01b0 v\u1ea5n v\u00e0 b\u00e1o gi\u00e1 t\u1ed1t nh\u1ea5t.<\/p>\n<hr \/>\n<h2><span class=\"ez-toc-section\" id=\"Tong_quan_ve_Extended_Service_Kit_1029350104\"><\/span>T\u1ed5ng quan v\u1ec1 Extended Service Kit 1029350104<span class=\"ez-toc-section-end\"><\/span><\/h2>\n<p class=\"ds-markdown-paragraph\"><strong>Extended service kit 1029350104<\/strong>\u00a0(c\u00f2n g\u1ecdi l\u00e0\u00a0<strong>Erweiterter Wartungssatz 1029350104<\/strong>\u00a0\u2013 b\u1ed9 b\u1ea3o d\u01b0\u1ee1ng m\u1edf r\u1ed9ng) l\u00e0 b\u1ed9 ph\u1ee5 t\u00f9ng thay th\u1ebf chuy\u00ean d\u1ee5ng, \u0111\u01b0\u1ee3c thi\u1ebft k\u1ebf \u0111\u1ec3 b\u1ea3o d\u01b0\u1ee1ng \u0111\u1ecbnh k\u1ef3 cho c\u00e1c d\u00f2ng b\u01a1m ch\u00e2n kh\u00f4ng c\u00f4ng nghi\u1ec7p. B\u1ed9 s\u1ea3n ph\u1ea9m n\u00e0y c\u00f3 chu k\u1ef3 thay th\u1ebf sau\u00a0<strong>6.000 gi\u1edd v\u1eadn h\u00e0ng<\/strong>\u00a0(ho\u1eb7c theo khuy\u1ebfn c\u00e1o c\u1ee7a nh\u00e0 s\u1ea3n xu\u1ea5t), gi\u00fap duy tr\u00ec hi\u1ec7u su\u1ea5t b\u01a1m \u1ed5n \u0111\u1ecbnh, k\u00e9o d\u00e0i tu\u1ed5i th\u1ecd thi\u1ebft b\u1ecb v\u00e0 h\u1ea1n ch\u1ebf t\u1ed1i \u0111a th\u1eddi gian d\u1eebng m\u00e1y ngo\u00e0i k\u1ebf ho\u1ea1ch.<\/p>\n<p class=\"ds-markdown-paragraph\">B\u1ed9 kit bao g\u1ed3m \u0111\u1ea7y \u0111\u1ee7 c\u00e1c v\u1ecb tr\u00ed linh ki\u1ec7n quan tr\u1ecdng nh\u01b0:\u00a0<strong>5, 24, 41, 42, 49, 50, 51, 52, 53, 68.1<\/strong>\u00a0\u2013 \u0111\u00e2y l\u00e0 nh\u1eefng chi ti\u1ebft d\u1ec5 m\u00e0i m\u00f2n, c\u1ea7n thay th\u1ebf \u0111\u1ecbnh k\u1ef3 \u0111\u1ec3 \u0111\u1ea3m b\u1ea3o \u0111\u1ed9 k\u00edn kh\u00edt v\u00e0 hi\u1ec7u su\u1ea5t h\u00fat ch\u00e2n kh\u00f4ng t\u1ed1i \u01b0u.<\/p>\n<hr \/>\n<h2><span class=\"ez-toc-section\" id=\"Ung_dung_%E2%80%93_Dong_bom_chan_khong_tuong_thich\"><\/span>\u1ee8ng d\u1ee5ng \u2013 D\u00f2ng b\u01a1m ch\u00e2n kh\u00f4ng t\u01b0\u01a1ng th\u00edch<span class=\"ez-toc-section-end\"><\/span><\/h2>\n<p class=\"ds-markdown-paragraph\">B\u1ed9 thay th\u1ebf\u00a0<strong>1029350104<\/strong>\u00a0\u0111\u01b0\u1ee3c s\u1ea3n xu\u1ea5t ph\u00f9 h\u1ee3p v\u1edbi c\u00e1c model b\u01a1m ch\u00e2n kh\u00f4ng ph\u1ed5 bi\u1ebfn sau:<\/p>\n<ul>\n<li>\n<p class=\"ds-markdown-paragraph\"><strong>VCX 200<\/strong><\/p>\n<\/li>\n<li>\n<p class=\"ds-markdown-paragraph\"><strong>VCS 200<\/strong><\/p>\n<\/li>\n<li>\n<p class=\"ds-markdown-paragraph\"><strong>VCX 300<\/strong><\/p>\n<\/li>\n<li>\n<p class=\"ds-markdown-paragraph\"><strong>VCS 300<\/strong><\/p>\n<\/li>\n<\/ul>\n<p class=\"ds-markdown-paragraph\">\u0110\u00e2y l\u00e0 c\u00e1c d\u00f2ng b\u01a1m ch\u00e2n kh\u00f4ng c\u00e1nh tr\u01b0\u1ee3t (vane pump) th\u01b0\u1eddng d\u00f9ng trong c\u00e1c h\u1ec7 th\u1ed1ng c\u00f4ng nghi\u1ec7p, m\u00e1y m\u00f3c bao b\u00ec, \u0111\u00f3ng g\u00f3i, CNC, y t\u1ebf, x\u1eed l\u00fd ch\u00e2n kh\u00f4ng ho\u1eb7c c\u00e1c h\u1ec7 th\u1ed1ng h\u00fat b\u1ee5i c\u00f4ng su\u1ea5t l\u1edbn.<\/p>\n<blockquote>\n<p class=\"ds-markdown-paragraph\">\u2705\u00a0<strong>L\u01b0u \u00fd:<\/strong>\u00a0H\u00e3y ki\u1ec3m tra m\u00e3 s\u1ed1 s\u1ea3n ph\u1ea9m v\u00e0 model b\u01a1m th\u1ef1c t\u1ebf tr\u01b0\u1edbc khi \u0111\u1eb7t h\u00e0ng. N\u1ebfu b\u1ea1n c\u1ea7n h\u1ed7 tr\u1ee3 x\u00e1c \u0111\u1ecbnh ch\u00ednh x\u00e1c b\u1ed9 kit ph\u00f9 h\u1ee3p, \u0111\u1ed9i ng\u0169 k\u1ef9 thu\u1eadt c\u1ee7a Minh Ph\u00fa s\u1eb5n s\u00e0ng t\u01b0 v\u1ea5n.<\/p>\n<\/blockquote>\n<hr \/>\n<h2><span class=\"ez-toc-section\" id=\"Danh_sach_chi_tiet_bao_gom_trong_bo_kit\"><\/span>Danh s\u00e1ch chi ti\u1ebft bao g\u1ed3m trong b\u1ed9 kit<span class=\"ez-toc-section-end\"><\/span><\/h2>\n<p class=\"ds-markdown-paragraph\">B\u1ed9 Extended service kit 1029350104 cung c\u1ea5p \u0111\u1ea7y \u0111\u1ee7 c\u00e1c linh ki\u1ec7n theo c\u00e1c\u00a0<strong>v\u1ecb tr\u00ed (item)<\/strong>\u00a0trong s\u01a1 \u0111\u1ed3 c\u1ea5u t\u1ea1o b\u01a1m ch\u00e2n kh\u00f4ng. C\u1ee5 th\u1ec3:<\/p>\n<div class=\"ds-scroll-area ds-scroll-area--show-on-focus-within _1210dd7 c03cafe9\">\n<div class=\"ds-scroll-area__gutters\">\n<div class=\"ds-scroll-area__horizontal-gutter\"><\/div>\n<div class=\"ds-scroll-area__vertical-gutter\"><\/div>\n<\/div>\n<table>\n<thead>\n<tr>\n<th>V\u1ecb tr\u00ed (Item No.)<\/th>\n<th>M\u00f4 t\u1ea3 chi ti\u1ebft (tham kh\u1ea3o)<\/th>\n<\/tr>\n<\/thead>\n<tbody>\n<tr>\n<td>5<\/td>\n<td>V\u00f2ng \u0111\u1ec7m \/ gio\u0103ng ph\u1edbt<\/td>\n<\/tr>\n<tr>\n<td>24<\/td>\n<td>L\u1ecdc d\u1ea7u \/ l\u1ecdc h\u00fat<\/td>\n<\/tr>\n<tr>\n<td>41<\/td>\n<td>Van m\u1ed9t chi\u1ec1u<\/td>\n<\/tr>\n<tr>\n<td>42<\/td>\n<td>M\u00e0ng l\u1ecdc \/ phin l\u1ecdc tinh<\/td>\n<\/tr>\n<tr>\n<td>49<\/td>\n<td>C\u00e1nh tr\u01b0\u1ee3t (vane)<\/td>\n<\/tr>\n<tr>\n<td>50<\/td>\n<td>V\u00f2ng bi \/ b\u1ea1c \u0111\u1ea1n<\/td>\n<\/tr>\n<tr>\n<td>51<\/td>\n<td>Ph\u1edbt tr\u1ee5c (shaft seal)<\/td>\n<\/tr>\n<tr>\n<td>52<\/td>\n<td>V\u00f2ng ch\u1eef O (O-ring)<\/td>\n<\/tr>\n<tr>\n<td>53<\/td>\n<td>V\u00f2ng \u0111\u1ec7m cao su<\/td>\n<\/tr>\n<tr>\n<td>68.1<\/td>\n<td>B\u1ed9 ph\u1eadn l\u1ecdc \/ gio\u0103ng \u0111\u1ea7u n\u1ed1i<\/td>\n<\/tr>\n<\/tbody>\n<\/table>\n<\/div>\n<p class=\"ds-markdown-paragraph\"><em>(L\u01b0u \u00fd: T\u00ean chi ti\u1ebft c\u1ee5 th\u1ec3 c\u00f3 th\u1ec3 thay \u0111\u1ed5i theo nh\u00e0 s\u1ea3n xu\u1ea5t. Vui l\u00f2ng li\u00ean h\u1ec7 \u0111\u1ec3 nh\u1eadn b\u1ea3ng k\u00ea ch\u00ednh x\u00e1c nh\u1ea5t.)<\/em><\/p>\n<p class=\"ds-markdown-paragraph\">B\u1ed9 kit gi\u00fap kh\u00e1ch h\u00e0ng ti\u1ebft ki\u1ec7m th\u1eddi gian t\u00ecm ki\u1ebfm t\u1eebng linh ki\u1ec7n ri\u00eang l\u1ebb, \u0111\u1ea3m b\u1ea3o t\u1ea5t c\u1ea3 \u0111\u1ec1u \u0111\u1ed3ng b\u1ed9 v\u00e0 \u0111\u1ea1t ti\u00eau chu\u1ea9n k\u1ef9 thu\u1eadt.<\/p>\n<hr \/>\n<h2><span class=\"ez-toc-section\" id=\"Loi_ich_khi_su_dung_bo_thay_the_chinh_hang\"><\/span>L\u1ee3i \u00edch khi s\u1eed d\u1ee5ng b\u1ed9 thay th\u1ebf ch\u00ednh h\u00e3ng<span class=\"ez-toc-section-end\"><\/span><\/h2>\n<ul>\n<li>\n<p class=\"ds-markdown-paragraph\">\u2714\ufe0f\u00a0<strong>\u0110\u1ea3m b\u1ea3o \u0111\u1ed9 t\u01b0\u01a1ng th\u00edch 100%<\/strong>\u00a0v\u1edbi b\u01a1m ch\u00e2n kh\u00f4ng VCX\/VCS 200 &amp; 300.<\/p>\n<\/li>\n<li>\n<p class=\"ds-markdown-paragraph\">\u2714\ufe0f\u00a0<strong>K\u00e9o d\u00e0i tu\u1ed5i th\u1ecd b\u01a1m<\/strong>\u00a0nh\u1edd thay th\u1ebf \u0111\u00fang h\u1ea1n c\u00e1c chi ti\u1ebft m\u00e0i m\u00f2n.<\/p>\n<\/li>\n<li>\n<p class=\"ds-markdown-paragraph\">\u2714\ufe0f\u00a0<strong>Duy tr\u00ec hi\u1ec7u su\u1ea5t ch\u00e2n kh\u00f4ng \u1ed5n \u0111\u1ecbnh<\/strong>\u00a0\u2013 gi\u1ea3m r\u00f2 r\u1ec9, t\u0103ng l\u01b0u l\u01b0\u1ee3ng h\u00fat.<\/p>\n<\/li>\n<li>\n<p class=\"ds-markdown-paragraph\">\u2714\ufe0f\u00a0<strong>Ti\u1ebft ki\u1ec7m chi ph\u00ed b\u1ea3o tr\u00ec<\/strong>\u00a0so v\u1edbi mua l\u1ebb t\u1eebng ph\u1ee5 t\u00f9ng.<\/p>\n<\/li>\n<li>\n<p class=\"ds-markdown-paragraph\">\u2714\ufe0f\u00a0<strong>Gi\u1ea3m th\u1eddi gian d\u1eebng m\u00e1y<\/strong>\u00a0\u2013 chu k\u1ef3 6.000 gi\u1edd gi\u00fap l\u1eadp k\u1ebf ho\u1ea1ch b\u1ea3o d\u01b0\u1ee1ng ch\u1ee7 \u0111\u1ed9ng.<\/p>\n<\/li>\n<li>\n<p class=\"ds-markdown-paragraph\">\u2714\ufe0f\u00a0<strong>Ph\u00f9 h\u1ee3p cho nh\u00e0 m\u00e1y s\u1ea3n xu\u1ea5t li\u00ean t\u1ee5c<\/strong>\u00a0\u2013 n\u00e2ng cao \u0111\u1ed9 tin c\u1eady c\u1ee7a h\u1ec7 th\u1ed1ng.<\/p>\n<\/li>\n<\/ul>\n<hr \/>\n<h2><span class=\"ez-toc-section\" id=\"Thong_so_ky_thuat_noi_bat\"><\/span>Th\u00f4ng s\u1ed1 k\u1ef9 thu\u1eadt n\u1ed5i b\u1eadt<span class=\"ez-toc-section-end\"><\/span><\/h2>\n<div class=\"ds-scroll-area ds-scroll-area--show-on-focus-within _1210dd7 c03cafe9\">\n<div class=\"ds-scroll-area__gutters\">\n<div class=\"ds-scroll-area__horizontal-gutter\"><\/div>\n<div class=\"ds-scroll-area__vertical-gutter\"><\/div>\n<\/div>\n<table>\n<thead>\n<tr>\n<th>Th\u00f4ng s\u1ed1<\/th>\n<th>Chi ti\u1ebft<\/th>\n<\/tr>\n<\/thead>\n<tbody>\n<tr>\n<td>M\u00e3 s\u1ea3n ph\u1ea9m<\/td>\n<td>1029350104<\/td>\n<\/tr>\n<tr>\n<td>T\u00ean g\u1ecdi kh\u00e1c<\/td>\n<td>Erweiterter Wartungssatz, Extended service kit<\/td>\n<\/tr>\n<tr>\n<td>Chu k\u1ef3 thay th\u1ebf<\/td>\n<td>6.000 gi\u1edd v\u1eadn h\u00e0nh<\/td>\n<\/tr>\n<tr>\n<td>\u1ee8ng d\u1ee5ng<\/td>\n<td>B\u1ea3o d\u01b0\u1ee1ng \u0111\u1ecbnh k\u1ef3 b\u01a1m ch\u00e2n kh\u00f4ng<\/td>\n<\/tr>\n<tr>\n<td>Model ph\u00f9 h\u1ee3p<\/td>\n<td>VCX 200, VCS 200, VCX 300, VCS 300<\/td>\n<\/tr>\n<tr>\n<td>S\u1ed1 l\u01b0\u1ee3ng chi ti\u1ebft<\/td>\n<td>10 v\u1ecb tr\u00ed (5,24,41,42,49,50,51,52,53,68.1)<\/td>\n<\/tr>\n<tr>\n<td>Xu\u1ea5t x\u1ee9<\/td>\n<td>Ch\u00ednh h\u00e3ng \/ Ch\u1ea5t l\u01b0\u1ee3ng cao c\u1ea5p<\/td>\n<\/tr>\n<\/tbody>\n<\/table>\n<\/div>\n<hr \/>\n<h2><span class=\"ez-toc-section\" id=\"Huong_dan_bao_duong_va_thay_the\"><\/span>H\u01b0\u1edbng d\u1eabn b\u1ea3o d\u01b0\u1ee1ng v\u00e0 thay th\u1ebf<span class=\"ez-toc-section-end\"><\/span><\/h2>\n<p class=\"ds-markdown-paragraph\">\u0110\u1ec3 \u0111\u1ea1t hi\u1ec7u qu\u1ea3 cao nh\u1ea5t khi s\u1eed d\u1ee5ng b\u1ed9 kit 1029350104:<\/p>\n<ol start=\"1\">\n<li>\n<p class=\"ds-markdown-paragraph\"><strong>Ng\u1eebng b\u01a1m v\u00e0 c\u00e1ch ly ngu\u1ed3n \u0111i\u1ec7n<\/strong>, x\u1ea3 \u00e1p ho\u00e0n to\u00e0n.<\/p>\n<\/li>\n<li>\n<p class=\"ds-markdown-paragraph\">Th\u00e1o d\u1ee1 b\u01a1m theo h\u01b0\u1edbng d\u1eabn c\u1ee7a nh\u00e0 s\u1ea3n xu\u1ea5t.<\/p>\n<\/li>\n<li>\n<p class=\"ds-markdown-paragraph\">Thay th\u1ebf \u0111\u1ed3ng lo\u1ea1t c\u00e1c chi ti\u1ebft trong b\u1ed9 kit (kh\u00f4ng n\u00ean thay l\u1ebb \u0111\u1ec3 tr\u00e1nh m\u1ea5t c\u00e2n b\u1eb1ng h\u1ec7 th\u1ed1ng).<\/p>\n<\/li>\n<li>\n<p class=\"ds-markdown-paragraph\">V\u1ec7 sinh bu\u1ed3ng b\u01a1m, \u0111\u01b0\u1eddng \u1ed1ng v\u00e0 d\u1ea7u c\u0169 (n\u1ebfu c\u00f3) tr\u01b0\u1edbc khi l\u1eafp linh ki\u1ec7n m\u1edbi.<\/p>\n<\/li>\n<li>\n<p class=\"ds-markdown-paragraph\">L\u1eafp \u0111\u1eb7t theo \u0111\u00fang th\u1ee9 t\u1ef1, l\u1ef1c si\u1ebft ti\u00eau chu\u1ea9n.<\/p>\n<\/li>\n<li>\n<p class=\"ds-markdown-paragraph\">Ch\u1ea1y th\u1eed kh\u00f4ng t\u1ea3i tr\u01b0\u1edbc khi \u0111\u01b0a v\u00e0o v\u1eadn h\u00e0nh ch\u00ednh th\u1ee9c.<\/p>\n<\/li>\n<\/ol>\n<blockquote>\n<p class=\"ds-markdown-paragraph\">\u26a0\ufe0f\u00a0<strong>Khuy\u1ebfn c\u00e1o:<\/strong>\u00a0Vi\u1ec7c thay th\u1ebf b\u1ed9 kit n\u00ean \u0111\u01b0\u1ee3c th\u1ef1c hi\u1ec7n b\u1edfi k\u1ef9 thu\u1eadt vi\u00ean c\u00f3 kinh nghi\u1ec7m ho\u1eb7c \u0111\u1ed9i ng\u0169 d\u1ecbch v\u1ee5 chuy\u00ean nghi\u1ec7p \u0111\u1ec3 tr\u00e1nh sai s\u00f3t g\u00e2y h\u01b0 h\u1ecfng b\u01a1m.<\/p>\n<\/blockquote>\n<hr \/>\n<h2><span class=\"ez-toc-section\" id=\"Vi_sao_nen_mua_phu_tung_bom_chan_khong_tai_Minh_Phu\"><\/span>V\u00ec sao n\u00ean mua ph\u1ee5 t\u00f9ng b\u01a1m ch\u00e2n kh\u00f4ng t\u1ea1i Minh Ph\u00fa?<span class=\"ez-toc-section-end\"><\/span><\/h2>\n<p class=\"ds-markdown-paragraph\"><strong>C\u00f4ng ty TNHH K\u1ef9 Thu\u1eadt v\u00e0 D\u1ecbch V\u1ee5 Minh Ph\u00fa<\/strong>\u00a0t\u1ef1 h\u00e0o l\u00e0 \u0111\u01a1n v\u1ecb cung c\u1ea5p ph\u1ee5 t\u00f9ng b\u01a1m ch\u00e2n kh\u00f4ng ch\u00ednh h\u00e3ng, d\u1ecbch v\u1ee5 b\u1ea3o tr\u00ec chuy\u00ean nghi\u1ec7p t\u1ea1i Vi\u1ec7t Nam.<\/p>\n<ul>\n<li>\n<p class=\"ds-markdown-paragraph\">\ud83d\udd27\u00a0<strong>S\u1ea3n ph\u1ea9m ch\u00ednh h\u00e3ng<\/strong>\u00a0\u2013 cam k\u1ebft ch\u1ea5t l\u01b0\u1ee3ng, \u0111\u00fang m\u00e3 s\u1ed1, \u0111\u00fang th\u00f4ng s\u1ed1 k\u1ef9 thu\u1eadt.<\/p>\n<\/li>\n<li>\n<p class=\"ds-markdown-paragraph\">\ud83d\udcb0\u00a0<strong>Gi\u00e1 c\u1ea1nh tranh<\/strong>\u00a0\u2013 b\u00e1o gi\u00e1 t\u1ed1t nh\u1ea5t th\u1ecb tr\u01b0\u1eddng cho b\u1ed9 kit 1029350104.<\/p>\n<\/li>\n<li>\n<p class=\"ds-markdown-paragraph\">\ud83d\ude9a\u00a0<strong>Giao h\u00e0ng nhanh<\/strong>\u00a0\u2013 h\u1ed7 tr\u1ee3 v\u1eadn chuy\u1ec3n to\u00e0n qu\u1ed1c.<\/p>\n<\/li>\n<li>\n<p class=\"ds-markdown-paragraph\">\ud83d\udc68\u200d\ud83d\udd27\u00a0<strong>T\u01b0 v\u1ea5n k\u1ef9 thu\u1eadt mi\u1ec5n ph\u00ed<\/strong>\u00a0\u2013 h\u1ed7 tr\u1ee3 ki\u1ec3m tra model, h\u01b0\u1edbng d\u1eabn l\u1eafp \u0111\u1eb7t.<\/p>\n<\/li>\n<li>\n<p class=\"ds-markdown-paragraph\">\ud83d\udce6\u00a0<strong>\u0110\u1ee7 s\u1ed1 l\u01b0\u1ee3ng, \u0111\u1ee7 ch\u1ee7ng lo\u1ea1i<\/strong>\u00a0\u2013 ph\u1ee5c v\u1ee5 c\u1ea3 nhu c\u1ea7u b\u1ea3o tr\u00ec 1 b\u01a1m ho\u1eb7c nhi\u1ec1u m\u00e1y.<\/p>\n<\/li>\n<\/ul>\n<hr \/>\n<h2><span class=\"ez-toc-section\" id=\"Lien_he_ngay_de_nhan_tu_van_va_bao_gia_tot_nhat\"><\/span>Li\u00ean h\u1ec7 ngay \u0111\u1ec3 nh\u1eadn t\u01b0 v\u1ea5n v\u00e0 b\u00e1o gi\u00e1 t\u1ed1t nh\u1ea5t<span class=\"ez-toc-section-end\"><\/span><\/h2>\n<p class=\"ds-markdown-paragraph\">\u0110\u1eebng \u0111\u1ec3 b\u01a1m ch\u00e2n kh\u00f4ng c\u1ee7a b\u1ea1n ho\u1ea1t \u0111\u1ed9ng qu\u00e1 chu k\u1ef3 b\u1ea3o d\u01b0\u1ee1ng. H\u00e3y li\u00ean h\u1ec7 ngay v\u1edbi\u00a0<a href=\"https:\/\/mpvane.com\/product-category\/bo-gasket\/elemo-rietschle-gasket\/\"><strong>Minh Ph\u00fa<\/strong>\u00a0<\/a>\u0111\u1ec3 \u0111\u01b0\u1ee3c h\u1ed7 tr\u1ee3 nhanh ch\u00f3ng:<\/p>\n<ul>\n<li>\n<p class=\"ds-markdown-paragraph\"><strong>Hotline \/ Zalo:<\/strong><br \/>\n\ud83d\udcde 0985 490 343<br \/>\n\ud83d\udcde 0985 843 778<\/p>\n<\/li>\n<li>\n<p class=\"ds-markdown-paragraph\"><strong>Email:<\/strong><br \/>\n\ud83d\udce7\u00a0Sales@minhphuco.vn<\/p>\n<\/li>\n<li>\n<p class=\"ds-markdown-paragraph\"><strong>Website:<\/strong><br \/>\n\ud83c\udf10\u00a0<a href=\"https:\/\/www.minhphuco.com\/\" target=\"_blank\" rel=\"noopener noreferrer\">www.minhphuco.com<\/a><\/p>\n<\/li>\n<\/ul>\n<p class=\"ds-markdown-paragraph\"><strong>C\u00f4ng ty TNHH K\u1ef9 Thu\u1eadt v\u00e0 D\u1ecbch V\u1ee5 Minh Ph\u00fa<\/strong><br \/>\n<em>\u0110\u1ecba ch\u1ec9: Li\u00ean h\u1ec7 qua hotline \u0111\u1ec3 bi\u1ebft chi ti\u1ebft<\/em><\/p>\n<hr \/>\n<h2><span class=\"ez-toc-section\" id=\"Cau_hoi_thuong_gap_FAQ\"><\/span>C\u00e2u h\u1ecfi th\u01b0\u1eddng g\u1eb7p (FAQ)<span class=\"ez-toc-section-end\"><\/span><\/h2>\n<h3><span class=\"ez-toc-section\" id=\"1_Bo_kit_1029350104_co_bao_gom_dau_bom_chan_khong_khong\"><\/span>1. B\u1ed9 kit 1029350104 c\u00f3 bao g\u1ed3m d\u1ea7u b\u01a1m ch\u00e2n kh\u00f4ng kh\u00f4ng?<span class=\"ez-toc-section-end\"><\/span><\/h3>\n<p class=\"ds-markdown-paragraph\">Kh\u00f4ng. B\u1ed9 kit ch\u1ec9 bao g\u1ed3m c\u00e1c chi ti\u1ebft thay th\u1ebf c\u01a1 kh\u00ed, ph\u1edbt, gio\u0103ng, c\u00e1nh tr\u01b0\u1ee3t v\u00e0 v\u00f2ng bi. D\u1ea7u b\u01a1m c\u1ea7n mua ri\u00eang theo khuy\u1ebfn ngh\u1ecb c\u1ee7a nh\u00e0 s\u1ea3n xu\u1ea5t.<\/p>\n<h3><span class=\"ez-toc-section\" id=\"2_Lam_sao_biet_bom_cua_toi_can_thay_bo_kit_nay\"><\/span>2. L\u00e0m sao bi\u1ebft b\u01a1m c\u1ee7a t\u00f4i c\u1ea7n thay b\u1ed9 kit n\u00e0y?<span class=\"ez-toc-section-end\"><\/span><\/h3>\n<p class=\"ds-markdown-paragraph\">B\u1ea1n c\u00f3 th\u1ec3 ki\u1ec3m tra s\u1ed1 gi\u1edd v\u1eadn h\u00e0nh (t\u00edch l\u0169y). Th\u00f4ng th\u01b0\u1eddng sau 6.000 gi\u1edd ho\u1eb7c khi b\u01a1m c\u00f3 d\u1ea5u hi\u1ec7u: gi\u1ea3m l\u01b0u l\u01b0\u1ee3ng h\u00fat, t\u0103ng nhi\u1ec7t \u0111\u1ed9, \u1ed3n b\u1ea5t th\u01b0\u1eddng ho\u1eb7c ch\u00e2n kh\u00f4ng kh\u00f4ng \u0111\u1ea1t.<\/p>\n<h3><span class=\"ez-toc-section\" id=\"3_Co_the_mua_le_tung_chi_tiet_trong_bo_kit_khong\"><\/span>3. C\u00f3 th\u1ec3 mua l\u1ebb t\u1eebng chi ti\u1ebft trong b\u1ed9 kit kh\u00f4ng?<span class=\"ez-toc-section-end\"><\/span><\/h3>\n<p class=\"ds-markdown-paragraph\">C\u00f3, nh\u01b0ng ch\u00fang t\u00f4i khuy\u1ebfn ngh\u1ecb mua tr\u1ecdn b\u1ed9 \u0111\u1ec3 \u0111\u1ea3m b\u1ea3o \u0111\u1ed3ng b\u1ed9 v\u00e0 hi\u1ec7u qu\u1ea3 b\u1ea3o d\u01b0\u1ee1ng. N\u1ebfu c\u1ea7n l\u1ebb, vui l\u00f2ng li\u00ean h\u1ec7 \u0111\u1ec3 \u0111\u01b0\u1ee3c t\u01b0 v\u1ea5n m\u00e3 s\u1ed1 t\u01b0\u01a1ng \u1ee9ng.<\/p>\n<h3><span class=\"ez-toc-section\" id=\"4_Bo_kit_nay_co_dung_duoc_cho_bom_VCS_150_hoac_VCX_100_khong\"><\/span>4. B\u1ed9 kit n\u00e0y c\u00f3 d\u00f9ng \u0111\u01b0\u1ee3c cho b\u01a1m VCS 150 ho\u1eb7c VCX 100 kh\u00f4ng?<span class=\"ez-toc-section-end\"><\/span><\/h3>\n<p class=\"ds-markdown-paragraph\">Kh\u00f4ng. B\u1ed9 kit 1029350104 ch\u1ec9 d\u00e0nh ri\u00eang cho c\u00e1c model VCX 200, VCS 200, VCX 300, VCS 300. M\u1ed7i d\u00f2ng b\u01a1m c\u00f3 k\u00edch th\u01b0\u1edbc v\u00e0 th\u00f4ng s\u1ed1 kh\u00e1c nhau.<\/p>\n<hr \/>\n<p class=\"ds-markdown-paragraph\"><strong>\u00a9 2025 \u2013 C\u00f4ng ty TNHH K\u1ef9 Thu\u1eadt v\u00e0 D\u1ecbch V\u1ee5 Minh Ph\u00fa. To\u00e0n quy\u1ec1n sao ch\u00e9p n\u1ed9i dung khi c\u00f3 tr\u00edch d\u1eabn ngu\u1ed3n.<\/strong><\/p>\n","protected":false},"excerpt":{"rendered":"<p><strong>Extended service kit 1029350104<br \/>\n<\/strong><\/p>\n<h3 class=\"text Text_text--default__D_PyG bold heading-6\">Extended service kit includes:<\/h3>\n<div id=\"react-aria2506040755-_r_aa_\" class=\"DisclosureGroup_panel__x0CB9\" role=\"group\" data-at=\"disclosure-panel-content-standard-service-kit\" aria-labelledby=\"react-aria2506040755-_r_a9_\" aria-hidden=\"false\" data-rac=\"\">\n<div class=\"DisclosureGroup_panel-contents__0DFDo\">\n<div class=\"section-content-block auto feature-wrapper FeatureWrapper_feature-wrapper__j5H1_ FeatureWrapper_feature-wrapper-variant-transparent__cxaMw\" data-testid=\"section-content-block\" data-voice-body=\"\">\n<div class=\"ContentContainer_content-container-wrapper__GYSqZ ContentContainer_content-container-wrapper-lg__inURV\">\n<div class=\"content-container ContentContainer_content-container-lg__qs_IA\">\n<div class=\"Section_sectionContainer__83S_U\">\n<div class=\"Section_imageAndContentContainer__mQ3G0\">\n<div class=\"Section_contentContainer__uY7JI\">\n<div class=\"Section_richTextContainer__AmVn4\">\n<div class=\"RichText_richText__ENgBh\" data-at=\"section-description-\">\n<p>Bowex 48 M-Sleeve CF Coupling x 1<br \/>\nO-ring, (105.00 x 3.00mm) x 1<br \/>\nMesh Disc, Inlet, VC 202\/303 x 1<br \/>\nRetaining Ring, 70 x 2.50mm x 1<br \/>\nNon-Return Valve, Complete x 1<br \/>\nOil Separator Cartridge 60m\u00b3\/h \u00d880&#215;152 G2 3\/4 x 4<br \/>\nGasket Sealing Ring, 1&#8243; (33 x 40.0 x 2.0 mm) x 1<br \/>\nFilter x 1<br \/>\nOil Sight Glass, 1&#8243; x 1<br \/>\nMetal Float, Complete VC 50-303 x 1<\/p>\n<\/div>\n<\/div>\n<\/div>\n<\/div>\n<\/div>\n<\/div>\n<\/div>\n<\/div>\n<\/div>\n<\/div>\n<p>&nbsp;<\/p>\n","protected":false},"featured_media":9080,"comment_status":"open","ping_status":"closed","template":"","meta":{"_acf_changed":false},"product_brand":[],"product_cat":[699,715],"product_tag":[2896],"class_list":{"0":"post-9076","1":"product","2":"type-product","3":"status-publish","4":"has-post-thumbnail","6":"product_cat-bo-gasket","7":"product_cat-elemo-rietschle-gasket","8":"product_tag-2896","10":"first","11":"instock","12":"shipping-taxable","13":"product-type-simple"},"acf":[],"_links":{"self":[{"href":"https:\/\/mpvane.com\/en\/wp-json\/wp\/v2\/product\/9076","targetHints":{"allow":["GET"]}}],"collection":[{"href":"https:\/\/mpvane.com\/en\/wp-json\/wp\/v2\/product"}],"about":[{"href":"https:\/\/mpvane.com\/en\/wp-json\/wp\/v2\/types\/product"}],"replies":[{"embeddable":true,"href":"https:\/\/mpvane.com\/en\/wp-json\/wp\/v2\/comments?post=9076"}],"version-history":[{"count":1,"href":"https:\/\/mpvane.com\/en\/wp-json\/wp\/v2\/product\/9076\/revisions"}],"predecessor-version":[{"id":9079,"href":"https:\/\/mpvane.com\/en\/wp-json\/wp\/v2\/product\/9076\/revisions\/9079"}],"wp:featuredmedia":[{"embeddable":true,"href":"https:\/\/mpvane.com\/en\/wp-json\/wp\/v2\/media\/9080"}],"wp:attachment":[{"href":"https:\/\/mpvane.com\/en\/wp-json\/wp\/v2\/media?parent=9076"}],"wp:term":[{"taxonomy":"product_brand","embeddable":true,"href":"https:\/\/mpvane.com\/en\/wp-json\/wp\/v2\/product_brand?post=9076"},{"taxonomy":"product_cat","embeddable":true,"href":"https:\/\/mpvane.com\/en\/wp-json\/wp\/v2\/product_cat?post=9076"},{"taxonomy":"product_tag","embeddable":true,"href":"https:\/\/mpvane.com\/en\/wp-json\/wp\/v2\/product_tag?post=9076"}],"curies":[{"name":"wp","href":"https:\/\/api.w.org\/{rel}","templated":true}]}}