{"id":9070,"date":"2026-04-23T10:54:45","date_gmt":"2026-04-23T03:54:45","guid":{"rendered":"https:\/\/mpvane.com\/?post_type=product&#038;p=9070"},"modified":"2026-04-23T11:58:45","modified_gmt":"2026-04-23T04:58:45","slug":"bo-kit-elmorietschle-1029350102","status":"publish","type":"product","link":"https:\/\/mpvane.com\/en\/san-pham\/bo-kit-elmorietschle-1029350102\/","title":{"rendered":"B\u1ed9 k\u00edt elmorietschle 1029350102"},"content":{"rendered":"<div id=\"ez-toc-container\" class=\"ez-toc-v2_0_75 counter-hierarchy ez-toc-counter ez-toc-grey ez-toc-container-direction\">\n<div class=\"ez-toc-title-container\">\n<p class=\"ez-toc-title\" style=\"cursor:inherit\">Table of Contents<\/p>\n<span class=\"ez-toc-title-toggle\"><a href=\"#\" class=\"ez-toc-pull-right ez-toc-btn ez-toc-btn-xs ez-toc-btn-default ez-toc-toggle\" aria-label=\"Toggle Table of Content\"><span class=\"ez-toc-js-icon-con\"><span class=\"\"><span class=\"eztoc-hide\" style=\"display:none;\">Toggle<\/span><span class=\"ez-toc-icon-toggle-span\"><svg style=\"fill: #999;color:#999\" xmlns=\"http:\/\/www.w3.org\/2000\/svg\" class=\"list-377408\" width=\"20px\" height=\"20px\" viewBox=\"0 0 24 24\" fill=\"none\"><path d=\"M6 6H4v2h2V6zm14 0H8v2h12V6zM4 11h2v2H4v-2zm16 0H8v2h12v-2zM4 16h2v2H4v-2zm16 0H8v2h12v-2z\" fill=\"currentColor\"><\/path><\/svg><svg style=\"fill: #999;color:#999\" class=\"arrow-unsorted-368013\" xmlns=\"http:\/\/www.w3.org\/2000\/svg\" width=\"10px\" height=\"10px\" viewBox=\"0 0 24 24\" version=\"1.2\" baseProfile=\"tiny\"><path d=\"M18.2 9.3l-6.2-6.3-6.2 6.3c-.2.2-.3.4-.3.7s.1.5.3.7c.2.2.4.3.7.3h11c.3 0 .5-.1.7-.3.2-.2.3-.5.3-.7s-.1-.5-.3-.7zM5.8 14.7l6.2 6.3 6.2-6.3c.2-.2.3-.5.3-.7s-.1-.5-.3-.7c-.2-.2-.4-.3-.7-.3h-11c-.3 0-.5.1-.7.3-.2.2-.3.5-.3.7s.1.5.3.7z\"\/><\/svg><\/span><\/span><\/span><\/a><\/span><\/div>\n<nav><ul class='ez-toc-list ez-toc-list-level-1 ' ><li class='ez-toc-page-1 ez-toc-heading-level-1'><a class=\"ez-toc-link ez-toc-heading-1\" href=\"https:\/\/mpvane.com\/en\/san-pham\/bo-kit-elmorietschle-1029350102\/#Bo_Service_Kit_1029350102_%E2%80%93_Standard_Wartungssatz_Cho_Bom_Chan_Khong_VCX_200_VCS_200_VCX_300_VCS_300\" >B\u1ed9 Service Kit 1029350102 &#8211; Standard Wartungssatz Cho B\u01a1m Ch\u00e2n Kh\u00f4ng VCX 200, VCS 200, VCX 300, VCS 300<\/a><ul class='ez-toc-list-level-2' ><li class='ez-toc-heading-level-2'><a class=\"ez-toc-link ez-toc-heading-2\" href=\"https:\/\/mpvane.com\/en\/san-pham\/bo-kit-elmorietschle-1029350102\/#Gioi_Thieu_Ve_Standard_Service_Kit_1029350102\" >Gi\u1edbi Thi\u1ec7u V\u1ec1 Standard Service Kit 1029350102<\/a><\/li><li class='ez-toc-page-1 ez-toc-heading-level-2'><a class=\"ez-toc-link ez-toc-heading-3\" href=\"https:\/\/mpvane.com\/en\/san-pham\/bo-kit-elmorietschle-1029350102\/#Thong_So_Ky_Thuat_Cau_Tao\" >Th\u00f4ng S\u1ed1 K\u1ef9 Thu\u1eadt &amp; C\u1ea5u T\u1ea1o<\/a><\/li><li class='ez-toc-page-1 ez-toc-heading-level-2'><a class=\"ez-toc-link ez-toc-heading-4\" href=\"https:\/\/mpvane.com\/en\/san-pham\/bo-kit-elmorietschle-1029350102\/#Dong_Bom_Chan_Khong_Tuong_Thich\" >D\u00f2ng B\u01a1m Ch\u00e2n Kh\u00f4ng T\u01b0\u01a1ng Th\u00edch<\/a><\/li><li class='ez-toc-page-1 ez-toc-heading-level-2'><a class=\"ez-toc-link ez-toc-heading-5\" href=\"https:\/\/mpvane.com\/en\/san-pham\/bo-kit-elmorietschle-1029350102\/#Loi_Ich_Khi_Su_Dung_Bo_Thay_The_Chinh_Hang\" >L\u1ee3i \u00cdch Khi S\u1eed D\u1ee5ng B\u1ed9 Thay Th\u1ebf Ch\u00ednh H\u00e3ng<\/a><\/li><li class='ez-toc-page-1 ez-toc-heading-level-2'><a class=\"ez-toc-link ez-toc-heading-6\" href=\"https:\/\/mpvane.com\/en\/san-pham\/bo-kit-elmorietschle-1029350102\/#Huong_Dan_Bao_Duong_Dinh_Ky\" >H\u01b0\u1edbng D\u1eabn B\u1ea3o D\u01b0\u1ee1ng \u0110\u1ecbnh K\u1ef3<\/a><\/li><li class='ez-toc-page-1 ez-toc-heading-level-2'><a class=\"ez-toc-link ez-toc-heading-7\" href=\"https:\/\/mpvane.com\/en\/san-pham\/bo-kit-elmorietschle-1029350102\/#Vi_Sao_Nen_Chon_Mua_Tai_Cong_Ty_TNHH_Ky_Thuat_va_Dich_Vu_Minh_Phu\" >V\u00ec Sao N\u00ean Ch\u1ecdn Mua T\u1ea1i C\u00f4ng Ty TNHH K\u1ef9 Thu\u1eadt v\u00e0 D\u1ecbch V\u1ee5 Minh Ph\u00fa?<\/a><\/li><li class='ez-toc-page-1 ez-toc-heading-level-2'><a class=\"ez-toc-link ez-toc-heading-8\" href=\"https:\/\/mpvane.com\/en\/san-pham\/bo-kit-elmorietschle-1029350102\/#Lien_He_Ngay_De_Duoc_Tu_Van_Bao_Gia_Tot_Nhat\" >Li\u00ean H\u1ec7 Ngay \u0110\u1ec3 \u0110\u01b0\u1ee3c T\u01b0 V\u1ea5n &amp; B\u00e1o Gi\u00e1 T\u1ed1t Nh\u1ea5t<\/a><\/li><li class='ez-toc-page-1 ez-toc-heading-level-2'><a class=\"ez-toc-link ez-toc-heading-9\" href=\"https:\/\/mpvane.com\/en\/san-pham\/bo-kit-elmorietschle-1029350102\/#Cau_Hoi_Thuong_Gap_FAQ\" >C\u00e2u H\u1ecfi Th\u01b0\u1eddng G\u1eb7p (FAQ)<\/a><\/li><\/ul><\/li><\/ul><\/nav><\/div>\n<h1><span class=\"ez-toc-section\" id=\"Bo_Service_Kit_1029350102_%E2%80%93_Standard_Wartungssatz_Cho_Bom_Chan_Khong_VCX_200_VCS_200_VCX_300_VCS_300\"><\/span>B\u1ed9 Service Kit 1029350102 &#8211; Standard Wartungssatz Cho B\u01a1m Ch\u00e2n Kh\u00f4ng VCX 200, VCS 200, VCX 300, VCS 300<span class=\"ez-toc-section-end\"><\/span><\/h1>\n<h2><span class=\"ez-toc-section\" id=\"Gioi_Thieu_Ve_Standard_Service_Kit_1029350102\"><\/span>Gi\u1edbi Thi\u1ec7u V\u1ec1 Standard Service Kit 1029350102<span class=\"ez-toc-section-end\"><\/span><\/h2>\n<p class=\"ds-markdown-paragraph\"><strong>Standard service kit 1029350102<\/strong>\u00a0(c\u00f2n g\u1ecdi l\u00e0\u00a0<strong>Standard Wartungssatz 1029350102<\/strong>) l\u00e0 b\u1ed9 ph\u1ee5 t\u00f9ng thay th\u1ebf \u0111\u1ecbnh k\u1ef3 chuy\u00ean d\u1ee5ng cho d\u00f2ng b\u01a1m ch\u00e2n kh\u00f4ng v\u00f2ng d\u1ea7u c\u00f4ng nghi\u1ec7p. \u0110\u00e2y l\u00e0 gi\u1ea3i ph\u00e1p b\u1ea3o d\u01b0\u1ee1ng to\u00e0n di\u1ec7n, gi\u00fap duy tr\u00ec hi\u1ec7u su\u1ea5t v\u00e0 tu\u1ed5i th\u1ecd c\u1ee7a m\u00e1y b\u01a1m, \u0111\u1ea3m b\u1ea3o h\u1ec7 th\u1ed1ng ch\u00e2n kh\u00f4ng ho\u1ea1t \u0111\u1ed9ng \u1ed5n \u0111\u1ecbnh trong th\u1eddi gian d\u00e0i.<\/p>\n<p class=\"ds-markdown-paragraph\">B\u1ed9 kit n\u00e0y \u0111\u01b0\u1ee3c khuy\u1ebfn c\u00e1o thay th\u1ebf sau\u00a0<strong>500 \u2013 2.000 gi\u1edd v\u1eadn h\u00e0nh<\/strong>\u00a0t\u00f9y theo \u0111i\u1ec1u ki\u1ec7n t\u1ea3i v\u00e0 m\u00f4i tr\u01b0\u1eddng l\u00e0m vi\u1ec7c th\u1ef1c t\u1ebf.<\/p>\n<hr \/>\n<h2><span class=\"ez-toc-section\" id=\"Thong_So_Ky_Thuat_Cau_Tao\"><\/span>Th\u00f4ng S\u1ed1 K\u1ef9 Thu\u1eadt &amp; C\u1ea5u T\u1ea1o<span class=\"ez-toc-section-end\"><\/span><\/h2>\n<div class=\"ds-scroll-area ds-scroll-area--show-on-focus-within _1210dd7 c03cafe9\">\n<div class=\"ds-scroll-area__gutters\">\n<div class=\"ds-scroll-area__horizontal-gutter\"><\/div>\n<div class=\"ds-scroll-area__vertical-gutter\"><\/div>\n<\/div>\n<table>\n<thead>\n<tr>\n<th>Th\u00f4ng tin<\/th>\n<th>Chi ti\u1ebft<\/th>\n<\/tr>\n<\/thead>\n<tbody>\n<tr>\n<td>M\u00e3 s\u1ea3n ph\u1ea9m<\/td>\n<td>1029350102<\/td>\n<\/tr>\n<tr>\n<td>T\u00ean g\u1ecdi kh\u00e1c<\/td>\n<td>Standard Wartungssatz 1029350102<\/td>\n<\/tr>\n<tr>\n<td>Lo\u1ea1i b\u1ed9 kit<\/td>\n<td>B\u1ed9 b\u1ea3o d\u01b0\u1ee1ng ti\u00eau chu\u1ea9n<\/td>\n<\/tr>\n<tr>\n<td>Chu k\u1ef3 thay th\u1ebf<\/td>\n<td>500 \u2013 2.000 gi\u1edd<\/td>\n<\/tr>\n<tr>\n<td><strong>C\u00e1c v\u1ecb tr\u00ed (Pos.) bao g\u1ed3m<\/strong><\/td>\n<td>Pos. 24, Pos. 30.1, Pos. 41<\/td>\n<\/tr>\n<tr>\n<td>\u1ee8ng d\u1ee5ng<\/td>\n<td>B\u01a1m ch\u00e2n kh\u00f4ng v\u00f2ng d\u1ea7u<\/td>\n<\/tr>\n<\/tbody>\n<\/table>\n<\/div>\n<p class=\"ds-markdown-paragraph\"><strong>Chi ti\u1ebft c\u00e1c v\u1ecb tr\u00ed trong kit:<\/strong><\/p>\n<ul>\n<li>\n<p class=\"ds-markdown-paragraph\"><strong>Pos. 24<\/strong>\u00a0\u2013 Th\u01b0\u1eddng l\u00e0 van ki\u1ec3m tra ho\u1eb7c c\u1ee5m l\u1ecdc \u0111\u1ea7u \u0111\u1ea9y.<\/p>\n<\/li>\n<li>\n<p class=\"ds-markdown-paragraph\"><strong>Pos. 30.1<\/strong>\u00a0\u2013 Gio\u0103ng ph\u1edbt, v\u00f2ng \u0111\u1ec7m k\u00edn.<\/p>\n<\/li>\n<li>\n<p class=\"ds-markdown-paragraph\"><strong>Pos. 41<\/strong>\u00a0\u2013 L\u1ecdc d\u1ea7u ho\u1eb7c l\u1ecdc kh\u00ed x\u1ea3 (t\u00f9y theo model b\u01a1m).<\/p>\n<\/li>\n<\/ul>\n<p class=\"ds-markdown-paragraph\"><em>L\u01b0u \u00fd: H\u00ecnh \u1ea3nh v\u00e0 k\u1ebft c\u1ea5u c\u1ee5 th\u1ec3 c\u1ee7a t\u1eebng v\u1ecb tr\u00ed c\u00f3 th\u1ec3 tham kh\u1ea3o trong s\u00e1ch h\u01b0\u1edbng d\u1eabn b\u1ea3o d\u01b0\u1ee1ng c\u1ee7a nh\u00e0 s\u1ea3n xu\u1ea5t b\u01a1m ch\u00e2n kh\u00f4ng.<\/em><\/p>\n<hr \/>\n<h2><span class=\"ez-toc-section\" id=\"Dong_Bom_Chan_Khong_Tuong_Thich\"><\/span>D\u00f2ng B\u01a1m Ch\u00e2n Kh\u00f4ng T\u01b0\u01a1ng Th\u00edch<span class=\"ez-toc-section-end\"><\/span><\/h2>\n<p class=\"ds-markdown-paragraph\">B\u1ed9 Standard service kit 1029350102 \u0111\u01b0\u1ee3c thi\u1ebft k\u1ebf ch\u00ednh x\u00e1c cho c\u00e1c model b\u01a1m ch\u00e2n kh\u00f4ng sau:<\/p>\n<ul>\n<li>\n<p class=\"ds-markdown-paragraph\"><strong>VCX 200<\/strong><\/p>\n<\/li>\n<li>\n<p class=\"ds-markdown-paragraph\"><strong>VCS 200<\/strong><\/p>\n<\/li>\n<li>\n<p class=\"ds-markdown-paragraph\"><strong>VCX 300<\/strong><\/p>\n<\/li>\n<li>\n<p class=\"ds-markdown-paragraph\"><strong>VCS 300<\/strong><\/p>\n<\/li>\n<\/ul>\n<p class=\"ds-markdown-paragraph\">\u0110\u00e2y l\u00e0 nh\u1eefng d\u00f2ng b\u01a1m ch\u00e2n kh\u00f4ng v\u00f2ng d\u1ea7u ph\u1ed5 bi\u1ebfn trong c\u00e1c ng\u00e0nh c\u00f4ng nghi\u1ec7p: bao b\u00ec, g\u1ed7, nh\u1ef1a, x\u1eed l\u00fd nhi\u1ec7t, s\u1ea5y ch\u00e2n kh\u00f4ng, h\u1ec7 th\u1ed1ng n\u00e2ng h\u1ea1 b\u1eb1ng ch\u00e2n kh\u00f4ng.<\/p>\n<hr \/>\n<h2><span class=\"ez-toc-section\" id=\"Loi_Ich_Khi_Su_Dung_Bo_Thay_The_Chinh_Hang\"><\/span>L\u1ee3i \u00cdch Khi S\u1eed D\u1ee5ng B\u1ed9 Thay Th\u1ebf Ch\u00ednh H\u00e3ng<span class=\"ez-toc-section-end\"><\/span><\/h2>\n<p class=\"ds-markdown-paragraph\">\u2705\u00a0<strong>\u0110\u1ea3m b\u1ea3o \u0111\u1ed9 k\u00edn kh\u00edt<\/strong>\u00a0\u2013 C\u00e1c gio\u0103ng, ph\u1edbt (Pos.30.1) thay m\u1edbi gi\u00fap ng\u0103n r\u00f2 r\u1ec9 ch\u00e2n kh\u00f4ng.<br \/>\n\u2705\u00a0<strong>Hi\u1ec7u su\u1ea5t \u1ed5n \u0111\u1ecbnh<\/strong>\u00a0\u2013 Van (Pos.24) v\u00e0 l\u1ecdc (Pos.41) m\u1edbi gi\u00fap kh\u00ed x\u1ea3 s\u1ea1ch, d\u1ea7u kh\u00f4ng b\u1ecb b\u1eafn ng\u01b0\u1ee3c.<br \/>\n\u2705\u00a0<strong>K\u00e9o d\u00e0i tu\u1ed5i th\u1ecd b\u01a1m<\/strong>\u00a0\u2013 Thay \u0111\u1ecbnh k\u1ef3 \u0111\u00fang h\u1ea1n gi\u1ea3m m\u00e0i m\u00f2n rotor, tr\u1ee5c v\u00e0 c\u00e1c chi ti\u1ebft b\u00ean trong.<br \/>\n\u2705\u00a0<strong>Ti\u1ebft ki\u1ec7m chi ph\u00ed v\u1eadn h\u00e0nh<\/strong>\u00a0\u2013 Tr\u00e1nh h\u1ecfng h\u00f3c l\u1edbn, gi\u1ea3m ti\u00eau hao d\u1ea7u v\u00e0 n\u0103ng l\u01b0\u1ee3ng.<br \/>\n\u2705\u00a0<strong>D\u1ec5 d\u00e0ng l\u1eafp \u0111\u1eb7t<\/strong>\u00a0\u2013 B\u1ed9 kit \u0111\u01b0\u1ee3c nh\u00f3m s\u1eb5n \u0111\u00fang v\u1ecb tr\u00ed theo h\u01b0\u1edbng d\u1eabn c\u1ee7a nh\u00e0 s\u1ea3n xu\u1ea5t.<\/p>\n<hr \/>\n<h2><span class=\"ez-toc-section\" id=\"Huong_Dan_Bao_Duong_Dinh_Ky\"><\/span>H\u01b0\u1edbng D\u1eabn B\u1ea3o D\u01b0\u1ee1ng \u0110\u1ecbnh K\u1ef3<span class=\"ez-toc-section-end\"><\/span><\/h2>\n<p class=\"ds-markdown-paragraph\">\u0110\u1ec3 h\u1ec7 th\u1ed1ng b\u01a1m ch\u00e2n kh\u00f4ng ho\u1ea1t \u0111\u1ed9ng t\u1ed1i \u01b0u, qu\u00fd kh\u00e1ch n\u00ean:<\/p>\n<ol start=\"1\">\n<li>\n<p class=\"ds-markdown-paragraph\"><strong>Ki\u1ec3m tra d\u1ea7u v\u00e0 l\u1ecdc d\u1ea7u<\/strong>\u00a0m\u1ed7i 500 gi\u1edd.<\/p>\n<\/li>\n<li>\n<p class=\"ds-markdown-paragraph\"><strong>Thay b\u1ed9 Standard service kit 1029350102<\/strong>\u00a0sau m\u1ed7i 1.000 \u2013 2.000 gi\u1edd ho\u1eb7c khi ph\u00e1t hi\u1ec7n c\u00e1c d\u1ea5u hi\u1ec7u:<\/p>\n<ul>\n<li>\n<p class=\"ds-markdown-paragraph\">Ti\u1ebfng \u1ed3n b\u1ea5t th\u01b0\u1eddng<\/p>\n<\/li>\n<li>\n<p class=\"ds-markdown-paragraph\">C\u00f4ng su\u1ea5t h\u00fat gi\u1ea3m<\/p>\n<\/li>\n<li>\n<p class=\"ds-markdown-paragraph\">Kh\u00f3i tr\u1eafng ho\u1eb7c d\u1ea7u r\u00f2 ra c\u1eeda x\u1ea3<\/p>\n<\/li>\n<\/ul>\n<\/li>\n<li>\n<p class=\"ds-markdown-paragraph\">V\u1ec7 sinh b\u00ean ngo\u00e0i v\u00e0 l\u00e0m m\u00e1t \u0111\u1ecbnh k\u1ef3.<\/p>\n<\/li>\n<\/ol>\n<blockquote>\n<p class=\"ds-markdown-paragraph\"><em>Minh Ph\u00fa cung c\u1ea5p d\u1ecbch v\u1ee5 b\u1ea3o d\u01b0\u1ee1ng tr\u1ecdn g\u00f3i, thay th\u1ebf kit ch\u00ednh h\u00e3ng t\u1ea1i ch\u1ed7 cho kh\u00e1ch h\u00e0ng trong to\u00e0n qu\u1ed1c.<\/em><\/p>\n<\/blockquote>\n<hr \/>\n<h2><span class=\"ez-toc-section\" id=\"Vi_Sao_Nen_Chon_Mua_Tai_Cong_Ty_TNHH_Ky_Thuat_va_Dich_Vu_Minh_Phu\"><\/span>V\u00ec Sao N\u00ean Ch\u1ecdn Mua T\u1ea1i C\u00f4ng Ty TNHH K\u1ef9 Thu\u1eadt v\u00e0 D\u1ecbch V\u1ee5 Minh Ph\u00fa?<span class=\"ez-toc-section-end\"><\/span><\/h2>\n<ul>\n<li>\n<p class=\"ds-markdown-paragraph\"><strong>H\u00e0ng ch\u00ednh h\u00e3ng 100%<\/strong>\u00a0\u2013 Cam k\u1ebft ngu\u1ed3n g\u1ed1c xu\u1ea5t x\u1ee9 r\u00f5 r\u00e0ng.<\/p>\n<\/li>\n<li>\n<p class=\"ds-markdown-paragraph\"><strong>Kho h\u00e0ng phong ph\u00fa<\/strong>\u00a0\u2013 S\u1eb5n s\u00e0ng giao ngay Standard service kit 1029350102 cho VCX 200, VCS 200, VCX 300, VCS 300.<\/p>\n<\/li>\n<li>\n<p class=\"ds-markdown-paragraph\"><strong>T\u01b0 v\u1ea5n k\u1ef9 thu\u1eadt chuy\u00ean s\u00e2u<\/strong>\u00a0\u2013 \u0110\u1ed9i ng\u0169 k\u1ef9 s\u01b0 gi\u00e0u kinh nghi\u1ec7m h\u1ed7 tr\u1ee3 ch\u1ecdn \u0111\u00fang ph\u1ee5 t\u00f9ng.<\/p>\n<\/li>\n<li>\n<p class=\"ds-markdown-paragraph\"><strong>Gi\u00e1 c\u1ea1nh tranh<\/strong>\u00a0\u2013 Chi\u1ebft kh\u1ea5u t\u1ed1t cho kh\u00e1ch h\u00e0ng doanh nghi\u1ec7p v\u00e0 \u0111\u1ea1i l\u00fd.<\/p>\n<\/li>\n<li>\n<p class=\"ds-markdown-paragraph\"><strong>H\u1ed7 tr\u1ee3 to\u00e0n qu\u1ed1c<\/strong>\u00a0\u2013 Giao h\u00e0ng nhanh, b\u1ea3o h\u00e0nh ch\u00ednh h\u00e3ng.<\/p>\n<\/li>\n<\/ul>\n<hr \/>\n<h2><span class=\"ez-toc-section\" id=\"Lien_He_Ngay_De_Duoc_Tu_Van_Bao_Gia_Tot_Nhat\"><\/span>Li\u00ean H\u1ec7 Ngay \u0110\u1ec3 \u0110\u01b0\u1ee3c T\u01b0 V\u1ea5n &amp; B\u00e1o Gi\u00e1 T\u1ed1t Nh\u1ea5t<span class=\"ez-toc-section-end\"><\/span><\/h2>\n<p class=\"ds-markdown-paragraph\">\u0110\u1eb7t h\u00e0ng\u00a0<strong>Standard service kit 1029350102<\/strong>\u00a0ho\u1eb7c c\u1ea7n h\u1ed7 tr\u1ee3 k\u1ef9 thu\u1eadt cho b\u01a1m ch\u00e2n kh\u00f4ng VCX\/VCS 200 \u2013 300, h\u00e3y li\u00ean h\u1ec7 ngay:<\/p>\n<p class=\"ds-markdown-paragraph\"><a href=\"https:\/\/mpvane.com\/product-category\/bo-gasket\/elemo-rietschle-gasket\/\"><strong>C\u00f4ng ty TNHH K\u1ef9 Thu\u1eadt v\u00e0 D\u1ecbch V\u1ee5 Minh Ph\u00fa<\/strong><\/a><\/p>\n<ul>\n<li>\n<p class=\"ds-markdown-paragraph\"><strong>Hotline \/ Zalo:<\/strong><\/p>\n<ul>\n<li>\n<p class=\"ds-markdown-paragraph\">0985 490 343<\/p>\n<\/li>\n<li>\n<p class=\"ds-markdown-paragraph\">0985 843 778<\/p>\n<\/li>\n<\/ul>\n<\/li>\n<li>\n<p class=\"ds-markdown-paragraph\"><strong>Email:<\/strong>\u00a0Sales@minhphuco.vn<\/p>\n<\/li>\n<li>\n<p class=\"ds-markdown-paragraph\"><strong>Website:<\/strong>\u00a0<a href=\"https:\/\/www.minhphuco.com\/\" target=\"_blank\" rel=\"noopener noreferrer\">www.minhphuco.com<\/a><\/p>\n<\/li>\n<\/ul>\n<blockquote>\n<p class=\"ds-markdown-paragraph\"><em>G\u1ecdi ngay h\u00f4m nay \u0111\u1ec3 nh\u1eadn b\u00e1o gi\u00e1 \u01b0u \u0111\u00e3i v\u00e0 t\u01b0 v\u1ea5n l\u1ecbch b\u1ea3o d\u01b0\u1ee1ng ph\u00f9 h\u1ee3p nh\u1ea5t cho h\u1ec7 th\u1ed1ng c\u1ee7a b\u1ea1n.<\/em><\/p>\n<\/blockquote>\n<hr \/>\n<h2><span class=\"ez-toc-section\" id=\"Cau_Hoi_Thuong_Gap_FAQ\"><\/span>C\u00e2u H\u1ecfi Th\u01b0\u1eddng G\u1eb7p (FAQ)<span class=\"ez-toc-section-end\"><\/span><\/h2>\n<p class=\"ds-markdown-paragraph\"><strong>1. B\u1ed9 kit 1029350102 c\u00f3 thay th\u1ebf \u0111\u01b0\u1ee3c cho b\u01a1m VCX 350 kh\u00f4ng?<\/strong><br \/>\nKh\u00f4ng, kit n\u00e0y ch\u1ec9 t\u01b0\u01a1ng th\u00edch v\u1edbi VCX 200, VCS 200, VCX 300, VCS 300. Vui l\u00f2ng li\u00ean h\u1ec7 Minh Ph\u00fa \u0111\u1ec3 tra \u0111\u00fang m\u00e3 cho model kh\u00e1c.<\/p>\n<p class=\"ds-markdown-paragraph\"><strong>2. L\u00e0m sao bi\u1ebft khi n\u00e0o c\u1ea7n thay kit?<\/strong><br \/>\nTheo \u0111\u1ed3ng h\u1ed3 gi\u1edd ho\u1eb7c khi hi\u1ec7u su\u1ea5t h\u00fat gi\u1ea3m &gt;15%, nhi\u1ec7t \u0111\u1ed9 t\u0103ng b\u1ea5t th\u01b0\u1eddng, ho\u1eb7c c\u00f3 ti\u1ebfng \u1ed3n l\u1ea1.<\/p>\n<p class=\"ds-markdown-paragraph\"><strong>3. C\u00f3 th\u1ec3 mua l\u1ebb t\u1eebng v\u1ecb tr\u00ed (Pos.24, 30.1, 41) kh\u00f4ng?<\/strong><br \/>\nC\u00f3 th\u1ec3, nh\u01b0ng n\u00ean d\u00f9ng b\u1ed9 ho\u00e0n ch\u1ec9nh \u0111\u1ec3 \u0111\u1ea3m b\u1ea3o \u0111\u1ed3ng b\u1ed9 v\u00e0 tu\u00e2n th\u1ee7 chu k\u1ef3 b\u1ea3o d\u01b0\u1ee1ng khuy\u1ebfn c\u00e1o.<\/p>\n","protected":false},"excerpt":{"rendered":"<p><strong>Standard service kit 1029350102<br \/>\n<\/strong><\/p>\n<h3 class=\"text Text_text--default__D_PyG bold heading-6\">Standard service kit includes:<\/h3>\n<div id=\"react-aria2506040755-_r_aa_\" class=\"DisclosureGroup_panel__x0CB9\" role=\"group\" data-at=\"disclosure-panel-content-standard-service-kit\" aria-labelledby=\"react-aria2506040755-_r_a9_\" aria-hidden=\"false\" data-rac=\"\">\n<div class=\"DisclosureGroup_panel-contents__0DFDo\">\n<div class=\"section-content-block auto feature-wrapper FeatureWrapper_feature-wrapper__j5H1_ FeatureWrapper_feature-wrapper-variant-transparent__cxaMw\" data-testid=\"section-content-block\" data-voice-body=\"\">\n<div class=\"ContentContainer_content-container-wrapper__GYSqZ ContentContainer_content-container-wrapper-lg__inURV\">\n<div class=\"content-container ContentContainer_content-container-lg__qs_IA\">\n<div class=\"Section_sectionContainer__83S_U\">\n<div class=\"Section_imageAndContentContainer__mQ3G0\">\n<div class=\"Section_contentContainer__uY7JI\">\n<div class=\"Section_richTextContainer__AmVn4\">\n<div class=\"RichText_richText__ENgBh\" data-at=\"section-description-\">\n<ul>\n<li>OIL SEP. CARTRIDGE 60M3\/H \u00d880X152 G2 \u00be x 4<\/li>\n<li>GASKET SEAL RING, 1&#8243; (33 x 40.0 x 2.0mm)\u00a0 x 1<\/li>\n<li>O-RING x 1<\/li>\n<\/ul>\n<\/div>\n<\/div>\n<\/div>\n<\/div>\n<\/div>\n<\/div>\n<\/div>\n<\/div>\n<\/div>\n<\/div>\n<p>&nbsp;<\/p>\n","protected":false},"featured_media":9082,"comment_status":"open","ping_status":"closed","template":"","meta":{"_acf_changed":false},"product_brand":[],"product_cat":[699,715],"product_tag":[2895],"class_list":{"0":"post-9070","1":"product","2":"type-product","3":"status-publish","4":"has-post-thumbnail","6":"product_cat-bo-gasket","7":"product_cat-elemo-rietschle-gasket","8":"product_tag-2895","10":"first","11":"instock","12":"shipping-taxable","13":"product-type-simple"},"acf":[],"_links":{"self":[{"href":"https:\/\/mpvane.com\/en\/wp-json\/wp\/v2\/product\/9070","targetHints":{"allow":["GET"]}}],"collection":[{"href":"https:\/\/mpvane.com\/en\/wp-json\/wp\/v2\/product"}],"about":[{"href":"https:\/\/mpvane.com\/en\/wp-json\/wp\/v2\/types\/product"}],"replies":[{"embeddable":true,"href":"https:\/\/mpvane.com\/en\/wp-json\/wp\/v2\/comments?post=9070"}],"version-history":[{"count":3,"href":"https:\/\/mpvane.com\/en\/wp-json\/wp\/v2\/product\/9070\/revisions"}],"predecessor-version":[{"id":9074,"href":"https:\/\/mpvane.com\/en\/wp-json\/wp\/v2\/product\/9070\/revisions\/9074"}],"wp:featuredmedia":[{"embeddable":true,"href":"https:\/\/mpvane.com\/en\/wp-json\/wp\/v2\/media\/9082"}],"wp:attachment":[{"href":"https:\/\/mpvane.com\/en\/wp-json\/wp\/v2\/media?parent=9070"}],"wp:term":[{"taxonomy":"product_brand","embeddable":true,"href":"https:\/\/mpvane.com\/en\/wp-json\/wp\/v2\/product_brand?post=9070"},{"taxonomy":"product_cat","embeddable":true,"href":"https:\/\/mpvane.com\/en\/wp-json\/wp\/v2\/product_cat?post=9070"},{"taxonomy":"product_tag","embeddable":true,"href":"https:\/\/mpvane.com\/en\/wp-json\/wp\/v2\/product_tag?post=9070"}],"curies":[{"name":"wp","href":"https:\/\/api.w.org\/{rel}","templated":true}]}}