{"id":9068,"date":"2026-04-22T16:36:45","date_gmt":"2026-04-22T09:36:45","guid":{"rendered":"https:\/\/mpvane.com\/?post_type=product&#038;p=9068"},"modified":"2026-04-22T16:45:54","modified_gmt":"2026-04-22T09:45:54","slug":"loc-tach-dau-zs1202854","status":"publish","type":"product","link":"https:\/\/mpvane.com\/en\/san-pham\/loc-tach-dau-zs1202854\/","title":{"rendered":"L\u1ecdc t\u00e1ch d\u1ea7u ZS1202854"},"content":{"rendered":"<div id=\"ez-toc-container\" class=\"ez-toc-v2_0_75 counter-hierarchy ez-toc-counter ez-toc-grey ez-toc-container-direction\">\n<div class=\"ez-toc-title-container\">\n<p class=\"ez-toc-title\" style=\"cursor:inherit\">Table of Contents<\/p>\n<span class=\"ez-toc-title-toggle\"><a href=\"#\" class=\"ez-toc-pull-right ez-toc-btn ez-toc-btn-xs ez-toc-btn-default ez-toc-toggle\" aria-label=\"Toggle Table of Content\"><span class=\"ez-toc-js-icon-con\"><span class=\"\"><span class=\"eztoc-hide\" style=\"display:none;\">Toggle<\/span><span class=\"ez-toc-icon-toggle-span\"><svg style=\"fill: #999;color:#999\" xmlns=\"http:\/\/www.w3.org\/2000\/svg\" class=\"list-377408\" width=\"20px\" height=\"20px\" viewBox=\"0 0 24 24\" fill=\"none\"><path d=\"M6 6H4v2h2V6zm14 0H8v2h12V6zM4 11h2v2H4v-2zm16 0H8v2h12v-2zM4 16h2v2H4v-2zm16 0H8v2h12v-2z\" fill=\"currentColor\"><\/path><\/svg><svg style=\"fill: #999;color:#999\" class=\"arrow-unsorted-368013\" xmlns=\"http:\/\/www.w3.org\/2000\/svg\" width=\"10px\" height=\"10px\" viewBox=\"0 0 24 24\" version=\"1.2\" baseProfile=\"tiny\"><path d=\"M18.2 9.3l-6.2-6.3-6.2 6.3c-.2.2-.3.4-.3.7s.1.5.3.7c.2.2.4.3.7.3h11c.3 0 .5-.1.7-.3.2-.2.3-.5.3-.7s-.1-.5-.3-.7zM5.8 14.7l6.2 6.3 6.2-6.3c.2-.2.3-.5.3-.7s-.1-.5-.3-.7c-.2-.2-.4-.3-.7-.3h-11c-.3 0-.5.1-.7.3-.2.2-.3.5-.3.7s.1.5.3.7z\"\/><\/svg><\/span><\/span><\/span><\/a><\/span><\/div>\n<nav><ul class='ez-toc-list ez-toc-list-level-1 ' ><li class='ez-toc-page-1 ez-toc-heading-level-1'><a class=\"ez-toc-link ez-toc-heading-1\" href=\"https:\/\/mpvane.com\/en\/san-pham\/loc-tach-dau-zs1202854\/#Loc_tach_dau_Rietschle_ZS1202854_%E2%80%93_Phu_tung_chinh_hang_cho_may_nen_khi_V-VCS75_V-VCS100_V-VCX75_V-VCX100\" >L\u1ecdc t\u00e1ch d\u1ea7u Rietschle ZS1202854 \u2013 Ph\u1ee5 t\u00f9ng ch\u00ednh h\u00e3ng cho m\u00e1y n\u00e9n kh\u00ed V-VCS75, V-VCS100, V-VCX75, V-VCX100<\/a><ul class='ez-toc-list-level-2' ><li class='ez-toc-heading-level-2'><a class=\"ez-toc-link ez-toc-heading-2\" href=\"https:\/\/mpvane.com\/en\/san-pham\/loc-tach-dau-zs1202854\/#1_Gioi_thieu_ve_loc_tach_dau_Rietschle_ZS1202854\" >1. Gi\u1edbi thi\u1ec7u v\u1ec1 l\u1ecdc t\u00e1ch d\u1ea7u Rietschle ZS1202854<\/a><\/li><li class='ez-toc-page-1 ez-toc-heading-level-2'><a class=\"ez-toc-link ez-toc-heading-3\" href=\"https:\/\/mpvane.com\/en\/san-pham\/loc-tach-dau-zs1202854\/#2_Thong_so_ky_thuat_va_tinh_tuong_thich\" >2. Th\u00f4ng s\u1ed1 k\u1ef9 thu\u1eadt v\u00e0 t\u00ednh t\u01b0\u01a1ng th\u00edch<\/a><ul class='ez-toc-list-level-3' ><li class='ez-toc-heading-level-3'><a class=\"ez-toc-link ez-toc-heading-4\" href=\"https:\/\/mpvane.com\/en\/san-pham\/loc-tach-dau-zs1202854\/#Dong_may_su_dung_moi_may_dung_3_cai_loc_ZS1202854\" >D\u00f2ng m\u00e1y s\u1eed d\u1ee5ng (m\u1ed7i m\u00e1y d\u00f9ng 3 c\u00e1i l\u1ecdc ZS1202854):<\/a><\/li><li class='ez-toc-page-1 ez-toc-heading-level-3'><a class=\"ez-toc-link ez-toc-heading-5\" href=\"https:\/\/mpvane.com\/en\/san-pham\/loc-tach-dau-zs1202854\/#Bo_kit_kit_chua_loc_ZS1202854\" >B\u1ed9 k\u00edt (kit) ch\u1ee9a l\u1ecdc ZS1202854:<\/a><\/li><\/ul><\/li><li class='ez-toc-page-1 ez-toc-heading-level-2'><a class=\"ez-toc-link ez-toc-heading-6\" href=\"https:\/\/mpvane.com\/en\/san-pham\/loc-tach-dau-zs1202854\/#3_Vai_tro_cua_loc_tach_dau_trong_may_nen_khi_Rietschle\" >3. Vai tr\u00f2 c\u1ee7a l\u1ecdc t\u00e1ch d\u1ea7u trong m\u00e1y n\u00e9n kh\u00ed Rietschle<\/a><\/li><li class='ez-toc-page-1 ez-toc-heading-level-2'><a class=\"ez-toc-link ez-toc-heading-7\" href=\"https:\/\/mpvane.com\/en\/san-pham\/loc-tach-dau-zs1202854\/#4_Dau_hieu_can_thay_the_loc_tach_dau_ZS1202854\" >4. D\u1ea5u hi\u1ec7u c\u1ea7n thay th\u1ebf l\u1ecdc t\u00e1ch d\u1ea7u ZS1202854<\/a><\/li><li class='ez-toc-page-1 ez-toc-heading-level-2'><a class=\"ez-toc-link ez-toc-heading-8\" href=\"https:\/\/mpvane.com\/en\/san-pham\/loc-tach-dau-zs1202854\/#5_Loi_ich_khi_mua_loc_tach_dau_Rietschle_ZS1202854_tai_Minh_Phu\" >5. L\u1ee3i \u00edch khi mua l\u1ecdc t\u00e1ch d\u1ea7u Rietschle ZS1202854 t\u1ea1i Minh Ph\u00fa<\/a><\/li><li class='ez-toc-page-1 ez-toc-heading-level-2'><a class=\"ez-toc-link ez-toc-heading-9\" href=\"https:\/\/mpvane.com\/en\/san-pham\/loc-tach-dau-zs1202854\/#6_Thong_tin_lien_he_dat_hang_bao_gia\" >6. Th\u00f4ng tin li\u00ean h\u1ec7 \u0111\u1eb7t h\u00e0ng &amp; b\u00e1o gi\u00e1<\/a><\/li><li class='ez-toc-page-1 ez-toc-heading-level-2'><a class=\"ez-toc-link ez-toc-heading-10\" href=\"https:\/\/mpvane.com\/en\/san-pham\/loc-tach-dau-zs1202854\/#7_Huong_dan_bao_duong_va_thay_the\" >7. H\u01b0\u1edbng d\u1eabn b\u1ea3o d\u01b0\u1ee1ng v\u00e0 thay th\u1ebf<\/a><\/li><li class='ez-toc-page-1 ez-toc-heading-level-2'><a class=\"ez-toc-link ez-toc-heading-11\" href=\"https:\/\/mpvane.com\/en\/san-pham\/loc-tach-dau-zs1202854\/#8_Ket_luan\" >8. K\u1ebft lu\u1eadn<\/a><\/li><\/ul><\/li><\/ul><\/nav><\/div>\n<h1><span class=\"ez-toc-section\" id=\"Loc_tach_dau_Rietschle_ZS1202854_%E2%80%93_Phu_tung_chinh_hang_cho_may_nen_khi_V-VCS75_V-VCS100_V-VCX75_V-VCX100\"><\/span>L\u1ecdc t\u00e1ch d\u1ea7u Rietschle ZS1202854 \u2013 Ph\u1ee5 t\u00f9ng ch\u00ednh h\u00e3ng cho m\u00e1y n\u00e9n kh\u00ed V-VCS75, V-VCS100, V-VCX75, V-VCX100<span class=\"ez-toc-section-end\"><\/span><\/h1>\n<p class=\"ds-markdown-paragraph\"><strong>Meta Description:<\/strong>\u00a0L\u1ecdc t\u00e1ch d\u1ea7u Rietschle ZS1202854 ch\u00ednh h\u00e3ng, v\u1ecb tr\u00ed s\u1ed1 25, d\u00f9ng cho c\u00e1c d\u00f2ng m\u00e1y V-VCS75, V-VCS100, V-VCX75, V-VCX100 (1 m\u00e1y 3 c\u00e1i). N\u1eb1m trong c\u00e1c b\u1ed9 k\u00edt 1029300202, 1029300204, 1029270203, 1029300203. Li\u00ean h\u1ec7 Minh Ph\u00fa ngay \u0111\u1ec3 c\u00f3 gi\u00e1 t\u1ed1t nh\u1ea5t.<\/p>\n<hr \/>\n<h2><span class=\"ez-toc-section\" id=\"1_Gioi_thieu_ve_loc_tach_dau_Rietschle_ZS1202854\"><\/span>1. Gi\u1edbi thi\u1ec7u v\u1ec1 l\u1ecdc t\u00e1ch d\u1ea7u Rietschle ZS1202854<span class=\"ez-toc-section-end\"><\/span><\/h2>\n<p class=\"ds-markdown-paragraph\"><strong>L\u1ecdc t\u00e1ch d\u1ea7u Rietschle ZS1202854<\/strong>\u00a0l\u00e0 linh ki\u1ec7n quan tr\u1ecdng trong h\u1ec7 th\u1ed1ng m\u00e1y n\u00e9n kh\u00ed kh\u00f4ng d\u1ea7u ho\u1eb7c c\u00f3 d\u1ea7u c\u1ee7a th\u01b0\u01a1ng hi\u1ec7u Rietschle \u2013 Gardner Denver. S\u1ea3n ph\u1ea9m \u0111\u1ea3m nhi\u1ec7m vai tr\u00f2 t\u00e1ch d\u1ea7u kh\u1ecfi kh\u00ed n\u00e9n \u0111\u1ea7u ra, gi\u00fap kh\u00ed n\u00e9n s\u1ea1ch, \u0111\u1ea1t ti\u00eau chu\u1ea9n ch\u1ea5t l\u01b0\u1ee3ng, \u0111\u1ed3ng th\u1eddi b\u1ea3o v\u1ec7 c\u00e1c thi\u1ebft b\u1ecb ph\u00eda sau v\u00e0 k\u00e9o d\u00e0i tu\u1ed5i th\u1ecd m\u00e1y n\u00e9n.<\/p>\n<p class=\"ds-markdown-paragraph\">M\u00e3 ZS1202854 l\u00e0 m\u00e3 ch\u00ednh x\u00e1c c\u1ee7a b\u1ed9 l\u1ecdc t\u00e1ch d\u1ea7u, \u0111\u01b0\u1ee3c l\u1eafp \u0111\u1eb7t t\u1ea1i\u00a0<strong>v\u1ecb tr\u00ed s\u1ed1 25<\/strong>\u00a0tr\u00ean s\u01a1 \u0111\u1ed3 c\u1ea5u t\u1ea1o m\u00e1y n\u00e9n kh\u00ed Rietschle d\u00f2ng V-VCS v\u00e0 V-VCX.<\/p>\n<hr \/>\n<h2><span class=\"ez-toc-section\" id=\"2_Thong_so_ky_thuat_va_tinh_tuong_thich\"><\/span>2. Th\u00f4ng s\u1ed1 k\u1ef9 thu\u1eadt v\u00e0 t\u00ednh t\u01b0\u01a1ng th\u00edch<span class=\"ez-toc-section-end\"><\/span><\/h2>\n<div class=\"ds-scroll-area ds-scroll-area--show-on-focus-within _1210dd7 c03cafe9\">\n<div class=\"ds-scroll-area__gutters\">\n<div class=\"ds-scroll-area__horizontal-gutter\"><\/div>\n<div class=\"ds-scroll-area__vertical-gutter\"><\/div>\n<\/div>\n<table>\n<thead>\n<tr>\n<th>Th\u00f4ng s\u1ed1<\/th>\n<th>Chi ti\u1ebft<\/th>\n<\/tr>\n<\/thead>\n<tbody>\n<tr>\n<td>M\u00e3 s\u1ea3n ph\u1ea9m<\/td>\n<td><strong>ZS1202854<\/strong><\/td>\n<\/tr>\n<tr>\n<td>V\u1ecb tr\u00ed l\u1eafp \u0111\u1eb7t<\/td>\n<td>S\u1ed1 25 trong s\u01a1 \u0111\u1ed3 m\u00e1y n\u00e9n<\/td>\n<\/tr>\n<tr>\n<td>Lo\u1ea1i<\/td>\n<td>L\u1ecdc t\u00e1ch d\u1ea7u (Oil separator)<\/td>\n<\/tr>\n<tr>\n<td>Th\u01b0\u01a1ng hi\u1ec7u<\/td>\n<td>Rietschle (Gardner Denver)<\/td>\n<\/tr>\n<tr>\n<td>Xu\u1ea5t x\u1ee9<\/td>\n<td>Ch\u00ednh h\u00e3ng \u0110\u1ee9c<\/td>\n<\/tr>\n<\/tbody>\n<\/table>\n<\/div>\n<h3><span class=\"ez-toc-section\" id=\"Dong_may_su_dung_moi_may_dung_3_cai_loc_ZS1202854\"><\/span>D\u00f2ng m\u00e1y s\u1eed d\u1ee5ng (m\u1ed7i m\u00e1y d\u00f9ng 3 c\u00e1i l\u1ecdc ZS1202854):<span class=\"ez-toc-section-end\"><\/span><\/h3>\n<ul>\n<li>\n<p class=\"ds-markdown-paragraph\"><strong>V-VCS75<\/strong>\u00a0\u2192 1 m\u00e1y = 3 c\u00e1i<\/p>\n<\/li>\n<li>\n<p class=\"ds-markdown-paragraph\"><strong>V-VCS100<\/strong>\u00a0\u2192 1 m\u00e1y = 3 c\u00e1i<\/p>\n<\/li>\n<li>\n<p class=\"ds-markdown-paragraph\"><strong>V-VCX75<\/strong>\u00a0\u2192 1 m\u00e1y = 3 c\u00e1i<\/p>\n<\/li>\n<li>\n<p class=\"ds-markdown-paragraph\"><strong>V-VCX100<\/strong>\u00a0\u2192 1 m\u00e1y = 3 c\u00e1i<\/p>\n<\/li>\n<\/ul>\n<h3><span class=\"ez-toc-section\" id=\"Bo_kit_kit_chua_loc_ZS1202854\"><\/span>B\u1ed9 k\u00edt (kit) ch\u1ee9a l\u1ecdc ZS1202854:<span class=\"ez-toc-section-end\"><\/span><\/h3>\n<ul>\n<li>\n<p class=\"ds-markdown-paragraph\"><strong>1029300202<\/strong><\/p>\n<\/li>\n<li>\n<p class=\"ds-markdown-paragraph\"><strong>1029300204<\/strong><\/p>\n<\/li>\n<li>\n<p class=\"ds-markdown-paragraph\"><strong>1029270203<\/strong><\/p>\n<\/li>\n<li>\n<p class=\"ds-markdown-paragraph\"><strong>1029300203<\/strong><\/p>\n<\/li>\n<\/ul>\n<p class=\"ds-markdown-paragraph\">N\u1ebfu b\u1ea1n \u0111ang c\u1ea7n thay th\u1ebf \u0111\u1ecbnh k\u1ef3 ho\u1eb7c s\u1eeda ch\u1eefa m\u00e1y n\u00e9n kh\u00ed Rietschle c\u00e1c d\u00f2ng tr\u00ean, h\u00e3y ki\u1ec3m tra b\u1ed9 k\u00edt ph\u00f9 h\u1ee3p. L\u1ecdc t\u00e1ch d\u1ea7u ZS1202854 lu\u00f4n c\u00f3 s\u1eb5n t\u1ea1i\u00a0<strong>C\u00f4ng ty TNHH K\u1ef9 Thu\u1eadt v\u00e0 D\u1ecbch V\u1ee5 Minh Ph\u00fa<\/strong>.<\/p>\n<hr \/>\n<h2><span class=\"ez-toc-section\" id=\"3_Vai_tro_cua_loc_tach_dau_trong_may_nen_khi_Rietschle\"><\/span>3. Vai tr\u00f2 c\u1ee7a l\u1ecdc t\u00e1ch d\u1ea7u trong m\u00e1y n\u00e9n kh\u00ed Rietschle<span class=\"ez-toc-section-end\"><\/span><\/h2>\n<ul>\n<li>\n<p class=\"ds-markdown-paragraph\"><strong>T\u00e1ch d\u1ea7u kh\u1ecfi kh\u00ed n\u00e9n<\/strong>\u00a0hi\u1ec7u su\u1ea5t cao, \u0111\u1ea3m b\u1ea3o h\u00e0m l\u01b0\u1ee3ng d\u1ea7u c\u00f2n l\u1ea1i trong kh\u00ed n\u00e9n \u0111\u1ea7u ra c\u1ef1c th\u1ea5p (\u2264 3-5 ppm).<\/p>\n<\/li>\n<li>\n<p class=\"ds-markdown-paragraph\"><strong>B\u1ea3o v\u1ec7 h\u1ec7 th\u1ed1ng \u0111\u01b0\u1eddng \u1ed1ng, van, thi\u1ebft b\u1ecb kh\u00ed n\u00e9n<\/strong>\u00a0kh\u1ecfi c\u1eb7n d\u1ea7u.<\/p>\n<\/li>\n<li>\n<p class=\"ds-markdown-paragraph\"><strong>Ti\u1ebft ki\u1ec7m d\u1ea7u nh\u1eddn<\/strong>\u00a0\u2013 d\u1ea7u sau khi \u0111\u01b0\u1ee3c t\u00e1ch s\u1ebd h\u1ed3i v\u1ec1 b\u00f4i tr\u01a1n c\u00e1c b\u1ed9 ph\u1eadn chuy\u1ec3n \u0111\u1ed9ng.<\/p>\n<\/li>\n<li>\n<p class=\"ds-markdown-paragraph\"><strong>N\u00e2ng cao hi\u1ec7u su\u1ea5t m\u00e1y<\/strong>\u00a0\u2013 gi\u1ea3m t\u1ed5n th\u1ea5t \u00e1p su\u1ea5t, gi\u00fap m\u00e1y n\u00e9n ch\u1ea1y \u1ed5n \u0111\u1ecbnh.<\/p>\n<\/li>\n<li>\n<p class=\"ds-markdown-paragraph\"><strong>K\u00e9o d\u00e0i chu k\u1ef3 b\u1ea3o d\u01b0\u1ee1ng<\/strong>\u00a0n\u1ebfu s\u1eed d\u1ee5ng l\u1ecdc ch\u00ednh h\u00e3ng.<\/p>\n<\/li>\n<\/ul>\n<hr \/>\n<h2><span class=\"ez-toc-section\" id=\"4_Dau_hieu_can_thay_the_loc_tach_dau_ZS1202854\"><\/span>4. D\u1ea5u hi\u1ec7u c\u1ea7n thay th\u1ebf l\u1ecdc t\u00e1ch d\u1ea7u ZS1202854<span class=\"ez-toc-section-end\"><\/span><\/h2>\n<ul>\n<li>\n<p class=\"ds-markdown-paragraph\">\u00c1p su\u1ea5t ch\u00eanh l\u1ec7ch gi\u1eefa \u0111\u1ea7u v\u00e0o v\u00e0 \u0111\u1ea7u ra l\u1ecdc qu\u00e1 cao (&gt; 0.8 bar).<\/p>\n<\/li>\n<li>\n<p class=\"ds-markdown-paragraph\">L\u01b0\u1ee3ng d\u1ea7u ti\u00eau th\u1ee5 t\u0103ng b\u1ea5t th\u01b0\u1eddng.<\/p>\n<\/li>\n<li>\n<p class=\"ds-markdown-paragraph\">Kh\u00ed n\u00e9n \u0111\u1ea7u ra c\u00f3 m\u00f9i d\u1ea7u ho\u1eb7c l\u1eabn d\u1ea7u.<\/p>\n<\/li>\n<li>\n<p class=\"ds-markdown-paragraph\">M\u00e1y n\u00e9n b\u00e1o l\u1ed7i ho\u1eb7c qu\u00e1 nhi\u1ec7t.<\/p>\n<\/li>\n<li>\n<p class=\"ds-markdown-paragraph\">\u0110\u00e3 \u0111\u1ebfn chu k\u1ef3 b\u1ea3o d\u01b0\u1ee1ng (th\u01b0\u1eddng 4000 \u2013 8000 gi\u1edd v\u1eadn h\u00e0nh).<\/p>\n<\/li>\n<\/ul>\n<p class=\"ds-markdown-paragraph\">\u0110\u1ec3 tr\u00e1nh h\u01b0 h\u1ecfng n\u1eb7ng h\u01a1n, b\u1ea1n n\u00ean thay l\u1ecdc t\u00e1ch d\u1ea7u \u0111\u1ecbnh k\u1ef3 theo khuy\u1ebfn c\u00e1o c\u1ee7a nh\u00e0 s\u1ea3n xu\u1ea5t.<\/p>\n<hr \/>\n<h2><span class=\"ez-toc-section\" id=\"5_Loi_ich_khi_mua_loc_tach_dau_Rietschle_ZS1202854_tai_Minh_Phu\"><\/span>5. L\u1ee3i \u00edch khi mua l\u1ecdc t\u00e1ch d\u1ea7u Rietschle ZS1202854 t\u1ea1i Minh Ph\u00fa<span class=\"ez-toc-section-end\"><\/span><\/h2>\n<p class=\"ds-markdown-paragraph\">\u2705\u00a0<strong>H\u00e0ng ch\u00ednh h\u00e3ng 100%<\/strong>\u00a0\u2013 C\u00f3 CO, CQ \u0111\u1ea7y \u0111\u1ee7.<br \/>\n\u2705\u00a0<strong>Cam k\u1ebft gi\u00e1 t\u1ed1t nh\u1ea5t<\/strong>\u00a0\u2013 Chi\u1ebft kh\u1ea5u cao cho \u0111\u01a1n h\u00e0ng s\u1ed1 l\u01b0\u1ee3ng (m\u1ed7i m\u00e1y c\u1ea7n 3 c\u00e1i).<br \/>\n\u2705\u00a0<strong>T\u01b0 v\u1ea5n k\u1ef9 thu\u1eadt chuy\u00ean s\u00e2u<\/strong>\u00a0\u2013 \u0110\u1ed9i ng\u0169 k\u1ef9 s\u01b0 gi\u00e0u kinh nghi\u1ec7m h\u1ed7 tr\u1ee3 ch\u1ecdn \u0111\u00fang m\u00e3, \u0111\u00fang b\u1ed9 k\u00edt.<br \/>\n\u2705\u00a0<strong>Giao h\u00e0ng nhanh<\/strong>\u00a0\u2013 Kho h\u00e0ng H\u00e0 N\u1ed9i &amp; TP.HCM, s\u1eb5n s\u00e0ng g\u1eedi \u0111i to\u00e0n qu\u1ed1c.<br \/>\n\u2705\u00a0<strong>B\u1ea3o h\u00e0nh ch\u00ednh h\u00e3ng<\/strong>\u00a0\u2013 \u0110\u1ec1n b\u00f9 100% n\u1ebfu s\u1ea3n ph\u1ea9m l\u1ed7i nh\u00e0 s\u1ea3n xu\u1ea5t.<\/p>\n<hr \/>\n<h2><span class=\"ez-toc-section\" id=\"6_Thong_tin_lien_he_dat_hang_bao_gia\"><\/span>6. Th\u00f4ng tin li\u00ean h\u1ec7 \u0111\u1eb7t h\u00e0ng &amp; b\u00e1o gi\u00e1<span class=\"ez-toc-section-end\"><\/span><\/h2>\n<blockquote>\n<p class=\"ds-markdown-paragraph\"><a href=\"https:\/\/mpvane.com\/\"><strong>C\u00f4ng ty TNHH K\u1ef9 Thu\u1eadt v\u00e0 D\u1ecbch V\u1ee5 Minh Ph\u00fa<\/strong><\/a><br \/>\n\u2013 Chuy\u00ean cung c\u1ea5p ph\u1ee5 t\u00f9ng m\u00e1y n\u00e9n kh\u00ed Rietschle, Gardner Denver, Elmo Rietschle ch\u00ednh h\u00e3ng.<\/p>\n<\/blockquote>\n<p class=\"ds-markdown-paragraph\">\ud83d\udcde\u00a0<strong>Hotline \/ Zalo:<\/strong><\/p>\n<ul>\n<li>\n<p class=\"ds-markdown-paragraph\">0985490343<\/p>\n<\/li>\n<li>\n<p class=\"ds-markdown-paragraph\">0985843778<\/p>\n<\/li>\n<\/ul>\n<p class=\"ds-markdown-paragraph\">\ud83d\udce7\u00a0<strong>Email:<\/strong>\u00a0Sales@minhphuco.vn<br \/>\n\ud83c\udf10\u00a0<strong>Website:<\/strong>\u00a0<a href=\"https:\/\/www.minhphuco.com\/\" target=\"_blank\" rel=\"noopener noreferrer\">www.minhphuco.com<\/a><\/p>\n<p class=\"ds-markdown-paragraph\">\ud83d\udc49\u00a0<strong>Li\u00ean h\u1ec7 ngay<\/strong>\u00a0\u0111\u1ec3 \u0111\u01b0\u1ee3c b\u00e1o gi\u00e1 l\u1ecdc t\u00e1ch d\u1ea7u Rietschle ZS1202854, c\u00e1c b\u1ed9 k\u00edt 1029300202, 1029300204, 1029270203, 1029300203 v\u00e0 nh\u1eadn \u01b0u \u0111\u00e3i khi mua s\u1ed1 l\u01b0\u1ee3ng 3 c\u00e1i\/m\u00e1y.<\/p>\n<hr \/>\n<h2><span class=\"ez-toc-section\" id=\"7_Huong_dan_bao_duong_va_thay_the\"><\/span>7. H\u01b0\u1edbng d\u1eabn b\u1ea3o d\u01b0\u1ee1ng v\u00e0 thay th\u1ebf<span class=\"ez-toc-section-end\"><\/span><\/h2>\n<ul>\n<li>\n<p class=\"ds-markdown-paragraph\">Lu\u00f4n thay\u00a0<strong>3 c\u00e1i l\u1ecdc\/m\u00e1y<\/strong>\u00a0c\u00f9ng l\u00fac \u0111\u1ec3 \u0111\u1ea3m b\u1ea3o c\u00e2n b\u1eb1ng \u00e1p su\u1ea5t v\u00e0 hi\u1ec7u su\u1ea5t t\u00e1ch d\u1ea7u.<\/p>\n<\/li>\n<li>\n<p class=\"ds-markdown-paragraph\">K\u1ebft h\u1ee3p thay l\u1ecdc gi\u00f3, l\u1ecdc d\u1ea7u, van nhi\u1ec7t khi b\u1ea3o d\u01b0\u1ee1ng \u0111\u1ecbnh k\u1ef3.<\/p>\n<\/li>\n<li>\n<p class=\"ds-markdown-paragraph\">V\u1ec7 sinh bu\u1ed3ng l\u1ecdc s\u1ea1ch s\u1ebd tr\u01b0\u1edbc khi l\u1eafp l\u1ecdc m\u1edbi.<\/p>\n<\/li>\n<li>\n<p class=\"ds-markdown-paragraph\">Si\u1ebft \u0111\u00fang l\u1ef1c (torque) theo h\u01b0\u1edbng d\u1eabn c\u1ee7a Rietschle, tr\u00e1nh r\u00f2 r\u1ec9 kh\u00ed n\u00e9n.<\/p>\n<\/li>\n<li>\n<p class=\"ds-markdown-paragraph\">Sau thay l\u1ecdc, ch\u1ea1y test m\u00e1y v\u00e0 ki\u1ec3m tra \u0111\u1ed9 ch\u00eanh \u00e1p.<\/p>\n<\/li>\n<\/ul>\n<p class=\"ds-markdown-paragraph\">N\u1ebfu qu\u00fd kh\u00e1ch kh\u00f4ng r\u00f5 quy tr\u00ecnh, \u0111\u1ed9i ng\u0169 k\u1ef9 thu\u1eadt Minh Ph\u00fa s\u1eb5n s\u00e0ng h\u1ed7 tr\u1ee3 t\u1eeb xa ho\u1eb7c c\u1eed ng\u01b0\u1eddi \u0111\u1ebfn t\u1eadn n\u01a1i (t\u00f9y khu v\u1ef1c).<\/p>\n<hr \/>\n<h2><span class=\"ez-toc-section\" id=\"8_Ket_luan\"><\/span>8. K\u1ebft lu\u1eadn<span class=\"ez-toc-section-end\"><\/span><\/h2>\n<p class=\"ds-markdown-paragraph\"><strong>L\u1ecdc t\u00e1ch d\u1ea7u Rietschle ZS1202854<\/strong>\u00a0l\u00e0 ph\u1ee5 t\u00f9ng thi\u1ebft y\u1ebfu cho m\u00e1y n\u00e9n kh\u00ed d\u00f2ng V-VCS75, V-VCS100, V-VCX75, V-VCX100. S\u1eed d\u1ee5ng \u0111\u00fang m\u00e3 v\u00e0 thay th\u1ebf \u0111\u00fang \u0111\u1ecbnh k\u1ef3 gi\u00fap m\u00e1y n\u00e9n kh\u00ed ho\u1ea1t \u0111\u1ed9ng b\u1ec1n b\u1ec9, kh\u00ed n\u00e9n s\u1ea1ch, ti\u1ebft ki\u1ec7m chi ph\u00ed v\u1eadn h\u00e0nh. H\u00e3y mua h\u00e0ng ch\u00ednh h\u00e3ng t\u1ea1i\u00a0<strong>Minh Ph\u00fa<\/strong>\u00a0\u0111\u1ec3 \u0111\u01b0\u1ee3c gi\u00e1 t\u1ed1t v\u00e0 h\u1ed7 tr\u1ee3 k\u1ef9 thu\u1eadt t\u1eadn t\u00ecnh.<\/p>\n","protected":false},"excerpt":{"rendered":"<p>L\u1ecdc t\u00e1ch d\u1ea7u\u00a0 Rietschle ZS1202854<\/p>\n[caption id=\"attachment_9065\" align=\"alignnone\" width=\"600\"]<img fetchpriority=\"high\" decoding=\"async\" class=\"wp-image-9065 size-full\" src=\"https:\/\/mpvane.com\/wp-content\/uploads\/2026\/04\/loc-tach-dau-ZS1203399-rietschle.jpg\" alt=\"l\u1ecdc t\u00e1ch d\u1ea7u ZS1202854\" width=\"600\" height=\"600\" srcset=\"https:\/\/mpvane.com\/wp-content\/uploads\/2026\/04\/loc-tach-dau-ZS1203399-rietschle.jpg 600w, https:\/\/mpvane.com\/wp-content\/uploads\/2026\/04\/loc-tach-dau-ZS1203399-rietschle-300x300.jpg 300w, https:\/\/mpvane.com\/wp-content\/uploads\/2026\/04\/loc-tach-dau-ZS1203399-rietschle-150x150.jpg 150w\" sizes=\"(max-width: 600px) 100vw, 600px\" \/> d\u00f9ng cho b\u01a1m gardnerdenver[\/caption]\n","protected":false},"featured_media":9065,"comment_status":"open","ping_status":"closed","template":"","meta":{"_acf_changed":false},"product_brand":[],"product_cat":[702,718],"product_tag":[2894],"class_list":{"0":"post-9068","1":"product","2":"type-product","3":"status-publish","4":"has-post-thumbnail","6":"product_cat-loc-chan-khong","7":"product_cat-loc-elemo-rietschle","8":"product_tag-zs1202854","10":"first","11":"instock","12":"shipping-taxable","13":"product-type-simple"},"acf":[],"_links":{"self":[{"href":"https:\/\/mpvane.com\/en\/wp-json\/wp\/v2\/product\/9068","targetHints":{"allow":["GET"]}}],"collection":[{"href":"https:\/\/mpvane.com\/en\/wp-json\/wp\/v2\/product"}],"about":[{"href":"https:\/\/mpvane.com\/en\/wp-json\/wp\/v2\/types\/product"}],"replies":[{"embeddable":true,"href":"https:\/\/mpvane.com\/en\/wp-json\/wp\/v2\/comments?post=9068"}],"version-history":[{"count":1,"href":"https:\/\/mpvane.com\/en\/wp-json\/wp\/v2\/product\/9068\/revisions"}],"predecessor-version":[{"id":9069,"href":"https:\/\/mpvane.com\/en\/wp-json\/wp\/v2\/product\/9068\/revisions\/9069"}],"wp:featuredmedia":[{"embeddable":true,"href":"https:\/\/mpvane.com\/en\/wp-json\/wp\/v2\/media\/9065"}],"wp:attachment":[{"href":"https:\/\/mpvane.com\/en\/wp-json\/wp\/v2\/media?parent=9068"}],"wp:term":[{"taxonomy":"product_brand","embeddable":true,"href":"https:\/\/mpvane.com\/en\/wp-json\/wp\/v2\/product_brand?post=9068"},{"taxonomy":"product_cat","embeddable":true,"href":"https:\/\/mpvane.com\/en\/wp-json\/wp\/v2\/product_cat?post=9068"},{"taxonomy":"product_tag","embeddable":true,"href":"https:\/\/mpvane.com\/en\/wp-json\/wp\/v2\/product_tag?post=9068"}],"curies":[{"name":"wp","href":"https:\/\/api.w.org\/{rel}","templated":true}]}}