{"id":9055,"date":"2026-04-21T13:25:06","date_gmt":"2026-04-21T06:25:06","guid":{"rendered":"https:\/\/mpvane.com\/?post_type=product&#038;p=9055"},"modified":"2026-04-21T14:42:02","modified_gmt":"2026-04-21T07:42:02","slug":"loc-tach-dau-zs1205847","status":"publish","type":"product","link":"https:\/\/mpvane.com\/en\/san-pham\/loc-tach-dau-zs1205847\/","title":{"rendered":"L\u1ecdc t\u00e1ch d\u1ea7u ZS1205847"},"content":{"rendered":"<div id=\"ez-toc-container\" class=\"ez-toc-v2_0_75 counter-hierarchy ez-toc-counter ez-toc-grey ez-toc-container-direction\">\n<div class=\"ez-toc-title-container\">\n<p class=\"ez-toc-title\" style=\"cursor:inherit\">Table of Contents<\/p>\n<span class=\"ez-toc-title-toggle\"><a href=\"#\" class=\"ez-toc-pull-right ez-toc-btn ez-toc-btn-xs ez-toc-btn-default ez-toc-toggle\" aria-label=\"Toggle Table of Content\"><span class=\"ez-toc-js-icon-con\"><span class=\"\"><span class=\"eztoc-hide\" style=\"display:none;\">Toggle<\/span><span class=\"ez-toc-icon-toggle-span\"><svg style=\"fill: #999;color:#999\" xmlns=\"http:\/\/www.w3.org\/2000\/svg\" class=\"list-377408\" width=\"20px\" height=\"20px\" viewBox=\"0 0 24 24\" fill=\"none\"><path d=\"M6 6H4v2h2V6zm14 0H8v2h12V6zM4 11h2v2H4v-2zm16 0H8v2h12v-2zM4 16h2v2H4v-2zm16 0H8v2h12v-2z\" fill=\"currentColor\"><\/path><\/svg><svg style=\"fill: #999;color:#999\" class=\"arrow-unsorted-368013\" xmlns=\"http:\/\/www.w3.org\/2000\/svg\" width=\"10px\" height=\"10px\" viewBox=\"0 0 24 24\" version=\"1.2\" baseProfile=\"tiny\"><path d=\"M18.2 9.3l-6.2-6.3-6.2 6.3c-.2.2-.3.4-.3.7s.1.5.3.7c.2.2.4.3.7.3h11c.3 0 .5-.1.7-.3.2-.2.3-.5.3-.7s-.1-.5-.3-.7zM5.8 14.7l6.2 6.3 6.2-6.3c.2-.2.3-.5.3-.7s-.1-.5-.3-.7c-.2-.2-.4-.3-.7-.3h-11c-.3 0-.5.1-.7.3-.2.2-.3.5-.3.7s.1.5.3.7z\"\/><\/svg><\/span><\/span><\/span><\/a><\/span><\/div>\n<nav><ul class='ez-toc-list ez-toc-list-level-1 ' ><li class='ez-toc-page-1 ez-toc-heading-level-2'><a class=\"ez-toc-link ez-toc-heading-1\" href=\"https:\/\/mpvane.com\/en\/san-pham\/loc-tach-dau-zs1205847\/#1_Loc_tach_dau_Rietschle_ZS1205847_la_gi\" >1. L\u1ecdc t\u00e1ch d\u1ea7u Rietschle ZS1205847 l\u00e0 g\u00ec?<\/a><\/li><li class='ez-toc-page-1 ez-toc-heading-level-2'><a class=\"ez-toc-link ez-toc-heading-2\" href=\"https:\/\/mpvane.com\/en\/san-pham\/loc-tach-dau-zs1205847\/#2_Thong_so_ky_thuat_chi_tiet\" >2. Th\u00f4ng s\u1ed1 k\u1ef9 thu\u1eadt chi ti\u1ebft<\/a><\/li><li class='ez-toc-page-1 ez-toc-heading-level-2'><a class=\"ez-toc-link ez-toc-heading-3\" href=\"https:\/\/mpvane.com\/en\/san-pham\/loc-tach-dau-zs1205847\/#3_Ung_dung_tren_cac_dong_may_nen_khi_Rietschle\" >3. \u1ee8ng d\u1ee5ng tr\u00ean c\u00e1c d\u00f2ng m\u00e1y n\u00e9n kh\u00ed Rietschle<\/a><ul class='ez-toc-list-level-3' ><li class='ez-toc-heading-level-3'><a class=\"ez-toc-link ez-toc-heading-4\" href=\"https:\/\/mpvane.com\/en\/san-pham\/loc-tach-dau-zs1205847\/#Vi_tri_lap_dat\" >V\u1ecb tr\u00ed l\u1eafp \u0111\u1eb7t<\/a><\/li><\/ul><\/li><li class='ez-toc-page-1 ez-toc-heading-level-2'><a class=\"ez-toc-link ez-toc-heading-5\" href=\"https:\/\/mpvane.com\/en\/san-pham\/loc-tach-dau-zs1205847\/#4_Loc_ZS1205847_co_trong_cac_bo_kit_thay_the_nao\" >4. L\u1ecdc ZS1205847 c\u00f3 trong c\u00e1c b\u1ed9 kit thay th\u1ebf n\u00e0o?<\/a><\/li><li class='ez-toc-page-1 ez-toc-heading-level-2'><a class=\"ez-toc-link ez-toc-heading-6\" href=\"https:\/\/mpvane.com\/en\/san-pham\/loc-tach-dau-zs1205847\/#5_Dau_hieu_can_thay_loc_tach_dau_ZS1205847\" >5. D\u1ea5u hi\u1ec7u c\u1ea7n thay l\u1ecdc t\u00e1ch d\u1ea7u ZS1205847<\/a><\/li><li class='ez-toc-page-1 ez-toc-heading-level-2'><a class=\"ez-toc-link ez-toc-heading-7\" href=\"https:\/\/mpvane.com\/en\/san-pham\/loc-tach-dau-zs1205847\/#6_Huong_dan_thay_loc_tach_dau_ZS1205847_4_buoc\" >6. H\u01b0\u1edbng d\u1eabn thay l\u1ecdc t\u00e1ch d\u1ea7u ZS1205847 (4 b\u01b0\u1edbc)<\/a><\/li><li class='ez-toc-page-1 ez-toc-heading-level-2'><a class=\"ez-toc-link ez-toc-heading-8\" href=\"https:\/\/mpvane.com\/en\/san-pham\/loc-tach-dau-zs1205847\/#7_Mua_loc_tach_dau_Rietschle_ZS1205847_chinh_hang_o_dau\" >7. Mua l\u1ecdc t\u00e1ch d\u1ea7u Rietschle ZS1205847 ch\u00ednh h\u00e3ng \u1edf \u0111\u00e2u?<\/a><\/li><\/ul><\/nav><\/div>\n<h2><span class=\"ez-toc-section\" id=\"1_Loc_tach_dau_Rietschle_ZS1205847_la_gi\"><\/span>1. L\u1ecdc t\u00e1ch d\u1ea7u Rietschle ZS1205847 l\u00e0 g\u00ec?<span class=\"ez-toc-section-end\"><\/span><\/h2>\n<p class=\"ds-markdown-paragraph\"><strong>L\u1ecdc t\u00e1ch d\u1ea7u Rietschle ZS1205847<\/strong>\u00a0l\u00e0 ph\u1ee5 t\u00f9ng quan tr\u1ecdng trong h\u1ec7 th\u1ed1ng m\u00e1y n\u00e9n kh\u00ed kh\u00f4ng d\u1ea7u (ho\u1eb7c c\u00f3 d\u1ea7u) c\u1ee7a th\u01b0\u01a1ng hi\u1ec7u Rietschle \u2013 Gardner Denver. S\u1ea3n ph\u1ea9m c\u00f3 nhi\u1ec7m v\u1ee5\u00a0<strong>t\u00e1ch d\u1ea7u kh\u1ecfi kh\u00ed n\u00e9n \u0111\u1ea7u ra<\/strong>, \u0111\u1ea3m b\u1ea3o kh\u00ed s\u1ea1ch, b\u1ea3o v\u1ec7 c\u00e1c van, \u0111\u01b0\u1eddng \u1ed1ng v\u00e0 thi\u1ebft b\u1ecb ph\u00eda sau.<\/p>\n<p class=\"ds-markdown-paragraph\">V\u1edbi m\u00e3 ZS1205847, \u0111\u00e2y l\u00e0 b\u1ed9 l\u1ecdc \u0111\u01b0\u1ee3c thi\u1ebft k\u1ebf ri\u00eang cho d\u00f2ng m\u00e1y n\u00e9n kh\u00ed ch\u00e2n kh\u00f4ng V-VCS v\u00e0 V-VCX, gi\u00fap duy tr\u00ec hi\u1ec7u su\u1ea5t ho\u1ea1t \u0111\u1ed9ng \u1ed5n \u0111\u1ecbnh, k\u00e9o d\u00e0i tu\u1ed5i th\u1ecd \u0111\u1ed9ng c\u01a1.<\/p>\n<hr \/>\n<h2><span class=\"ez-toc-section\" id=\"2_Thong_so_ky_thuat_chi_tiet\"><\/span>2. Th\u00f4ng s\u1ed1 k\u1ef9 thu\u1eadt chi ti\u1ebft<span class=\"ez-toc-section-end\"><\/span><\/h2>\n<div class=\"ds-scroll-area ds-scroll-area--show-on-focus-within _1210dd7 c03cafe9\">\n<div class=\"ds-scroll-area__gutters\">\n<div class=\"ds-scroll-area__horizontal-gutter\"><\/div>\n<div class=\"ds-scroll-area__vertical-gutter\"><\/div>\n<\/div>\n<table>\n<thead>\n<tr>\n<th>Th\u00f4ng s\u1ed1<\/th>\n<th>Gi\u00e1 tr\u1ecb<\/th>\n<\/tr>\n<\/thead>\n<tbody>\n<tr>\n<td>M\u00e3 s\u1ea3n ph\u1ea9m<\/td>\n<td>Rietschle ZS1205847<\/td>\n<\/tr>\n<tr>\n<td>T\u1ed5ng chi\u1ec1u cao<\/td>\n<td>176 mm<\/td>\n<\/tr>\n<tr>\n<td>\u0110\u01b0\u1eddng k\u00ednh l\u1edbn nh\u1ea5t<\/td>\n<td>97 mm<\/td>\n<\/tr>\n<tr>\n<td>\u0110\u01b0\u1eddng k\u00ednh nh\u1ecf nh\u1ea5t (ch\u00e2n ren)<\/td>\n<td>41 mm<\/td>\n<\/tr>\n<tr>\n<td>Tr\u1ecdng l\u01b0\u1ee3ng<\/td>\n<td>~260 gram<\/td>\n<\/tr>\n<tr>\n<td>Ch\u1ea5t li\u1ec7u<\/td>\n<td>L\u00f5i l\u1ecdc gi\u1ea5y + cao su\/ kim lo\u1ea1i ch\u1ecbu d\u1ea7u<\/td>\n<\/tr>\n<\/tbody>\n<\/table>\n<\/div>\n<blockquote>\n<p class=\"ds-markdown-paragraph\"><em>L\u01b0u \u00fd:<\/em>\u00a0K\u00edch th\u01b0\u1edbc ch\u00ednh x\u00e1c gi\u00fap b\u1ea1n d\u1ec5 d\u00e0ng ki\u1ec3m tra tr\u01b0\u1edbc khi mua, tr\u00e1nh nh\u1ea7m l\u1eabn v\u1edbi c\u00e1c m\u00e3 l\u1ecdc kh\u00e1c.<\/p>\n<\/blockquote>\n<hr \/>\n<h2><span class=\"ez-toc-section\" id=\"3_Ung_dung_tren_cac_dong_may_nen_khi_Rietschle\"><\/span>3. \u1ee8ng d\u1ee5ng tr\u00ean c\u00e1c d\u00f2ng m\u00e1y n\u00e9n kh\u00ed Rietschle<span class=\"ez-toc-section-end\"><\/span><\/h2>\n<p class=\"ds-markdown-paragraph\">L\u1ecdc t\u00e1ch d\u1ea7u ZS1205847 \u0111\u01b0\u1ee3c s\u1eed d\u1ee5ng cho c\u00e1c model sau,\u00a0<strong>m\u1ed7i m\u00e1y c\u1ea7n 4 c\u00e1i<\/strong>:<\/p>\n<ul>\n<li>\n<p class=\"ds-markdown-paragraph\"><strong>V-VCS200<\/strong>\u00a0\u2192 4 c\u00e1i\/m\u00e1y<\/p>\n<\/li>\n<li>\n<p class=\"ds-markdown-paragraph\"><strong>V-VCS300<\/strong>\u00a0\u2192 4 c\u00e1i\/m\u00e1y<\/p>\n<\/li>\n<li>\n<p class=\"ds-markdown-paragraph\"><strong>V-VCX200<\/strong>\u00a0\u2192 4 c\u00e1i\/m\u00e1y<\/p>\n<\/li>\n<li>\n<p class=\"ds-markdown-paragraph\"><strong>V-VCX300<\/strong>\u00a0\u2192 4 c\u00e1i\/m\u00e1y<\/p>\n<\/li>\n<\/ul>\n<h3><span class=\"ez-toc-section\" id=\"Vi_tri_lap_dat\"><\/span>V\u1ecb tr\u00ed l\u1eafp \u0111\u1eb7t<span class=\"ez-toc-section-end\"><\/span><\/h3>\n<ul>\n<li>\n<p class=\"ds-markdown-paragraph\"><strong>V\u1ecb tr\u00ed s\u1ed1 24<\/strong>\u00a0trong s\u01a1 \u0111\u1ed3 b\u1ea3o tr\u00ec m\u00e1y (theo t\u00e0i li\u1ec7u h\u00e3ng).<\/p>\n<\/li>\n<li>\n<p class=\"ds-markdown-paragraph\">Th\u01b0\u1eddng n\u1eb1m trong c\u1ee5m t\u00e1ch d\u1ea7u s\u01a1 c\u1ea5p, ph\u00eda sau b\u00ecnh t\u00e1ch.<\/p>\n<\/li>\n<\/ul>\n<hr \/>\n<h2><span class=\"ez-toc-section\" id=\"4_Loc_ZS1205847_co_trong_cac_bo_kit_thay_the_nao\"><\/span>4. L\u1ecdc ZS1205847 c\u00f3 trong c\u00e1c b\u1ed9 kit thay th\u1ebf n\u00e0o?<span class=\"ez-toc-section-end\"><\/span><\/h2>\n<p class=\"ds-markdown-paragraph\">\u0110\u1ec3 thu\u1eadn ti\u1ec7n cho vi\u1ec7c b\u1ea3o tr\u00ec, nh\u00e0 s\u1ea3n xu\u1ea5t \u0111\u00f3ng g\u00f3i l\u1ecdc n\u00e0y trong c\u00e1c\u00a0<strong>b\u1ed9 kit ph\u1ee5 t\u00f9ng<\/strong>\u00a0sau:<\/p>\n<div class=\"ds-scroll-area ds-scroll-area--show-on-focus-within _1210dd7 c03cafe9\">\n<div class=\"ds-scroll-area__gutters\">\n<div class=\"ds-scroll-area__horizontal-gutter\"><\/div>\n<div class=\"ds-scroll-area__vertical-gutter\"><\/div>\n<\/div>\n<table>\n<thead>\n<tr>\n<th>M\u00e3 kit<\/th>\n<th>M\u00f4 t\u1ea3<\/th>\n<\/tr>\n<\/thead>\n<tbody>\n<tr>\n<td>1029350102<\/td>\n<td>Kit b\u1ea3o d\u01b0\u1ee1ng cho V-VCS200 \/ V-VCX200 (bao g\u1ed3m l\u1ecdc ZS1205847)<\/td>\n<\/tr>\n<tr>\n<td>1029350104<\/td>\n<td>Kit b\u1ea3o d\u01b0\u1ee1ng cho V-VCS300 \/ V-VCX300<\/td>\n<\/tr>\n<tr>\n<td>1029360103<\/td>\n<td>Kit l\u1ecdc t\u00e1ch d\u1ea7u m\u1edf r\u1ed9ng (c\u00f3 th\u1ec3 thay th\u1ebf \u0111\u1ecbnh k\u1ef3)<\/td>\n<\/tr>\n<\/tbody>\n<\/table>\n<\/div>\n<blockquote>\n<p class=\"ds-markdown-paragraph\"><strong>M\u1eb9o:<\/strong>\u00a0Mua theo kit s\u1ebd ti\u1ebft ki\u1ec7m chi ph\u00ed h\u01a1n v\u00e0 \u0111\u1ea3m b\u1ea3o \u0111\u1ed3ng b\u1ed9 c\u00e1c ph\u1ee5 ki\u1ec7n nh\u01b0 gio\u0103ng, l\u1ecdc gi\u00f3, l\u1ecdc d\u1ea7u.<\/p>\n<\/blockquote>\n<hr \/>\n<h2><span class=\"ez-toc-section\" id=\"5_Dau_hieu_can_thay_loc_tach_dau_ZS1205847\"><\/span>5. D\u1ea5u hi\u1ec7u c\u1ea7n thay l\u1ecdc t\u00e1ch d\u1ea7u ZS1205847<span class=\"ez-toc-section-end\"><\/span><\/h2>\n<ul>\n<li>\n<p class=\"ds-markdown-paragraph\">\u00c1p su\u1ea5t \u0111\u1ea7u ra gi\u1ea3m r\u00f5 r\u1ec7t.<\/p>\n<\/li>\n<li>\n<p class=\"ds-markdown-paragraph\">Kh\u00ed n\u00e9n c\u00f3 l\u1eabn d\u1ea7u (ki\u1ec3m tra b\u1eb1ng gi\u1ea5y tr\u1eafng ho\u1eb7c m\u00f9i).<\/p>\n<\/li>\n<li>\n<p class=\"ds-markdown-paragraph\">Ti\u00eau hao d\u1ea7u nh\u1eddn b\u1ea5t th\u01b0\u1eddng (n\u1ebfu m\u00e1y d\u00f9ng d\u1ea7u).<\/p>\n<\/li>\n<li>\n<p class=\"ds-markdown-paragraph\">\u0110\u00e8n b\u1ea3o tr\u00ec tr\u00ean m\u00e1y Rietschle b\u00e1o l\u1ed7i l\u1ecdc t\u00e1ch.<\/p>\n<\/li>\n<li>\n<p class=\"ds-markdown-paragraph\">M\u00e1y ch\u1ea1y n\u00f3ng h\u01a1n b\u00ecnh th\u01b0\u1eddng.<\/p>\n<\/li>\n<\/ul>\n<blockquote>\n<p class=\"ds-markdown-paragraph\"><em>\u0110\u1ecbnh k\u1ef3 thay m\u1edbi:<\/em>\u00a0Sau 2000\u20134000 gi\u1edd v\u1eadn h\u00e0nh ho\u1eb7c 6\u201312 th\u00e1ng t\u00f9y m\u00f4i tr\u01b0\u1eddng.<\/p>\n<\/blockquote>\n<hr \/>\n<h2><span class=\"ez-toc-section\" id=\"6_Huong_dan_thay_loc_tach_dau_ZS1205847_4_buoc\"><\/span>6. H\u01b0\u1edbng d\u1eabn thay l\u1ecdc t\u00e1ch d\u1ea7u <a href=\"https:\/\/mpvane.com\/product-category\/loc-chan-khong\/loc-elemo-rietschle\/\">ZS1205847<\/a> (4 b\u01b0\u1edbc)<span class=\"ez-toc-section-end\"><\/span><\/h2>\n<ol start=\"1\">\n<li>\n<p class=\"ds-markdown-paragraph\"><strong>Ng\u1eebng m\u00e1y<\/strong>\u00a0\u2013 C\u1eaft \u0111i\u1ec7n, x\u1ea3 \u00e1p ho\u00e0n to\u00e0n.<\/p>\n<\/li>\n<li>\n<p class=\"ds-markdown-paragraph\"><strong>Th\u00e1o c\u1ee5m t\u00e1ch d\u1ea7u<\/strong>\u00a0\u2013 M\u1edf bu\u1ed3ng l\u1ecdc s\u1ed1 24 (theo s\u01a1 \u0111\u1ed3).<\/p>\n<\/li>\n<li>\n<p class=\"ds-markdown-paragraph\"><strong>L\u1ea5y l\u1ecdc c\u0169<\/strong>\u00a0\u2013 V\u1ec7 sinh s\u1ea1ch b\u1ec1 m\u1eb7t ti\u1ebfp x\u00fac, ki\u1ec3m tra gio\u0103ng cao su.<\/p>\n<\/li>\n<li>\n<p class=\"ds-markdown-paragraph\"><strong>L\u1eafp l\u1ecdc m\u1edbi<\/strong>\u00a0\u2013 \u0110\u00fang chi\u1ec1u, si\u1ebft ch\u1eb7t v\u1eeba ph\u1ea3i, l\u1eafp l\u1ea1i c\u1ee5m t\u00e1ch.<\/p>\n<\/li>\n<\/ol>\n<blockquote>\n<p class=\"ds-markdown-paragraph\"><em>L\u01b0u \u00fd:<\/em>\u00a0Sau khi thay, ch\u1ea1y th\u1eed v\u00e0 ki\u1ec3m tra r\u00f2 r\u1ec9 d\u1ea7u\/kh\u00ed.<\/p>\n<\/blockquote>\n<hr \/>\n<h2><span class=\"ez-toc-section\" id=\"7_Mua_loc_tach_dau_Rietschle_ZS1205847_chinh_hang_o_dau\"><\/span>7. Mua l\u1ecdc t\u00e1ch d\u1ea7u Rietschle ZS1205847 ch\u00ednh h\u00e3ng \u1edf \u0111\u00e2u?<span class=\"ez-toc-section-end\"><\/span><\/h2>\n<p class=\"ds-markdown-paragraph\">\u0110\u1ec3 \u0111\u1ea3m b\u1ea3o hi\u1ec7u su\u1ea5t m\u00e1y n\u00e9n kh\u00ed, b\u1ea1n n\u00ean ch\u1ecdn s\u1ea3n ph\u1ea9m ch\u00ednh h\u00e3ng ho\u1eb7c ch\u1ea5t l\u01b0\u1ee3ng t\u01b0\u01a1ng \u0111\u01b0\u01a1ng t\u1eeb c\u00e1c nh\u00e0 cung c\u1ea5p uy t\u00edn. Ch\u00fang t\u00f4i cung c\u1ea5p:<\/p>\n<ul>\n<li>\n<p class=\"ds-markdown-paragraph\">\u2705 L\u1ecdc ZS1205847 cam k\u1ebft \u0111\u00fang k\u00edch th\u01b0\u1edbc 176x97x41mm, tr\u1ecdng l\u01b0\u1ee3ng ~260g.<\/p>\n<\/li>\n<li>\n<p class=\"ds-markdown-paragraph\">\u2705 H\u00e0ng c\u00f3 s\u1eb5n s\u1ed1 l\u01b0\u1ee3ng l\u1edbn (t\u1eeb 1 \u0111\u1ebfn 100 c\u00e1i).<\/p>\n<\/li>\n<li>\n<p class=\"ds-markdown-paragraph\">\u2705 H\u1ed7 tr\u1ee3 xu\u1ea5t h\u00f3a \u0111\u01a1n VAT, giao h\u00e0ng to\u00e0n qu\u1ed1c.<\/p>\n<\/li>\n<li>\n<p class=\"ds-markdown-paragraph\">\u2705 B\u1ea3o h\u00e0nh 6 th\u00e1ng l\u1ed7i s\u1ea3n xu\u1ea5t.<\/p>\n<\/li>\n<\/ul>\n<p class=\"ds-markdown-paragraph\"><strong>Li\u00ean h\u1ec7 ngay<\/strong>\u00a0\u0111\u1ec3 \u0111\u01b0\u1ee3c t\u01b0 v\u1ea5n k\u1ef9 thu\u1eadt v\u00e0 b\u00e1o gi\u00e1 t\u1ed1t nh\u1ea5t cho doanh nghi\u1ec7p c\u1ee7a b\u1ea1n.<\/p>\n<p class=\"ds-markdown-paragraph\">\ud83d\udcde\u00a0<strong>Hotline:<\/strong>\u00a0 0985459559 , Zalo : 0985490343 \/ 0985843778<br \/>\n\ud83d\udce7\u00a0<strong>Email:<\/strong> sales@minhphuco.vn<br \/>\n\ud83c\udf10\u00a0<strong>Website:<\/strong> <a href=\"https:\/\/minhphuco.com\/loc-tach-dau-zs1205847\" target=\"_blank\" rel=\"noopener\">www.minhphuco.com<\/a> \u2013 chuy\u00ean ph\u1ee5 t\u00f9ng m\u00e1y b\u01a1m h\u00fat ch\u00e2n kh\u00f4ng Rietschle, Busch, Leybold, Becker.<\/p>\n","protected":false},"excerpt":{"rendered":"<p>L\u1ecdc t\u00e1ch d\u1ea7u\u00a0 Rietschle ZS1205847<\/p>\n<p>T\u1ed5ng chi\u1ec1u cao 176 mm x \u0110\u01b0\u1eddng k\u00ednh l\u1edbn nh\u1ea5t 97 mm x \u0110\u01b0\u1eddng k\u00ednh nh\u1ecf nh\u1ea5t 41 mm<\/p>\n<p>C\u00e2n n\u1eb7ng ~ 260g<\/p>\n","protected":false},"featured_media":9056,"comment_status":"open","ping_status":"closed","template":"","meta":{"_acf_changed":false},"product_brand":[],"product_cat":[702,718],"product_tag":[2862],"class_list":{"0":"post-9055","1":"product","2":"type-product","3":"status-publish","4":"has-post-thumbnail","6":"product_cat-loc-chan-khong","7":"product_cat-loc-elemo-rietschle","8":"product_tag-zs1205847","10":"first","11":"instock","12":"shipping-taxable","13":"product-type-simple"},"acf":[],"_links":{"self":[{"href":"https:\/\/mpvane.com\/en\/wp-json\/wp\/v2\/product\/9055","targetHints":{"allow":["GET"]}}],"collection":[{"href":"https:\/\/mpvane.com\/en\/wp-json\/wp\/v2\/product"}],"about":[{"href":"https:\/\/mpvane.com\/en\/wp-json\/wp\/v2\/types\/product"}],"replies":[{"embeddable":true,"href":"https:\/\/mpvane.com\/en\/wp-json\/wp\/v2\/comments?post=9055"}],"version-history":[{"count":4,"href":"https:\/\/mpvane.com\/en\/wp-json\/wp\/v2\/product\/9055\/revisions"}],"predecessor-version":[{"id":9061,"href":"https:\/\/mpvane.com\/en\/wp-json\/wp\/v2\/product\/9055\/revisions\/9061"}],"wp:featuredmedia":[{"embeddable":true,"href":"https:\/\/mpvane.com\/en\/wp-json\/wp\/v2\/media\/9056"}],"wp:attachment":[{"href":"https:\/\/mpvane.com\/en\/wp-json\/wp\/v2\/media?parent=9055"}],"wp:term":[{"taxonomy":"product_brand","embeddable":true,"href":"https:\/\/mpvane.com\/en\/wp-json\/wp\/v2\/product_brand?post=9055"},{"taxonomy":"product_cat","embeddable":true,"href":"https:\/\/mpvane.com\/en\/wp-json\/wp\/v2\/product_cat?post=9055"},{"taxonomy":"product_tag","embeddable":true,"href":"https:\/\/mpvane.com\/en\/wp-json\/wp\/v2\/product_tag?post=9055"}],"curies":[{"name":"wp","href":"https:\/\/api.w.org\/{rel}","templated":true}]}}