{"id":9047,"date":"2026-04-20T14:02:31","date_gmt":"2026-04-20T07:02:31","guid":{"rendered":"https:\/\/mpvane.com\/?post_type=product&#038;p=9047"},"modified":"2026-04-20T14:05:34","modified_gmt":"2026-04-20T07:05:34","slug":"loc-tach-dau-1630390495","status":"publish","type":"product","link":"https:\/\/mpvane.com\/en\/san-pham\/loc-tach-dau-1630390495\/","title":{"rendered":"L\u1ecdc t\u00e1ch d\u1ea7u 1630390495"},"content":{"rendered":"<p><strong>L\u1ecdc T\u00e1ch D\u1ea7u Atlas Copco 1630390495 Ch\u00ednh H\u00e3ng \u2013 Gi\u1ea3i Ph\u00e1p T\u1ed1i \u01afu Cho M\u00e1y N\u00e9n Kh\u00ed GHS VSD<\/strong><\/p>\n<p>B\u1ea1n \u0111ang t\u00ecm ki\u1ebfm\u00a0l\u1ecdc t\u00e1ch d\u1ea7u Atlas Copco 1630390495\u00a0ch\u00ednh h\u00e3ng cho d\u00f2ng m\u00e1y n\u00e9n kh\u00ed GHS VSD? S\u1ea3n ph\u1ea9m n\u00e0y \u0111\u00f3ng vai tr\u00f2 then ch\u1ed1t trong vi\u1ec7c \u0111\u1ea3m b\u1ea3o ch\u1ea5t l\u01b0\u1ee3ng kh\u00ed n\u00e9n \u0111\u1ea7u ra, b\u1ea3o v\u1ec7 thi\u1ebft b\u1ecb v\u00e0 k\u00e9o d\u00e0i tu\u1ed5i th\u1ecd d\u1ea7u nh\u1eddn. B\u00e0i vi\u1ebft d\u01b0\u1edbi \u0111\u00e2y cung c\u1ea5p \u0111\u1ea7y \u0111\u1ee7 th\u00f4ng tin v\u1ec1 quy c\u00e1ch, s\u1ed1 l\u01b0\u1ee3ng s\u1eed d\u1ee5ng, th\u1eddi gian thay th\u1ebf v\u00e0 h\u01b0\u1edbng d\u1eabn s\u1eed d\u1ee5ng chi ti\u1ebft.<\/p>\n<ol>\n<li><strong> Gi\u1edbi thi\u1ec7u v\u1ec1 l\u1ecdc t\u00e1ch d\u1ea7u Atlas Copco 1630390495<\/strong><\/li>\n<\/ol>\n<p>L\u1ecdc t\u00e1ch d\u1ea7u Atlas Copco 1630390495\u00a0l\u00e0 ph\u1ee5 t\u00f9ng ch\u00ednh h\u00e3ng d\u00e0nh ri\u00eang cho c\u00e1c d\u00f2ng m\u00e1y n\u00e9n kh\u00ed tr\u1ee5c v\u00edt GHS VSD. S\u1ea3n ph\u1ea9m c\u00f3 nhi\u1ec7m v\u1ee5 t\u00e1ch d\u1ea7u nh\u1eddn kh\u1ecfi d\u00f2ng kh\u00ed n\u00e9n sau khi n\u00e9n, \u0111\u1ea3m b\u1ea3o h\u00e0m l\u01b0\u1ee3ng d\u1ea7u trong kh\u00ed \u0111\u1ea7u ra c\u1ef1c th\u1ea5p (th\u01b0\u1eddng &lt; 3ppm), b\u1ea3o v\u1ec7 h\u1ec7 th\u1ed1ng kh\u00ed n\u00e9n v\u00e0 m\u00f4i tr\u01b0\u1eddng l\u00e0m vi\u1ec7c.<\/p>\n<p>\u01afu \u0111i\u1ec3m n\u1ed5i b\u1eadt:<\/p>\n<ul>\n<li>Hi\u1ec7u su\u1ea5t t\u00e1ch d\u1ea7u \u0111\u1ea1t 99.9%<\/li>\n<li>\u0110\u1ed9 b\u1ec1n cao, ho\u1ea1t \u0111\u1ed9ng \u1ed5n \u0111\u1ecbnh trong \u0111i\u1ec1u ki\u1ec7n t\u1ea3i thay \u0111\u1ed5i (VSD)<\/li>\n<li>L\u1eafp \u0111\u1eb7t d\u1ec5 d\u00e0ng, t\u01b0\u01a1ng th\u00edch ho\u00e0n h\u1ea3o v\u1edbi c\u00e1c d\u00f2ng m\u00e1y GHS VSD<\/li>\n<\/ul>\n<ol start=\"2\">\n<li><strong> Quy c\u00e1ch l\u1ecdc t\u00e1ch d\u1ea7u theo t\u1eebng d\u00f2ng m\u00e1y GHS VSD<\/strong><\/li>\n<\/ol>\n<p>T\u00f9y v\u00e0o t\u1eebng model m\u00e1y n\u00e9n kh\u00ed Atlas Copco, s\u1ed1 l\u01b0\u1ee3ng\u00a0l\u1ecdc t\u00e1ch d\u1ea7u 1630390495\u00a0c\u1ea7n s\u1eed d\u1ee5ng cho m\u1ed7i m\u00e1y l\u00e0 kh\u00e1c nhau. D\u01b0\u1edbi \u0111\u00e2y l\u00e0 b\u1ea3ng th\u00f4ng tin chi ti\u1ebft:<\/p>\n<p>L\u01b0u \u00fd:\u00a0C\u00e1c d\u00f2ng Turbo th\u01b0\u1eddng y\u00eau c\u1ea7u s\u1ed1 l\u01b0\u1ee3ng l\u1ecdc nhi\u1ec1u h\u01a1n do l\u01b0u l\u01b0\u1ee3ng kh\u00ed n\u00e9n l\u1edbn h\u01a1n.<\/p>\n<p>Ph\u00f9 h\u1ee3p cho c\u00e1c model b\u01a1m sau :<\/p>\n<p>GHS 350 VSD &gt;&gt; 1 m\u00e1y d\u00f9ng 3 c\u00e1i<\/p>\n<p>GHS 350 VSD Turbo &gt;&gt; 1 m\u00e1y d\u00f9ng 4 c\u00e1i<\/p>\n<p>GHS 585 VSD &gt;&gt; 1 m\u00e1y d\u00f9ng 4 c\u00e1i<\/p>\n<p>GHS 585 VSD Turbo &gt;&gt; 1 m\u00e1y d\u00f9ng 5 c\u00e1i<\/p>\n<p>GHS 730 VSD &gt;&gt; 1 m\u00e1y d\u00f9ng 5 c\u00e1i<\/p>\n<p>GHS 730 VSD Turbo &gt;&gt; 1 m\u00e1y d\u00f9ng 6 c\u00e1i<\/p>\n<p>GHS 900 VSD &gt;&gt; 1 m\u00e1y d\u00f9ng 6 c\u00e1i<\/p>\n<p>GHS 1300 VSD &gt;&gt; 1 m\u00e1y d\u00f9ng 8 c\u00e1i<\/p>\n<p>GHS 1600 VSD &gt;&gt; 1 m\u00e1y d\u00f9ng 10 c\u00e1i<\/p>\n<p>GHS 1900 VSD &gt;&gt; 1 m\u00e1y d\u00f9ng 12 c\u00e1i<\/p>\n<ol start=\"3\">\n<li><strong> Th\u1eddi gian thay th\u1ebf l\u1ecdc t\u00e1ch d\u1ea7u \u0111\u1ecbnh k\u1ef3<\/strong><\/li>\n<\/ol>\n<p>\u0110\u1ec3 \u0111\u1ea3m b\u1ea3o hi\u1ec7u su\u1ea5t t\u00e1ch d\u1ea7u t\u1ed1i \u01b0u,\u00a0l\u1ecdc t\u00e1ch d\u1ea7u Atlas Copco 1630390495\u00a0c\u1ea7n \u0111\u01b0\u1ee3c thay th\u1ebf theo \u0111\u00fang khuy\u1ebfn c\u00e1o c\u1ee7a nh\u00e0 s\u1ea3n xu\u1ea5t:<\/p>\n<ul>\n<li>Chu k\u1ef3 thay th\u1ebf ti\u00eau chu\u1ea9n:\u00a0Sau m\u1ed7i\u00a04.000 \u2013 6.000 gi\u1edd ho\u1ea1t \u0111\u1ed9ng\u00a0ho\u1eb7c\u00a01 n\u0103m\u00a0(t\u00f9y \u0111i\u1ec1u ki\u1ec7n n\u00e0o \u0111\u1ebfn tr\u01b0\u1edbc).<\/li>\n<li>D\u1ea5u hi\u1ec7u c\u1ea7n thay s\u1edbm h\u01a1n:\n<ul>\n<li>\u00c1p su\u1ea5t ch\u00eanh l\u1ec7ch qua l\u1ecdc t\u0103ng cao (c\u1ea3nh b\u00e1o tr\u00ean m\u00e0n h\u00ecnh \u0111i\u1ec1u khi\u1ec3n).<\/li>\n<li>H\u00e0m l\u01b0\u1ee3ng d\u1ea7u trong kh\u00ed n\u00e9n \u0111\u1ea7u ra t\u0103ng b\u1ea5t th\u01b0\u1eddng.<\/li>\n<li>Ti\u00eau hao d\u1ea7u nh\u1eddn nhi\u1ec1u h\u01a1n b\u00ecnh th\u01b0\u1eddng.<\/li>\n<\/ul>\n<\/li>\n<\/ul>\n<ol start=\"4\">\n<li><strong> H\u01b0\u1edbng d\u1eabn s\u1eed d\u1ee5ng v\u00e0 b\u1ea3o d\u01b0\u1ee1ng<\/strong><\/li>\n<\/ol>\n<p>C\u00e1c b\u01b0\u1edbc thay th\u1ebf l\u1ecdc t\u00e1ch d\u1ea7u 1630390495 (tham kh\u1ea3o, n\u00ean do k\u1ef9 thu\u1eadt vi\u00ean th\u1ef1c hi\u1ec7n):<\/p>\n<ol>\n<li>T\u1eaft m\u00e1y v\u00e0 x\u1ea3 \u00e1p:\u00a0\u0110\u1ea3m b\u1ea3o m\u00e1y n\u00e9n kh\u00ed \u0111\u00e3 t\u1eaft ho\u00e0n to\u00e0n, x\u1ea3 h\u1ebft \u00e1p su\u1ea5t trong h\u1ec7 th\u1ed1ng.<\/li>\n<li>Th\u00e1o l\u1ecdc c\u0169:\u00a0M\u1edf c\u1eeda b\u00ecnh t\u00e1ch, th\u00e1o c\u00e1c l\u1ecdc c\u0169 ra ngo\u00e0i.<\/li>\n<li>V\u1ec7 sinh bu\u1ed3ng l\u1ecdc:\u00a0L\u00e0m s\u1ea1ch c\u1eb7n b\u1ea9n, d\u1ea7u c\u0169 b\u00e1m trong b\u00ecnh t\u00e1ch.<\/li>\n<li>L\u1eafp l\u1ecdc m\u1edbi:\u00a0L\u1eafp t\u1eebng\u00a0l\u1ecdc t\u00e1ch d\u1ea7u 1630390495\u00a0m\u1edbi \u0111\u00fang s\u1ed1 l\u01b0\u1ee3ng theo model m\u00e1y.<\/li>\n<li>Thay d\u1ea7u nh\u1eddn \u0111i k\u00e8m:\u00a0N\u00ean thay to\u00e0n b\u1ed9 d\u1ea7u nh\u1eddn m\u00e1y n\u00e9n khi thay l\u1ecdc t\u00e1ch d\u1ea7u \u0111\u1ec3 \u0111\u1ea1t hi\u1ec7u qu\u1ea3 t\u1ed1t nh\u1ea5t.<\/li>\n<li>Ki\u1ec3m tra r\u00f2 r\u1ec9:\u00a0Kh\u1edfi \u0111\u1ed9ng m\u00e1y, ki\u1ec3m tra \u00e1p su\u1ea5t v\u00e0 kh\u00f4ng c\u00f3 r\u00f2 r\u1ec9.<\/li>\n<\/ol>\n<p>L\u01b0u \u00fd quan tr\u1ecdng:<\/p>\n<ul>\n<li>Lu\u00f4n s\u1eed d\u1ee5ng\u00a0d\u1ea7u nh\u1eddn ch\u00ednh h\u00e3ng Atlas Copco\u00a0(nh\u01b0 Roto Oil, Roto Z, Roto Extreme) \u0111i k\u00e8m v\u1edbi thay l\u1ecdc t\u00e1ch d\u1ea7u.<\/li>\n<li>Ghi nh\u1eadt k\u00fd b\u1ea3o tr\u00ec \u0111\u1ec3 theo d\u00f5i chu k\u1ef3 thay th\u1ebf.<\/li>\n<\/ul>\n<ol start=\"5\">\n<li><strong> T\u1ea1i sao n\u00ean mua l\u1ecdc t\u00e1ch d\u1ea7u Atlas Copco 1630390495 t\u1ea1i Minh Ph\u00fa?<\/strong><\/li>\n<\/ol>\n<p><a href=\"https:\/\/mpvane.com\/product-category\/loc-chan-khong\/\">Minh Ph\u00fa<\/a>\u00a0t\u1ef1 h\u00e0o l\u00e0 \u0111\u01a1n v\u1ecb cung c\u1ea5p ph\u1ee5 t\u00f9ng m\u00e1y n\u00e9n kh\u00ed Atlas Copco ch\u00ednh h\u00e3ng, uy t\u00edn h\u00e0ng \u0111\u1ea7u t\u1ea1i Vi\u1ec7t Nam.<\/p>\n<p>Cam k\u1ebft c\u1ee7a ch\u00fang t\u00f4i:<\/p>\n<ul>\n<li>\u2705 Gi\u00e1 c\u1ea1nh tranh, chi\u1ebft kh\u1ea5u t\u1ed1t cho kh\u00e1ch h\u00e0ng doanh nghi\u1ec7p v\u00e0 \u0111\u1ea1i l\u00fd.<\/li>\n<li>\u2705 H\u00e0ng c\u00f3 s\u1eb5n t\u1ea1i kho, giao h\u00e0ng nhanh tr\u00ean to\u00e0n qu\u1ed1c.<\/li>\n<li>\u2705 H\u1ed7 tr\u1ee3 k\u1ef9 thu\u1eadt, t\u01b0 v\u1ea5n l\u1eafp \u0111\u1eb7t v\u00e0 b\u1ea3o h\u00e0nh ch\u00ednh h\u00e3ng.<\/li>\n<\/ul>\n<ol start=\"6\">\n<li><strong> Th\u00f4ng tin li\u00ean h\u1ec7 \u0111\u1eb7t h\u00e0ng v\u00e0 t\u01b0 v\u1ea5n<\/strong><\/li>\n<\/ol>\n<p>\u0110\u1ec3 \u0111\u01b0\u1ee3c b\u00e1o gi\u00e1\u00a0l\u1ecdc t\u00e1ch d\u1ea7u Atlas Copco 1630390495\u00a0v\u00e0 c\u00e1c ph\u1ee5 t\u00f9ng ch\u00ednh h\u00e3ng kh\u00e1c, vui l\u00f2ng li\u00ean h\u1ec7:<\/p>\n<ul>\n<li>S\u1ed1 \u0111i\u1ec7n tho\u1ea1i \/ Zalo:\n<ul>\n<li>0985843778<\/li>\n<li>0985490343<\/li>\n<\/ul>\n<\/li>\n<li>Email:\u00a0sales@minhphuco.vn<\/li>\n<li>Website:\u00a0www.minhphuco.com<\/li>\n<\/ul>\n<p>\u0110\u1ed9i ng\u0169 k\u1ef9 thu\u1eadt v\u00e0 kinh doanh c\u1ee7a ch\u00fang t\u00f4i lu\u00f4n s\u1eb5n s\u00e0ng h\u1ed7 tr\u1ee3 24\/7.<\/p>\n<p>K\u1ebft lu\u1eadn:\u00a0\u0110\u1eebng \u0111\u1ec3 l\u1ecdc t\u00e1ch d\u1ea7u c\u0169 ho\u1eb7c kh\u00f4ng ch\u00ednh h\u00e3ng l\u00e0m gi\u1ea3m hi\u1ec7u su\u1ea5t m\u00e1y n\u00e9n kh\u00ed GHS VSD c\u1ee7a b\u1ea1n. H\u00e3y \u0111\u1ea7u t\u01b0 \u0111\u00fang ch\u1ee7ng lo\u1ea1i, \u0111\u00fang s\u1ed1 l\u01b0\u1ee3ng\u00a0l\u1ecdc t\u00e1ch d\u1ea7u Atlas Copco 1630390495\u00a0v\u00e0 thay th\u1ebf \u0111\u1ecbnh k\u1ef3 \u0111\u1ec3 ti\u1ebft ki\u1ec7m chi ph\u00ed v\u1eadn h\u00e0nh v\u00e0 b\u1ea3o v\u1ec7 thi\u1ebft b\u1ecb. Li\u00ean h\u1ec7 ngay v\u1edbi Minh Ph\u00fac O \u0111\u1ec3 \u0111\u01b0\u1ee3c t\u01b0 v\u1ea5n mi\u1ec5n ph\u00ed!<\/p>\n<p><em>T\u1eeb kh\u00f3a SEO \u0111\u00e3 \u0111\u01b0\u1ee3c t\u00edch h\u1ee3p:<\/em>\u00a0l\u1ecdc t\u00e1ch d\u1ea7u Atlas Copco 1630390495, l\u1ecdc t\u00e1ch d\u1ea7u GHS 350 VSD, l\u1ecdc t\u00e1ch d\u1ea7u GHS 585 VSD, l\u1ecdc t\u00e1ch d\u1ea7u GHS 730 VSD, l\u1ecdc t\u00e1ch d\u1ea7u GHS 900 VSD, l\u1ecdc t\u00e1ch d\u1ea7u GHS 1300 VSD, l\u1ecdc t\u00e1ch d\u1ea7u GHS 1600 VSD, l\u1ecdc t\u00e1ch d\u1ea7u GHS 1900 VSD, thay l\u1ecdc t\u00e1ch d\u1ea7u m\u00e1y n\u00e9n kh\u00ed Atlas Copco, ph\u1ee5 t\u00f9ng Atlas Copco ch\u00ednh h\u00e3ng.<\/p>\n<p>&nbsp;<\/p>\n","protected":false},"excerpt":{"rendered":"<p>L\u1ecdc t\u00e1ch d\u1ea7u Atlas copco 1630390495<\/p>\n<p>T\u1ed5ng chi\u1ec1u cao 370 mm x \u0110\u01b0\u1eddng k\u00ednh l\u1edbn nh\u1ea5t 95 mm x \u0110\u01b0\u1eddng k\u00ednh nh\u1ecf nh\u1ea5t 45 mm<\/p>\n<p>C\u00e2n n\u1eb7ng ~ g<\/p>\n","protected":false},"featured_media":9041,"comment_status":"open","ping_status":"closed","template":"","meta":{"_acf_changed":false},"product_brand":[],"product_cat":[702,721],"product_tag":[2859],"class_list":{"0":"post-9047","1":"product","2":"type-product","3":"status-publish","4":"has-post-thumbnail","6":"product_cat-loc-chan-khong","7":"product_cat-loc-atlas","8":"product_tag-2859","10":"first","11":"instock","12":"shipping-taxable","13":"product-type-simple"},"acf":[],"_links":{"self":[{"href":"https:\/\/mpvane.com\/en\/wp-json\/wp\/v2\/product\/9047","targetHints":{"allow":["GET"]}}],"collection":[{"href":"https:\/\/mpvane.com\/en\/wp-json\/wp\/v2\/product"}],"about":[{"href":"https:\/\/mpvane.com\/en\/wp-json\/wp\/v2\/types\/product"}],"replies":[{"embeddable":true,"href":"https:\/\/mpvane.com\/en\/wp-json\/wp\/v2\/comments?post=9047"}],"version-history":[{"count":2,"href":"https:\/\/mpvane.com\/en\/wp-json\/wp\/v2\/product\/9047\/revisions"}],"predecessor-version":[{"id":9049,"href":"https:\/\/mpvane.com\/en\/wp-json\/wp\/v2\/product\/9047\/revisions\/9049"}],"wp:featuredmedia":[{"embeddable":true,"href":"https:\/\/mpvane.com\/en\/wp-json\/wp\/v2\/media\/9041"}],"wp:attachment":[{"href":"https:\/\/mpvane.com\/en\/wp-json\/wp\/v2\/media?parent=9047"}],"wp:term":[{"taxonomy":"product_brand","embeddable":true,"href":"https:\/\/mpvane.com\/en\/wp-json\/wp\/v2\/product_brand?post=9047"},{"taxonomy":"product_cat","embeddable":true,"href":"https:\/\/mpvane.com\/en\/wp-json\/wp\/v2\/product_cat?post=9047"},{"taxonomy":"product_tag","embeddable":true,"href":"https:\/\/mpvane.com\/en\/wp-json\/wp\/v2\/product_tag?post=9047"}],"curies":[{"name":"wp","href":"https:\/\/api.w.org\/{rel}","templated":true}]}}