{"id":9036,"date":"2026-04-18T11:09:36","date_gmt":"2026-04-18T04:09:36","guid":{"rendered":"https:\/\/mpvane.com\/?post_type=product&#038;p=9036"},"modified":"2026-04-18T11:12:33","modified_gmt":"2026-04-18T04:12:33","slug":"loc-tach-dau-1625390296","status":"publish","type":"product","link":"https:\/\/mpvane.com\/en\/san-pham\/loc-tach-dau-1625390296\/","title":{"rendered":"L\u1ecdc t\u00e1ch d\u1ea7u 1625390296"},"content":{"rendered":"<div id=\"ez-toc-container\" class=\"ez-toc-v2_0_75 counter-hierarchy ez-toc-counter ez-toc-grey ez-toc-container-direction\">\n<div class=\"ez-toc-title-container\">\n<p class=\"ez-toc-title\" style=\"cursor:inherit\">Table of Contents<\/p>\n<span class=\"ez-toc-title-toggle\"><a href=\"#\" class=\"ez-toc-pull-right ez-toc-btn ez-toc-btn-xs ez-toc-btn-default ez-toc-toggle\" aria-label=\"Toggle Table of Content\"><span class=\"ez-toc-js-icon-con\"><span class=\"\"><span class=\"eztoc-hide\" style=\"display:none;\">Toggle<\/span><span class=\"ez-toc-icon-toggle-span\"><svg style=\"fill: #999;color:#999\" xmlns=\"http:\/\/www.w3.org\/2000\/svg\" class=\"list-377408\" width=\"20px\" height=\"20px\" viewBox=\"0 0 24 24\" fill=\"none\"><path d=\"M6 6H4v2h2V6zm14 0H8v2h12V6zM4 11h2v2H4v-2zm16 0H8v2h12v-2zM4 16h2v2H4v-2zm16 0H8v2h12v-2z\" fill=\"currentColor\"><\/path><\/svg><svg style=\"fill: #999;color:#999\" class=\"arrow-unsorted-368013\" xmlns=\"http:\/\/www.w3.org\/2000\/svg\" width=\"10px\" height=\"10px\" viewBox=\"0 0 24 24\" version=\"1.2\" baseProfile=\"tiny\"><path d=\"M18.2 9.3l-6.2-6.3-6.2 6.3c-.2.2-.3.4-.3.7s.1.5.3.7c.2.2.4.3.7.3h11c.3 0 .5-.1.7-.3.2-.2.3-.5.3-.7s-.1-.5-.3-.7zM5.8 14.7l6.2 6.3 6.2-6.3c.2-.2.3-.5.3-.7s-.1-.5-.3-.7c-.2-.2-.4-.3-.7-.3h-11c-.3 0-.5.1-.7.3-.2.2-.3.5-.3.7s.1.5.3.7z\"\/><\/svg><\/span><\/span><\/span><\/a><\/span><\/div>\n<nav><ul class='ez-toc-list ez-toc-list-level-1 ' ><li class='ez-toc-page-1 ez-toc-heading-level-1'><a class=\"ez-toc-link ez-toc-heading-1\" href=\"https:\/\/mpvane.com\/en\/san-pham\/loc-tach-dau-1625390296\/#Loc_tach_dau_7313990000_%E2%80%93_Thong_so_vi_tri_lap_huong_dan_thay_the_chinh_xac\" >L\u1ecdc t\u00e1ch d\u1ea7u 7313990000 \u2013 Th\u00f4ng s\u1ed1, v\u1ecb tr\u00ed l\u1eafp &amp; h\u01b0\u1edbng d\u1eabn thay th\u1ebf ch\u00ednh x\u00e1c<\/a><ul class='ez-toc-list-level-2' ><li class='ez-toc-heading-level-2'><a class=\"ez-toc-link ez-toc-heading-2\" href=\"https:\/\/mpvane.com\/en\/san-pham\/loc-tach-dau-1625390296\/#Ma_loc_7313990000_la_loai_loc_gi\" >M\u00e3 l\u1ecdc 7313990000 l\u00e0 lo\u1ea1i l\u1ecdc g\u00ec?<\/a><\/li><li class='ez-toc-page-1 ez-toc-heading-level-2'><a class=\"ez-toc-link ez-toc-heading-3\" href=\"https:\/\/mpvane.com\/en\/san-pham\/loc-tach-dau-1625390296\/#Vi_tri_loc_7313990000_trong_ban_ve_chi_tiet_may\" >V\u1ecb tr\u00ed l\u1ecdc 7313990000 trong b\u1ea3n v\u1ebd chi ti\u1ebft m\u00e1y<\/a><\/li><li class='ez-toc-page-1 ez-toc-heading-level-2'><a class=\"ez-toc-link ez-toc-heading-4\" href=\"https:\/\/mpvane.com\/en\/san-pham\/loc-tach-dau-1625390296\/#Thong_so_ky_thuat_loc_Rietschle_7313990000\" >Th\u00f4ng s\u1ed1 k\u1ef9 thu\u1eadt l\u1ecdc Rietschle 7313990000<\/a><\/li><li class='ez-toc-page-1 ez-toc-heading-level-2'><a class=\"ez-toc-link ez-toc-heading-5\" href=\"https:\/\/mpvane.com\/en\/san-pham\/loc-tach-dau-1625390296\/#Dong_bom_su_dung_loc_tach_dau_7313990000\" >D\u00f2ng b\u01a1m s\u1eed d\u1ee5ng l\u1ecdc t\u00e1ch d\u1ea7u 7313990000<\/a><\/li><li class='ez-toc-page-1 ez-toc-heading-level-2'><a class=\"ez-toc-link ez-toc-heading-6\" href=\"https:\/\/mpvane.com\/en\/san-pham\/loc-tach-dau-1625390296\/#Nguyen_ly_hoat_dong_cua_bom_co_loc_7313990000\" >Nguy\u00ean l\u00fd ho\u1ea1t \u0111\u1ed9ng c\u1ee7a b\u01a1m c\u00f3 l\u1ecdc 7313990000<\/a><\/li><li class='ez-toc-page-1 ez-toc-heading-level-2'><a class=\"ez-toc-link ez-toc-heading-7\" href=\"https:\/\/mpvane.com\/en\/san-pham\/loc-tach-dau-1625390296\/#Ung_dung_cua_loc_tach_dau_7313990000\" >\u1ee8ng d\u1ee5ng c\u1ee7a l\u1ecdc t\u00e1ch d\u1ea7u 7313990000<\/a><\/li><li class='ez-toc-page-1 ez-toc-heading-level-2'><a class=\"ez-toc-link ez-toc-heading-8\" href=\"https:\/\/mpvane.com\/en\/san-pham\/loc-tach-dau-1625390296\/#Khi_nao_can_thay_the_loc_tach_dau_7313990000\" >Khi n\u00e0o c\u1ea7n thay th\u1ebf l\u1ecdc t\u00e1ch d\u1ea7u 7313990000?<\/a><\/li><li class='ez-toc-page-1 ez-toc-heading-level-2'><a class=\"ez-toc-link ez-toc-heading-9\" href=\"https:\/\/mpvane.com\/en\/san-pham\/loc-tach-dau-1625390296\/#Huong_dan_thay_the_loc_7313990000_dung_cach\" >H\u01b0\u1edbng d\u1eabn thay th\u1ebf l\u1ecdc 7313990000 \u0111\u00fang c\u00e1ch<\/a><\/li><li class='ez-toc-page-1 ez-toc-heading-level-2'><a class=\"ez-toc-link ez-toc-heading-10\" href=\"https:\/\/mpvane.com\/en\/san-pham\/loc-tach-dau-1625390296\/#Mua_loc_tach_dau_7313990000_chinh_hang_o_dau\" >Mua l\u1ecdc t\u00e1ch d\u1ea7u 7313990000 ch\u00ednh h\u00e3ng \u1edf \u0111\u00e2u?<\/a><\/li><\/ul><\/li><\/ul><\/nav><\/div>\n<h1><span class=\"ez-toc-section\" id=\"Loc_tach_dau_7313990000_%E2%80%93_Thong_so_vi_tri_lap_huong_dan_thay_the_chinh_xac\"><\/span>L\u1ecdc t\u00e1ch d\u1ea7u 7313990000 \u2013 Th\u00f4ng s\u1ed1, v\u1ecb tr\u00ed l\u1eafp &amp; h\u01b0\u1edbng d\u1eabn thay th\u1ebf ch\u00ednh x\u00e1c<span class=\"ez-toc-section-end\"><\/span><\/h1>\n<p class=\"ds-markdown-paragraph\"><strong>L\u1ecdc t\u00e1ch d\u1ea7u 7313990000<\/strong>\u00a0l\u00e0 linh ki\u1ec7n ch\u00ednh h\u00e3ng d\u00e0nh cho d\u00f2ng b\u01a1m ch\u00e2n kh\u00f4ng c\u00e1nh quay ng\u1eadp d\u1ea7u c\u1ee7a Gardner Denver (Rietschle). S\u1ea3n ph\u1ea9m \u0111\u00f3ng vai tr\u00f2\u00a0<strong>t\u00e1ch d\u1ea7u v\u00e0 s\u01b0\u01a1ng d\u1ea7u<\/strong>\u00a0\u1edf ph\u00eda \u0111\u1ea7u ra, gi\u00fap d\u1ea7u h\u1ed3i v\u1ec1 h\u1ec7 th\u1ed1ng b\u00f4i tr\u01a1n, \u0111\u1ea3m b\u1ea3o hi\u1ec7u su\u1ea5t v\u00e0 tu\u1ed5i th\u1ecd m\u00e1y.<\/p>\n<h2><span class=\"ez-toc-section\" id=\"Ma_loc_7313990000_la_loai_loc_gi\"><\/span>M\u00e3 l\u1ecdc 7313990000 l\u00e0 lo\u1ea1i l\u1ecdc g\u00ec?<span class=\"ez-toc-section-end\"><\/span><\/h2>\n<p class=\"ds-markdown-paragraph\"><strong>7313990000 l\u00e0 lo\u1ea1i l\u1ecdc t\u00e1ch d\u1ea7u d\u1ea1ng g\u1eafn tr\u1ef1c ti\u1ebfp<\/strong>, \u0111\u01b0\u1ee3c thi\u1ebft k\u1ebf d\u1ea1ng vi m\u00f4, th\u01b0\u1eddng l\u1eafp \u1edf ph\u00eda \u0111\u1ea7u v\u00e0o v\u00e0 k\u1ebft h\u1ee3p v\u1edbi b\u1ed9 t\u00e1ch d\u1ea7u ph\u00eda \u0111\u1ea7u ra. S\u1ea3n ph\u1ea9m c\u00f3 c\u1ea5u t\u1ea1o \u0111\u1eb7c bi\u1ec7t \u0111\u1ec3 ng\u0103n d\u1ea7u tho\u00e1t ra ngo\u00e0i kh\u00ed x\u1ea3, gi\u00fap d\u1ea7u tu\u1ea7n ho\u00e0n tr\u1edf l\u1ea1i h\u1ec7 th\u1ed1ng.<\/p>\n<h2><span class=\"ez-toc-section\" id=\"Vi_tri_loc_7313990000_trong_ban_ve_chi_tiet_may\"><\/span>V\u1ecb tr\u00ed l\u1ecdc 7313990000 trong b\u1ea3n v\u1ebd chi ti\u1ebft m\u00e1y<span class=\"ez-toc-section-end\"><\/span><\/h2>\n<p class=\"ds-markdown-paragraph\">Trong b\u1ea3n v\u1ebd chi ti\u1ebft m\u00e1y b\u01a1m ch\u00e2n kh\u00f4ng Gardner Denver,\u00a0<strong>v\u1ecb tr\u00ed l\u1ecdc 7313990000 \u0111\u01b0\u1ee3c k\u00fd hi\u1ec7u l\u00e0 s\u1ed1 53<\/strong>. \u0110\u00e2y l\u00e0 v\u1ecb tr\u00ed quan tr\u1ecdng trong c\u1ee5m l\u1ecdc\/t\u00e1ch d\u1ea7u, c\u1ea7n \u0111\u01b0\u1ee3c ki\u1ec3m tra v\u00e0 thay th\u1ebf \u0111\u1ecbnh k\u1ef3.<\/p>\n<h2><span class=\"ez-toc-section\" id=\"Thong_so_ky_thuat_loc_Rietschle_7313990000\"><\/span>Th\u00f4ng s\u1ed1 k\u1ef9 thu\u1eadt l\u1ecdc Rietschle 7313990000<span class=\"ez-toc-section-end\"><\/span><\/h2>\n<div class=\"ds-scroll-area ds-scroll-area--show-on-focus-within _1210dd7 c03cafe9\">\n<div class=\"ds-scroll-area__gutters\">\n<div class=\"ds-scroll-area__horizontal-gutter\"><\/div>\n<div class=\"ds-scroll-area__vertical-gutter\"><\/div>\n<\/div>\n<table>\n<thead>\n<tr>\n<th>Th\u00f4ng s\u1ed1<\/th>\n<th>Gi\u00e1 tr\u1ecb<\/th>\n<\/tr>\n<\/thead>\n<tbody>\n<tr>\n<td>M\u00e3 s\u1ea3n ph\u1ea9m<\/td>\n<td>7313990000<\/td>\n<\/tr>\n<tr>\n<td>T\u1ed5ng chi\u1ec1u cao<\/td>\n<td>91 mm<\/td>\n<\/tr>\n<tr>\n<td>\u0110\u01b0\u1eddng k\u00ednh l\u1edbn nh\u1ea5t<\/td>\n<td>56 mm<\/td>\n<\/tr>\n<tr>\n<td>\u0110\u01b0\u1eddng k\u00ednh nh\u1ecf nh\u1ea5t<\/td>\n<td>10 mm<\/td>\n<\/tr>\n<tr>\n<td>C\u00e2n n\u1eb7ng<\/td>\n<td>~ 82g<\/td>\n<\/tr>\n<tr>\n<td>Lo\u1ea1i<\/td>\n<td>L\u1ecdc t\u00e1ch d\u1ea7u g\u1eafn<\/td>\n<\/tr>\n<tr>\n<td>H\u00e3ng s\u1ea3n xu\u1ea5t<\/td>\n<td>Rietschle \/ Gardner Denver<\/td>\n<\/tr>\n<\/tbody>\n<\/table>\n<\/div>\n<h2><span class=\"ez-toc-section\" id=\"Dong_bom_su_dung_loc_tach_dau_7313990000\"><\/span>D\u00f2ng b\u01a1m s\u1eed d\u1ee5ng l\u1ecdc t\u00e1ch d\u1ea7u 7313990000<span class=\"ez-toc-section-end\"><\/span><\/h2>\n<p class=\"ds-markdown-paragraph\">Theo t\u00e0i li\u1ec7u k\u1ef9 thu\u1eadt,\u00a0<strong>l\u1ecdc 7313990000<\/strong>\u00a0\u0111\u01b0\u1ee3c d\u00f9ng cho c\u00e1c d\u00f2ng b\u01a1m sau (s\u1ed1 l\u01b0\u1ee3ng tr\u00ean m\u1ed7i m\u00e1y):<\/p>\n<ul>\n<li>\n<p class=\"ds-markdown-paragraph\"><strong>CLF 101 from 2001<\/strong>\u00a0\u2192 1 m\u00e1y d\u00f9ng 4 c\u00e1i<\/p>\n<\/li>\n<li>\n<p class=\"ds-markdown-paragraph\"><strong>VGD15 Old<\/strong>\u00a0\u2192 1 m\u00e1y d\u00f9ng 4 c\u00e1i<\/p>\n<\/li>\n<li>\n<p class=\"ds-markdown-paragraph\"><strong>CLF 41 from 2001<\/strong>\u00a0\u2192 1 m\u00e1y d\u00f9ng 4 c\u00e1i<\/p>\n<\/li>\n<li>\n<p class=\"ds-markdown-paragraph\"><strong>CLF 61 from 2001<\/strong>\u00a0\u2192 1 m\u00e1y d\u00f9ng 4 c\u00e1i<\/p>\n<\/li>\n<li>\n<p class=\"ds-markdown-paragraph\"><strong>CLF 81 from 2001<\/strong>\u00a0\u2192 1 m\u00e1y d\u00f9ng 4 c\u00e1i<\/p>\n<\/li>\n<li>\n<p class=\"ds-markdown-paragraph\"><strong>CLFE 41 from 2001<\/strong>\u00a0\u2192 1 m\u00e1y d\u00f9ng 4 c\u00e1i<\/p>\n<\/li>\n<li>\n<p class=\"ds-markdown-paragraph\"><strong>CLFE 61 from 2001<\/strong>\u00a0\u2192 1 m\u00e1y d\u00f9ng 4 c\u00e1i<\/p>\n<\/li>\n<li>\n<p class=\"ds-markdown-paragraph\"><strong>VCA 40 from 2001<\/strong>\u00a0\u2192 1 m\u00e1y d\u00f9ng 4 c\u00e1i<\/p>\n<\/li>\n<li>\n<p class=\"ds-markdown-paragraph\"><strong>VCA 60 from 2001<\/strong>\u00a0\u2192 1 m\u00e1y d\u00f9ng 4 c\u00e1i<\/p>\n<\/li>\n<li>\n<p class=\"ds-markdown-paragraph\"><strong>VCE 40 from 2001<\/strong>\u00a0\u2192 1 m\u00e1y d\u00f9ng 4 c\u00e1i<\/p>\n<\/li>\n<li>\n<p class=\"ds-markdown-paragraph\"><strong>VCE 60 from 2001<\/strong>\u00a0\u2192 1 m\u00e1y d\u00f9ng 4 c\u00e1i<\/p>\n<\/li>\n<li>\n<p class=\"ds-markdown-paragraph\"><strong>VGD 15, VGD10<\/strong>\u00a0\u2192 1 m\u00e1y d\u00f9ng 1 c\u00e1i<\/p>\n<\/li>\n<\/ul>\n<h2><span class=\"ez-toc-section\" id=\"Nguyen_ly_hoat_dong_cua_bom_co_loc_7313990000\"><\/span>Nguy\u00ean l\u00fd ho\u1ea1t \u0111\u1ed9ng c\u1ee7a b\u01a1m c\u00f3 l\u1ecdc 7313990000<span class=\"ez-toc-section-end\"><\/span><\/h2>\n<p class=\"ds-markdown-paragraph\">C\u00e1c b\u01a1m ch\u00e2n kh\u00f4ng s\u1eed d\u1ee5ng\u00a0<strong>l\u1ecdc t\u00e1ch d\u1ea7u 7313990000<\/strong>\u00a0\u0111\u01b0\u1ee3c thi\u1ebft k\u1ebf v\u1edbi:<\/p>\n<ul>\n<li>\n<p class=\"ds-markdown-paragraph\"><strong>L\u1ecdc vi m\u00f4<\/strong>\u00a0\u1edf ph\u00eda \u0111\u1ea7u v\u00e0o.<\/p>\n<\/li>\n<li>\n<p class=\"ds-markdown-paragraph\"><strong>B\u1ed9 t\u00e1ch d\u1ea7u v\u00e0 s\u01b0\u01a1ng d\u1ea7u<\/strong>\u00a0\u1edf ph\u00eda \u0111\u1ea7u ra gi\u00fap \u0111\u01b0a d\u1ea7u tr\u1edf l\u1ea1i h\u1ec7 th\u1ed1ng.<\/p>\n<\/li>\n<li>\n<p class=\"ds-markdown-paragraph\">B\u01a1m \u0111\u1eb7t trong v\u1ecf c\u00e1ch \u00e2m, c\u00f3 qu\u1ea1t gi\u1eefa v\u1ecf b\u01a1m v\u00e0 \u0111\u1ed9ng c\u01a1 \u0111\u1ec3 l\u00e0m m\u00e1t kh\u00f4ng kh\u00ed v\u00e0 d\u1ea7u tu\u1ea7n ho\u00e0n.<\/p>\n<\/li>\n<li>\n<p class=\"ds-markdown-paragraph\"><strong>Van m\u1ed9t chi\u1ec1u t\u00edch h\u1ee3p<\/strong>\u00a0ng\u0103n h\u1ec7 th\u1ed1ng ch\u00e2n kh\u00f4ng b\u1ecb th\u00f4ng gi\u00f3 sau khi b\u01a1m d\u1eebng.<\/p>\n<\/li>\n<li>\n<p class=\"ds-markdown-paragraph\"><strong>Van c\u00e2n b\u1eb1ng kh\u00ed ti\u00eau chu\u1ea9n<\/strong>\u00a0tr\u00e1nh ng\u01b0ng t\u1ee5 h\u01a1i n\u01b0\u1edbc b\u00ean trong b\u01a1m khi h\u00fat h\u01a1i n\u1ed3ng \u0111\u1ed9 th\u1ea5p.<\/p>\n<\/li>\n<\/ul>\n<blockquote>\n<p class=\"ds-markdown-paragraph\">N\u1ebfu m\u00e1y kh\u00f4ng ho\u1ea1t \u0111\u1ed9ng tr\u00ean 2 ph\u00fat, c\u1ea7n th\u00f4ng gi\u00f3 \u0111\u01b0\u1eddng \u1ed1ng k\u1ebft n\u1ed1i v\u1ec1 \u00e1p su\u1ea5t kh\u00ed quy\u1ec3n.<\/p>\n<\/blockquote>\n<h2><span class=\"ez-toc-section\" id=\"Ung_dung_cua_loc_tach_dau_7313990000\"><\/span>\u1ee8ng d\u1ee5ng c\u1ee7a l\u1ecdc t\u00e1ch d\u1ea7u 7313990000<span class=\"ez-toc-section-end\"><\/span><\/h2>\n<p class=\"ds-markdown-paragraph\"><strong>L\u1ecdc t\u00e1ch d\u1ea7u 7313990000<\/strong>\u00a0d\u00f9ng trong c\u00e1c b\u01a1m ch\u00e2n kh\u00f4ng c\u00e1nh quay ng\u1eadp d\u1ea7u, ph\u00f9 h\u1ee3p \u0111\u1ec3:<\/p>\n<ul>\n<li>\n<p class=\"ds-markdown-paragraph\">T\u1ea1o ch\u00e2n kh\u00f4ng cho h\u1ec7 th\u1ed1ng k\u00edn<\/p>\n<\/li>\n<li>\n<p class=\"ds-markdown-paragraph\">V\u1eadn h\u00e0nh ch\u00e2n kh\u00f4ng li\u00ean t\u1ee5c trong d\u1ea3i \u00e1p su\u1ea5t \u0111\u1ea7u v\u00e0o:\u00a0<strong>0,5 \u2013 500 mbar (tuy\u1ec7t \u0111\u1ed1i)<\/strong><\/p>\n<\/li>\n<\/ul>\n<blockquote>\n<p class=\"ds-markdown-paragraph\">L\u01b0u \u00fd: N\u1ebfu ch\u1ea1y li\u00ean t\u1ee5c ngo\u00e0i d\u1ea3i \u00e1p su\u1ea5t n\u00e0y, c\u00f3 nguy c\u01a1 r\u00f2 r\u1ec9 d\u1ea7u qua l\u1ed7 tho\u00e1t.<\/p>\n<\/blockquote>\n<h2><span class=\"ez-toc-section\" id=\"Khi_nao_can_thay_the_loc_tach_dau_7313990000\"><\/span>Khi n\u00e0o c\u1ea7n thay th\u1ebf l\u1ecdc t\u00e1ch d\u1ea7u 7313990000?<span class=\"ez-toc-section-end\"><\/span><\/h2>\n<p class=\"ds-markdown-paragraph\">Theo khuy\u1ebfn c\u00e1o t\u1eeb nh\u00e0 s\u1ea3n xu\u1ea5t:<\/p>\n<ul>\n<li>\n<p class=\"ds-markdown-paragraph\"><strong>Sau m\u1ed7i 2000 gi\u1edd ho\u1ea1t \u0111\u1ed9ng<\/strong><\/p>\n<\/li>\n<li>\n<p class=\"ds-markdown-paragraph\">Ho\u1eb7c khi\u00a0<strong>\u0111i\u1ec7n tr\u1edf l\u1ecdc \u0111\u1ea1t 0,7 bar<\/strong>\u00a0(ki\u1ec3m tra qua \u0111\u1ed3ng h\u1ed3 \u00e1p su\u1ea5t)<\/p>\n<\/li>\n<li>\n<p class=\"ds-markdown-paragraph\">Gi\u1ea3m kho\u1ea3ng th\u1eddi gian thay n\u1ebfu m\u00f4i ch\u1ea5t th\u1ea3i c\u00f3 \u0111\u1ed9 \u00f4 nhi\u1ec5m cao<\/p>\n<\/li>\n<\/ul>\n<p class=\"ds-markdown-paragraph\">B\u1ed9 ph\u1eadn t\u00e1ch d\u1ea7u b\u1ecb b\u1ea9n do b\u1ee5i s\u1ebd l\u00e0m t\u0103ng c\u00f4ng su\u1ea5t ti\u00eau th\u1ee5 v\u00e0 nhi\u1ec7t \u0111\u1ed9 b\u01a1m.\u00a0<strong>Kh\u00f4ng th\u1ec3 l\u00e0m s\u1ea1ch<\/strong>, ch\u1ec9 c\u00f3 th\u1ec3 thay m\u1edbi.<\/p>\n<h2><span class=\"ez-toc-section\" id=\"Huong_dan_thay_the_loc_7313990000_dung_cach\"><\/span>H\u01b0\u1edbng d\u1eabn thay th\u1ebf l\u1ecdc 7313990000 \u0111\u00fang c\u00e1ch<span class=\"ez-toc-section-end\"><\/span><\/h2>\n<p class=\"ds-markdown-paragraph\">D\u1ee5ng c\u1ee5 c\u1ea7n:\u00a0<strong>c\u1edd l\u00ea v\u00f2ng 19mm ho\u1eb7c 3\/4&#8243;<\/strong><\/p>\n<p class=\"ds-markdown-paragraph\">C\u00e1c b\u01b0\u1edbc:<\/p>\n<ol start=\"1\">\n<li>\n<p class=\"ds-markdown-paragraph\">Th\u00e1o b\u1ed9 ph\u1eadn lo\u1ea1i b\u1ecf d\u1ea7u b\u1eb1ng kh\u00ed (H\u00ecnh 7\/L) b\u1eb1ng c\u00e1ch\u00a0<strong>xoay ng\u01b0\u1ee3c chi\u1ec1u kim \u0111\u1ed3ng h\u1ed3<\/strong>.<\/p>\n<\/li>\n<li>\n<p class=\"ds-markdown-paragraph\">L\u1eafp b\u1ed9 l\u1ecdc m\u1edbi c\u00f3 bi\u1ec3u t\u01b0\u1ee3ng kh\u00f3a m\u1edf, \u0111\u1ea3m b\u1ea3o\u00a0<strong>m\u0169i t\u00ean \u25bc tr\u00ean b\u1ed9 ph\u1eadn l\u1eafp v\u00e0o<\/strong>\u00a0\u0111\u00fang h\u01b0\u1edbng.<\/p>\n<\/li>\n<li>\n<p class=\"ds-markdown-paragraph\"><strong>Si\u1ebft ch\u1eb7t theo chi\u1ec1u kim \u0111\u1ed3ng h\u1ed3<\/strong>\u00a0cho \u0111\u1ebfn khi nghe ti\u1ebfng &#8220;t\u00e1ch&#8221; b\u00e1o hi\u1ec7u \u0111\u00e3 kh\u1edbp.<\/p>\n<p><div id=\"attachment_9030\" style=\"width: 1011px\" class=\"wp-caption alignnone\"><img fetchpriority=\"high\" decoding=\"async\" aria-describedby=\"caption-attachment-9030\" class=\"size-full wp-image-9030\" src=\"https:\/\/mpvane.com\/wp-content\/uploads\/2026\/04\/Loc-tach-dau-7313990000-4.jpg\" alt=\"7313990000\" width=\"1001\" height=\"831\" srcset=\"https:\/\/mpvane.com\/wp-content\/uploads\/2026\/04\/Loc-tach-dau-7313990000-4.jpg 1001w, https:\/\/mpvane.com\/wp-content\/uploads\/2026\/04\/Loc-tach-dau-7313990000-4-300x249.jpg 300w, https:\/\/mpvane.com\/wp-content\/uploads\/2026\/04\/Loc-tach-dau-7313990000-4-768x638.jpg 768w, https:\/\/mpvane.com\/wp-content\/uploads\/2026\/04\/Loc-tach-dau-7313990000-4-150x125.jpg 150w\" sizes=\"(max-width: 1001px) 100vw, 1001px\" \/><p id=\"caption-attachment-9030\" class=\"wp-caption-text\">7313990000<\/p><\/div><\/li>\n<\/ol>\n<h2><span class=\"ez-toc-section\" id=\"Mua_loc_tach_dau_7313990000_chinh_hang_o_dau\"><\/span>Mua l\u1ecdc t\u00e1ch d\u1ea7u 7313990000 ch\u00ednh h\u00e3ng \u1edf \u0111\u00e2u?<span class=\"ez-toc-section-end\"><\/span><\/h2>\n<p class=\"ds-markdown-paragraph\"><a href=\"https:\/\/mpvane.com\/product-category\/loc-chan-khong\/loc-elemo-rietschle\/\"><strong>C\u00f4ng ty TNHH K\u1ef9 thu\u1eadt v\u00e0 D\u1ecbch v\u1ee5 Minh Ph\u00fa<\/strong><\/a>\u00a0t\u1ef1 h\u00e0o l\u00e0 nh\u00e0 cung c\u1ea5p\u00a0<strong>l\u1ecdc t\u00e1ch d\u1ea7u 7313990000 ch\u00ednh h\u00e3ng<\/strong>\u00a0v\u1edbi:<\/p>\n<ul>\n<li>\n<p class=\"ds-markdown-paragraph\">H\u00e0ng lu\u00f4n c\u00f3 s\u1eb5n s\u1ed1 l\u01b0\u1ee3ng l\u1edbn<\/p>\n<\/li>\n<li>\n<p class=\"ds-markdown-paragraph\">Gi\u00e1 c\u1ea1nh tranh<\/p>\n<\/li>\n<li>\n<p class=\"ds-markdown-paragraph\">\u0110\u00e1p \u1ee9ng nhu c\u1ea7u thay th\u1ebf \u0111\u1ecbnh k\u1ef3 cho c\u00e1c nh\u00e0 m\u00e1y t\u1ea1i Vi\u1ec7t Nam<\/p>\n<\/li>\n<\/ul>\n<p class=\"ds-markdown-paragraph\">\ud83d\udce9\u00a0<strong>Email:<\/strong>\u00a0sales@minhphuco.vn<br \/>\n\ud83c\udf10\u00a0<strong>Website:<\/strong>\u00a0<a href=\"https:\/\/www.minhphuco.com\/\" target=\"_blank\" rel=\"noopener noreferrer\">www.minhphuco.com<\/a><br \/>\n\ud83d\udcf1\u00a0<strong>Zalo:<\/strong>\u00a00985 490 343 \/ 0985 843 778<\/p>\n<blockquote>\n<p class=\"ds-markdown-paragraph\">Li\u00ean h\u1ec7 ngay \u0111\u1ec3 \u0111\u01b0\u1ee3c t\u01b0 v\u1ea5n v\u00e0 b\u00e1o gi\u00e1 t\u1ed1t nh\u1ea5t cho\u00a0<strong>l\u1ecdc t\u00e1ch d\u1ea7u 7313990000<\/strong>.<\/p>\n<\/blockquote>\n<hr \/>\n<p class=\"ds-markdown-paragraph\">Hy v\u1ecdng b\u00e0i vi\u1ebft n\u00e0y gi\u00fap b\u1ea1n c\u00f3 c\u00e1i nh\u00ecn t\u1ed5ng quan v\u00e0 chi ti\u1ebft v\u1ec1\u00a0<strong>l\u1ecdc t\u00e1ch d\u1ea7u 7313990000<\/strong>. \u0110\u1eebng qu\u00ean ki\u1ec3m tra \u0111\u1ecbnh k\u1ef3 v\u00e0 thay th\u1ebf \u0111\u00fang h\u1ea1n \u0111\u1ec3 b\u1ea3o v\u1ec7 h\u1ec7 th\u1ed1ng b\u01a1m ch\u00e2n kh\u00f4ng c\u1ee7a m\u00ecnh!<\/p>\n","protected":false},"excerpt":{"rendered":"<p>L\u1ecdc t\u00e1ch d\u1ea7u\u00a0 Rietschle 7314000000<\/p>\n<p>T\u1ed5ng chi\u1ec1u cao 91 mm x \u0110\u01b0\u1eddng k\u00ednh l\u1edbn nh\u1ea5t 56 mm x \u0110\u01b0\u1eddng k\u00ednh nh\u1ecf nh\u1ea5t 10 mm<\/p>\n<p>C\u00e2n n\u1eb7ng ~ 82g<\/p>\n[caption id=\"attachment_9024\" align=\"alignnone\" width=\"1105\"]<img decoding=\"async\" class=\"size-full wp-image-9024\" src=\"https:\/\/mpvane.com\/wp-content\/uploads\/2026\/04\/Loc-tach-dau-7313990000-1.jpg\" alt=\"731399\" width=\"1105\" height=\"949\" srcset=\"https:\/\/mpvane.com\/wp-content\/uploads\/2026\/04\/Loc-tach-dau-7313990000-1.jpg 1105w, https:\/\/mpvane.com\/wp-content\/uploads\/2026\/04\/Loc-tach-dau-7313990000-1-300x258.jpg 300w, https:\/\/mpvane.com\/wp-content\/uploads\/2026\/04\/Loc-tach-dau-7313990000-1-1024x879.jpg 1024w, https:\/\/mpvane.com\/wp-content\/uploads\/2026\/04\/Loc-tach-dau-7313990000-1-768x660.jpg 768w, https:\/\/mpvane.com\/wp-content\/uploads\/2026\/04\/Loc-tach-dau-7313990000-1-150x129.jpg 150w\" sizes=\"(max-width: 1105px) 100vw, 1105px\" \/> l\u1ecdc t\u00e1ch s\u01b0\u01a1ng m\u00f9 731399[\/caption]\n","protected":false},"featured_media":0,"comment_status":"open","ping_status":"closed","template":"","meta":{"_acf_changed":false},"product_brand":[],"product_cat":[702,2841,718],"product_tag":[2842],"class_list":{"0":"post-9036","1":"product","2":"type-product","3":"status-publish","5":"product_cat-loc-chan-khong","6":"product_cat-loc-atlas-copco","7":"product_cat-loc-elemo-rietschle","8":"product_tag-2842","10":"first","11":"instock","12":"shipping-taxable","13":"product-type-simple"},"acf":[],"_links":{"self":[{"href":"https:\/\/mpvane.com\/en\/wp-json\/wp\/v2\/product\/9036","targetHints":{"allow":["GET"]}}],"collection":[{"href":"https:\/\/mpvane.com\/en\/wp-json\/wp\/v2\/product"}],"about":[{"href":"https:\/\/mpvane.com\/en\/wp-json\/wp\/v2\/types\/product"}],"replies":[{"embeddable":true,"href":"https:\/\/mpvane.com\/en\/wp-json\/wp\/v2\/comments?post=9036"}],"version-history":[{"count":1,"href":"https:\/\/mpvane.com\/en\/wp-json\/wp\/v2\/product\/9036\/revisions"}],"predecessor-version":[{"id":9037,"href":"https:\/\/mpvane.com\/en\/wp-json\/wp\/v2\/product\/9036\/revisions\/9037"}],"wp:attachment":[{"href":"https:\/\/mpvane.com\/en\/wp-json\/wp\/v2\/media?parent=9036"}],"wp:term":[{"taxonomy":"product_brand","embeddable":true,"href":"https:\/\/mpvane.com\/en\/wp-json\/wp\/v2\/product_brand?post=9036"},{"taxonomy":"product_cat","embeddable":true,"href":"https:\/\/mpvane.com\/en\/wp-json\/wp\/v2\/product_cat?post=9036"},{"taxonomy":"product_tag","embeddable":true,"href":"https:\/\/mpvane.com\/en\/wp-json\/wp\/v2\/product_tag?post=9036"}],"curies":[{"name":"wp","href":"https:\/\/api.w.org\/{rel}","templated":true}]}}