{"id":9005,"date":"2026-04-02T14:42:14","date_gmt":"2026-04-02T07:42:14","guid":{"rendered":"https:\/\/mpvane.com\/?post_type=product&#038;p=9005"},"modified":"2026-04-02T15:17:48","modified_gmt":"2026-04-02T08:17:48","slug":"loc-tach-dau-7314000000","status":"publish","type":"product","link":"https:\/\/mpvane.com\/en\/san-pham\/loc-tach-dau-7314000000\/","title":{"rendered":"L\u1ecdc t\u00e1ch d\u1ea7u 7314000000"},"content":{"rendered":"<div id=\"ez-toc-container\" class=\"ez-toc-v2_0_75 counter-hierarchy ez-toc-counter ez-toc-grey ez-toc-container-direction\">\n<div class=\"ez-toc-title-container\">\n<p class=\"ez-toc-title\" style=\"cursor:inherit\">Table of Contents<\/p>\n<span class=\"ez-toc-title-toggle\"><a href=\"#\" class=\"ez-toc-pull-right ez-toc-btn ez-toc-btn-xs ez-toc-btn-default ez-toc-toggle\" aria-label=\"Toggle Table of Content\"><span class=\"ez-toc-js-icon-con\"><span class=\"\"><span class=\"eztoc-hide\" style=\"display:none;\">Toggle<\/span><span class=\"ez-toc-icon-toggle-span\"><svg style=\"fill: #999;color:#999\" xmlns=\"http:\/\/www.w3.org\/2000\/svg\" class=\"list-377408\" width=\"20px\" height=\"20px\" viewBox=\"0 0 24 24\" fill=\"none\"><path d=\"M6 6H4v2h2V6zm14 0H8v2h12V6zM4 11h2v2H4v-2zm16 0H8v2h12v-2zM4 16h2v2H4v-2zm16 0H8v2h12v-2z\" fill=\"currentColor\"><\/path><\/svg><svg style=\"fill: #999;color:#999\" class=\"arrow-unsorted-368013\" xmlns=\"http:\/\/www.w3.org\/2000\/svg\" width=\"10px\" height=\"10px\" viewBox=\"0 0 24 24\" version=\"1.2\" baseProfile=\"tiny\"><path d=\"M18.2 9.3l-6.2-6.3-6.2 6.3c-.2.2-.3.4-.3.7s.1.5.3.7c.2.2.4.3.7.3h11c.3 0 .5-.1.7-.3.2-.2.3-.5.3-.7s-.1-.5-.3-.7zM5.8 14.7l6.2 6.3 6.2-6.3c.2-.2.3-.5.3-.7s-.1-.5-.3-.7c-.2-.2-.4-.3-.7-.3h-11c-.3 0-.5.1-.7.3-.2.2-.3.5-.3.7s.1.5.3.7z\"\/><\/svg><\/span><\/span><\/span><\/a><\/span><\/div>\n<nav><ul class='ez-toc-list ez-toc-list-level-1 ' ><li class='ez-toc-page-1 ez-toc-heading-level-1'><a class=\"ez-toc-link ez-toc-heading-1\" href=\"https:\/\/mpvane.com\/en\/san-pham\/loc-tach-dau-7314000000\/#Loc_Tach_Dau_7314000000_%E2%80%93_Thong_So_Vi_Tri_Lap_Dat_Gia_Tot\" >L\u1ecdc T\u00e1ch D\u1ea7u 7314000000 &#8211; Th\u00f4ng S\u1ed1, V\u1ecb Tr\u00ed L\u1eafp \u0110\u1eb7t &amp; Gi\u00e1 T\u1ed1t<\/a><ul class='ez-toc-list-level-2' ><li class='ez-toc-heading-level-2'><a class=\"ez-toc-link ez-toc-heading-2\" href=\"https:\/\/mpvane.com\/en\/san-pham\/loc-tach-dau-7314000000\/#Gioi_thieu_ve_loc_tach_dau_7314000000\" >Gi\u1edbi thi\u1ec7u v\u1ec1 l\u1ecdc t\u00e1ch d\u1ea7u 7314000000<\/a><\/li><li class='ez-toc-page-1 ez-toc-heading-level-2'><a class=\"ez-toc-link ez-toc-heading-3\" href=\"https:\/\/mpvane.com\/en\/san-pham\/loc-tach-dau-7314000000\/#Thong_so_ky_thuat_chi_tiet_cua_loc_7314000000\" >Th\u00f4ng s\u1ed1 k\u1ef9 thu\u1eadt chi ti\u1ebft c\u1ee7a l\u1ecdc 7314000000<\/a><\/li><li class='ez-toc-page-1 ez-toc-heading-level-2'><a class=\"ez-toc-link ez-toc-heading-4\" href=\"https:\/\/mpvane.com\/en\/san-pham\/loc-tach-dau-7314000000\/#Ung_dung_va_danh_sach_cac_dong_bom_su_dung_loc_tach_dau_7314000000\" >\u1ee8ng d\u1ee5ng v\u00e0 danh s\u00e1ch c\u00e1c d\u00f2ng b\u01a1m s\u1eed d\u1ee5ng l\u1ecdc t\u00e1ch d\u1ea7u 7314000000<\/a><\/li><li class='ez-toc-page-1 ez-toc-heading-level-2'><a class=\"ez-toc-link ez-toc-heading-5\" href=\"https:\/\/mpvane.com\/en\/san-pham\/loc-tach-dau-7314000000\/#Nguyen_ly_hoat_dong_va_vi_tri_lap_dat\" >Nguy\u00ean l\u00fd ho\u1ea1t \u0111\u1ed9ng v\u00e0 v\u1ecb tr\u00ed l\u1eafp \u0111\u1eb7t<\/a><\/li><li class='ez-toc-page-1 ez-toc-heading-level-2'><a class=\"ez-toc-link ez-toc-heading-6\" href=\"https:\/\/mpvane.com\/en\/san-pham\/loc-tach-dau-7314000000\/#Khi_nao_can_thay_loc_tach_dau_7314000000\" >Khi n\u00e0o c\u1ea7n thay l\u1ecdc t\u00e1ch d\u1ea7u 7314000000?<\/a><\/li><li class='ez-toc-page-1 ez-toc-heading-level-2'><a class=\"ez-toc-link ez-toc-heading-7\" href=\"https:\/\/mpvane.com\/en\/san-pham\/loc-tach-dau-7314000000\/#Linh_vuc_ung_dung_phu_hop\" >L\u0129nh v\u1ef1c \u1ee9ng d\u1ee5ng ph\u00f9 h\u1ee3p<\/a><\/li><li class='ez-toc-page-1 ez-toc-heading-level-2'><a class=\"ez-toc-link ez-toc-heading-8\" href=\"https:\/\/mpvane.com\/en\/san-pham\/loc-tach-dau-7314000000\/#Mua_loc_tach_dau_7314000000_chinh_hang_o_dau\" >Mua l\u1ecdc t\u00e1ch d\u1ea7u 7314000000 ch\u00ednh h\u00e3ng \u1edf \u0111\u00e2u?<\/a><ul class='ez-toc-list-level-3' ><li class='ez-toc-heading-level-3'><a class=\"ez-toc-link ez-toc-heading-9\" href=\"https:\/\/mpvane.com\/en\/san-pham\/loc-tach-dau-7314000000\/#Lien_he_ngay_de_duoc_bao_gia_tu_van\" >Li\u00ean h\u1ec7 ngay \u0111\u1ec3 \u0111\u01b0\u1ee3c b\u00e1o gi\u00e1 &amp; t\u01b0 v\u1ea5n:<\/a><\/li><\/ul><\/li><li class='ez-toc-page-1 ez-toc-heading-level-2'><a class=\"ez-toc-link ez-toc-heading-10\" href=\"https:\/\/mpvane.com\/en\/san-pham\/loc-tach-dau-7314000000\/#Cau_hoi_thuong_gap_FAQ\" >C\u00e2u h\u1ecfi th\u01b0\u1eddng g\u1eb7p (FAQ)<\/a><\/li><li class='ez-toc-page-1 ez-toc-heading-level-2'><a class=\"ez-toc-link ez-toc-heading-11\" href=\"https:\/\/mpvane.com\/en\/san-pham\/loc-tach-dau-7314000000\/#Ket_luan\" >K\u1ebft lu\u1eadn<\/a><\/li><\/ul><\/li><\/ul><\/nav><\/div>\n<h1><span class=\"ez-toc-section\" id=\"Loc_Tach_Dau_7314000000_%E2%80%93_Thong_So_Vi_Tri_Lap_Dat_Gia_Tot\"><\/span>L\u1ecdc T\u00e1ch D\u1ea7u 7314000000 &#8211; Th\u00f4ng S\u1ed1, V\u1ecb Tr\u00ed L\u1eafp \u0110\u1eb7t &amp; Gi\u00e1 T\u1ed1t<span class=\"ez-toc-section-end\"><\/span><\/h1>\n<h2><span class=\"ez-toc-section\" id=\"Gioi_thieu_ve_loc_tach_dau_7314000000\"><\/span>Gi\u1edbi thi\u1ec7u v\u1ec1 l\u1ecdc t\u00e1ch d\u1ea7u 7314000000<span class=\"ez-toc-section-end\"><\/span><\/h2>\n<p class=\"ds-markdown-paragraph\"><strong>L\u1ecdc t\u00e1ch d\u1ea7u 7314000000<\/strong>\u00a0l\u00e0 m\u1ed9t trong nh\u1eefng ph\u1ee5 t\u00f9ng thay th\u1ebf quan tr\u1ecdng trong h\u1ec7 th\u1ed1ng b\u01a1m ch\u00e2n kh\u00f4ng c\u00e1nh quay ng\u1eadp d\u1ea7u c\u1ee7a th\u01b0\u01a1ng hi\u1ec7u\u00a0<strong>Gardner Denver<\/strong>\u00a0(ti\u1ec1n th\u00e2n l\u00e0 Rietschle). S\u1ea3n ph\u1ea9m \u0111\u1ea3m nhi\u1ec7m vai tr\u00f2 t\u00e1ch d\u1ea7u kh\u1ecfi kh\u00ed n\u00e9n\/h\u01a1i tr\u01b0\u1edbc khi th\u1ea3i ra ngo\u00e0i, \u0111\u1ed3ng th\u1eddi \u0111\u01b0a d\u1ea7u tr\u1edf l\u1ea1i h\u1ec7 th\u1ed1ng b\u00f4i tr\u01a1n, gi\u00fap b\u01a1m v\u1eadn h\u00e0nh \u1ed5n \u0111\u1ecbnh, ti\u1ebft ki\u1ec7m d\u1ea7u v\u00e0 b\u1ea3o v\u1ec7 m\u00f4i tr\u01b0\u1eddng.<\/p>\n<p class=\"ds-markdown-paragraph\">Trong b\u1ea3n v\u1ebd chi ti\u1ebft m\u00e1y,\u00a0<strong>v\u1ecb tr\u00ed l\u1ecdc 7314000000 l\u00e0 s\u1ed1 191<\/strong>\u00a0\u2013 \u0111\u00e2y l\u00e0 l\u01b0u \u00fd quan tr\u1ecdng gi\u00fap k\u1ef9 thu\u1eadt vi\u00ean d\u1ec5 d\u00e0ng nh\u1eadn di\u1ec7n khi tra c\u1ee9u t\u00e0i li\u1ec7u k\u1ef9 thu\u1eadt.<\/p>\n<hr \/>\n<h2><span class=\"ez-toc-section\" id=\"Thong_so_ky_thuat_chi_tiet_cua_loc_7314000000\"><\/span>Th\u00f4ng s\u1ed1 k\u1ef9 thu\u1eadt chi ti\u1ebft c\u1ee7a l\u1ecdc 7314000000<span class=\"ez-toc-section-end\"><\/span><\/h2>\n<div class=\"ds-scroll-area ds-scroll-area--show-on-focus-within _1210dd7 c03cafe9\">\n<div class=\"ds-scroll-area__gutters\">\n<div class=\"ds-scroll-area__horizontal-gutter\"><\/div>\n<div class=\"ds-scroll-area__vertical-gutter\"><\/div>\n<\/div>\n<table>\n<thead>\n<tr>\n<th>Th\u00f4ng s\u1ed1<\/th>\n<th>Gi\u00e1 tr\u1ecb chi ti\u1ebft<\/th>\n<\/tr>\n<\/thead>\n<tbody>\n<tr>\n<td>M\u00e3 s\u1ea3n ph\u1ea9m<\/td>\n<td>7314000000<\/td>\n<\/tr>\n<tr>\n<td>Lo\u1ea1i l\u1ecdc<\/td>\n<td>L\u1ecdc t\u00e1ch d\u1ea7u d\u1ea1ng g\u1eafn (spin-on)<\/td>\n<\/tr>\n<tr>\n<td>T\u1ed5ng chi\u1ec1u cao<\/td>\n<td>95 mm<\/td>\n<\/tr>\n<tr>\n<td>\u0110\u01b0\u1eddng k\u00ednh l\u1edbn nh\u1ea5t<\/td>\n<td>72 mm<\/td>\n<\/tr>\n<tr>\n<td>\u0110\u01b0\u1eddng k\u00ednh nh\u1ecf nh\u1ea5t<\/td>\n<td>22 mm<\/td>\n<\/tr>\n<tr>\n<td>Tr\u1ecdng l\u01b0\u1ee3ng<\/td>\n<td>~139g<\/td>\n<\/tr>\n<tr>\n<td>H\u00e3ng s\u1ea3n xu\u1ea5t<\/td>\n<td>Rietschle (nay thu\u1ed9c Gardner Denver)<\/td>\n<\/tr>\n<tr>\n<td>V\u1ecb tr\u00ed tr\u00ean b\u1ea3n v\u1ebd<\/td>\n<td>S\u1ed1 191<\/td>\n<\/tr>\n<\/tbody>\n<\/table>\n<\/div>\n<blockquote>\n<p class=\"ds-markdown-paragraph\">L\u1ecdc c\u00f3 c\u1ea5u t\u1ea1o d\u1ea1ng vi m\u00f4 \u1edf \u0111\u1ea7u v\u00e0o, k\u1ebft h\u1ee3p v\u1edbi b\u1ed9 t\u00e1ch d\u1ea7u v\u00e0 s\u01b0\u01a1ng d\u1ea7u \u1edf \u0111\u1ea7u ra, \u0111\u1ea3m b\u1ea3o d\u1ea7u h\u1ed3i v\u1ec1 ho\u00e0n to\u00e0n.<\/p>\n<\/blockquote>\n<hr \/>\n<h2><span class=\"ez-toc-section\" id=\"Ung_dung_va_danh_sach_cac_dong_bom_su_dung_loc_tach_dau_7314000000\"><\/span>\u1ee8ng d\u1ee5ng v\u00e0 danh s\u00e1ch c\u00e1c d\u00f2ng b\u01a1m s\u1eed d\u1ee5ng l\u1ecdc t\u00e1ch d\u1ea7u 7314000000<span class=\"ez-toc-section-end\"><\/span><\/h2>\n<p class=\"ds-markdown-paragraph\">L\u1ecdc 7314000000 \u0111\u01b0\u1ee3c thi\u1ebft k\u1ebf ri\u00eang cho c\u00e1c d\u00f2ng b\u01a1m ch\u00e2n kh\u00f4ng c\u1ee7a Gardner Denver\/Rietschle \u0111\u1eddi t\u1eeb 2001 tr\u1edf \u0111i. T\u00f9y t\u1eebng model, s\u1ed1 l\u01b0\u1ee3ng l\u1ecdc s\u1eed d\u1ee5ng tr\u00ean m\u1ed9t m\u00e1y s\u1ebd kh\u00e1c nhau:<\/p>\n<div class=\"ds-scroll-area ds-scroll-area--show-on-focus-within _1210dd7 c03cafe9\">\n<div class=\"ds-scroll-area__gutters\">\n<div class=\"ds-scroll-area__horizontal-gutter\"><\/div>\n<div class=\"ds-scroll-area__vertical-gutter\"><\/div>\n<\/div>\n<table>\n<thead>\n<tr>\n<th>Model b\u01a1m<\/th>\n<th>S\u1ed1 l\u01b0\u1ee3ng l\u1ecdc\/m\u00e1y<\/th>\n<\/tr>\n<\/thead>\n<tbody>\n<tr>\n<td>CLF 101 from 2001<\/td>\n<td>4 c\u00e1i<\/td>\n<\/tr>\n<tr>\n<td>CLF 341 from 2001<\/td>\n<td>4 c\u00e1i<\/td>\n<\/tr>\n<tr>\n<td>CLFE 101 from 2001<\/td>\n<td>4 c\u00e1i<\/td>\n<\/tr>\n<tr>\n<td>CLFE 341 from 2001<\/td>\n<td>4 c\u00e1i<\/td>\n<\/tr>\n<tr>\n<td>CLFEH 1001 from 2001<\/td>\n<td>8 c\u00e1i<\/td>\n<\/tr>\n<tr>\n<td>CLFEH 341 from 2001<\/td>\n<td>4 c\u00e1i<\/td>\n<\/tr>\n<tr>\n<td>CLFEH 631 from 2001<\/td>\n<td>8 c\u00e1i<\/td>\n<\/tr>\n<tr>\n<td>VC 400<\/td>\n<td>4 c\u00e1i<\/td>\n<\/tr>\n<tr>\n<td>VCA 100 from 2001<\/td>\n<td>4 c\u00e1i<\/td>\n<\/tr>\n<tr>\n<td>VCAH 100 from 2001<\/td>\n<td>4 c\u00e1i<\/td>\n<\/tr>\n<tr>\n<td>VCE 100 from 2001<\/td>\n<td>4 c\u00e1i<\/td>\n<\/tr>\n<tr>\n<td>VCH 100 from 2001<\/td>\n<td>4 c\u00e1i<\/td>\n<\/tr>\n<tr>\n<td>VCH 140 from 2001<\/td>\n<td>4 c\u00e1i<\/td>\n<\/tr>\n<tr>\n<td>VSH 1000 from 2001<\/td>\n<td>8 c\u00e1i<\/td>\n<\/tr>\n<tr>\n<td>VSH 1500 from 2001<\/td>\n<td>8 c\u00e1i<\/td>\n<\/tr>\n<tr>\n<td>VSH 340 from 2001<\/td>\n<td>4 c\u00e1i<\/td>\n<\/tr>\n<tr>\n<td>VSH 630 from 2001<\/td>\n<td>8 c\u00e1i<\/td>\n<\/tr>\n<tr>\n<td>VSW 1000 from 2001<\/td>\n<td>8 c\u00e1i<\/td>\n<\/tr>\n<tr>\n<td>VSW 340 from 2001<\/td>\n<td>4 c\u00e1i<\/td>\n<\/tr>\n<tr>\n<td>VSW 630 from 2001<\/td>\n<td>8 c\u00e1i<\/td>\n<\/tr>\n<\/tbody>\n<\/table>\n<\/div>\n<blockquote>\n<p class=\"ds-markdown-paragraph\">\u2705\u00a0<strong>L\u01b0u \u00fd:<\/strong>\u00a0C\u00e1c d\u00f2ng b\u01a1m c\u00f4ng su\u1ea5t l\u1edbn nh\u01b0 CLFEH 1001, VSH 1000 th\u01b0\u1eddng d\u00f9ng 8 c\u1ecdc l\u1ecdc\/m\u00e1y, do \u0111\u00f3 khi b\u1ea3o tr\u00ec c\u1ea7n chu\u1ea9n b\u1ecb \u0111\u1ee7 s\u1ed1 l\u01b0\u1ee3ng.<\/p>\n<\/blockquote>\n<hr \/>\n<h2><span class=\"ez-toc-section\" id=\"Nguyen_ly_hoat_dong_va_vi_tri_lap_dat\"><\/span>Nguy\u00ean l\u00fd ho\u1ea1t \u0111\u1ed9ng v\u00e0 v\u1ecb tr\u00ed l\u1eafp \u0111\u1eb7t<span class=\"ez-toc-section-end\"><\/span><\/h2>\n<p class=\"ds-markdown-paragraph\">Trong h\u1ec7 th\u1ed1ng b\u01a1m ch\u00e2n kh\u00f4ng c\u00e1nh quay ng\u1eadp d\u1ea7u:<\/p>\n<ul>\n<li>\n<p class=\"ds-markdown-paragraph\">Kh\u00ed v\u00e0 d\u1ea7u h\u1ed7n h\u1ee3p \u0111\u01b0\u1ee3c \u0111\u1ea9y qua\u00a0<strong>l\u1ecdc t\u00e1ch d\u1ea7u 7314000000<\/strong>.<\/p>\n<\/li>\n<li>\n<p class=\"ds-markdown-paragraph\">C\u00e1c ph\u1ea7n t\u1eed vi m\u00f4 gi\u1eef l\u1ea1i d\u1ea7u, kh\u00ed s\u1ea1ch \u0111\u01b0\u1ee3c tho\u00e1t ra ngo\u00e0i.<\/p>\n<\/li>\n<li>\n<p class=\"ds-markdown-paragraph\">D\u1ea7u \u0111\u01b0\u1ee3c h\u1ed3i v\u1ec1 h\u1ec7 th\u1ed1ng b\u00f4i tr\u01a1n nh\u1edd b\u1ed9 t\u00e1ch d\u1ea7u v\u00e0 s\u01b0\u01a1ng d\u1ea7u \u1edf ph\u00eda \u0111\u1ea7u ra.<\/p>\n<\/li>\n<\/ul>\n<p class=\"ds-markdown-paragraph\"><strong>V\u1ecb tr\u00ed l\u1eafp \u0111\u1eb7t:<\/strong>\u00a0L\u1ecdc \u0111\u01b0\u1ee3c g\u1eafn tr\u1ef1c ti\u1ebfp tr\u00ean th\u00e2n b\u01a1m, th\u01b0\u1eddng n\u1eb1m \u1edf ph\u00eda \u0111\u1ea7u ra. Tr\u00ean b\u1ea3n v\u1ebd chi ti\u1ebft m\u00e1y, \u0111\u00e2y l\u00e0\u00a0<strong>v\u1ecb tr\u00ed s\u1ed1 191<\/strong>\u00a0\u2013 r\u1ea5t d\u1ec5 nh\u1eadn bi\u1ebft.<\/p>\n<blockquote>\n<p class=\"ds-markdown-paragraph\">\ud83d\udca1\u00a0<strong>M\u1eb9o thay th\u1ebf:<\/strong>\u00a0D\u00f9ng c\u1edd l\u00ea v\u00f2ng 19mm ho\u1eb7c 3\/4\u201d xoay ng\u01b0\u1ee3c chi\u1ec1u kim \u0111\u1ed3ng h\u1ed3 \u0111\u1ec3 th\u00e1o l\u1ecdc c\u0169. Khi l\u1eafp l\u1ecdc m\u1edbi, c\u0103n ch\u1ec9nh m\u0169i t\u00ean \u25bc tr\u00ean l\u1ecdc v\u1edbi bi\u1ec3u t\u01b0\u1ee3ng kh\u00f3a m\u1edf, si\u1ebft theo chi\u1ec1u kim \u0111\u1ed3ng h\u1ed3 \u0111\u1ebfn khi nghe ti\u1ebfng &#8220;t\u00e1ch&#8221;.<\/p>\n<\/blockquote>\n<hr \/>\n<h2><span class=\"ez-toc-section\" id=\"Khi_nao_can_thay_loc_tach_dau_7314000000\"><\/span>Khi n\u00e0o c\u1ea7n thay l\u1ecdc t\u00e1ch d\u1ea7u 7314000000?<span class=\"ez-toc-section-end\"><\/span><\/h2>\n<p class=\"ds-markdown-paragraph\">Theo khuy\u1ebfn c\u00e1o t\u1eeb nh\u00e0 s\u1ea3n xu\u1ea5t:<\/p>\n<ul>\n<li>\n<p class=\"ds-markdown-paragraph\"><strong>Chu k\u1ef3 thay:<\/strong>\u00a0M\u1ed7i 2000 gi\u1edd ho\u1ea1t \u0111\u1ed9ng.<\/p>\n<\/li>\n<li>\n<p class=\"ds-markdown-paragraph\"><strong>Ho\u1eb7c khi<\/strong>\u00a0\u0111i\u1ec7n tr\u1edf l\u1ecdc \u0111\u1ea1t 0.7 bar (ki\u1ec3m tra qua \u0111\u1ed3ng h\u1ed3 \u0111o \u00e1p su\u1ea5t).<\/p>\n<\/li>\n<li>\n<p class=\"ds-markdown-paragraph\"><strong>Kh\u00f4ng th\u1ec3 l\u00e0m s\u1ea1ch<\/strong>\u00a0\u2013 b\u1eaft bu\u1ed9c thay m\u1edbi.<\/p>\n<\/li>\n<\/ul>\n<p class=\"ds-markdown-paragraph\">N\u1ebfu m\u00f4i tr\u01b0\u1eddng l\u00e0m vi\u1ec7c nhi\u1ec1u b\u1ee5i b\u1ea9n, h\u00f3a ch\u1ea5t, ho\u1eb7c h\u01a1i n\u01b0\u1edbc cao, c\u1ea7n r\u00fat ng\u1eafn chu k\u1ef3 thay th\u1ebf.<\/p>\n<blockquote>\n<p class=\"ds-markdown-paragraph\">\u26a0\ufe0f H\u1eadu qu\u1ea3 khi kh\u00f4ng thay k\u1ecbp th\u1eddi:<\/p>\n<ul>\n<li>\n<p class=\"ds-markdown-paragraph\">T\u0103ng nhi\u1ec7t \u0111\u1ed9 b\u01a1m<\/p>\n<\/li>\n<li>\n<p class=\"ds-markdown-paragraph\">Ti\u00eau th\u1ee5 \u0111i\u1ec7n n\u0103ng cao<\/p>\n<\/li>\n<li>\n<p class=\"ds-markdown-paragraph\">Nguy c\u01a1 r\u00f2 r\u1ec9 d\u1ea7u qua l\u1ed7 tho\u00e1t<\/p>\n<\/li>\n<li>\n<p class=\"ds-markdown-paragraph\">Gi\u1ea3m hi\u1ec7u su\u1ea5t ch\u00e2n kh\u00f4ng<\/p>\n<\/li>\n<\/ul>\n<\/blockquote>\n<hr \/>\n<h2><span class=\"ez-toc-section\" id=\"Linh_vuc_ung_dung_phu_hop\"><\/span>L\u0129nh v\u1ef1c \u1ee9ng d\u1ee5ng ph\u00f9 h\u1ee3p<span class=\"ez-toc-section-end\"><\/span><\/h2>\n<p class=\"ds-markdown-paragraph\">B\u01a1m ch\u00e2n kh\u00f4ng s\u1eed d\u1ee5ng\u00a0<strong>l\u1ecdc t\u00e1ch d\u1ea7u 7314000000<\/strong>\u00a0th\u00edch h\u1ee3p cho:<\/p>\n<ul>\n<li>\n<p class=\"ds-markdown-paragraph\">H\u00fat ch\u00e2n kh\u00f4ng h\u1ec7 th\u1ed1ng k\u00edn<\/p>\n<\/li>\n<li>\n<p class=\"ds-markdown-paragraph\">T\u1ea1o ch\u00e2n kh\u00f4ng li\u00ean t\u1ee5c trong d\u1ea3i \u00e1p su\u1ea5t\u00a0<strong>0.5 \u2013 500 mbar (tuy\u1ec7t \u0111\u1ed1i)<\/strong><\/p>\n<\/li>\n<li>\n<p class=\"ds-markdown-paragraph\">C\u00e1c ng\u00e0nh: bao b\u00ec, ch\u1ebf bi\u1ebfn g\u1ed7, y t\u1ebf, in \u1ea5n, x\u1eed l\u00fd nhi\u1ec7t, s\u1ea5y kh\u00f4, \u0111\u1ecbnh h\u00ecnh nh\u1ef1a\u2026<\/p>\n<\/li>\n<\/ul>\n<blockquote>\n<p class=\"ds-markdown-paragraph\">\ud83d\udccc L\u01b0u \u00fd: N\u1ebfu ho\u1ea1t \u0111\u1ed9ng li\u00ean t\u1ee5c \u1edf \u00e1p su\u1ea5t &gt;100 mbar, c\u1ea7n d\u00f9ng \u0111\u1ed9ng c\u01a1 c\u00f4ng su\u1ea5t l\u1edbn h\u01a1n. N\u1ebfu thi\u1ebft b\u1ecb b\u1eadt\/t\u1eaft qu\u00e1 th\u01b0\u1eddng xuy\u00ean (&gt;10 l\u1ea7n\/gi\u1edd), nhi\u1ec7t \u0111\u1ed9 m\u00f4i tr\u01b0\u1eddng cao, vui l\u00f2ng tham kh\u1ea3o nh\u00e0 s\u1ea3n xu\u1ea5t.<\/p>\n<\/blockquote>\n<hr \/>\n<h2><span class=\"ez-toc-section\" id=\"Mua_loc_tach_dau_7314000000_chinh_hang_o_dau\"><\/span>Mua l\u1ecdc t\u00e1ch d\u1ea7u 7314000000 ch\u00ednh h\u00e3ng \u1edf \u0111\u00e2u?<span class=\"ez-toc-section-end\"><\/span><\/h2>\n<p class=\"ds-markdown-paragraph\"><strong>Minh Ph\u00fa<\/strong>\u00a0t\u1ef1 h\u00e0o l\u00e0 nh\u00e0 cung c\u1ea5p uy t\u00edn t\u1ea1i Vi\u1ec7t Nam c\u00e1c lo\u1ea1i ph\u1ee5 t\u00f9ng b\u01a1m ch\u00e2n kh\u00f4ng Gardner Denver \/ Rietschle, bao g\u1ed3m:<\/p>\n<ul>\n<li>\n<p class=\"ds-markdown-paragraph\">L\u1ecdc t\u00e1ch d\u1ea7u 7314000000<\/p>\n<\/li>\n<li>\n<p class=\"ds-markdown-paragraph\">L\u1ecdc kh\u00ed, l\u1ecdc d\u1ea7u, van m\u1ed9t chi\u1ec1u, van c\u00e2n b\u1eb1ng kh\u00ed<\/p>\n<\/li>\n<li>\n<p class=\"ds-markdown-paragraph\">Ph\u1ee5 ki\u1ec7n b\u1ea3o tr\u00ec to\u00e0n b\u1ed9 d\u00f2ng CLF, CLFE, VCA, VSH, VSW\u2026<\/p>\n<\/li>\n<\/ul>\n<p class=\"ds-markdown-paragraph\">\u2705 H\u00e0ng lu\u00f4n c\u00f3 s\u1eb5n v\u1edbi s\u1ed1 l\u01b0\u1ee3ng l\u1edbn<br \/>\n\u2705 Gi\u00e1 c\u1ea1nh tranh, cam k\u1ebft ch\u00ednh h\u00e3ng<br \/>\n\u2705 H\u1ed7 tr\u1ee3 k\u1ef9 thu\u1eadt l\u1ef1a ch\u1ecdn \u0111\u00fang m\u00e3 cho t\u1eebng model b\u01a1m<\/p>\n<h3><span class=\"ez-toc-section\" id=\"Lien_he_ngay_de_duoc_bao_gia_tu_van\"><\/span>Li\u00ean h\u1ec7 ngay \u0111\u1ec3 \u0111\u01b0\u1ee3c b\u00e1o gi\u00e1 &amp; t\u01b0 v\u1ea5n:<span class=\"ez-toc-section-end\"><\/span><\/h3>\n<p class=\"ds-markdown-paragraph\"><a href=\"https:\/\/mpvane.com\/product-category\/loc-chan-khong\/loc-elemo-rietschle\/\"><strong>C\u00f4ng ty TNHH K\u1ef9 thu\u1eadt v\u00e0 D\u1ecbch v\u1ee5 Minh Ph\u00fa<\/strong><\/a><br \/>\n\ud83d\udce7 Email:\u00a0sales@minhphuco.vn<br \/>\n\ud83c\udf10 Website:\u00a0<a href=\"https:\/\/www.minhphuco.com\/\" target=\"_blank\" rel=\"noopener noreferrer\">www.minhphuco.com<\/a><br \/>\n\ud83d\udcf1 Zalo: 0985 490 343 ho\u1eb7c 0985 843 778<\/p>\n<hr \/>\n<h2><span class=\"ez-toc-section\" id=\"Cau_hoi_thuong_gap_FAQ\"><\/span>C\u00e2u h\u1ecfi th\u01b0\u1eddng g\u1eb7p (FAQ)<span class=\"ez-toc-section-end\"><\/span><\/h2>\n<p class=\"ds-markdown-paragraph\"><strong>1. L\u1ecdc 7314000000 c\u00f3 thay th\u1ebf \u0111\u01b0\u1ee3c cho l\u1ecdc 7314000000 kh\u00f4ng?<\/strong><br \/>\nCh\u1ec9 s\u1eed d\u1ee5ng \u0111\u00fang m\u00e3 7314000000, kh\u00f4ng thay b\u1eb1ng m\u00e3 kh\u00e1c v\u00ec sai th\u00f4ng s\u1ed1 l\u1eafp \u0111\u1eb7t.<\/p>\n<p class=\"ds-markdown-paragraph\"><strong>2. C\u00f3 th\u1ec3 d\u00f9ng l\u1ecdc n\u00e0y cho b\u01a1m tr\u01b0\u1edbc n\u0103m 2001 kh\u00f4ng?<\/strong><br \/>\nKh\u00f4ng. Nh\u00e0 s\u1ea3n xu\u1ea5t ch\u1ec9 \u0111\u1ecbnh cho c\u00e1c d\u00f2ng t\u1eeb 2001 tr\u1edf \u0111i.<\/p>\n<p class=\"ds-markdown-paragraph\"><strong>3. L\u00e0m sao bi\u1ebft l\u1ecdc \u0111\u00e3 b\u1ecb t\u1eafc?<\/strong><br \/>\nQuan s\u00e1t nhi\u1ec7t \u0111\u1ed9 b\u01a1m t\u0103ng b\u1ea5t th\u01b0\u1eddng, \u00e1p su\u1ea5t \u0111\u1ea9y cao, ho\u1eb7c \u0111\u1ed3ng h\u1ed3 ch\u00eanh \u00e1p l\u1ecdc b\u00e1o &gt;0.7 bar.<\/p>\n<hr \/>\n<h2><span class=\"ez-toc-section\" id=\"Ket_luan\"><\/span>K\u1ebft lu\u1eadn<span class=\"ez-toc-section-end\"><\/span><\/h2>\n<p class=\"ds-markdown-paragraph\"><strong>L\u1ecdc t\u00e1ch d\u1ea7u 7314000000<\/strong>\u00a0l\u00e0 ph\u1ee5 t\u00f9ng kh\u00f4ng th\u1ec3 thi\u1ebfu \u0111\u1ec3 duy tr\u00ec hi\u1ec7u su\u1ea5t v\u00e0 tu\u1ed5i th\u1ecd cho b\u01a1m ch\u00e2n kh\u00f4ng Gardner Denver\/Rietschle. Vi\u1ec7c thay th\u1ebf \u0111\u00fang h\u1ea1n, \u0111\u00fang m\u00e3 s\u1ed1 (v\u1ecb tr\u00ed 191 tr\u00ean b\u1ea3n v\u1ebd) s\u1ebd gi\u00fap ti\u1ebft ki\u1ec7m chi ph\u00ed v\u1eadn h\u00e0nh v\u00e0 tr\u00e1nh h\u01b0 h\u1ecfng nghi\u00eam tr\u1ecdng.<\/p>\n<p class=\"ds-markdown-paragraph\">H\u00e3y li\u00ean h\u1ec7 ngay v\u1edbi\u00a0<strong>Minh Ph\u00fa<\/strong>\u00a0\u0111\u1ec3 \u0111\u01b0\u1ee3c cung c\u1ea5p s\u1ea3n ph\u1ea9m ch\u00ednh h\u00e3ng, gi\u00e1 t\u1ed1t nh\u1ea5t th\u1ecb tr\u01b0\u1eddng Vi\u1ec7t Nam.<\/p>\n<hr \/>\n<p class=\"ds-markdown-paragraph\"><strong>T\u1eeb kh\u00f3a b\u00e0i vi\u1ebft:<\/strong><br \/>\n<code>l\u1ecdc t\u00e1ch d\u1ea7u 7314000000<\/code>,\u00a0<code>l\u1ecdc 7314000000 Rietschle<\/code>,\u00a0<code>v\u1ecb tr\u00ed l\u1ecdc 191 b\u1ea3n v\u1ebd b\u01a1m ch\u00e2n kh\u00f4ng<\/code>,\u00a0<code>th\u00f4ng s\u1ed1 l\u1ecdc t\u00e1ch d\u1ea7u 7314000000<\/code>,\u00a0<code>n\u01a1i b\u00e1n l\u1ecdc 7314000000 gi\u00e1 r\u1ebb<\/code>,\u00a0<code>l\u1ecdc t\u00e1ch d\u1ea7u Gardner Denver 7314000000<\/code>,\u00a0<code>thay l\u1ecdc 7314000000 sau 2000 gi\u1edd<\/code>,\u00a0<code>Minh Ph\u00fa cung c\u1ea5p l\u1ecdc 7314000000<\/code><\/p>\n","protected":false},"excerpt":{"rendered":"<p>L\u1ecdc t\u00e1ch d\u1ea7u\u00a0 Rietschle 7314000000<\/p>\n<p>T\u1ed5ng chi\u1ec1u cao 95 mm x \u0110\u01b0\u1eddng k\u00ednh l\u1edbn nh\u1ea5t 72 mm x \u0110\u01b0\u1eddng k\u00ednh nh\u1ecf nh\u1ea5t 22 mm<\/p>\n<p>C\u00e2n n\u1eb7ng ~ 139g<\/p>\n[caption id=\"attachment_9010\" align=\"alignnone\" width=\"960\"]<img fetchpriority=\"high\" decoding=\"async\" class=\"size-full wp-image-9010\" src=\"https:\/\/mpvane.com\/wp-content\/uploads\/2026\/04\/Loc-tach-dau-7314000000-3.jpg\" alt=\"l\u1ecdc t\u00e1ch d\u1ea7u 731400\" width=\"960\" height=\"797\" srcset=\"https:\/\/mpvane.com\/wp-content\/uploads\/2026\/04\/Loc-tach-dau-7314000000-3.jpg 960w, https:\/\/mpvane.com\/wp-content\/uploads\/2026\/04\/Loc-tach-dau-7314000000-3-300x249.jpg 300w, https:\/\/mpvane.com\/wp-content\/uploads\/2026\/04\/Loc-tach-dau-7314000000-3-768x638.jpg 768w, https:\/\/mpvane.com\/wp-content\/uploads\/2026\/04\/Loc-tach-dau-7314000000-3-150x125.jpg 150w\" sizes=\"(max-width: 960px) 100vw, 960px\" \/> ph\u1ee5 t\u00f9ng b\u01a1m ch\u00e2n kh\u00f4ng rietschle[\/caption]\n","protected":false},"featured_media":9006,"comment_status":"open","ping_status":"closed","template":"","meta":{"_acf_changed":false},"product_brand":[],"product_cat":[702,718],"product_tag":[2820],"class_list":{"0":"post-9005","1":"product","2":"type-product","3":"status-publish","4":"has-post-thumbnail","6":"product_cat-loc-chan-khong","7":"product_cat-loc-elemo-rietschle","8":"product_tag-2820","10":"first","11":"instock","12":"shipping-taxable","13":"product-type-simple"},"acf":[],"_links":{"self":[{"href":"https:\/\/mpvane.com\/en\/wp-json\/wp\/v2\/product\/9005","targetHints":{"allow":["GET"]}}],"collection":[{"href":"https:\/\/mpvane.com\/en\/wp-json\/wp\/v2\/product"}],"about":[{"href":"https:\/\/mpvane.com\/en\/wp-json\/wp\/v2\/types\/product"}],"replies":[{"embeddable":true,"href":"https:\/\/mpvane.com\/en\/wp-json\/wp\/v2\/comments?post=9005"}],"version-history":[{"count":3,"href":"https:\/\/mpvane.com\/en\/wp-json\/wp\/v2\/product\/9005\/revisions"}],"predecessor-version":[{"id":9020,"href":"https:\/\/mpvane.com\/en\/wp-json\/wp\/v2\/product\/9005\/revisions\/9020"}],"wp:featuredmedia":[{"embeddable":true,"href":"https:\/\/mpvane.com\/en\/wp-json\/wp\/v2\/media\/9006"}],"wp:attachment":[{"href":"https:\/\/mpvane.com\/en\/wp-json\/wp\/v2\/media?parent=9005"}],"wp:term":[{"taxonomy":"product_brand","embeddable":true,"href":"https:\/\/mpvane.com\/en\/wp-json\/wp\/v2\/product_brand?post=9005"},{"taxonomy":"product_cat","embeddable":true,"href":"https:\/\/mpvane.com\/en\/wp-json\/wp\/v2\/product_cat?post=9005"},{"taxonomy":"product_tag","embeddable":true,"href":"https:\/\/mpvane.com\/en\/wp-json\/wp\/v2\/product_tag?post=9005"}],"curies":[{"name":"wp","href":"https:\/\/api.w.org\/{rel}","templated":true}]}}