{"id":8988,"date":"2026-03-31T16:14:47","date_gmt":"2026-03-31T09:14:47","guid":{"rendered":"https:\/\/mpvane.com\/?post_type=product&#038;p=8988"},"modified":"2026-04-01T10:39:53","modified_gmt":"2026-04-01T03:39:53","slug":"loc-tach-dau-7314010000","status":"publish","type":"product","link":"https:\/\/mpvane.com\/en\/san-pham\/loc-tach-dau-7314010000\/","title":{"rendered":"L\u1ecdc t\u00e1ch d\u1ea7u 7314010000"},"content":{"rendered":"<div id=\"ez-toc-container\" class=\"ez-toc-v2_0_75 counter-hierarchy ez-toc-counter ez-toc-grey ez-toc-container-direction\">\n<div class=\"ez-toc-title-container\">\n<p class=\"ez-toc-title\" style=\"cursor:inherit\">Table of Contents<\/p>\n<span class=\"ez-toc-title-toggle\"><a href=\"#\" class=\"ez-toc-pull-right ez-toc-btn ez-toc-btn-xs ez-toc-btn-default ez-toc-toggle\" aria-label=\"Toggle Table of Content\"><span class=\"ez-toc-js-icon-con\"><span class=\"\"><span class=\"eztoc-hide\" style=\"display:none;\">Toggle<\/span><span class=\"ez-toc-icon-toggle-span\"><svg style=\"fill: #999;color:#999\" xmlns=\"http:\/\/www.w3.org\/2000\/svg\" class=\"list-377408\" width=\"20px\" height=\"20px\" viewBox=\"0 0 24 24\" fill=\"none\"><path d=\"M6 6H4v2h2V6zm14 0H8v2h12V6zM4 11h2v2H4v-2zm16 0H8v2h12v-2zM4 16h2v2H4v-2zm16 0H8v2h12v-2z\" fill=\"currentColor\"><\/path><\/svg><svg style=\"fill: #999;color:#999\" class=\"arrow-unsorted-368013\" xmlns=\"http:\/\/www.w3.org\/2000\/svg\" width=\"10px\" height=\"10px\" viewBox=\"0 0 24 24\" version=\"1.2\" baseProfile=\"tiny\"><path d=\"M18.2 9.3l-6.2-6.3-6.2 6.3c-.2.2-.3.4-.3.7s.1.5.3.7c.2.2.4.3.7.3h11c.3 0 .5-.1.7-.3.2-.2.3-.5.3-.7s-.1-.5-.3-.7zM5.8 14.7l6.2 6.3 6.2-6.3c.2-.2.3-.5.3-.7s-.1-.5-.3-.7c-.2-.2-.4-.3-.7-.3h-11c-.3 0-.5.1-.7.3-.2.2-.3.5-.3.7s.1.5.3.7z\"\/><\/svg><\/span><\/span><\/span><\/a><\/span><\/div>\n<nav><ul class='ez-toc-list ez-toc-list-level-1 ' ><li class='ez-toc-page-1 ez-toc-heading-level-1'><a class=\"ez-toc-link ez-toc-heading-1\" href=\"https:\/\/mpvane.com\/en\/san-pham\/loc-tach-dau-7314010000\/#Loc_Tach_Dau_7314010000_%E2%80%93_Thong_So_Vi_Tri_Cach_Thay_The_Va_Ung_Dung_Cho_Bom_Gardner_Denver\" >L\u1ecdc T\u00e1ch D\u1ea7u 7314010000 &#8211; Th\u00f4ng S\u1ed1, V\u1ecb Tr\u00ed, C\u00e1ch Thay Th\u1ebf V\u00e0 \u1ee8ng D\u1ee5ng Cho B\u01a1m Gardner Denver<\/a><ul class='ez-toc-list-level-2' ><li class='ez-toc-heading-level-2'><a class=\"ez-toc-link ez-toc-heading-2\" href=\"https:\/\/mpvane.com\/en\/san-pham\/loc-tach-dau-7314010000\/#Loc_Tach_Dau_7314010000_La_Gi\" >L\u1ecdc T\u00e1ch D\u1ea7u 7314010000 L\u00e0 G\u00ec?<\/a><\/li><li class='ez-toc-page-1 ez-toc-heading-level-2'><a class=\"ez-toc-link ez-toc-heading-3\" href=\"https:\/\/mpvane.com\/en\/san-pham\/loc-tach-dau-7314010000\/#Thong_So_Ky_Thuat_Loc_Rietschle_7314010000\" >Th\u00f4ng S\u1ed1 K\u1ef9 Thu\u1eadt L\u1ecdc Rietschle 7314010000<\/a><\/li><li class='ez-toc-page-1 ez-toc-heading-level-2'><a class=\"ez-toc-link ez-toc-heading-4\" href=\"https:\/\/mpvane.com\/en\/san-pham\/loc-tach-dau-7314010000\/#Cac_Dong_Bom_Su_Dung_Loc_7314010000\" >C\u00e1c D\u00f2ng B\u01a1m S\u1eed D\u1ee5ng L\u1ecdc 7314010000<\/a><\/li><li class='ez-toc-page-1 ez-toc-heading-level-2'><a class=\"ez-toc-link ez-toc-heading-5\" href=\"https:\/\/mpvane.com\/en\/san-pham\/loc-tach-dau-7314010000\/#Cong_Dung_Va_Co_Che_Hoat_Dong\" >C\u00f4ng D\u1ee5ng V\u00e0 C\u01a1 Ch\u1ebf Ho\u1ea1t \u0110\u1ed9ng<\/a><\/li><li class='ez-toc-page-1 ez-toc-heading-level-2'><a class=\"ez-toc-link ez-toc-heading-6\" href=\"https:\/\/mpvane.com\/en\/san-pham\/loc-tach-dau-7314010000\/#Huong_Dan_Thay_The_Loc_Tach_Dau_7314010000\" >H\u01b0\u1edbng D\u1eabn Thay Th\u1ebf L\u1ecdc T\u00e1ch D\u1ea7u 7314010000<\/a><ul class='ez-toc-list-level-3' ><li class='ez-toc-heading-level-3'><a class=\"ez-toc-link ez-toc-heading-7\" href=\"https:\/\/mpvane.com\/en\/san-pham\/loc-tach-dau-7314010000\/#Khi_nao_can_thay_the\" >Khi n\u00e0o c\u1ea7n thay th\u1ebf?<\/a><\/li><li class='ez-toc-page-1 ez-toc-heading-level-3'><a class=\"ez-toc-link ez-toc-heading-8\" href=\"https:\/\/mpvane.com\/en\/san-pham\/loc-tach-dau-7314010000\/#Quy_trinh_thay_the\" >Quy tr\u00ecnh thay th\u1ebf:<\/a><\/li><\/ul><\/li><li class='ez-toc-page-1 ez-toc-heading-level-2'><a class=\"ez-toc-link ez-toc-heading-9\" href=\"https:\/\/mpvane.com\/en\/san-pham\/loc-tach-dau-7314010000\/#Mua_Loc_Tach_Dau_7314010000_Chinh_Hang_O_Dau\" >Mua L\u1ecdc T\u00e1ch D\u1ea7u 7314010000 Ch\u00ednh H\u00e3ng \u1ede \u0110\u00e2u?<\/a><ul class='ez-toc-list-level-3' ><li class='ez-toc-heading-level-3'><a class=\"ez-toc-link ez-toc-heading-10\" href=\"https:\/\/mpvane.com\/en\/san-pham\/loc-tach-dau-7314010000\/#Thong_tin_lien_he\" >Th\u00f4ng tin li\u00ean h\u1ec7:<\/a><\/li><\/ul><\/li><\/ul><\/li><\/ul><\/nav><\/div>\n<h1><span class=\"ez-toc-section\" id=\"Loc_Tach_Dau_7314010000_%E2%80%93_Thong_So_Vi_Tri_Cach_Thay_The_Va_Ung_Dung_Cho_Bom_Gardner_Denver\"><\/span>L\u1ecdc T\u00e1ch D\u1ea7u 7314010000 &#8211; Th\u00f4ng S\u1ed1, V\u1ecb Tr\u00ed, C\u00e1ch Thay Th\u1ebf V\u00e0 \u1ee8ng D\u1ee5ng Cho B\u01a1m Gardner Denver<span class=\"ez-toc-section-end\"><\/span><\/h1>\n<p class=\"ds-markdown-paragraph\">L\u1ecdc t\u00e1ch d\u1ea7u\u00a0<strong>7314010000<\/strong>\u00a0l\u00e0 m\u1ed9t trong nh\u1eefng linh ki\u1ec7n quan tr\u1ecdng h\u00e0ng \u0111\u1ea7u trong h\u1ec7 th\u1ed1ng b\u01a1m ch\u00e2n kh\u00f4ng c\u1ee7a th\u01b0\u01a1ng hi\u1ec7u Gardner Denver (Rietschle). Vi\u1ec7c s\u1eed d\u1ee5ng \u0111\u00fang lo\u1ea1i l\u1ecdc ch\u00ednh h\u00e3ng, thay th\u1ebf \u0111\u1ecbnh k\u1ef3 kh\u00f4ng ch\u1ec9 \u0111\u1ea3m b\u1ea3o hi\u1ec7u su\u1ea5t ho\u1ea1t \u0111\u1ed9ng c\u1ee7a m\u00e1y m\u00e0 c\u00f2n k\u00e9o d\u00e0i tu\u1ed5i th\u1ecd thi\u1ebft b\u1ecb. B\u00e0i vi\u1ebft n\u00e0y cung c\u1ea5p \u0111\u1ea7y \u0111\u1ee7 th\u00f4ng tin v\u1ec1 m\u00e3 l\u1ecdc 7314010000, v\u1ecb tr\u00ed tr\u00ean b\u1ea3n v\u1ebd chi ti\u1ebft, th\u00f4ng s\u1ed1 k\u1ef9 thu\u1eadt, danh s\u00e1ch d\u00f2ng m\u00e1y s\u1eed d\u1ee5ng, c\u0169ng nh\u01b0 h\u01b0\u1edbng d\u1eabn thay th\u1ebf chi ti\u1ebft.<\/p>\n<h2><span class=\"ez-toc-section\" id=\"Loc_Tach_Dau_7314010000_La_Gi\"><\/span>L\u1ecdc T\u00e1ch D\u1ea7u 7314010000 L\u00e0 G\u00ec?<span class=\"ez-toc-section-end\"><\/span><\/h2>\n<p class=\"ds-markdown-paragraph\"><strong>L\u1ecdc t\u00e1ch d\u1ea7u 7314010000<\/strong>\u00a0(hay c\u00f2n g\u1ecdi l\u00e0 b\u1ed9 t\u00e1ch nh\u1edbt, b\u1ed9 l\u1ecdc t\u00e1ch d\u1ea7u kh\u00ed) l\u00e0 ph\u1ee5 ki\u1ec7n chuy\u00ean d\u1ee5ng \u0111\u01b0\u1ee3c thi\u1ebft k\u1ebf cho c\u00e1c d\u00f2ng b\u01a1m ch\u00e2n kh\u00f4ng c\u00e1nh quay ng\u1eadp d\u1ea7u. Tr\u00ean b\u1ea3n v\u1ebd chi ti\u1ebft m\u00e1y, m\u00e3 l\u1ecdc 7314010000 th\u01b0\u1eddng n\u1eb1m \u1edf\u00a0<strong>v\u1ecb tr\u00ed s\u1ed1 44<\/strong>.<\/p>\n<p class=\"ds-markdown-paragraph\">B\u1ed9 ph\u1eadn n\u00e0y c\u00f3 nhi\u1ec7m v\u1ee5 t\u00e1ch d\u1ea7u b\u00f4i tr\u01a1n ra kh\u1ecfi d\u00f2ng kh\u00ed n\u00e9n tr\u01b0\u1edbc khi th\u1ea3i ra ngo\u00e0i. D\u1ea7u sau khi \u0111\u01b0\u1ee3c t\u00e1ch s\u1ebd \u0111\u01b0\u1ee3c \u0111\u01b0a tr\u1edf l\u1ea1i h\u1ec7 th\u1ed1ng b\u00f4i tr\u01a1n, \u0111\u1ea3m b\u1ea3o v\u1eadn h\u00e0nh li\u00ean t\u1ee5c v\u00e0 gi\u1ea3m thi\u1ec3u \u00f4 nhi\u1ec5m m\u00f4i tr\u01b0\u1eddng.<\/p>\n<h2><span class=\"ez-toc-section\" id=\"Thong_So_Ky_Thuat_Loc_Rietschle_7314010000\"><\/span>Th\u00f4ng S\u1ed1 K\u1ef9 Thu\u1eadt L\u1ecdc Rietschle 7314010000<span class=\"ez-toc-section-end\"><\/span><\/h2>\n<p class=\"ds-markdown-paragraph\">\u0110\u1ec3 \u0111\u1ea3m b\u1ea3o t\u01b0\u01a1ng th\u00edch ch\u00ednh x\u00e1c v\u1edbi thi\u1ebft b\u1ecb, qu\u00fd kh\u00e1ch c\u1ea7n ki\u1ec3m tra k\u1ef9 c\u00e1c th\u00f4ng s\u1ed1 d\u01b0\u1edbi \u0111\u00e2y:<\/p>\n<ul>\n<li>\n<p class=\"ds-markdown-paragraph\"><strong>M\u00e3 s\u1ea3n ph\u1ea9m:<\/strong>\u00a07314010000<\/p>\n<\/li>\n<li>\n<p class=\"ds-markdown-paragraph\"><strong>Lo\u1ea1i l\u1ecdc:<\/strong>\u00a0L\u1ecdc t\u00e1ch d\u1ea7u g\u1eafn tr\u1ef1c ti\u1ebfp<\/p>\n<\/li>\n<li>\n<p class=\"ds-markdown-paragraph\"><strong>T\u1ed5ng chi\u1ec1u cao:<\/strong>\u00a0139 mm<\/p>\n<\/li>\n<li>\n<p class=\"ds-markdown-paragraph\"><strong>\u0110\u01b0\u1eddng k\u00ednh l\u1edbn nh\u1ea5t:<\/strong>\u00a079 mm<\/p>\n<\/li>\n<li>\n<p class=\"ds-markdown-paragraph\"><strong>\u0110\u01b0\u1eddng k\u00ednh nh\u1ecf nh\u1ea5t:<\/strong>\u00a035 mm<\/p>\n<\/li>\n<li>\n<p class=\"ds-markdown-paragraph\"><strong>Tr\u1ecdng l\u01b0\u1ee3ng:<\/strong>\u00a0Kho\u1ea3ng 240g<\/p>\n<\/li>\n<li>\n<p class=\"ds-markdown-paragraph\"><strong>H\u00e3ng s\u1ea3n xu\u1ea5t:<\/strong>\u00a0Rietschle \/ Gardner Denver<\/p>\n<\/li>\n<\/ul>\n<h2><span class=\"ez-toc-section\" id=\"Cac_Dong_Bom_Su_Dung_Loc_7314010000\"><\/span>C\u00e1c D\u00f2ng B\u01a1m S\u1eed D\u1ee5ng L\u1ecdc 7314010000<span class=\"ez-toc-section-end\"><\/span><\/h2>\n<p class=\"ds-markdown-paragraph\">M\u00e3 l\u1ecdc 7314010000 \u0111\u01b0\u1ee3c s\u1eed d\u1ee5ng r\u1ed9ng r\u00e3i tr\u00ean nhi\u1ec1u d\u00f2ng m\u00e1y b\u01a1m ch\u00e2n kh\u00f4ng c\u1ee7a Gardner Denver. D\u01b0\u1edbi \u0111\u00e2y l\u00e0 danh s\u00e1ch chi ti\u1ebft v\u00e0 s\u1ed1 l\u01b0\u1ee3ng s\u1eed d\u1ee5ng cho t\u1eebng model (t\u1eeb n\u0103m 2001 tr\u1edf \u0111i):<\/p>\n<div class=\"ds-scroll-area ds-scroll-area--show-on-focus-within _1210dd7 c03cafe9\">\n<ul>\n<li>\n<p class=\"ds-markdown-paragraph\"><strong>CLF:<\/strong>\u00a0141 (5 c\u00e1i), 181 (7), 251 (7), 341 (12)<\/p>\n<\/li>\n<li>\n<p class=\"ds-markdown-paragraph\"><strong>CLFD:<\/strong>\u00a0141 (15), 181 (15), 251 (4)<\/p>\n<\/li>\n<li>\n<p class=\"ds-markdown-paragraph\"><strong>CLFE:<\/strong>\u00a0141 (7), 181 (7), 251 (7), 341 (21)<\/p>\n<\/li>\n<li>\n<p class=\"ds-markdown-paragraph\"><strong>CLFEH:<\/strong>\u00a01001 (4), 141 (7), 181 (7), 251 (7), 341 (14), 501 (14), 631 (4)<\/p>\n<\/li>\n<li>\n<p class=\"ds-markdown-paragraph\"><strong>VC:<\/strong>\u00a0100 (4), 150 (4), 200 (7), 300 (7), 400 (14), 500 (14), 700 (14), 900 (21), 1100 (21), 1300 (4)<\/p>\n<\/li>\n<li>\n<p class=\"ds-markdown-paragraph\"><strong>VCAH\/VCEH\/VCH:<\/strong>\u00a0160\/180 (4-7 c\u00e1i), 220-250 (4-49 c\u00e1i)<\/p>\n<\/li>\n<li>\n<p class=\"ds-markdown-paragraph\"><strong>VSH &amp; VSW:<\/strong>\u00a0140-1000 (12-49 c\u00e1i)<\/p>\n<\/li>\n<\/ul>\n<\/div>\n<h2><span class=\"ez-toc-section\" id=\"Cong_Dung_Va_Co_Che_Hoat_Dong\"><\/span>C\u00f4ng D\u1ee5ng V\u00e0 C\u01a1 Ch\u1ebf Ho\u1ea1t \u0110\u1ed9ng<span class=\"ez-toc-section-end\"><\/span><\/h2>\n<p class=\"ds-markdown-paragraph\">L\u1ecdc t\u00e1ch d\u1ea7u\u00a0<strong>7314010000<\/strong>\u00a0\u0111\u00f3ng vai tr\u00f2 then ch\u1ed1t trong vi\u1ec7c duy tr\u00ec hi\u1ec7u su\u1ea5t c\u1ee7a b\u01a1m ch\u00e2n kh\u00f4ng:<\/p>\n<ul>\n<li>\n<p class=\"ds-markdown-paragraph\"><strong>L\u1ecdc vi m\u00f4:<\/strong>\u00a0B\u1ed9 l\u1ecdc c\u00f3 c\u1ea5u t\u1ea1o vi m\u00f4 \u1edf ph\u00eda \u0111\u1ea7u v\u00e0o, gi\u00fap gi\u1eef l\u1ea1i c\u00e1c h\u1ea1t b\u1ee5i b\u1ea9n c\u00f3 k\u00edch th\u01b0\u1edbc nh\u1ecf, b\u1ea3o v\u1ec7 c\u00e1c chi ti\u1ebft b\u00ean trong.<\/p>\n<\/li>\n<li>\n<p class=\"ds-markdown-paragraph\"><strong>T\u00e1ch d\u1ea7u v\u00e0 s\u01b0\u01a1ng d\u1ea7u:<\/strong>\u00a0\u1ede ph\u00eda \u0111\u1ea7u ra, b\u1ed9 ph\u1eadn t\u00e1ch d\u1ea7u c\u00f3 nhi\u1ec7m v\u1ee5 lo\u1ea1i b\u1ecf d\u1ea7u kh\u1ecfi d\u00f2ng kh\u00ed th\u1ea3i, \u0111\u01b0a d\u1ea7u tr\u1edf l\u1ea1i h\u1ec7 th\u1ed1ng tu\u1ea7n ho\u00e0n.<\/p>\n<\/li>\n<li>\n<p class=\"ds-markdown-paragraph\"><strong>T\u00edch h\u1ee3p van m\u1ed9t chi\u1ec1u:<\/strong>\u00a0Ng\u0103n ch\u1eb7n hi\u1ec7n t\u01b0\u1ee3ng th\u00f4ng gi\u00f3 ng\u01b0\u1ee3c tr\u1edf l\u1ea1i h\u1ec7 th\u1ed1ng ch\u00e2n kh\u00f4ng khi b\u01a1m d\u1eebng ho\u1ea1t \u0111\u1ed9ng.<\/p>\n<\/li>\n<li>\n<p class=\"ds-markdown-paragraph\"><strong>Van c\u00e2n b\u1eb1ng kh\u00ed:<\/strong>\u00a0Trang b\u1ecb ti\u00eau chu\u1ea9n gi\u00fap ng\u0103n ng\u1eeba s\u1ef1 ng\u01b0ng t\u1ee5 h\u01a1i n\u01b0\u1edbc b\u00ean trong b\u01a1m, b\u1ea3o v\u1ec7 d\u1ea7u v\u00e0 c\u00e1c chi ti\u1ebft b\u00ean trong kh\u1ecfi b\u1ecb oxy h\u00f3a.<\/p>\n<\/li>\n<\/ul>\n<h2><span class=\"ez-toc-section\" id=\"Huong_Dan_Thay_The_Loc_Tach_Dau_7314010000\"><\/span>H\u01b0\u1edbng D\u1eabn Thay Th\u1ebf L\u1ecdc T\u00e1ch D\u1ea7u 7314010000<span class=\"ez-toc-section-end\"><\/span><\/h2>\n<p class=\"ds-markdown-paragraph\">Vi\u1ec7c thay th\u1ebf l\u1ecdc \u0111\u1ecbnh k\u1ef3 l\u00e0 y\u00eau c\u1ea7u b\u1eaft bu\u1ed9c \u0111\u1ec3 \u0111\u1ea3m b\u1ea3o b\u01a1m ho\u1ea1t \u0111\u1ed9ng \u1ed5n \u0111\u1ecbnh.<\/p>\n<h3><span class=\"ez-toc-section\" id=\"Khi_nao_can_thay_the\"><\/span>Khi n\u00e0o c\u1ea7n thay th\u1ebf?<span class=\"ez-toc-section-end\"><\/span><\/h3>\n<p class=\"ds-markdown-paragraph\">Theo khuy\u1ebfn c\u00e1o t\u1eeb nh\u00e0 s\u1ea3n xu\u1ea5t, l\u1ecdc t\u00e1ch d\u1ea7u\u00a0<strong>7314010000<\/strong>\u00a0n\u00ean \u0111\u01b0\u1ee3c thay th\u1ebf sau:<\/p>\n<ul>\n<li>\n<p class=\"ds-markdown-paragraph\"><strong>M\u1ed7i 2000 gi\u1edd ho\u1ea1t \u0111\u1ed9ng.<\/strong><\/p>\n<\/li>\n<li>\n<p class=\"ds-markdown-paragraph\">Ho\u1eb7c khi \u0111i\u1ec7n tr\u1edf l\u1ecdc \u0111\u1ea1t\u00a0<strong>0.7 bar<\/strong>\u00a0(ki\u1ec3m tra qua \u0111\u1ed3ng h\u1ed3 \u0111o \u00e1p su\u1ea5t).<\/p>\n<\/li>\n<li>\n<p class=\"ds-markdown-paragraph\">Gi\u1ea3m kho\u1ea3ng th\u1eddi gian thay th\u1ebf n\u1ebfu m\u00f4i ch\u1ea5t th\u1ea3i ra c\u00f3 \u0111\u1ed9 \u00f4 nhi\u1ec5m cao.<\/p>\n<\/li>\n<\/ul>\n<h3><span class=\"ez-toc-section\" id=\"Quy_trinh_thay_the\"><\/span>Quy tr\u00ecnh thay th\u1ebf:<span class=\"ez-toc-section-end\"><\/span><\/h3>\n<ol start=\"1\">\n<li>\n<p class=\"ds-markdown-paragraph\"><strong>Th\u00e1o l\u1ecdc c\u0169:<\/strong>\u00a0S\u1eed d\u1ee5ng c\u1edd l\u00ea v\u00f2ng (c\u1ee1 19 mm ho\u1eb7c 3\/4 inch) \u0111\u1ec3 xoay b\u1ed9 l\u1ecdc ng\u01b0\u1ee3c chi\u1ec1u kim \u0111\u1ed3ng h\u1ed3.<\/p>\n<\/li>\n<li>\n<p class=\"ds-markdown-paragraph\"><strong>Ki\u1ec3m tra:<\/strong>\u00a0V\u1ec7 sinh s\u1ea1ch s\u1ebd b\u1ec1 m\u1eb7t l\u1eafp \u0111\u1eb7t tr\u01b0\u1edbc khi l\u1eafp l\u1ecdc m\u1edbi.<\/p>\n<\/li>\n<li>\n<p class=\"ds-markdown-paragraph\"><strong>L\u1eafp l\u1ecdc m\u1edbi:<\/strong>\u00a0L\u1ea5y l\u1ecdc 7314010000 m\u1edbi, ch\u00fa \u00fd bi\u1ec3u t\u01b0\u1ee3ng kh\u00f3a m\u1edf v\u00e0 m\u0169i t\u00ean \u25bc tr\u00ean th\u00e2n l\u1ecdc. \u0110\u1eb7t l\u1ecdc v\u00e0o v\u1ecb tr\u00ed v\u00e0 si\u1ebft ch\u1eb7t theo chi\u1ec1u kim \u0111\u1ed3ng h\u1ed3 cho \u0111\u1ebfn khi nghe th\u1ea5y ti\u1ebfng &#8220;t\u00e1ch&#8221; (\u0111\u00e3 \u0111\u1ea1t l\u1ef1c si\u1ebft ti\u00eau chu\u1ea9n).<\/p>\n<\/li>\n<\/ol>\n<h2><span class=\"ez-toc-section\" id=\"Mua_Loc_Tach_Dau_7314010000_Chinh_Hang_O_Dau\"><\/span>Mua L\u1ecdc T\u00e1ch D\u1ea7u 7314010000 Ch\u00ednh H\u00e3ng \u1ede \u0110\u00e2u?<span class=\"ez-toc-section-end\"><\/span><\/h2>\n<p class=\"ds-markdown-paragraph\">\u0110\u1ec3 \u0111\u1ea3m b\u1ea3o ch\u1ea5t l\u01b0\u1ee3ng v\u00e0 hi\u1ec7u su\u1ea5t v\u1eadn h\u00e0nh c\u1ee7a b\u01a1m ch\u00e2n kh\u00f4ng, qu\u00fd kh\u00e1ch h\u00e0ng n\u00ean l\u1ef1a ch\u1ecdn c\u00e1c nh\u00e0 cung c\u1ea5p uy t\u00edn.\u00a0<strong>C\u00f4ng ty TNHH K\u1ef9 thu\u1eadt v\u00e0 D\u1ecbch v\u1ee5 Minh Ph\u00fa<\/strong>\u00a0t\u1ef1 h\u00e0o l\u00e0 \u0111\u01a1n v\u1ecb ph\u00e2n ph\u1ed1i h\u00e0ng ch\u00ednh h\u00e3ng, lu\u00f4n c\u00f3 s\u1eb5n s\u1ed1 l\u01b0\u1ee3ng l\u1edbn l\u1ecdc t\u00e1ch d\u1ea7u\u00a0<strong>7314010000<\/strong>\u00a0nh\u1eb1m \u0111\u00e1p \u1ee9ng k\u1ecbp th\u1eddi nhu c\u1ea7u b\u1ea3o tr\u00ec, b\u1ea3o d\u01b0\u1ee1ng c\u1ee7a th\u1ecb tr\u01b0\u1eddng Vi\u1ec7t Nam v\u1edbi m\u1ee9c gi\u00e1 c\u1ea1nh tranh nh\u1ea5t.<\/p>\n<h3><span class=\"ez-toc-section\" id=\"Thong_tin_lien_he\"><\/span>Th\u00f4ng tin li\u00ean h\u1ec7:<span class=\"ez-toc-section-end\"><\/span><\/h3>\n<ul>\n<li>\n<p class=\"ds-markdown-paragraph\"><a href=\"https:\/\/mpvane.com\/product-category\/loc-chan-khong\/loc-elemo-rietschle\/\"><strong>C\u00f4ng ty TNHH K\u1ef9 thu\u1eadt v\u00e0 D\u1ecbch v\u1ee5 Minh Ph\u00fa<\/strong><\/a><\/p>\n<\/li>\n<li>\n<p class=\"ds-markdown-paragraph\"><strong>Email:<\/strong>\u00a0sales@minhphuco.vn<\/p>\n<\/li>\n<li>\n<p class=\"ds-markdown-paragraph\"><strong>Website:<\/strong>\u00a0<a href=\"https:\/\/www.minhphuco.com\/\" target=\"_blank\" rel=\"noopener noreferrer\">www.minhphuco.com<\/a><\/p>\n<\/li>\n<li>\n<p class=\"ds-markdown-paragraph\"><strong>Zalo\/\u0110i\u1ec7n tho\u1ea1i:<\/strong>\u00a00985 490 343 \/ 0985 843 778<\/p>\n<\/li>\n<\/ul>\n<p class=\"ds-markdown-paragraph\"><strong>K\u1ebft lu\u1eadn:<\/strong>\u00a0L\u1ecdc t\u00e1ch d\u1ea7u\u00a0<strong>7314010000<\/strong>\u00a0l\u00e0 ph\u1ee5 ki\u1ec7n kh\u00f4ng th\u1ec3 thi\u1ebfu cho c\u00e1c d\u00f2ng b\u01a1m Gardner Denver. Vi\u1ec7c theo d\u00f5i, ki\u1ec3m tra v\u00e0 thay th\u1ebf \u0111\u1ecbnh k\u1ef3 theo \u0111\u00fang h\u01b0\u1edbng d\u1eabn s\u1ebd gi\u00fap h\u1ec7 th\u1ed1ng ho\u1ea1t \u0111\u1ed9ng b\u1ec1n b\u1ec9, ti\u1ebft ki\u1ec7m chi ph\u00ed v\u1eadn h\u00e0nh v\u00e0 tr\u00e1nh \u0111\u01b0\u1ee3c nh\u1eefng h\u01b0 h\u1ecfng kh\u00f4ng \u0111\u00e1ng c\u00f3. Li\u00ean h\u1ec7 ngay v\u1edbi Minh Ph\u00fa \u0111\u1ec3 \u0111\u01b0\u1ee3c t\u01b0 v\u1ea5n v\u00e0 s\u1edf h\u1eefu s\u1ea3n ph\u1ea9m ch\u00ednh h\u00e3ng v\u1edbi gi\u00e1 t\u1ed1t nh\u1ea5t.<\/p>\n","protected":false},"excerpt":{"rendered":"<p>L\u1ecdc t\u00e1ch d\u1ea7u\u00a0 Rietschle 7314010000<\/p>\n<p>T\u1ed5ng chi\u1ec1u cao 139 mm x \u0110\u01b0\u1eddng k\u00ednh l\u1edbn nh\u1ea5t 79 mm x \u0110\u01b0\u1eddng k\u00ednh nh\u1ecf nh\u1ea5t 35 mm<\/p>\n<p>C\u00e2n n\u1eb7ng ~ 240g<\/p>\n","protected":false},"featured_media":8992,"comment_status":"open","ping_status":"closed","template":"","meta":{"_acf_changed":false},"product_brand":[],"product_cat":[702,718],"product_tag":[2819],"class_list":{"0":"post-8988","1":"product","2":"type-product","3":"status-publish","4":"has-post-thumbnail","6":"product_cat-loc-chan-khong","7":"product_cat-loc-elemo-rietschle","8":"product_tag-2819","10":"first","11":"instock","12":"shipping-taxable","13":"product-type-simple"},"acf":[],"_links":{"self":[{"href":"https:\/\/mpvane.com\/en\/wp-json\/wp\/v2\/product\/8988","targetHints":{"allow":["GET"]}}],"collection":[{"href":"https:\/\/mpvane.com\/en\/wp-json\/wp\/v2\/product"}],"about":[{"href":"https:\/\/mpvane.com\/en\/wp-json\/wp\/v2\/types\/product"}],"replies":[{"embeddable":true,"href":"https:\/\/mpvane.com\/en\/wp-json\/wp\/v2\/comments?post=8988"}],"version-history":[{"count":4,"href":"https:\/\/mpvane.com\/en\/wp-json\/wp\/v2\/product\/8988\/revisions"}],"predecessor-version":[{"id":9004,"href":"https:\/\/mpvane.com\/en\/wp-json\/wp\/v2\/product\/8988\/revisions\/9004"}],"wp:featuredmedia":[{"embeddable":true,"href":"https:\/\/mpvane.com\/en\/wp-json\/wp\/v2\/media\/8992"}],"wp:attachment":[{"href":"https:\/\/mpvane.com\/en\/wp-json\/wp\/v2\/media?parent=8988"}],"wp:term":[{"taxonomy":"product_brand","embeddable":true,"href":"https:\/\/mpvane.com\/en\/wp-json\/wp\/v2\/product_brand?post=8988"},{"taxonomy":"product_cat","embeddable":true,"href":"https:\/\/mpvane.com\/en\/wp-json\/wp\/v2\/product_cat?post=8988"},{"taxonomy":"product_tag","embeddable":true,"href":"https:\/\/mpvane.com\/en\/wp-json\/wp\/v2\/product_tag?post=8988"}],"curies":[{"name":"wp","href":"https:\/\/api.w.org\/{rel}","templated":true}]}}