{"id":8969,"date":"2026-03-30T16:28:22","date_gmt":"2026-03-30T09:28:22","guid":{"rendered":"https:\/\/mpvane.com\/?post_type=product&#038;p=8969"},"modified":"2026-03-31T15:01:54","modified_gmt":"2026-03-31T08:01:54","slug":"loc-tach-dau-7316300000","status":"publish","type":"product","link":"https:\/\/mpvane.com\/en\/san-pham\/loc-tach-dau-7316300000\/","title":{"rendered":"L\u1ecdc t\u00e1ch d\u1ea7u 7316300000"},"content":{"rendered":"<div id=\"ez-toc-container\" class=\"ez-toc-v2_0_75 counter-hierarchy ez-toc-counter ez-toc-grey ez-toc-container-direction\">\n<div class=\"ez-toc-title-container\">\n<p class=\"ez-toc-title\" style=\"cursor:inherit\">Table of Contents<\/p>\n<span class=\"ez-toc-title-toggle\"><a href=\"#\" class=\"ez-toc-pull-right ez-toc-btn ez-toc-btn-xs ez-toc-btn-default ez-toc-toggle\" aria-label=\"Toggle Table of Content\"><span class=\"ez-toc-js-icon-con\"><span class=\"\"><span class=\"eztoc-hide\" style=\"display:none;\">Toggle<\/span><span class=\"ez-toc-icon-toggle-span\"><svg style=\"fill: #999;color:#999\" xmlns=\"http:\/\/www.w3.org\/2000\/svg\" class=\"list-377408\" width=\"20px\" height=\"20px\" viewBox=\"0 0 24 24\" fill=\"none\"><path d=\"M6 6H4v2h2V6zm14 0H8v2h12V6zM4 11h2v2H4v-2zm16 0H8v2h12v-2zM4 16h2v2H4v-2zm16 0H8v2h12v-2z\" fill=\"currentColor\"><\/path><\/svg><svg style=\"fill: #999;color:#999\" class=\"arrow-unsorted-368013\" xmlns=\"http:\/\/www.w3.org\/2000\/svg\" width=\"10px\" height=\"10px\" viewBox=\"0 0 24 24\" version=\"1.2\" baseProfile=\"tiny\"><path d=\"M18.2 9.3l-6.2-6.3-6.2 6.3c-.2.2-.3.4-.3.7s.1.5.3.7c.2.2.4.3.7.3h11c.3 0 .5-.1.7-.3.2-.2.3-.5.3-.7s-.1-.5-.3-.7zM5.8 14.7l6.2 6.3 6.2-6.3c.2-.2.3-.5.3-.7s-.1-.5-.3-.7c-.2-.2-.4-.3-.7-.3h-11c-.3 0-.5.1-.7.3-.2.2-.3.5-.3.7s.1.5.3.7z\"\/><\/svg><\/span><\/span><\/span><\/a><\/span><\/div>\n<nav><ul class='ez-toc-list ez-toc-list-level-1 ' ><li class='ez-toc-page-1 ez-toc-heading-level-1'><a class=\"ez-toc-link ez-toc-heading-1\" href=\"https:\/\/mpvane.com\/en\/san-pham\/loc-tach-dau-7316300000\/#Loc_Tach_Dau_7316300000_%E2%80%93_Thong_So_Vi_Tri_Lap_Dat_Huong_Dan_Thay_The_Cho_Bom_Gardner_Denver\" >L\u1ecdc T\u00e1ch D\u1ea7u 7316300000 &#8211; Th\u00f4ng S\u1ed1, V\u1ecb Tr\u00ed L\u1eafp \u0110\u1eb7t &amp; H\u01b0\u1edbng D\u1eabn Thay Th\u1ebf Cho B\u01a1m Gardner Denver<\/a><ul class='ez-toc-list-level-2' ><li class='ez-toc-heading-level-2'><a class=\"ez-toc-link ez-toc-heading-2\" href=\"https:\/\/mpvane.com\/en\/san-pham\/loc-tach-dau-7316300000\/#1_Gioi_thieu_ve_loc_tach_dau_7316300000\" >1. Gi\u1edbi thi\u1ec7u v\u1ec1 l\u1ecdc t\u00e1ch d\u1ea7u 7316300000<\/a><\/li><li class='ez-toc-page-1 ez-toc-heading-level-2'><a class=\"ez-toc-link ez-toc-heading-3\" href=\"https:\/\/mpvane.com\/en\/san-pham\/loc-tach-dau-7316300000\/#2_Thong_so_ky_thuat_loc_Rietschle_7316300000\" >2. Th\u00f4ng s\u1ed1 k\u1ef9 thu\u1eadt l\u1ecdc Rietschle 7316300000<\/a><\/li><li class='ez-toc-page-1 ez-toc-heading-level-2'><a class=\"ez-toc-link ez-toc-heading-4\" href=\"https:\/\/mpvane.com\/en\/san-pham\/loc-tach-dau-7316300000\/#3_Cong_dung_cua_loc_tach_nhot_7316300000\" >3. C\u00f4ng d\u1ee5ng c\u1ee7a l\u1ecdc t\u00e1ch nh\u1edbt 7316300000<\/a><\/li><li class='ez-toc-page-1 ez-toc-heading-level-2'><a class=\"ez-toc-link ez-toc-heading-5\" href=\"https:\/\/mpvane.com\/en\/san-pham\/loc-tach-dau-7316300000\/#4_Mo_ta_chi_tiet_he_thong_bom_su_dung_loc_7316300000\" >4. M\u00f4 t\u1ea3 chi ti\u1ebft h\u1ec7 th\u1ed1ng b\u01a1m s\u1eed d\u1ee5ng l\u1ecdc 7316300000<\/a><\/li><li class='ez-toc-page-1 ez-toc-heading-level-2'><a class=\"ez-toc-link ez-toc-heading-6\" href=\"https:\/\/mpvane.com\/en\/san-pham\/loc-tach-dau-7316300000\/#5_Linh_vuc_ung_dung\" >5. L\u0129nh v\u1ef1c \u1ee9ng d\u1ee5ng<\/a><\/li><li class='ez-toc-page-1 ez-toc-heading-level-2'><a class=\"ez-toc-link ez-toc-heading-7\" href=\"https:\/\/mpvane.com\/en\/san-pham\/loc-tach-dau-7316300000\/#6_Huong_dan_thay_the_loc_tach_dau_7316300000\" >6. H\u01b0\u1edbng d\u1eabn thay th\u1ebf l\u1ecdc t\u00e1ch d\u1ea7u 7316300000<\/a><ul class='ez-toc-list-level-3' ><li class='ez-toc-heading-level-3'><a class=\"ez-toc-link ez-toc-heading-8\" href=\"https:\/\/mpvane.com\/en\/san-pham\/loc-tach-dau-7316300000\/#61_Dau_hieu_can_thay_the\" >6.1. D\u1ea5u hi\u1ec7u c\u1ea7n thay th\u1ebf<\/a><\/li><li class='ez-toc-page-1 ez-toc-heading-level-3'><a class=\"ez-toc-link ez-toc-heading-9\" href=\"https:\/\/mpvane.com\/en\/san-pham\/loc-tach-dau-7316300000\/#62_Quy_trinh_thay_the\" >6.2. Quy tr\u00ecnh thay th\u1ebf<\/a><\/li><\/ul><\/li><li class='ez-toc-page-1 ez-toc-heading-level-2'><a class=\"ez-toc-link ez-toc-heading-10\" href=\"https:\/\/mpvane.com\/en\/san-pham\/loc-tach-dau-7316300000\/#7_Mua_loc_tach_dau_7316300000_chinh_hang_o_dau\" >7. Mua l\u1ecdc t\u00e1ch d\u1ea7u 7316300000 ch\u00ednh h\u00e3ng \u1edf \u0111\u00e2u?<\/a><\/li><\/ul><\/li><\/ul><\/nav><\/div>\n<h1><span class=\"ez-toc-section\" id=\"Loc_Tach_Dau_7316300000_%E2%80%93_Thong_So_Vi_Tri_Lap_Dat_Huong_Dan_Thay_The_Cho_Bom_Gardner_Denver\"><\/span>L\u1ecdc T\u00e1ch D\u1ea7u 7316300000 &#8211; Th\u00f4ng S\u1ed1, V\u1ecb Tr\u00ed L\u1eafp \u0110\u1eb7t &amp; H\u01b0\u1edbng D\u1eabn Thay Th\u1ebf Cho B\u01a1m Gardner Denver<span class=\"ez-toc-section-end\"><\/span><\/h1>\n<p class=\"ds-markdown-paragraph\"><strong>L\u1ecdc t\u00e1ch d\u1ea7u 7316300000<\/strong>\u00a0l\u00e0 ph\u1ee5 ki\u1ec7n ch\u00ednh h\u00e3ng chuy\u00ean d\u00f9ng cho c\u00e1c d\u00f2ng b\u01a1m ch\u00e2n kh\u00f4ng c\u00e1nh quay ng\u1eadp d\u1ea7u Garner Denver (Gardner Denver) m\u00e3 VC202 v\u00e0 VC303. V\u1edbi vai tr\u00f2 quan tr\u1ecdng trong vi\u1ec7c lo\u1ea1i b\u1ecf s\u01b0\u01a1ng d\u1ea7u kh\u1ecfi kh\u00ed x\u1ea3, s\u1ea3n ph\u1ea9m gi\u00fap b\u1ea3o v\u1ec7 \u0111\u1ed9ng c\u01a1, \u0111\u1ea3m b\u1ea3o hi\u1ec7u su\u1ea5t ho\u1ea1t \u0111\u1ed9ng \u1ed5n \u0111\u1ecbnh v\u00e0 k\u00e9o d\u00e0i tu\u1ed5i th\u1ecd thi\u1ebft b\u1ecb. B\u00e0i vi\u1ebft d\u01b0\u1edbi \u0111\u00e2y cung c\u1ea5p \u0111\u1ea7y \u0111\u1ee7 th\u00f4ng s\u1ed1 k\u1ef9 thu\u1eadt, v\u1ecb tr\u00ed l\u1eafp \u0111\u1eb7t tr\u00ean b\u1ea3n v\u1ebd chi ti\u1ebft, h\u01b0\u1edbng d\u1eabn b\u1ea3o tr\u00ec v\u00e0 \u0111\u1ecba ch\u1ec9 mua h\u00e0ng uy t\u00edn.<\/p>\n<h2><span class=\"ez-toc-section\" id=\"1_Gioi_thieu_ve_loc_tach_dau_7316300000\"><\/span>1. Gi\u1edbi thi\u1ec7u v\u1ec1 l\u1ecdc t\u00e1ch d\u1ea7u 7316300000<span class=\"ez-toc-section-end\"><\/span><\/h2>\n<p class=\"ds-markdown-paragraph\">M\u00e3 s\u1ea3n ph\u1ea9m\u00a0<strong>7316300000<\/strong>\u00a0(hay c\u00f2n \u0111\u01b0\u1ee3c vi\u1ebft l\u00e0 7316300000) l\u00e0 b\u1ed9 ph\u1eadn t\u00e1ch d\u1ea7u \u0111\u01b0\u1ee3c thi\u1ebft k\u1ebf ri\u00eang cho d\u00f2ng b\u01a1m ch\u00e2n kh\u00f4ng V-VC 202 v\u00e0 V-VC 303 c\u1ee7a h\u00e3ng Gardner Denver. \u0110\u00e2y l\u00e0 lo\u1ea1i l\u1ecdc t\u00e1ch d\u1ea7u g\u1eafn tr\u1ef1c ti\u1ebfp, c\u00f3 nhi\u1ec7m v\u1ee5 gi\u1eef l\u1ea1i d\u1ea7u b\u00f4i tr\u01a1n v\u00e0 \u0111\u01b0a tr\u1edf l\u1ea1i h\u1ec7 th\u1ed1ng, \u0111\u1ed3ng th\u1eddi \u0111\u1ea3m b\u1ea3o kh\u00ed th\u1ea3i ra ngo\u00e0i s\u1ea1ch d\u1ea7u.<\/p>\n<p class=\"ds-markdown-paragraph\">Theo t\u00e0i li\u1ec7u k\u1ef9 thu\u1eadt, tr\u00ean b\u1ea3n v\u1ebd chi ti\u1ebft m\u00e1y,\u00a0<strong>v\u1ecb tr\u00ed l\u1ecdc 7316300000 l\u00e0 v\u1ecb tr\u00ed s\u1ed1 44<\/strong>\u00a0(th\u01b0\u1eddng \u0111\u01b0\u1ee3c k\u00fd hi\u1ec7u l\u00e0 7316300000). \u0110\u00e2y l\u00e0 m\u1ed9t chi ti\u1ebft quan tr\u1ecdng trong c\u1ee5m t\u00e1ch d\u1ea7u v\u00e0 s\u01b0\u01a1ng d\u1ea7u \u1edf ph\u00eda \u0111\u1ea7u ra c\u1ee7a b\u01a1m.<\/p>\n<h2><span class=\"ez-toc-section\" id=\"2_Thong_so_ky_thuat_loc_Rietschle_7316300000\"><\/span>2. Th\u00f4ng s\u1ed1 k\u1ef9 thu\u1eadt l\u1ecdc Rietschle 7316300000<span class=\"ez-toc-section-end\"><\/span><\/h2>\n<p class=\"ds-markdown-paragraph\">S\u1ea3n ph\u1ea9m \u0111\u01b0\u1ee3c s\u1ea3n xu\u1ea5t theo ti\u00eau chu\u1ea9n nghi\u00eam ng\u1eb7t c\u1ee7a Rietschle (th\u01b0\u01a1ng hi\u1ec7u thu\u1ed9c Gardner Denver). D\u01b0\u1edbi \u0111\u00e2y l\u00e0 c\u00e1c th\u00f4ng s\u1ed1 chi ti\u1ebft:<\/p>\n<ul>\n<li>\n<p class=\"ds-markdown-paragraph\"><strong>M\u00e3 s\u1ea3n ph\u1ea9m:<\/strong>\u00a07316300000<\/p>\n<\/li>\n<li>\n<p class=\"ds-markdown-paragraph\"><strong>T\u1ed5ng chi\u1ec1u cao:<\/strong>\u00a0176 mm<\/p>\n<\/li>\n<li>\n<p class=\"ds-markdown-paragraph\"><strong>\u0110\u01b0\u1eddng k\u00ednh l\u1edbn nh\u1ea5t:<\/strong>\u00a098 mm<\/p>\n<\/li>\n<li>\n<p class=\"ds-markdown-paragraph\"><strong>\u0110\u01b0\u1eddng k\u00ednh nh\u1ecf nh\u1ea5t:<\/strong>\u00a040 mm<\/p>\n<\/li>\n<li>\n<p class=\"ds-markdown-paragraph\"><strong>Tr\u1ecdng l\u01b0\u1ee3ng:<\/strong>\u00a0Kho\u1ea3ng 260g<\/p>\n<\/li>\n<li>\n<p class=\"ds-markdown-paragraph\"><strong>Lo\u1ea1i:<\/strong>\u00a0L\u1ecdc t\u00e1ch d\u1ea7u g\u1eafn tr\u1ef1c ti\u1ebfp<\/p>\n<\/li>\n<li>\n<p class=\"ds-markdown-paragraph\"><strong>\u1ee8ng d\u1ee5ng:<\/strong>\u00a0D\u00f9ng cho b\u01a1m Gardner Denver, t\u01b0\u01a1ng th\u00edch v\u1edbi c\u00e1c d\u00f2ng m\u00e1y:<\/p>\n<ul>\n<li>\n<p class=\"ds-markdown-paragraph\"><strong>VC202:<\/strong>\u00a01 m\u00e1y s\u1eed d\u1ee5ng 5 c\u00e1i<\/p>\n<\/li>\n<li>\n<p class=\"ds-markdown-paragraph\"><strong>VC303:<\/strong>\u00a01 m\u00e1y s\u1eed d\u1ee5ng 5 c\u00e1i<\/p>\n<\/li>\n<\/ul>\n<\/li>\n<\/ul>\n<p class=\"ds-markdown-paragraph\">Vi\u1ec7c s\u1eed d\u1ee5ng \u0111\u00fang m\u00e3 l\u1ecdc v\u00e0 \u0111\u1ee7 s\u1ed1 l\u01b0\u1ee3ng (5 chi\u1ebfc\/m\u00e1y) \u0111\u1ea3m b\u1ea3o kh\u1ea3 n\u0103ng t\u00e1ch d\u1ea7u \u0111\u1ea1t hi\u1ec7u su\u1ea5t t\u1ed1i \u01b0u, tr\u00e1nh t\u00ecnh tr\u1ea1ng d\u1ea7u b\u1ecb cu\u1ed1n theo \u0111\u01b0\u1eddng x\u1ea3 g\u00e2y hao h\u1ee5t v\u00e0 \u00f4 nhi\u1ec5m.<\/p>\n<h2><span class=\"ez-toc-section\" id=\"3_Cong_dung_cua_loc_tach_nhot_7316300000\"><\/span>3. C\u00f4ng d\u1ee5ng c\u1ee7a l\u1ecdc t\u00e1ch nh\u1edbt 7316300000<span class=\"ez-toc-section-end\"><\/span><\/h2>\n<p class=\"ds-markdown-paragraph\">L\u1ecdc t\u00e1ch nh\u1edbt 7316300000 \u0111\u1ea3m nh\u1eadn vai tr\u00f2 then ch\u1ed1t trong h\u1ec7 th\u1ed1ng b\u01a1m ch\u00e2n kh\u00f4ng ng\u1eadp d\u1ea7u:<\/p>\n<ul>\n<li>\n<p class=\"ds-markdown-paragraph\"><strong>T\u00e1ch d\u1ea7u kh\u1ecfi kh\u00ed n\u00e9n:<\/strong>\u00a0Khi b\u01a1m ho\u1ea1t \u0111\u1ed9ng, d\u1ea7u b\u00f4i tr\u01a1n \u0111\u01b0\u1ee3c h\u00f2a l\u1eabn trong kh\u00ed x\u1ea3. B\u1ed9 l\u1ecdc s\u1ebd gi\u1eef l\u1ea1i c\u00e1c h\u1ea1t d\u1ea7u (s\u01b0\u01a1ng d\u1ea7u) v\u00e0 \u0111\u01b0a d\u1ea7u tr\u1edf l\u1ea1i h\u1ec7 th\u1ed1ng b\u00f4i tr\u01a1n.<\/p>\n<\/li>\n<li>\n<p class=\"ds-markdown-paragraph\"><strong>B\u1ea3o v\u1ec7 m\u00f4i tr\u01b0\u1eddng:<\/strong>\u00a0Kh\u00ed th\u1ea3i sau khi qua l\u1ecdc \u0111\u1ea1t ti\u00eau chu\u1ea9n, gi\u1ea3m thi\u1ec3u t\u00e1c \u0111\u1ed9ng \u0111\u1ebfn m\u00f4i tr\u01b0\u1eddng xung quanh.<\/p>\n<\/li>\n<li>\n<p class=\"ds-markdown-paragraph\"><strong>Ti\u1ebft ki\u1ec7m chi ph\u00ed v\u1eadn h\u00e0nh:<\/strong>\u00a0Nh\u1edd kh\u1ea3 n\u0103ng h\u1ed3i d\u1ea7u hi\u1ec7u qu\u1ea3, l\u01b0\u1ee3ng d\u1ea7u ti\u00eau hao trong qu\u00e1 tr\u00ecnh ho\u1ea1t \u0111\u1ed9ng \u0111\u01b0\u1ee3c gi\u1ea3m thi\u1ec3u \u0111\u00e1ng k\u1ec3.<\/p>\n<\/li>\n<li>\n<p class=\"ds-markdown-paragraph\"><strong>Duy tr\u00ec hi\u1ec7u su\u1ea5t b\u01a1m:<\/strong>\u00a0Ng\u0103n ch\u1eb7n hi\u1ec7n t\u01b0\u1ee3ng t\u0103ng \u00e1p su\u1ea5t \u0111\u1ed1i kh\u00e1ng, gi\u00fap b\u01a1m ho\u1ea1t \u0111\u1ed9ng \u1ed5n \u0111\u1ecbnh v\u00e0 \u0111\u1ea1t l\u01b0u l\u01b0\u1ee3ng h\u00fat danh ngh\u0129a (200 m\u00b3\/h cho VC202 v\u00e0 300 m\u00b3\/h cho VC303 \u1edf t\u1ea7n s\u1ed1 50Hz).<\/p>\n<\/li>\n<\/ul>\n<h2><span class=\"ez-toc-section\" id=\"4_Mo_ta_chi_tiet_he_thong_bom_su_dung_loc_7316300000\"><\/span>4. M\u00f4 t\u1ea3 chi ti\u1ebft h\u1ec7 th\u1ed1ng b\u01a1m s\u1eed d\u1ee5ng l\u1ecdc 7316300000<span class=\"ez-toc-section-end\"><\/span><\/h2>\n<p class=\"ds-markdown-paragraph\">C\u00e1c d\u00f2ng b\u01a1m V-VC 202 v\u00e0 V-VC 303 \u0111\u01b0\u1ee3c thi\u1ebft k\u1ebf v\u1edbi:<\/p>\n<ul>\n<li>\n<p class=\"ds-markdown-paragraph\">B\u1ed9 l\u1ecdc vi m\u00f4 \u1edf ph\u00eda \u0111\u1ea7u v\u00e0o.<\/p>\n<\/li>\n<li>\n<p class=\"ds-markdown-paragraph\"><strong>B\u1ed9 t\u00e1ch d\u1ea7u v\u00e0 s\u01b0\u01a1ng d\u1ea7u \u1edf ph\u00eda \u0111\u1ea7u ra<\/strong>\u00a0(n\u01a1i l\u1ecdc 7316300000 \u0111\u01b0\u1ee3c l\u1eafp \u0111\u1eb7t) \u0111\u1ec3 \u0111\u01b0a d\u1ea7u tr\u1edf l\u1ea1i h\u1ec7 th\u1ed1ng.<\/p>\n<\/li>\n<li>\n<p class=\"ds-markdown-paragraph\">V\u1ecf b\u1ecdc c\u00e1ch \u00e2m, qu\u1ea1t l\u00e0m m\u00e1t kh\u00ed v\u00e0 d\u1ea7u tu\u1ea7n ho\u00e0n.<\/p>\n<\/li>\n<li>\n<p class=\"ds-markdown-paragraph\">Van m\u1ed9t chi\u1ec1u t\u00edch h\u1ee3p ng\u0103n h\u1ec7 th\u1ed1ng b\u1ecb th\u00f4ng gi\u00f3 sau khi d\u1eebng b\u01a1m.<\/p>\n<\/li>\n<li>\n<p class=\"ds-markdown-paragraph\">Van c\u00e2n b\u1eb1ng kh\u00ed (trang b\u1ecb ti\u00eau chu\u1ea9n) gi\u00fap tr\u00e1nh ng\u01b0ng t\u1ee5 h\u01a1i n\u01b0\u1edbc.<\/p>\n<\/li>\n<\/ul>\n<h2><span class=\"ez-toc-section\" id=\"5_Linh_vuc_ung_dung\"><\/span>5. L\u0129nh v\u1ef1c \u1ee9ng d\u1ee5ng<span class=\"ez-toc-section-end\"><\/span><\/h2>\n<p class=\"ds-markdown-paragraph\">B\u01a1m ch\u00e2n kh\u00f4ng c\u00e1nh quay ng\u1eadp d\u1ea7u V-VC 202, V-VC 303 s\u1eed d\u1ee5ng\u00a0<strong>l\u1ecdc t\u00e1ch d\u1ea7u 7316300000<\/strong>\u00a0ph\u00f9 h\u1ee3p cho:<\/p>\n<ul>\n<li>\n<p class=\"ds-markdown-paragraph\">H\u00fat ch\u00e2n kh\u00f4ng c\u00e1c h\u1ec7 th\u1ed1ng k\u00edn.<\/p>\n<\/li>\n<li>\n<p class=\"ds-markdown-paragraph\">T\u1ea1o ch\u00e2n kh\u00f4ng li\u00ean t\u1ee5c trong d\u1ea3i \u00e1p su\u1ea5t \u0111\u1ea7u v\u00e0o t\u1eeb\u00a0<strong>0,5 \u0111\u1ebfn 500 mbar (tuy\u1ec7t \u0111\u1ed1i)<\/strong>.<\/p>\n<\/li>\n<li>\n<p class=\"ds-markdown-paragraph\">C\u00e1c \u1ee9ng d\u1ee5ng c\u00f4ng nghi\u1ec7p y\u00eau c\u1ea7u \u0111\u1ed9 \u1ed5n \u0111\u1ecbnh cao nh\u01b0: ng\u00e0nh bao b\u00ec, s\u1ea5y ch\u00e2n kh\u00f4ng, g\u1ed7, nh\u1ef1a, linh ki\u1ec7n \u0111i\u1ec7n t\u1eed&#8230;<\/p>\n<\/li>\n<\/ul>\n<h2><span class=\"ez-toc-section\" id=\"6_Huong_dan_thay_the_loc_tach_dau_7316300000\"><\/span>6. H\u01b0\u1edbng d\u1eabn thay th\u1ebf l\u1ecdc t\u00e1ch d\u1ea7u 7316300000<span class=\"ez-toc-section-end\"><\/span><\/h2>\n<h3><span class=\"ez-toc-section\" id=\"61_Dau_hieu_can_thay_the\"><\/span>6.1. D\u1ea5u hi\u1ec7u c\u1ea7n thay th\u1ebf<span class=\"ez-toc-section-end\"><\/span><\/h3>\n<p class=\"ds-markdown-paragraph\">Theo khuy\u1ebfn c\u00e1o t\u1eeb nh\u00e0 s\u1ea3n xu\u1ea5t, c\u1ea7n thay th\u1ebf l\u1ecdc khi:<\/p>\n<ul>\n<li>\n<p class=\"ds-markdown-paragraph\"><strong>Sau m\u1ed7i 2000 gi\u1edd ho\u1ea1t \u0111\u1ed9ng.<\/strong><\/p>\n<\/li>\n<li>\n<p class=\"ds-markdown-paragraph\">\u0110i\u1ec7n tr\u1edf l\u1ecdc \u0111\u1ea1t\u00a0<strong>0,7 bar<\/strong>\u00a0(ki\u1ec3m tra qua \u0111\u1ed3ng h\u1ed3 \u0111o \u00e1p su\u1ea5t).<\/p>\n<\/li>\n<li>\n<p class=\"ds-markdown-paragraph\">C\u00f3 d\u1ea5u hi\u1ec7u nhi\u1ec5m b\u1ea9n n\u1eb7ng b\u1edfi c\u00e1c h\u1ea1t b\u1ee5i, khi\u1ebfn b\u01a1m t\u0103ng c\u00f4ng su\u1ea5t ti\u00eau th\u1ee5 v\u00e0 nhi\u1ec7t \u0111\u1ed9.<\/p>\n<\/li>\n<\/ul>\n<blockquote>\n<p class=\"ds-markdown-paragraph\"><strong>L\u01b0u \u00fd:<\/strong>\u00a0C\u00e1c b\u1ed9 ph\u1eadn t\u00e1ch d\u1ea7u n\u00e0y kh\u00f4ng th\u1ec3 l\u00e0m s\u1ea1ch m\u00e0 ph\u1ea3i thay m\u1edbi. Gi\u1ea3m kho\u1ea3ng th\u1eddi gian thay th\u1ebf n\u1ebfu m\u00f4i ch\u1ea5t th\u1ea3i ra c\u00f3 \u0111\u1ed9 \u00f4 nhi\u1ec5m cao.<\/p>\n<\/blockquote>\n<h3><span class=\"ez-toc-section\" id=\"62_Quy_trinh_thay_the\"><\/span>6.2. Quy tr\u00ecnh thay th\u1ebf<span class=\"ez-toc-section-end\"><\/span><\/h3>\n<ol start=\"1\">\n<li>\n<p class=\"ds-markdown-paragraph\"><strong>Th\u00e1o l\u1ecdc c\u0169:<\/strong>\u00a0S\u1eed d\u1ee5ng c\u1edd l\u00ea v\u00f2ng (chi\u1ec1u r\u1ed9ng 19 mm ho\u1eb7c 3\/4\u201d), xoay ng\u01b0\u1ee3c chi\u1ec1u kim \u0111\u1ed3ng h\u1ed3 \u0111\u1ec3 th\u00e1o c\u00e1c b\u1ed9 ph\u1eadn t\u00e1ch d\u1ea7u \u1edf v\u1ecb tr\u00ed s\u1ed1 44 tr\u00ean b\u1ea3n v\u1ebd.<\/p>\n<\/li>\n<li>\n<p class=\"ds-markdown-paragraph\"><strong>L\u1eafp l\u1ecdc m\u1edbi:<\/strong>\u00a0L\u1eafp l\u1ecdc t\u00e1ch d\u1ea7u 7316300000 m\u1edbi, l\u01b0u \u00fd m\u0169i t\u00ean \u25bc tr\u00ean b\u1ed9 ph\u1eadn ph\u1ea3i h\u01b0\u1edbng v\u00e0o v\u1ecb tr\u00ed l\u1eafp. Si\u1ebft ch\u1eb7t b\u1eb1ng c\u00e1ch xoay theo chi\u1ec1u kim \u0111\u1ed3ng h\u1ed3 cho \u0111\u1ebfn khi nghe ti\u1ebfng &#8220;t\u00e1ch&#8221;.<\/p>\n<\/li>\n<\/ol>\n<h2><span class=\"ez-toc-section\" id=\"7_Mua_loc_tach_dau_7316300000_chinh_hang_o_dau\"><\/span>7. Mua l\u1ecdc t\u00e1ch d\u1ea7u 7316300000 ch\u00ednh h\u00e3ng \u1edf \u0111\u00e2u?<span class=\"ez-toc-section-end\"><\/span><\/h2>\n<p class=\"ds-markdown-paragraph\">\u0110\u1ec3 \u0111\u1ea3m b\u1ea3o hi\u1ec7u su\u1ea5t v\u1eadn h\u00e0nh v\u00e0 tu\u1ed5i th\u1ecd c\u1ee7a m\u00e1y b\u01a1m Garner Denver, vi\u1ec7c l\u1ef1a ch\u1ecdn \u0111\u01a1n v\u1ecb cung c\u1ea5p uy t\u00edn l\u00e0 v\u00f4 c\u00f9ng quan tr\u1ecdng.<\/p>\n<p class=\"ds-markdown-paragraph\"><strong>C\u00f4ng ty TNHH K\u1ef9 thu\u1eadt v\u00e0 D\u1ecbch v\u1ee5 Minh Ph\u00fa<\/strong>\u00a0l\u00e0 nh\u00e0 cung c\u1ea5p h\u00e0ng \u0111\u1ea7u t\u1ea1i Vi\u1ec7t Nam, chuy\u00ean ph\u00e2n ph\u1ed1i c\u00e1c lo\u1ea1i ph\u1ee5 t\u00f9ng thay th\u1ebf ch\u00ednh h\u00e3ng, bao g\u1ed3m l\u1ecdc t\u00e1ch d\u1ea7u <a href=\"https:\/\/mpvane.com\/product-category\/loc-chan-khong\/loc-elemo-rietschle\/\">7316300000<\/a>. Minh Ph\u00fa cam k\u1ebft:<\/p>\n<ul>\n<li>\n<p class=\"ds-markdown-paragraph\"><strong>H\u00e0ng c\u00f3 s\u1eb5n<\/strong>\u00a0s\u1ed1 l\u01b0\u1ee3ng l\u1edbn, \u0111\u00e1p \u1ee9ng nhu c\u1ea7u thay th\u1ebf \u0111\u1ecbnh k\u1ef3 ho\u1eb7c \u0111\u1ed9t xu\u1ea5t c\u1ee7a kh\u00e1ch h\u00e0ng.<\/p>\n<\/li>\n<li>\n<p class=\"ds-markdown-paragraph\"><strong>Gi\u00e1 c\u1ea3 c\u1ea1nh tranh<\/strong>\u00a0nh\u1ea5t th\u1ecb tr\u01b0\u1eddng.<\/p>\n<\/li>\n<li>\n<p class=\"ds-markdown-paragraph\"><strong>H\u1ed7 tr\u1ee3 t\u01b0 v\u1ea5n<\/strong>\u00a0k\u1ef9 thu\u1eadt v\u00e0 h\u01b0\u1edbng d\u1eabn b\u1ea3o tr\u00ec chuy\u00ean nghi\u1ec7p.<\/p>\n<\/li>\n<\/ul>\n<p class=\"ds-markdown-paragraph\"><strong>Th\u00f4ng tin li\u00ean h\u1ec7:<\/strong><\/p>\n<ul>\n<li>\n<p class=\"ds-markdown-paragraph\"><a href=\"https:\/\/minhphuco.com\/bo-kit-sua-chua-rietschle\" target=\"_blank\" rel=\"noopener\"><strong>C\u00f4ng ty TNHH K\u1ef9 thu\u1eadt v\u00e0 D\u1ecbch v\u1ee5 Minh Ph\u00fa<\/strong><\/a><\/p>\n<\/li>\n<li>\n<p class=\"ds-markdown-paragraph\"><strong>Email:<\/strong>\u00a0sales@minhphuco.vn<\/p>\n<\/li>\n<li>\n<p class=\"ds-markdown-paragraph\"><strong>Website:<\/strong>\u00a0<a href=\"https:\/\/www.minhphuco.com\/\" target=\"_blank\" rel=\"noopener noreferrer\">www.minhphuco.com<\/a><\/p>\n<\/li>\n<li>\n<p class=\"ds-markdown-paragraph\"><strong>Zalo:<\/strong>\u00a00985 490 343 \/ 0985 843 778<\/p>\n<\/li>\n<\/ul>\n<p class=\"ds-markdown-paragraph\">H\u00e3y li\u00ean h\u1ec7 ngay v\u1edbi Minh Ph\u00fa \u0111\u1ec3 \u0111\u01b0\u1ee3c b\u00e1o gi\u00e1 t\u1ed1t nh\u1ea5t v\u00e0 nh\u1eadn t\u01b0 v\u1ea5n chi ti\u1ebft v\u1ec1 s\u1ea3n ph\u1ea9m l\u1ecdc t\u00e1ch d\u1ea7u 7316300000 ch\u00ednh h\u00e3ng.<\/p>\n<hr \/>\n<p class=\"ds-markdown-paragraph\"><strong>K\u1ebft lu\u1eadn:<\/strong>\u00a0L\u1ecdc t\u00e1ch d\u1ea7u 7316300000 l\u00e0 ph\u1ee5 ki\u1ec7n kh\u00f4ng th\u1ec3 thi\u1ebfu \u0111\u1ec3 duy tr\u00ec hi\u1ec7u su\u1ea5t cho b\u01a1m Gardner Denver VC202 v\u00e0 VC303. Vi\u1ec7c hi\u1ec3u r\u00f5 th\u00f4ng s\u1ed1, v\u1ecb tr\u00ed l\u1eafp \u0111\u1eb7t (s\u1ed1 44 tr\u00ean b\u1ea3n v\u1ebd) v\u00e0 tu\u00e2n th\u1ee7 l\u1ecbch thay th\u1ebf 2000 gi\u1edd s\u1ebd gi\u00fap h\u1ec7 th\u1ed1ng v\u1eadn h\u00e0nh b\u1ec1n b\u1ec9, ti\u1ebft ki\u1ec7m chi ph\u00ed d\u1ea7u nh\u1eddn v\u00e0 \u0111\u1ea3m b\u1ea3o ti\u00eau chu\u1ea9n kh\u00ed th\u1ea3i. \u0110\u1ec3 mua s\u1ea3n ph\u1ea9m ch\u00ednh h\u00e3ng v\u1edbi gi\u00e1 t\u1ed1t, h\u00e3y tin t\u01b0\u1edfng l\u1ef1a ch\u1ecdn Minh Ph\u00fa<\/p>\n","protected":false},"excerpt":{"rendered":"<p>L\u1ecdc t\u00e1ch d\u1ea7u\u00a0 Rietschle 7316300000<\/p>\n<p>T\u1ed5ng chi\u1ec1u cao 176 mm x \u0110\u01b0\u1eddng k\u00ednh l\u1edbn nh\u1ea5t 98 mm x \u0110\u01b0\u1eddng k\u00ednh nh\u1ecf nh\u1ea5t 40 mm<\/p>\n<p>C\u00e2n n\u1eb7ng ~ 260g<\/p>\n","protected":false},"featured_media":8986,"comment_status":"open","ping_status":"closed","template":"","meta":{"_acf_changed":false},"product_brand":[],"product_cat":[702,718],"product_tag":[2769],"class_list":{"0":"post-8969","1":"product","2":"type-product","3":"status-publish","4":"has-post-thumbnail","6":"product_cat-loc-chan-khong","7":"product_cat-loc-elemo-rietschle","8":"product_tag-2769","10":"first","11":"instock","12":"shipping-taxable","13":"product-type-simple"},"acf":[],"_links":{"self":[{"href":"https:\/\/mpvane.com\/en\/wp-json\/wp\/v2\/product\/8969","targetHints":{"allow":["GET"]}}],"collection":[{"href":"https:\/\/mpvane.com\/en\/wp-json\/wp\/v2\/product"}],"about":[{"href":"https:\/\/mpvane.com\/en\/wp-json\/wp\/v2\/types\/product"}],"replies":[{"embeddable":true,"href":"https:\/\/mpvane.com\/en\/wp-json\/wp\/v2\/comments?post=8969"}],"version-history":[{"count":4,"href":"https:\/\/mpvane.com\/en\/wp-json\/wp\/v2\/product\/8969\/revisions"}],"predecessor-version":[{"id":8985,"href":"https:\/\/mpvane.com\/en\/wp-json\/wp\/v2\/product\/8969\/revisions\/8985"}],"wp:featuredmedia":[{"embeddable":true,"href":"https:\/\/mpvane.com\/en\/wp-json\/wp\/v2\/media\/8986"}],"wp:attachment":[{"href":"https:\/\/mpvane.com\/en\/wp-json\/wp\/v2\/media?parent=8969"}],"wp:term":[{"taxonomy":"product_brand","embeddable":true,"href":"https:\/\/mpvane.com\/en\/wp-json\/wp\/v2\/product_brand?post=8969"},{"taxonomy":"product_cat","embeddable":true,"href":"https:\/\/mpvane.com\/en\/wp-json\/wp\/v2\/product_cat?post=8969"},{"taxonomy":"product_tag","embeddable":true,"href":"https:\/\/mpvane.com\/en\/wp-json\/wp\/v2\/product_tag?post=8969"}],"curies":[{"name":"wp","href":"https:\/\/api.w.org\/{rel}","templated":true}]}}