{"id":8951,"date":"2026-03-30T11:36:08","date_gmt":"2026-03-30T04:36:08","guid":{"rendered":"https:\/\/mpvane.com\/?post_type=product&#038;p=8951"},"modified":"2026-03-30T14:40:05","modified_gmt":"2026-03-30T07:40:05","slug":"loc-tach-dau-7314680000","status":"publish","type":"product","link":"https:\/\/mpvane.com\/en\/san-pham\/loc-tach-dau-7314680000\/","title":{"rendered":"L\u1ecdc t\u00e1ch d\u1ea7u 7314680000"},"content":{"rendered":"<div id=\"ez-toc-container\" class=\"ez-toc-v2_0_75 counter-hierarchy ez-toc-counter ez-toc-grey ez-toc-container-direction\">\n<div class=\"ez-toc-title-container\">\n<p class=\"ez-toc-title\" style=\"cursor:inherit\">Table of Contents<\/p>\n<span class=\"ez-toc-title-toggle\"><a href=\"#\" class=\"ez-toc-pull-right ez-toc-btn ez-toc-btn-xs ez-toc-btn-default ez-toc-toggle\" aria-label=\"Toggle Table of Content\"><span class=\"ez-toc-js-icon-con\"><span class=\"\"><span class=\"eztoc-hide\" style=\"display:none;\">Toggle<\/span><span class=\"ez-toc-icon-toggle-span\"><svg style=\"fill: #999;color:#999\" xmlns=\"http:\/\/www.w3.org\/2000\/svg\" class=\"list-377408\" width=\"20px\" height=\"20px\" viewBox=\"0 0 24 24\" fill=\"none\"><path d=\"M6 6H4v2h2V6zm14 0H8v2h12V6zM4 11h2v2H4v-2zm16 0H8v2h12v-2zM4 16h2v2H4v-2zm16 0H8v2h12v-2z\" fill=\"currentColor\"><\/path><\/svg><svg style=\"fill: #999;color:#999\" class=\"arrow-unsorted-368013\" xmlns=\"http:\/\/www.w3.org\/2000\/svg\" width=\"10px\" height=\"10px\" viewBox=\"0 0 24 24\" version=\"1.2\" baseProfile=\"tiny\"><path d=\"M18.2 9.3l-6.2-6.3-6.2 6.3c-.2.2-.3.4-.3.7s.1.5.3.7c.2.2.4.3.7.3h11c.3 0 .5-.1.7-.3.2-.2.3-.5.3-.7s-.1-.5-.3-.7zM5.8 14.7l6.2 6.3 6.2-6.3c.2-.2.3-.5.3-.7s-.1-.5-.3-.7c-.2-.2-.4-.3-.7-.3h-11c-.3 0-.5.1-.7.3-.2.2-.3.5-.3.7s.1.5.3.7z\"\/><\/svg><\/span><\/span><\/span><\/a><\/span><\/div>\n<nav><ul class='ez-toc-list ez-toc-list-level-1 ' ><li class='ez-toc-page-1 ez-toc-heading-level-1'><a class=\"ez-toc-link ez-toc-heading-1\" href=\"https:\/\/mpvane.com\/en\/san-pham\/loc-tach-dau-7314680000\/#Loc_Tach_Dau_7314680000_%E2%80%93_Chinh_Hang_Rietschle_Dung_Cho_Bom_Gardner_Denver\" >L\u1ecdc T\u00e1ch D\u1ea7u 7314680000 &#8211; Ch\u00ednh H\u00e3ng Rietschle, D\u00f9ng Cho B\u01a1m Gardner Denver<\/a><ul class='ez-toc-list-level-2' ><li class='ez-toc-heading-level-2'><a class=\"ez-toc-link ez-toc-heading-2\" href=\"https:\/\/mpvane.com\/en\/san-pham\/loc-tach-dau-7314680000\/#Gioi_thieu_ve_loc_tach_dau_7314680000\" >Gi\u1edbi thi\u1ec7u v\u1ec1 l\u1ecdc t\u00e1ch d\u1ea7u 7314680000<\/a><\/li><li class='ez-toc-page-1 ez-toc-heading-level-2'><a class=\"ez-toc-link ez-toc-heading-3\" href=\"https:\/\/mpvane.com\/en\/san-pham\/loc-tach-dau-7314680000\/#Thong_so_ky_thuat_loc_tach_dau_Rietschle_7314680000\" >Th\u00f4ng s\u1ed1 k\u1ef9 thu\u1eadt l\u1ecdc t\u00e1ch d\u1ea7u Rietschle 7314680000<\/a><\/li><li class='ez-toc-page-1 ez-toc-heading-level-2'><a class=\"ez-toc-link ez-toc-heading-4\" href=\"https:\/\/mpvane.com\/en\/san-pham\/loc-tach-dau-7314680000\/#Ung_dung_va_dong_may_su_dung\" >\u1ee8ng d\u1ee5ng v\u00e0 d\u00f2ng m\u00e1y s\u1eed d\u1ee5ng<\/a><\/li><li class='ez-toc-page-1 ez-toc-heading-level-2'><a class=\"ez-toc-link ez-toc-heading-5\" href=\"https:\/\/mpvane.com\/en\/san-pham\/loc-tach-dau-7314680000\/#Cong_dung_va_vai_tro_cua_loc_tach_nhot_7314680000\" >C\u00f4ng d\u1ee5ng v\u00e0 vai tr\u00f2 c\u1ee7a l\u1ecdc t\u00e1ch nh\u1edbt 7314680000<\/a><ul class='ez-toc-list-level-3' ><li class='ez-toc-heading-level-3'><a class=\"ez-toc-link ez-toc-heading-6\" href=\"https:\/\/mpvane.com\/en\/san-pham\/loc-tach-dau-7314680000\/#1_Tach_dau_va_suong_dau\" >1. T\u00e1ch d\u1ea7u v\u00e0 s\u01b0\u01a1ng d\u1ea7u<\/a><\/li><li class='ez-toc-page-1 ez-toc-heading-level-3'><a class=\"ez-toc-link ez-toc-heading-7\" href=\"https:\/\/mpvane.com\/en\/san-pham\/loc-tach-dau-7314680000\/#2_Dam_bao_hieu_suat_bom\" >2. \u0110\u1ea3m b\u1ea3o hi\u1ec7u su\u1ea5t b\u01a1m<\/a><\/li><li class='ez-toc-page-1 ez-toc-heading-level-3'><a class=\"ez-toc-link ez-toc-heading-8\" href=\"https:\/\/mpvane.com\/en\/san-pham\/loc-tach-dau-7314680000\/#3_Duy_tri_do_chan_khong_on_dinh\" >3. Duy tr\u00ec \u0111\u1ed9 ch\u00e2n kh\u00f4ng \u1ed5n \u0111\u1ecbnh<\/a><\/li><\/ul><\/li><li class='ez-toc-page-1 ez-toc-heading-level-2'><a class=\"ez-toc-link ez-toc-heading-9\" href=\"https:\/\/mpvane.com\/en\/san-pham\/loc-tach-dau-7314680000\/#Huong_dan_thoi_gian_thay_the_loc_7314680000\" >H\u01b0\u1edbng d\u1eabn th\u1eddi gian thay th\u1ebf l\u1ecdc 7314680000<\/a><ul class='ez-toc-list-level-3' ><li class='ez-toc-heading-level-3'><a class=\"ez-toc-link ez-toc-heading-10\" href=\"https:\/\/mpvane.com\/en\/san-pham\/loc-tach-dau-7314680000\/#Quy_trinh_thay_the\" >Quy tr\u00ecnh thay th\u1ebf<\/a><\/li><\/ul><\/li><li class='ez-toc-page-1 ez-toc-heading-level-2'><a class=\"ez-toc-link ez-toc-heading-11\" href=\"https:\/\/mpvane.com\/en\/san-pham\/loc-tach-dau-7314680000\/#Mua_loc_tach_dau_7314680000_chinh_hang_o_dau\" >Mua l\u1ecdc t\u00e1ch d\u1ea7u 7314680000 ch\u00ednh h\u00e3ng \u1edf \u0111\u00e2u?<\/a><\/li><\/ul><\/li><\/ul><\/nav><\/div>\n<h1><span class=\"ez-toc-section\" id=\"Loc_Tach_Dau_7314680000_%E2%80%93_Chinh_Hang_Rietschle_Dung_Cho_Bom_Gardner_Denver\"><\/span>L\u1ecdc T\u00e1ch D\u1ea7u 7314680000 &#8211; Ch\u00ednh H\u00e3ng Rietschle, D\u00f9ng Cho B\u01a1m Gardner Denver<span class=\"ez-toc-section-end\"><\/span><\/h1>\n<h2><span class=\"ez-toc-section\" id=\"Gioi_thieu_ve_loc_tach_dau_7314680000\"><\/span>Gi\u1edbi thi\u1ec7u v\u1ec1 l\u1ecdc t\u00e1ch d\u1ea7u 7314680000<span class=\"ez-toc-section-end\"><\/span><\/h2>\n<p class=\"ds-markdown-paragraph\"><strong>L\u1ecdc t\u00e1ch d\u1ea7u 7314680000<\/strong>\u00a0(c\u00f2n \u0111\u01b0\u1ee3c g\u1ecdi l\u00e0 b\u1ed9 ph\u1eadn t\u00e1ch d\u1ea7u kh\u00ed) l\u00e0 linh ki\u1ec7n ch\u00ednh h\u00e3ng thu\u1ed9c d\u00f2ng s\u1ea3n ph\u1ea9m c\u1ee7a h\u00e3ng\u00a0<strong>Rietschle<\/strong>, hi\u1ec7n nay thu\u1ed9c t\u1eadp \u0111o\u00e0n\u00a0<strong>Gardner Denver<\/strong>. S\u1ea3n ph\u1ea9m \u0111\u00f3ng vai tr\u00f2 v\u00f4 c\u00f9ng quan tr\u1ecdng trong h\u1ec7 th\u1ed1ng b\u01a1m ch\u00e2n kh\u00f4ng c\u00e1nh quay ng\u1eadp d\u1ea7u, gi\u00fap lo\u1ea1i b\u1ecf d\u1ea7u kh\u1ecfi d\u00f2ng kh\u00ed n\u00e9n\/kh\u00ed th\u1ea3i, \u0111\u1ea3m b\u1ea3o kh\u00ed \u0111\u1ea7u ra s\u1ea1ch v\u00e0 d\u1ea7u \u0111\u01b0\u1ee3c h\u1ed3i v\u1ec1 h\u1ec7 th\u1ed1ng b\u00f4i tr\u01a1n.<\/p>\n<p class=\"ds-markdown-paragraph\">Tr\u00ean b\u1ea3n v\u1ebd chi ti\u1ebft m\u00e1y, b\u1ed9 ph\u1eadn n\u00e0y th\u01b0\u1eddng n\u1eb1m \u1edf\u00a0<strong>v\u1ecb tr\u00ed s\u1ed1 44<\/strong>\u00a0v\u00e0 l\u00e0 lo\u1ea1i l\u1ecdc t\u00e1ch d\u1ea7u d\u1ea1ng g\u1eafn tr\u1ef1c ti\u1ebfp, d\u1ec5 d\u00e0ng thay th\u1ebf m\u00e0 kh\u00f4ng c\u1ea7n th\u00e1o d\u1ee1 ph\u1ee9c t\u1ea1p.<\/p>\n<h2><span class=\"ez-toc-section\" id=\"Thong_so_ky_thuat_loc_tach_dau_Rietschle_7314680000\"><\/span>Th\u00f4ng s\u1ed1 k\u1ef9 thu\u1eadt l\u1ecdc t\u00e1ch d\u1ea7u Rietschle 7314680000<span class=\"ez-toc-section-end\"><\/span><\/h2>\n<p class=\"ds-markdown-paragraph\">\u0110\u1ec3 \u0111\u1ea3m b\u1ea3o hi\u1ec7u su\u1ea5t v\u1eadn h\u00e0nh v\u00e0 tu\u1ed5i th\u1ecd c\u1ee7a m\u00e1y b\u01a1m, vi\u1ec7c s\u1eed d\u1ee5ng \u0111\u00fang ch\u1ee7ng lo\u1ea1i l\u1ecdc v\u1edbi th\u00f4ng s\u1ed1 k\u1ef9 thu\u1eadt ch\u00ednh x\u00e1c l\u00e0 y\u00eau c\u1ea7u b\u1eaft bu\u1ed9c:<\/p>\n<ul>\n<li>\n<p class=\"ds-markdown-paragraph\"><strong>M\u00e3 s\u1ea3n ph\u1ea9m:<\/strong>\u00a07314680000<\/p>\n<\/li>\n<li>\n<p class=\"ds-markdown-paragraph\"><strong>Lo\u1ea1i l\u1ecdc:<\/strong>\u00a0L\u1ecdc t\u00e1ch d\u1ea7u (Oil separator) d\u1ea1ng g\u1eafn<\/p>\n<\/li>\n<li>\n<p class=\"ds-markdown-paragraph\"><strong>T\u1ed5ng chi\u1ec1u cao:<\/strong>\u00a0125 mm<\/p>\n<\/li>\n<li>\n<p class=\"ds-markdown-paragraph\"><strong>\u0110\u01b0\u1eddng k\u00ednh l\u1edbn nh\u1ea5t:<\/strong>\u00a098 mm<\/p>\n<\/li>\n<li>\n<p class=\"ds-markdown-paragraph\"><strong>\u0110\u01b0\u1eddng k\u00ednh nh\u1ecf nh\u1ea5t:<\/strong>\u00a040 mm<\/p>\n<\/li>\n<li>\n<p class=\"ds-markdown-paragraph\"><strong>Tr\u1ecdng l\u01b0\u1ee3ng:<\/strong>\u00a0Kho\u1ea3ng 200g<\/p>\n<\/li>\n<li>\n<p class=\"ds-markdown-paragraph\"><strong>H\u00e3ng s\u1ea3n xu\u1ea5t:<\/strong>\u00a0Rietschle \/ Gardner Denver<\/p>\n<\/li>\n<li>\n<p class=\"ds-markdown-paragraph\"><strong>Xu\u1ea5t x\u1ee9:<\/strong>\u00a0Ch\u00e2u \u00c2u<\/p>\n<\/li>\n<\/ul>\n<h2><span class=\"ez-toc-section\" id=\"Ung_dung_va_dong_may_su_dung\"><\/span>\u1ee8ng d\u1ee5ng v\u00e0 d\u00f2ng m\u00e1y s\u1eed d\u1ee5ng<span class=\"ez-toc-section-end\"><\/span><\/h2>\n<p class=\"ds-markdown-paragraph\">L\u1ecdc t\u00e1ch d\u1ea7u 7314680000 \u0111\u01b0\u1ee3c thi\u1ebft k\u1ebf \u0111\u1eb7c bi\u1ec7t cho c\u00e1c d\u00f2ng b\u01a1m ch\u00e2n kh\u00f4ng c\u00e1nh quay ng\u1eadp d\u1ea7u c\u1ee7a Gardner Denver, ph\u00f9 h\u1ee3p v\u1edbi c\u00e1c model:<\/p>\n<ul>\n<li>\n<p class=\"ds-markdown-paragraph\"><strong>VC100<\/strong>\u00a0(t\u1eeb n\u0103m 2002 tr\u1edf \u0111i): S\u1eed d\u1ee5ng\u00a0<strong>4 c\u00e1i\/m\u00e1y<\/strong><\/p>\n<\/li>\n<li>\n<p class=\"ds-markdown-paragraph\"><strong>VC150<\/strong>\u00a0(t\u1eeb n\u0103m 2002 tr\u1edf \u0111i): S\u1eed d\u1ee5ng\u00a0<strong>4 c\u00e1i\/m\u00e1y<\/strong><\/p>\n<\/li>\n<li>\n<p class=\"ds-markdown-paragraph\"><strong>VC50:<\/strong>\u00a0S\u1eed d\u1ee5ng\u00a0<strong>3 c\u00e1i\/m\u00e1y<\/strong><\/p>\n<\/li>\n<li>\n<p class=\"ds-markdown-paragraph\"><strong>VC75:<\/strong>\u00a0S\u1eed d\u1ee5ng\u00a0<strong>3 c\u00e1i\/m\u00e1y<\/strong><\/p>\n<\/li>\n<\/ul>\n<p class=\"ds-markdown-paragraph\">C\u00e1c d\u00f2ng b\u01a1m n\u00e0y \u0111\u01b0\u1ee3c \u1ee9ng d\u1ee5ng r\u1ed9ng r\u00e3i trong c\u00e1c ng\u00e0nh c\u00f4ng nghi\u1ec7p nh\u01b0: bao b\u00ec, ch\u1ebf bi\u1ebfn g\u1ed7, s\u1ea3n xu\u1ea5t g\u1ed1m s\u1ee9, y t\u1ebf, nh\u1ef1a v\u00e0 c\u00e1c h\u1ec7 th\u1ed1ng h\u00fat ch\u00e2n kh\u00f4ng c\u00f4ng nghi\u1ec7p.<\/p>\n<h2><span class=\"ez-toc-section\" id=\"Cong_dung_va_vai_tro_cua_loc_tach_nhot_7314680000\"><\/span>C\u00f4ng d\u1ee5ng v\u00e0 vai tr\u00f2 c\u1ee7a l\u1ecdc t\u00e1ch nh\u1edbt 7314680000<span class=\"ez-toc-section-end\"><\/span><\/h2>\n<p class=\"ds-markdown-paragraph\">Trong h\u1ec7 th\u1ed1ng b\u01a1m ch\u00e2n kh\u00f4ng V-VC 50, 75, 100, 150, b\u1ed9 l\u1ecdc t\u00e1ch d\u1ea7u \u0111\u1ea3m nhi\u1ec7m nh\u1eefng ch\u1ee9c n\u0103ng ch\u00ednh sau:<\/p>\n<h3><span class=\"ez-toc-section\" id=\"1_Tach_dau_va_suong_dau\"><\/span>1. T\u00e1ch d\u1ea7u v\u00e0 s\u01b0\u01a1ng d\u1ea7u<span class=\"ez-toc-section-end\"><\/span><\/h3>\n<p class=\"ds-markdown-paragraph\">B\u01a1m ch\u00e2n kh\u00f4ng c\u00e1nh quay ho\u1ea1t \u0111\u1ed9ng ng\u1eadp d\u1ea7u. L\u1ecdc 7314680000 c\u00f3 nhi\u1ec7m v\u1ee5 t\u00e1ch c\u00e1c h\u1ea1t d\u1ea7u nh\u1ecf li ti v\u00e0 s\u01b0\u01a1ng d\u1ea7u ra kh\u1ecfi d\u00f2ng kh\u00ed n\u00e9n tr\u01b0\u1edbc khi th\u1ea3i ra m\u00f4i tr\u01b0\u1eddng. D\u1ea7u sau khi \u0111\u01b0\u1ee3c t\u00e1ch s\u1ebd h\u1ed3i v\u1ec1 h\u1ec7 th\u1ed1ng b\u00f4i tr\u01a1n, gi\u00fap ti\u1ebft ki\u1ec7m d\u1ea7u v\u00e0 b\u1ea3o v\u1ec7 m\u00f4i tr\u01b0\u1eddng.<\/p>\n<h3><span class=\"ez-toc-section\" id=\"2_Dam_bao_hieu_suat_bom\"><\/span>2. \u0110\u1ea3m b\u1ea3o hi\u1ec7u su\u1ea5t b\u01a1m<span class=\"ez-toc-section-end\"><\/span><\/h3>\n<p class=\"ds-markdown-paragraph\">C\u00e1c d\u00f2ng b\u01a1m V-VC \u0111\u01b0\u1ee3c trang b\u1ecb b\u1ed9 l\u1ecdc vi m\u00f4 \u1edf \u0111\u1ea7u v\u00e0o v\u00e0 b\u1ed9 t\u00e1ch d\u1ea7u \u1edf \u0111\u1ea7u ra, n\u1eb1m trong l\u1edbp v\u1ecf c\u00e1ch \u00e2m, gi\u00fap m\u00e1y v\u1eadn h\u00e0nh \u00eam \u00e1i v\u00e0 \u0111\u1ea1t l\u01b0u l\u01b0\u1ee3ng h\u00fat danh ngh\u0129a t\u1eeb 50 m\u00b3\/h \u0111\u1ebfn 150 m\u00b3\/h \u1edf t\u1ea7n s\u1ed1 50Hz.<\/p>\n<h3><span class=\"ez-toc-section\" id=\"3_Duy_tri_do_chan_khong_on_dinh\"><\/span>3. Duy tr\u00ec \u0111\u1ed9 ch\u00e2n kh\u00f4ng \u1ed5n \u0111\u1ecbnh<span class=\"ez-toc-section-end\"><\/span><\/h3>\n<p class=\"ds-markdown-paragraph\">Thi\u1ebft b\u1ecb ho\u1ea1t \u0111\u1ed9ng \u1ed5n \u0111\u1ecbnh trong d\u1ea3i \u00e1p su\u1ea5t \u0111\u1ea7u v\u00e0o t\u1eeb\u00a0<strong>0.5 \u0111\u1ebfn 500 mbar (tuy\u1ec7t \u0111\u1ed1i)<\/strong>. N\u1ebfu b\u1ed9 l\u1ecdc b\u1ecb t\u1eafc, hi\u1ec7u su\u1ea5t h\u00fat ch\u00e2n kh\u00f4ng s\u1ebd gi\u1ea3m, nhi\u1ec7t \u0111\u1ed9 b\u01a1m t\u0103ng cao, g\u00e2y nguy c\u01a1 r\u00f2 r\u1ec9 d\u1ea7u qua l\u1ed7 tho\u00e1t.<\/p>\n<h2><span class=\"ez-toc-section\" id=\"Huong_dan_thoi_gian_thay_the_loc_7314680000\"><\/span>H\u01b0\u1edbng d\u1eabn th\u1eddi gian thay th\u1ebf l\u1ecdc 7314680000<span class=\"ez-toc-section-end\"><\/span><\/h2>\n<p class=\"ds-markdown-paragraph\">Theo khuy\u1ebfn c\u00e1o t\u1eeb nh\u00e0 s\u1ea3n xu\u1ea5t, \u0111\u1ec3 \u0111\u1ea3m b\u1ea3o b\u01a1m v\u1eadn h\u00e0nh trong t\u00ecnh tr\u1ea1ng t\u1ed1t nh\u1ea5t, b\u1ea1n c\u1ea7n thay th\u1ebf l\u1ecdc t\u00e1ch d\u1ea7u \u0111\u1ecbnh k\u1ef3:<\/p>\n<ul>\n<li>\n<p class=\"ds-markdown-paragraph\"><strong>Chu k\u1ef3 thay:<\/strong>\u00a0Sau m\u1ed7i\u00a0<strong>2000 gi\u1edd ho\u1ea1t \u0111\u1ed9ng<\/strong>.<\/p>\n<\/li>\n<li>\n<p class=\"ds-markdown-paragraph\"><strong>Thay th\u1ebf ngay khi:<\/strong>\u00a0\u0110i\u1ec7n tr\u1edf l\u1ecdc \u0111\u1ea1t\u00a0<strong>0.7 bar<\/strong>\u00a0(ki\u1ec3m tra qua \u0111\u1ed3ng h\u1ed3 \u0111o \u00e1p su\u1ea5t).<\/p>\n<\/li>\n<li>\n<p class=\"ds-markdown-paragraph\"><strong>L\u01b0u \u00fd:<\/strong>\u00a0C\u00e1c b\u1ed9 ph\u1eadn t\u00e1ch d\u1ea7u n\u00e0y\u00a0<strong>kh\u00f4ng th\u1ec3 l\u00e0m s\u1ea1ch<\/strong>\u00a0v\u00e0 t\u00e1i s\u1eed d\u1ee5ng. Th\u1eddi gian thay th\u1ebf c\u00f3 th\u1ec3 gi\u1ea3m t\u00f9y thu\u1ed9c v\u00e0o m\u1ee9c \u0111\u1ed9 \u00f4 nhi\u1ec5m c\u1ee7a m\u00f4i ch\u1ea5t th\u1ea3i ra (b\u1ee5i b\u1ea9n, h\u01a1i n\u01b0\u1edbc, kh\u00ed h\u00f3a h\u1ecdc).<\/p>\n<\/li>\n<\/ul>\n<h3><span class=\"ez-toc-section\" id=\"Quy_trinh_thay_the\"><\/span>Quy tr\u00ecnh thay th\u1ebf<span class=\"ez-toc-section-end\"><\/span><\/h3>\n<ul>\n<li>\n<p class=\"ds-markdown-paragraph\"><strong>D\u1ee5ng c\u1ee5:<\/strong>\u00a0C\u1edd l\u00ea v\u00f2ng 19 mm ho\u1eb7c 3\/4\u201d.<\/p>\n<\/li>\n<li>\n<p class=\"ds-markdown-paragraph\"><strong>Th\u00e1o:<\/strong>\u00a0D\u00f9ng c\u1edd l\u00ea xoay b\u1ed9 l\u1ecdc theo chi\u1ec1u\u00a0<strong>ng\u01b0\u1ee3c chi\u1ec1u kim \u0111\u1ed3ng h\u1ed3<\/strong>\u00a0\u0111\u1ec3 th\u00e1o ra.<\/p>\n<\/li>\n<li>\n<p class=\"ds-markdown-paragraph\"><strong>L\u1eafp:<\/strong>\u00a0L\u1eafp l\u1ecdc m\u1edbi, \u0111\u1ea3m b\u1ea3o bi\u1ec3u t\u01b0\u1ee3ng kh\u00f3a m\u1edf v\u00e0 m\u0169i t\u00ean \u25bc tr\u00ean b\u1ed9 ph\u1eadn l\u1eafp v\u00e0o \u0111\u00fang v\u1ecb tr\u00ed. Si\u1ebft ch\u1eb7t theo chi\u1ec1u\u00a0<strong>kim \u0111\u1ed3ng h\u1ed3<\/strong>\u00a0cho \u0111\u1ebfn khi nghe th\u1ea5y ti\u1ebfng &#8220;t\u00e1ch&#8221; (\u0111\u00e3 \u0111\u1ea1t \u0111\u1ed9 si\u1ebft chu\u1ea9n).<\/p>\n<\/li>\n<\/ul>\n<h2><span class=\"ez-toc-section\" id=\"Mua_loc_tach_dau_7314680000_chinh_hang_o_dau\"><\/span>Mua l\u1ecdc t\u00e1ch d\u1ea7u 7314680000 ch\u00ednh h\u00e3ng \u1edf \u0111\u00e2u?<span class=\"ez-toc-section-end\"><\/span><\/h2>\n<p class=\"ds-markdown-paragraph\">\u0110\u1ec3 \u0111\u1ea3m b\u1ea3o ch\u1ea5t l\u01b0\u1ee3ng v\u00e0 hi\u1ec7u qu\u1ea3 v\u1eadn h\u00e0nh cho h\u1ec7 th\u1ed1ng b\u01a1m ch\u00e2n kh\u00f4ng c\u1ee7a b\u1ea1n, vi\u1ec7c l\u1ef1a ch\u1ecdn nh\u00e0 cung c\u1ea5p uy t\u00edn l\u00e0 v\u00f4 c\u00f9ng quan tr\u1ecdng.\u00a0<strong>C\u00f4ng ty TNHH K\u1ef9 thu\u1eadt v\u00e0 D\u1ecbch v\u1ee5 Minh Ph\u00fa<\/strong>\u00a0t\u1ef1 h\u00e0o l\u00e0 \u0111\u01a1n v\u1ecb h\u00e0ng \u0111\u1ea7u t\u1ea1i Vi\u1ec7t Nam chuy\u00ean cung c\u1ea5p c\u00e1c s\u1ea3n ph\u1ea9m l\u1ecdc t\u00e1ch d\u1ea7u, ph\u1ee5 t\u00f9ng b\u01a1m ch\u00e2n kh\u00f4ng ch\u00ednh h\u00e3ng.<\/p>\n<p class=\"ds-markdown-paragraph\"><strong>\u0110i\u1ec3m m\u1ea1nh khi mua h\u00e0ng t\u1ea1i <a href=\"https:\/\/mpvane.com\/product-category\/loc-chan-khong\/loc-elemo-rietschle\/\">Minh Ph\u00fa<\/a>:<\/strong><\/p>\n<ul>\n<li>\n<p class=\"ds-markdown-paragraph\">H\u00e0ng lu\u00f4n c\u00f3 s\u1eb5n trong kho v\u1edbi s\u1ed1 l\u01b0\u1ee3ng l\u1edbn, \u0111\u00e1p \u1ee9ng m\u1ecdi nhu c\u1ea7u.<\/p>\n<\/li>\n<li>\n<p class=\"ds-markdown-paragraph\">Gi\u00e1 c\u1ea3 c\u1ea1nh tranh nh\u1ea5t th\u1ecb tr\u01b0\u1eddng.<\/p>\n<\/li>\n<li>\n<p class=\"ds-markdown-paragraph\">S\u1ea3n ph\u1ea9m ch\u00ednh h\u00e3ng 100%, cam k\u1ebft ch\u1ea5t l\u01b0\u1ee3ng.<\/p>\n<\/li>\n<li>\n<p class=\"ds-markdown-paragraph\">T\u01b0 v\u1ea5n k\u1ef9 thu\u1eadt chuy\u00ean s\u00e2u, h\u1ed7 tr\u1ee3 nhanh ch\u00f3ng.<\/p>\n<\/li>\n<\/ul>\n<p class=\"ds-markdown-paragraph\"><strong>Th\u00f4ng tin li\u00ean h\u1ec7 \u0111\u1eb7t h\u00e0ng:<\/strong><\/p>\n<p class=\"ds-markdown-paragraph\"><strong>C\u00f4ng ty TNHH K\u1ef9 thu\u1eadt v\u00e0 D\u1ecbch v\u1ee5 Minh Ph\u00fa<\/strong><\/p>\n<ul>\n<li>\n<p class=\"ds-markdown-paragraph\"><strong>Email:<\/strong>\u00a0sales@minhphuco.vn<\/p>\n<\/li>\n<li>\n<p class=\"ds-markdown-paragraph\"><strong>Website:<\/strong>\u00a0<a href=\"https:\/\/www.minhphuco.com\/\" target=\"_blank\" rel=\"noopener noreferrer\">www.minhphuco.com<\/a><\/p>\n<\/li>\n<li>\n<p class=\"ds-markdown-paragraph\"><strong>Zalo \/ \u0110i\u1ec7n tho\u1ea1i:<\/strong>\u00a00985 490 343 \u2013 0985 843 778<\/p>\n<\/li>\n<\/ul>\n<p class=\"ds-markdown-paragraph\">\u0110\u1ed9i ng\u0169 k\u1ef9 thu\u1eadt v\u00e0 kinh doanh c\u1ee7a Minh Ph\u00fa lu\u00f4n s\u1eb5n s\u00e0ng h\u1ed7 tr\u1ee3 qu\u00fd kh\u00e1ch h\u00e0ng trong vi\u1ec7c l\u1ef1a ch\u1ecdn s\u1ea3n ph\u1ea9m ph\u00f9 h\u1ee3p v\u00e0 b\u1ea3o tr\u00ec h\u1ec7 th\u1ed1ng b\u01a1m ch\u00e2n kh\u00f4ng m\u1ed9t c\u00e1ch hi\u1ec7u qu\u1ea3 nh\u1ea5t.<\/p>\n<div class=\"ds-message _63c77b1\">\n<div class=\"ds-markdown\">\n<p class=\"ds-markdown-paragraph\"><strong>T\u1eeb kh\u00f3a SEO ch\u00ednh:<\/strong>\u00a0L\u1ecdc t\u00e1ch d\u1ea7u 7314680000, ph\u1ee5 t\u00f9ng b\u01a1m Rietschle, l\u1ecdc t\u00e1ch nh\u1edbt Gardner Denver, thay l\u1ecdc b\u01a1m ch\u00e2n kh\u00f4ng VC100, VC150, l\u1ecdc s\u1ed1 44 b\u01a1m ch\u00e2n kh\u00f4ng.<\/p>\n<p class=\"ds-markdown-paragraph\"><strong>T\u1eeb kh\u00f3a SEO ph\u1ee5:<\/strong>\u00a07314680000 Rietschle, gi\u00e1 l\u1ecdc t\u00e1ch d\u1ea7u, th\u00f4ng s\u1ed1 l\u1ecdc 7314680000, b\u00e1n l\u1ecdc t\u00e1ch d\u1ea7u t\u1ea1i Vi\u1ec7t Nam.<\/p>\n<\/div>\n<\/div>\n<div class=\"ds-theme\"><\/div>\n","protected":false},"excerpt":{"rendered":"<p>L\u1ecdc t\u00e1ch d\u1ea7u\u00a0 Rietschle 7314680000<\/p>\n<p>T\u1ed5ng chi\u1ec1u cao 125mm x \u0110\u01b0\u1eddng k\u00ednh l\u1edbn nh\u1ea5t 98 mm x \u0110\u01b0\u1eddng k\u00ednh nh\u1ecf nh\u1ea5t 40 mm<\/p>\n<p>C\u00e2n n\u1eb7ng ~ 200g<\/p>\n[caption id=\"attachment_8966\" align=\"alignnone\" width=\"1280\"]<img fetchpriority=\"high\" decoding=\"async\" class=\"size-full wp-image-8966\" src=\"https:\/\/mpvane.com\/wp-content\/uploads\/2026\/03\/loc-tach-dau-7314680000-1-1.jpg\" alt=\"7314680000\" width=\"1280\" height=\"960\" srcset=\"https:\/\/mpvane.com\/wp-content\/uploads\/2026\/03\/loc-tach-dau-7314680000-1-1.jpg 1280w, https:\/\/mpvane.com\/wp-content\/uploads\/2026\/03\/loc-tach-dau-7314680000-1-1-300x225.jpg 300w, https:\/\/mpvane.com\/wp-content\/uploads\/2026\/03\/loc-tach-dau-7314680000-1-1-1024x768.jpg 1024w, https:\/\/mpvane.com\/wp-content\/uploads\/2026\/03\/loc-tach-dau-7314680000-1-1-768x576.jpg 768w, https:\/\/mpvane.com\/wp-content\/uploads\/2026\/03\/loc-tach-dau-7314680000-1-1-1200x900.jpg 1200w, https:\/\/mpvane.com\/wp-content\/uploads\/2026\/03\/loc-tach-dau-7314680000-1-1-150x113.jpg 150w\" sizes=\"(max-width: 1280px) 100vw, 1280px\" \/> 7314680000[\/caption]\n","protected":false},"featured_media":8957,"comment_status":"open","ping_status":"closed","template":"","meta":{"_acf_changed":false},"product_brand":[],"product_cat":[702,718],"product_tag":[2768],"class_list":{"0":"post-8951","1":"product","2":"type-product","3":"status-publish","4":"has-post-thumbnail","6":"product_cat-loc-chan-khong","7":"product_cat-loc-elemo-rietschle","8":"product_tag-2768","10":"first","11":"instock","12":"shipping-taxable","13":"product-type-simple"},"acf":[],"_links":{"self":[{"href":"https:\/\/mpvane.com\/en\/wp-json\/wp\/v2\/product\/8951","targetHints":{"allow":["GET"]}}],"collection":[{"href":"https:\/\/mpvane.com\/en\/wp-json\/wp\/v2\/product"}],"about":[{"href":"https:\/\/mpvane.com\/en\/wp-json\/wp\/v2\/types\/product"}],"replies":[{"embeddable":true,"href":"https:\/\/mpvane.com\/en\/wp-json\/wp\/v2\/comments?post=8951"}],"version-history":[{"count":4,"href":"https:\/\/mpvane.com\/en\/wp-json\/wp\/v2\/product\/8951\/revisions"}],"predecessor-version":[{"id":8956,"href":"https:\/\/mpvane.com\/en\/wp-json\/wp\/v2\/product\/8951\/revisions\/8956"}],"wp:featuredmedia":[{"embeddable":true,"href":"https:\/\/mpvane.com\/en\/wp-json\/wp\/v2\/media\/8957"}],"wp:attachment":[{"href":"https:\/\/mpvane.com\/en\/wp-json\/wp\/v2\/media?parent=8951"}],"wp:term":[{"taxonomy":"product_brand","embeddable":true,"href":"https:\/\/mpvane.com\/en\/wp-json\/wp\/v2\/product_brand?post=8951"},{"taxonomy":"product_cat","embeddable":true,"href":"https:\/\/mpvane.com\/en\/wp-json\/wp\/v2\/product_cat?post=8951"},{"taxonomy":"product_tag","embeddable":true,"href":"https:\/\/mpvane.com\/en\/wp-json\/wp\/v2\/product_tag?post=8951"}],"curies":[{"name":"wp","href":"https:\/\/api.w.org\/{rel}","templated":true}]}}