{"id":8874,"date":"2025-07-14T16:29:24","date_gmt":"2025-07-14T09:29:24","guid":{"rendered":"https:\/\/mpvane.com\/?post_type=product&#038;p=8874"},"modified":"2025-07-14T16:39:58","modified_gmt":"2025-07-14T09:39:58","slug":"dau-chan-khong-busch-0831168356-vsc100-1-lit","status":"publish","type":"product","link":"https:\/\/mpvane.com\/en\/san-pham\/dau-chan-khong-busch-0831168356-vsc100-1-lit\/","title":{"rendered":"D\u1ea7u Ch\u00e2n Kh\u00f4ng Busch 0831168356 VSC100 \u2013 Can 1 L\u00edt Ch\u00ednh H\u00e3ng"},"content":{"rendered":"<div id=\"ez-toc-container\" class=\"ez-toc-v2_0_75 counter-hierarchy ez-toc-counter ez-toc-grey ez-toc-container-direction\">\n<div class=\"ez-toc-title-container\">\n<p class=\"ez-toc-title\" style=\"cursor:inherit\">Table of Contents<\/p>\n<span class=\"ez-toc-title-toggle\"><a href=\"#\" class=\"ez-toc-pull-right ez-toc-btn ez-toc-btn-xs ez-toc-btn-default ez-toc-toggle\" aria-label=\"Toggle Table of Content\"><span class=\"ez-toc-js-icon-con\"><span class=\"\"><span class=\"eztoc-hide\" style=\"display:none;\">Toggle<\/span><span class=\"ez-toc-icon-toggle-span\"><svg style=\"fill: #999;color:#999\" xmlns=\"http:\/\/www.w3.org\/2000\/svg\" class=\"list-377408\" width=\"20px\" height=\"20px\" viewBox=\"0 0 24 24\" fill=\"none\"><path d=\"M6 6H4v2h2V6zm14 0H8v2h12V6zM4 11h2v2H4v-2zm16 0H8v2h12v-2zM4 16h2v2H4v-2zm16 0H8v2h12v-2z\" fill=\"currentColor\"><\/path><\/svg><svg style=\"fill: #999;color:#999\" class=\"arrow-unsorted-368013\" xmlns=\"http:\/\/www.w3.org\/2000\/svg\" width=\"10px\" height=\"10px\" viewBox=\"0 0 24 24\" version=\"1.2\" baseProfile=\"tiny\"><path d=\"M18.2 9.3l-6.2-6.3-6.2 6.3c-.2.2-.3.4-.3.7s.1.5.3.7c.2.2.4.3.7.3h11c.3 0 .5-.1.7-.3.2-.2.3-.5.3-.7s-.1-.5-.3-.7zM5.8 14.7l6.2 6.3 6.2-6.3c.2-.2.3-.5.3-.7s-.1-.5-.3-.7c-.2-.2-.4-.3-.7-.3h-11c-.3 0-.5.1-.7.3-.2.2-.3.5-.3.7s.1.5.3.7z\"\/><\/svg><\/span><\/span><\/span><\/a><\/span><\/div>\n<nav><ul class='ez-toc-list ez-toc-list-level-1 ' ><li class='ez-toc-page-1 ez-toc-heading-level-1'><a class=\"ez-toc-link ez-toc-heading-1\" href=\"https:\/\/mpvane.com\/en\/san-pham\/dau-chan-khong-busch-0831168356-vsc100-1-lit\/#Gioi_thieu_ve_dau_chan_khong_Busch_VSC_100\" >Gi\u1edbi thi\u1ec7u v\u1ec1 d\u1ea7u ch\u00e2n kh\u00f4ng Busch VSC 100<\/a><\/li><li class='ez-toc-page-1 ez-toc-heading-level-1'><a class=\"ez-toc-link ez-toc-heading-2\" href=\"https:\/\/mpvane.com\/en\/san-pham\/dau-chan-khong-busch-0831168356-vsc100-1-lit\/#Dac_diem_noi_bat_cua_dau_chan_khong_Busch_VSC_100\" >\u0110\u1eb7c \u0111i\u1ec3m n\u1ed5i b\u1eadt c\u1ee7a d\u1ea7u ch\u00e2n kh\u00f4ng Busch VSC 100<\/a><\/li><li class='ez-toc-page-1 ez-toc-heading-level-1'><a class=\"ez-toc-link ez-toc-heading-3\" href=\"https:\/\/mpvane.com\/en\/san-pham\/dau-chan-khong-busch-0831168356-vsc100-1-lit\/#Thong_so_ky_thuat_dau_chan_khong_Busch_VSC100_VE101\" >Th\u00f4ng s\u1ed1 k\u1ef9 thu\u1eadt d\u1ea7u ch\u00e2n kh\u00f4ng Busch VSC100 (VE101)<\/a><\/li><li class='ez-toc-page-1 ez-toc-heading-level-1'><a class=\"ez-toc-link ez-toc-heading-4\" href=\"https:\/\/mpvane.com\/en\/san-pham\/dau-chan-khong-busch-0831168356-vsc100-1-lit\/#Tai_sao_nen_chon_dau_chan_khong_Busch_VSC_100\" >T\u1ea1i sao n\u00ean ch\u1ecdn d\u1ea7u ch\u00e2n kh\u00f4ng Busch VSC 100?<\/a><\/li><li class='ez-toc-page-1 ez-toc-heading-level-1'><a class=\"ez-toc-link ez-toc-heading-5\" href=\"https:\/\/mpvane.com\/en\/san-pham\/dau-chan-khong-busch-0831168356-vsc100-1-lit\/#Ung_dung_cua_dau_chan_khong_Busch_VSC_100\" >\u1ee8ng d\u1ee5ng c\u1ee7a d\u1ea7u ch\u00e2n kh\u00f4ng Busch VSC 100<\/a><\/li><li class='ez-toc-page-1 ez-toc-heading-level-1'><a class=\"ez-toc-link ez-toc-heading-6\" href=\"https:\/\/mpvane.com\/en\/san-pham\/dau-chan-khong-busch-0831168356-vsc100-1-lit\/#Loi_ich_khi_su_dung_dau_chan_khong_Busch_VSC_100_chinh_hang\" >L\u1ee3i \u00edch khi s\u1eed d\u1ee5ng d\u1ea7u ch\u00e2n kh\u00f4ng Busch VSC 100 ch\u00ednh h\u00e3ng<\/a><\/li><li class='ez-toc-page-1 ez-toc-heading-level-1'><a class=\"ez-toc-link ez-toc-heading-7\" href=\"https:\/\/mpvane.com\/en\/san-pham\/dau-chan-khong-busch-0831168356-vsc100-1-lit\/#Dia_chi_mua_dau_chan_khong_Busch_VSC_100_chinh_hang_tai_Viet_Nam\" >\u0110\u1ecba ch\u1ec9 mua d\u1ea7u ch\u00e2n kh\u00f4ng Busch VSC 100 ch\u00ednh h\u00e3ng t\u1ea1i Vi\u1ec7t Nam<\/a><\/li><li class='ez-toc-page-1 ez-toc-heading-level-1'><a class=\"ez-toc-link ez-toc-heading-8\" href=\"https:\/\/mpvane.com\/en\/san-pham\/dau-chan-khong-busch-0831168356-vsc100-1-lit\/#Ket_luan\" >K\u1ebft lu\u1eadn<\/a><\/li><\/ul><\/nav><\/div>\n<p>D\u1ea7u Ch\u00e2n Kh\u00f4ng Busch VSC 100 \u2013 L\u1ef1a Ch\u1ecdn D\u1ea7u T\u1ed5ng H\u1ee3p Hi\u1ec7u Su\u1ea5t Cao Cho B\u01a1m Ch\u00e2n Kh\u00f4ng<\/p>\n<p>Gi\u1ea3i ph\u00e1p t\u1ed1i \u01b0u cho hi\u1ec7u su\u1ea5t b\u01a1m, b\u1ea3o v\u1ec7 thi\u1ebft b\u1ecb v\u00e0 n\u00e2ng cao tu\u1ed5i th\u1ecd m\u00e1y m\u00f3c<\/p>\n<h1><span class=\"ez-toc-section\" id=\"Gioi_thieu_ve_dau_chan_khong_Busch_VSC_100\"><\/span>Gi\u1edbi thi\u1ec7u v\u1ec1 d\u1ea7u ch\u00e2n kh\u00f4ng Busch VSC 100<span class=\"ez-toc-section-end\"><\/span><\/h1>\n<p>D\u1ea7u ch\u00e2n kh\u00f4ng Busch VSC 100 l\u00e0 d\u00f2ng d\u1ea7u t\u1ed5ng h\u1ee3p hi\u1ec7u su\u1ea5t cao, \u0111\u01b0\u1ee3c ph\u00e1t tri\u1ec3n d\u1ef1a tr\u00ean n\u1ec1n t\u1ea3ng este hi\u1ec7n \u0111\u1ea1i, mang \u0111\u1ebfn kh\u1ea3 n\u0103ng b\u00f4i tr\u01a1n v\u01b0\u1ee3t tr\u1ed9i v\u00e0 \u0111\u1ed9 \u1ed5n \u0111\u1ecbnh nhi\u1ec7t \u0111\u1ed9 \u2013 \u0111\u1ed9 nh\u1edbt t\u1ed1i \u01b0u. S\u1ea3n ph\u1ea9m n\u00e0y \u0111\u01b0\u1ee3c thi\u1ebft k\u1ebf chuy\u00ean bi\u1ec7t cho c\u00e1c h\u1ec7 th\u1ed1ng b\u01a1m ch\u00e2n kh\u00f4ng, \u0111\u1eb7c bi\u1ec7t ph\u00f9 h\u1ee3p v\u1edbi nh\u1eefng m\u00f4i tr\u01b0\u1eddng v\u1eadn h\u00e0nh c\u00f3 nhi\u1ec7t \u0111\u1ed9 cao v\u00e0 y\u00eau c\u1ea7u kh\u1eaft khe v\u1ec1 \u0111\u1ed9 \u1ed5n \u0111\u1ecbnh ch\u00e2n kh\u00f4ng.<\/p>\n<p>D\u1ea7u ch\u00e2n kh\u00f4ng Busch VSC 100 (hay c\u00f2n g\u1ecdi l\u00e0 Busch VSC100 ho\u1eb7c VE101) l\u00e0 s\u1ea3n ph\u1ea9m nh\u1eadp kh\u1ea9u ch\u00ednh h\u00e3ng, \u0111\u01b0\u1ee3c \u1ee9ng d\u1ee5ng r\u1ed9ng r\u00e3i trong nhi\u1ec1u l\u0129nh v\u1ef1c c\u00f4ng nghi\u1ec7p hi\u1ec7n \u0111\u1ea1i. Vi\u1ec7c s\u1eed d\u1ee5ng d\u1ea7u ch\u00e2n kh\u00f4ng ch\u1ea5t l\u01b0\u1ee3ng cao nh\u01b0 Busch VSC 100 gi\u00fap t\u0103ng t\u00ednh \u1ed5n \u0111\u1ecbnh c\u1ee7a h\u1ec7 th\u1ed1ng, gi\u1ea3m ti\u1ebfng \u1ed3n, h\u1ea1n ch\u1ebf m\u00e0i m\u00f2n, k\u00e9o d\u00e0i tu\u1ed5i th\u1ecd b\u01a1m v\u00e0 \u0111\u1ea3m b\u1ea3o hi\u1ec7u su\u1ea5t v\u1eadn h\u00e0nh t\u1ed1i \u01b0u.<\/p>\n<h1><span class=\"ez-toc-section\" id=\"Dac_diem_noi_bat_cua_dau_chan_khong_Busch_VSC_100\"><\/span>\u0110\u1eb7c \u0111i\u1ec3m n\u1ed5i b\u1eadt c\u1ee7a d\u1ea7u ch\u00e2n kh\u00f4ng Busch VSC 100<span class=\"ez-toc-section-end\"><\/span><\/h1>\n<ul>\n<li>C\u00f4ng ngh\u1ec7 t\u1ed5ng h\u1ee3p ti\u00ean ti\u1ebfn: D\u1ea7u Busch VSC 100 \u0111\u01b0\u1ee3c s\u1ea3n xu\u1ea5t t\u1eeb c\u00e1c th\u00e0nh ph\u1ea7n este t\u1ed5ng h\u1ee3p cao c\u1ea5p, mang l\u1ea1i kh\u1ea3 n\u0103ng b\u00f4i tr\u01a1n t\u1ed1i \u01b0u, ch\u1ed1ng oxy h\u00f3a hi\u1ec7u qu\u1ea3 v\u00e0 b\u1ea3o v\u1ec7 b\u1ec1 m\u1eb7t kim lo\u1ea1i kh\u1ecfi ma s\u00e1t.<\/li>\n<li>\u0110\u1ed9 \u1ed5n \u0111\u1ecbnh nhi\u1ec7t \u0111\u1ed9 \u2013 \u0111\u1ed9 nh\u1edbt v\u01b0\u1ee3t tr\u1ed9i: S\u1ea3n ph\u1ea9m gi\u1eef nguy\u00ean \u0111\u1eb7c t\u00ednh l\u00fd h\u00f3a d\u00f9 l\u00e0m vi\u1ec7c trong \u0111i\u1ec1u ki\u1ec7n nhi\u1ec7t \u0111\u1ed9 cao, g\u00f3p ph\u1ea7n duy tr\u00ec hi\u1ec7u su\u1ea5t b\u01a1m v\u00e0 gi\u1ea3m nguy c\u01a1 suy gi\u1ea3m ch\u1ea5t l\u01b0\u1ee3ng d\u1ea7u trong th\u1eddi gian d\u00e0i s\u1eed d\u1ee5ng.<\/li>\n<li>Kh\u1ea3 n\u0103ng t\u01b0\u01a1ng th\u00edch \u0111a d\u1ea1ng: D\u1ea7u ch\u00e2n kh\u00f4ng Busch VSC 100 t\u01b0\u01a1ng th\u00edch v\u1edbi nhi\u1ec1u lo\u1ea1i b\u01a1m v\u00f2ng d\u1ea7u kh\u00e1c nhau, bao g\u1ed3m c\u00e1c d\u00f2ng COBRA NX, PANDA WV, PUMA WP, R5 v\u00e0 nhi\u1ec1u d\u00f2ng b\u01a1m c\u00f4ng nghi\u1ec7p kh\u00e1c.<\/li>\n<li>Gi\u1ea3m thi\u1ec3u ti\u1ebfng \u1ed3n v\u00e0 rung \u0111\u1ed9ng: S\u1eed d\u1ee5ng d\u1ea7u ch\u00ednh h\u00e3ng gi\u00fap b\u01a1m ho\u1ea1t \u0111\u1ed9ng \u00eam \u00e1i h\u01a1n, gi\u1ea3m thi\u1ec3u ti\u1ebfng \u1ed3n v\u00e0 rung \u0111\u1ed9ng, t\u1eeb \u0111\u00f3 n\u00e2ng cao tr\u1ea3i nghi\u1ec7m v\u1eadn h\u00e0nh cho ng\u01b0\u1eddi s\u1eed d\u1ee5ng.<\/li>\n<li>K\u00e9o d\u00e0i tu\u1ed5i th\u1ecd thi\u1ebft b\u1ecb: S\u1ea3n ph\u1ea9m gi\u00fap gi\u1ea3m ma s\u00e1t, h\u1ea1n ch\u1ebf m\u00e0i m\u00f2n, n\u00e2ng cao \u0111\u1ed9 b\u1ec1n b\u01a1m v\u00e0 gi\u1ea3m t\u1ea7n su\u1ea5t b\u1ea3o d\u01b0\u1ee1ng, ti\u1ebft ki\u1ec7m chi ph\u00ed v\u1eadn h\u00e0nh d\u00e0i h\u1ea1n.<\/li>\n<\/ul>\n<h1><span class=\"ez-toc-section\" id=\"Thong_so_ky_thuat_dau_chan_khong_Busch_VSC100_VE101\"><\/span>Th\u00f4ng s\u1ed1 k\u1ef9 thu\u1eadt d\u1ea7u ch\u00e2n kh\u00f4ng Busch VSC100 (VE101)<span class=\"ez-toc-section-end\"><\/span><\/h1>\n<ul>\n<li>T\u1ec9 tr\u1ecdng \u1edf 15\u00b0C: 882 kg\/m3<\/li>\n<li>\u0110\u1ed9 nh\u1edbt \u1edf 40\u00b0C: 100 mm2\/s<\/li>\n<li>\u0110\u1ed9 nh\u1edbt \u1edf 100\u00b0C: 11,8 mm2\/s<\/li>\n<li>Dung t\u00edch \u0111\u00f3ng g\u00f3i: 1L (Busch Vacuum Oil VSC-100 1L)<\/li>\n<li>Ti\u00eau chu\u1ea9n ch\u1ea5t l\u01b0\u1ee3ng: \u0110\u00e1p \u1ee9ng c\u00e1c y\u00eau c\u1ea7u nghi\u00eam ng\u1eb7t c\u1ee7a h\u00e3ng Busch, ph\u00f9 h\u1ee3p v\u1edbi \u0111a s\u1ed1 b\u01a1m ch\u00e2n kh\u00f4ng v\u00f2ng d\u1ea7u c\u00f4ng nghi\u1ec7p.<\/li>\n<\/ul>\n<h1><span class=\"ez-toc-section\" id=\"Tai_sao_nen_chon_dau_chan_khong_Busch_VSC_100\"><\/span>T\u1ea1i sao n\u00ean ch\u1ecdn d\u1ea7u ch\u00e2n kh\u00f4ng Busch VSC 100?<span class=\"ez-toc-section-end\"><\/span><\/h1>\n<ul>\n<li>Hi\u1ec7u su\u1ea5t b\u01a1m t\u1ed1i \u01b0u: D\u1ea7u gi\u00fap m\u00e1y b\u01a1m ho\u1ea1t \u0111\u1ed9ng tr\u01a1n tru, duy tr\u00ec \u00e1p su\u1ea5t ch\u00e2n kh\u00f4ng \u1ed5n \u0111\u1ecbnh v\u00e0 n\u00e2ng cao hi\u1ec7u su\u1ea5t t\u1ed5ng th\u1ec3 c\u1ee7a h\u1ec7 th\u1ed1ng.<\/li>\n<li>B\u1ea3o v\u1ec7 v\u00e0 k\u00e9o d\u00e0i tu\u1ed5i th\u1ecd thi\u1ebft b\u1ecb: C\u00f4ng th\u1ee9c \u0111\u1eb7c bi\u1ec7t gi\u00fap gi\u1ea3m m\u00e0i m\u00f2n, ng\u0103n ng\u1eeba t\u00ecnh tr\u1ea1ng qu\u00e1 nhi\u1ec7t v\u00e0 gi\u1ea3m thi\u1ec3u nguy c\u01a1 h\u1ecfng h\u00f3c do ma s\u00e1t.<\/li>\n<li>Gi\u1ea3m chi ph\u00ed b\u1ea3o tr\u00ec, s\u1eeda ch\u1eefa: Nh\u1edd h\u1ea1n ch\u1ebf h\u01b0 h\u1ecfng, thi\u1ebft b\u1ecb \u0111\u01b0\u1ee3c b\u1ea3o v\u1ec7 t\u1ed1i \u0111a, gi\u00fap ng\u01b0\u1eddi d\u00f9ng ti\u1ebft ki\u1ec7m chi ph\u00ed v\u1eadn h\u00e0nh v\u00e0 b\u1ea3o d\u01b0\u1ee1ng d\u00e0i h\u1ea1n.<\/li>\n<li>Ph\u00f9 h\u1ee3p v\u1edbi m\u00f4i tr\u01b0\u1eddng kh\u1eafc nghi\u1ec7t: \u0110\u01b0\u1ee3c ch\u1ee9ng nh\u1eadn v\u1eadn h\u00e0nh t\u1ed1t trong \u0111i\u1ec1u ki\u1ec7n nhi\u1ec7t \u0111\u1ed9 cao, ph\u00f9 h\u1ee3p v\u1edbi nhi\u1ec1u l\u0129nh v\u1ef1c c\u00f4ng nghi\u1ec7p nh\u01b0 th\u1ef1c ph\u1ea9m, \u0111i\u1ec7n t\u1eed, h\u00f3a ch\u1ea5t, d\u01b0\u1ee3c ph\u1ea9m,&#8230;<\/li>\n<li>S\u1ea3n ph\u1ea9m nh\u1eadp kh\u1ea9u ch\u00ednh h\u00e3ng: \u0110\u1ea3m b\u1ea3o ch\u1ea5t l\u01b0\u1ee3ng, an to\u00e0n tuy\u1ec7t \u0111\u1ed1i cho ng\u01b0\u1eddi s\u1eed d\u1ee5ng v\u00e0 h\u1ec7 th\u1ed1ng m\u00e1y m\u00f3c.<\/li>\n<\/ul>\n<h1><span class=\"ez-toc-section\" id=\"Ung_dung_cua_dau_chan_khong_Busch_VSC_100\"><\/span>\u1ee8ng d\u1ee5ng c\u1ee7a d\u1ea7u ch\u00e2n kh\u00f4ng Busch VSC 100<span class=\"ez-toc-section-end\"><\/span><\/h1>\n<p>D\u1ea7u ch\u00e2n kh\u00f4ng Busch VSC 100 \u0111\u01b0\u1ee3c s\u1eed d\u1ee5ng r\u1ed9ng r\u00e3i trong c\u00e1c l\u0129nh v\u1ef1c:<\/p>\n<ul>\n<li>C\u00e1c nh\u00e0 m\u00e1y s\u1ea3n xu\u1ea5t v\u00e0 ch\u1ebf bi\u1ebfn th\u1ef1c ph\u1ea9m<\/li>\n<li>Ng\u00e0nh c\u00f4ng nghi\u1ec7p \u0111i\u1ec7n t\u1eed \u2013 b\u00e1n d\u1eabn<\/li>\n<li>Nh\u00e0 m\u00e1y h\u00f3a ch\u1ea5t, d\u01b0\u1ee3c ph\u1ea9m<\/li>\n<li>H\u1ec7 th\u1ed1ng b\u01a1m ch\u00e2n kh\u00f4ng trong s\u1ea3n xu\u1ea5t nh\u1ef1a, g\u1ed1m s\u1ee9, v\u1eadt li\u1ec7u x\u00e2y d\u1ef1ng<\/li>\n<li>\u1ee8ng d\u1ee5ng trong b\u1ec7nh vi\u1ec7n, ph\u00f2ng th\u00ed nghi\u1ec7m, c\u00e1c thi\u1ebft b\u1ecb y t\u1ebf c\u1ea7n m\u00f4i tr\u01b0\u1eddng ch\u00e2n kh\u00f4ng chu\u1ea9n x\u00e1c<\/li>\n<\/ul>\n<h1><span class=\"ez-toc-section\" id=\"Loi_ich_khi_su_dung_dau_chan_khong_Busch_VSC_100_chinh_hang\"><\/span>L\u1ee3i \u00edch khi s\u1eed d\u1ee5ng d\u1ea7u ch\u00e2n kh\u00f4ng Busch VSC 100 ch\u00ednh h\u00e3ng<span class=\"ez-toc-section-end\"><\/span><\/h1>\n<p>Vi\u1ec7c s\u1eed d\u1ee5ng d\u1ea7u ch\u00e2n kh\u00f4ng Busch VSC 100 ch\u00ednh h\u00e3ng mang l\u1ea1i nhi\u1ec1u l\u1ee3i \u00edch nh\u01b0:<\/p>\n<ul>\n<li>Duy tr\u00ec \u0111\u1ed9 ch\u00e2n kh\u00f4ng \u1ed5n \u0111\u1ecbnh l\u00e2u d\u00e0i cho h\u1ec7 th\u1ed1ng<\/li>\n<li>H\u1ea1n ch\u1ebf t\u1ed1i \u0111a t\u00ecnh tr\u1ea1ng b\u01a1m b\u1ecb n\u00f3ng, rung ho\u1eb7c ph\u00e1t sinh ti\u1ebfng \u1ed3n b\u1ea5t th\u01b0\u1eddng<\/li>\n<li>Gi\u00fap b\u01a1m v\u1eadn h\u00e0nh m\u01b0\u1ee3t m\u00e0, t\u0103ng n\u0103ng su\u1ea5t s\u1ea3n xu\u1ea5t<\/li>\n<li>Ti\u1ebft ki\u1ec7m chi ph\u00ed s\u1eeda ch\u1eefa, thay th\u1ebf ph\u1ee5 t\u00f9ng<\/li>\n<li>B\u1ea3o v\u1ec7 m\u00f4i tr\u01b0\u1eddng nh\u1edd gi\u1ea3m thi\u1ec3u r\u00f2 r\u1ec9 d\u1ea7u v\u00e0 h\u00f3a ch\u1ea5t \u0111\u1ed9c h\u1ea1i<\/li>\n<\/ul>\n<h1><span class=\"ez-toc-section\" id=\"Dia_chi_mua_dau_chan_khong_Busch_VSC_100_chinh_hang_tai_Viet_Nam\"><\/span>\u0110\u1ecba ch\u1ec9 mua d\u1ea7u ch\u00e2n kh\u00f4ng Busch VSC 100 ch\u00ednh h\u00e3ng t\u1ea1i Vi\u1ec7t Nam<span class=\"ez-toc-section-end\"><\/span><\/h1>\n<p>\u0110\u1ec3 \u0111\u1ea3m b\u1ea3o ch\u1ea5t l\u01b0\u1ee3ng s\u1ea3n ph\u1ea9m v\u00e0 quy\u1ec1n l\u1ee3i c\u1ee7a m\u00ecnh, qu\u00fd kh\u00e1ch n\u00ean l\u1ef1a ch\u1ecdn nh\u1eefng \u0111\u1ea1i l\u00fd ph\u00e2n ph\u1ed1i ch\u00ednh th\u1ee9c v\u00e0 uy t\u00edn. C\u00d4NG TY TNHH K\u1ef8 THU\u1eacT V\u00c0 D\u1ecaCH V\u1ee4 MINH PH\u00da t\u1ef1 h\u00e0o l\u00e0 \u0111\u1ecba ch\u1ec9 cung c\u1ea5p d\u1ea7u ch\u00e2n kh\u00f4ng Busch VSC 100 (VE101) nh\u1eadp kh\u1ea9u ch\u00ednh h\u00e3ng v\u1edbi \u0111\u1ea7y \u0111\u1ee7 ch\u1ee9ng nh\u1eadn ch\u1ea5t l\u01b0\u1ee3ng, gi\u00e1 th\u00e0nh c\u1ea1nh tranh v\u00e0 d\u1ecbch v\u1ee5 h\u1eadu m\u00e3i t\u1eadn t\u00e2m.<\/p>\n<p>M\u1ecdi th\u00f4ng tin chi ti\u1ebft xin li\u00ean h\u1ec7:<\/p>\n<ul>\n<li>Email: Sales@minhphuco.vn<\/li>\n<li>Zalo: 0985490343 \/ 0985843778<\/li>\n<\/ul>\n<p>Ch\u00fang t\u00f4i cam k\u1ebft t\u01b0 v\u1ea5n t\u1eadn t\u00ecnh, h\u1ed7 tr\u1ee3 k\u1ef9 thu\u1eadt v\u00e0 giao h\u00e0ng nhanh ch\u00f3ng t\u1edbi m\u1ecdi t\u1ec9nh th\u00e0nh tr\u00ean to\u00e0n qu\u1ed1c.<\/p>\n<h1><span class=\"ez-toc-section\" id=\"Ket_luan\"><\/span>K\u1ebft lu\u1eadn<span class=\"ez-toc-section-end\"><\/span><\/h1>\n<p>D\u1ea7u ch\u00e2n kh\u00f4ng Busch VSC 100 l\u00e0 gi\u1ea3i ph\u00e1p t\u1ed1i \u01b0u cho m\u1ecdi h\u1ec7 th\u1ed1ng b\u01a1m ch\u00e2n kh\u00f4ng hi\u1ec7n \u0111\u1ea1i. S\u1ea3n ph\u1ea9m kh\u00f4ng ch\u1ec9 gi\u00fap n\u00e2ng cao hi\u1ec7u su\u1ea5t, b\u1ea3o v\u1ec7 thi\u1ebft b\u1ecb m\u00e0 c\u00f2n g\u00f3p ph\u1ea7n ti\u1ebft ki\u1ec7m chi ph\u00ed v\u1eadn h\u00e0nh v\u00e0 b\u1ea3o d\u01b0\u1ee1ng. H\u00e3y l\u1ef1a ch\u1ecdn d\u1ea7u ch\u00e2n kh\u00f4ng Busch VSC 100 ch\u00ednh h\u00e3ng t\u1eeb c\u00e1c \u0111\u01a1n v\u1ecb ph\u00e2n ph\u1ed1i uy t\u00edn \u0111\u1ec3 \u0111\u1ea3m b\u1ea3o an t\u00e2m tuy\u1ec7t \u0111\u1ed1i trong qu\u00e1 tr\u00ecnh s\u1eed d\u1ee5ng. \u0110\u1eebng ng\u1ea7n ng\u1ea1i li\u00ean h\u1ec7 v\u1edbi C\u00d4NG TY TNHH K\u1ef8 THU\u1eacT V\u00c0 D\u1ecaCH V\u1ee4 MINH PH\u00da \u0111\u1ec3 nh\u1eadn \u0111\u01b0\u1ee3c t\u01b0 v\u1ea5n c\u00f9ng nhi\u1ec1u \u01b0u \u0111\u00e3i h\u1ea5p d\u1eabn v\u1ec1 s\u1ea3n ph\u1ea9m d\u1ea7u ch\u00e2n kh\u00f4ng ch\u1ea5t l\u01b0\u1ee3ng cao n\u00e0y!<\/p>\n<p>&nbsp;<\/p>\n","protected":false},"excerpt":{"rendered":"<p><strong data-start=\"114\" data-end=\"182\">0831168356 VSC100<\/strong><\/p>\n","protected":false},"featured_media":0,"comment_status":"open","ping_status":"closed","template":"","meta":{"_acf_changed":false},"product_brand":[],"product_cat":[703,722],"product_tag":[],"class_list":{"0":"post-8874","1":"product","2":"type-product","3":"status-publish","5":"product_cat-dau-chan-khong","6":"product_cat-dau-chan-khong-busch","8":"first","9":"instock","10":"shipping-taxable","11":"product-type-simple"},"acf":[],"_links":{"self":[{"href":"https:\/\/mpvane.com\/en\/wp-json\/wp\/v2\/product\/8874","targetHints":{"allow":["GET"]}}],"collection":[{"href":"https:\/\/mpvane.com\/en\/wp-json\/wp\/v2\/product"}],"about":[{"href":"https:\/\/mpvane.com\/en\/wp-json\/wp\/v2\/types\/product"}],"replies":[{"embeddable":true,"href":"https:\/\/mpvane.com\/en\/wp-json\/wp\/v2\/comments?post=8874"}],"version-history":[{"count":4,"href":"https:\/\/mpvane.com\/en\/wp-json\/wp\/v2\/product\/8874\/revisions"}],"predecessor-version":[{"id":8878,"href":"https:\/\/mpvane.com\/en\/wp-json\/wp\/v2\/product\/8874\/revisions\/8878"}],"wp:attachment":[{"href":"https:\/\/mpvane.com\/en\/wp-json\/wp\/v2\/media?parent=8874"}],"wp:term":[{"taxonomy":"product_brand","embeddable":true,"href":"https:\/\/mpvane.com\/en\/wp-json\/wp\/v2\/product_brand?post=8874"},{"taxonomy":"product_cat","embeddable":true,"href":"https:\/\/mpvane.com\/en\/wp-json\/wp\/v2\/product_cat?post=8874"},{"taxonomy":"product_tag","embeddable":true,"href":"https:\/\/mpvane.com\/en\/wp-json\/wp\/v2\/product_tag?post=8874"}],"curies":[{"name":"wp","href":"https:\/\/api.w.org\/{rel}","templated":true}]}}