{"id":8859,"date":"2025-07-12T11:38:47","date_gmt":"2025-07-12T04:38:47","guid":{"rendered":"https:\/\/mpvane.com\/?post_type=product&#038;p=8859"},"modified":"2025-07-12T11:46:41","modified_gmt":"2025-07-12T04:46:41","slug":"dau-bom-hut-chan-khong-busch-ve101-5lit","status":"publish","type":"product","link":"https:\/\/mpvane.com\/en\/san-pham\/dau-bom-hut-chan-khong-busch-ve101-5lit\/","title":{"rendered":"D\u1ea6U CH\u00c2N KH\u00d4NG BUSCH 0831000100 VE101 \u2013 5L\u00edt"},"content":{"rendered":"<div id=\"ez-toc-container\" class=\"ez-toc-v2_0_75 counter-hierarchy ez-toc-counter ez-toc-grey ez-toc-container-direction\">\n<div class=\"ez-toc-title-container\">\n<p class=\"ez-toc-title\" style=\"cursor:inherit\">Table of Contents<\/p>\n<span class=\"ez-toc-title-toggle\"><a href=\"#\" class=\"ez-toc-pull-right ez-toc-btn ez-toc-btn-xs ez-toc-btn-default ez-toc-toggle\" aria-label=\"Toggle Table of Content\"><span class=\"ez-toc-js-icon-con\"><span class=\"\"><span class=\"eztoc-hide\" style=\"display:none;\">Toggle<\/span><span class=\"ez-toc-icon-toggle-span\"><svg style=\"fill: #999;color:#999\" xmlns=\"http:\/\/www.w3.org\/2000\/svg\" class=\"list-377408\" width=\"20px\" height=\"20px\" viewBox=\"0 0 24 24\" fill=\"none\"><path d=\"M6 6H4v2h2V6zm14 0H8v2h12V6zM4 11h2v2H4v-2zm16 0H8v2h12v-2zM4 16h2v2H4v-2zm16 0H8v2h12v-2z\" fill=\"currentColor\"><\/path><\/svg><svg style=\"fill: #999;color:#999\" class=\"arrow-unsorted-368013\" xmlns=\"http:\/\/www.w3.org\/2000\/svg\" width=\"10px\" height=\"10px\" viewBox=\"0 0 24 24\" version=\"1.2\" baseProfile=\"tiny\"><path d=\"M18.2 9.3l-6.2-6.3-6.2 6.3c-.2.2-.3.4-.3.7s.1.5.3.7c.2.2.4.3.7.3h11c.3 0 .5-.1.7-.3.2-.2.3-.5.3-.7s-.1-.5-.3-.7zM5.8 14.7l6.2 6.3 6.2-6.3c.2-.2.3-.5.3-.7s-.1-.5-.3-.7c-.2-.2-.4-.3-.7-.3h-11c-.3 0-.5.1-.7.3-.2.2-.3.5-.3.7s.1.5.3.7z\"\/><\/svg><\/span><\/span><\/span><\/a><\/span><\/div>\n<nav><ul class='ez-toc-list ez-toc-list-level-1 ' ><li class='ez-toc-page-1 ez-toc-heading-level-1'><a class=\"ez-toc-link ez-toc-heading-1\" href=\"https:\/\/mpvane.com\/en\/san-pham\/dau-bom-hut-chan-khong-busch-ve101-5lit\/#Gioi_thieu_chung\" >Gi\u1edbi thi\u1ec7u chung<\/a><\/li><li class='ez-toc-page-1 ez-toc-heading-level-1'><a class=\"ez-toc-link ez-toc-heading-2\" href=\"https:\/\/mpvane.com\/en\/san-pham\/dau-bom-hut-chan-khong-busch-ve101-5lit\/#VE101_Tong_quan_ve_Dau_chan_khong_Busch_VE101\" >VE101 T\u1ed5ng quan v\u1ec1 D\u1ea7u ch\u00e2n kh\u00f4ng Busch VE101<\/a><\/li><li class='ez-toc-page-1 ez-toc-heading-level-1'><a class=\"ez-toc-link ez-toc-heading-3\" href=\"https:\/\/mpvane.com\/en\/san-pham\/dau-bom-hut-chan-khong-busch-ve101-5lit\/#VE101_Ung_dung_cua_dau_chan_khong_Busch_VE101\" >VE101 \u1ee8ng d\u1ee5ng c\u1ee7a d\u1ea7u ch\u00e2n kh\u00f4ng Busch VE101<\/a><\/li><li class='ez-toc-page-1 ez-toc-heading-level-1'><a class=\"ez-toc-link ez-toc-heading-4\" href=\"https:\/\/mpvane.com\/en\/san-pham\/dau-bom-hut-chan-khong-busch-ve101-5lit\/#VE101_Quy_cach_dong_goi_va_ma_san_pham\" >VE101 Quy c\u00e1ch \u0111\u00f3ng g\u00f3i v\u00e0 m\u00e3 s\u1ea3n ph\u1ea9m<\/a><\/li><li class='ez-toc-page-1 ez-toc-heading-level-1'><a class=\"ez-toc-link ez-toc-heading-5\" href=\"https:\/\/mpvane.com\/en\/san-pham\/dau-bom-hut-chan-khong-busch-ve101-5lit\/#Loi_ich_khi_su_dung_dau_Busch_VE101\" >L\u1ee3i \u00edch khi s\u1eed d\u1ee5ng d\u1ea7u Busch VE101<\/a><\/li><li class='ez-toc-page-1 ez-toc-heading-level-1'><a class=\"ez-toc-link ez-toc-heading-6\" href=\"https:\/\/mpvane.com\/en\/san-pham\/dau-bom-hut-chan-khong-busch-ve101-5lit\/#Thong_bao_quan_trong_ve_ten_san_pham_moi\" >Th\u00f4ng b\u00e1o quan tr\u1ecdng v\u1ec1 t\u00ean s\u1ea3n ph\u1ea9m m\u1edbi<\/a><\/li><li class='ez-toc-page-1 ez-toc-heading-level-1'><a class=\"ez-toc-link ez-toc-heading-7\" href=\"https:\/\/mpvane.com\/en\/san-pham\/dau-bom-hut-chan-khong-busch-ve101-5lit\/#Cam_ket_chat_luong\" >Cam k\u1ebft ch\u1ea5t l\u01b0\u1ee3ng<\/a><\/li><li class='ez-toc-page-1 ez-toc-heading-level-1'><a class=\"ez-toc-link ez-toc-heading-8\" href=\"https:\/\/mpvane.com\/en\/san-pham\/dau-bom-hut-chan-khong-busch-ve101-5lit\/#Thong_tin_lien_he\" >Th\u00f4ng tin li\u00ean h\u1ec7<\/a><\/li><li class='ez-toc-page-1 ez-toc-heading-level-1'><a class=\"ez-toc-link ez-toc-heading-9\" href=\"https:\/\/mpvane.com\/en\/san-pham\/dau-bom-hut-chan-khong-busch-ve101-5lit\/#Ket_luan\" >K\u1ebft lu\u1eadn<\/a><\/li><\/ul><\/nav><\/div>\n<p>D\u1ea7u B\u01a1m H\u00fat Ch\u00e2n Kh\u00f4ng Busch VE101 \u2013 Gi\u1ea3i Ph\u00e1p H\u00e0ng \u0110\u1ea7u Cho H\u1ec7 Th\u1ed1ng Ch\u00e2n Kh\u00f4ng<\/p>\n<p>Ch\u1ea5t l\u01b0\u1ee3ng \u0110\u1ee9c \u2013 Hi\u1ec7u qu\u1ea3 v\u01b0\u1ee3t tr\u1ed9i \u2013 B\u1ea3o v\u1ec7 t\u1ed1i \u01b0u cho b\u01a1m ch\u00e2n kh\u00f4ng<\/p>\n<h1><span class=\"ez-toc-section\" id=\"Gioi_thieu_chung\"><\/span>Gi\u1edbi thi\u1ec7u chung<span class=\"ez-toc-section-end\"><\/span><\/h1>\n<p>Khi nh\u1eafc \u0111\u1ebfn h\u1ec7 th\u1ed1ng b\u01a1m h\u00fat ch\u00e2n kh\u00f4ng, y\u1ebfu t\u1ed1 quan tr\u1ecdng quy\u1ebft \u0111\u1ecbnh hi\u1ec7u su\u1ea5t, tu\u1ed5i th\u1ecd v\u00e0 \u0111\u1ed9 \u1ed5n \u0111\u1ecbnh c\u1ee7a thi\u1ebft b\u1ecb ch\u00ednh l\u00e0 ch\u1ea5t l\u01b0\u1ee3ng c\u1ee7a d\u1ea7u b\u01a1m. D\u1ea7u b\u01a1m h\u00fat ch\u00e2n kh\u00f4ng Busch VE101 l\u00e0 s\u1ea3n ph\u1ea9m ti\u00eau bi\u1ec3u h\u1ed9i t\u1ee5 m\u1ecdi ti\u00eau chu\u1ea9n k\u1ef9 thu\u1eadt kh\u1eaft khe c\u1ee7a ng\u00e0nh c\u00f4ng nghi\u1ec7p \u0110\u1ee9c, lu\u00f4n nh\u1eadn \u0111\u01b0\u1ee3c s\u1ef1 tin t\u01b0\u1edfng tuy\u1ec7t \u0111\u1ed1i t\u1eeb c\u00e1c nh\u00e0 m\u00e1y, x\u01b0\u1edfng s\u1ea3n xu\u1ea5t, ph\u00f2ng th\u00ed nghi\u1ec7m v\u00e0 c\u00e1c l\u0129nh v\u1ef1c \u1ee9ng d\u1ee5ng c\u00f4ng ngh\u1ec7 cao tr\u00ean to\u00e0n th\u1ebf gi\u1edbi.<\/p>\n<h1><span class=\"ez-toc-section\" id=\"VE101_Tong_quan_ve_Dau_chan_khong_Busch_VE101\"><\/span>VE101 T\u1ed5ng quan v\u1ec1 <a href=\"https:\/\/mpvane.com\/\">D\u1ea7u ch\u00e2n kh\u00f4ng Busch VE101<\/a><span class=\"ez-toc-section-end\"><\/span><\/h1>\n<p>Busch VE101 l\u00e0 lo\u1ea1i d\u1ea7u ch\u00e2n kh\u00f4ng ch\u1ea5t l\u01b0\u1ee3ng cao, \u0111\u01b0\u1ee3c nghi\u00ean c\u1ee9u, s\u1ea3n xu\u1ea5t chuy\u00ean bi\u1ec7t cho c\u00e1c d\u00f2ng b\u01a1m h\u00fat ch\u00e2n kh\u00f4ng v\u00f2ng d\u1ea7u c\u1ee7a h\u00e3ng Busch \u2013 th\u01b0\u01a1ng hi\u1ec7u h\u00e0ng \u0111\u1ea7u \u0111\u1ebfn t\u1eeb \u0110\u1ee9c. S\u1ea3n ph\u1ea9m kh\u00f4ng ch\u1ec9 \u0111\u00e1p \u1ee9ng m\u00e0 c\u00f2n v\u01b0\u1ee3t qua c\u00e1c ti\u00eau chu\u1ea9n k\u1ef9 thu\u1eadt kh\u1eaft khe v\u1ec1 \u0111\u1ed9 tinh khi\u1ebft, \u0111\u1ed9 b\u1ec1n nhi\u1ec7t v\u00e0 t\u00ednh \u1ed5n \u0111\u1ecbnh h\u00f3a h\u1ecdc, gi\u00fap b\u1ea3o v\u1ec7 t\u1ed1i \u0111a c\u00e1c chi ti\u1ebft b\u00ean trong b\u01a1m ch\u00e2n kh\u00f4ng.<\/p>\n<ul>\n<li>\u00c1p su\u1ea5t bay h\u01a1i th\u1ea5p: D\u1ea7u VE101 c\u00f3 \u00e1p su\u1ea5t bay h\u01a1i c\u1ef1c th\u1ea5p, h\u1ea1n ch\u1ebf t\u1ed1i \u0111a t\u1ed5n th\u1ea5t d\u1ea7u do bay h\u01a1i trong qu\u00e1 tr\u00ecnh v\u1eadn h\u00e0nh k\u00e9o d\u00e0i \u1edf \u0111i\u1ec1u ki\u1ec7n ch\u00e2n kh\u00f4ng cao.<\/li>\n<li>\u0110\u1ed9 nh\u1edbt cao: S\u1ea3n ph\u1ea9m duy tr\u00ec \u0111\u1ed9 nh\u1edbt \u1ed5n \u0111\u1ecbnh, t\u1ea1o m\u00e0ng b\u00f4i tr\u01a1n d\u00e0y v\u00e0 b\u1ec1n v\u1eefng, gi\u00fap gi\u1ea3m ma s\u00e1t t\u1ed1i \u0111a, b\u1ea3o v\u1ec7 c\u00e1c b\u1ec1 m\u1eb7t chuy\u1ec3n \u0111\u1ed9ng kh\u1ecfi m\u00e0i m\u00f2n.<\/li>\n<li>Nhi\u1ec7t \u0111\u1ed9 \u1ed5n \u0111\u1ecbnh t\u1ed1t: VE101 th\u1ec3 hi\u1ec7n kh\u1ea3 n\u0103ng ch\u1ed1ng oxy h\u00f3a v\u00e0 ch\u1ecbu nhi\u1ec7t hi\u1ec7u qu\u1ea3, v\u1eadn h\u00e0nh \u1ed5n \u0111\u1ecbnh c\u1ea3 trong m\u00f4i tr\u01b0\u1eddng nhi\u1ec7t \u0111\u1ed9 cao ho\u1eb7c bi\u1ebfn \u0111\u1ed9ng li\u00ean t\u1ee5c.<\/li>\n<li>Kh\u1ea3 n\u0103ng v\u1eadn h\u00e0nh v\u01b0\u1ee3t tr\u1ed9i: D\u1ea7u duy tr\u00ec hi\u1ec7u qu\u1ea3 b\u00f4i tr\u01a1n v\u00e0 l\u00e0m k\u00edn trong th\u1eddi gian d\u00e0i, gi\u1ea3m thi\u1ec3u hi\u1ec7n t\u01b0\u1ee3ng sinh c\u1eb7n, k\u00e9o d\u00e0i chu k\u1ef3 thay d\u1ea7u v\u00e0 gi\u1ea3m chi ph\u00ed b\u1ea3o tr\u00ec.<\/li>\n<\/ul>\n<h1><span class=\"ez-toc-section\" id=\"VE101_Ung_dung_cua_dau_chan_khong_Busch_VE101\"><\/span>VE101 \u1ee8ng d\u1ee5ng c\u1ee7a d\u1ea7u ch\u00e2n kh\u00f4ng Busch VE101<span class=\"ez-toc-section-end\"><\/span><\/h1>\n<p>D\u1ea7u VE101 \u0111\u01b0\u1ee3c s\u1eed d\u1ee5ng c\u1ef1c k\u1ef3 ph\u1ed5 bi\u1ebfn trong c\u00e1c h\u1ec7 th\u1ed1ng b\u01a1m h\u00fat ch\u00e2n kh\u00f4ng v\u00f2ng d\u1ea7u, \u0111\u1eb7c bi\u1ec7t l\u00e0 nh\u1eefng d\u00f2ng b\u01a1m c\u1ee7a h\u00e3ng Busch. S\u1ea3n ph\u1ea9m ph\u00f9 h\u1ee3p cho nhi\u1ec1u ng\u00e0nh ngh\u1ec1 nh\u01b0:<\/p>\n<ul>\n<li>Ch\u1ebf bi\u1ebfn th\u1ef1c ph\u1ea9m, \u0111\u00f3ng g\u00f3i ch\u00e2n kh\u00f4ng<\/li>\n<li>C\u00f4ng nghi\u1ec7p s\u1ea3n xu\u1ea5t linh ki\u1ec7n \u0111i\u1ec7n t\u1eed, b\u00e1n d\u1eabn<\/li>\n<li>C\u00e1c ph\u00f2ng th\u00ed nghi\u1ec7m, nghi\u00ean c\u1ee9u khoa h\u1ecdc<\/li>\n<li>D\u01b0\u1ee3c ph\u1ea9m, h\u00f3a ch\u1ea5t<\/li>\n<li>\u1ee8ng d\u1ee5ng y t\u1ebf, s\u1ea3n xu\u1ea5t thi\u1ebft b\u1ecb y t\u1ebf<\/li>\n<li>Ch\u1ebf t\u1ea1o v\u1eadt li\u1ec7u m\u1edbi, c\u00f4ng ngh\u1ec7 cao<\/li>\n<li>C\u00e1c h\u1ec7 th\u1ed1ng b\u01a1m ch\u00e2n kh\u00f4ng c\u00f4ng nghi\u1ec7p kh\u00e1c<\/li>\n<\/ul>\n<h1><span class=\"ez-toc-section\" id=\"VE101_Quy_cach_dong_goi_va_ma_san_pham\"><\/span>VE101 Quy c\u00e1ch \u0111\u00f3ng g\u00f3i v\u00e0 m\u00e3 s\u1ea3n ph\u1ea9m<span class=\"ez-toc-section-end\"><\/span><\/h1>\n<p>\u0110\u1ec3 \u0111\u00e1p \u1ee9ng nhu c\u1ea7u \u0111a d\u1ea1ng c\u1ee7a kh\u00e1ch h\u00e0ng, d\u1ea7u b\u01a1m h\u00fat ch\u00e2n kh\u00f4ng Busch VE101 \u0111\u01b0\u1ee3c \u0111\u00f3ng g\u00f3i v\u1edbi nhi\u1ec1u dung t\u00edch v\u00e0 m\u00e3 s\u1ea3n ph\u1ea9m c\u1ee5 th\u1ec3:<\/p>\n<ul>\n<li>D\u1ea6U CH\u00c2N KH\u00d4NG BUSCH VE 101 1L \u2013 P\/N : 0831 000 099<\/li>\n<li>D\u1ea6U CH\u00c2N KH\u00d4NG BUSCH VE 101 5L \u2013 P\/N : 0831 000 100<\/li>\n<li>D\u1ea6U CH\u00c2N KH\u00d4NG BUSCH VE 101 20L \u2013 P\/N : 0831 000 101<\/li>\n<\/ul>\n<p>S\u1ea3n ph\u1ea9m \u0111\u1ec1u l\u00e0 h\u00e0ng nh\u1eadp kh\u1ea9u ch\u00ednh h\u00e3ng t\u1eeb Busch \u2013 CHLB \u0110\u1ee9c, \u0111\u1ea3m b\u1ea3o ch\u1ea5t l\u01b0\u1ee3ng \u0111\u1ed3ng nh\u1ea5t, ngu\u1ed3n g\u1ed1c r\u00f5 r\u00e0ng, an to\u00e0n tuy\u1ec7t \u0111\u1ed1i cho thi\u1ebft b\u1ecb c\u0169ng nh\u01b0 ng\u01b0\u1eddi s\u1eed d\u1ee5ng.<\/p>\n<h1><span class=\"ez-toc-section\" id=\"Loi_ich_khi_su_dung_dau_Busch_VE101\"><\/span>L\u1ee3i \u00edch khi s\u1eed d\u1ee5ng d\u1ea7u Busch VE101<span class=\"ez-toc-section-end\"><\/span><\/h1>\n<ul>\n<li>Gia t\u0103ng tu\u1ed5i th\u1ecd b\u01a1m, gi\u1ea3m thi\u1ec3u s\u1ef1 c\u1ed1 v\u00e0 th\u1eddi gian d\u1eebng m\u00e1y kh\u00f4ng mong mu\u1ed1n.<\/li>\n<li>Hi\u1ec7u qu\u1ea3 v\u1eadn h\u00e0nh t\u1ed1i \u01b0u d\u01b0\u1edbi \u0111i\u1ec1u ki\u1ec7n t\u1ea3i n\u1eb7ng, nhi\u1ec7t \u0111\u1ed9 cao ho\u1eb7c m\u00f4i tr\u01b0\u1eddng kh\u00f3 kh\u0103n.<\/li>\n<li>Gi\u1ea3m chi ph\u00ed b\u1ea3o tr\u00ec, thay th\u1ebf linh ki\u1ec7n do h\u1ea1n ch\u1ebf m\u00e0i m\u00f2n v\u00e0 t\u00edch t\u1ee5 c\u1eb7n b\u1ea9n.<\/li>\n<li>\u0110\u1ea3m b\u1ea3o ti\u00eau chu\u1ea9n k\u1ef9 thu\u1eadt c\u1ee7a nh\u00e0 s\u1ea3n xu\u1ea5t, b\u1ea3o v\u1ec7 quy\u1ec1n l\u1ee3i b\u1ea3o h\u00e0nh thi\u1ebft b\u1ecb.<\/li>\n<li>Th\u00e2n thi\u1ec7n v\u1edbi m\u00f4i tr\u01b0\u1eddng, d\u1ec5 d\u00e0ng thu h\u1ed3i v\u00e0 x\u1eed l\u00fd sau s\u1eed d\u1ee5ng.<\/li>\n<\/ul>\n<h1><span class=\"ez-toc-section\" id=\"Thong_bao_quan_trong_ve_ten_san_pham_moi\"><\/span>Th\u00f4ng b\u00e1o quan tr\u1ecdng v\u1ec1 t\u00ean s\u1ea3n ph\u1ea9m m\u1edbi<span class=\"ez-toc-section-end\"><\/span><\/h1>\n<p>B\u00ean c\u1ea1nh vi\u1ec7c kh\u00f4ng ng\u1eebng c\u1ea3i ti\u1ebfn v\u1ec1 m\u1eb7t ch\u1ea5t l\u01b0\u1ee3ng, m\u1eabu m\u00e3 v\u00e0 t\u00ednh n\u0103ng s\u1ea3n ph\u1ea9m, h\u00e3ng Busch \u0111\u00e3 th\u1ef1c hi\u1ec7n chuy\u1ec3n \u0111\u1ed5i t\u00ean s\u1ea3n ph\u1ea9m t\u1eeb Busch VE101 th\u00e0nh t\u00ean m\u1edbi l\u00e0 Busch VSC 100. Qu\u00fd kh\u00e1ch h\u00e0ng c\u00f3 th\u1ec3 y\u00ean t\u00e2m v\u1ec1 ch\u1ea5t l\u01b0\u1ee3ng v\u00e0 c\u00f4ng d\u1ee5ng c\u1ee7a s\u1ea3n ph\u1ea9m m\u1edbi ho\u00e0n to\u00e0n t\u01b0\u01a1ng \u0111\u01b0\u01a1ng, th\u1eadm ch\u00ed \u0111\u01b0\u1ee3c n\u00e2ng c\u1ea5p th\u00eam c\u00e1c \u0111\u1eb7c t\u00ednh n\u1ed5i tr\u1ed9i so v\u1edbi phi\u00ean b\u1ea3n tr\u01b0\u1edbc \u0111\u00f3.<\/p>\n<h1><span class=\"ez-toc-section\" id=\"Cam_ket_chat_luong\"><\/span>Cam k\u1ebft ch\u1ea5t l\u01b0\u1ee3ng<span class=\"ez-toc-section-end\"><\/span><\/h1>\n<p>T\u1ea5t c\u1ea3 c\u00e1c l\u00f4 d\u1ea7u ch\u00e2n kh\u00f4ng Busch VE101 \u0111\u1ec1u tr\u1ea3i qua quy tr\u00ecnh ki\u1ec3m so\u00e1t nghi\u00eam ng\u1eb7t t\u1eeb kh\u00e2u nguy\u00ean li\u1ec7u \u0111\u1ebfn s\u1ea3n xu\u1ea5t, \u0111\u00f3ng g\u00f3i v\u00e0 v\u1eadn chuy\u1ec3n. S\u1ea3n ph\u1ea9m \u0111\u01b0\u1ee3c \u0111\u00e1nh gi\u00e1 cao kh\u00f4ng ch\u1ec9 b\u1edfi c\u00e1c chuy\u00ean gia k\u1ef9 thu\u1eadt m\u00e0 c\u00f2n t\u1eeb ch\u00ednh ph\u1ea3n h\u1ed3i t\u00edch c\u1ef1c c\u1ee7a kh\u00e1ch h\u00e0ng l\u00e2u n\u0103m tr\u00ean th\u1ecb tr\u01b0\u1eddng Vi\u1ec7t Nam v\u00e0 qu\u1ed1c t\u1ebf.<\/p>\n<h1><span class=\"ez-toc-section\" id=\"Thong_tin_lien_he\"><\/span>Th\u00f4ng tin li\u00ean h\u1ec7<span class=\"ez-toc-section-end\"><\/span><\/h1>\n<p>M\u1ecdi chi ti\u1ebft v\u1ec1 s\u1ea3n ph\u1ea9m, \u0111\u1eb7t h\u00e0ng ho\u1eb7c t\u01b0 v\u1ea5n k\u1ef9 thu\u1eadt, qu\u00fd kh\u00e1ch vui l\u00f2ng li\u00ean h\u1ec7:<\/p>\n<ul>\n<li><a href=\"https:\/\/minhphuco.com\/\" target=\"_blank\" rel=\"noopener\">C\u00d4NG TY TNHH K\u1ef8 THU\u1eacT V\u00c0 D\u1ecaCH V\u1ee4 MINH PH\u00da<\/a><\/li>\n<li>Email: Sales@minhphuco.vn<\/li>\n<li>Zalo: 0985490343 \/ 0985843778<\/li>\n<\/ul>\n<h1><span class=\"ez-toc-section\" id=\"Ket_luan\"><\/span>K\u1ebft lu\u1eadn<span class=\"ez-toc-section-end\"><\/span><\/h1>\n<p>D\u1ea7u b\u01a1m h\u00fat ch\u00e2n kh\u00f4ng Busch VE101 l\u00e0 l\u1ef1a ch\u1ecdn l\u00fd t\u01b0\u1edfng cho m\u1ecdi h\u1ec7 th\u1ed1ng b\u01a1m ch\u00e2n kh\u00f4ng v\u00f2ng d\u1ea7u, \u0111\u1ea3m b\u1ea3o v\u1eadn h\u00e0nh an to\u00e0n, hi\u1ec7u su\u1ea5t b\u1ec1n b\u1ec9 v\u00e0 ti\u1ebft ki\u1ec7m chi ph\u00ed t\u1ed1i \u0111a cho doanh nghi\u1ec7p. C\u00f9ng v\u1edbi s\u1ef1 chuy\u1ec3n m\u00ecnh c\u1ee7a th\u01b0\u01a1ng hi\u1ec7u, phi\u00ean b\u1ea3n m\u1edbi Busch VSC 100 ng\u00e0y c\u00e0ng kh\u1eb3ng \u0111\u1ecbnh v\u1ecb th\u1ebf h\u00e0ng \u0111\u1ea7u v\u1ec1 ch\u1ea5t l\u01b0\u1ee3ng tr\u00ean th\u1ecb tr\u01b0\u1eddng d\u1ea7u ch\u00e2n kh\u00f4ng chuy\u00ean d\u1ee5ng. \u0110\u1ea7u t\u01b0 v\u00e0o s\u1ea3n ph\u1ea9m ch\u00ednh h\u00e3ng, qu\u00fd kh\u00e1ch kh\u00f4ng ch\u1ec9 b\u1ea3o v\u1ec7 s\u1ef1 v\u1eadn h\u00e0nh \u1ed5n \u0111\u1ecbnh c\u1ee7a h\u1ec7 th\u1ed1ng m\u00e0 c\u00f2n g\u00f3p ph\u1ea7n n\u00e2ng cao hi\u1ec7u qu\u1ea3 s\u1ea3n xu\u1ea5t, ph\u00e1t tri\u1ec3n b\u1ec1n v\u1eefng.<\/p>\n<p>&nbsp;<\/p>\n","protected":false},"excerpt":{"rendered":"<p>M\u00e3 s\u1ea3n ph\u1ea9m : 0831000100<br \/>\nQuy c\u00e1ch \u0111\u00f3ng g\u00f3i : 5 l\u00edt \/ can<br \/>\nXu\u1ea5t x\u1ee9 : Germany<\/p>\n","protected":false},"featured_media":8860,"comment_status":"open","ping_status":"closed","template":"","meta":{"_acf_changed":false},"product_brand":[],"product_cat":[703,722],"product_tag":[2721],"class_list":{"0":"post-8859","1":"product","2":"type-product","3":"status-publish","4":"has-post-thumbnail","6":"product_cat-dau-chan-khong","7":"product_cat-dau-chan-khong-busch","8":"product_tag-ve101","10":"first","11":"instock","12":"shipping-taxable","13":"product-type-simple"},"acf":[],"_links":{"self":[{"href":"https:\/\/mpvane.com\/en\/wp-json\/wp\/v2\/product\/8859","targetHints":{"allow":["GET"]}}],"collection":[{"href":"https:\/\/mpvane.com\/en\/wp-json\/wp\/v2\/product"}],"about":[{"href":"https:\/\/mpvane.com\/en\/wp-json\/wp\/v2\/types\/product"}],"replies":[{"embeddable":true,"href":"https:\/\/mpvane.com\/en\/wp-json\/wp\/v2\/comments?post=8859"}],"version-history":[{"count":3,"href":"https:\/\/mpvane.com\/en\/wp-json\/wp\/v2\/product\/8859\/revisions"}],"predecessor-version":[{"id":8864,"href":"https:\/\/mpvane.com\/en\/wp-json\/wp\/v2\/product\/8859\/revisions\/8864"}],"wp:featuredmedia":[{"embeddable":true,"href":"https:\/\/mpvane.com\/en\/wp-json\/wp\/v2\/media\/8860"}],"wp:attachment":[{"href":"https:\/\/mpvane.com\/en\/wp-json\/wp\/v2\/media?parent=8859"}],"wp:term":[{"taxonomy":"product_brand","embeddable":true,"href":"https:\/\/mpvane.com\/en\/wp-json\/wp\/v2\/product_brand?post=8859"},{"taxonomy":"product_cat","embeddable":true,"href":"https:\/\/mpvane.com\/en\/wp-json\/wp\/v2\/product_cat?post=8859"},{"taxonomy":"product_tag","embeddable":true,"href":"https:\/\/mpvane.com\/en\/wp-json\/wp\/v2\/product_tag?post=8859"}],"curies":[{"name":"wp","href":"https:\/\/api.w.org\/{rel}","templated":true}]}}