{"id":8816,"date":"2025-07-10T15:22:45","date_gmt":"2025-07-10T08:22:45","guid":{"rendered":"https:\/\/mpvane.com\/?post_type=product&#038;p=8816"},"modified":"2025-07-10T15:42:55","modified_gmt":"2025-07-10T08:42:55","slug":"dau-bom-hut-chan-khong-busch-vm068-1lit","status":"publish","type":"product","link":"https:\/\/mpvane.com\/en\/san-pham\/dau-bom-hut-chan-khong-busch-vm068-1lit\/","title":{"rendered":"D\u1ea6U B\u01a0M H\u00daT CH\u00c2N KH\u00d4NG BUSCH VM068 \u2013 1L\u00edt"},"content":{"rendered":"<div id=\"ez-toc-container\" class=\"ez-toc-v2_0_75 counter-hierarchy ez-toc-counter ez-toc-grey ez-toc-container-direction\">\n<div class=\"ez-toc-title-container\">\n<p class=\"ez-toc-title\" style=\"cursor:inherit\">Table of Contents<\/p>\n<span class=\"ez-toc-title-toggle\"><a href=\"#\" class=\"ez-toc-pull-right ez-toc-btn ez-toc-btn-xs ez-toc-btn-default ez-toc-toggle\" aria-label=\"Toggle Table of Content\"><span class=\"ez-toc-js-icon-con\"><span class=\"\"><span class=\"eztoc-hide\" style=\"display:none;\">Toggle<\/span><span class=\"ez-toc-icon-toggle-span\"><svg style=\"fill: #999;color:#999\" xmlns=\"http:\/\/www.w3.org\/2000\/svg\" class=\"list-377408\" width=\"20px\" height=\"20px\" viewBox=\"0 0 24 24\" fill=\"none\"><path d=\"M6 6H4v2h2V6zm14 0H8v2h12V6zM4 11h2v2H4v-2zm16 0H8v2h12v-2zM4 16h2v2H4v-2zm16 0H8v2h12v-2z\" fill=\"currentColor\"><\/path><\/svg><svg style=\"fill: #999;color:#999\" class=\"arrow-unsorted-368013\" xmlns=\"http:\/\/www.w3.org\/2000\/svg\" width=\"10px\" height=\"10px\" viewBox=\"0 0 24 24\" version=\"1.2\" baseProfile=\"tiny\"><path d=\"M18.2 9.3l-6.2-6.3-6.2 6.3c-.2.2-.3.4-.3.7s.1.5.3.7c.2.2.4.3.7.3h11c.3 0 .5-.1.7-.3.2-.2.3-.5.3-.7s-.1-.5-.3-.7zM5.8 14.7l6.2 6.3 6.2-6.3c.2-.2.3-.5.3-.7s-.1-.5-.3-.7c-.2-.2-.4-.3-.7-.3h-11c-.3 0-.5.1-.7.3-.2.2-.3.5-.3.7s.1.5.3.7z\"\/><\/svg><\/span><\/span><\/span><\/a><\/span><\/div>\n<nav><ul class='ez-toc-list ez-toc-list-level-1 ' ><li class='ez-toc-page-1 ez-toc-heading-level-1'><a class=\"ez-toc-link ez-toc-heading-1\" href=\"https:\/\/mpvane.com\/en\/san-pham\/dau-bom-hut-chan-khong-busch-vm068-1lit\/#Gioi_thieu_ve_Dau_Bom_Hut_Chan_Khong_Busch_VM068\" >Gi\u1edbi thi\u1ec7u v\u1ec1 D\u1ea7u B\u01a1m H\u00fat Ch\u00e2n Kh\u00f4ng Busch VM068<\/a><\/li><li class='ez-toc-page-1 ez-toc-heading-level-1'><a class=\"ez-toc-link ez-toc-heading-2\" href=\"https:\/\/mpvane.com\/en\/san-pham\/dau-bom-hut-chan-khong-busch-vm068-1lit\/#Dau_chan_khong_Busch_VM068_%E2%80%93_Dac_diem_noi_bat\" >D\u1ea7u ch\u00e2n kh\u00f4ng Busch VM068 \u2013 \u0110\u1eb7c \u0111i\u1ec3m n\u1ed5i b\u1eadt<\/a><\/li><li class='ez-toc-page-1 ez-toc-heading-level-1'><a class=\"ez-toc-link ez-toc-heading-3\" href=\"https:\/\/mpvane.com\/en\/san-pham\/dau-bom-hut-chan-khong-busch-vm068-1lit\/#Ung_dung_cua_dau_bom_hut_chan_khong_Busch_VM068\" >\u1ee8ng d\u1ee5ng c\u1ee7a d\u1ea7u b\u01a1m h\u00fat ch\u00e2n kh\u00f4ng Busch VM068<\/a><\/li><li class='ez-toc-page-1 ez-toc-heading-level-1'><a class=\"ez-toc-link ez-toc-heading-4\" href=\"https:\/\/mpvane.com\/en\/san-pham\/dau-bom-hut-chan-khong-busch-vm068-1lit\/#Quy_cach_dong_goi_va_nguon_goc_xuat_xu\" >Quy c\u00e1ch \u0111\u00f3ng g\u00f3i v\u00e0 ngu\u1ed3n g\u1ed1c xu\u1ea5t x\u1ee9<\/a><\/li><li class='ez-toc-page-1 ez-toc-heading-level-1'><a class=\"ez-toc-link ez-toc-heading-5\" href=\"https:\/\/mpvane.com\/en\/san-pham\/dau-bom-hut-chan-khong-busch-vm068-1lit\/#Thong_so_ky_thuat_dau_chan_khong_Busch_VM068\" >Th\u00f4ng s\u1ed1 k\u1ef9 thu\u1eadt d\u1ea7u ch\u00e2n kh\u00f4ng Busch VM068<\/a><\/li><li class='ez-toc-page-1 ez-toc-heading-level-1'><a class=\"ez-toc-link ez-toc-heading-6\" href=\"https:\/\/mpvane.com\/en\/san-pham\/dau-bom-hut-chan-khong-busch-vm068-1lit\/#Loi_ich_khi_su_dung_dau_bom_chan_khong_Busch_VM068\" >L\u1ee3i \u00edch khi s\u1eed d\u1ee5ng d\u1ea7u b\u01a1m ch\u00e2n kh\u00f4ng Busch VM068<\/a><\/li><li class='ez-toc-page-1 ez-toc-heading-level-1'><a class=\"ez-toc-link ez-toc-heading-7\" href=\"https:\/\/mpvane.com\/en\/san-pham\/dau-bom-hut-chan-khong-busch-vm068-1lit\/#Huong_dan_su_dung_dau_chan_khong_Busch_VM068\" >H\u01b0\u1edbng d\u1eabn s\u1eed d\u1ee5ng d\u1ea7u ch\u00e2n kh\u00f4ng Busch VM068<\/a><\/li><li class='ez-toc-page-1 ez-toc-heading-level-1'><a class=\"ez-toc-link ez-toc-heading-8\" href=\"https:\/\/mpvane.com\/en\/san-pham\/dau-bom-hut-chan-khong-busch-vm068-1lit\/#Mua_dau_bom_hut_chan_khong_Busch_VM068_chinh_hang_o_dau\" >Mua d\u1ea7u b\u01a1m h\u00fat ch\u00e2n kh\u00f4ng Busch VM068 ch\u00ednh h\u00e3ng \u1edf \u0111\u00e2u?<\/a><\/li><li class='ez-toc-page-1 ez-toc-heading-level-1'><a class=\"ez-toc-link ez-toc-heading-9\" href=\"https:\/\/mpvane.com\/en\/san-pham\/dau-bom-hut-chan-khong-busch-vm068-1lit\/#Cau_hoi_thuong_gap_ve_dau_chan_khong_Busch_VM068\" >C\u00e2u h\u1ecfi th\u01b0\u1eddng g\u1eb7p v\u1ec1 d\u1ea7u ch\u00e2n kh\u00f4ng Busch VM068<\/a><\/li><li class='ez-toc-page-1 ez-toc-heading-level-1'><a class=\"ez-toc-link ez-toc-heading-10\" href=\"https:\/\/mpvane.com\/en\/san-pham\/dau-bom-hut-chan-khong-busch-vm068-1lit\/#Ket_luan\" >K\u1ebft lu\u1eadn<\/a><\/li><\/ul><\/nav><\/div>\n<p>D\u1ea7u B\u01a1m H\u00fat Ch\u00e2n Kh\u00f4ng Busch VM068 \u2013 L\u1ef1a Ch\u1ecdn T\u1ed1i \u01afu Cho M\u00e1y B\u01a1m Ch\u00e2n Kh\u00f4ng<\/p>\n<p>D\u1ea7u ch\u00e2n kh\u00f4ng Busch VM068 1 l\u00edt, 5 l\u00edt \u2013 Gi\u1ea3i ph\u00e1p n\u00e2ng cao hi\u1ec7u su\u1ea5t v\u00e0 tu\u1ed5i th\u1ecd cho b\u01a1m h\u00fat ch\u00e2n kh\u00f4ng<\/p>\n<h1><span class=\"ez-toc-section\" id=\"Gioi_thieu_ve_Dau_Bom_Hut_Chan_Khong_Busch_VM068\"><\/span>Gi\u1edbi thi\u1ec7u v\u1ec1 D\u1ea7u B\u01a1m H\u00fat Ch\u00e2n Kh\u00f4ng Busch VM068<span class=\"ez-toc-section-end\"><\/span><\/h1>\n<p>D\u1ea7u b\u01a1m h\u00fat ch\u00e2n kh\u00f4ng Busch VM068 l\u00e0 s\u1ea3n ph\u1ea9m d\u1ea7u ch\u00e2n kh\u00f4ng cao c\u1ea5p, chuy\u00ean d\u1ee5ng cho c\u00e1c lo\u1ea1i b\u01a1m h\u00fat ch\u00e2n kh\u00f4ng v\u00f2ng d\u1ea7u. S\u1ea3n ph\u1ea9m n\u00e0y hi\u1ec7n c\u00f3 c\u00e1c quy c\u00e1ch \u0111\u00f3ng g\u00f3i ph\u1ed5 bi\u1ebfn: can 1 l\u00edt,can 5 l\u00edt. V\u1edbi ngu\u1ed3n g\u1ed1c xu\u1ea5t x\u1ee9 ch\u00ednh h\u00e3ng t\u1eeb GERMANY, d\u1ea7u ch\u00e2n kh\u00f4ng Busch VM068 \u0111\u00e3 kh\u1eb3ng \u0111\u1ecbnh v\u1ecb th\u1ebf tr\u00ean th\u1ecb tr\u01b0\u1eddng nh\u1edd ch\u1ea5t l\u01b0\u1ee3ng v\u01b0\u1ee3t tr\u1ed9i, kh\u1ea3 n\u0103ng b\u1ea3o v\u1ec7 v\u00e0 n\u00e2ng cao hi\u1ec7u su\u1ea5t v\u1eadn h\u00e0nh cho m\u00e1y b\u01a1m ch\u00e2n kh\u00f4ng.<\/p>\n<h1><span class=\"ez-toc-section\" id=\"Dau_chan_khong_Busch_VM068_%E2%80%93_Dac_diem_noi_bat\"><\/span>D\u1ea7u ch\u00e2n kh\u00f4ng Busch VM068 \u2013 \u0110\u1eb7c \u0111i\u1ec3m n\u1ed5i b\u1eadt<span class=\"ez-toc-section-end\"><\/span><\/h1>\n<ul>\n<li>\u0110\u1ed9 nh\u1edbt l\u00fd t\u01b0\u1edfng: D\u1ea7u ch\u00e2n kh\u00f4ng Busch VM068 c\u00f3 \u0111\u1ed9 nh\u1edbt 68 mm\u00b2\/s \u1edf 40\u00b0C (theo ti\u00eau chu\u1ea9n ISO 3104) v\u00e0 8.5 mm\u00b2\/s \u1edf 100\u00b0C, mang l\u1ea1i kh\u1ea3 n\u0103ng b\u00f4i tr\u01a1n tuy\u1ec7t v\u1eddi.<\/li>\n<li>T\u1ec9 tr\u1ecdng ti\u00eau chu\u1ea9n: T\u1ec9 tr\u1ecdng d\u1ea7u \u1edf 15\u00b0C \u0111\u1ea1t 0.884 kg\/l (ISO 3675), \u0111\u1ea3m b\u1ea3o kh\u1ea3 n\u0103ng v\u1eadn chuy\u1ec3n v\u00e0 b\u1ea3o v\u1ec7 thi\u1ebft b\u1ecb kh\u1ecfi hao m\u00f2n.<\/li>\n<li>Kh\u1ea3 n\u0103ng t\u00e1ch n\u01b0\u1edbc \u01b0u vi\u1ec7t: D\u1ea7u c\u00f3 kh\u1ea3 n\u0103ng t\u00e1ch n\u01b0\u1edbc, h\u1ea1n ch\u1ebf t\u1ed1i \u0111a hi\u1ec7n t\u01b0\u1ee3ng n\u01b0\u1edbc l\u00e0m gi\u1ea3m \u0111\u1ed9 nh\u1edbt, \u0111\u1ea3m b\u1ea3o t\u00ednh \u1ed5n \u0111\u1ecbnh cho m\u00e1y b\u01a1m ch\u00e2n kh\u00f4ng.<\/li>\n<li>X\u1eed l\u00fd t\u1ea1p ch\u1ea5t hi\u1ec7u qu\u1ea3: S\u1ea3n ph\u1ea9m \u0111\u01b0\u1ee3c tinh ch\u1ebf b\u1eb1ng c\u00f4ng ngh\u1ec7 hi\u1ec7n \u0111\u1ea1i, lo\u1ea1i b\u1ecf t\u1ea1p ch\u1ea5t, \u0111\u1ea1t \u0111\u1ed9 tinh khi\u1ebft cao, gi\u00fap k\u00e9o d\u00e0i tu\u1ed5i th\u1ecd m\u00e1y b\u01a1m.<\/li>\n<\/ul>\n<h1><span class=\"ez-toc-section\" id=\"Ung_dung_cua_dau_bom_hut_chan_khong_Busch_VM068\"><\/span>\u1ee8ng d\u1ee5ng c\u1ee7a d\u1ea7u b\u01a1m h\u00fat ch\u00e2n kh\u00f4ng Busch VM068<span class=\"ez-toc-section-end\"><\/span><\/h1>\n<p>D\u1ea7u b\u01a1m ch\u00e2n kh\u00f4ng Busch VM068 l\u00e0 l\u1ef1a ch\u1ecdn l\u00fd t\u01b0\u1edfng cho c\u00e1c lo\u1ea1i b\u01a1m ch\u00e2n kh\u00f4ng v\u00f2ng d\u1ea7u, \u0111\u1eb7c bi\u1ec7t \u0111\u01b0\u1ee3c khuy\u1ebfn ngh\u1ecb s\u1eed d\u1ee5ng cho c\u00e1c d\u00f2ng m\u00e1y b\u01a1m ch\u00e2n kh\u00f4ng c\u1ee7a Busch v\u00e0 nhi\u1ec1u h\u00e3ng n\u1ed5i ti\u1ebfng kh\u00e1c. Khi s\u1eed d\u1ee5ng d\u1ea7u ch\u00e2n kh\u00f4ng Busch VM068 \u0111\u00fang c\u00e1ch, qu\u00fd v\u1ecb s\u1ebd nh\u1eadn \u0111\u01b0\u1ee3c h\u00e0ng lo\u1ea1t l\u1ee3i \u00edch:<\/p>\n<ul>\n<li>T\u0103ng \u0111\u1ed9 k\u00edn ch\u00e2n kh\u00f4ng t\u1ed1i \u0111a, \u0111\u1ea3m b\u1ea3o b\u01a1m h\u00fat ch\u00e2n kh\u00f4ng \u0111\u1ea1t th\u00f4ng s\u1ed1 k\u1ef9 thu\u1eadt mong mu\u1ed1n.<\/li>\n<li>Gi\u1ea3m thi\u1ec3u ti\u1ebfng \u1ed3n, v\u1eadn h\u00e0nh \u00eam \u00e1i h\u01a1n.<\/li>\n<li>K\u00e9o d\u00e0i tu\u1ed5i th\u1ecd thi\u1ebft b\u1ecb, gi\u1ea3m chi ph\u00ed b\u1ea3o tr\u00ec, s\u1eeda ch\u1eefa.<\/li>\n<li>\u0110\u1ea3m b\u1ea3o \u0111\u1ed9 \u1ed5n \u0111\u1ecbnh ch\u00e2n kh\u00f4ng l\u00e2u d\u00e0i, ph\u00f9 h\u1ee3p cho c\u1ea3 m\u00f4i tr\u01b0\u1eddng c\u00f4ng nghi\u1ec7p v\u00e0 ph\u00f2ng th\u00ed nghi\u1ec7m.<\/li>\n<\/ul>\n<h1><span class=\"ez-toc-section\" id=\"Quy_cach_dong_goi_va_nguon_goc_xuat_xu\"><\/span>Quy c\u00e1ch \u0111\u00f3ng g\u00f3i v\u00e0 ngu\u1ed3n g\u1ed1c xu\u1ea5t x\u1ee9<span class=\"ez-toc-section-end\"><\/span><\/h1>\n<ul>\n<li>D\u1ea7u b\u01a1m ch\u00e2n kh\u00f4ng Busch VM068 1 l\u00edt: Can nh\u1ecf g\u1ecdn, thu\u1eadn ti\u1ec7n cho c\u00e1c h\u1ec7 th\u1ed1ng c\u00f3 dung t\u00edch d\u1ea7u nh\u1ecf.<\/li>\n<li>D\u1ea7u b\u01a1m ch\u00e2n kh\u00f4ng Busch VM068 5 l\u00edt: Can nh\u1ecf g\u1ecdn, thu\u1eadn ti\u1ec7n cho c\u00e1c h\u1ec7 th\u1ed1ng c\u00f3 dung t\u00edch d\u1ea7u v\u1eeba v\u00e0 nh\u1ecf..<\/li>\n<\/ul>\n<p>T\u1ea5t c\u1ea3 s\u1ea3n ph\u1ea9m \u0111\u1ec1u l\u00e0 d\u1ea7u ch\u00e2n kh\u00f4ng Busch VM068 ch\u00ednh h\u00e3ng, nh\u1eadp kh\u1ea9u tr\u1ef1c ti\u1ebfp t\u1eeb Germany. Kh\u00e1ch h\u00e0ng ho\u00e0n to\u00e0n y\u00ean t\u00e2m v\u1ec1 ch\u1ea5t l\u01b0\u1ee3ng v\u00e0 ngu\u1ed3n g\u1ed1c xu\u1ea5t x\u1ee9.<\/p>\n<h1><span class=\"ez-toc-section\" id=\"Thong_so_ky_thuat_dau_chan_khong_Busch_VM068\"><\/span>Th\u00f4ng s\u1ed1 k\u1ef9 thu\u1eadt d\u1ea7u ch\u00e2n kh\u00f4ng Busch VM068<span class=\"ez-toc-section-end\"><\/span><\/h1>\n<ul>\n<li>T\u00ean s\u1ea3n ph\u1ea9m: D\u1ea7u ch\u00e2n kh\u00f4ng Busch VM068<\/li>\n<li>Quy c\u00e1ch: Can 1 l\u00edt, Can 5 l\u00edt<\/li>\n<li>T\u1ec9 tr\u1ecdng \u1edf 15\u00b0C: 0.884 kg\/l (ISO 3675)<\/li>\n<li>\u0110\u1ed9 nh\u1edbt \u1edf 40\u00b0C: 68 mm\u00b2\/s (ISO 3104)<\/li>\n<li>\u0110\u1ed9 nh\u1edbt \u1edf 100\u00b0C: 8.5 mm\u00b2\/s (ISO 3104)<\/li>\n<li>D\u1ea3i nhi\u1ec7t \u0111\u1ed9 ho\u1ea1t \u0111\u1ed9ng: ph\u00f9 h\u1ee3p v\u1edbi \u0111i\u1ec1u ki\u1ec7n v\u1eadn h\u00e0nh b\u01a1m ch\u00e2n kh\u00f4ng v\u00f2ng d\u1ea7u<\/li>\n<li>Kh\u1ea3 n\u0103ng t\u00e1ch n\u01b0\u1edbc v\u00e0 ch\u1ed1ng oxy h\u00f3a cao<\/li>\n<\/ul>\n<h1><span class=\"ez-toc-section\" id=\"Loi_ich_khi_su_dung_dau_bom_chan_khong_Busch_VM068\"><\/span>L\u1ee3i \u00edch khi s\u1eed d\u1ee5ng d\u1ea7u b\u01a1m ch\u00e2n kh\u00f4ng Busch VM068<span class=\"ez-toc-section-end\"><\/span><\/h1>\n<ul>\n<li>B\u00f4i tr\u01a1n hi\u1ec7u qu\u1ea3, gi\u1ea3m ma s\u00e1t v\u00e0 m\u00e0i m\u00f2n c\u00e1c chi ti\u1ebft b\u00ean trong b\u01a1m.<\/li>\n<li>Kh\u1ea3 n\u0103ng khu\u1ebfch t\u00e1n ch\u00e2n kh\u00f4ng t\u1ed1t, gi\u00fap m\u00e1y b\u01a1m v\u1eadn h\u00e0nh \u1ed5n \u0111\u1ecbnh \u0111\u00fang theo y\u00eau c\u1ea7u k\u1ef9 thu\u1eadt.<\/li>\n<li>Ng\u0103n ng\u1eeba s\u1ef1 h\u00ecnh th\u00e0nh c\u1eb7n b\u1ea9n, b\u1ea3o v\u1ec7 bu\u1ed3ng b\u01a1m lu\u00f4n s\u1ea1ch s\u1ebd.<\/li>\n<li>D\u1ec5 d\u00e0ng thay th\u1ebf, b\u1ea3o tr\u00ec, ti\u1ebft ki\u1ec7m chi ph\u00ed v\u1eadn h\u00e0nh l\u00e2u d\u00e0i.<\/li>\n<li>H\u1ed7 tr\u1ee3 t\u00e1ch n\u01b0\u1edbc, gi\u1ea3m nguy c\u01a1 n\u01b0\u1edbc l\u1eabn v\u00e0o d\u1ea7u g\u00e2y \u1ea3nh h\u01b0\u1edfng \u0111\u1ebfn \u0111\u1ed9 nh\u1edbt v\u00e0 hi\u1ec7u qu\u1ea3 b\u00f4i tr\u01a1n.<\/li>\n<li>Gi\u1ea3m ti\u1ebfng \u1ed3n v\u00e0 nhi\u1ec7t \u0111\u1ed9 khi b\u01a1m v\u1eadn h\u00e0nh, t\u1ea1o m\u00f4i tr\u01b0\u1eddng l\u00e0m vi\u1ec7c an to\u00e0n h\u01a1n.<\/li>\n<\/ul>\n<h1><span class=\"ez-toc-section\" id=\"Huong_dan_su_dung_dau_chan_khong_Busch_VM068\"><\/span>H\u01b0\u1edbng d\u1eabn s\u1eed d\u1ee5ng d\u1ea7u ch\u00e2n kh\u00f4ng Busch VM068<span class=\"ez-toc-section-end\"><\/span><\/h1>\n<ul>\n<li>\u0110\u1ea3m b\u1ea3o v\u1ec7 sinh s\u1ea1ch s\u1ebd khu v\u1ef1c thay d\u1ea7u tr\u01b0\u1edbc khi ti\u1ebfn h\u00e0nh.<\/li>\n<li>Thay d\u1ea7u \u0111\u1ecbnh k\u1ef3 theo h\u01b0\u1edbng d\u1eabn c\u1ee7a nh\u00e0 s\u1ea3n xu\u1ea5t b\u01a1m ch\u00e2n kh\u00f4ng ho\u1eb7c khi ph\u00e1t hi\u1ec7n d\u1ea7u b\u1ecb b\u1ea9n, \u0111\u1ed5i m\u00e0u, c\u00f3 n\u01b0\u1edbc ho\u1eb7c c\u1eb7n.<\/li>\n<li>S\u1eed d\u1ee5ng \u0111\u00fang lo\u1ea1i d\u1ea7u ch\u00e2n kh\u00f4ng Busch VM068 ch\u00ednh h\u00e3ng \u0111\u1ec3 \u0111\u1ea1t hi\u1ec7u qu\u1ea3 t\u1ed1i \u01b0u v\u00e0 tr\u00e1nh h\u01b0 h\u1ecfng thi\u1ebft b\u1ecb.<\/li>\n<li>Ki\u1ec3m tra k\u1ef9 l\u01b0\u1ee3ng d\u1ea7u trong b\u01a1m sau m\u1ed7i l\u1ea7n thay, \u0111\u1ea3m b\u1ea3o m\u1ee9c d\u1ea7u \u0111\u00fang quy \u0111\u1ecbnh.<\/li>\n<\/ul>\n<h1><span class=\"ez-toc-section\" id=\"Mua_dau_bom_hut_chan_khong_Busch_VM068_chinh_hang_o_dau\"><\/span>Mua d\u1ea7u b\u01a1m h\u00fat ch\u00e2n kh\u00f4ng <a href=\"https:\/\/mpvane.com\/product-category\/dau-chan-khong\/dau-chan-khong-busch\/\">Busch VM068<\/a> ch\u00ednh h\u00e3ng \u1edf \u0111\u00e2u?<span class=\"ez-toc-section-end\"><\/span><\/h1>\n<p>Hi\u1ec7n nay, C\u00d4NG TY TNHH K\u1ef8 THU\u1eacT V\u00c0 D\u1ecaCH V\u1ee4 MINH PH\u00da l\u00e0 \u0111\u01a1n v\u1ecb cung c\u1ea5p d\u1ea7u ch\u00e2n kh\u00f4ng Busch VM068 ch\u00ednh h\u00e3ng, \u0111\u1ea7y \u0111\u1ee7 xu\u1ea5t x\u1ee9 v\u00e0 gi\u1ea5y t\u1edd ch\u1ee9ng nh\u1eadn. Kh\u00e1ch h\u00e0ng c\u00f3 th\u1ec3 l\u1ef1a ch\u1ecdn quy c\u00e1ch can 1 l\u00edt, can 5 l\u00edt ho\u1eb7c, ph\u00f9 h\u1ee3p cho t\u1eebng nhu c\u1ea7u s\u1eed d\u1ee5ng.<\/p>\n<p>Li\u00ean h\u1ec7 mua h\u00e0ng:<\/p>\n<ul>\n<li>Email: Sales@minhphuco.vn<\/li>\n<li>Zalo: 0985490343 \/ 0985843778<\/li>\n<\/ul>\n<p>Ch\u00fang t\u00f4i cam k\u1ebft mang \u0111\u1ebfn s\u1ea3n ph\u1ea9m ch\u1ea5t l\u01b0\u1ee3ng cao, gi\u00e1 c\u1ea3 c\u1ea1nh tranh v\u00e0 d\u1ecbch v\u1ee5 h\u1ed7 tr\u1ee3 t\u1eadn t\u00ecnh.<\/p>\n<h1><span class=\"ez-toc-section\" id=\"Cau_hoi_thuong_gap_ve_dau_chan_khong_Busch_VM068\"><\/span>C\u00e2u h\u1ecfi th\u01b0\u1eddng g\u1eb7p v\u1ec1 d\u1ea7u ch\u00e2n kh\u00f4ng Busch VM068<span class=\"ez-toc-section-end\"><\/span><\/h1>\n<ul>\n<li>D\u1ea7u ch\u00e2n kh\u00f4ng Busch VM068 d\u00f9ng cho nh\u1eefng lo\u1ea1i b\u01a1m n\u00e0o? S\u1ea3n ph\u1ea9m d\u00f9ng cho b\u01a1m ch\u00e2n kh\u00f4ng v\u00f2ng d\u1ea7u c\u1ee7a nhi\u1ec1u h\u00e3ng, \u0111\u1eb7c bi\u1ec7t l\u00e0 c\u00e1c d\u00f2ng b\u01a1m Busch.<\/li>\n<li>Th\u1eddi gian thay d\u1ea7u \u0111\u1ecbnh k\u1ef3 l\u00e0 bao l\u00e2u? T\u00f9y theo t\u1ea7n su\u1ea5t s\u1eed d\u1ee5ng v\u00e0 khuy\u1ebfn ngh\u1ecb c\u1ee7a nh\u00e0 s\u1ea3n xu\u1ea5t, th\u01b0\u1eddng t\u1eeb 3-6 th\u00e1ng ho\u1eb7c khi quan s\u00e1t d\u1ea7u c\u00f3 d\u1ea5u hi\u1ec7u nhi\u1ec5m b\u1ea9n, \u0111\u1ed5i m\u00e0u, xu\u1ea5t hi\u1ec7n c\u1eb7n.<\/li>\n<li>B\u1ea3o qu\u1ea3n d\u1ea7u Busch VM068 th\u1ebf n\u00e0o? \u0110\u1ec3 n\u01a1i kh\u00f4 r\u00e1o, tr\u00e1nh \u00e1nh n\u1eafng tr\u1ef1c ti\u1ebfp, \u0111\u1eady k\u00edn sau khi s\u1eed d\u1ee5ng.<\/li>\n<li>D\u1ea7u ch\u00e2n kh\u00f4ng Busch VM068 c\u00f3 gi\u00fap t\u0103ng tu\u1ed5i th\u1ecd m\u00e1y b\u01a1m? C\u00f3, v\u00ec s\u1ea3n ph\u1ea9m gi\u00fap b\u00f4i tr\u01a1n, t\u00e1ch n\u01b0\u1edbc, b\u1ea3o v\u1ec7 v\u00e0 gi\u1ea3m hao m\u00f2n cho thi\u1ebft b\u1ecb.<\/li>\n<\/ul>\n<h1><span class=\"ez-toc-section\" id=\"Ket_luan\"><\/span>K\u1ebft lu\u1eadn<span class=\"ez-toc-section-end\"><\/span><\/h1>\n<p>D\u1ea7u b\u01a1m h\u00fat ch\u00e2n kh\u00f4ng Busch VM068 l\u00e0 l\u1ef1a ch\u1ecdn h\u00e0ng \u0111\u1ea7u cho c\u00e1c doanh nghi\u1ec7p, nh\u00e0 m\u00e1y v\u00e0 ph\u00f2ng th\u00ed nghi\u1ec7m \u0111ang s\u1eed d\u1ee5ng m\u00e1y b\u01a1m ch\u00e2n kh\u00f4ng v\u00f2ng d\u1ea7u. S\u1ea3n ph\u1ea9m kh\u00f4ng ch\u1ec9 gi\u00fap t\u0103ng hi\u1ec7u su\u1ea5t v\u1eadn h\u00e0nh m\u00e0 c\u00f2n \u0111\u1ea3m b\u1ea3o tu\u1ed5i th\u1ecd thi\u1ebft b\u1ecb, mang l\u1ea1i hi\u1ec7u qu\u1ea3 kinh t\u1ebf l\u00e2u d\u00e0i.<\/p>\n<p>H\u00e3y li\u00ean h\u1ec7 ngay v\u1edbi <a href=\"https:\/\/minhphuco.com\/\" target=\"_blank\" rel=\"noopener\">C\u00d4NG TY TNHH K\u1ef8 THU\u1eacT V\u00c0 D\u1ecaCH V\u1ee4 MINH PH\u00da<\/a> \u0111\u1ec3 nh\u1eadn t\u01b0 v\u1ea5n chi ti\u1ebft v\u00e0 \u0111\u1eb7t mua d\u1ea7u ch\u00e2n kh\u00f4ng Busch VM068 ch\u00ednh h\u00e3ng h\u00f4m nay!<\/p>\n<p>&nbsp;<\/p>\n","protected":false},"excerpt":{"rendered":"<p>M\u00e3 s\u1ea3n ph\u1ea9m : 0831102492<br \/>\nQuy c\u00e1ch \u0111\u00f3ng g\u00f3i : 1 l\u00edt \/ can<br \/>\nXu\u1ea5t x\u1ee9 : Germany<\/p>\n","protected":false},"featured_media":8817,"comment_status":"open","ping_status":"closed","template":"","meta":{"_acf_changed":false},"product_brand":[],"product_cat":[703,722],"product_tag":[2711],"class_list":{"0":"post-8816","1":"product","2":"type-product","3":"status-publish","4":"has-post-thumbnail","6":"product_cat-dau-chan-khong","7":"product_cat-dau-chan-khong-busch","8":"product_tag-vm068","10":"first","11":"instock","12":"shipping-taxable","13":"product-type-simple"},"acf":[],"_links":{"self":[{"href":"https:\/\/mpvane.com\/en\/wp-json\/wp\/v2\/product\/8816","targetHints":{"allow":["GET"]}}],"collection":[{"href":"https:\/\/mpvane.com\/en\/wp-json\/wp\/v2\/product"}],"about":[{"href":"https:\/\/mpvane.com\/en\/wp-json\/wp\/v2\/types\/product"}],"replies":[{"embeddable":true,"href":"https:\/\/mpvane.com\/en\/wp-json\/wp\/v2\/comments?post=8816"}],"version-history":[{"count":1,"href":"https:\/\/mpvane.com\/en\/wp-json\/wp\/v2\/product\/8816\/revisions"}],"predecessor-version":[{"id":8819,"href":"https:\/\/mpvane.com\/en\/wp-json\/wp\/v2\/product\/8816\/revisions\/8819"}],"wp:featuredmedia":[{"embeddable":true,"href":"https:\/\/mpvane.com\/en\/wp-json\/wp\/v2\/media\/8817"}],"wp:attachment":[{"href":"https:\/\/mpvane.com\/en\/wp-json\/wp\/v2\/media?parent=8816"}],"wp:term":[{"taxonomy":"product_brand","embeddable":true,"href":"https:\/\/mpvane.com\/en\/wp-json\/wp\/v2\/product_brand?post=8816"},{"taxonomy":"product_cat","embeddable":true,"href":"https:\/\/mpvane.com\/en\/wp-json\/wp\/v2\/product_cat?post=8816"},{"taxonomy":"product_tag","embeddable":true,"href":"https:\/\/mpvane.com\/en\/wp-json\/wp\/v2\/product_tag?post=8816"}],"curies":[{"name":"wp","href":"https:\/\/api.w.org\/{rel}","templated":true}]}}