{"id":8797,"date":"2025-07-09T21:54:08","date_gmt":"2025-07-09T14:54:08","guid":{"rendered":"https:\/\/mpvane.com\/?post_type=product&#038;p=8797"},"modified":"2025-07-09T22:08:49","modified_gmt":"2025-07-09T15:08:49","slug":"canh-than-becker-90137301008","status":"publish","type":"product","link":"https:\/\/mpvane.com\/en\/san-pham\/canh-than-becker-90137301008\/","title":{"rendered":"C\u00e1nh than becker 90137301008"},"content":{"rendered":"<div id=\"ez-toc-container\" class=\"ez-toc-v2_0_75 counter-hierarchy ez-toc-counter ez-toc-grey ez-toc-container-direction\">\n<div class=\"ez-toc-title-container\">\n<p class=\"ez-toc-title\" style=\"cursor:inherit\">Table of Contents<\/p>\n<span class=\"ez-toc-title-toggle\"><a href=\"#\" class=\"ez-toc-pull-right ez-toc-btn ez-toc-btn-xs ez-toc-btn-default ez-toc-toggle\" aria-label=\"Toggle Table of Content\"><span class=\"ez-toc-js-icon-con\"><span class=\"\"><span class=\"eztoc-hide\" style=\"display:none;\">Toggle<\/span><span class=\"ez-toc-icon-toggle-span\"><svg style=\"fill: #999;color:#999\" xmlns=\"http:\/\/www.w3.org\/2000\/svg\" class=\"list-377408\" width=\"20px\" height=\"20px\" viewBox=\"0 0 24 24\" fill=\"none\"><path d=\"M6 6H4v2h2V6zm14 0H8v2h12V6zM4 11h2v2H4v-2zm16 0H8v2h12v-2zM4 16h2v2H4v-2zm16 0H8v2h12v-2z\" fill=\"currentColor\"><\/path><\/svg><svg style=\"fill: #999;color:#999\" class=\"arrow-unsorted-368013\" xmlns=\"http:\/\/www.w3.org\/2000\/svg\" width=\"10px\" height=\"10px\" viewBox=\"0 0 24 24\" version=\"1.2\" baseProfile=\"tiny\"><path d=\"M18.2 9.3l-6.2-6.3-6.2 6.3c-.2.2-.3.4-.3.7s.1.5.3.7c.2.2.4.3.7.3h11c.3 0 .5-.1.7-.3.2-.2.3-.5.3-.7s-.1-.5-.3-.7zM5.8 14.7l6.2 6.3 6.2-6.3c.2-.2.3-.5.3-.7s-.1-.5-.3-.7c-.2-.2-.4-.3-.7-.3h-11c-.3 0-.5.1-.7.3-.2.2-.3.5-.3.7s.1.5.3.7z\"\/><\/svg><\/span><\/span><\/span><\/a><\/span><\/div>\n<nav><ul class='ez-toc-list ez-toc-list-level-1 ' ><li class='ez-toc-page-1 ez-toc-heading-level-3'><a class=\"ez-toc-link ez-toc-heading-1\" href=\"https:\/\/mpvane.com\/en\/san-pham\/canh-than-becker-90137301008\/#1Mo_ta_canh_than_becker_90137301008\" >1.M\u00f4 t\u1ea3 c\u00e1nh than becker 90137301008:<\/a><\/li><li class='ez-toc-page-1 ez-toc-heading-level-3'><a class=\"ez-toc-link ez-toc-heading-2\" href=\"https:\/\/mpvane.com\/en\/san-pham\/canh-than-becker-90137301008\/#Dac_diem_chinh\" >\u0110\u1eb7c \u0111i\u1ec3m ch\u00ednh:<\/a><\/li><li class='ez-toc-page-1 ez-toc-heading-level-3'><a class=\"ez-toc-link ez-toc-heading-3\" href=\"https:\/\/mpvane.com\/en\/san-pham\/canh-than-becker-90137301008\/#2Thanh_phan_chat_lieu_cua_vane_becker_90137301008\" >2.Th\u00e0nh ph\u1ea7n ch\u1ea5t li\u1ec7u c\u1ee7a vane becker 90137301008:<\/a><\/li><li class='ez-toc-page-1 ez-toc-heading-level-3'><a class=\"ez-toc-link ez-toc-heading-4\" href=\"https:\/\/mpvane.com\/en\/san-pham\/canh-than-becker-90137301008\/#Chi_tiet_vat_lieu_canh_van_90137301008\" >Chi ti\u1ebft v\u1eadt li\u1ec7u c\u00e1nh van 90137301008:<\/a><\/li><li class='ez-toc-page-1 ez-toc-heading-level-3'><a class=\"ez-toc-link ez-toc-heading-5\" href=\"https:\/\/mpvane.com\/en\/san-pham\/canh-than-becker-90137301008\/#Luu_y\" >L\u01b0u \u00fd:<\/a><\/li><li class='ez-toc-page-1 ez-toc-heading-level-3'><a class=\"ez-toc-link ez-toc-heading-6\" href=\"https:\/\/mpvane.com\/en\/san-pham\/canh-than-becker-90137301008\/#3Thong_so_ky_thuat_Canh_Gat_Becker_90137301008\" >3.Th\u00f4ng s\u1ed1 k\u1ef9 thu\u1eadt C\u00e1nh G\u1ea1t Becker 90137301008<\/a><ul class='ez-toc-list-level-4' ><li class='ez-toc-heading-level-4'><a class=\"ez-toc-link ez-toc-heading-7\" href=\"https:\/\/mpvane.com\/en\/san-pham\/canh-than-becker-90137301008\/#Thong_tin_chung\" >Th\u00f4ng tin chung<\/a><\/li><li class='ez-toc-page-1 ez-toc-heading-level-4'><a class=\"ez-toc-link ez-toc-heading-8\" href=\"https:\/\/mpvane.com\/en\/san-pham\/canh-than-becker-90137301008\/#Thong_so_chi_tiet\" >Th\u00f4ng s\u1ed1 chi ti\u1ebft<\/a><\/li><\/ul><\/li><li class='ez-toc-page-1 ez-toc-heading-level-3'><a class=\"ez-toc-link ez-toc-heading-9\" href=\"https:\/\/mpvane.com\/en\/san-pham\/canh-than-becker-90137301008\/#3Ung_Dung_Canh_Gat_Becker_90137301008\" >3.\u1ee8ng D\u1ee5ng C\u00e1nh G\u1ea1t Becker 90137301008<\/a><ul class='ez-toc-list-level-4' ><li class='ez-toc-heading-level-4'><a class=\"ez-toc-link ez-toc-heading-10\" href=\"https:\/\/mpvane.com\/en\/san-pham\/canh-than-becker-90137301008\/#Tuong_Thich_Voi_Cac_Model_Bom_Becker\" >T\u01b0\u01a1ng Th\u00edch V\u1edbi C\u00e1c Model B\u01a1m Becker:<\/a><\/li><li class='ez-toc-page-1 ez-toc-heading-level-4'><a class=\"ez-toc-link ez-toc-heading-11\" href=\"https:\/\/mpvane.com\/en\/san-pham\/canh-than-becker-90137301008\/#Uu_Diem_Khi_Su_Dung_90137301008\" >\u01afu \u0110i\u1ec3m Khi S\u1eed D\u1ee5ng 90137301008:<\/a><\/li><\/ul><\/li><li class='ez-toc-page-1 ez-toc-heading-level-3'><a class=\"ez-toc-link ez-toc-heading-12\" href=\"https:\/\/mpvane.com\/en\/san-pham\/canh-than-becker-90137301008\/#4_Uu_diem_noi_bat_cua_canh_gat_carbon_Becker_WN124-205_90137301008\" >4. \u01afu \u0111i\u1ec3m n\u1ed5i b\u1eadt c\u1ee7a c\u00e1nh g\u1ea1t carbon Becker WN124-205 (90137301008)<\/a><ul class='ez-toc-list-level-4' ><li class='ez-toc-heading-level-4'><a class=\"ez-toc-link ez-toc-heading-13\" href=\"https:\/\/mpvane.com\/en\/san-pham\/canh-than-becker-90137301008\/#Nhung_uu_diem_vuot_troi\" >Nh\u1eefng \u01b0u \u0111i\u1ec3m v\u01b0\u1ee3t tr\u1ed9i:<\/a><\/li><\/ul><\/li><li class='ez-toc-page-1 ez-toc-heading-level-3'><a class=\"ez-toc-link ez-toc-heading-14\" href=\"https:\/\/mpvane.com\/en\/san-pham\/canh-than-becker-90137301008\/#5_Mua_canh_than_Becker_90137301008_chinh_hang_o_dau\" >5. Mua c\u00e1nh than Becker 90137301008 ch\u00ednh h\u00e3ng \u1edf \u0111\u00e2u?<\/a><\/li><li class='ez-toc-page-1 ez-toc-heading-level-3'><a class=\"ez-toc-link ez-toc-heading-15\" href=\"https:\/\/mpvane.com\/en\/san-pham\/canh-than-becker-90137301008\/#i\" >\u00a0<\/a><\/li><\/ul><\/nav><\/div>\n<h3><span class=\"ez-toc-section\" id=\"1Mo_ta_canh_than_becker_90137301008\"><\/span><strong>1.M\u00f4 t\u1ea3 c\u00e1nh than becker 90137301008:<br \/>\n<\/strong><span class=\"ez-toc-section-end\"><\/span><\/h3>\n<p class=\"ds-markdown-paragraph\">C\u00e1nh than Becker 90137301008 l\u00e0 m\u1ed9t b\u1ed9 ph\u1eadn quan tr\u1ecdng trong \u0111\u1ed9ng c\u01a1 \u0111i\u1ec7n ho\u1eb7c m\u00e1y m\u00f3c s\u1eed d\u1ee5ng ch\u1ed5i than, th\u01b0\u1eddng d\u00f9ng \u0111\u1ec3 ti\u1ebfp x\u00fac v\u00e0 truy\u1ec1n d\u1eabn \u0111i\u1ec7n trong c\u00e1c thi\u1ebft b\u1ecb nh\u01b0 m\u00e1y khoan, m\u00e1y m\u00e0i, \u0111\u1ed9ng c\u01a1 c\u00f4ng nghi\u1ec7p.<\/p>\n<h3><span class=\"ez-toc-section\" id=\"Dac_diem_chinh\"><\/span><strong>\u0110\u1eb7c \u0111i\u1ec3m ch\u00ednh:<\/strong><span class=\"ez-toc-section-end\"><\/span><\/h3>\n<ul>\n<li><strong>M\u00e3 s\u1ea3n ph\u1ea9m:<\/strong> 90137301008<\/li>\n<li>M\u00e3 Becker WN124-205<\/li>\n<li>K\u00edch th\u01b0\u1edbc : 220-88-6 mm<\/li>\n<li>bao g\u1ed3m 8 c\u00e1i<\/li>\n<\/ul>\n<h3><span class=\"ez-toc-section\" id=\"2Thanh_phan_chat_lieu_cua_vane_becker_90137301008\"><\/span><strong>2.Th\u00e0nh ph\u1ea7n ch\u1ea5t li\u1ec7u c\u1ee7a vane becker 90137301008:<br \/>\n<\/strong><span class=\"ez-toc-section-end\"><\/span><\/h3>\n<p class=\"ds-markdown-paragraph\">C\u00e1nh than\u00a0<strong>Becker 90137301008<\/strong>\u00a0th\u01b0\u1eddng \u0111\u01b0\u1ee3c l\u00e0m t\u1eeb v\u1eadt li\u1ec7u\u00a0<strong>graphite (than ch\u00ec)<\/strong>\u00a0ho\u1eb7c\u00a0<strong>h\u1ed7n h\u1ee3p \u0111\u1ed3ng &#8211; graphite<\/strong>, t\u00f9y theo \u1ee9ng d\u1ee5ng c\u1ee5 th\u1ec3.<\/p>\n<h3><span class=\"ez-toc-section\" id=\"Chi_tiet_vat_lieu_canh_van_90137301008\"><\/span><strong>Chi ti\u1ebft v\u1eadt li\u1ec7u c\u00e1nh van 90137301008<\/strong><strong>:<\/strong><span class=\"ez-toc-section-end\"><\/span><\/h3>\n<ol start=\"1\">\n<li>\n<p class=\"ds-markdown-paragraph\"><strong>Graphite (than ch\u00ec)<\/strong>:<\/p>\n<ul>\n<li>\n<p class=\"ds-markdown-paragraph\">\u01afu \u0111i\u1ec3m: \u0110\u1ed9 b\u1ec1n ma s\u00e1t cao, \u00edt l\u00e0m m\u00f2n b\u1ec1 m\u1eb7t c\u1ed5 g\u00f3p, ph\u00f9 h\u1ee3p cho \u0111\u1ed9ng c\u01a1 t\u1ed1c \u0111\u1ed9 cao.<\/p>\n<\/li>\n<li>\n<p class=\"ds-markdown-paragraph\">\u1ee8ng d\u1ee5ng: D\u00f9ng trong m\u00e1y m\u00f3c y\u00eau c\u1ea7u \u0111\u1ed9 tr\u01a1n tru, \u00edt tia l\u1eeda \u0111i\u1ec7n.<\/p>\n<\/li>\n<\/ul>\n<\/li>\n<li>\n<p class=\"ds-markdown-paragraph\"><strong>\u0110\u1ed3ng &#8211; Graphite (Cu-Graphite)<\/strong>:<\/p>\n<ul>\n<li>\n<p class=\"ds-markdown-paragraph\">\u01afu \u0111i\u1ec3m: D\u1eabn \u0111i\u1ec7n t\u1ed1t h\u01a1n, ch\u1ecbu \u0111\u01b0\u1ee3c d\u00f2ng \u0111i\u1ec7n l\u1edbn, th\u00edch h\u1ee3p cho \u0111\u1ed9ng c\u01a1 c\u00f4ng su\u1ea5t cao.<\/p>\n<\/li>\n<li>\n<p class=\"ds-markdown-paragraph\">\u1ee8ng d\u1ee5ng: M\u00e1y khoan, m\u00e1y m\u00e0i, \u0111\u1ed9ng c\u01a1 c\u00f4ng nghi\u1ec7p n\u1eb7ng.<\/p>\n<\/li>\n<\/ul>\n<\/li>\n<\/ol>\n<h3><span class=\"ez-toc-section\" id=\"Luu_y\"><\/span><strong>L\u01b0u \u00fd:<\/strong><span class=\"ez-toc-section-end\"><\/span><\/h3>\n<ul>\n<li>\n<p class=\"ds-markdown-paragraph\">N\u00ean so s\u00e1nh k\u00edch th\u01b0\u1edbc (d\u00e0i \u00d7 r\u1ed9ng \u00d7 cao) v\u00e0 \u0111i\u1ec7n tr\u1edf su\u1ea5t \u0111\u1ec3 ch\u1ecdn \u0111\u00fang lo\u1ea1i.<\/p>\n<\/li>\n<\/ul>\n<h3><span class=\"ez-toc-section\" id=\"3Thong_so_ky_thuat_Canh_Gat_Becker_90137301008\"><\/span><strong>3.Th\u00f4ng s\u1ed1 k\u1ef9 thu\u1eadt C\u00e1nh G\u1ea1t Becker 90137301008<\/strong><span class=\"ez-toc-section-end\"><\/span><\/h3>\n<h4><span class=\"ez-toc-section\" id=\"Thong_tin_chung\"><\/span><strong>Th\u00f4ng tin chung<\/strong><span class=\"ez-toc-section-end\"><\/span><\/h4>\n<ul>\n<li>\n<p class=\"ds-markdown-paragraph\"><strong>M\u00e3 s\u1ea3n ph\u1ea9m:<\/strong> 90137301008<\/p>\n<\/li>\n<li>\n<p class=\"ds-markdown-paragraph\"><strong>Lo\u1ea1i:<\/strong>\u00a0C\u00e1nh g\u1ea1t carbon (carbon vane)<\/p>\n<\/li>\n<li>\n<p class=\"ds-markdown-paragraph\"><strong>H\u00e3ng s\u1ea3n xu\u1ea5t:<\/strong>\u00a0Becker (\u0110\u1ee9c)<\/p>\n<\/li>\n<li>\n<p class=\"ds-markdown-paragraph\"><strong>\u1ee8ng d\u1ee5ng ch\u00ednh:<\/strong>\u00a0B\u01a1m ch\u00e2n kh\u00f4ng, thi\u1ebft b\u1ecb c\u00f4ng nghi\u1ec7p<\/p>\n<\/li>\n<\/ul>\n<h4><span class=\"ez-toc-section\" id=\"Thong_so_chi_tiet\"><\/span><strong>Th\u00f4ng s\u1ed1 chi ti\u1ebft<\/strong><span class=\"ez-toc-section-end\"><\/span><\/h4>\n<ol start=\"1\">\n<li>\n<p class=\"ds-markdown-paragraph\"><strong>K\u00edch th\u01b0\u1edbc ti\u00eau chu\u1ea9n:<\/strong><\/p>\n<ul>\n<li>\n<p class=\"ds-markdown-paragraph\"><strong>D\u00e0i \u00d7 R\u1ed9ng \u00d7 D\u00e0y:<\/strong> 220mm \u00d7 88mm \u00d7 4mm<\/p>\n<\/li>\n<li>\n<p class=\"ds-markdown-paragraph\"><em>L\u01b0u \u00fd:<\/em>\u00a0N\u00ean ki\u1ec3m tra l\u1ea1i v\u1edbi nh\u00e0 cung c\u1ea5p \u0111\u1ec3 \u0111\u1ea3m b\u1ea3o \u0111\u1ed9 ch\u00ednh x\u00e1c<\/p>\n<\/li>\n<\/ul>\n<\/li>\n<li>\n<p class=\"ds-markdown-paragraph\"><strong>V\u1eadt li\u1ec7u ch\u1ebf t\u1ea1o:<\/strong><\/p>\n<ul>\n<li>\n<p class=\"ds-markdown-paragraph\"><strong>Graphite (than ch\u00ec) cao c\u1ea5p<\/strong>\u00a0ho\u1eb7c\u00a0<strong>h\u1ed7n h\u1ee3p \u0111\u1ed3ng-graphite (Cu-C)<\/strong><\/p>\n<\/li>\n<li>\n<p class=\"ds-markdown-paragraph\"><strong>\u0110\u1ed9 c\u1ee9ng:<\/strong>\u00a050-70 Shore (\u0111\u1ed1i v\u1edbi graphite nguy\u00ean ch\u1ea5t)<\/p>\n<\/li>\n<\/ul>\n<\/li>\n<li>\n<p class=\"ds-markdown-paragraph\"><strong>Th\u00f4ng s\u1ed1 \u0111i\u1ec7n\/k\u1ef9 thu\u1eadt:<\/strong><\/p>\n<ul>\n<li>\n<p class=\"ds-markdown-paragraph\"><strong>\u0110i\u1ec7n tr\u1edf su\u1ea5t:<\/strong>\u00a010\u201350 \u03bc\u03a9\u00b7m (\u0111\u1ed1i v\u1edbi lo\u1ea1i pha \u0111\u1ed3ng)<\/p>\n<\/li>\n<li>\n<p class=\"ds-markdown-paragraph\"><strong>D\u00f2ng \u0111i\u1ec7n t\u1ed1i \u0111a:<\/strong>\u00a05\u201315A (t\u00f9y \u0111i\u1ec1u ki\u1ec7n l\u00e0m vi\u1ec7c)<\/p>\n<\/li>\n<li>\n<p class=\"ds-markdown-paragraph\"><strong>T\u1ed1c \u0111\u1ed9 l\u00e0m vi\u1ec7c:<\/strong>\u00a0\u2264 15.000 v\u00f2ng\/ph\u00fat<\/p>\n<\/li>\n<\/ul>\n<\/li>\n<li>\n<p class=\"ds-markdown-paragraph\"><strong>\u0110\u1eb7c t\u00ednh n\u1ed5i b\u1eadt:<\/strong><\/p>\n<ul>\n<li>\n<p class=\"ds-markdown-paragraph\">Ch\u1ecbu m\u00e0i m\u00f2n t\u1ed1t, tu\u1ed5i th\u1ecd cao<\/p>\n<\/li>\n<li>\n<p class=\"ds-markdown-paragraph\">Ho\u1ea1t \u0111\u1ed9ng \u1ed5n \u0111\u1ecbnh trong m\u00f4i tr\u01b0\u1eddng ch\u00e2n kh\u00f4ng<\/p>\n<\/li>\n<li>\n<p class=\"ds-markdown-paragraph\">Gi\u1ea3m thi\u1ec3u nguy c\u01a1 g\u00e3y v\u1ee1 trong qu\u00e1 tr\u00ecnh v\u1eadn h\u00e0nh<\/p>\n<\/li>\n<\/ul>\n<\/li>\n<li>\n<p class=\"ds-markdown-paragraph\"><strong>Ph\u1ea1m vi \u1ee9ng d\u1ee5ng:<\/strong><\/p>\n<ul>\n<li>\n<p class=\"ds-markdown-paragraph\">B\u01a1m ch\u00e2n kh\u00f4ng c\u00f4ng nghi\u1ec7p<\/p>\n<\/li>\n<li>\n<p class=\"ds-markdown-paragraph\">H\u1ec7 th\u1ed1ng kh\u00ed n\u00e9n<\/p>\n<\/li>\n<li>\n<p class=\"ds-markdown-paragraph\">Thi\u1ebft b\u1ecb y t\u1ebf, ph\u00f2ng th\u00ed nghi\u1ec7m<\/p>\n<\/li>\n<\/ul>\n<\/li>\n<\/ol>\n<p class=\"ds-markdown-paragraph\"><em>L\u01b0u \u00fd quan tr\u1ecdng:<\/em><\/p>\n<ul>\n<li>\n<p class=\"ds-markdown-paragraph\">Th\u00f4ng s\u1ed1 c\u00f3 th\u1ec3 thay \u0111\u1ed5i t\u00f9y theo t\u1eebng l\u00f4 s\u1ea3n xu\u1ea5t<\/p>\n<\/li>\n<li>\n<p class=\"ds-markdown-paragraph\">Lu\u00f4n tham kh\u1ea3o catalog ch\u00ednh th\u1ee9c c\u1ee7a Becker ho\u1eb7c li\u00ean h\u1ec7 nh\u00e0 cung c\u1ea5p \u0111\u1ec3 c\u00f3 th\u00f4ng tin ch\u00ednh x\u00e1c nh\u1ea5t<\/p>\n<\/li>\n<\/ul>\n<p class=\"ds-markdown-paragraph\">B\u1ea1n c\u1ea7n th\u00eam th\u00f4ng tin g\u00ec v\u1ec1 s\u1ea3n ph\u1ea9m n\u00e0y kh\u00f4ng?<\/p>\n<ol start=\"1\">\n<li style=\"list-style-type: none;\"><\/li>\n<\/ol>\n<h3><span class=\"ez-toc-section\" id=\"3Ung_Dung_Canh_Gat_Becker_90137301008\"><\/span><strong>3.\u1ee8ng D\u1ee5ng C\u00e1nh G\u1ea1t Becker 90137301008<\/strong><span class=\"ez-toc-section-end\"><\/span><\/h3>\n<p class=\"ds-markdown-paragraph\">C\u00e1nh g\u1ea1t carbon\u00a0<strong>Becker 90137301008<\/strong>\u00a0l\u00e0 ph\u1ee5 t\u00f9ng ch\u00ednh h\u00e3ng, \u0111\u01b0\u1ee3c thi\u1ebft k\u1ebf \u0111\u1ec3 thay th\u1ebf cho c\u00e1c d\u00f2ng b\u01a1m h\u00fat ch\u00e2n kh\u00f4ng Becker ph\u1ed5 bi\u1ebfn sau:<\/p>\n<h4><span class=\"ez-toc-section\" id=\"Tuong_Thich_Voi_Cac_Model_Bom_Becker\"><\/span><strong>T\u01b0\u01a1ng Th\u00edch V\u1edbi C\u00e1c Model B\u01a1m Becker:<\/strong><span class=\"ez-toc-section-end\"><\/span><\/h4>\n<ul>\n<li><span id=\"input_part_0\" class=\"\" data-mention=\"DT 4.10\">Becker DTLF 400<\/span><\/li>\n<li><span id=\"input_part_0\" class=\"\" data-mention=\"DT 4.10\">Becker DTLF 500<\/span><\/li>\n<li><span id=\"input_part_0\" class=\"\" data-mention=\"DT 4.10\">Becker VTLF 400<\/span><\/li>\n<li><span id=\"input_part_0\" class=\"\" data-mention=\"DT 4.10\">Becker VTLF 500<\/span><\/li>\n<\/ul>\n<h4><span class=\"ez-toc-section\" id=\"Uu_Diem_Khi_Su_Dung_90137301008\"><\/span><strong>\u01afu \u0110i\u1ec3m Khi S\u1eed D\u1ee5ng 90137301008<\/strong><strong>:<\/strong><span class=\"ez-toc-section-end\"><\/span><\/h4>\n<ul>\n<li>\n<p class=\"ds-markdown-paragraph\"><strong>\u0110\u1ed9 ch\u00ednh x\u00e1c cao<\/strong>: Thi\u1ebft k\u1ebf chu\u1ea9n, \u0111\u1ea3m b\u1ea3o ho\u1ea1t \u0111\u1ed9ng tr\u01a1n tru trong r\u00e3nh rotor.<\/p>\n<\/li>\n<li>\n<p class=\"ds-markdown-paragraph\"><strong>B\u1ec1n b\u1ec9<\/strong>: Ch\u1ea5t li\u1ec7u carbon cao c\u1ea5p gi\u00fap gi\u1ea3m m\u00e0i m\u00f2n, t\u0103ng tu\u1ed5i th\u1ecd b\u01a1m.<\/p>\n<\/li>\n<li>\n<p class=\"ds-markdown-paragraph\"><strong>D\u1ec5 d\u00e0ng thay th\u1ebf<\/strong>: T\u01b0\u01a1ng th\u00edch ho\u00e0n h\u1ea3o v\u1edbi c\u00e1c model b\u01a1m Becker \u0111\u1eddi m\u1edbi v\u00e0 c\u0169.<\/p>\n<\/li>\n<\/ul>\n<p class=\"ds-markdown-paragraph\">C\u00e1nh g\u1ea1t\u00a0<strong>Becker 90137301008<\/strong>\u00a0l\u00e0 gi\u1ea3i ph\u00e1p t\u1ed1i \u01b0u \u0111\u1ec3 duy tr\u00ec hi\u1ec7u su\u1ea5t \u1ed5n \u0111\u1ecbnh cho h\u1ec7 th\u1ed1ng b\u01a1m ch\u00e2n kh\u00f4ng c\u00f4ng nghi\u1ec7p.<\/p>\n<p class=\"ds-markdown-paragraph\"><strong>B\u1ea1n c\u1ea7n h\u1ed7 tr\u1ee3 th\u00eam v\u1ec1 k\u1ef9 thu\u1eadt ho\u1eb7c \u0111\u1eb7t h\u00e0ng?<\/strong><\/p>\n<h3><span class=\"ez-toc-section\" id=\"4_Uu_diem_noi_bat_cua_canh_gat_carbon_Becker_WN124-205_90137301008\"><\/span><strong>4. \u01afu \u0111i\u1ec3m n\u1ed5i b\u1eadt c\u1ee7a c\u00e1nh g\u1ea1t carbon Becker WN124-205 (90137301008<\/strong><strong>)<\/strong><span class=\"ez-toc-section-end\"><\/span><\/h3>\n<p class=\"ds-markdown-paragraph\">C\u00e1nh g\u1ea1t carbon\u00a0<strong><a href=\"https:\/\/www.becker-international-shop.com\/\" target=\"_blank\" rel=\"noopener\">Becker<\/a> WN124-205(90137301008)<\/strong>\u00a0l\u00e0 s\u1ea3n ph\u1ea9m cao c\u1ea5p \u0111\u01b0\u1ee3c s\u1ea3n xu\u1ea5t tr\u00ean d\u00e2y chuy\u1ec1n c\u00f4ng ngh\u1ec7 hi\u1ec7n \u0111\u1ea1i t\u1ea1i\u00a0<strong>CHLB \u0110\u1ee9c<\/strong>, \u0111\u1ea3m b\u1ea3o ch\u1ea5t l\u01b0\u1ee3ng v\u01b0\u1ee3t tr\u1ed9i v\u00e0 \u0111\u1ed9 b\u1ec1n t\u1ed1i \u01b0u cho b\u01a1m ch\u00e2n kh\u00f4ng.<\/p>\n<div id=\"attachment_8794\" style=\"width: 1396px\" class=\"wp-caption alignnone\"><img fetchpriority=\"high\" decoding=\"async\" aria-describedby=\"caption-attachment-8794\" class=\"90137301008 wp-image-8794 size-full\" title=\"90137301008\" src=\"https:\/\/mpvane.com\/wp-content\/uploads\/2025\/07\/canh-than-becker-WN124-205.jpg\" alt=\"c\u00e1nh than becker 90137301008\" width=\"1386\" height=\"576\" srcset=\"https:\/\/mpvane.com\/wp-content\/uploads\/2025\/07\/canh-than-becker-WN124-205.jpg 1386w, https:\/\/mpvane.com\/wp-content\/uploads\/2025\/07\/canh-than-becker-WN124-205-300x125.jpg 300w, https:\/\/mpvane.com\/wp-content\/uploads\/2025\/07\/canh-than-becker-WN124-205-1024x426.jpg 1024w, https:\/\/mpvane.com\/wp-content\/uploads\/2025\/07\/canh-than-becker-WN124-205-768x319.jpg 768w, https:\/\/mpvane.com\/wp-content\/uploads\/2025\/07\/canh-than-becker-WN124-205-1200x499.jpg 1200w, https:\/\/mpvane.com\/wp-content\/uploads\/2025\/07\/canh-than-becker-WN124-205-150x62.jpg 150w\" sizes=\"(max-width: 1386px) 100vw, 1386px\" \/><p id=\"caption-attachment-8794\" class=\"wp-caption-text\">b\u1ed9 10 c\u00e1i becker WN124-205<\/p><\/div>\n<h4><span class=\"ez-toc-section\" id=\"Nhung_uu_diem_vuot_troi\"><\/span><strong>Nh\u1eefng \u01b0u \u0111i\u1ec3m v\u01b0\u1ee3t tr\u1ed9i:<\/strong><span class=\"ez-toc-section-end\"><\/span><\/h4>\n<p class=\"ds-markdown-paragraph\">\u2705\u00a0<strong>Ch\u1ea5t li\u1ec7u carbon cao c\u1ea5p<\/strong>\u00a0\u2013 Gi\u1ea3m ma s\u00e1t, ch\u1ed1ng m\u00e0i m\u00f2n, t\u0103ng tu\u1ed5i th\u1ecd ho\u1ea1t \u0111\u1ed9ng.<br \/>\n\u2705\u00a0<strong>K\u00edch th\u01b0\u1edbc chu\u1ea9n x\u00e1c<\/strong>\u00a0\u2013 Thi\u1ebft k\u1ebf ph\u00f9 h\u1ee3p v\u1edbi model, gi\u00fap c\u00e1nh di chuy\u1ec3n tr\u01a1n tru trong r\u00e3nh rotor.<br \/>\n\u2705\u00a0<strong>\u0110\u1ed9 b\u1ec1n v\u01b0\u1ee3t tr\u1ed9i<\/strong>\u00a0\u2013 H\u1ea1n ch\u1ebf t\u00ecnh tr\u1ea1ng g\u00e3y c\u00e1nh, \u0111\u1ea3m b\u1ea3o hi\u1ec7u su\u1ea5t \u1ed5n \u0111\u1ecbnh trong th\u1eddi gian d\u00e0i.<br \/>\n\u2705\u00a0<strong>T\u01b0\u01a1ng th\u00edch ho\u00e0n h\u1ea3o<\/strong>\u00a0\u2013 L\u1eafp \u0111\u1eb7t d\u1ec5 d\u00e0ng, ph\u00f9 h\u1ee3p v\u1edbi c\u00e1c d\u00f2ng b\u01a1m h\u00fat ch\u00e2n kh\u00f4ng Becker.<\/p>\n<p class=\"ds-markdown-paragraph\">V\u1edbi nh\u1eefng \u01b0u \u0111i\u1ec3m tr\u00ean, c\u00e1nh g\u1ea1t\u00a0<strong>Becker WN124-205<\/strong>\u00a0l\u00e0 l\u1ef1a ch\u1ecdn l\u00fd t\u01b0\u1edfng \u0111\u1ec3 thay th\u1ebf, n\u00e2ng cao hi\u1ec7u qu\u1ea3 v\u1eadn h\u00e0nh c\u1ee7a h\u1ec7 th\u1ed1ng b\u01a1m ch\u00e2n kh\u00f4ng c\u00f4ng nghi\u1ec7p<\/p>\n<p>&nbsp;<\/p>\n<h3><span class=\"ez-toc-section\" id=\"5_Mua_canh_than_Becker_90137301008_chinh_hang_o_dau\"><\/span><strong>5. Mua c\u00e1nh than Becker 90137301008 ch\u00ednh h\u00e3ng \u1edf \u0111\u00e2u?<\/strong><span class=\"ez-toc-section-end\"><\/span><\/h3>\n<p class=\"ds-markdown-paragraph\"><strong>C\u00f4ng ty TNHH K\u1ef9 Thu\u1eadt &amp; D\u1ecbch V\u1ee5 Minh Ph\u00fa<\/strong>\u00a0t\u1ef1 h\u00e0o l\u00e0 nh\u00e0 cung c\u1ea5p\u00a0<strong>ph\u1ee5 t\u00f9ng b\u01a1m Becker ch\u00ednh h\u00e3ng<\/strong>\u00a0t\u1ea1i Vi\u1ec7t Nam, cam k\u1ebft mang \u0111\u1ebfn s\u1ea3n ph\u1ea9m ch\u1ea5t l\u01b0\u1ee3ng c\u00f9ng d\u1ecbch v\u1ee5 v\u01b0\u1ee3t tr\u1ed9i:<\/p>\n<p class=\"ds-markdown-paragraph\">\u2714\u00a0<strong>Gi\u00e1 t\u1ed1t nh\u1ea5t th\u1ecb tr\u01b0\u1eddng<\/strong>\u00a0\u2013 C\u1ea1nh tranh, \u01b0u \u0111\u00e3i cho kh\u00e1ch h\u00e0ng th\u00e2n thi\u1ebft.<br \/>\n\u2714\u00a0<strong>Giao h\u00e0ng nhanh ch\u00f3ng<\/strong>\u00a0\u2013 \u0110\u1ea3m b\u1ea3o v\u1eadn chuy\u1ec3n to\u00e0n qu\u1ed1c trong th\u1eddi gian ng\u1eafn nh\u1ea5t.<br \/>\n\u2714\u00a0<strong>H\u1ed7 tr\u1ee3 k\u1ef9 thu\u1eadt 24\/7<\/strong>\u00a0\u2013 \u0110\u1ed9i ng\u0169 chuy\u00ean gia s\u1eb5n s\u00e0ng t\u01b0 v\u1ea5n v\u00e0 gi\u1ea3i \u0111\u00e1p m\u1ecdi th\u1eafc m\u1eafc.<\/p>\n<p class=\"ds-markdown-paragraph\">\ud83d\udccc\u00a0<strong>Li\u00ean h\u1ec7 \u0111\u1eb7t h\u00e0ng ngay:<\/strong><\/p>\n<ul>\n<li>\n<p class=\"ds-markdown-paragraph\">\ud83d\udce7\u00a0<strong>Email:<\/strong>\u00a0<a href=\"https:\/\/mailto:Sales@minhphuco.vn\/\" target=\"_blank\" rel=\"noopener noreferrer\">Sales@minhphuco.vn<\/a><\/p>\n<\/li>\n<li>\n<p class=\"ds-markdown-paragraph\">\ud83d\udcde\u00a0<strong>Zalo:<\/strong>\u00a00985.490.343 \/ 0985.843.778<\/p>\n<\/li>\n<\/ul>\n<p class=\"ds-markdown-paragraph\"><strong>Minh Ph\u00fa \u2013 \u0110\u1ed1i t\u00e1c tin c\u1eady cho m\u1ecdi gi\u1ea3i ph\u00e1p ph\u1ee5 t\u00f9ng b\u01a1m c\u00f4ng nghi\u1ec7p!<\/strong><\/p>\n<p class=\"ds-markdown-paragraph\">\ud83d\udc49\u00a0<strong>\u0110\u1eb7t h\u00e0ng ngay \u0111\u1ec3 nh\u1eadn b\u00e1o gi\u00e1 t\u1ed1t nh\u1ea5t!<\/strong><\/p>\n<p>Tham kh\u1ea3o th\u00eam c\u00e1nh than carbon becker t\u1ea1i <a href=\"https:\/\/mpvane.com\/product-category\/canh-vane\/canh-vanes-becker\/\">www.mpvane.com<\/a><\/p>\n<p><strong>Tag : 90137301008 | WN124-205 &#8211; Ph\u1ee5 t\u00f9ng ch\u00ednh h\u00e3ng, ch\u1ea5t l\u01b0\u1ee3ng cao&#8221;<br \/>\n<\/strong><strong>&#8220;WN124-1205 &#8211; Linh ki\u1ec7n thay th\u1ebf ch\u00ednh x\u00e1c, b\u1ec1n b\u1ec9&#8221;<br \/>\n<\/strong><strong>Ph\u1ee5 t\u00f9ng WN124-205 | 90137301008 &#8211; D\u00f9ng cho [T\u00ean thi\u1ebft b\u1ecb\/m\u00e1y m\u00f3c], \u0111\u1ed9 b\u1ec1n v\u01b0\u1ee3t tr\u1ed9i&#8221;<br \/>\n<\/strong><strong>&#8220;Linh ki\u1ec7n WN124-205 (90137301008) &#8211; T\u01b0\u01a1ng th\u00edch [Model m\u00e1y], ch\u00ednh h\u00e3ng, gi\u00e1 t\u1ed1t&#8221;<br \/>\n<\/strong><strong>B\u00e1n ph\u1ee5 t\u00f9ng WN124-205 | M\u00e3 90137301008- H\u00e0ng c\u00f3 s\u1eb5n, giao nhanh&#8221;<br \/>\n<\/strong><strong>&#8220;Thay th\u1ebf WN124-205 (90137301008) &#8211; Cam k\u1ebft ch\u00ednh h\u00e3ng, b\u1ea3o h\u00e0nh d\u00e0i h\u1ea1n&#8221;<br \/>\n<\/strong><strong>WN124-205 (90137301008) &#8211; Ph\u1ee5 t\u00f9ng ch\u00ednh h\u00e3ng | Gi\u00e1 t\u1ed1t 2025&#8243;<br \/>\n<\/strong><strong>&#8220;Mua 90137301008 | WN124-205 \u1ede \u0110\u00e2u? \u0110\u1ecba ch\u1ec9 uy t\u00edn, ch\u1ea5t l\u01b0\u1ee3ng \u0111\u1ea3m b\u1ea3o&#8221;<\/strong><\/p>\n<h3><span class=\"ez-toc-section\" id=\"i\"><\/span><strong>\u00a0<\/strong><span class=\"ez-toc-section-end\"><\/span><\/h3>\n","protected":false},"excerpt":{"rendered":"<p>S\u1ed1 l\u01b0\u1ee3ng c\u00e1nh g\u1ea1t\/b\u1ed9: 8 C\u00e1nh<br \/>\nS\u1ed1 WN: WN124-205<br \/>\nK\u00edch th\u01b0\u1edbc chu\u1ea9n 220-88-6 mm<br \/>\nV\u1eadt li\u1ec7u c\u00e1nh qu\u1ea1t: cacbon \/ carbon<br \/>\nModel: <span id=\"input_part_0\" class=\"\" data-mention=\"DT 4.10\">Becker DTLF 2.400,Becker DTLF 2.500,Becker DVTLF 2.500,Becker VTLF 2.400,Becker VTLF 2.500<\/span><\/p>\n","protected":false},"featured_media":8794,"comment_status":"open","ping_status":"closed","template":"","meta":{"_acf_changed":false},"product_brand":[],"product_cat":[69,701],"product_tag":[2709],"class_list":{"0":"post-8797","1":"product","2":"type-product","3":"status-publish","4":"has-post-thumbnail","6":"product_cat-canh-vane","7":"product_cat-canh-vanes-becker","8":"product_tag-2709","10":"first","11":"instock","12":"shipping-taxable","13":"product-type-simple"},"acf":[],"_links":{"self":[{"href":"https:\/\/mpvane.com\/en\/wp-json\/wp\/v2\/product\/8797","targetHints":{"allow":["GET"]}}],"collection":[{"href":"https:\/\/mpvane.com\/en\/wp-json\/wp\/v2\/product"}],"about":[{"href":"https:\/\/mpvane.com\/en\/wp-json\/wp\/v2\/types\/product"}],"replies":[{"embeddable":true,"href":"https:\/\/mpvane.com\/en\/wp-json\/wp\/v2\/comments?post=8797"}],"version-history":[{"count":2,"href":"https:\/\/mpvane.com\/en\/wp-json\/wp\/v2\/product\/8797\/revisions"}],"predecessor-version":[{"id":8799,"href":"https:\/\/mpvane.com\/en\/wp-json\/wp\/v2\/product\/8797\/revisions\/8799"}],"wp:featuredmedia":[{"embeddable":true,"href":"https:\/\/mpvane.com\/en\/wp-json\/wp\/v2\/media\/8794"}],"wp:attachment":[{"href":"https:\/\/mpvane.com\/en\/wp-json\/wp\/v2\/media?parent=8797"}],"wp:term":[{"taxonomy":"product_brand","embeddable":true,"href":"https:\/\/mpvane.com\/en\/wp-json\/wp\/v2\/product_brand?post=8797"},{"taxonomy":"product_cat","embeddable":true,"href":"https:\/\/mpvane.com\/en\/wp-json\/wp\/v2\/product_cat?post=8797"},{"taxonomy":"product_tag","embeddable":true,"href":"https:\/\/mpvane.com\/en\/wp-json\/wp\/v2\/product_tag?post=8797"}],"curies":[{"name":"wp","href":"https:\/\/api.w.org\/{rel}","templated":true}]}}