{"id":8742,"date":"2025-07-01T13:43:33","date_gmt":"2025-07-01T06:43:33","guid":{"rendered":"https:\/\/mpvane.com\/?post_type=product&#038;p=8742"},"modified":"2025-07-01T13:49:45","modified_gmt":"2025-07-01T06:49:45","slug":"canh-than-becker-90133300008wn124-032","status":"publish","type":"product","link":"https:\/\/mpvane.com\/en\/san-pham\/canh-than-becker-90133300008wn124-032\/","title":{"rendered":"C\u00e1nh than Becker 90133300008|WN124-032"},"content":{"rendered":"<div id=\"ez-toc-container\" class=\"ez-toc-v2_0_75 counter-hierarchy ez-toc-counter ez-toc-grey ez-toc-container-direction\">\n<div class=\"ez-toc-title-container\">\n<p class=\"ez-toc-title\" style=\"cursor:inherit\">Table of Contents<\/p>\n<span class=\"ez-toc-title-toggle\"><a href=\"#\" class=\"ez-toc-pull-right ez-toc-btn ez-toc-btn-xs ez-toc-btn-default ez-toc-toggle\" aria-label=\"Toggle Table of Content\"><span class=\"ez-toc-js-icon-con\"><span class=\"\"><span class=\"eztoc-hide\" style=\"display:none;\">Toggle<\/span><span class=\"ez-toc-icon-toggle-span\"><svg style=\"fill: #999;color:#999\" xmlns=\"http:\/\/www.w3.org\/2000\/svg\" class=\"list-377408\" width=\"20px\" height=\"20px\" viewBox=\"0 0 24 24\" fill=\"none\"><path d=\"M6 6H4v2h2V6zm14 0H8v2h12V6zM4 11h2v2H4v-2zm16 0H8v2h12v-2zM4 16h2v2H4v-2zm16 0H8v2h12v-2z\" fill=\"currentColor\"><\/path><\/svg><svg style=\"fill: #999;color:#999\" class=\"arrow-unsorted-368013\" xmlns=\"http:\/\/www.w3.org\/2000\/svg\" width=\"10px\" height=\"10px\" viewBox=\"0 0 24 24\" version=\"1.2\" baseProfile=\"tiny\"><path d=\"M18.2 9.3l-6.2-6.3-6.2 6.3c-.2.2-.3.4-.3.7s.1.5.3.7c.2.2.4.3.7.3h11c.3 0 .5-.1.7-.3.2-.2.3-.5.3-.7s-.1-.5-.3-.7zM5.8 14.7l6.2 6.3 6.2-6.3c.2-.2.3-.5.3-.7s-.1-.5-.3-.7c-.2-.2-.4-.3-.7-.3h-11c-.3 0-.5.1-.7.3-.2.2-.3.5-.3.7s.1.5.3.7z\"\/><\/svg><\/span><\/span><\/span><\/a><\/span><\/div>\n<nav><ul class='ez-toc-list ez-toc-list-level-1 ' ><li class='ez-toc-page-1 ez-toc-heading-level-1'><a class=\"ez-toc-link ez-toc-heading-1\" href=\"https:\/\/mpvane.com\/en\/san-pham\/canh-than-becker-90133300008wn124-032\/#Canh_Quat_Becker_90133300008_WN124-032_%E2%80%93_Phu_Tung_Chinh_Hang_Cho_May_Bom_Chan_Khong\" >C\u00e1nh Qu\u1ea1t Becker 90133300008 | WN124-032 \u2013 Ph\u1ee5 T\u00f9ng Ch\u00ednh H\u00e3ng Cho M\u00e1y B\u01a1m Ch\u00e2n Kh\u00f4ng<\/a><ul class='ez-toc-list-level-2' ><li class='ez-toc-heading-level-2'><a class=\"ez-toc-link ez-toc-heading-2\" href=\"https:\/\/mpvane.com\/en\/san-pham\/canh-than-becker-90133300008wn124-032\/#Gioi_Thieu_Canh_Quat_Becker_90133200008_WN124-032\" >Gi\u1edbi Thi\u1ec7u C\u00e1nh Qu\u1ea1t Becker 90133200008 | WN124-032<\/a><\/li><li class='ez-toc-page-1 ez-toc-heading-level-2'><a class=\"ez-toc-link ez-toc-heading-3\" href=\"https:\/\/mpvane.com\/en\/san-pham\/canh-than-becker-90133300008wn124-032\/#Thong_So_Ky_Thuat_Chi_Tiet\" >Th\u00f4ng S\u1ed1 K\u1ef9 Thu\u1eadt Chi Ti\u1ebft<\/a><\/li><li class='ez-toc-page-1 ez-toc-heading-level-2'><a class=\"ez-toc-link ez-toc-heading-4\" href=\"https:\/\/mpvane.com\/en\/san-pham\/canh-than-becker-90133300008wn124-032\/#Cac_Dong_May_Tuong_Thich\" >C\u00e1c D\u00f2ng M\u00e1y T\u01b0\u01a1ng Th\u00edch<\/a><ul class='ez-toc-list-level-3' ><li class='ez-toc-heading-level-3'><a class=\"ez-toc-link ez-toc-heading-5\" href=\"https:\/\/mpvane.com\/en\/san-pham\/canh-than-becker-90133300008wn124-032\/#DVT_2100\" >DVT 2.100<\/a><\/li><\/ul><\/li><li class='ez-toc-page-1 ez-toc-heading-level-2'><a class=\"ez-toc-link ez-toc-heading-6\" href=\"https:\/\/mpvane.com\/en\/san-pham\/canh-than-becker-90133300008wn124-032\/#Loi_Ich_Khi_Su_Dung_Canh_Quat_Becker_Chinh_Hang\" >L\u1ee3i \u00cdch Khi S\u1eed D\u1ee5ng C\u00e1nh Qu\u1ea1t Becker Ch\u00ednh H\u00e3ng<\/a><ul class='ez-toc-list-level-3' ><li class='ez-toc-heading-level-3'><a class=\"ez-toc-link ez-toc-heading-7\" href=\"https:\/\/mpvane.com\/en\/san-pham\/canh-than-becker-90133300008wn124-032\/#1_Dac_diem_noi_bat_cua_dong_KVT\" >1. \u0110\u1eb7c \u0111i\u1ec3m n\u1ed5i b\u1eadt c\u1ee7a d\u00f2ng KVT<\/a><\/li><li class='ez-toc-page-1 ez-toc-heading-level-3'><a class=\"ez-toc-link ez-toc-heading-8\" href=\"https:\/\/mpvane.com\/en\/san-pham\/canh-than-becker-90133300008wn124-032\/#2_Thong_so_ky_thuat_co_ban\" >2. Th\u00f4ng s\u1ed1 k\u1ef9 thu\u1eadt c\u01a1 b\u1ea3n<\/a><\/li><li class='ez-toc-page-1 ez-toc-heading-level-3'><a class=\"ez-toc-link ez-toc-heading-9\" href=\"https:\/\/mpvane.com\/en\/san-pham\/canh-than-becker-90133300008wn124-032\/#3_Ung_dung_pho_bien\" >3. \u1ee8ng d\u1ee5ng ph\u1ed5 bi\u1ebfn<\/a><\/li><li class='ez-toc-page-1 ez-toc-heading-level-3'><a class=\"ez-toc-link ez-toc-heading-10\" href=\"https:\/\/mpvane.com\/en\/san-pham\/canh-than-becker-90133300008wn124-032\/#4_Uu_diem_so_voi_dong_khac\" >4. \u01afu \u0111i\u1ec3m so v\u1edbi d\u00f2ng kh\u00e1c<\/a><\/li><li class='ez-toc-page-1 ez-toc-heading-level-3'><a class=\"ez-toc-link ez-toc-heading-11\" href=\"https:\/\/mpvane.com\/en\/san-pham\/canh-than-becker-90133300008wn124-032\/#5_Han_che\" >5. H\u1ea1n ch\u1ebf<\/a><\/li><li class='ez-toc-page-1 ez-toc-heading-level-3'><a class=\"ez-toc-link ez-toc-heading-12\" href=\"https:\/\/mpvane.com\/en\/san-pham\/canh-than-becker-90133300008wn124-032\/#6_So_sanh_voi_cac_dong_khac_cua_Becker\" >6. So s\u00e1nh v\u1edbi c\u00e1c d\u00f2ng kh\u00e1c c\u1ee7a Becker<\/a><\/li><li class='ez-toc-page-1 ez-toc-heading-level-3'><a class=\"ez-toc-link ez-toc-heading-13\" href=\"https:\/\/mpvane.com\/en\/san-pham\/canh-than-becker-90133300008wn124-032\/#7_Luu_y_khi_lua_chon\" >7. L\u01b0u \u00fd khi l\u1ef1a ch\u1ecdn<\/a><\/li><li class='ez-toc-page-1 ez-toc-heading-level-3'><a class=\"ez-toc-link ez-toc-heading-14\" href=\"https:\/\/mpvane.com\/en\/san-pham\/canh-than-becker-90133300008wn124-032\/#8_Tai_lieu_tham_khao\" >8. T\u00e0i li\u1ec7u tham kh\u1ea3o<\/a><\/li><\/ul><\/li><li class='ez-toc-page-1 ez-toc-heading-level-2'><a class=\"ez-toc-link ez-toc-heading-15\" href=\"https:\/\/mpvane.com\/en\/san-pham\/canh-than-becker-90133300008wn124-032\/#Huong_Dan_Mua_Hang_Lien_He\" >H\u01b0\u1edbng D\u1eabn Mua H\u00e0ng &amp; Li\u00ean H\u1ec7<\/a><\/li><\/ul><\/li><\/ul><\/nav><\/div>\n<h1><span class=\"ez-toc-section\" id=\"Canh_Quat_Becker_90133300008_WN124-032_%E2%80%93_Phu_Tung_Chinh_Hang_Cho_May_Bom_Chan_Khong\"><\/span><strong>C\u00e1nh Qu\u1ea1t Becker 90133300008 | WN124-032 \u2013 Ph\u1ee5 T\u00f9ng Ch\u00ednh H\u00e3ng Cho M\u00e1y B\u01a1m Ch\u00e2n Kh\u00f4ng<\/strong><span class=\"ez-toc-section-end\"><\/span><\/h1>\n<h2><span class=\"ez-toc-section\" id=\"Gioi_Thieu_Canh_Quat_Becker_90133200008_WN124-032\"><\/span><strong>Gi\u1edbi Thi\u1ec7u C\u00e1nh Qu\u1ea1t Becker 90133200008 | WN124-032<\/strong><span class=\"ez-toc-section-end\"><\/span><\/h2>\n<p class=\"ds-markdown-paragraph\">C\u00e1nh qu\u1ea1t\u00a0<strong>Becker 90133200008 | WN124-032<\/strong>\u00a0l\u00e0 ph\u1ee5 ki\u1ec7n thay th\u1ebf ch\u00ednh h\u00e3ng, \u0111\u01b0\u1ee3c thi\u1ebft k\u1ebf d\u00e0nh ri\u00eang cho c\u00e1c d\u00f2ng m\u00e1y b\u01a1m ch\u00e2n kh\u00f4ng\u00a0<strong>Becker DVT Series<\/strong>. S\u1ea3n ph\u1ea9m \u0111\u1ea3m b\u1ea3o \u0111\u1ed9 b\u1ec1n cao, ho\u1ea1t \u0111\u1ed9ng \u00eam \u00e1i v\u00e0 t\u01b0\u01a1ng th\u00edch tuy\u1ec7t \u0111\u1ed1i v\u1edbi thi\u1ebft b\u1ecb g\u1ed1c, gi\u00fap duy tr\u00ec hi\u1ec7u su\u1ea5t t\u1ed1i \u01b0u cho h\u1ec7 th\u1ed1ng kh\u00ed n\u00e9n.<\/p>\n<p class=\"ds-markdown-paragraph\">\u2705\u00a0<strong>Ch\u1ea5t li\u1ec7u cao c\u1ea5p<\/strong>\u00a0\u2013 \u0110\u1ed9 b\u1ec1n c\u01a1 h\u1ecdc t\u1ed1t, ch\u1ecbu m\u00e0i m\u00f2n hi\u1ec7u qu\u1ea3.<br \/>\n\u2705\u00a0<strong>Thi\u1ebft k\u1ebf chu\u1ea9n<\/strong>\u00a0\u2013 \u0110\u1ed9 ch\u00ednh x\u00e1c cao, l\u1eafp \u0111\u1eb7t d\u1ec5 d\u00e0ng.<br \/>\n\u2705\u00a0<strong>T\u01b0\u01a1ng th\u00edch r\u1ed9ng<\/strong>\u00a0\u2013 Ph\u00f9 h\u1ee3p v\u1edbi nhi\u1ec1u model Becker ph\u1ed5 bi\u1ebfn.<\/p>\n<div id=\"attachment_8729\" style=\"width: 2530px\" class=\"wp-caption alignnone\"><img fetchpriority=\"high\" decoding=\"async\" aria-describedby=\"caption-attachment-8729\" class=\"size-full wp-image-8729\" src=\"https:\/\/mpvane.com\/wp-content\/uploads\/2025\/07\/90133300004.jpg\" alt=\"C\u00e1nh than Becker 90133300004|WN124-032\" width=\"2520\" height=\"872\" srcset=\"https:\/\/mpvane.com\/wp-content\/uploads\/2025\/07\/90133300004.jpg 2520w, https:\/\/mpvane.com\/wp-content\/uploads\/2025\/07\/90133300004-300x104.jpg 300w, https:\/\/mpvane.com\/wp-content\/uploads\/2025\/07\/90133300004-1024x354.jpg 1024w, https:\/\/mpvane.com\/wp-content\/uploads\/2025\/07\/90133300004-768x266.jpg 768w, https:\/\/mpvane.com\/wp-content\/uploads\/2025\/07\/90133300004-1536x532.jpg 1536w, https:\/\/mpvane.com\/wp-content\/uploads\/2025\/07\/90133300004-2048x709.jpg 2048w, https:\/\/mpvane.com\/wp-content\/uploads\/2025\/07\/90133300004-1200x415.jpg 1200w, https:\/\/mpvane.com\/wp-content\/uploads\/2025\/07\/90133300004-150x52.jpg 150w\" sizes=\"(max-width: 2520px) 100vw, 2520px\" \/><p id=\"caption-attachment-8729\" class=\"wp-caption-text\">C\u00e1nh than Becker 90133300004|WN124-032<\/p><\/div>\n<hr \/>\n<h2><span class=\"ez-toc-section\" id=\"Thong_So_Ky_Thuat_Chi_Tiet\"><\/span><strong>Th\u00f4ng S\u1ed1 K\u1ef9 Thu\u1eadt Chi Ti\u1ebft<\/strong><span class=\"ez-toc-section-end\"><\/span><\/h2>\n<ul>\n<li>\n<p class=\"ds-markdown-paragraph\"><strong>M\u00e3 s\u1ea3n ph\u1ea9m:<\/strong> 90133300008 | WN124-032<\/p>\n<\/li>\n<li>\n<p class=\"ds-markdown-paragraph\"><strong>K\u00edch th\u01b0\u1edbc:<\/strong> 250 x 39 x 4 mm<\/p>\n<\/li>\n<li>\n<p class=\"ds-markdown-paragraph\"><strong>S\u1ed1 l\u01b0\u1ee3ng:<\/strong> 1 b\u1ed9 g\u1ed3m 8 c\u00e1nh<\/p>\n<\/li>\n<li>\n<p class=\"ds-markdown-paragraph\"><strong>Th\u01b0\u01a1ng hi\u1ec7u:<\/strong>\u00a0Becker (\u0110\u1ee9c)<\/p>\n<\/li>\n<li>\n<p class=\"ds-markdown-paragraph\"><strong>\u1ee8ng d\u1ee5ng:<\/strong>\u00a0Thay th\u1ebf c\u00e1nh qu\u1ea1t cho m\u00e1y b\u01a1m ch\u00e2n kh\u00f4ng c\u00f4ng nghi\u1ec7p.<\/p>\n<\/li>\n<\/ul>\n<hr \/>\n<h2><span class=\"ez-toc-section\" id=\"Cac_Dong_May_Tuong_Thich\"><\/span><strong>C\u00e1c D\u00f2ng M\u00e1y T\u01b0\u01a1ng Th\u00edch<\/strong><span class=\"ez-toc-section-end\"><\/span><\/h2>\n<h3><span class=\"ez-toc-section\" id=\"DVT_2100\"><\/span>DVT 2.100<span class=\"ez-toc-section-end\"><\/span><\/h3>\n<hr \/>\n<h2><span class=\"ez-toc-section\" id=\"Loi_Ich_Khi_Su_Dung_Canh_Quat_Becker_Chinh_Hang\"><\/span><strong>L\u1ee3i \u00cdch Khi S\u1eed D\u1ee5ng C\u00e1nh Qu\u1ea1t Becker Ch\u00ednh H\u00e3ng<\/strong><span class=\"ez-toc-section-end\"><\/span><\/h2>\n<p class=\"ds-markdown-paragraph\">\ud83d\udd39\u00a0<strong>T\u0103ng tu\u1ed5i th\u1ecd m\u00e1y:<\/strong>\u00a0Gi\u1ea3m ma s\u00e1t, h\u1ea1n ch\u1ebf h\u01b0 h\u1ecfng do c\u00e1nh k\u00e9m ch\u1ea5t l\u01b0\u1ee3ng.<br \/>\n\ud83d\udd39\u00a0<strong>Ti\u1ebft ki\u1ec7m n\u0103ng l\u01b0\u1ee3ng:<\/strong>\u00a0Thi\u1ebft k\u1ebf t\u1ed1i \u01b0u gi\u00fap m\u00e1y v\u1eadn h\u00e0nh tr\u01a1n tru, gi\u1ea3m ti\u00eau hao \u0111i\u1ec7n.<br \/>\n\ud83d\udd39\u00a0<strong>An to\u00e0n v\u1eadn h\u00e0nh:<\/strong>\u00a0\u0110\u1ed9 c\u00e2n b\u1eb1ng cao, gi\u1ea3m rung \u0111\u1ed9ng v\u00e0 ti\u1ebfng \u1ed3n.<\/p>\n<p class=\"ds-markdown-paragraph\">M\u00e1y b\u01a1m ch\u00e2n kh\u00f4ng kh\u00f4 (dry vacuum pump) c\u1ee7a Becker d\u00f2ng\u00a0<strong>KVT<\/strong>\u00a0l\u00e0 m\u1ed9t trong nh\u1eefng s\u1ea3n ph\u1ea9m n\u1ed5i ti\u1ebfng c\u1ee7a h\u00e3ng\u00a0<strong>Becker Pumpen<\/strong>\u00a0(\u0110\u1ee9c), \u0111\u01b0\u1ee3c thi\u1ebft k\u1ebf \u0111\u1ec3 ho\u1ea1t \u0111\u1ed9ng kh\u00f4ng c\u1ea7n d\u1ea7u b\u00f4i tr\u01a1n trong bu\u1ed3ng b\u01a1m, ph\u00f9 h\u1ee3p v\u1edbi c\u00e1c \u1ee9ng d\u1ee5ng y\u00eau c\u1ea7u ch\u00e2n kh\u00f4ng s\u1ea1ch, kh\u00f4ng nhi\u1ec5m d\u1ea7u. D\u01b0\u1edbi \u0111\u00e2y l\u00e0 m\u1ed9t s\u1ed1 th\u00f4ng tin chi ti\u1ebft v\u1ec1 d\u00f2ng m\u00e1y b\u01a1m n\u00e0y:<\/p>\n<hr \/>\n<h3><span class=\"ez-toc-section\" id=\"1_Dac_diem_noi_bat_cua_dong_KVT\"><\/span><strong>1. \u0110\u1eb7c \u0111i\u1ec3m n\u1ed5i b\u1eadt c\u1ee7a d\u00f2ng KVT<\/strong><span class=\"ez-toc-section-end\"><\/span><\/h3>\n<ul>\n<li>\n<p class=\"ds-markdown-paragraph\"><strong>C\u00f4ng ngh\u1ec7 kh\u00f4 (Dry Vacuum):<\/strong>\u00a0Kh\u00f4ng s\u1eed d\u1ee5ng d\u1ea7u trong bu\u1ed3ng b\u01a1m, gi\u00fap lo\u1ea1i b\u1ecf nguy c\u01a1 \u00f4 nhi\u1ec5m d\u1ea7u trong h\u1ec7 th\u1ed1ng ch\u00e2n kh\u00f4ng.<\/p>\n<\/li>\n<li>\n<p class=\"ds-markdown-paragraph\"><strong>Thi\u1ebft k\u1ebf m\u00e0ng (Diaphragm Pump):<\/strong>\u00a0S\u1eed d\u1ee5ng c\u01a1 ch\u1ebf m\u00e0ng dao \u0111\u1ed9ng \u0111\u1ec3 h\u00fat v\u00e0 \u0111\u1ea9y kh\u00ed, ph\u00f9 h\u1ee3p cho c\u00e1c \u1ee9ng d\u1ee5ng y\u00eau c\u1ea7u \u0111\u1ed9 ch\u00e2n kh\u00f4ng trung b\u00ecnh.<\/p>\n<\/li>\n<li>\n<p class=\"ds-markdown-paragraph\"><strong>V\u1eadn h\u00e0nh \u00eam, \u00edt rung:<\/strong>\u00a0Nh\u1edd c\u1ea5u t\u1ea1o m\u00e0ng, m\u00e1y ho\u1ea1t \u0111\u1ed9ng \u1ed3n \u00e0o th\u1ea5p h\u01a1n so v\u1edbi b\u01a1m piston ho\u1eb7c v\u00f2ng n\u01b0\u1edbc.<\/p>\n<\/li>\n<li>\n<p class=\"ds-markdown-paragraph\"><strong>B\u1ea3o tr\u00ec th\u1ea5p:<\/strong>\u00a0Kh\u00f4ng c\u1ea7n thay d\u1ea7u \u0111\u1ecbnh k\u1ef3, gi\u1ea3m chi ph\u00ed v\u1eadn h\u00e0nh.<\/p>\n<\/li>\n<li>\n<p class=\"ds-markdown-paragraph\"><strong>Kh\u1ea3 n\u0103ng ch\u1ed1ng h\u00f3a ch\u1ea5t:<\/strong>\u00a0M\u1ed9t s\u1ed1 model c\u00f3 th\u1ec3 x\u1eed l\u00fd kh\u00ed c\u00f3 h\u01a1i h\u00f3a ch\u1ea5t nh\u1edd v\u1eadt li\u1ec7u m\u00e0ng ph\u00f9 h\u1ee3p (v\u00ed d\u1ee5 PTFE).<\/p>\n<\/li>\n<\/ul>\n<hr \/>\n<h3><span class=\"ez-toc-section\" id=\"2_Thong_so_ky_thuat_co_ban\"><\/span><strong>2. Th\u00f4ng s\u1ed1 k\u1ef9 thu\u1eadt c\u01a1 b\u1ea3n<\/strong><span class=\"ez-toc-section-end\"><\/span><\/h3>\n<ul>\n<li>\n<p class=\"ds-markdown-paragraph\"><strong>D\u1ea3i \u00e1p su\u1ea5t ch\u00e2n kh\u00f4ng:<\/strong>\u00a0Kho\u1ea3ng\u00a0<strong>50\u2013100 mbar (tuy\u1ec7t \u0111\u1ed1i)<\/strong>, ph\u00f9 h\u1ee3p cho \u1ee9ng d\u1ee5ng ch\u00e2n kh\u00f4ng nh\u1eb9 \u0111\u1ebfn trung b\u00ecnh.<\/p>\n<\/li>\n<li>\n<p class=\"ds-markdown-paragraph\"><strong>L\u01b0u l\u01b0\u1ee3ng (Flow rate):<\/strong>\u00a0T\u1eeb\u00a0<strong>1.5\u201325 m\u00b3\/h<\/strong>\u00a0t\u00f9y model.<\/p>\n<\/li>\n<li>\n<p class=\"ds-markdown-paragraph\"><strong>\u0110\u1ed9ng c\u01a1 \u0111i\u1ec7n:<\/strong>\u00a0C\u00f4ng su\u1ea5t t\u1eeb\u00a0<strong>0.12\u20131.5 kW<\/strong>, \u0111i\u1ec7n \u00e1p 220V\/380V t\u00f9y c\u1ea5u h\u00ecnh.<\/p>\n<\/li>\n<li>\n<p class=\"ds-markdown-paragraph\"><strong>V\u1eadt li\u1ec7u:<\/strong>\u00a0Th\u00e2n b\u01a1m b\u1eb1ng nh\u00f4m, m\u00e0ng b\u01a1m c\u00f3 th\u1ec3 l\u00e0\u00a0<strong>NBR, EPDM ho\u1eb7c PTFE<\/strong>\u00a0t\u00f9y \u1ee9ng d\u1ee5ng.<\/p>\n<\/li>\n<li>\n<p class=\"ds-markdown-paragraph\"><strong>K\u1ebft n\u1ed1i:<\/strong>\u00a0C\u1ed5ng h\u00fat\/x\u1ea3 ti\u00eau chu\u1ea9n\u00a0<strong>DN 10\u201325 mm<\/strong>.<\/p>\n<\/li>\n<\/ul>\n<hr \/>\n<h3><span class=\"ez-toc-section\" id=\"3_Ung_dung_pho_bien\"><\/span><strong>3. \u1ee8ng d\u1ee5ng ph\u1ed5 bi\u1ebfn<\/strong><span class=\"ez-toc-section-end\"><\/span><\/h3>\n<ul>\n<li>\n<p class=\"ds-markdown-paragraph\"><strong>Ph\u00f2ng th\u00ed nghi\u1ec7m:<\/strong>\u00a0H\u00fat ch\u00e2n kh\u00f4ng trong m\u00e1y quang ph\u1ed5, b\u01a1m ch\u00e2n kh\u00f4ng cho b\u00ecnh ch\u1ee9a.<\/p>\n<\/li>\n<li>\n<p class=\"ds-markdown-paragraph\"><strong>C\u00f4ng nghi\u1ec7p th\u1ef1c ph\u1ea9m:<\/strong>\u00a0\u0110\u00f3ng g\u00f3i ch\u00e2n kh\u00f4ng (VAC packaging), s\u1ea5y kh\u00f4.<\/p>\n<\/li>\n<li>\n<p class=\"ds-markdown-paragraph\"><strong>Y t\u1ebf:<\/strong>\u00a0H\u1ed7 tr\u1ee3 h\u1ec7 th\u1ed1ng h\u00fat d\u1ecbch, nha khoa.<\/p>\n<\/li>\n<li>\n<p class=\"ds-markdown-paragraph\"><strong>C\u00f4ng nghi\u1ec7p h\u00f3a ch\u1ea5t:<\/strong>\u00a0B\u01a1m kh\u00ed tr\u01a1 ho\u1eb7c h\u01a1i h\u00f3a ch\u1ea5t (n\u1ebfu d\u00f9ng m\u00e0ng PTFE).<\/p>\n<\/li>\n<li>\n<p class=\"ds-markdown-paragraph\"><strong>In \u1ea5n &amp; \u0110\u00f3ng g\u00f3i:<\/strong>\u00a0V\u1eadn h\u00e0nh m\u00e1y h\u00fat gi\u1eef s\u1ea3n ph\u1ea9m.<\/p>\n<\/li>\n<\/ul>\n<hr \/>\n<h3><span class=\"ez-toc-section\" id=\"4_Uu_diem_so_voi_dong_khac\"><\/span><strong>4. \u01afu \u0111i\u1ec3m so v\u1edbi d\u00f2ng kh\u00e1c<\/strong><span class=\"ez-toc-section-end\"><\/span><\/h3>\n<ul>\n<li>\n<p class=\"ds-markdown-paragraph\"><strong>Kh\u00f4ng d\u1ea7u:<\/strong>\u00a0An to\u00e0n h\u01a1n so v\u1edbi b\u01a1m v\u00f2ng d\u1ea7u (oil-sealed) trong m\u00f4i tr\u01b0\u1eddng y\u00eau c\u1ea7u s\u1ea1ch.<\/p>\n<\/li>\n<li>\n<p class=\"ds-markdown-paragraph\"><strong>Nh\u1ecf g\u1ecdn:<\/strong>\u00a0Thi\u1ebft k\u1ebf nh\u1eb9, d\u1ec5 l\u1eafp \u0111\u1eb7t.<\/p>\n<\/li>\n<li>\n<p class=\"ds-markdown-paragraph\"><strong>Ti\u1ebft ki\u1ec7m n\u0103ng l\u01b0\u1ee3ng:<\/strong>\u00a0Hi\u1ec7u su\u1ea5t cao v\u1edbi \u0111i\u1ec7n n\u0103ng ti\u00eau th\u1ee5 th\u1ea5p.<\/p>\n<\/li>\n<\/ul>\n<hr \/>\n<h3><span class=\"ez-toc-section\" id=\"5_Han_che\"><\/span><strong>5. H\u1ea1n ch\u1ebf<\/strong><span class=\"ez-toc-section-end\"><\/span><\/h3>\n<ul>\n<li>\n<p class=\"ds-markdown-paragraph\"><strong>\u0110\u1ed9 ch\u00e2n kh\u00f4ng kh\u00f4ng cao b\u1eb1ng b\u01a1m v\u00f2ng d\u1ea7u ho\u1eb7c b\u01a1m Roots.<\/strong><\/p>\n<\/li>\n<li>\n<p class=\"ds-markdown-paragraph\"><strong>M\u00e0ng b\u01a1m c\u00f3 th\u1ec3 b\u1ecb m\u00f2n n\u1ebfu l\u00e0m vi\u1ec7c v\u1edbi kh\u00ed c\u00f3 h\u1ea1t r\u1eafn ho\u1eb7c h\u00f3a ch\u1ea5t \u0103n m\u00f2n.<\/strong><\/p>\n<\/li>\n<\/ul>\n<hr \/>\n<h3><span class=\"ez-toc-section\" id=\"6_So_sanh_voi_cac_dong_khac_cua_Becker\"><\/span><strong>6. So s\u00e1nh v\u1edbi c\u00e1c d\u00f2ng kh\u00e1c c\u1ee7a Becker<\/strong><span class=\"ez-toc-section-end\"><\/span><\/h3>\n<ul>\n<li>\n<p class=\"ds-markdown-paragraph\"><strong>B\u01a1m v\u00f2ng d\u1ea7u (Oil-sealed):<\/strong>\u00a0VD d\u00f2ng\u00a0<strong>R5\/R8<\/strong>\u00a0\u2013 cho \u0111\u1ed9 ch\u00e2n kh\u00f4ng s\u00e2u h\u01a1n nh\u01b0ng c\u1ea7n b\u1ea3o d\u01b0\u1ee1ng d\u1ea7u.<\/p>\n<\/li>\n<li>\n<p class=\"ds-markdown-paragraph\"><strong>B\u01a1m c\u00e1nh g\u1ea1t kh\u00f4 (Claw Pump):<\/strong>\u00a0VD d\u00f2ng\u00a0<strong>VD\/VDH<\/strong>\u00a0\u2013 c\u00f4ng su\u1ea5t l\u1edbn h\u01a1n, ph\u00f9 h\u1ee3p c\u00f4ng nghi\u1ec7p n\u1eb7ng.<\/p>\n<\/li>\n<li>\n<p class=\"ds-markdown-paragraph\"><strong>B\u01a1m Roots:<\/strong>\u00a0K\u1ebft h\u1ee3p v\u1edbi b\u01a1m KVT \u0111\u1ec3 t\u0103ng hi\u1ec7u su\u1ea5t.<\/p>\n<\/li>\n<\/ul>\n<hr \/>\n<h3><span class=\"ez-toc-section\" id=\"7_Luu_y_khi_lua_chon\"><\/span><strong>7. L\u01b0u \u00fd khi l\u1ef1a ch\u1ecdn<\/strong><span class=\"ez-toc-section-end\"><\/span><\/h3>\n<ul>\n<li>\n<p class=\"ds-markdown-paragraph\">Ki\u1ec3m tra kh\u1ea3 n\u0103ng t\u01b0\u01a1ng th\u00edch v\u1edbi h\u00f3a ch\u1ea5t (n\u1ebfu c\u00f3).<\/p>\n<\/li>\n<li>\n<p class=\"ds-markdown-paragraph\">Ch\u1ecdn v\u1eadt li\u1ec7u m\u00e0ng (NBR\/EPDM\/PTFE) theo m\u00f4i tr\u01b0\u1eddng l\u00e0m vi\u1ec7c.<\/p>\n<\/li>\n<li>\n<p class=\"ds-markdown-paragraph\">C\u00e2n nh\u1eafc l\u1eafp th\u00eam b\u1ed9 l\u1ecdc n\u1ebfu kh\u00ed c\u00f3 b\u1ee5i.<\/p>\n<\/li>\n<\/ul>\n<hr \/>\n<h3><span class=\"ez-toc-section\" id=\"8_Tai_lieu_tham_khao\"><\/span><strong>8. T\u00e0i li\u1ec7u tham kh\u1ea3o<\/strong><span class=\"ez-toc-section-end\"><\/span><\/h3>\n<ul>\n<li>\n<p class=\"ds-markdown-paragraph\">Catalog ch\u00ednh th\u1ee9c c\u1ee7a Becker:\u00a0<a href=\"https:\/\/www.becker-pumpen.de\/\" target=\"_blank\" rel=\"noopener noreferrer\">Becker Pumpen KVT Series<\/a>\u00a0(ki\u1ec3m tra model c\u1ee5 th\u1ec3).<\/p>\n<\/li>\n<li>\n<p class=\"ds-markdown-paragraph\">H\u01b0\u1edbng d\u1eabn b\u1ea3o tr\u00ec t\u1eeb nh\u00e0 s\u1ea3n xu\u1ea5t.<\/p>\n<\/li>\n<\/ul>\n<p class=\"ds-markdown-paragraph\">N\u1ebfu b\u1ea1n c\u1ea7n th\u00f4ng s\u1ed1 c\u1ee5 th\u1ec3 c\u1ee7a m\u1ed9t model KVT n\u00e0o \u0111\u00f3 ho\u1eb7c h\u1ed7 tr\u1ee3 k\u1ef9 thu\u1eadt, c\u00f3 th\u1ec3 li\u00ean h\u1ec7 \u0111\u1ea1i l\u00fd Becker t\u1ea1i Vi\u1ec7t Nam ho\u1eb7c truy c\u1eadp website h\u00e3ng.<\/p>\n<hr \/>\n<h2><span class=\"ez-toc-section\" id=\"Huong_Dan_Mua_Hang_Lien_He\"><\/span><strong>H\u01b0\u1edbng D\u1eabn Mua H\u00e0ng &amp; Li\u00ean H\u1ec7<\/strong><span class=\"ez-toc-section-end\"><\/span><\/h2>\n<p class=\"ds-markdown-paragraph\">Qu\u00fd kh\u00e1ch c\u1ea7n\u00a0<strong>C\u00e1nh qu\u1ea1t Becker 90133300008 | WN124-032<\/strong>\u00a0ho\u1eb7c t\u01b0 v\u1ea5n k\u1ef9 thu\u1eadt? H\u00e3y li\u00ean h\u1ec7 ngay:<\/p>\n<p class=\"ds-markdown-paragraph\">\ud83d\udce7\u00a0<strong>Email:<\/strong>\u00a0<a href=\"https:\/\/mailto:Sales@minhphuco.vn\/\" target=\"_blank\" rel=\"noopener noreferrer\">Sales@minhphuco.vn<\/a><br \/>\n\ud83d\udcde\u00a0<strong>Hotline\/Zalo:<\/strong>\u00a00985 490 343 \/ 0985 843 778<br \/>\n\ud83c\udfe2\u00a0<strong>C\u00f4ng ty TNHH K\u1ef9 Thu\u1eadt &amp; D\u1ecbch V\u1ee5 Minh Ph\u00fa<\/strong><\/p>\n<p class=\"ds-markdown-paragraph\">*Cam k\u1ebft h\u00e0ng ch\u00ednh h\u00e3ng, giao h\u00e0ng to\u00e0n qu\u1ed1c, h\u1ed7 tr\u1ee3 k\u1ef9 thu\u1eadt 24\/7!*<\/p>\n<p>Tag : <strong>C\u00e1nh Qu\u1ea1t Becker 90133300008 | WN124-032 &#8211; Ch\u00ednh H\u00e3ng 100%<\/strong><\/p>\n<p><strong>C\u00e1nh Qu\u1ea1t Becker 90133300008 &#8211; Ph\u1ee5 T\u00f9ng Thay Th\u1ebf M\u00e1y B\u01a1m Ch\u00e2n Kh\u00f4ng<\/strong><\/p>\n<p><strong>C\u00e1nh Qu\u1ea1t Becker 90133300008 | T\u01b0\u01a1ng Th\u00edch KDT, KVT Series<\/strong><\/p>\n<p><strong>C\u00e1nh Qu\u1ea1t Becker 901333000078 | Gi\u1ea3m Rung, Ti\u1ebft Ki\u1ec7m \u0110i\u1ec7n &#8211; Giao H\u00e0ng To\u00e0n Qu\u1ed1c<\/strong><\/p>\n<p><strong>Mua Ngay C\u00e1nh Qu\u1ea1t Becker 90133300008 &#8211; Gi\u00e1 T\u1ed1t Nh\u1ea5t, Ship COD 24h<\/strong><\/p>\n<ul>\n<li data-start=\"251\" data-end=\"316\">\n<p data-start=\"254\" data-end=\"316\"><strong data-start=\"254\" data-end=\"316\">L\u00e1 G\u1ea1t Becker WN124-032 | Vane M\u00e1y B\u01a1m Becker Ch\u00ednh H\u00e3ng<\/strong><\/p>\n<\/li>\n<li data-start=\"317\" data-end=\"380\">\n<p data-start=\"320\" data-end=\"380\"><strong data-start=\"320\" data-end=\"380\">C\u00e1nh Vane Becker WN124-032 D\u00f9ng Cho B\u01a1m H\u00fat Ch\u00e2n Kh\u00f4ng<\/strong><\/p>\n<\/li>\n<li data-start=\"381\" data-end=\"448\">\n<p data-start=\"384\" data-end=\"448\"><strong data-start=\"384\" data-end=\"448\">Ph\u1ee5 Ki\u1ec7n M\u00e1y B\u01a1m Becker WN124-032 \u2013 C\u00e1nh G\u1ea1t Hi\u1ec7u Su\u1ea5t Cao<\/strong><\/p>\n<\/li>\n<li data-start=\"449\" data-end=\"526\">\n<p data-start=\"452\" data-end=\"526\"><strong data-start=\"452\" data-end=\"526\">Becker WN124-032\u2013 L\u00e1 Ph\u00edp\/C\u00e1nh G\u1ea1t B\u01a1m Ch\u00e2n Kh\u00f4ng Becker Ch\u00ednh H\u00e3ng<\/strong><\/p>\n<\/li>\n<\/ul>\n<p>Tham kh\u1ea3o th\u00eam c\u00e1nh than carbon d\u00f9ng cho b\u01a1m ch\u00e2n kh\u00f4ng kh\u00f4 c\u1ee7a H\u00e3ng Becker t\u1ea1i trang website : <a href=\"https:\/\/mpvane.com\/product-category\/canh-vane\/canh-vanes-becker\/\">www.mpvane.com<\/a><\/p>\n","protected":false},"excerpt":{"rendered":"<p>S\u1ed1 l\u01b0\u1ee3ng c\u00e1nh qu\u1ea1t\/b\u1ed9: 8 C\u00e1nh<br \/>\nS\u1ed1 WN: WN124-032<br \/>\nK\u00edch th\u01b0\u1edbc chu\u1ea9n : 250-39-4 mm<br \/>\nV\u1eadt li\u1ec7u c\u00e1nh qu\u1ea1t: cacbon \/ carbon<br \/>\nModel: DVT 2.100<\/p>\n","protected":false},"featured_media":8745,"comment_status":"open","ping_status":"closed","template":"","meta":{"_acf_changed":false},"product_brand":[],"product_cat":[69,701],"product_tag":[2676],"class_list":{"0":"post-8742","1":"product","2":"type-product","3":"status-publish","4":"has-post-thumbnail","6":"product_cat-canh-vane","7":"product_cat-canh-vanes-becker","8":"product_tag-2676","10":"first","11":"instock","12":"shipping-taxable","13":"product-type-simple"},"acf":[],"_links":{"self":[{"href":"https:\/\/mpvane.com\/en\/wp-json\/wp\/v2\/product\/8742","targetHints":{"allow":["GET"]}}],"collection":[{"href":"https:\/\/mpvane.com\/en\/wp-json\/wp\/v2\/product"}],"about":[{"href":"https:\/\/mpvane.com\/en\/wp-json\/wp\/v2\/types\/product"}],"replies":[{"embeddable":true,"href":"https:\/\/mpvane.com\/en\/wp-json\/wp\/v2\/comments?post=8742"}],"version-history":[{"count":1,"href":"https:\/\/mpvane.com\/en\/wp-json\/wp\/v2\/product\/8742\/revisions"}],"predecessor-version":[{"id":8747,"href":"https:\/\/mpvane.com\/en\/wp-json\/wp\/v2\/product\/8742\/revisions\/8747"}],"wp:featuredmedia":[{"embeddable":true,"href":"https:\/\/mpvane.com\/en\/wp-json\/wp\/v2\/media\/8745"}],"wp:attachment":[{"href":"https:\/\/mpvane.com\/en\/wp-json\/wp\/v2\/media?parent=8742"}],"wp:term":[{"taxonomy":"product_brand","embeddable":true,"href":"https:\/\/mpvane.com\/en\/wp-json\/wp\/v2\/product_brand?post=8742"},{"taxonomy":"product_cat","embeddable":true,"href":"https:\/\/mpvane.com\/en\/wp-json\/wp\/v2\/product_cat?post=8742"},{"taxonomy":"product_tag","embeddable":true,"href":"https:\/\/mpvane.com\/en\/wp-json\/wp\/v2\/product_tag?post=8742"}],"curies":[{"name":"wp","href":"https:\/\/api.w.org\/{rel}","templated":true}]}}