{"id":8660,"date":"2025-06-30T22:35:21","date_gmt":"2025-06-30T15:35:21","guid":{"rendered":"https:\/\/mpvane.com\/?post_type=product&#038;p=8660"},"modified":"2025-06-30T23:14:47","modified_gmt":"2025-06-30T16:14:47","slug":"canh-than-becker-90133000004wn124-034","status":"publish","type":"product","link":"https:\/\/mpvane.com\/en\/san-pham\/canh-than-becker-90133000004wn124-034\/","title":{"rendered":"C\u00e1nh than Becker 90133000004|WN124-034"},"content":{"rendered":"<div id=\"ez-toc-container\" class=\"ez-toc-v2_0_75 counter-hierarchy ez-toc-counter ez-toc-grey ez-toc-container-direction\">\n<div class=\"ez-toc-title-container\">\n<p class=\"ez-toc-title\" style=\"cursor:inherit\">Table of Contents<\/p>\n<span class=\"ez-toc-title-toggle\"><a href=\"#\" class=\"ez-toc-pull-right ez-toc-btn ez-toc-btn-xs ez-toc-btn-default ez-toc-toggle\" aria-label=\"Toggle Table of Content\"><span class=\"ez-toc-js-icon-con\"><span class=\"\"><span class=\"eztoc-hide\" style=\"display:none;\">Toggle<\/span><span class=\"ez-toc-icon-toggle-span\"><svg style=\"fill: #999;color:#999\" xmlns=\"http:\/\/www.w3.org\/2000\/svg\" class=\"list-377408\" width=\"20px\" height=\"20px\" viewBox=\"0 0 24 24\" fill=\"none\"><path d=\"M6 6H4v2h2V6zm14 0H8v2h12V6zM4 11h2v2H4v-2zm16 0H8v2h12v-2zM4 16h2v2H4v-2zm16 0H8v2h12v-2z\" fill=\"currentColor\"><\/path><\/svg><svg style=\"fill: #999;color:#999\" class=\"arrow-unsorted-368013\" xmlns=\"http:\/\/www.w3.org\/2000\/svg\" width=\"10px\" height=\"10px\" viewBox=\"0 0 24 24\" version=\"1.2\" baseProfile=\"tiny\"><path d=\"M18.2 9.3l-6.2-6.3-6.2 6.3c-.2.2-.3.4-.3.7s.1.5.3.7c.2.2.4.3.7.3h11c.3 0 .5-.1.7-.3.2-.2.3-.5.3-.7s-.1-.5-.3-.7zM5.8 14.7l6.2 6.3 6.2-6.3c.2-.2.3-.5.3-.7s-.1-.5-.3-.7c-.2-.2-.4-.3-.7-.3h-11c-.3 0-.5.1-.7.3-.2.2-.3.5-.3.7s.1.5.3.7z\"\/><\/svg><\/span><\/span><\/span><\/a><\/span><\/div>\n<nav><ul class='ez-toc-list ez-toc-list-level-1 ' ><li class='ez-toc-page-1 ez-toc-heading-level-1'><a class=\"ez-toc-link ez-toc-heading-1\" href=\"https:\/\/mpvane.com\/en\/san-pham\/canh-than-becker-90133000004wn124-034\/#Canh_Quat_Becker_90133000004_WN124-034_%E2%80%93_Phu_Tung_Chinh_Hang_Cho_May_Bom_Chan_Khong\" >C\u00e1nh Qu\u1ea1t Becker 90133000004 | WN124-034 \u2013 Ph\u1ee5 T\u00f9ng Ch\u00ednh H\u00e3ng Cho M\u00e1y B\u01a1m Ch\u00e2n Kh\u00f4ng<\/a><ul class='ez-toc-list-level-2' ><li class='ez-toc-heading-level-2'><a class=\"ez-toc-link ez-toc-heading-2\" href=\"https:\/\/mpvane.com\/en\/san-pham\/canh-than-becker-90133000004wn124-034\/#Gioi_Thieu_Canh_Quat_Becker_90133000004_WN124-034\" >Gi\u1edbi Thi\u1ec7u C\u00e1nh Qu\u1ea1t Becker 90133000004 | WN124-034<\/a><\/li><li class='ez-toc-page-1 ez-toc-heading-level-2'><a class=\"ez-toc-link ez-toc-heading-3\" href=\"https:\/\/mpvane.com\/en\/san-pham\/canh-than-becker-90133000004wn124-034\/#Thong_So_Ky_Thuat_Chi_Tiet\" >Th\u00f4ng S\u1ed1 K\u1ef9 Thu\u1eadt Chi Ti\u1ebft<\/a><\/li><li class='ez-toc-page-1 ez-toc-heading-level-2'><a class=\"ez-toc-link ez-toc-heading-4\" href=\"https:\/\/mpvane.com\/en\/san-pham\/canh-than-becker-90133000004wn124-034\/#Cac_Dong_May_Tuong_Thich\" >C\u00e1c D\u00f2ng M\u00e1y T\u01b0\u01a1ng Th\u00edch<\/a><ul class='ez-toc-list-level-3' ><li class='ez-toc-heading-level-3'><a class=\"ez-toc-link ez-toc-heading-5\" href=\"https:\/\/mpvane.com\/en\/san-pham\/canh-than-becker-90133000004wn124-034\/#1_Becker_KDT_Series\" >1. Becker KDT Series<\/a><\/li><li class='ez-toc-page-1 ez-toc-heading-level-3'><a class=\"ez-toc-link ez-toc-heading-6\" href=\"https:\/\/mpvane.com\/en\/san-pham\/canh-than-becker-90133000004wn124-034\/#2_Becker_KVT_Series\" >2. Becker KVT Series<\/a><\/li><li class='ez-toc-page-1 ez-toc-heading-level-3'><a class=\"ez-toc-link ez-toc-heading-7\" href=\"https:\/\/mpvane.com\/en\/san-pham\/canh-than-becker-90133000004wn124-034\/#3_PICCHIO_Series\" >3. PICCHIO Series<\/a><\/li><\/ul><\/li><li class='ez-toc-page-1 ez-toc-heading-level-2'><a class=\"ez-toc-link ez-toc-heading-8\" href=\"https:\/\/mpvane.com\/en\/san-pham\/canh-than-becker-90133000004wn124-034\/#Loi_Ich_Khi_Su_Dung_Canh_Quat_Becker_Chinh_Hang\" >L\u1ee3i \u00cdch Khi S\u1eed D\u1ee5ng C\u00e1nh Qu\u1ea1t Becker Ch\u00ednh H\u00e3ng<\/a><\/li><li class='ez-toc-page-1 ez-toc-heading-level-2'><a class=\"ez-toc-link ez-toc-heading-9\" href=\"https:\/\/mpvane.com\/en\/san-pham\/canh-than-becker-90133000004wn124-034\/#Huong_Dan_Mua_Hang_Lien_He\" >H\u01b0\u1edbng D\u1eabn Mua H\u00e0ng &amp; Li\u00ean H\u1ec7<\/a><\/li><\/ul><\/li><\/ul><\/nav><\/div>\n<h1><span class=\"ez-toc-section\" id=\"Canh_Quat_Becker_90133000004_WN124-034_%E2%80%93_Phu_Tung_Chinh_Hang_Cho_May_Bom_Chan_Khong\"><\/span><strong>C\u00e1nh Qu\u1ea1t Becker 90133000004 | WN124-034 \u2013 Ph\u1ee5 T\u00f9ng Ch\u00ednh H\u00e3ng Cho M\u00e1y B\u01a1m Ch\u00e2n Kh\u00f4ng<\/strong><span class=\"ez-toc-section-end\"><\/span><\/h1>\n<h2><span class=\"ez-toc-section\" id=\"Gioi_Thieu_Canh_Quat_Becker_90133000004_WN124-034\"><\/span><strong>Gi\u1edbi Thi\u1ec7u C\u00e1nh Qu\u1ea1t Becker 90133000004 | WN124-034<\/strong><span class=\"ez-toc-section-end\"><\/span><\/h2>\n<p class=\"ds-markdown-paragraph\">C\u00e1nh qu\u1ea1t\u00a0<strong>Becker 90133000004 | WN124-034<\/strong>\u00a0l\u00e0 ph\u1ee5 ki\u1ec7n thay th\u1ebf ch\u00ednh h\u00e3ng, \u0111\u01b0\u1ee3c thi\u1ebft k\u1ebf d\u00e0nh ri\u00eang cho c\u00e1c d\u00f2ng m\u00e1y b\u01a1m ch\u00e2n kh\u00f4ng\u00a0<strong>Becker KDT &amp; KVT Series<\/strong>. S\u1ea3n ph\u1ea9m \u0111\u1ea3m b\u1ea3o \u0111\u1ed9 b\u1ec1n cao, ho\u1ea1t \u0111\u1ed9ng \u00eam \u00e1i v\u00e0 t\u01b0\u01a1ng th\u00edch tuy\u1ec7t \u0111\u1ed1i v\u1edbi thi\u1ebft b\u1ecb g\u1ed1c, gi\u00fap duy tr\u00ec hi\u1ec7u su\u1ea5t t\u1ed1i \u01b0u cho h\u1ec7 th\u1ed1ng kh\u00ed n\u00e9n.<\/p>\n<p class=\"ds-markdown-paragraph\">\u2705\u00a0<strong>Ch\u1ea5t li\u1ec7u cao c\u1ea5p<\/strong>\u00a0\u2013 \u0110\u1ed9 b\u1ec1n c\u01a1 h\u1ecdc t\u1ed1t, ch\u1ecbu m\u00e0i m\u00f2n hi\u1ec7u qu\u1ea3.<br \/>\n\u2705\u00a0<strong>Thi\u1ebft k\u1ebf chu\u1ea9n<\/strong>\u00a0\u2013 \u0110\u1ed9 ch\u00ednh x\u00e1c cao, l\u1eafp \u0111\u1eb7t d\u1ec5 d\u00e0ng.<br \/>\n\u2705\u00a0<strong>T\u01b0\u01a1ng th\u00edch r\u1ed9ng<\/strong>\u00a0\u2013 Ph\u00f9 h\u1ee3p v\u1edbi nhi\u1ec1u model Becker ph\u1ed5 bi\u1ebfn.<\/p>\n<div id=\"attachment_8666\" style=\"width: 2570px\" class=\"wp-caption alignnone\"><img fetchpriority=\"high\" decoding=\"async\" aria-describedby=\"caption-attachment-8666\" class=\"vane becker 90133000004 wp-image-8666 size-full\" title=\"becker 90133000004\" src=\"https:\/\/mpvane.com\/wp-content\/uploads\/2025\/06\/becker-9013300004-carbon-vane-scaled.jpg\" alt=\"4 b\u1ed9 c\u00e1nh than becker 9013300004\" width=\"2560\" height=\"1160\" srcset=\"https:\/\/mpvane.com\/wp-content\/uploads\/2025\/06\/becker-9013300004-carbon-vane-scaled.jpg 2560w, https:\/\/mpvane.com\/wp-content\/uploads\/2025\/06\/becker-9013300004-carbon-vane-300x136.jpg 300w, https:\/\/mpvane.com\/wp-content\/uploads\/2025\/06\/becker-9013300004-carbon-vane-1024x464.jpg 1024w, https:\/\/mpvane.com\/wp-content\/uploads\/2025\/06\/becker-9013300004-carbon-vane-768x348.jpg 768w, https:\/\/mpvane.com\/wp-content\/uploads\/2025\/06\/becker-9013300004-carbon-vane-1536x696.jpg 1536w, https:\/\/mpvane.com\/wp-content\/uploads\/2025\/06\/becker-9013300004-carbon-vane-2048x928.jpg 2048w, https:\/\/mpvane.com\/wp-content\/uploads\/2025\/06\/becker-9013300004-carbon-vane-1200x544.jpg 1200w, https:\/\/mpvane.com\/wp-content\/uploads\/2025\/06\/becker-9013300004-carbon-vane-150x68.jpg 150w\" sizes=\"(max-width: 2560px) 100vw, 2560px\" \/><p id=\"caption-attachment-8666\" class=\"wp-caption-text\">vane becker 90133000004<\/p><\/div>\n<hr \/>\n<h2><span class=\"ez-toc-section\" id=\"Thong_So_Ky_Thuat_Chi_Tiet\"><\/span><strong>Th\u00f4ng S\u1ed1 K\u1ef9 Thu\u1eadt Chi Ti\u1ebft<\/strong><span class=\"ez-toc-section-end\"><\/span><\/h2>\n<ul>\n<li>\n<p class=\"ds-markdown-paragraph\"><strong>M\u00e3 s\u1ea3n ph\u1ea9m:<\/strong>\u00a090133000004 | WN124-034<\/p>\n<\/li>\n<li>\n<p class=\"ds-markdown-paragraph\"><strong>K\u00edch th\u01b0\u1edbc:<\/strong>\u00a0170 x 39 x 4 mm<\/p>\n<\/li>\n<li>\n<p class=\"ds-markdown-paragraph\"><strong>S\u1ed1 l\u01b0\u1ee3ng:<\/strong> 1 b\u1ed9 g\u1ed3m 4 c\u00e1nh<\/p>\n<\/li>\n<li>\n<p class=\"ds-markdown-paragraph\"><strong>Th\u01b0\u01a1ng hi\u1ec7u:<\/strong>\u00a0Becker (\u0110\u1ee9c)<\/p>\n<\/li>\n<li>\n<p class=\"ds-markdown-paragraph\"><strong>\u1ee8ng d\u1ee5ng:<\/strong>\u00a0Thay th\u1ebf c\u00e1nh qu\u1ea1t cho m\u00e1y b\u01a1m ch\u00e2n kh\u00f4ng c\u00f4ng nghi\u1ec7p.<\/p>\n<\/li>\n<\/ul>\n<hr \/>\n<h2><span class=\"ez-toc-section\" id=\"Cac_Dong_May_Tuong_Thich\"><\/span><strong>C\u00e1c D\u00f2ng M\u00e1y T\u01b0\u01a1ng Th\u00edch<\/strong><span class=\"ez-toc-section-end\"><\/span><\/h2>\n<h3><span class=\"ez-toc-section\" id=\"1_Becker_KDT_Series\"><\/span><strong>1. Becker KDT Series<\/strong><span class=\"ez-toc-section-end\"><\/span><\/h3>\n<ul>\n<li>\n<p class=\"ds-markdown-paragraph\"><strong>KDT 3.60:<\/strong>\u00a0Index D, F, U, W<\/p>\n<\/li>\n<li>\n<p class=\"ds-markdown-paragraph\"><strong>KDT 3.60\/0-05:<\/strong>\u00a0Index D, W<\/p>\n<\/li>\n<li>\n<p class=\"ds-markdown-paragraph\"><strong>KDT 3.60\/0-54:<\/strong>\u00a0Index D, F, U, W<\/p>\n<\/li>\n<li>\n<p class=\"ds-markdown-paragraph\"><strong>KDT 3.80:<\/strong>\u00a0Index D, G, T, W<\/p>\n<\/li>\n<li>\n<p class=\"ds-markdown-paragraph\"><strong>KDT 3.80\/0-05:<\/strong>\u00a0Index D<\/p>\n<\/li>\n<li>\n<p class=\"ds-markdown-paragraph\"><strong>KDT 3.80\/0-34:<\/strong>\u00a0Index D, G, T<\/p>\n<\/li>\n<li>\n<p class=\"ds-markdown-paragraph\"><strong>KDT 3.80\/0-400:<\/strong>\u00a0Index D, G, T<\/p>\n<\/li>\n<li>\n<p class=\"ds-markdown-paragraph\"><strong>KDT 3.80\/0-54:<\/strong>\u00a0Index D, G, T<\/p>\n<\/li>\n<\/ul>\n<h3><span class=\"ez-toc-section\" id=\"2_Becker_KVT_Series\"><\/span><strong>2. Becker KVT Series<\/strong><span class=\"ez-toc-section-end\"><\/span><\/h3>\n<ul>\n<li>\n<p class=\"ds-markdown-paragraph\"><strong>KVT 3.60:<\/strong>\u00a0Index B, C, D, F, U, W<\/p>\n<\/li>\n<li>\n<p class=\"ds-markdown-paragraph\"><strong>KVT 3.60\/0-54:<\/strong>\u00a0Index B, C, D, F, U, W<\/p>\n<\/li>\n<li>\n<p class=\"ds-markdown-paragraph\"><strong>KVT 3.60\/5:<\/strong>\u00a0Index B, C, D, F, U, W<\/p>\n<\/li>\n<li>\n<p class=\"ds-markdown-paragraph\"><strong>KVT 3.80:<\/strong>\u00a0Index C, F, U, X<\/p>\n<\/li>\n<li>\n<p class=\"ds-markdown-paragraph\"><strong>KVT 3.80\/0-54:<\/strong>\u00a0Index C, F, U, X<\/p>\n<\/li>\n<\/ul>\n<h3><span class=\"ez-toc-section\" id=\"3_PICCHIO_Series\"><\/span><strong>3. PICCHIO Series<\/strong><span class=\"ez-toc-section-end\"><\/span><\/h3>\n<ul>\n<li>\n<p class=\"ds-markdown-paragraph\"><strong>PICCHIO 2200:<\/strong>\u00a0Index C<\/p>\n<\/li>\n<\/ul>\n<hr \/>\n<h2><span class=\"ez-toc-section\" id=\"Loi_Ich_Khi_Su_Dung_Canh_Quat_Becker_Chinh_Hang\"><\/span><strong>L\u1ee3i \u00cdch Khi S\u1eed D\u1ee5ng C\u00e1nh Qu\u1ea1t Becker Ch\u00ednh H\u00e3ng<\/strong><span class=\"ez-toc-section-end\"><\/span><\/h2>\n<p class=\"ds-markdown-paragraph\">\ud83d\udd39\u00a0<strong>T\u0103ng tu\u1ed5i th\u1ecd m\u00e1y:<\/strong>\u00a0Gi\u1ea3m ma s\u00e1t, h\u1ea1n ch\u1ebf h\u01b0 h\u1ecfng do c\u00e1nh k\u00e9m ch\u1ea5t l\u01b0\u1ee3ng.<br \/>\n\ud83d\udd39\u00a0<strong>Ti\u1ebft ki\u1ec7m n\u0103ng l\u01b0\u1ee3ng:<\/strong>\u00a0Thi\u1ebft k\u1ebf t\u1ed1i \u01b0u gi\u00fap m\u00e1y v\u1eadn h\u00e0nh tr\u01a1n tru, gi\u1ea3m ti\u00eau hao \u0111i\u1ec7n.<br \/>\n\ud83d\udd39\u00a0<strong>An to\u00e0n v\u1eadn h\u00e0nh:<\/strong>\u00a0\u0110\u1ed9 c\u00e2n b\u1eb1ng cao, gi\u1ea3m rung \u0111\u1ed9ng v\u00e0 ti\u1ebfng \u1ed3n.<\/p>\n<hr \/>\n<h2><span class=\"ez-toc-section\" id=\"Huong_Dan_Mua_Hang_Lien_He\"><\/span><strong>H\u01b0\u1edbng D\u1eabn Mua H\u00e0ng &amp; Li\u00ean H\u1ec7<\/strong><span class=\"ez-toc-section-end\"><\/span><\/h2>\n<p class=\"ds-markdown-paragraph\">Qu\u00fd kh\u00e1ch c\u1ea7n\u00a0<strong>C\u00e1nh qu\u1ea1t Becker 90133000004 | WN124-034<\/strong>\u00a0ho\u1eb7c t\u01b0 v\u1ea5n k\u1ef9 thu\u1eadt? H\u00e3y li\u00ean h\u1ec7 ngay:<\/p>\n<p class=\"ds-markdown-paragraph\">\ud83d\udce7\u00a0<strong>Email:<\/strong>\u00a0<a href=\"https:\/\/mailto:Sales@minhphuco.vn\/\" target=\"_blank\" rel=\"noopener noreferrer\">Sales@minhphuco.vn<\/a><br \/>\n\ud83d\udcde\u00a0<strong>Hotline\/Zalo:<\/strong>\u00a00985 490 343 \/ 0985 843 778<br \/>\n\ud83c\udfe2\u00a0<strong>C\u00f4ng ty TNHH K\u1ef9 Thu\u1eadt &amp; D\u1ecbch V\u1ee5 Minh Ph\u00fa<\/strong><\/p>\n<p class=\"ds-markdown-paragraph\">*Cam k\u1ebft h\u00e0ng ch\u00ednh h\u00e3ng, giao h\u00e0ng to\u00e0n qu\u1ed1c, h\u1ed7 tr\u1ee3 k\u1ef9 thu\u1eadt 24\/7!*<\/p>\n<p>Tag : <strong>C\u00e1nh Qu\u1ea1t Becker 90133000004 | WN124-034 &#8211; Ch\u00ednh H\u00e3ng 100%<\/strong><\/p>\n<p><strong>C\u00e1nh Qu\u1ea1t Becker 90133000004 &#8211; Ph\u1ee5 T\u00f9ng Thay Th\u1ebf M\u00e1y B\u01a1m Ch\u00e2n Kh\u00f4ng<\/strong><\/p>\n<p><strong>C\u00e1nh Qu\u1ea1t Becker 90133000004 | T\u01b0\u01a1ng Th\u00edch KDT, KVT Series<\/strong><\/p>\n<p><strong>C\u00e1nh Qu\u1ea1t Becker 90133000004 | Gi\u1ea3m Rung, Ti\u1ebft Ki\u1ec7m \u0110i\u1ec7n &#8211; Giao H\u00e0ng To\u00e0n Qu\u1ed1c<\/strong><\/p>\n<p><strong>Mua Ngay C\u00e1nh Qu\u1ea1t Becker 90133000004 &#8211; Gi\u00e1 T\u1ed1t Nh\u1ea5t, Ship COD 24h<\/strong><\/p>\n<ul>\n<li data-start=\"251\" data-end=\"316\">\n<p data-start=\"254\" data-end=\"316\"><strong data-start=\"254\" data-end=\"316\">L\u00e1 G\u1ea1t Becker 90133000004 | Vane M\u00e1y B\u01a1m Becker Ch\u00ednh H\u00e3ng<\/strong><\/p>\n<\/li>\n<li data-start=\"317\" data-end=\"380\">\n<p data-start=\"320\" data-end=\"380\"><strong data-start=\"320\" data-end=\"380\">C\u00e1nh Vane Becker 90133000004 D\u00f9ng Cho B\u01a1m H\u00fat Ch\u00e2n Kh\u00f4ng<\/strong><\/p>\n<\/li>\n<li data-start=\"381\" data-end=\"448\">\n<p data-start=\"384\" data-end=\"448\"><strong data-start=\"384\" data-end=\"448\">Ph\u1ee5 Ki\u1ec7n M\u00e1y B\u01a1m Becker 90133000004 \u2013 C\u00e1nh G\u1ea1t Hi\u1ec7u Su\u1ea5t Cao<\/strong><\/p>\n<\/li>\n<li data-start=\"449\" data-end=\"526\">\n<p data-start=\"452\" data-end=\"526\"><strong data-start=\"452\" data-end=\"526\">Becker 90133000004 \u2013 L\u00e1 Ph\u00edp\/C\u00e1nh G\u1ea1t B\u01a1m Ch\u00e2n Kh\u00f4ng Becker Ch\u00ednh H\u00e3ng<\/strong><\/p>\n<\/li>\n<\/ul>\n<p>Tham kh\u1ea3o th\u00eam c\u00e1nh than carbon d\u00f9ng cho b\u01a1m ch\u00e2n kh\u00f4ng kh\u00f4 c\u1ee7a H\u00e3ng Becker t\u1ea1i trang website : <a href=\"https:\/\/mpvane.com\/product-category\/canh-vane\/canh-vanes-becker\/\">www.mpvane.com<\/a><\/p>\n","protected":false},"excerpt":{"rendered":"<p>S\u1ed1 l\u01b0\u1ee3ng c\u00e1nh qu\u1ea1t\/b\u1ed9: 4 C\u00e1nh<br \/>\nS\u1ed1 WN: WN124-034<br \/>\nK\u00edch th\u01b0\u1edbc chu\u1ea9n : 170-39-4 mm<br \/>\nV\u1eadt li\u1ec7u c\u00e1nh qu\u1ea1t: cacbon \/ carbon<br \/>\nModel: KDT 2.80\/KDT 3.60\/KDT 3.80\/KVT 2.80\/KVT 3.60\/KVT 3.80\/Picchio 2200<\/p>\n","protected":false},"featured_media":8661,"comment_status":"open","ping_status":"closed","template":"","meta":{"_acf_changed":false},"product_brand":[],"product_cat":[69,701],"product_tag":[2642],"class_list":{"0":"post-8660","1":"product","2":"type-product","3":"status-publish","4":"has-post-thumbnail","6":"product_cat-canh-vane","7":"product_cat-canh-vanes-becker","8":"product_tag-2642","10":"first","11":"instock","12":"shipping-taxable","13":"product-type-simple"},"acf":[],"_links":{"self":[{"href":"https:\/\/mpvane.com\/en\/wp-json\/wp\/v2\/product\/8660","targetHints":{"allow":["GET"]}}],"collection":[{"href":"https:\/\/mpvane.com\/en\/wp-json\/wp\/v2\/product"}],"about":[{"href":"https:\/\/mpvane.com\/en\/wp-json\/wp\/v2\/types\/product"}],"replies":[{"embeddable":true,"href":"https:\/\/mpvane.com\/en\/wp-json\/wp\/v2\/comments?post=8660"}],"version-history":[{"count":5,"href":"https:\/\/mpvane.com\/en\/wp-json\/wp\/v2\/product\/8660\/revisions"}],"predecessor-version":[{"id":8673,"href":"https:\/\/mpvane.com\/en\/wp-json\/wp\/v2\/product\/8660\/revisions\/8673"}],"wp:featuredmedia":[{"embeddable":true,"href":"https:\/\/mpvane.com\/en\/wp-json\/wp\/v2\/media\/8661"}],"wp:attachment":[{"href":"https:\/\/mpvane.com\/en\/wp-json\/wp\/v2\/media?parent=8660"}],"wp:term":[{"taxonomy":"product_brand","embeddable":true,"href":"https:\/\/mpvane.com\/en\/wp-json\/wp\/v2\/product_brand?post=8660"},{"taxonomy":"product_cat","embeddable":true,"href":"https:\/\/mpvane.com\/en\/wp-json\/wp\/v2\/product_cat?post=8660"},{"taxonomy":"product_tag","embeddable":true,"href":"https:\/\/mpvane.com\/en\/wp-json\/wp\/v2\/product_tag?post=8660"}],"curies":[{"name":"wp","href":"https:\/\/api.w.org\/{rel}","templated":true}]}}