{"id":8495,"date":"2025-06-26T13:49:56","date_gmt":"2025-06-26T06:49:56","guid":{"rendered":"https:\/\/mpvane.com\/?post_type=product&#038;p=8495"},"modified":"2025-06-28T14:13:12","modified_gmt":"2025-06-28T07:13:12","slug":"loc-gio-busch-0532000025","status":"publish","type":"product","link":"https:\/\/mpvane.com\/en\/san-pham\/loc-gio-busch-0532000025\/","title":{"rendered":"L\u1ecdc gi\u00f3 Busch 0532000025"},"content":{"rendered":"<div id=\"ez-toc-container\" class=\"ez-toc-v2_0_75 counter-hierarchy ez-toc-counter ez-toc-grey ez-toc-container-direction\">\n<div class=\"ez-toc-title-container\">\n<p class=\"ez-toc-title\" style=\"cursor:inherit\">Table of Contents<\/p>\n<span class=\"ez-toc-title-toggle\"><a href=\"#\" class=\"ez-toc-pull-right ez-toc-btn ez-toc-btn-xs ez-toc-btn-default ez-toc-toggle\" aria-label=\"Toggle Table of Content\"><span class=\"ez-toc-js-icon-con\"><span class=\"\"><span class=\"eztoc-hide\" style=\"display:none;\">Toggle<\/span><span class=\"ez-toc-icon-toggle-span\"><svg style=\"fill: #999;color:#999\" xmlns=\"http:\/\/www.w3.org\/2000\/svg\" class=\"list-377408\" width=\"20px\" height=\"20px\" viewBox=\"0 0 24 24\" fill=\"none\"><path d=\"M6 6H4v2h2V6zm14 0H8v2h12V6zM4 11h2v2H4v-2zm16 0H8v2h12v-2zM4 16h2v2H4v-2zm16 0H8v2h12v-2z\" fill=\"currentColor\"><\/path><\/svg><svg style=\"fill: #999;color:#999\" class=\"arrow-unsorted-368013\" xmlns=\"http:\/\/www.w3.org\/2000\/svg\" width=\"10px\" height=\"10px\" viewBox=\"0 0 24 24\" version=\"1.2\" baseProfile=\"tiny\"><path d=\"M18.2 9.3l-6.2-6.3-6.2 6.3c-.2.2-.3.4-.3.7s.1.5.3.7c.2.2.4.3.7.3h11c.3 0 .5-.1.7-.3.2-.2.3-.5.3-.7s-.1-.5-.3-.7zM5.8 14.7l6.2 6.3 6.2-6.3c.2-.2.3-.5.3-.7s-.1-.5-.3-.7c-.2-.2-.4-.3-.7-.3h-11c-.3 0-.5.1-.7.3-.2.2-.3.5-.3.7s.1.5.3.7z\"\/><\/svg><\/span><\/span><\/span><\/a><\/span><\/div>\n<nav><ul class='ez-toc-list ez-toc-list-level-1 ' ><li class='ez-toc-page-1 ez-toc-heading-level-1'><a class=\"ez-toc-link ez-toc-heading-1\" href=\"https:\/\/mpvane.com\/en\/san-pham\/loc-gio-busch-0532000025\/#Loc_Gio_Busch_0532000025_Chinh_Hang_%E2%80%93_Bao_Ve_Toi_Uu_Cho_Bom_Hut_Chan_Khong\" >L\u1ecdc Gi\u00f3 Busch 0532000025 Ch\u00ednh H\u00e3ng &#8211; B\u1ea3o V\u1ec7 T\u1ed1i \u01afu Cho B\u01a1m H\u00fat Ch\u00e2n Kh\u00f4ng<\/a><ul class='ez-toc-list-level-2' ><li class='ez-toc-heading-level-2'><a class=\"ez-toc-link ez-toc-heading-2\" href=\"https:\/\/mpvane.com\/en\/san-pham\/loc-gio-busch-0532000025\/#Thong_Tin_San_Pham\" >Th\u00f4ng Tin S\u1ea3n Ph\u1ea9m<\/a><\/li><li class='ez-toc-page-1 ez-toc-heading-level-2'><a class=\"ez-toc-link ez-toc-heading-3\" href=\"https:\/\/mpvane.com\/en\/san-pham\/loc-gio-busch-0532000025\/#Ung_Dung_Tuong_Thich\" >\u1ee8ng D\u1ee5ng &amp; T\u01b0\u01a1ng Th\u00edch<\/a><\/li><li class='ez-toc-page-1 ez-toc-heading-level-2'><a class=\"ez-toc-link ez-toc-heading-4\" href=\"https:\/\/mpvane.com\/en\/san-pham\/loc-gio-busch-0532000025\/#So_Sanh_Voi_Loc_Gio_Thuong\" >So S\u00e1nh V\u1edbi L\u1ecdc Gi\u00f3 Th\u01b0\u1eddng<\/a><\/li><li class='ez-toc-page-1 ez-toc-heading-level-2'><a class=\"ez-toc-link ez-toc-heading-5\" href=\"https:\/\/mpvane.com\/en\/san-pham\/loc-gio-busch-0532000025\/#Cach_thay_bo_loc_dau_vao\" >C\u00e1ch thay b\u1ed9 l\u1ecdc \u0111\u1ea7u v\u00e0o<\/a><\/li><li class='ez-toc-page-1 ez-toc-heading-level-2'><a class=\"ez-toc-link ez-toc-heading-6\" href=\"https:\/\/mpvane.com\/en\/san-pham\/loc-gio-busch-0532000025\/#Ba_dieu_can_luu_y_khi_mua_bo_loc_dau_vao_may_bom_chan_khong\" >Ba \u0111i\u1ec1u c\u1ea7n l\u01b0u \u00fd khi mua b\u1ed9 l\u1ecdc \u0111\u1ea7u v\u00e0o m\u00e1y b\u01a1m ch\u00e2n kh\u00f4ng<\/a><\/li><\/ul><\/li><li class='ez-toc-page-1 ez-toc-heading-level-1'><a class=\"ez-toc-link ez-toc-heading-7\" href=\"https:\/\/mpvane.com\/en\/san-pham\/loc-gio-busch-0532000025\/#Bo_loc_dau_vao_bom_chan_khong_chinh_hang_Busch\" >B\u1ed9 l\u1ecdc \u0111\u1ea7u v\u00e0o b\u01a1m ch\u00e2n kh\u00f4ng ch\u00ednh h\u00e3ng Busch<\/a><ul class='ez-toc-list-level-2' ><li class='ez-toc-heading-level-2'><a class=\"ez-toc-link ez-toc-heading-8\" href=\"https:\/\/mpvane.com\/en\/san-pham\/loc-gio-busch-0532000025\/#%E2%9C%85_Dam_bao_tuong_thich_100_%E2%80%93_Lap_vua_khit_%E2%80%93_Hieu_suat_loc_toi_uu\" >\u2705\u00a0\u0110\u1ea3m b\u1ea3o t\u01b0\u01a1ng th\u00edch 100% &#8211; L\u1eafp v\u1eeba kh\u00edt &#8211; Hi\u1ec7u su\u1ea5t l\u1ecdc t\u1ed1i \u01b0u<\/a><\/li><li class='ez-toc-page-1 ez-toc-heading-level-2'><a class=\"ez-toc-link ez-toc-heading-9\" href=\"https:\/\/mpvane.com\/en\/san-pham\/loc-gio-busch-0532000025\/#Huong_Dan_Thay_The\" >H\u01b0\u1edbng D\u1eabn Thay Th\u1ebf<\/a><\/li><li class='ez-toc-page-1 ez-toc-heading-level-2'><a class=\"ez-toc-link ez-toc-heading-10\" href=\"https:\/\/mpvane.com\/en\/san-pham\/loc-gio-busch-0532000025\/#Bo_loc_dau_vao_phu_hop_cho_moi_ung_dung\" >B\u1ed9 l\u1ecdc \u0111\u1ea7u v\u00e0o ph\u00f9 h\u1ee3p cho m\u1ecdi \u1ee9ng d\u1ee5ng<\/a><\/li><li class='ez-toc-page-1 ez-toc-heading-level-2'><a class=\"ez-toc-link ez-toc-heading-11\" href=\"https:\/\/mpvane.com\/en\/san-pham\/loc-gio-busch-0532000025\/#Cam_Ket_Khi_Mua_Hang_Tai_Minh_Phu\" >Cam K\u1ebft Khi Mua H\u00e0ng T\u1ea1i Minh Ph\u00fa<\/a><\/li><li class='ez-toc-page-1 ez-toc-heading-level-2'><a class=\"ez-toc-link ez-toc-heading-12\" href=\"https:\/\/mpvane.com\/en\/san-pham\/loc-gio-busch-0532000025\/#Lien_He_Dat_Hang\" >Li\u00ean H\u1ec7 \u0110\u1eb7t H\u00e0ng<\/a><\/li><li class='ez-toc-page-1 ez-toc-heading-level-2'><a class=\"ez-toc-link ez-toc-heading-13\" href=\"https:\/\/mpvane.com\/en\/san-pham\/loc-gio-busch-0532000025\/#Tu_Khoa_SEO\" >T\u1eeb Kh\u00f3a SEO<\/a><\/li><\/ul><\/li><\/ul><\/nav><\/div>\n<h1><span class=\"ez-toc-section\" id=\"Loc_Gio_Busch_0532000025_Chinh_Hang_%E2%80%93_Bao_Ve_Toi_Uu_Cho_Bom_Hut_Chan_Khong\"><\/span><strong>L\u1ecdc Gi\u00f3 Busch 0532000025 Ch\u00ednh H\u00e3ng &#8211; B\u1ea3o V\u1ec7 T\u1ed1i \u01afu Cho B\u01a1m H\u00fat Ch\u00e2n Kh\u00f4ng<\/strong><span class=\"ez-toc-section-end\"><\/span><\/h1>\n<h2><span class=\"ez-toc-section\" id=\"Thong_Tin_San_Pham\"><\/span><strong>Th\u00f4ng Tin S\u1ea3n Ph\u1ea9m<\/strong><span class=\"ez-toc-section-end\"><\/span><\/h2>\n<p class=\"ds-markdown-paragraph\">\ud83d\udd39\u00a0<strong>M\u00e3 s\u1ea3n ph\u1ea9m:<\/strong>\u00a00532000025<br \/>\n\ud83d\udd39\u00a0<strong>K\u00edch th\u01b0\u1edbc:<\/strong>\u00a0\u00d8 65 x \u00d8 38 x \u00d8 10 x H 171 (mm)<br \/>\n\ud83d\udd39\u00a0<strong>Ch\u1ea5t li\u1ec7u:<\/strong>\u00a0Gi\u1ea5y l\u1ecdc \u0111a l\u1edbp + khung nh\u1ef1a ch\u1ecbu nhi\u1ec7t<br \/>\n\ud83d\udd39\u00a0<strong>Xu\u1ea5t x\u1ee9:<\/strong>\u00a0Ch\u00ednh h\u00e3ng Busch &#8211; \u0110\u1ee9c<\/p>\n<h2><span class=\"ez-toc-section\" id=\"Ung_Dung_Tuong_Thich\"><\/span><strong>\u1ee8ng D\u1ee5ng &amp; T\u01b0\u01a1ng Th\u00edch<\/strong><span class=\"ez-toc-section-end\"><\/span><\/h2>\n<p class=\"ds-markdown-paragraph\">\u2705\u00a0<strong>Ph\u00f9 h\u1ee3p v\u1edbi c\u00e1c d\u00f2ng b\u01a1m:<\/strong><\/p>\n<ul>\n<li>\n<p class=\"ds-markdown-paragraph\">Seco SD 1063 B<\/p>\n<\/li>\n<li>\n<p class=\"ds-markdown-paragraph\">Seco SD 1080 B<\/p>\n<\/li>\n<\/ul>\n<p class=\"ds-markdown-paragraph\">\u2705\u00a0<strong>C\u00f4ng d\u1ee5ng ch\u00ednh:<\/strong><\/p>\n<ul>\n<li>\n<p class=\"ds-markdown-paragraph\">Ng\u0103n b\u1ee5i b\u1ea9n, t\u1ea1p ch\u1ea5t x\u00e2m nh\u1eadp<\/p>\n<\/li>\n<li>\n<p class=\"ds-markdown-paragraph\">B\u1ea3o v\u1ec7 \u0111\u1ed9ng c\u01a1, gi\u1ea3m hao m\u00f2n<\/p>\n<\/li>\n<li>\n<p class=\"ds-markdown-paragraph\">Duy tr\u00ec hi\u1ec7u su\u1ea5t b\u01a1m t\u1ed1i \u01b0u<\/p>\n<\/li>\n<\/ul>\n<h2><span class=\"ez-toc-section\" id=\"So_Sanh_Voi_Loc_Gio_Thuong\"><\/span><strong>So S\u00e1nh V\u1edbi L\u1ecdc Gi\u00f3 Th\u01b0\u1eddng<\/strong><span class=\"ez-toc-section-end\"><\/span><\/h2>\n<div class=\"markdown-table-wrapper\">\n<table>\n<thead>\n<tr>\n<th>\u0110\u1eb7c \u0111i\u1ec3m<\/th>\n<th>L\u1ecdc Busch 0532000025<\/th>\n<th>L\u1ecdc th\u01b0\u1eddng<\/th>\n<\/tr>\n<\/thead>\n<tbody>\n<tr>\n<td>Ch\u1ea5t li\u1ec7u<\/td>\n<td>Gi\u1ea5y l\u1ecdc \u0111a l\u1edbp cao c\u1ea5p<\/td>\n<td>Gi\u1ea5y th\u01b0\u1eddng<\/td>\n<\/tr>\n<tr>\n<td>\u0110\u1ed9 b\u1ec1n<\/td>\n<td>Tr\u00ean 2000 gi\u1edd ho\u1ea1t \u0111\u1ed9ng<\/td>\n<td>500-800 gi\u1edd<\/td>\n<\/tr>\n<tr>\n<td>Kh\u1ea3 n\u0103ng l\u1ecdc<\/td>\n<td>99% h\u1ea1t b\u1ee5i &gt;5\u00b5m<\/td>\n<td>85-90%<\/td>\n<\/tr>\n<tr>\n<td>Gi\u00e1 tr\u1ecb s\u1eed d\u1ee5ng<\/td>\n<td>Ti\u1ebft ki\u1ec7m chi ph\u00ed l\u00e2u d\u00e0i<\/td>\n<td>Gi\u00e1 r\u1ebb nh\u01b0ng thay th\u1ebf nhi\u1ec1u<\/td>\n<\/tr>\n<\/tbody>\n<\/table>\n<\/div>\n<h2 class=\"headline--2\"><span class=\"ez-toc-section\" id=\"Cach_thay_bo_loc_dau_vao\"><\/span>C\u00e1ch thay b\u1ed9 l\u1ecdc \u0111\u1ea7u v\u00e0o<span class=\"ez-toc-section-end\"><\/span><\/h2>\n<ul>\n<li>Th\u00e1o ch\u1ed1t \u1edf \u0111\u1ea7u h\u1ed9p l\u1ecdc \u0111\u1ea7u v\u00e0o v\u00e0 th\u00e1o n\u1eafp<\/li>\n<li>H\u1ed9p m\u1ef1c gi\u1ea5y ph\u1ea3i \u0111\u01b0\u1ee3c thay th\u1ebf tr\u1ef1c ti\u1ebfp, trong khi h\u1ed9p m\u1ef1c polyester c\u00f3 th\u1ec3 \u0111\u01b0\u1ee3c gi\u1eb7t v\u00e0 l\u1eafp l\u1ea1i. \u0110\u1eebng qu\u00ean \u0111\u1ec3 h\u1ed9p m\u1ef1c polyester kh\u00f4 tr\u01b0\u1edbc khi l\u1eafp l\u1ea1i. \u0110i\u1ec1u n\u00e0y ng\u0103n kh\u00f4ng cho c\u00e1c gi\u1ecdt n\u01b0\u1edbc v\u00e0 \u0111\u1ed9 \u1ea9m x\u00e2m nh\u1eadp v\u00e0o m\u00e1y b\u01a1m ch\u00e2n kh\u00f4ng c\u1ee7a b\u1ea1n.<\/li>\n<li>Sau khi h\u1ed9p m\u1ef1c \u0111\u01b0\u1ee3c \u0111\u1eb7t v\u00e0o b\u00ean trong h\u1ed9p, h\u00e3y \u0111\u1eady n\u1eafp l\u1ea1i ph\u00eda tr\u00ean h\u1ed9p m\u1ef1c v\u00e0 \u0111\u00f3ng ch\u1ed1t l\u1ea1i.<\/li>\n<\/ul>\n<h2 class=\"headline--2\"><span class=\"ez-toc-section\" id=\"Ba_dieu_can_luu_y_khi_mua_bo_loc_dau_vao_may_bom_chan_khong\"><\/span>Ba \u0111i\u1ec1u c\u1ea7n l\u01b0u \u00fd khi mua b\u1ed9 l\u1ecdc \u0111\u1ea7u v\u00e0o m\u00e1y b\u01a1m ch\u00e2n kh\u00f4ng<span class=\"ez-toc-section-end\"><\/span><\/h2>\n<p>1. S\u1eed d\u1ee5ng ph\u1ee5 t\u00f9ng ch\u00ednh h\u00e3ng Busch<\/p>\n<p>2. Ch\u1ecdn ch\u1ea5t l\u01b0\u1ee3ng cao nh\u1ea5t<\/p>\n<p>3. Ch\u1ecdn \u0111\u00fang k\u00edch th\u01b0\u1edbc<\/p>\n<h1 class=\"headline--1 fc--black\"><span class=\"ez-toc-section\" id=\"Bo_loc_dau_vao_bom_chan_khong_chinh_hang_Busch\"><\/span>B\u1ed9 l\u1ecdc \u0111\u1ea7u v\u00e0o b\u01a1m ch\u00e2n kh\u00f4ng ch\u00ednh h\u00e3ng Busch<span class=\"ez-toc-section-end\"><\/span><\/h1>\n<p>\u0110\u1ea3m b\u1ea3o hi\u1ec7u su\u1ea5t ho\u1ea1t \u0111\u1ed9ng tr\u01a1n tru. B\u1ea3o v\u1ec7 m\u00e1y b\u01a1m ch\u00e2n kh\u00f4ng c\u1ee7a b\u1ea1n kh\u1ecfi c\u00e1c h\u1ea1t kh\u00f4ng mong mu\u1ed1n. V\u1edbi b\u1ed9 l\u1ecdc ch\u00e2n kh\u00f4ng ch\u00ednh h\u00e3ng Busch.<\/p>\n<p>B\u1ed9 l\u1ecdc \u0111\u1ea7u v\u00e0o s\u1ebd gi\u1eef l\u1ea1i b\u1ea5t k\u1ef3 h\u1ea1t kh\u00f4ng mong mu\u1ed1n n\u00e0o tr\u01b0\u1edbc khi ch\u00fang \u0111\u01b0\u1ee3c h\u00fat v\u00e0o m\u00e1y b\u01a1m ch\u00e2n kh\u00f4ng ho\u1eb7c m\u00e1y n\u00e9n. B\u1ed9 l\u1ecdc n\u00e0y \u0111\u01b0\u1ee3c \u0111\u1eb7t \u1edf \u0111\u1ea7u v\u00e0o v\u00e0 ch\u1ee7 y\u1ebfu \u0111\u01b0\u1ee3c s\u1eed d\u1ee5ng trong c\u00e1c \u1ee9ng d\u1ee5ng b\u1ee5i ho\u1eb7c \u1ea9m \u01b0\u1edbt.<\/p>\n<p>Gi\u1ea3m chi ph\u00ed b\u1ea3o tr\u00ec v\u00e0 ti\u1ebft ki\u1ec7m ti\u1ec1n v\u1edbi b\u1ed9 l\u1ecdc \u0111\u1ea7u v\u00e0o ch\u00ednh h\u00e3ng Busch.<\/p>\n<h2><span class=\"ez-toc-section\" id=\"%E2%9C%85_Dam_bao_tuong_thich_100_%E2%80%93_Lap_vua_khit_%E2%80%93_Hieu_suat_loc_toi_uu\"><\/span>\u2705\u00a0<strong>\u0110\u1ea3m b\u1ea3o t\u01b0\u01a1ng th\u00edch 100% &#8211; L\u1eafp v\u1eeba kh\u00edt &#8211; Hi\u1ec7u su\u1ea5t l\u1ecdc t\u1ed1i \u01b0u<\/strong><span class=\"ez-toc-section-end\"><\/span><\/h2>\n<h2><span class=\"ez-toc-section\" id=\"Huong_Dan_Thay_The\"><\/span><strong>H\u01b0\u1edbng D\u1eabn Thay Th\u1ebf<\/strong><span class=\"ez-toc-section-end\"><\/span><\/h2>\n<ol start=\"1\">\n<li>\n<p class=\"ds-markdown-paragraph\">T\u1eaft ngu\u1ed3n v\u00e0 x\u1ea3 \u00e1p b\u01a1m<\/p>\n<\/li>\n<li>\n<p class=\"ds-markdown-paragraph\">M\u1edf n\u1eafp khoang l\u1ecdc gi\u00f3<\/p>\n<\/li>\n<li>\n<p class=\"ds-markdown-paragraph\">Th\u00e1o l\u1ecdc c\u0169, v\u1ec7 sinh khoang<\/p>\n<\/li>\n<li>\n<p class=\"ds-markdown-paragraph\">L\u1eafp l\u1ecdc m\u1edbi Busch 0532000025<\/p>\n<\/li>\n<li>\n<p class=\"ds-markdown-paragraph\">Ki\u1ec3m tra \u0111\u1ed9 k\u00edn tr\u01b0\u1edbc khi v\u1eadn h\u00e0nh<\/p>\n<h2 class=\"headline--2\"><span class=\"ez-toc-section\" id=\"Bo_loc_dau_vao_phu_hop_cho_moi_ung_dung\"><\/span>B\u1ed9 l\u1ecdc \u0111\u1ea7u v\u00e0o ph\u00f9 h\u1ee3p cho m\u1ecdi \u1ee9ng d\u1ee5ng<span class=\"ez-toc-section-end\"><\/span><\/h2>\n<p>B\u1ed9 l\u1ecdc \u0111\u1ea7u v\u00e0o ch\u00ednh h\u00e3ng c\u1ee7a Busch cung c\u1ea5p kh\u1ea3 n\u0103ng l\u1ecdc t\u1ed1i \u01b0u cho m\u1ecdi \u1ee9ng d\u1ee5ng.<\/p>\n<p>Ch\u00fang t\u00f4i cung c\u1ea5p nhi\u1ec1u k\u00edch c\u1ee1 b\u1ed9 l\u1ecdc \u0111\u1ea7u v\u00e0o cho c\u00e1c s\u1ea3n ph\u1ea9m c\u1ee7a m\u00ecnh. Hi\u1ec7n t\u1ea1i, b\u1ed9 l\u1ecdc \u0111\u1ea7u v\u00e0o c\u00f3 s\u1eb5n cho m\u00e1y b\u01a1m ch\u00e2n kh\u00f4ng v\u00e0 m\u00e1y n\u00e9n\u00a0<a class=\"link--primary\" href=\"https:\/\/www.buschvacuum.com\/global\/en\/products\/vacuum-pumps\/rotary-vane\/r5\/\" target=\"_self\" rel=\"noopener\">R5<\/a>\u00a0,\u00a0<a class=\"link--primary\" href=\"https:\/\/www.buschvacuum.com\/global\/en\/products\/vacuum-pumps\/claw\/mink\/\" target=\"_self\" rel=\"noopener\">MINK<\/a>\u00a0,\u00a0<a class=\"link--primary\" href=\"https:\/\/www.buschvacuum.com\/global\/en\/products\/vacuum-pumps\/screw\/cobra-industry\/\" target=\"_self\" rel=\"noopener\">COBRA<\/a>\u00a0,\u00a0<a class=\"link--primary\" href=\"https:\/\/www.buschvacuum.com\/global\/en\/products\/vacuum-pumps\/rotary-vane\/seco\/\" target=\"_self\" rel=\"noopener\">SECO<\/a>\u00a0,\u00a0<a class=\"link--primary\" href=\"https:\/\/www.buschvacuum.com\/global\/en\/products\/vacuum-pumps\/rotary-vane\/huckepack\/\" target=\"_self\" rel=\"noopener\">HUCKEPACK<\/a>\u00a0v\u00e0\u00a0<a class=\"link--primary\" href=\"https:\/\/www.buschvacuum.com\/global\/en\/products\/blowers-compressors\/side-channel\/samos\/\" target=\"_self\" rel=\"noopener\">SAMOS<\/a>\u00a0.<\/p>\n<p>B\u01a1m kh\u00f4 SV Busch l\u00e0 d\u00f2ng\u00a0<strong>b\u01a1m h\u00fat ch\u00e2n kh\u00f4ng kh\u00f4ng d\u00f9ng d\u1ea7u<\/strong>\u00a0(dry vacuum pump) thu\u1ed9c th\u01b0\u01a1ng hi\u1ec7u Busch (\u0110\u1ee9c), \u0111\u01b0\u1ee3c thi\u1ebft k\u1ebf \u0111\u1ec3 ho\u1ea1t \u0111\u1ed9ng m\u00e0 kh\u00f4ng c\u1ea7n ch\u1ea5t l\u1ecfng b\u00f4i tr\u01a1n trong bu\u1ed3ng b\u01a1m. \u0110\u00e2y l\u00e0 gi\u1ea3i ph\u00e1p l\u00fd t\u01b0\u1edfng cho c\u00e1c \u1ee9ng d\u1ee5ng y\u00eau c\u1ea7u\u00a0<strong>kh\u00ed s\u1ea1ch, kh\u00f4ng nhi\u1ec5m d\u1ea7u<\/strong>, ti\u1ebft ki\u1ec7m chi ph\u00ed b\u1ea3o tr\u00ec v\u00e0 th\u00e2n thi\u1ec7n v\u1edbi m\u00f4i tr\u01b0\u1eddng.<\/li>\n<\/ol>\n<h2><span class=\"ez-toc-section\" id=\"Cam_Ket_Khi_Mua_Hang_Tai_Minh_Phu\"><\/span><strong>Cam K\u1ebft Khi Mua H\u00e0ng T\u1ea1i Minh Ph\u00fa<\/strong><span class=\"ez-toc-section-end\"><\/span><\/h2>\n<p class=\"ds-markdown-paragraph\">\u2714 H\u00e0ng ch\u00ednh h\u00e3ng 100%<br \/>\n\u2714 Gi\u00e1 t\u1ed1t nh\u1ea5t th\u1ecb tr\u01b0\u1eddng<br \/>\n\u2714 Giao h\u00e0ng to\u00e0n qu\u1ed1c trong 24h<br \/>\n\u2714 H\u1ed7 tr\u1ee3 k\u1ef9 thu\u1eadt 24\/7<\/p>\n<h2><span class=\"ez-toc-section\" id=\"Lien_He_Dat_Hang\"><\/span><strong>Li\u00ean H\u1ec7 \u0110\u1eb7t H\u00e0ng<\/strong><span class=\"ez-toc-section-end\"><\/span><\/h2>\n<p class=\"ds-markdown-paragraph\">\ud83d\udcde\u00a0<strong>Hotline\/Zalo:<\/strong>\u00a00985 490 343 &#8211; 0985 843 778<br \/>\n\ud83d\udce7\u00a0<strong>Email:<\/strong>\u00a0<a href=\"https:\/\/mailto:Sales@minhphuco.vn\/\" target=\"_blank\" rel=\"noopener noreferrer\">Sales@minhphuco.vn<\/a><br \/>\n\ud83c\udfe2\u00a0<strong>\u0110\u1ecba ch\u1ec9:<\/strong>\u00a0C\u00f4ng ty TNHH KT&amp;DV Minh Ph\u00fa<\/p>\n<h2><span class=\"ez-toc-section\" id=\"Tu_Khoa_SEO\"><\/span><strong>T\u1eeb Kh\u00f3a SEO<\/strong><span class=\"ez-toc-section-end\"><\/span><\/h2>\n<ul>\n<li>\n<p class=\"ds-markdown-paragraph\">L\u1ecdc gi\u00f3 0532000025<\/p>\n<\/li>\n<li>\n<p class=\"ds-markdown-paragraph\">L\u1ecdc kh\u00ed Busch ch\u00ednh h\u00e3ng<\/p>\n<\/li>\n<li>\n<p class=\"ds-markdown-paragraph\">Phin l\u1ecdc b\u01a1m Seco SD<\/p>\n<\/li>\n<li>\n<p class=\"ds-markdown-paragraph\">L\u1ecdc ch\u00e2n kh\u00f4ng 0532000025<\/p>\n<\/li>\n<li>\n<p class=\"ds-markdown-paragraph\">Thay l\u1ecdc gi\u00f3 b\u01a1m h\u00fat ch\u00e2n kh\u00f4ng<\/p>\n<\/li>\n<li>Tham kh\u1ea3o th\u00eam l\u1ecdc gi\u00f3 busch t\u1ea1i <a href=\"https:\/\/mpvane.com\/product-category\/loc-chan-khong\/loc-busch\/page\/2\/\">www.mpvane.com<\/a><\/li>\n<\/ul>\n","protected":false},"excerpt":{"rendered":"<p>Busch 0532000025<br \/>\nK\u00edch th\u01b0\u1edbc : \u00d8 65 x \u00d8 38 x \u00d8 10 x H 171<\/p>\n","protected":false},"featured_media":8607,"comment_status":"open","ping_status":"closed","template":"","meta":{"_acf_changed":false},"product_brand":[],"product_cat":[702,2352],"product_tag":[2615],"class_list":{"0":"post-8495","1":"product","2":"type-product","3":"status-publish","4":"has-post-thumbnail","6":"product_cat-loc-chan-khong","7":"product_cat-loc-busch","8":"product_tag-2615","10":"first","11":"instock","12":"shipping-taxable","13":"product-type-simple"},"acf":[],"_links":{"self":[{"href":"https:\/\/mpvane.com\/en\/wp-json\/wp\/v2\/product\/8495","targetHints":{"allow":["GET"]}}],"collection":[{"href":"https:\/\/mpvane.com\/en\/wp-json\/wp\/v2\/product"}],"about":[{"href":"https:\/\/mpvane.com\/en\/wp-json\/wp\/v2\/types\/product"}],"replies":[{"embeddable":true,"href":"https:\/\/mpvane.com\/en\/wp-json\/wp\/v2\/comments?post=8495"}],"version-history":[{"count":3,"href":"https:\/\/mpvane.com\/en\/wp-json\/wp\/v2\/product\/8495\/revisions"}],"predecessor-version":[{"id":8611,"href":"https:\/\/mpvane.com\/en\/wp-json\/wp\/v2\/product\/8495\/revisions\/8611"}],"wp:featuredmedia":[{"embeddable":true,"href":"https:\/\/mpvane.com\/en\/wp-json\/wp\/v2\/media\/8607"}],"wp:attachment":[{"href":"https:\/\/mpvane.com\/en\/wp-json\/wp\/v2\/media?parent=8495"}],"wp:term":[{"taxonomy":"product_brand","embeddable":true,"href":"https:\/\/mpvane.com\/en\/wp-json\/wp\/v2\/product_brand?post=8495"},{"taxonomy":"product_cat","embeddable":true,"href":"https:\/\/mpvane.com\/en\/wp-json\/wp\/v2\/product_cat?post=8495"},{"taxonomy":"product_tag","embeddable":true,"href":"https:\/\/mpvane.com\/en\/wp-json\/wp\/v2\/product_tag?post=8495"}],"curies":[{"name":"wp","href":"https:\/\/api.w.org\/{rel}","templated":true}]}}