{"id":8485,"date":"2025-06-26T11:51:20","date_gmt":"2025-06-26T04:51:20","guid":{"rendered":"https:\/\/mpvane.com\/?post_type=product&#038;p=8485"},"modified":"2025-06-27T23:15:08","modified_gmt":"2025-06-27T16:15:08","slug":"loc-dau-busch-0531532236","status":"publish","type":"product","link":"https:\/\/mpvane.com\/en\/san-pham\/loc-dau-busch-0531532236\/","title":{"rendered":"L\u1ecdc d\u1ea7u Busch 0531532236"},"content":{"rendered":"<div id=\"ez-toc-container\" class=\"ez-toc-v2_0_75 counter-hierarchy ez-toc-counter ez-toc-grey ez-toc-container-direction\">\n<div class=\"ez-toc-title-container\">\n<p class=\"ez-toc-title\" style=\"cursor:inherit\">Table of Contents<\/p>\n<span class=\"ez-toc-title-toggle\"><a href=\"#\" class=\"ez-toc-pull-right ez-toc-btn ez-toc-btn-xs ez-toc-btn-default ez-toc-toggle\" aria-label=\"Toggle Table of Content\"><span class=\"ez-toc-js-icon-con\"><span class=\"\"><span class=\"eztoc-hide\" style=\"display:none;\">Toggle<\/span><span class=\"ez-toc-icon-toggle-span\"><svg style=\"fill: #999;color:#999\" xmlns=\"http:\/\/www.w3.org\/2000\/svg\" class=\"list-377408\" width=\"20px\" height=\"20px\" viewBox=\"0 0 24 24\" fill=\"none\"><path d=\"M6 6H4v2h2V6zm14 0H8v2h12V6zM4 11h2v2H4v-2zm16 0H8v2h12v-2zM4 16h2v2H4v-2zm16 0H8v2h12v-2z\" fill=\"currentColor\"><\/path><\/svg><svg style=\"fill: #999;color:#999\" class=\"arrow-unsorted-368013\" xmlns=\"http:\/\/www.w3.org\/2000\/svg\" width=\"10px\" height=\"10px\" viewBox=\"0 0 24 24\" version=\"1.2\" baseProfile=\"tiny\"><path d=\"M18.2 9.3l-6.2-6.3-6.2 6.3c-.2.2-.3.4-.3.7s.1.5.3.7c.2.2.4.3.7.3h11c.3 0 .5-.1.7-.3.2-.2.3-.5.3-.7s-.1-.5-.3-.7zM5.8 14.7l6.2 6.3 6.2-6.3c.2-.2.3-.5.3-.7s-.1-.5-.3-.7c-.2-.2-.4-.3-.7-.3h-11c-.3 0-.5.1-.7.3-.2.2-.3.5-.3.7s.1.5.3.7z\"\/><\/svg><\/span><\/span><\/span><\/a><\/span><\/div>\n<nav><ul class='ez-toc-list ez-toc-list-level-1 ' ><li class='ez-toc-page-1 ez-toc-heading-level-1'><a class=\"ez-toc-link ez-toc-heading-1\" href=\"https:\/\/mpvane.com\/en\/san-pham\/loc-dau-busch-0531532236\/#Loc_Dau_Busch_0531532236_%E2%80%93_Phu_Kien_Chinh_Hang_Cho_May_Bom_Chan_Khong_Busch\" >L\u1ecdc D\u1ea7u Busch 0531532236 &#8211; Ph\u1ee5 Ki\u1ec7n Ch\u00ednh H\u00e3ng Cho M\u00e1y B\u01a1m Ch\u00e2n Kh\u00f4ng Busch<\/a><ul class='ez-toc-list-level-2' ><li class='ez-toc-heading-level-2'><a class=\"ez-toc-link ez-toc-heading-2\" href=\"https:\/\/mpvane.com\/en\/san-pham\/loc-dau-busch-0531532236\/#Thong_So_Ky_Thuat\" >Th\u00f4ng S\u1ed1 K\u1ef9 Thu\u1eadt<\/a><\/li><li class='ez-toc-page-1 ez-toc-heading-level-2'><a class=\"ez-toc-link ez-toc-heading-3\" href=\"https:\/\/mpvane.com\/en\/san-pham\/loc-dau-busch-0531532236\/#Dac_Diem_Noi_Bat\" >\u0110\u1eb7c \u0110i\u1ec3m N\u1ed5i B\u1eadt<\/a><\/li><li class='ez-toc-page-1 ez-toc-heading-level-2'><a class=\"ez-toc-link ez-toc-heading-4\" href=\"https:\/\/mpvane.com\/en\/san-pham\/loc-dau-busch-0531532236\/#Ung_Dung\" >\u1ee8ng D\u1ee5ng<\/a><\/li><\/ul><\/li><li class='ez-toc-page-1 ez-toc-heading-level-1'><a class=\"ez-toc-link ez-toc-heading-5\" href=\"https:\/\/mpvane.com\/en\/san-pham\/loc-dau-busch-0531532236\/#Tim_hieu_them_veBo_loc_dau_0531532236_bom_chan_khong_chinh_hang_Busch\" >T\u00ecm hi\u1ec3u th\u00eam v\u1ec1B\u1ed9 l\u1ecdc d\u1ea7u 0531532236\u00a0b\u01a1m ch\u00e2n kh\u00f4ng ch\u00ednh h\u00e3ng Busch<\/a><ul class='ez-toc-list-level-2' ><li class='ez-toc-heading-level-2'><a class=\"ez-toc-link ez-toc-heading-6\" href=\"https:\/\/mpvane.com\/en\/san-pham\/loc-dau-busch-0531532236\/#Tai_sao_nen_su_dung_loc_dau0_0531532236_chinh_hang_Busch\" >T\u1ea1i sao n\u00ean s\u1eed d\u1ee5ng l\u1ecdc d\u1ea7u0 0531532236 ch\u00ednh h\u00e3ng Busch?<\/a><\/li><li class='ez-toc-page-1 ez-toc-heading-level-2'><a class=\"ez-toc-link ez-toc-heading-7\" href=\"https:\/\/mpvane.com\/en\/san-pham\/loc-dau-busch-0531532236\/#DAU_HIEU_CHAT_LUONG\" >D\u1ea4U HI\u1ec6U CH\u1ea4T L\u01af\u1ee2NG<\/a><\/li><li class='ez-toc-page-1 ez-toc-heading-level-2'><a class=\"ez-toc-link ez-toc-heading-8\" href=\"https:\/\/mpvane.com\/en\/san-pham\/loc-dau-busch-0531532236\/#LOI_ICH_KY_THUAT_CUA_LOC_DAU_0531532236_CHINH_HANG_BUSCH\" >L\u1ee2I \u00cdCH K\u1ef8 THU\u1eacT C\u1ee6A L\u1eccC D\u1ea6U 0531532236 CH\u00cdNH H\u00c3NG BUSCH<\/a><\/li><li class='ez-toc-page-1 ez-toc-heading-level-2'><a class=\"ez-toc-link ez-toc-heading-9\" href=\"https:\/\/mpvane.com\/en\/san-pham\/loc-dau-busch-0531532236\/#Lien_He_Dat_Hang\" >Li\u00ean H\u1ec7 \u0110\u1eb7t H\u00e0ng<\/a><ul class='ez-toc-list-level-3' ><li class='ez-toc-heading-level-3'><a class=\"ez-toc-link ez-toc-heading-10\" href=\"https:\/\/mpvane.com\/en\/san-pham\/loc-dau-busch-0531532236\/#Cam_Ket_Cua_Chung_Toi\" >Cam K\u1ebft C\u1ee7a Ch\u00fang T\u00f4i<\/a><\/li><\/ul><\/li><\/ul><\/li><\/ul><\/nav><\/div>\n<h1><span class=\"ez-toc-section\" id=\"Loc_Dau_Busch_0531532236_%E2%80%93_Phu_Kien_Chinh_Hang_Cho_May_Bom_Chan_Khong_Busch\"><\/span><strong>L\u1ecdc D\u1ea7u Busch 0531532236 &#8211; Ph\u1ee5 Ki\u1ec7n Ch\u00ednh H\u00e3ng Cho M\u00e1y B\u01a1m Ch\u00e2n Kh\u00f4ng Busch<\/strong><span class=\"ez-toc-section-end\"><\/span><\/h1>\n<h2><span class=\"ez-toc-section\" id=\"Thong_So_Ky_Thuat\"><\/span><strong>Th\u00f4ng S\u1ed1 K\u1ef9 Thu\u1eadt<\/strong><span class=\"ez-toc-section-end\"><\/span><\/h2>\n<ul>\n<li>\n<p class=\"ds-markdown-paragraph\"><strong>M\u00e3 s\u1ea3n ph\u1ea9m:<\/strong>\u00a00531532236<\/p>\n<\/li>\n<li>\n<p class=\"ds-markdown-paragraph\"><strong>K\u00edch th\u01b0\u1edbc:<\/strong>\u00a0H21mm x \u00d893mm x Ren 1&#8243; UNF<\/p>\n<\/li>\n<li>\n<p class=\"ds-markdown-paragraph\"><strong>Ch\u1ea5t li\u1ec7u:<\/strong>\u00a0\u0110\u1ea1t chu\u1ea9n cho oxy (Oxygen)<\/p>\n<\/li>\n<li>\n<p class=\"ds-markdown-paragraph\"><strong>T\u01b0\u01a1ng th\u00edch v\u1edbi c\u00e1c d\u00f2ng m\u00e1y:<\/strong><\/p>\n<ul>\n<li>\n<p class=\"ds-markdown-paragraph\"><strong>Busch R5 0630<\/strong><\/p>\n<\/li>\n<li>\n<p class=\"ds-markdown-paragraph\"><strong>Busch R5 0400<\/strong><\/p>\n<\/li>\n<li>\n<p class=\"ds-markdown-paragraph\"><strong>Busch R5 1600<\/strong><\/p>\n<\/li>\n<li>\n<p class=\"ds-markdown-paragraph\"><strong>Busch R5 1000<\/strong><\/p>\n<\/li>\n<\/ul>\n<\/li>\n<\/ul>\n<h2><span class=\"ez-toc-section\" id=\"Dac_Diem_Noi_Bat\"><\/span><strong>\u0110\u1eb7c \u0110i\u1ec3m N\u1ed5i B\u1eadt<\/strong><span class=\"ez-toc-section-end\"><\/span><\/h2>\n<p class=\"ds-markdown-paragraph\">\u2705\u00a0<strong>Chuy\u00ean d\u1ee5ng cho kh\u00ed Oxy<\/strong>\u00a0\u2013 \u0110\u1ea3m b\u1ea3o an to\u00e0n v\u00e0 hi\u1ec7u su\u1ea5t t\u1ed1i \u01b0u.<br \/>\n\u2705\u00a0<strong>Ch\u1ea5t l\u01b0\u1ee3ng ch\u00ednh h\u00e3ng Busch<\/strong>\u00a0\u2013 \u0110\u1ed9 b\u1ec1n cao, tu\u1ed5i th\u1ecd l\u00e2u d\u00e0i.<br \/>\n\u2705\u00a0<strong>Thi\u1ebft k\u1ebf chu\u1ea9n<\/strong>\u00a0\u2013 D\u1ec5 d\u00e0ng l\u1eafp \u0111\u1eb7t, thay th\u1ebf tr\u00ean c\u00e1c d\u00f2ng m\u00e1y Busch R5.<br \/>\n\u2705\u00a0<strong>B\u1ea3o v\u1ec7 t\u1ed1i \u01b0u<\/strong>\u00a0\u2013 Gi\u00fap lo\u1ea1i b\u1ecf t\u1ea1p ch\u1ea5t, b\u1ea3o v\u1ec7 m\u00e1y b\u01a1m ch\u00e2n kh\u00f4ng kh\u1ecfi h\u01b0 h\u1ecfng.<\/p>\n<h2><span class=\"ez-toc-section\" id=\"Ung_Dung\"><\/span><strong>\u1ee8ng D\u1ee5ng<\/strong><span class=\"ez-toc-section-end\"><\/span><\/h2>\n<ul>\n<li>\n<p class=\"ds-markdown-paragraph\">H\u1ec7 th\u1ed1ng b\u01a1m ch\u00e2n kh\u00f4ng c\u00f4ng nghi\u1ec7p<\/p>\n<\/li>\n<li>\n<p class=\"ds-markdown-paragraph\">Thi\u1ebft b\u1ecb y t\u1ebf, ph\u00f2ng th\u00ed nghi\u1ec7m<\/p>\n<\/li>\n<li>\n<p class=\"ds-markdown-paragraph\">C\u00f4ng ngh\u1ec7 x\u1eed l\u00fd kh\u00ed, h\u1ec7 th\u1ed1ng kh\u00ed n\u00e9n<\/p>\n<\/li>\n<\/ul>\n<h1 class=\"headline--1 fc--black\"><span class=\"ez-toc-section\" id=\"Tim_hieu_them_veBo_loc_dau_0531532236_bom_chan_khong_chinh_hang_Busch\"><\/span>T\u00ecm hi\u1ec3u th\u00eam v\u1ec1B\u1ed9 l\u1ecdc d\u1ea7u <strong>0531532236<\/strong><strong>\u00a0<\/strong>b\u01a1m ch\u00e2n kh\u00f4ng ch\u00ednh h\u00e3ng Busch<span class=\"ez-toc-section-end\"><\/span><\/h1>\n<p class=\"subheadline--3\">\u0110\u1ea3m b\u1ea3o hi\u1ec7u su\u1ea5t t\u1ed1i \u01b0u v\u00e0 tu\u1ed5i th\u1ecd c\u1ee7a m\u00e1y b\u01a1m ch\u00e2n kh\u00f4ng. B\u1ed9 l\u1ecdc d\u1ea7u ch\u00ednh h\u00e3ng Busch cung c\u1ea5p d\u1ea7u s\u1ea1ch cho qu\u00e1 tr\u00ecnh v\u1eadn h\u00e0nh tr\u01a1n tru h\u01a1n.<\/p>\n<p>B\u1ed9 l\u1ecdc d\u1ea7u b\u01a1m ch\u00e2n kh\u00f4ng \u0111\u01b0\u1ee3c s\u1eed d\u1ee5ng \u0111\u1ec3 lo\u1ea1i b\u1ecf c\u00e1c h\u1ea1t kh\u00f4ng mong mu\u1ed1n, ch\u1eb3ng h\u1ea1n nh\u01b0 m\u1ea3nh v\u1ee5n v\u00e0 b\u1ee5i, kh\u1ecfi d\u1ea7u b\u00f4i tr\u01a1n bu\u1ed3ng n\u00e9n c\u1ee7a b\u01a1m ch\u00e2n kh\u00f4ng. \u0110i\u1ec1u n\u00e0y \u0111\u1ea3m b\u1ea3o r\u1eb1ng d\u1ea7u v\u1eabn s\u1ea1ch v\u00e0 gi\u1eef \u0111\u01b0\u1ee3c \u0111\u1eb7c t\u00ednh b\u00f4i tr\u01a1n v\u00e0 b\u1ecbt k\u00edn tuy\u1ec7t v\u1eddi.<\/p>\n<p>B\u1ed9 l\u1ecdc \u0111\u01b0\u1ee3c l\u00e0m b\u1eb1ng cellulose cho c\u00e1c \u1ee9ng d\u1ee5ng ti\u00eau chu\u1ea9n v\u00e0 ATEX, trong khi \u0111\u1ed1i v\u1edbi c\u00e1c \u1ee9ng d\u1ee5ng c\u00f3 h\u00e0m l\u01b0\u1ee3ng oxy m\u1edf r\u1ed9ng, n\u00f3 \u0111\u01b0\u1ee3c l\u00e0m b\u1eb1ng s\u1ee3i th\u1ee7y tinh.<\/p>\n<h2 class=\"headline--2\"><span class=\"ez-toc-section\" id=\"Tai_sao_nen_su_dung_loc_dau0_0531532236_chinh_hang_Busch\"><\/span>T\u1ea1i sao n\u00ean s\u1eed d\u1ee5ng l\u1ecdc d\u1ea7u<strong>0 <\/strong><strong>0531532236 <\/strong>ch\u00ednh h\u00e3ng Busch?<span class=\"ez-toc-section-end\"><\/span><\/h2>\n<p class=\"text--4 text--bold m__bottom--sm\">Ti\u1ebft ki\u1ec7m chi ph\u00ed<\/p>\n<div class=\"default-list\">\n<ul class=\"hooks\">\n<li>K\u00e9o d\u00e0i th\u1eddi gian thay d\u1ea7u<\/li>\n<li>T\u0103ng tu\u1ed5i th\u1ecd v\u00e0 hi\u1ec7u su\u1ea5t c\u1ee7a m\u00e1y b\u01a1m ch\u00e2n kh\u00f4ng<\/li>\n<\/ul>\n<p class=\"text--4 text--bold m__bottom--sm\">B\u00f4i tr\u01a1n t\u1ed1i \u01b0u<\/p>\n<div class=\"default-list\">\n<ul class=\"hooks\">\n<li>Cung c\u1ea5p d\u1ea7u s\u1ea1ch v\u00e0o bu\u1ed3ng n\u00e9n c\u1ee7a b\u01a1m ch\u00e2n kh\u00f4ng<\/li>\n<li>\u0110\u1ea3m b\u1ea3o ch\u1ea5t l\u01b0\u1ee3ng c\u1ee7a qu\u00e1 tr\u00ecnh ch\u00e2n kh\u00f4ng<\/li>\n<\/ul>\n<p class=\"text--4 text--bold m__bottom--sm\">Hi\u1ec7u su\u1ea5t \u0111\u01b0\u1ee3c c\u1ea3i thi\u1ec7n<\/p>\n<div class=\"default-list\">\n<ul class=\"hooks\">\n<li>Gi\u1ea3m nhi\u1ec7t \u0111\u1ed9 b\u00ean trong xi lanh<\/li>\n<li>Ng\u0103n ng\u1eeba ma s\u00e1t c\u1ee7a c\u00e1c c\u00e1nh b\u00ean trong bu\u1ed3ng n\u00e9n<\/li>\n<\/ul>\n<h2 class=\"headline--2\"><span class=\"ez-toc-section\" id=\"DAU_HIEU_CHAT_LUONG\"><\/span>D\u1ea4U HI\u1ec6U CH\u1ea4T L\u01af\u1ee2NG<span class=\"ez-toc-section-end\"><\/span><\/h2>\n<p>S\u1eed d\u1ee5ng b\u1ed9 l\u1ecdc d\u1ea7u ch\u00ednh h\u00e3ng Busch \u0111\u1ec3 d\u1ea7u c\u1ee7a b\u1ea1n b\u1ec1n h\u01a1n v\u00e0 gi\u1ea3m b\u1ea3o tr\u00ec trong khi t\u0103ng hi\u1ec7u su\u1ea5t v\u00e0 tu\u1ed5i th\u1ecd c\u1ee7a b\u01a1m ch\u00e2n kh\u00f4ng. N\u1ebfu kh\u00f4ng c\u00f3 b\u1ed9 l\u1ecdc d\u1ea7u, d\u1ea7u b\u00f4i tr\u01a1n b\u01a1m ch\u00e2n kh\u00f4ng c\u1ee7a b\u1ea1n s\u1ebd b\u1ecb nhi\u1ec5m c\u00e1c h\u1ea1t t\u1eeb m\u00f4i tr\u01b0\u1eddng \u0111\u01b0\u1ee3c b\u01a1m. Do \u0111\u00f3, d\u1ea7u tr\u1edf n\u00ean b\u00e3o h\u00f2a, \u1ea3nh h\u01b0\u1edfng nghi\u00eam tr\u1ecdng \u0111\u1ebfn hi\u1ec7u su\u1ea5t v\u00e0 \u0111\u1ed9 b\u1ec1n c\u1ee7a b\u01a1m.<\/p>\n<h2 class=\"headline--2\"><span class=\"ez-toc-section\" id=\"LOI_ICH_KY_THUAT_CUA_LOC_DAU_0531532236_CHINH_HANG_BUSCH\"><\/span>L\u1ee2I \u00cdCH K\u1ef8 THU\u1eacT C\u1ee6A L\u1eccC D\u1ea6U <strong>0531532236 <\/strong>CH\u00cdNH H\u00c3NG BUSCH<span class=\"ez-toc-section-end\"><\/span><\/h2>\n<p>B\u1ed9 l\u1ecdc d\u1ea7u ch\u00ednh h\u00e3ng Busch \u0111\u1ea3m b\u1ea3o r\u1eb1ng bu\u1ed3ng n\u00e9n \u0111\u01b0\u1ee3c cung c\u1ea5p d\u1ea7u s\u1ea1ch \u0111\u1ec3 b\u00f4i tr\u01a1n t\u1ed1i \u01b0u. \u0110i\u1ec1u n\u00e0y ng\u0103n ng\u1eeba ma s\u00e1t c\u1ee7a c\u00e1c c\u00e1nh b\u00ean trong bu\u1ed3ng ch\u00e2n kh\u00f4ng, c\u0169ng nh\u01b0 b\u1ea5t k\u1ef3 s\u1ef1 gia t\u0103ng nhi\u1ec7t \u0111\u1ed9 n\u00e0o b\u00ean trong xi lanh.<\/p>\n<p>Nhi\u1ec7t \u0111\u1ed9 cao g\u00e2y ra qu\u00e1 tr\u00ecnh oxy h\u00f3a d\u1ea7u, c\u00f3 t\u00e1c \u0111\u1ed9ng ti\u00eau c\u1ef1c \u0111\u1ebfn qu\u00e1 tr\u00ecnh l\u1ecdc v\u00e0 b\u00f4i tr\u01a1n. \u0110i\u1ec1u n\u00e0y c\u00f3 th\u1ec3 \u1ea3nh h\u01b0\u1edfng nghi\u00eam tr\u1ecdng \u0111\u1ebfn hi\u1ec7u su\u1ea5t v\u00e0 tu\u1ed5i th\u1ecd c\u1ee7a m\u00e1y b\u01a1m ch\u00e2n kh\u00f4ng c\u1ee7a b\u1ea1n.<\/p>\n<p>Tham kh\u1ea3o th\u00eam l\u1ecdc d\u1ea7u busch t\u1ea1i <a href=\"https:\/\/mpvane.com\/product-category\/loc-chan-khong\/loc-busch\/\">Minh Ph\u00fa<\/a><\/p>\n<\/div>\n<\/div>\n<\/div>\n<h2><span class=\"ez-toc-section\" id=\"Lien_He_Dat_Hang\"><\/span><strong>Li\u00ean H\u1ec7 \u0110\u1eb7t H\u00e0ng<\/strong><span class=\"ez-toc-section-end\"><\/span><\/h2>\n<p class=\"ds-markdown-paragraph\">\ud83d\udcde\u00a0<strong>Hotline\/Zalo:<\/strong>\u00a00985 490 343 \/ 0985 843 778<br \/>\n\ud83d\udce7\u00a0<strong>Email:<\/strong>\u00a0<a href=\"https:\/\/mailto:Sales@minhphuco.vn\/\" target=\"_blank\" rel=\"noopener noreferrer\">Sales@minhphuco.vn<\/a><br \/>\n\ud83c\udfe2\u00a0<strong>C\u00f4ng ty TNHH K\u1ef9 Thu\u1eadt v\u00e0 D\u1ecbch V\u1ee5 Minh Ph\u00fa<\/strong><\/p>\n<h3><span class=\"ez-toc-section\" id=\"Cam_Ket_Cua_Chung_Toi\"><\/span><strong>Cam K\u1ebft C\u1ee7a Ch\u00fang T\u00f4i<\/strong><span class=\"ez-toc-section-end\"><\/span><\/h3>\n<p class=\"ds-markdown-paragraph\">\u2714 H\u00e0ng ch\u00ednh h\u00e3ng, ch\u1ea5t l\u01b0\u1ee3ng \u0111\u1ea3m b\u1ea3o<br \/>\n\u2714 Gi\u00e1 c\u1ea3 c\u1ea1nh tranh, giao h\u00e0ng nhanh ch\u00f3ng<br \/>\n\u2714 H\u1ed7 tr\u1ee3 k\u1ef9 thu\u1eadt 24\/7<\/p>\n<p class=\"ds-markdown-paragraph\"><strong>#L\u1ecdcD\u1ea7uBusch #BuschR5 #M\u00e1yB\u01a1mCh\u00e2nKh\u00f4ng #Ph\u1ee5Ki\u1ec7nBusch #MinhPh\u00fa<\/strong><\/p>\n<p class=\"ds-markdown-paragraph\"><strong>\ud83d\udd0e T\u00ecm ki\u1ebfm li\u00ean quan:<\/strong>\u00a0L\u1ecdc d\u1ea7u Busch ch\u00ednh h\u00e3ng, Ph\u1ee5 ki\u1ec7n m\u00e1y b\u01a1m ch\u00e2n kh\u00f4ng Busch, L\u1ecdc d\u1ea7u cho kh\u00ed Oxy, Thay l\u1ecdc d\u1ea7u Busch R5.<\/p>\n","protected":false},"excerpt":{"rendered":"<p>k\u00edch th\u01b0\u1edbc H1 210\u00a0 mm x \u00d8 93 x 1&#8243; UNF<\/p>\n","protected":false},"featured_media":8555,"comment_status":"open","ping_status":"closed","template":"","meta":{"_acf_changed":false},"product_brand":[],"product_cat":[702,2352],"product_tag":[2606],"class_list":{"0":"post-8485","1":"product","2":"type-product","3":"status-publish","4":"has-post-thumbnail","6":"product_cat-loc-chan-khong","7":"product_cat-loc-busch","8":"product_tag-2606","10":"first","11":"instock","12":"shipping-taxable","13":"product-type-simple"},"acf":[],"_links":{"self":[{"href":"https:\/\/mpvane.com\/en\/wp-json\/wp\/v2\/product\/8485","targetHints":{"allow":["GET"]}}],"collection":[{"href":"https:\/\/mpvane.com\/en\/wp-json\/wp\/v2\/product"}],"about":[{"href":"https:\/\/mpvane.com\/en\/wp-json\/wp\/v2\/types\/product"}],"replies":[{"embeddable":true,"href":"https:\/\/mpvane.com\/en\/wp-json\/wp\/v2\/comments?post=8485"}],"version-history":[{"count":1,"href":"https:\/\/mpvane.com\/en\/wp-json\/wp\/v2\/product\/8485\/revisions"}],"predecessor-version":[{"id":8486,"href":"https:\/\/mpvane.com\/en\/wp-json\/wp\/v2\/product\/8485\/revisions\/8486"}],"wp:featuredmedia":[{"embeddable":true,"href":"https:\/\/mpvane.com\/en\/wp-json\/wp\/v2\/media\/8555"}],"wp:attachment":[{"href":"https:\/\/mpvane.com\/en\/wp-json\/wp\/v2\/media?parent=8485"}],"wp:term":[{"taxonomy":"product_brand","embeddable":true,"href":"https:\/\/mpvane.com\/en\/wp-json\/wp\/v2\/product_brand?post=8485"},{"taxonomy":"product_cat","embeddable":true,"href":"https:\/\/mpvane.com\/en\/wp-json\/wp\/v2\/product_cat?post=8485"},{"taxonomy":"product_tag","embeddable":true,"href":"https:\/\/mpvane.com\/en\/wp-json\/wp\/v2\/product_tag?post=8485"}],"curies":[{"name":"wp","href":"https:\/\/api.w.org\/{rel}","templated":true}]}}