{"id":8443,"date":"2025-06-25T21:59:21","date_gmt":"2025-06-25T14:59:21","guid":{"rendered":"https:\/\/mpvane.com\/?post_type=product&#038;p=8443"},"modified":"2025-06-25T22:33:40","modified_gmt":"2025-06-25T15:33:40","slug":"loc-tach-dau-532571826loc-busch-532571826","status":"publish","type":"product","link":"https:\/\/mpvane.com\/en\/san-pham\/loc-tach-dau-532571826loc-busch-532571826\/","title":{"rendered":"L\u1ecdc t\u00e1ch d\u1ea7u 532571826"},"content":{"rendered":"<div id=\"ez-toc-container\" class=\"ez-toc-v2_0_75 counter-hierarchy ez-toc-counter ez-toc-grey ez-toc-container-direction\">\n<div class=\"ez-toc-title-container\">\n<p class=\"ez-toc-title\" style=\"cursor:inherit\">Table of Contents<\/p>\n<span class=\"ez-toc-title-toggle\"><a href=\"#\" class=\"ez-toc-pull-right ez-toc-btn ez-toc-btn-xs ez-toc-btn-default ez-toc-toggle\" aria-label=\"Toggle Table of Content\"><span class=\"ez-toc-js-icon-con\"><span class=\"\"><span class=\"eztoc-hide\" style=\"display:none;\">Toggle<\/span><span class=\"ez-toc-icon-toggle-span\"><svg style=\"fill: #999;color:#999\" xmlns=\"http:\/\/www.w3.org\/2000\/svg\" class=\"list-377408\" width=\"20px\" height=\"20px\" viewBox=\"0 0 24 24\" fill=\"none\"><path d=\"M6 6H4v2h2V6zm14 0H8v2h12V6zM4 11h2v2H4v-2zm16 0H8v2h12v-2zM4 16h2v2H4v-2zm16 0H8v2h12v-2z\" fill=\"currentColor\"><\/path><\/svg><svg style=\"fill: #999;color:#999\" class=\"arrow-unsorted-368013\" xmlns=\"http:\/\/www.w3.org\/2000\/svg\" width=\"10px\" height=\"10px\" viewBox=\"0 0 24 24\" version=\"1.2\" baseProfile=\"tiny\"><path d=\"M18.2 9.3l-6.2-6.3-6.2 6.3c-.2.2-.3.4-.3.7s.1.5.3.7c.2.2.4.3.7.3h11c.3 0 .5-.1.7-.3.2-.2.3-.5.3-.7s-.1-.5-.3-.7zM5.8 14.7l6.2 6.3 6.2-6.3c.2-.2.3-.5.3-.7s-.1-.5-.3-.7c-.2-.2-.4-.3-.7-.3h-11c-.3 0-.5.1-.7.3-.2.2-.3.5-.3.7s.1.5.3.7z\"\/><\/svg><\/span><\/span><\/span><\/a><\/span><\/div>\n<nav><ul class='ez-toc-list ez-toc-list-level-1 ' ><li class='ez-toc-page-1 ez-toc-heading-level-2'><a class=\"ez-toc-link ez-toc-heading-1\" href=\"https:\/\/mpvane.com\/en\/san-pham\/loc-tach-dau-532571826loc-busch-532571826\/#Loc_tach_dau_Busch_532571826_%E2%80%93_Phin_loc_tach_nhot_hieu_qua_cho_bom_hut_chan_khong\" >L\u1ecdc t\u00e1ch d\u1ea7u Busch 532571826 \u2013 Phin l\u1ecdc t\u00e1ch nh\u1edbt hi\u1ec7u qu\u1ea3 cho b\u01a1m h\u00fat ch\u00e2n kh\u00f4ng<\/a><ul class='ez-toc-list-level-3' ><li class='ez-toc-heading-level-3'><a class=\"ez-toc-link ez-toc-heading-2\" href=\"https:\/\/mpvane.com\/en\/san-pham\/loc-tach-dau-532571826loc-busch-532571826\/#Chuc_nang_cua_loc_tach_dau_Busch_532571826\" >Ch\u1ee9c n\u0103ng c\u1ee7a l\u1ecdc t\u00e1ch d\u1ea7u Busch 532571826<\/a><\/li><li class='ez-toc-page-1 ez-toc-heading-level-3'><a class=\"ez-toc-link ez-toc-heading-3\" href=\"https:\/\/mpvane.com\/en\/san-pham\/loc-tach-dau-532571826loc-busch-532571826\/#Ung_dung_trong_cac_dong_bom\" >\u1ee8ng d\u1ee5ng trong c\u00e1c d\u00f2ng b\u01a1m:<\/a><\/li><\/ul><\/li><li class='ez-toc-page-1 ez-toc-heading-level-2'><a class=\"ez-toc-link ez-toc-heading-4\" href=\"https:\/\/mpvane.com\/en\/san-pham\/loc-tach-dau-532571826loc-busch-532571826\/#Cach_thay_bo_loc_khi_thai\" >C\u00e1ch thay b\u1ed9 l\u1ecdc kh\u00ed th\u1ea3i<\/a><ul class='ez-toc-list-level-3' ><li class='ez-toc-heading-level-3'><a class=\"ez-toc-link ez-toc-heading-5\" href=\"https:\/\/mpvane.com\/en\/san-pham\/loc-tach-dau-532571826loc-busch-532571826\/#Lam_sao_de_biet_khi_nao_can_thay_bo_loc_khi_thai\" >L\u00e0m sao \u0111\u1ec3 bi\u1ebft khi n\u00e0o c\u1ea7n thay b\u1ed9 l\u1ecdc kh\u00ed th\u1ea3i?<\/a><\/li><li class='ez-toc-page-1 ez-toc-heading-level-3'><a class=\"ez-toc-link ez-toc-heading-6\" href=\"https:\/\/mpvane.com\/en\/san-pham\/loc-tach-dau-532571826loc-busch-532571826\/#Lam_the_nao_de_thay_bo_loc_khi_thai_trong_may_bom_chan_khong\" >L\u00e0m th\u1ebf n\u00e0o \u0111\u1ec3 thay b\u1ed9 l\u1ecdc kh\u00ed th\u1ea3i trong m\u00e1y b\u01a1m ch\u00e2n kh\u00f4ng?<\/a><\/li><li class='ez-toc-page-1 ez-toc-heading-level-3'><a class=\"ez-toc-link ez-toc-heading-7\" href=\"https:\/\/mpvane.com\/en\/san-pham\/loc-tach-dau-532571826loc-busch-532571826\/#Toi_chi_can_thay_bo_loc_khi_thai_phai_khong\" >T\u00f4i ch\u1ec9 c\u1ea7n thay b\u1ed9 l\u1ecdc kh\u00ed th\u1ea3i ph\u1ea3i kh\u00f4ng?<\/a><\/li><li class='ez-toc-page-1 ez-toc-heading-level-3'><a class=\"ez-toc-link ez-toc-heading-8\" href=\"https:\/\/mpvane.com\/en\/san-pham\/loc-tach-dau-532571826loc-busch-532571826\/#Tu_khoa_SEO_de_xuat\" >T\u1eeb kh\u00f3a SEO \u0111\u1ec1 xu\u1ea5t:<\/a><\/li><li class='ez-toc-page-1 ez-toc-heading-level-3'><a class=\"ez-toc-link ez-toc-heading-9\" href=\"https:\/\/mpvane.com\/en\/san-pham\/loc-tach-dau-532571826loc-busch-532571826\/#Tags\" >Tags:<\/a><\/li><li class='ez-toc-page-1 ez-toc-heading-level-3'><a class=\"ez-toc-link ez-toc-heading-10\" href=\"https:\/\/mpvane.com\/en\/san-pham\/loc-tach-dau-532571826loc-busch-532571826\/#Lien_he_tu_van_dat_hang\" >Li\u00ean h\u1ec7 t\u01b0 v\u1ea5n &amp; \u0111\u1eb7t h\u00e0ng:<\/a><\/li><\/ul><\/li><\/ul><\/nav><\/div>\n<h2 data-start=\"117\" data-end=\"205\"><span class=\"ez-toc-section\" id=\"Loc_tach_dau_Busch_532571826_%E2%80%93_Phin_loc_tach_nhot_hieu_qua_cho_bom_hut_chan_khong\"><\/span><strong data-start=\"120\" data-end=\"205\">L\u1ecdc t\u00e1ch d\u1ea7u Busch 532571826 \u2013 Phin l\u1ecdc t\u00e1ch nh\u1edbt hi\u1ec7u qu\u1ea3 cho b\u01a1m h\u00fat ch\u00e2n kh\u00f4ng<\/strong><span class=\"ez-toc-section-end\"><\/span><\/h2>\n<ul data-start=\"234\" data-end=\"385\">\n<li data-start=\"234\" data-end=\"284\">\n<p data-start=\"236\" data-end=\"284\"><strong data-start=\"236\" data-end=\"253\">T\u00ean s\u1ea3n ph\u1ea9m:<\/strong> L\u1ecdc t\u00e1ch d\u1ea7u Busch 532571826<\/p>\n<\/li>\n<li data-start=\"285\" data-end=\"309\">\n<p data-start=\"287\" data-end=\"309\"><strong data-start=\"287\" data-end=\"297\">M\u00e3 s\u1ed1:<\/strong> 532571826<\/p>\n<\/li>\n<li data-start=\"310\" data-end=\"385\">\n<p data-start=\"312\" data-end=\"329\"><strong data-start=\"312\" data-end=\"327\">K\u00edch th\u01b0\u1edbc:<\/strong><\/p>\n<ul data-start=\"332\" data-end=\"385\">\n<li data-start=\"332\" data-end=\"361\">\n<p data-start=\"334\" data-end=\"361\">\u0110\u01b0\u1eddng k\u00ednh ngo\u00e0i: \u00d8160 mm<\/p>\n<\/li>\n<li data-start=\"364\" data-end=\"385\">\n<p data-start=\"366\" data-end=\"385\">Chi\u1ec1u cao: 459 mm<\/p>\n<\/li>\n<\/ul>\n<\/li>\n<\/ul>\n<div id=\"attachment_8453\" style=\"width: 1512px\" class=\"wp-caption alignnone\"><img fetchpriority=\"high\" decoding=\"async\" aria-describedby=\"caption-attachment-8453\" class=\"l\u1ecdc t\u00e1ch \u0111\u1ea7u Busch 532571826 wp-image-8453 size-full\" title=\"l\u1ecdc t\u00e1ch \u0111\u1ea7u Busch 532571826\" src=\"https:\/\/mpvane.com\/wp-content\/uploads\/2025\/06\/loc-tach-nhot-busch-532571826.jpg\" alt=\"l\u1ecdc t\u00e1ch \u0111\u1ea7u Busch 532571826\" width=\"1502\" height=\"1292\" srcset=\"https:\/\/mpvane.com\/wp-content\/uploads\/2025\/06\/loc-tach-nhot-busch-532571826.jpg 1502w, https:\/\/mpvane.com\/wp-content\/uploads\/2025\/06\/loc-tach-nhot-busch-532571826-300x258.jpg 300w, https:\/\/mpvane.com\/wp-content\/uploads\/2025\/06\/loc-tach-nhot-busch-532571826-1024x881.jpg 1024w, https:\/\/mpvane.com\/wp-content\/uploads\/2025\/06\/loc-tach-nhot-busch-532571826-768x661.jpg 768w, https:\/\/mpvane.com\/wp-content\/uploads\/2025\/06\/loc-tach-nhot-busch-532571826-1200x1032.jpg 1200w, https:\/\/mpvane.com\/wp-content\/uploads\/2025\/06\/loc-tach-nhot-busch-532571826-150x129.jpg 150w\" sizes=\"(max-width: 1502px) 100vw, 1502px\" \/><p id=\"caption-attachment-8453\" class=\"wp-caption-text\">l\u1ecdc t\u00e1ch \u0111\u1ea7u Busch 532571826<\/p><\/div>\n<h3 data-start=\"387\" data-end=\"437\"><span class=\"ez-toc-section\" id=\"Chuc_nang_cua_loc_tach_dau_Busch_532571826\"><\/span><strong data-start=\"391\" data-end=\"437\">Ch\u1ee9c n\u0103ng c\u1ee7a l\u1ecdc t\u00e1ch d\u1ea7u Busch 532571826<\/strong><span class=\"ez-toc-section-end\"><\/span><\/h3>\n<p data-start=\"439\" data-end=\"581\"><strong data-start=\"439\" data-end=\"465\">L\u1ecdc t\u00e1ch d\u1ea7u 532571826<\/strong> \u0111\u00f3ng vai tr\u00f2 v\u00f4 c\u00f9ng quan tr\u1ecdng trong h\u1ec7 th\u1ed1ng b\u01a1m h\u00fat ch\u00e2n kh\u00f4ng. V\u1edbi thi\u1ebft k\u1ebf chuy\u00ean bi\u1ec7t, s\u1ea3n ph\u1ea9m c\u00f3 ch\u1ee9c n\u0103ng:<\/p>\n<ul data-start=\"583\" data-end=\"1000\">\n<li data-start=\"583\" data-end=\"695\">\n<p data-start=\"585\" data-end=\"695\"><strong data-start=\"585\" data-end=\"617\">T\u00e1ch d\u1ea7u ra kh\u1ecfi d\u00f2ng kh\u00ed x\u1ea3<\/strong> m\u1ed9t c\u00e1ch hi\u1ec7u qu\u1ea3, gi\u00fap gi\u1ea3m thi\u1ec3u l\u01b0\u1ee3ng d\u1ea7u b\u1ecb m\u1ea5t trong qu\u00e1 tr\u00ecnh v\u1eadn h\u00e0nh.<\/p>\n<\/li>\n<li data-start=\"696\" data-end=\"839\">\n<p data-start=\"698\" data-end=\"839\"><strong data-start=\"698\" data-end=\"721\">Gi\u1eef cho kh\u00ed x\u1ea3 s\u1ea1ch<\/strong>, h\u1ea1n ch\u1ebf ph\u00e1t t\u00e1n h\u01a1i d\u1ea7u ra m\u00f4i tr\u01b0\u1eddng, t\u1eeb \u0111\u00f3 b\u1ea3o v\u1ec7 s\u1ee9c kh\u1ecfe ng\u01b0\u1eddi v\u1eadn h\u00e0nh v\u00e0 duy tr\u00ec m\u00f4i tr\u01b0\u1eddng l\u00e0m vi\u1ec7c an to\u00e0n.<\/p>\n<\/li>\n<li data-start=\"840\" data-end=\"921\">\n<p data-start=\"842\" data-end=\"921\">T\u0103ng hi\u1ec7u su\u1ea5t l\u00e0m vi\u1ec7c v\u00e0 <strong data-start=\"869\" data-end=\"907\">duy tr\u00ec \u00e1p su\u1ea5t ch\u00e2n kh\u00f4ng \u1ed5n \u0111\u1ecbnh<\/strong> cho h\u1ec7 th\u1ed1ng.<\/p>\n<\/li>\n<li data-start=\"922\" data-end=\"1000\">\n<p data-start=\"924\" data-end=\"1000\">K\u00e9o d\u00e0i tu\u1ed5i th\u1ecd b\u01a1m ch\u00e2n kh\u00f4ng, gi\u1ea3m chi ph\u00ed b\u1ea3o tr\u00ec v\u00e0 thay th\u1ebf linh ki\u1ec7n.<\/p>\n<\/li>\n<\/ul>\n<h3 data-start=\"1002\" data-end=\"1038\"><span class=\"ez-toc-section\" id=\"Ung_dung_trong_cac_dong_bom\"><\/span><strong data-start=\"1006\" data-end=\"1038\">\u1ee8ng d\u1ee5ng trong c\u00e1c d\u00f2ng b\u01a1m:<\/strong><span class=\"ez-toc-section-end\"><\/span><\/h3>\n<p data-start=\"1040\" data-end=\"1128\">L\u1ecdc t\u00e1ch d\u1ea7u Busch m\u00e3 s\u1ed1 <strong data-start=\"1065\" data-end=\"1078\">532571826<\/strong> t\u01b0\u01a1ng th\u00edch v\u1edbi c\u00e1c model b\u01a1m h\u00fat ch\u00e2n kh\u00f4ng sau:<\/p>\n<ul data-start=\"1130\" data-end=\"1235\">\n<li data-start=\"1130\" data-end=\"1156\">\n<p data-start=\"1132\" data-end=\"1156\"><strong data-start=\"1132\" data-end=\"1154\">BUSCH R5 RD 0200 A<\/strong><\/p>\n<\/li>\n<li data-start=\"1157\" data-end=\"1183\">\n<p data-start=\"1159\" data-end=\"1183\"><strong data-start=\"1159\" data-end=\"1181\">BUSCH R5 RD 0240 A<\/strong><\/p>\n<\/li>\n<li data-start=\"1184\" data-end=\"1210\">\n<p data-start=\"1186\" data-end=\"1210\"><strong data-start=\"1186\" data-end=\"1208\">BUSCH R5 RD 0300 A<\/strong><\/p>\n<\/li>\n<li data-start=\"1211\" data-end=\"1235\">\n<p data-start=\"1213\" data-end=\"1235\"><strong data-start=\"1213\" data-end=\"1235\">BUSCH R5 RD 0360 A<\/strong><\/p>\n<\/li>\n<\/ul>\n<p data-start=\"1237\" data-end=\"1373\">S\u1ea3n ph\u1ea9m ph\u00f9 h\u1ee3p s\u1eed d\u1ee5ng trong c\u00e1c ng\u00e0nh: ch\u1ebf bi\u1ebfn th\u1ef1c ph\u1ea9m, bao b\u00ec, in \u1ea5n, y t\u1ebf, \u0111i\u1ec7n t\u1eed, v\u00e0 nhi\u1ec1u l\u0129nh v\u1ef1c y\u00eau c\u1ea7u \u0111\u1ed9 ch\u00e2n kh\u00f4ng cao.<\/p>\n<h2 class=\"headline--2\"><span class=\"ez-toc-section\" id=\"Cach_thay_bo_loc_khi_thai\"><\/span>C\u00e1ch thay b\u1ed9 l\u1ecdc kh\u00ed th\u1ea3i<span class=\"ez-toc-section-end\"><\/span><\/h2>\n<p>Vi\u1ec7c thay b\u1ed9 l\u1ecdc kh\u00ed th\u1ea3i c\u1ee7a b\u1ea1n kh\u00f4ng ph\u1ea3i l\u00e0 m\u1ed9t th\u00e1ch th\u1ee9c. B\u1ed9 l\u1ecdc kh\u00ed th\u1ea3i ch\u00ednh h\u00e3ng c\u1ee7a Busch d\u1ec5 d\u00e0ng th\u00e1o l\u1eafp. Video c\u1ee7a ch\u00fang t\u00f4i tr\u00ecnh b\u00e0y c\u00e1ch b\u1ea1n c\u00f3 th\u1ec3 th\u1ef1c hi\u1ec7n quy tr\u00ecnh tr\u00ean m\u00e1y b\u01a1m ch\u00e2n kh\u00f4ng\u00a0<a class=\"link--primary\" href=\"https:\/\/www.buschvacuum.com\/global\/en\/products\/vacuum-pumps\/rotary-vane\/r5\/\" target=\"_self\" rel=\"noopener\">R5<\/a>\u00a0.<\/p>\n<h3 class=\"subheadline--2 text--bold fc--black\"><span class=\"ez-toc-section\" id=\"Lam_sao_de_biet_khi_nao_can_thay_bo_loc_khi_thai\"><\/span>L\u00e0m sao \u0111\u1ec3 bi\u1ebft khi n\u00e0o c\u1ea7n thay b\u1ed9 l\u1ecdc kh\u00ed th\u1ea3i?<span class=\"ez-toc-section-end\"><\/span><\/h3>\n<p>N\u1ebfu \u00e1p su\u1ea5t ng\u01b0\u1ee3c qu\u00e1 cao ho\u1eb7c kh\u00f3i tho\u00e1t ra t\u1eeb \u1ed1ng x\u1ea3, b\u1ea1n n\u00ean thay b\u1ed9 l\u1ecdc kh\u00ed th\u1ea3i. B\u1ea1n c\u00f3 th\u1ec3 theo d\u00f5i \u00e1p su\u1ea5t ng\u01b0\u1ee3c b\u1eb1ng \u0111\u1ed3ng h\u1ed3 \u0111o \u00e1p su\u1ea5t (c\u00f3 s\u1eb5n d\u01b0\u1edbi d\u1ea1ng ph\u1ee5 ki\u1ec7n cho d\u00f2ng R5) ho\u1eb7c th\u00f4ng qua b\u1ea3ng \u0111i\u1ec1u khi\u1ec3n\u00a0<a class=\"link--primary\" href=\"https:\/\/www.buschvacuum.com\/global\/en\/service\/digital-services\/\" target=\"_self\" rel=\"noopener\">OTTO<\/a>\u00a0c\u1ee7a b\u1ea1n . Tuy nhi\u00ean, ngay c\u1ea3 khi hi\u1ec7u su\u1ea5t b\u00ecnh th\u01b0\u1eddng, b\u1ea1n v\u1eabn n\u00ean lu\u00f4n thay b\u1ed9 l\u1ecdc kh\u00ed th\u1ea3i sau s\u1ed1 gi\u1edd ho\u1ea1t \u0111\u1ed9ng \u0111\u01b0\u1ee3c khuy\u1ebfn ngh\u1ecb.<\/p>\n<h3 class=\"subheadline--2 text--bold fc--black\"><span class=\"ez-toc-section\" id=\"Lam_the_nao_de_thay_bo_loc_khi_thai_trong_may_bom_chan_khong\"><\/span>L\u00e0m th\u1ebf n\u00e0o \u0111\u1ec3 thay b\u1ed9 l\u1ecdc kh\u00ed th\u1ea3i trong m\u00e1y b\u01a1m ch\u00e2n kh\u00f4ng?<span class=\"ez-toc-section-end\"><\/span><\/h3>\n<p>Vui l\u00f2ng tham kh\u1ea3o h\u01b0\u1edbng d\u1eabn s\u1eed d\u1ee5ng. B\u1ea1n c\u0169ng c\u00f3 th\u1ec3 xem\u00a0<a class=\"link--primary\" href=\"https:\/\/www.youtube.com\/watch?v=s3MGSKG87VM\" target=\"_blank\" rel=\"noopener\">video h\u01b0\u1edbng d\u1eabn s\u1eed d\u1ee5ng m\u00e1y b\u01a1m ch\u00e2n kh\u00f4ng R5<\/a>\u00a0c\u1ee7a ch\u00fang t\u00f4i tr\u00ean YouTube.<\/p>\n<h3 class=\"subheadline--2 text--bold fc--black\"><span class=\"ez-toc-section\" id=\"Toi_chi_can_thay_bo_loc_khi_thai_phai_khong\"><\/span>T\u00f4i ch\u1ec9 c\u1ea7n thay b\u1ed9 l\u1ecdc kh\u00ed th\u1ea3i ph\u1ea3i kh\u00f4ng?<span class=\"ez-toc-section-end\"><\/span><\/h3>\n<p>Khi b\u1ea1n thay b\u1ed9 l\u1ecdc kh\u00ed th\u1ea3i, b\u1ea1n s\u1ebd c\u00f3 \u0111\u01b0\u1ee3c k\u1ebft qu\u1ea3 t\u1ed1t nh\u1ea5t n\u1ebfu d\u00e0nh th\u1eddi gian thay th\u1ebf to\u00e0n b\u1ed9 h\u1ec7 th\u1ed1ng l\u1ecdc. \u0110i\u1ec1u n\u00e0y s\u1ebd \u0111\u1ea3m b\u1ea3o r\u1eb1ng m\u00e1y b\u01a1m ch\u00e2n kh\u00f4ng c\u1ee7a b\u1ea1n c\u00f3 hi\u1ec7u su\u1ea5t l\u1ecdc cao nh\u1ea5t. Vui l\u00f2ng tham kh\u1ea3o h\u01b0\u1edbng d\u1eabn s\u1eed d\u1ee5ng \u0111\u1ec3 x\u00e1c \u0111\u1ecbnh nh\u1eefng g\u00ec c\u1ea7n thay th\u1ebf trong m\u00e1y b\u01a1m ch\u00e2n kh\u00f4ng c\u1ee7a b\u1ea1n. N\u1ebfu b\u1ea1n c\u00f3 b\u1ea5t k\u1ef3 c\u00e2u h\u1ecfi n\u00e0o, \u0111\u1eebng ng\u1ea7n ng\u1ea1i li\u00ean h\u1ec7 v\u1edbi \u0111\u1ea1i l\u00fd Busch t\u1ea1i \u0111\u1ecba ph\u01b0\u01a1ng c\u1ee7a b\u1ea1n.<\/p>\n<hr data-start=\"1375\" data-end=\"1378\" \/>\n<h3 data-start=\"1380\" data-end=\"1408\"><span class=\"ez-toc-section\" id=\"Tu_khoa_SEO_de_xuat\"><\/span><strong data-start=\"1384\" data-end=\"1408\">T\u1eeb kh\u00f3a SEO \u0111\u1ec1 xu\u1ea5t:<\/strong><span class=\"ez-toc-section-end\"><\/span><\/h3>\n<ul data-start=\"1410\" data-end=\"1587\">\n<li data-start=\"1410\" data-end=\"1442\">\n<p data-start=\"1412\" data-end=\"1442\">L\u1ecdc t\u00e1ch d\u1ea7u Busch 532571826<\/p>\n<\/li>\n<li data-start=\"1443\" data-end=\"1470\">\n<p data-start=\"1445\" data-end=\"1470\">L\u1ecdc t\u00e1ch nh\u1edbt 532571826<\/p>\n<\/li>\n<li data-start=\"1471\" data-end=\"1490\">\n<p data-start=\"1473\" data-end=\"1490\">Busch 532571826<\/p>\n<\/li>\n<li data-start=\"1491\" data-end=\"1508\">\n<p data-start=\"1493\" data-end=\"1508\">L\u1ecdc 532571826<\/p>\n<\/li>\n<li data-start=\"1509\" data-end=\"1531\">\n<p data-start=\"1511\" data-end=\"1531\">Phin l\u1ecdc 532571826<\/p>\n<\/li>\n<li data-start=\"1532\" data-end=\"1560\">\n<p data-start=\"1534\" data-end=\"1560\">L\u1ecdc ch\u00e2n kh\u00f4ng 532571826<\/p>\n<\/li>\n<li data-start=\"1561\" data-end=\"1587\">\n<p data-start=\"1563\" data-end=\"1587\">L\u1ecdc b\u01a1m h\u00fat ch\u00e2n kh\u00f4ng<\/p>\n<\/li>\n<\/ul>\n<h3 data-start=\"1589\" data-end=\"1604\"><span class=\"ez-toc-section\" id=\"Tags\"><\/span><strong data-start=\"1593\" data-end=\"1602\">Tags:<\/strong><span class=\"ez-toc-section-end\"><\/span><\/h3>\n<p data-start=\"1605\" data-end=\"1660\"><code data-start=\"1605\" data-end=\"1629\">L\u1ecdc b\u01a1m h\u00fat ch\u00e2n kh\u00f4ng<\/code>, <code data-start=\"1631\" data-end=\"1642\">532571826<\/code>, <code data-start=\"1644\" data-end=\"1660\">Phin l\u1ecdc Busch<\/code><\/p>\n<hr data-start=\"1662\" data-end=\"1665\" \/>\n<h3 data-start=\"1667\" data-end=\"1701\"><span class=\"ez-toc-section\" id=\"Lien_he_tu_van_dat_hang\"><\/span><strong data-start=\"1671\" data-end=\"1701\">Li\u00ean h\u1ec7 t\u01b0 v\u1ea5n &amp; \u0111\u1eb7t h\u00e0ng:<\/strong><span class=\"ez-toc-section-end\"><\/span><\/h3>\n<p data-start=\"1703\" data-end=\"1953\"><strong data-start=\"1703\" data-end=\"1748\">C\u00d4NG TY TNHH K\u1ef8 THU\u1eacT V\u00c0 D\u1ecaCH V\u1ee4 MINH PH\u00da<\/strong><br data-start=\"1748\" data-end=\"1751\" \/>\ud83d\udcde <strong data-start=\"1754\" data-end=\"1771\">Zalo\/Hotline:<\/strong> 0985 490 343 \u2013 0985 843 778<br data-start=\"1799\" data-end=\"1802\" \/>\ud83d\udce7 <strong data-start=\"1805\" data-end=\"1815\">Email:<\/strong> <a class=\"cursor-pointer\" rel=\"noopener\" data-start=\"1816\" data-end=\"1863\">Sales@minhphuco.vn<\/a><br data-start=\"1863\" data-end=\"1866\" \/>\ud83c\udf10 <strong data-start=\"1869\" data-end=\"1881\">Cam k\u1ebft:<\/strong> H\u00e0ng <strong data-start=\"1887\" data-end=\"1906\">ch\u00ednh h\u00e3ng 100%<\/strong>, giao h\u00e0ng to\u00e0n qu\u1ed1c, t\u01b0 v\u1ea5n k\u1ef9 thu\u1eadt t\u1eadn n\u01a1i.<\/p>\n<hr data-start=\"1955\" data-end=\"1959\" \/>\n<p data-start=\"1961\" data-end=\"2099\" data-is-last-node=\"\" data-is-only-node=\"\">B\u1ea1n mu\u1ed1n th\u00eam m\u1ee5c h\u00ecnh \u1ea3nh, b\u1ea3ng th\u00f4ng s\u1ed1 k\u1ef9 thu\u1eadt, hay n\u00fat g\u1ecdi\/zalo nhanh cho website? M\u00ecnh c\u00f3 th\u1ec3 h\u1ed7 tr\u1ee3 thi\u1ebft k\u1ebf chi ti\u1ebft theo y\u00eau c\u1ea7u!<\/p>\n<p data-start=\"1961\" data-end=\"2099\" data-is-last-node=\"\" data-is-only-node=\"\">Tham kh\u1ea3o th\u00eam l\u1ecdc t\u00e1ch d\u1ea7u Busch <a href=\"https:\/\/mpvane.com\/product-category\/loc-chan-khong\/loc-busch\/?filter_loc-tach-dau-busch=0532140159\">0532140159<\/a><\/p>\n","protected":false},"excerpt":{"rendered":"<p>K\u00edch th\u01b0\u1edbc : \u0110\u01b0\u1eddng k\u00ednh ngo\u00e0i: \u00d8160 mm<br \/>\nChi\u1ec1u cao: 459 mm<br \/>\nD\u00f9ng cho b\u01a1m BUSCH R5 RD 0200 A,BUSCH R5 RD 0240 A,BUSCH R5 RD 0300 A,BUSCH R5 RD 0360 A<\/p>\n","protected":false},"featured_media":8445,"comment_status":"open","ping_status":"closed","template":"","meta":{"_acf_changed":false},"product_brand":[],"product_cat":[702,2352],"product_tag":[2598],"class_list":{"0":"post-8443","1":"product","2":"type-product","3":"status-publish","4":"has-post-thumbnail","6":"product_cat-loc-chan-khong","7":"product_cat-loc-busch","8":"product_tag-2598","10":"first","11":"instock","12":"shipping-taxable","13":"product-type-simple"},"acf":[],"_links":{"self":[{"href":"https:\/\/mpvane.com\/en\/wp-json\/wp\/v2\/product\/8443","targetHints":{"allow":["GET"]}}],"collection":[{"href":"https:\/\/mpvane.com\/en\/wp-json\/wp\/v2\/product"}],"about":[{"href":"https:\/\/mpvane.com\/en\/wp-json\/wp\/v2\/types\/product"}],"replies":[{"embeddable":true,"href":"https:\/\/mpvane.com\/en\/wp-json\/wp\/v2\/comments?post=8443"}],"version-history":[{"count":6,"href":"https:\/\/mpvane.com\/en\/wp-json\/wp\/v2\/product\/8443\/revisions"}],"predecessor-version":[{"id":8456,"href":"https:\/\/mpvane.com\/en\/wp-json\/wp\/v2\/product\/8443\/revisions\/8456"}],"wp:featuredmedia":[{"embeddable":true,"href":"https:\/\/mpvane.com\/en\/wp-json\/wp\/v2\/media\/8445"}],"wp:attachment":[{"href":"https:\/\/mpvane.com\/en\/wp-json\/wp\/v2\/media?parent=8443"}],"wp:term":[{"taxonomy":"product_brand","embeddable":true,"href":"https:\/\/mpvane.com\/en\/wp-json\/wp\/v2\/product_brand?post=8443"},{"taxonomy":"product_cat","embeddable":true,"href":"https:\/\/mpvane.com\/en\/wp-json\/wp\/v2\/product_cat?post=8443"},{"taxonomy":"product_tag","embeddable":true,"href":"https:\/\/mpvane.com\/en\/wp-json\/wp\/v2\/product_tag?post=8443"}],"curies":[{"name":"wp","href":"https:\/\/api.w.org\/{rel}","templated":true}]}}