{"id":8374,"date":"2025-06-24T23:29:33","date_gmt":"2025-06-24T16:29:33","guid":{"rendered":"https:\/\/mpvane.com\/?post_type=product&#038;p=8374"},"modified":"2025-06-24T23:41:45","modified_gmt":"2025-06-24T16:41:45","slug":"loc-tach-dau-7313110000loc-tach-nhot-731311","status":"publish","type":"product","link":"https:\/\/mpvane.com\/en\/san-pham\/loc-tach-dau-7313110000loc-tach-nhot-731311\/","title":{"rendered":"L\u1ecdc t\u00e1ch d\u1ea7u 7313110000"},"content":{"rendered":"<div id=\"ez-toc-container\" class=\"ez-toc-v2_0_75 counter-hierarchy ez-toc-counter ez-toc-grey ez-toc-container-direction\">\n<div class=\"ez-toc-title-container\">\n<p class=\"ez-toc-title\" style=\"cursor:inherit\">Table of Contents<\/p>\n<span class=\"ez-toc-title-toggle\"><a href=\"#\" class=\"ez-toc-pull-right ez-toc-btn ez-toc-btn-xs ez-toc-btn-default ez-toc-toggle\" aria-label=\"Toggle Table of Content\"><span class=\"ez-toc-js-icon-con\"><span class=\"\"><span class=\"eztoc-hide\" style=\"display:none;\">Toggle<\/span><span class=\"ez-toc-icon-toggle-span\"><svg style=\"fill: #999;color:#999\" xmlns=\"http:\/\/www.w3.org\/2000\/svg\" class=\"list-377408\" width=\"20px\" height=\"20px\" viewBox=\"0 0 24 24\" fill=\"none\"><path d=\"M6 6H4v2h2V6zm14 0H8v2h12V6zM4 11h2v2H4v-2zm16 0H8v2h12v-2zM4 16h2v2H4v-2zm16 0H8v2h12v-2z\" fill=\"currentColor\"><\/path><\/svg><svg style=\"fill: #999;color:#999\" class=\"arrow-unsorted-368013\" xmlns=\"http:\/\/www.w3.org\/2000\/svg\" width=\"10px\" height=\"10px\" viewBox=\"0 0 24 24\" version=\"1.2\" baseProfile=\"tiny\"><path d=\"M18.2 9.3l-6.2-6.3-6.2 6.3c-.2.2-.3.4-.3.7s.1.5.3.7c.2.2.4.3.7.3h11c.3 0 .5-.1.7-.3.2-.2.3-.5.3-.7s-.1-.5-.3-.7zM5.8 14.7l6.2 6.3 6.2-6.3c.2-.2.3-.5.3-.7s-.1-.5-.3-.7c-.2-.2-.4-.3-.7-.3h-11c-.3 0-.5.1-.7.3-.2.2-.3.5-.3.7s.1.5.3.7z\"\/><\/svg><\/span><\/span><\/span><\/a><\/span><\/div>\n<nav><ul class='ez-toc-list ez-toc-list-level-1 ' ><li class='ez-toc-page-1 ez-toc-heading-level-2'><a class=\"ez-toc-link ez-toc-heading-1\" href=\"https:\/\/mpvane.com\/en\/san-pham\/loc-tach-dau-7313110000loc-tach-nhot-731311\/#%F0%9F%94%A7_Loc_tach_dau_7313110000_%E2%80%93_Giai_phap_bao_tri_hieu_qua_cho_may_bom_chan_khong_Rietschle_V%E2%80%91VCB\" >\ud83d\udd27 L\u1ecdc t\u00e1ch d\u1ea7u 7313110000 \u2013 Gi\u1ea3i ph\u00e1p b\u1ea3o tr\u00ec hi\u1ec7u qu\u1ea3 cho m\u00e1y b\u01a1m ch\u00e2n kh\u00f4ng Rietschle V\u2011VCB<\/a><ul class='ez-toc-list-level-3' ><li class='ez-toc-heading-level-3'><a class=\"ez-toc-link ez-toc-heading-2\" href=\"https:\/\/mpvane.com\/en\/san-pham\/loc-tach-dau-7313110000loc-tach-nhot-731311\/#1_Tong_quan_san_pham\" >1. T\u1ed5ng quan s\u1ea3n ph\u1ea9m<\/a><\/li><li class='ez-toc-page-1 ez-toc-heading-level-3'><a class=\"ez-toc-link ez-toc-heading-3\" href=\"https:\/\/mpvane.com\/en\/san-pham\/loc-tach-dau-7313110000loc-tach-nhot-731311\/#2_Thong_so_ky_thuat\" >2. Th\u00f4ng s\u1ed1 k\u1ef9 thu\u1eadt<\/a><\/li><li class='ez-toc-page-1 ez-toc-heading-level-3'><a class=\"ez-toc-link ez-toc-heading-4\" href=\"https:\/\/mpvane.com\/en\/san-pham\/loc-tach-dau-7313110000loc-tach-nhot-731311\/#4_Huong_dan_thay_the\" >4. H\u01b0\u1edbng d\u1eabn thay th\u1ebf<\/a><\/li><li class='ez-toc-page-1 ez-toc-heading-level-3'><a class=\"ez-toc-link ez-toc-heading-5\" href=\"https:\/\/mpvane.com\/en\/san-pham\/loc-tach-dau-7313110000loc-tach-nhot-731311\/#5_Thoi_diem_can_thay_loc\" >5. Th\u1eddi \u0111i\u1ec3m c\u1ea7n thay l\u1ecdc<\/a><\/li><li class='ez-toc-page-1 ez-toc-heading-level-3'><a class=\"ez-toc-link ez-toc-heading-6\" href=\"https:\/\/mpvane.com\/en\/san-pham\/loc-tach-dau-7313110000loc-tach-nhot-731311\/#6_Mua_hang_%E2%80%93_Lien_he_ngay\" >6. Mua h\u00e0ng \u2013 Li\u00ean h\u1ec7 ngay<\/a><\/li><li class='ez-toc-page-1 ez-toc-heading-level-3'><a class=\"ez-toc-link ez-toc-heading-7\" href=\"https:\/\/mpvane.com\/en\/san-pham\/loc-tach-dau-7313110000loc-tach-nhot-731311\/#7_Uu_diem_noi_bat\" >7. \u01afu \u0111i\u1ec3m n\u1ed5i b\u1eadt<\/a><\/li><li class='ez-toc-page-1 ez-toc-heading-level-3'><a class=\"ez-toc-link ez-toc-heading-8\" href=\"https:\/\/mpvane.com\/en\/san-pham\/loc-tach-dau-7313110000loc-tach-nhot-731311\/#%E2%9C%85_Ket_luan\" >\u2705 K\u1ebft lu\u1eadn<\/a><\/li><\/ul><\/li><\/ul><\/nav><\/div>\n<h2 data-start=\"44\" data-end=\"141\"><span class=\"ez-toc-section\" id=\"%F0%9F%94%A7_Loc_tach_dau_7313110000_%E2%80%93_Giai_phap_bao_tri_hieu_qua_cho_may_bom_chan_khong_Rietschle_V%E2%80%91VCB\"><\/span>\ud83d\udd27 L\u1ecdc t\u00e1ch d\u1ea7u 7313110000 \u2013 Gi\u1ea3i ph\u00e1p b\u1ea3o tr\u00ec hi\u1ec7u qu\u1ea3 cho m\u00e1y b\u01a1m ch\u00e2n kh\u00f4ng Rietschle V\u2011VCB<span class=\"ez-toc-section-end\"><\/span><\/h2>\n<h3 data-start=\"143\" data-end=\"168\"><span class=\"ez-toc-section\" id=\"1_Tong_quan_san_pham\"><\/span>1. T\u1ed5ng quan s\u1ea3n ph\u1ea9m<span class=\"ez-toc-section-end\"><\/span><\/h3>\n<ul data-start=\"169\" data-end=\"419\">\n<li data-start=\"169\" data-end=\"210\">\n<p data-start=\"171\" data-end=\"210\"><span class=\"relative -mx-px my-[-0.2rem] rounded px-px py-[0.2rem] transition-colors duration-100 ease-in-out\"><strong data-start=\"0\" data-end=\"15\" data-is-only-node=\"\">M\u00e3 s\u1ea3n ph\u1ea9m<\/strong>: 7313110000<\/span><\/p>\n<\/li>\n<li data-start=\"211\" data-end=\"340\">\n<p data-start=\"213\" data-end=\"252\"><span class=\"relative -mx-px my-[-0.2rem] rounded px-px py-[0.2rem] transition-colors duration-100 ease-in-out\"><strong data-start=\"0\" data-end=\"20\" data-is-only-node=\"\">D\u00f2ng m\u00e1y ph\u00f9 h\u1ee3p<\/strong>:<\/span><\/p>\n<ul data-start=\"255\" data-end=\"340\">\n<li data-start=\"255\" data-end=\"296\">\n<p data-start=\"257\" data-end=\"296\"><span class=\"relative -mx-px my-[-0.2rem] rounded px-px py-[0.2rem] transition-colors duration-100 ease-in-out\"><strong data-start=\"0\" data-end=\"22\" data-is-only-node=\"\">Rietschle V\u2011VCB 20<\/strong> (phi\u00ean b\u1ea3n t\u1eeb 2009)<\/span><\/p>\n<\/li>\n<li data-start=\"299\" data-end=\"340\">\n<p data-start=\"301\" data-end=\"340\"><span class=\"relative -mx-px my-[-0.2rem] rounded px-px py-[0.2rem] transition-colors duration-100 ease-in-out\"><strong data-start=\"0\" data-end=\"22\" data-is-last-node=\"\" data-is-only-node=\"\">Rietschle V\u2011VCB 25<\/strong><\/span><\/p>\n<\/li>\n<\/ul>\n<\/li>\n<li data-start=\"341\" data-end=\"419\">\n<p data-start=\"343\" data-end=\"419\"><span class=\"relative -mx-px my-[-0.2rem] rounded px-px py-[0.2rem] transition-colors duration-100 ease-in-out\"><strong data-start=\"0\" data-end=\"13\" data-is-only-node=\"\">Ch\u1ee9c n\u0103ng<\/strong>: l\u1ecdc t\u00e1ch d\u1ea7u v\u00e0 ng\u0103n d\u1ea7u m\u00f9 ng\u01b0\u1ee3c v\u1ec1 h\u1ec7 th\u1ed1ng, gi\u00fap t\u0103ng tu\u1ed5i th\u1ecd m\u00e1y v\u00e0 \u0111\u1ea3m b\u1ea3o hi\u1ec7u su\u1ea5t h\u00fat kh\u00ed \u1ed5n \u0111\u1ecbnh<\/span><\/p>\n<\/li>\n<\/ul>\n<h3 data-start=\"421\" data-end=\"445\"><span class=\"ez-toc-section\" id=\"2_Thong_so_ky_thuat\"><\/span>2. Th\u00f4ng s\u1ed1 k\u1ef9 thu\u1eadt<span class=\"ez-toc-section-end\"><\/span><\/h3>\n<div class=\"_tableContainer_16hzy_1\">\n<div class=\"_tableWrapper_16hzy_14 group flex w-fit flex-col-reverse\" tabindex=\"-1\">\n<table class=\"w-fit min-w-(--thread-content-width)\" data-start=\"446\" data-end=\"781\">\n<thead data-start=\"446\" data-end=\"469\">\n<tr data-start=\"446\" data-end=\"469\">\n<th data-start=\"446\" data-end=\"457\" data-col-size=\"sm\">Th\u00f4ng s\u1ed1<\/th>\n<th data-start=\"457\" data-end=\"469\" data-col-size=\"sm\">Chi ti\u1ebft<\/th>\n<\/tr>\n<\/thead>\n<tbody data-start=\"492\" data-end=\"781\">\n<tr data-start=\"492\" data-end=\"542\">\n<td data-start=\"492\" data-end=\"532\" data-col-size=\"sm\"><span class=\"relative -mx-px my-[-0.2rem] rounded px-px py-[0.2rem] transition-colors duration-100 ease-in-out\">Chi\u1ec1u cao l\u1ecdc (H\u20110)<\/span><\/td>\n<td data-col-size=\"sm\" data-start=\"532\" data-end=\"542\">140\u202fmm<\/td>\n<\/tr>\n<tr data-start=\"543\" data-end=\"593\">\n<td data-start=\"543\" data-end=\"583\" data-col-size=\"sm\"><span class=\"relative -mx-px my-[-0.2rem] rounded px-px py-[0.2rem] transition-colors duration-100 ease-in-out\">T\u1ed5ng chi\u1ec1u cao (H\u2011TOTAL)<\/span><\/td>\n<td data-col-size=\"sm\" data-start=\"583\" data-end=\"593\">140\u202fmm<\/td>\n<\/tr>\n<tr data-start=\"594\" data-end=\"677\">\n<td data-start=\"594\" data-end=\"634\" data-col-size=\"sm\"><span class=\"relative -mx-px my-[-0.2rem] rounded px-px py-[0.2rem] transition-colors duration-100 ease-in-out\">Tr\u1ecdng l\u01b0\u1ee3ng t\u1ecbnh (WEIGHT)<\/span><\/td>\n<td data-col-size=\"sm\" data-start=\"634\" data-end=\"677\"><span class=\"relative -mx-px my-[-0.2rem] rounded px-px py-[0.2rem] transition-colors duration-100 ease-in-out\">0,1\u202fkg<\/span><\/td>\n<\/tr>\n<tr data-start=\"678\" data-end=\"729\">\n<td data-start=\"678\" data-end=\"720\" data-col-size=\"sm\"><span class=\"relative -mx-px my-[-0.2rem] rounded px-px py-[0.2rem] transition-colors duration-100 ease-in-out\">\u0110\u01b0\u1eddng k\u00ednh trong t\u1ed1i \u0111a (\u00d8\u202fIN\u2011MAX)<\/span><\/td>\n<td data-col-size=\"sm\" data-start=\"720\" data-end=\"729\">15\u202fmm<\/td>\n<\/tr>\n<tr data-start=\"730\" data-end=\"781\">\n<td data-start=\"730\" data-end=\"772\" data-col-size=\"sm\"><span class=\"relative -mx-px my-[-0.2rem] rounded px-px py-[0.2rem] transition-colors duration-100 ease-in-out\">\u0110\u01b0\u1eddng k\u00ednh ngo\u00e0i (\u00d8\u202fOUT)<\/span><\/td>\n<td data-col-size=\"sm\" data-start=\"772\" data-end=\"781\">55\u202fmm<\/td>\n<\/tr>\n<\/tbody>\n<\/table>\n<div class=\"sticky end-(--thread-content-margin) h-0 self-end select-none\">\n<div class=\"absolute end-0 flex items-end\"><\/div>\n<\/div>\n<\/div>\n<\/div>\n<p data-start=\"785\" data-end=\"865\"><span class=\"relative -mx-px my-[-0.2rem] rounded px-px py-[0.2rem] transition-colors duration-100 ease-in-out\">K\u00edch th\u01b0\u1edbc t\u01b0\u01a1ng \u1ee9ng v\u1edbi th\u00f4ng s\u1ed1 l\u1ecdc d\u1ea7u OEM v\u00e0 thay th\u1ebf c\u1ee7a Elmo\u202fRietschle \u2013 \u0111\u1ea3m b\u1ea3o kh\u1edbp v\u1edbi chu\u1ea9n k\u1ef9 thu\u1eadt c\u1ee7a d\u00f2ng V\u2011VCB (20\u201325\u202fm\u00b3\/h, thao t\u00e1c trong \u0111i\u1ec1u ki\u1ec7n \u00e1p su\u1ea5t 2\u2013200 mbar)<\/span><\/p>\n<ul data-start=\"890\" data-end=\"1186\">\n<li data-start=\"890\" data-end=\"974\">\n<p data-start=\"892\" data-end=\"974\"><span class=\"relative -mx-px my-[-0.2rem] rounded px-px py-[0.2rem] transition-colors duration-100 ease-in-out\"><strong data-start=\"0\" data-end=\"20\" data-is-only-node=\"\">B\u1eaft d\u1ea7u hi\u1ec7u qu\u1ea3<\/strong>: L\u1ecdc m\u1ecbn ng\u0103n d\u1ea7u m\u00f9, \u0111\u1ea3m b\u1ea3o d\u1ea7u \u0111\u01b0\u1ee3c t\u00e1ch v\u00e0 tr\u1ea3 l\u1ea1i \u0111\u00fang h\u1ec7 tu\u1ea7n ho\u00e0n<\/span> .<\/p>\n<\/li>\n<li data-start=\"975\" data-end=\"1018\">\n<p data-start=\"977\" data-end=\"1018\"><span class=\"relative -mx-px my-[-0.2rem] rounded px-px py-[0.2rem] transition-colors duration-100 ease-in-out\"><strong data-start=\"0\" data-end=\"26\" data-is-only-node=\"\">Gi\u1eef ch\u00e2n kh\u00f4ng \u1ed5n \u0111\u1ecbnh<\/strong>: Tr\u00e1nh hi\u1ec7n t\u01b0\u1ee3ng kh\u00f3i d\u1ea7u ng\u01b0\u1ee3c, g\u00f3p ph\u1ea7n duy tr\u00ec \u00e1p su\u1ea5t h\u00fat ch\u00e2n kh\u00f4ng t\u1eeb 2\u202fmbar.<\/span><\/p>\n<\/li>\n<li data-start=\"1019\" data-end=\"1103\">\n<p data-start=\"1021\" data-end=\"1103\"><span class=\"relative -mx-px my-[-0.2rem] rounded px-px py-[0.2rem] transition-colors duration-100 ease-in-out\"><strong data-start=\"0\" data-end=\"24\" data-is-only-node=\"\">Thay th\u1ebf OEM d\u1ec5 d\u00e0ng<\/strong>: Thi\u1ebft k\u1ebf t\u01b0\u01a1ng th\u00edch cao v\u1edbi b\u1ed9 l\u1ecdc g\u1ed1c V\u2011VCB 20\/25, thay th\u1ebf nhanh ch\u00f3ng \u2013 d\u00f9ng cho c\u1ea3 phi\u00ean b\u1ea3n s\u1ea3n xu\u1ea5t n\u0103m 2009 tr\u1edf v\u1ec1 sau<\/span><\/p>\n<\/li>\n<li data-start=\"1104\" data-end=\"1186\">\n<p data-start=\"1106\" data-end=\"1186\"><span class=\"relative -mx-px my-[-0.2rem] rounded px-px py-[0.2rem] transition-colors duration-100 ease-in-out\"><strong data-start=\"0\" data-end=\"18\" data-is-only-node=\"\">Chi ph\u00ed h\u1ee3p l\u00fd<\/strong>: So v\u1edbi gi\u00e1 OEM qu\u1ed1c t\u1ebf (chi t\u1eeb \u20ac29 \u2013 \u20ac41 t\u00f9y ch\u1ed7), l\u1ecdc 7313110000 th\u01b0\u1eddng \u1edf m\u1ee9c kho\u1ea3ng $50\u2013$150 t\u00f9y ngu\u1ed3n<\/span><\/p>\n<\/li>\n<\/ul>\n<h3 data-start=\"1188\" data-end=\"1213\"><span class=\"ez-toc-section\" id=\"4_Huong_dan_thay_the\"><\/span>4. H\u01b0\u1edbng d\u1eabn thay th\u1ebf<span class=\"ez-toc-section-end\"><\/span><\/h3>\n<ol data-start=\"1214\" data-end=\"1471\">\n<li data-start=\"1214\" data-end=\"1268\">\n<p data-start=\"1217\" data-end=\"1268\">Ng\u1eebng m\u00e1y, ng\u1eaft \u0111i\u1ec7n v\u00e0 x\u1ea3 \u00e1p su\u1ea5t b\u00ean trong m\u00e1y.<\/p>\n<\/li>\n<li data-start=\"1269\" data-end=\"1342\">\n<p data-start=\"1272\" data-end=\"1342\">Th\u00e1o b\u1ed9 l\u1ecdc c\u0169, v\u1ec7 sinh khu v\u1ef1c ch\u1ee9a v\u00e0 thay l\u1ecdc m\u1edbi <strong data-start=\"1325\" data-end=\"1339\">7313110000<\/strong>.<\/p>\n<\/li>\n<li data-start=\"1343\" data-end=\"1388\">\n<p data-start=\"1346\" data-end=\"1388\">Si\u1ebft ch\u1eb7t n\u1eafp theo \u0111\u00fang moment k\u1ef9 thu\u1eadt.<\/p>\n<\/li>\n<li data-start=\"1389\" data-end=\"1471\">\n<p data-start=\"1392\" data-end=\"1471\">Kh\u1edfi \u0111\u1ed9ng m\u00e1y, ki\u1ec3m tra kh\u00f4ng r\u00f2 r\u1ec9 d\u1ea7u v\u00e0 \u0111\u1ea3m b\u1ea3o h\u1ec7 th\u1ed1ng ho\u1ea1t \u0111\u1ed9ng tr\u01a1n tru.<\/p>\n<\/li>\n<\/ol>\n<h3 data-start=\"1473\" data-end=\"1502\"><span class=\"ez-toc-section\" id=\"5_Thoi_diem_can_thay_loc\"><\/span>5. Th\u1eddi \u0111i\u1ec3m c\u1ea7n thay l\u1ecdc<span class=\"ez-toc-section-end\"><\/span><\/h3>\n<ul data-start=\"1503\" data-end=\"1694\">\n<li data-start=\"1503\" data-end=\"1572\">\n<p data-start=\"1505\" data-end=\"1572\">Theo khuy\u1ebfn ngh\u1ecb b\u1ea3o tr\u00ec \u0111\u1ecbnh k\u1ef3 (th\u01b0\u1eddng sau 6\u201312 th\u00e1ng t\u00f9y t\u1ea3i);<\/p>\n<\/li>\n<li data-start=\"1573\" data-end=\"1694\">\n<p data-start=\"1575\" data-end=\"1694\">Quan s\u00e1t th\u1ea5y hi\u1ec7n t\u01b0\u1ee3ng d\u1ea7u m\u00f9, \u00e1p su\u1ea5t h\u00fat y\u1ebfu, ho\u1eb7c kh\u1ea3 n\u0103ng l\u1ecdc d\u1ea7u suy gi\u1ea3m \u2013 n\u00ean thay \u0111\u1ec3 tr\u00e1nh \u1ea3nh h\u01b0\u1edfng \u0111\u1ebfn m\u00e1y.<\/p>\n<\/li>\n<\/ul>\n<h3 data-start=\"1696\" data-end=\"1726\"><span class=\"ez-toc-section\" id=\"6_Mua_hang_%E2%80%93_Lien_he_ngay\"><\/span>6. Mua h\u00e0ng \u2013 Li\u00ean h\u1ec7 ngay<span class=\"ez-toc-section-end\"><\/span><\/h3>\n<ul data-start=\"1727\" data-end=\"1991\">\n<li data-start=\"1727\" data-end=\"1776\">\n<p data-start=\"1729\" data-end=\"1776\"><strong data-start=\"1729\" data-end=\"1774\">C\u00f4ng ty TNHH K\u1ef9 thu\u1eadt v\u00e0 D\u1ecbch v\u1ee5 Minh Ph\u00fa<\/strong><\/p>\n<\/li>\n<li data-start=\"1777\" data-end=\"1813\">\n<p data-start=\"1779\" data-end=\"1813\">\ud83d\udcbc <strong data-start=\"1782\" data-end=\"1791\">Email<\/strong>:\u202f<a class=\"cursor-pointer\" rel=\"noopener\" data-start=\"1793\" data-end=\"1811\">sales@minhphuco.vn<\/a><\/p>\n<\/li>\n<li data-start=\"1814\" data-end=\"1858\">\n<p data-start=\"1816\" data-end=\"1858\">\ud83d\udcf1 <strong data-start=\"1819\" data-end=\"1827\">Zalo<\/strong>:\u202f0985\u202f490\u202f343 \/ 0985\u202f843\u202f778<\/p>\n<\/li>\n<li data-start=\"1859\" data-end=\"1991\">\n<p data-start=\"1861\" data-end=\"1991\">\ud83c\udf10 Chuy\u00ean cung c\u1ea5p l\u1ecdc d\u1ea7u OEM ch\u00ednh h\u00e3ng, ph\u00f9 h\u1ee3p v\u1edbi Rietschle V\u2011VCB 20 &amp; 25, d\u1ecbch v\u1ee5 t\u01b0 v\u1ea5n k\u1ef9 thu\u1eadt v\u00e0 h\u1ed7 tr\u1ee3 l\u1eafp \u0111\u1eb7t t\u1eadn n\u01a1i.<\/p>\n<\/li>\n<\/ul>\n<h3 data-start=\"976\" data-end=\"1000\"><span class=\"ez-toc-section\" id=\"7_Uu_diem_noi_bat\"><\/span>7. \u01afu \u0111i\u1ec3m n\u1ed5i b\u1eadt<span class=\"ez-toc-section-end\"><\/span><\/h3>\n<ul data-start=\"1001\" data-end=\"1174\">\n<li data-start=\"1001\" data-end=\"1044\">\n<p data-start=\"1003\" data-end=\"1044\"><span class=\"relative -mx-px my-[-0.2rem] rounded px-px py-[0.2rem] transition-colors duration-100 ease-in-out\"><strong data-start=\"0\" data-end=\"16\" data-is-only-node=\"\">Hi\u1ec7u qu\u1ea3 cao<\/strong>: Gi\u1ea3m h\u01a1n 90% d\u1ea7u m\u00f9, b\u1ea3o v\u1ec7 m\u00f4i tr\u01b0\u1eddng l\u00e0m vi\u1ec7c v\u00e0 t\u0103ng tu\u1ed5i th\u1ecd m\u00e1y.<\/span><\/p>\n<\/li>\n<li data-start=\"1045\" data-end=\"1088\">\n<p data-start=\"1047\" data-end=\"1088\"><span class=\"relative -mx-px my-[-0.2rem] rounded px-px py-[0.2rem] transition-colors duration-100 ease-in-out\"><strong data-start=\"0\" data-end=\"17\" data-is-only-node=\"\">Ti\u1ebft ki\u1ec7m d\u1ea7u<\/strong>: H\u1ed3i d\u1ea7u tr\u1edf l\u1ea1i b\u00ecnh ch\u1ee9a, gi\u1ea3m chi ph\u00ed ph\u1ee5 tr\u1ed9i.<\/span><\/p>\n<\/li>\n<li data-start=\"1089\" data-end=\"1132\">\n<p data-start=\"1091\" data-end=\"1132\"><span class=\"relative -mx-px my-[-0.2rem] rounded px-px py-[0.2rem] transition-colors duration-100 ease-in-out\"><strong data-start=\"0\" data-end=\"20\" data-is-only-node=\"\">An to\u00e0n v\u1eadn h\u00e0nh<\/strong>: Ch\u1ed1t c\u1ed1 \u0111\u1ecbnh gi\u00fap gi\u1eef ch\u1eb7t cartridge, tr\u00e1nh r\u00f2\/gi\u1ea3m t\u1ea3i khi v\u1eadn h\u00e0nh.<\/span><\/p>\n<\/li>\n<li data-start=\"1133\" data-end=\"1174\">\n<p data-start=\"1135\" data-end=\"1174\"><span class=\"relative -mx-px my-[-0.2rem] rounded px-px py-[0.2rem] transition-colors duration-100 ease-in-out\"><strong data-start=\"0\" data-end=\"15\" data-is-only-node=\"\">OEM quality<\/strong>: Tuy\u1ec7t \u0111\u1ed1i t\u01b0\u01a1ng th\u00edch, h\u1ea1n ch\u1ebf l\u1ed7i sau thay th\u1ebf.<\/span><\/p>\n<\/li>\n<\/ul>\n<h3 data-start=\"1998\" data-end=\"2012\"><span class=\"ez-toc-section\" id=\"%E2%9C%85_Ket_luan\"><\/span>\u2705 K\u1ebft lu\u1eadn<span class=\"ez-toc-section-end\"><\/span><\/h3>\n<p data-start=\"2013\" data-end=\"2342\">L\u1ecdc t\u00e1ch d\u1ea7u <strong data-start=\"2026\" data-end=\"2040\">7313110000<\/strong> l\u00e0 l\u1ef1a ch\u1ecdn t\u1ed1i \u01b0u cho c\u00e1c d\u00f2ng m\u00e1y b\u01a1m ch\u00e2n kh\u00f4ng Rietschle V\u2011VCB 20 (2009) v\u00e0 V\u2011VCB 25, gi\u00fap b\u1ea3o v\u1ec7 m\u00e1y, gi\u1eef hi\u1ec7u su\u1ea5t, v\u00e0 ti\u1ebft ki\u1ec7m chi ph\u00ed so v\u1edbi c\u00e1c s\u1ea3n ph\u1ea9m OEM \u0111\u1eaft \u0111\u1ecf. Nh\u1edd c\u1ea5u t\u1ea1o chu\u1ea9n, ch\u1ea5t l\u01b0\u1ee3ng cao c\u00f9ng d\u1ecbch v\u1ee5 t\u1ed1t t\u1ea1i <strong data-start=\"2271\" data-end=\"2283\">Minh Ph\u00fa<\/strong>, b\u1ea1n ho\u00e0n to\u00e0n y\u00ean t\u00e2m trong b\u1ea3o tr\u00ec v\u00e0 v\u1eadn h\u00e0nh h\u1ec7 th\u1ed1ng.<\/p>\n<p data-start=\"2344\" data-end=\"2428\">\ud83d\udc49 <strong data-start=\"2347\" data-end=\"2363\">Li\u00ean h\u1ec7 ngay<\/strong> Minh Ph\u00fa \u0111\u1ec3 nh\u1eadn b\u00e1o gi\u00e1 nhanh v\u00e0 h\u1ed7 tr\u1ee3 k\u1ef9 thu\u1eadt chuy\u00ean nghi\u1ec7p!<\/p>\n<p data-start=\"2344\" data-end=\"2428\">C\u00e1c s\u1ea3n ph\u1ea9m <a href=\"https:\/\/mpvane.com\/product-category\/loc-chan-khong\/\">l\u1ecdc t\u00e1ch d\u1ea7u kh\u00e1c<\/a> t\u1eebu minh ph\u00fa<\/p>\n<p data-start=\"2344\" data-end=\"2428\">Tham kh\u1ea3o trang web t\u1eeb <a href=\"https:\/\/www.elmorietschle.com\/en-sg\/\" target=\"_blank\" rel=\"noopener\">h\u00e3ng<\/a><\/p>\n","protected":false},"excerpt":{"rendered":"<p>Chi\u1ec1u cao l\u1ecdc (H-0) : 140mm<br \/>\nT\u1ed5ng chi\u1ec1u cao (H-TOTAL) : 140mm<br \/>\nTr\u1ecdng l\u01b0\u1ee3ng t\u1ecbnh c\u1ee7a s\u1ea3n ph\u1ea9m (WEIGHT) : 0,1Kg<br \/>\n\u0110\u01b0\u1eddng k\u00ednh b\u00ean trong l\u1edbn nh\u1ea5t (\u00d8 IN-MAX) : 15mm<br \/>\n\u0110\u01b0\u1eddng k\u00ednh ngo\u00e0i (\u00d8 OUT) : 55mm<\/p>\n","protected":false},"featured_media":8375,"comment_status":"open","ping_status":"closed","template":"","meta":{"_acf_changed":false},"product_brand":[],"product_cat":[702,718],"product_tag":[2589],"class_list":{"0":"post-8374","1":"product","2":"type-product","3":"status-publish","4":"has-post-thumbnail","6":"product_cat-loc-chan-khong","7":"product_cat-loc-elemo-rietschle","8":"product_tag-2589","10":"first","11":"instock","12":"shipping-taxable","13":"product-type-simple"},"acf":[],"_links":{"self":[{"href":"https:\/\/mpvane.com\/en\/wp-json\/wp\/v2\/product\/8374","targetHints":{"allow":["GET"]}}],"collection":[{"href":"https:\/\/mpvane.com\/en\/wp-json\/wp\/v2\/product"}],"about":[{"href":"https:\/\/mpvane.com\/en\/wp-json\/wp\/v2\/types\/product"}],"replies":[{"embeddable":true,"href":"https:\/\/mpvane.com\/en\/wp-json\/wp\/v2\/comments?post=8374"}],"version-history":[{"count":2,"href":"https:\/\/mpvane.com\/en\/wp-json\/wp\/v2\/product\/8374\/revisions"}],"predecessor-version":[{"id":8380,"href":"https:\/\/mpvane.com\/en\/wp-json\/wp\/v2\/product\/8374\/revisions\/8380"}],"wp:featuredmedia":[{"embeddable":true,"href":"https:\/\/mpvane.com\/en\/wp-json\/wp\/v2\/media\/8375"}],"wp:attachment":[{"href":"https:\/\/mpvane.com\/en\/wp-json\/wp\/v2\/media?parent=8374"}],"wp:term":[{"taxonomy":"product_brand","embeddable":true,"href":"https:\/\/mpvane.com\/en\/wp-json\/wp\/v2\/product_brand?post=8374"},{"taxonomy":"product_cat","embeddable":true,"href":"https:\/\/mpvane.com\/en\/wp-json\/wp\/v2\/product_cat?post=8374"},{"taxonomy":"product_tag","embeddable":true,"href":"https:\/\/mpvane.com\/en\/wp-json\/wp\/v2\/product_tag?post=8374"}],"curies":[{"name":"wp","href":"https:\/\/api.w.org\/{rel}","templated":true}]}}