{"id":8338,"date":"2025-06-21T11:15:29","date_gmt":"2025-06-21T04:15:29","guid":{"rendered":"https:\/\/mpvane.com\/?post_type=product&#038;p=8338"},"modified":"2025-07-10T15:15:13","modified_gmt":"2025-07-10T08:15:13","slug":"dau-chan-khong-vm100dau-busch-vm100-chinh-hang","status":"publish","type":"product","link":"https:\/\/mpvane.com\/en\/san-pham\/dau-chan-khong-vm100dau-busch-vm100-chinh-hang\/","title":{"rendered":"D\u1ea6U B\u01a0M H\u00daT CH\u00c2N KH\u00d4NG BUSCH VM100 \u2013 5L\u00edt"},"content":{"rendered":"<div id=\"ez-toc-container\" class=\"ez-toc-v2_0_75 counter-hierarchy ez-toc-counter ez-toc-grey ez-toc-container-direction\">\n<div class=\"ez-toc-title-container\">\n<p class=\"ez-toc-title\" style=\"cursor:inherit\">Table of Contents<\/p>\n<span class=\"ez-toc-title-toggle\"><a href=\"#\" class=\"ez-toc-pull-right ez-toc-btn ez-toc-btn-xs ez-toc-btn-default ez-toc-toggle\" aria-label=\"Toggle Table of Content\"><span class=\"ez-toc-js-icon-con\"><span class=\"\"><span class=\"eztoc-hide\" style=\"display:none;\">Toggle<\/span><span class=\"ez-toc-icon-toggle-span\"><svg style=\"fill: #999;color:#999\" xmlns=\"http:\/\/www.w3.org\/2000\/svg\" class=\"list-377408\" width=\"20px\" height=\"20px\" viewBox=\"0 0 24 24\" fill=\"none\"><path d=\"M6 6H4v2h2V6zm14 0H8v2h12V6zM4 11h2v2H4v-2zm16 0H8v2h12v-2zM4 16h2v2H4v-2zm16 0H8v2h12v-2z\" fill=\"currentColor\"><\/path><\/svg><svg style=\"fill: #999;color:#999\" class=\"arrow-unsorted-368013\" xmlns=\"http:\/\/www.w3.org\/2000\/svg\" width=\"10px\" height=\"10px\" viewBox=\"0 0 24 24\" version=\"1.2\" baseProfile=\"tiny\"><path d=\"M18.2 9.3l-6.2-6.3-6.2 6.3c-.2.2-.3.4-.3.7s.1.5.3.7c.2.2.4.3.7.3h11c.3 0 .5-.1.7-.3.2-.2.3-.5.3-.7s-.1-.5-.3-.7zM5.8 14.7l6.2 6.3 6.2-6.3c.2-.2.3-.5.3-.7s-.1-.5-.3-.7c-.2-.2-.4-.3-.7-.3h-11c-.3 0-.5.1-.7.3-.2.2-.3.5-.3.7s.1.5.3.7z\"\/><\/svg><\/span><\/span><\/span><\/a><\/span><\/div>\n<nav><ul class='ez-toc-list ez-toc-list-level-1 ' ><li class='ez-toc-page-1 ez-toc-heading-level-1'><a class=\"ez-toc-link ez-toc-heading-1\" href=\"https:\/\/mpvane.com\/en\/san-pham\/dau-chan-khong-vm100dau-busch-vm100-chinh-hang\/#Dau_Chan_Khong_Busch_VM100_Loai_5_Lit_Ma_So_083100059_%E2%80%93_Giai_Phap_Boi_Tron_Toi_Uu_Cho_Bom_Chan_Khong_Busch\" >D\u1ea7u Ch\u00e2n Kh\u00f4ng Busch VM100 Lo\u1ea1i 5 L\u00edt (M\u00e3 S\u1ed1 083100059) \u2013 Gi\u1ea3i Ph\u00e1p B\u00f4i Tr\u01a1n T\u1ed1i \u01afu Cho B\u01a1m Ch\u00e2n Kh\u00f4ng Busch<\/a><ul class='ez-toc-list-level-2' ><li class='ez-toc-heading-level-2'><a class=\"ez-toc-link ez-toc-heading-2\" href=\"https:\/\/mpvane.com\/en\/san-pham\/dau-chan-khong-vm100dau-busch-vm100-chinh-hang\/#Gioi_Thieu_Dau_Chan_Khong_Busch_VM100_Loai_5_Lit\" >Gi\u1edbi Thi\u1ec7u D\u1ea7u Ch\u00e2n Kh\u00f4ng Busch VM100 Lo\u1ea1i 5 L\u00edt<\/a><ul class='ez-toc-list-level-3' ><li class='ez-toc-heading-level-3'><a class=\"ez-toc-link ez-toc-heading-3\" href=\"https:\/\/mpvane.com\/en\/san-pham\/dau-chan-khong-vm100dau-busch-vm100-chinh-hang\/#Uu_Diem_Noi_Bat_Cua_Dau_Busch_VM100\" >\u01afu \u0110i\u1ec3m N\u1ed5i B\u1eadt C\u1ee7a D\u1ea7u Busch VM100<\/a><\/li><\/ul><\/li><li class='ez-toc-page-1 ez-toc-heading-level-2'><a class=\"ez-toc-link ez-toc-heading-4\" href=\"https:\/\/mpvane.com\/en\/san-pham\/dau-chan-khong-vm100dau-busch-vm100-chinh-hang\/#Dau_Busch_VM100_Phu_Hop_Voi_Cac_Dong_Bom_Busch_Sau\" >D\u1ea7u Busch VM100 Ph\u00f9 H\u1ee3p V\u1edbi C\u00e1c D\u00f2ng B\u01a1m Busch Sau<\/a><\/li><li class='ez-toc-page-1 ez-toc-heading-level-2'><a class=\"ez-toc-link ez-toc-heading-5\" href=\"https:\/\/mpvane.com\/en\/san-pham\/dau-chan-khong-vm100dau-busch-vm100-chinh-hang\/#Tai_Sao_Nen_Chon_Dau_Chan_Khong_Busch_VM100\" >T\u1ea1i Sao N\u00ean Ch\u1ecdn D\u1ea7u Ch\u00e2n Kh\u00f4ng Busch VM100?<\/a><\/li><li class='ez-toc-page-1 ez-toc-heading-level-2'><a class=\"ez-toc-link ez-toc-heading-6\" href=\"https:\/\/mpvane.com\/en\/san-pham\/dau-chan-khong-vm100dau-busch-vm100-chinh-hang\/#Mua_Dau_Chan_Khong_Busch_VM100_5_Lit_O_Dau\" >Mua D\u1ea7u Ch\u00e2n Kh\u00f4ng Busch VM100 5 L\u00edt \u1ede \u0110\u00e2u?<\/a><ul class='ez-toc-list-level-3' ><li class='ez-toc-heading-level-3'><a class=\"ez-toc-link ez-toc-heading-7\" href=\"https:\/\/mpvane.com\/en\/san-pham\/dau-chan-khong-vm100dau-busch-vm100-chinh-hang\/#Ket_Luan\" >K\u1ebft Lu\u1eadn<\/a><\/li><\/ul><\/li><\/ul><\/li><\/ul><\/nav><\/div>\n<h1><span class=\"ez-toc-section\" id=\"Dau_Chan_Khong_Busch_VM100_Loai_5_Lit_Ma_So_083100059_%E2%80%93_Giai_Phap_Boi_Tron_Toi_Uu_Cho_Bom_Chan_Khong_Busch\"><\/span><strong>D\u1ea7u Ch\u00e2n Kh\u00f4ng Busch VM100 Lo\u1ea1i 5 L\u00edt (M\u00e3 S\u1ed1 083100059) \u2013 Gi\u1ea3i Ph\u00e1p B\u00f4i Tr\u01a1n T\u1ed1i \u01afu Cho B\u01a1m Ch\u00e2n Kh\u00f4ng Busch<\/strong><span class=\"ez-toc-section-end\"><\/span><\/h1>\n<h2><span class=\"ez-toc-section\" id=\"Gioi_Thieu_Dau_Chan_Khong_Busch_VM100_Loai_5_Lit\"><\/span><strong>Gi\u1edbi Thi\u1ec7u D\u1ea7u Ch\u00e2n Kh\u00f4ng Busch VM100 Lo\u1ea1i 5 L\u00edt<\/strong><span class=\"ez-toc-section-end\"><\/span><\/h2>\n<p class=\"ds-markdown-paragraph\">D\u1ea7u ch\u00e2n kh\u00f4ng\u00a0<strong>Busch VM100<\/strong>\u00a0(m\u00e3 s\u1ed1\u00a0<strong>083100059<\/strong>) l\u00e0 d\u1ea7u b\u00f4i tr\u01a1n chuy\u00ean d\u1ee5ng cho c\u00e1c d\u00f2ng\u00a0<strong>b\u01a1m ch\u00e2n kh\u00f4ng Busch R5<\/strong>, gi\u00fap b\u1ea3o v\u1ec7 v\u00e0 t\u0103ng hi\u1ec7u su\u1ea5t ho\u1ea1t \u0111\u1ed9ng c\u1ee7a b\u01a1m. V\u1edbi dung t\u00edch\u00a0<strong>5 l\u00edt<\/strong>, s\u1ea3n ph\u1ea9m ph\u00f9 h\u1ee3p cho nhu c\u1ea7u s\u1eed d\u1ee5ng c\u00f4ng nghi\u1ec7p, \u0111\u1ea3m b\u1ea3o \u0111\u1ed9 b\u1ec1n v\u00e0 \u1ed5n \u0111\u1ecbnh cho h\u1ec7 th\u1ed1ng ch\u00e2n kh\u00f4ng.<\/p>\n<h3><span class=\"ez-toc-section\" id=\"Uu_Diem_Noi_Bat_Cua_Dau_Busch_VM100\"><\/span><strong>\u01afu \u0110i\u1ec3m N\u1ed5i B\u1eadt C\u1ee7a D\u1ea7u Busch VM100<\/strong><span class=\"ez-toc-section-end\"><\/span><\/h3>\n<p class=\"ds-markdown-paragraph\">\u2714\u00a0<strong>\u0110\u1ed9 nh\u1edbt \u1ed5n \u0111\u1ecbnh<\/strong>: \u0110\u1ea3m b\u1ea3o hi\u1ec7u su\u1ea5t b\u01a1m t\u1ed1i \u01b0u trong nhi\u1ec1u \u0111i\u1ec1u ki\u1ec7n nhi\u1ec7t \u0111\u1ed9.<br \/>\n\u2714\u00a0<strong>Kh\u1ea3 n\u0103ng ch\u1ed1ng oxy h\u00f3a cao<\/strong>: K\u00e9o d\u00e0i tu\u1ed5i th\u1ecd d\u1ea7u, gi\u1ea3m t\u1ea7n su\u1ea5t thay th\u1ebf.<br \/>\n\u2714\u00a0<strong>\u0110\u1ed9 bay h\u01a1i th\u1ea5p<\/strong>: Duy tr\u00ec \u00e1p su\u1ea5t ch\u00e2n kh\u00f4ng \u1ed5n \u0111\u1ecbnh, ti\u1ebft ki\u1ec7m chi ph\u00ed v\u1eadn h\u00e0nh.<\/p>\n<h2><span class=\"ez-toc-section\" id=\"Dau_Busch_VM100_Phu_Hop_Voi_Cac_Dong_Bom_Busch_Sau\"><\/span><strong>D\u1ea7u Busch VM100 Ph\u00f9 H\u1ee3p V\u1edbi C\u00e1c D\u00f2ng B\u01a1m Busch Sau<\/strong><span class=\"ez-toc-section-end\"><\/span><\/h2>\n<ul>\n<li>\n<p class=\"ds-markdown-paragraph\"><strong>Busch R5 RA Series<\/strong>:<\/p>\n<ul>\n<li>\n<p class=\"ds-markdown-paragraph\">R5 RA 0025 B\/C\/E\/F<\/p>\n<\/li>\n<li>\n<p class=\"ds-markdown-paragraph\">R5 RA 0040 B\/C\/E\/F<\/p>\n<\/li>\n<li>\n<p class=\"ds-markdown-paragraph\">R5 RA 0063 B\/C\/E\/F<\/p>\n<\/li>\n<li>\n<p class=\"ds-markdown-paragraph\">R5 RA 0100 B\/C\/E\/F<\/p>\n<\/li>\n<li>\n<p class=\"ds-markdown-paragraph\">R5 RA 0155 A, R5 RA 0160 C\/D<\/p>\n<\/li>\n<li>\n<p class=\"ds-markdown-paragraph\">R5 RA 0202 D, R5 RA 0250 D, R5 RA 0305 D<\/p>\n<\/li>\n<li>\n<p class=\"ds-markdown-paragraph\">R5 RA 0400 B\/C, R5 RA 0502 B\/C<\/p>\n<\/li>\n<li>\n<p class=\"ds-markdown-paragraph\">R5 RA 1000 A PLUS, R5 RA 1600 B<\/p>\n<\/li>\n<\/ul>\n<\/li>\n<li>\n<p class=\"ds-markdown-paragraph\"><strong>Busch R5 RD Series<\/strong>:<\/p>\n<ul>\n<li>\n<p class=\"ds-markdown-paragraph\">R5 RD 0200 A, R5 RD 0240 A<\/p>\n<\/li>\n<li>\n<p class=\"ds-markdown-paragraph\">R5 RD 0300 A, R5 RD 0360 A<\/p>\n<\/li>\n<\/ul>\n<\/li>\n<li>\n<p class=\"ds-markdown-paragraph\"><strong>Busch R5 RE Series<\/strong>:<\/p>\n<ul>\n<li>\n<p class=\"ds-markdown-paragraph\">R5 RE 0040 A\/B, R5 RE 0063 A\/B<\/p>\n<\/li>\n<\/ul>\n<\/li>\n<\/ul>\n<h2><span class=\"ez-toc-section\" id=\"Tai_Sao_Nen_Chon_Dau_Chan_Khong_Busch_VM100\"><\/span><strong>T\u1ea1i Sao N\u00ean Ch\u1ecdn D\u1ea7u Ch\u00e2n Kh\u00f4ng Busch VM100?<\/strong><span class=\"ez-toc-section-end\"><\/span><\/h2>\n<p class=\"ds-markdown-paragraph\">\u2705\u00a0<strong>Ch\u00ednh h\u00e3ng Busch<\/strong>: \u0110\u1ea3m b\u1ea3o ch\u1ea5t l\u01b0\u1ee3ng, ph\u00f9 h\u1ee3p ti\u00eau chu\u1ea9n k\u1ef9 thu\u1eadt c\u1ee7a b\u01a1m ch\u00e2n kh\u00f4ng.<br \/>\n\u2705\u00a0<strong>T\u0103ng tu\u1ed5i th\u1ecd b\u01a1m<\/strong>: Gi\u1ea3m ma s\u00e1t, ch\u1ed1ng m\u00e0i m\u00f2n, b\u1ea3o v\u1ec7 chi ti\u1ebft m\u00e1y.<br \/>\n\u2705\u00a0<strong>Hi\u1ec7u su\u1ea5t \u1ed5n \u0111\u1ecbnh<\/strong>: Duy tr\u00ec \u00e1p su\u1ea5t ch\u00e2n kh\u00f4ng cao, ph\u00f9 h\u1ee3p cho \u1ee9ng d\u1ee5ng c\u00f4ng nghi\u1ec7p.<br \/>\n\u2705\u00a0<strong>Ti\u1ebft ki\u1ec7m chi ph\u00ed<\/strong>: Gi\u1ea3m thi\u1ec3u th\u1eddi gian b\u1ea3o tr\u00ec v\u00e0 thay d\u1ea7u th\u01b0\u1eddng xuy\u00ean.<\/p>\n<h2><span class=\"ez-toc-section\" id=\"Mua_Dau_Chan_Khong_Busch_VM100_5_Lit_O_Dau\"><\/span><strong>Mua D\u1ea7u Ch\u00e2n Kh\u00f4ng Busch VM100 5 L\u00edt \u1ede \u0110\u00e2u?<\/strong><span class=\"ez-toc-section-end\"><\/span><\/h2>\n<p class=\"ds-markdown-paragraph\"><strong>C\u00d4NG TY TNHH K\u1ef8 THU\u1eacT V\u00c0 D\u1ecaCH V\u1ee4 MINH PH\u00da<\/strong>\u00a0l\u00e0 \u0111\u01a1n v\u1ecb ph\u00e2n ph\u1ed1i\u00a0<strong>d\u1ea7u ch\u00e2n kh\u00f4ng Busch VM100 ch\u00ednh h\u00e3ng<\/strong>\u00a0t\u1ea1i Vi\u1ec7t Nam.<\/p>\n<p class=\"ds-markdown-paragraph\">\ud83d\udcde\u00a0<strong>Li\u00ean h\u1ec7 ngay \u0111\u1ec3 \u0111\u01b0\u1ee3c t\u01b0 v\u1ea5n &amp; b\u00e1o gi\u00e1 t\u1ed1t nh\u1ea5t:<\/strong><\/p>\n<ul>\n<li>\n<p class=\"ds-markdown-paragraph\"><strong>Email:<\/strong>\u00a0<a href=\"https:\/\/mailto:Sales@minhphuco.vn\/\" target=\"_blank\" rel=\"noopener noreferrer\">Sales@minhphuco.vn<\/a><\/p>\n<\/li>\n<li>\n<p class=\"ds-markdown-paragraph\"><strong>Zalo:<\/strong>\u00a00985490343 \/ 0985843778<\/p>\n<\/li>\n<\/ul>\n<p>Thay c\u00f9ng l\u1ecdc d\u1ea7u <a href=\"https:\/\/mpvane.com\/s%E1%BA%A3n-ph%E1%BA%A9m\/loc-dau-busch-0531000002\/\">0531000002<\/a><\/p>\n<h3><span class=\"ez-toc-section\" id=\"Ket_Luan\"><\/span><strong>K\u1ebft Lu\u1eadn<\/strong><span class=\"ez-toc-section-end\"><\/span><\/h3>\n<p class=\"ds-markdown-paragraph\">D\u1ea7u ch\u00e2n kh\u00f4ng\u00a0<strong>Busch VM100 (083100059)<\/strong>\u00a0l\u00e0 gi\u1ea3i ph\u00e1p b\u00f4i tr\u01a1n t\u1ed1i \u01b0u cho c\u00e1c d\u00f2ng\u00a0<strong>b\u01a1m ch\u00e2n kh\u00f4ng Busch R5<\/strong>, gi\u00fap n\u00e2ng cao hi\u1ec7u su\u1ea5t v\u00e0 k\u00e9o d\u00e0i tu\u1ed5i th\u1ecd thi\u1ebft b\u1ecb.<\/p>\n<p class=\"ds-markdown-paragraph\"><strong>#DauChanKhongBusch #BuschVM100 #BomChanKhongBusch #MinhPhuco #083100059<\/strong><\/p>\n","protected":false},"excerpt":{"rendered":"<p>D\u1ea7u ch\u00ednh h\u00e3ng Busch VM100,Lo\u1ea1i can 5 l\u00edt m\u00e3 s\u1ed1 0831000059<\/p>\n","protected":false},"featured_media":8813,"comment_status":"open","ping_status":"closed","template":"","meta":{"_acf_changed":false},"product_brand":[],"product_cat":[703,722],"product_tag":[2587,2588],"class_list":{"0":"post-8338","1":"product","2":"type-product","3":"status-publish","4":"has-post-thumbnail","6":"product_cat-dau-chan-khong","7":"product_cat-dau-chan-khong-busch","8":"product_tag-2587","9":"product_tag-vm100","11":"first","12":"instock","13":"shipping-taxable","14":"product-type-simple"},"acf":[],"_links":{"self":[{"href":"https:\/\/mpvane.com\/en\/wp-json\/wp\/v2\/product\/8338","targetHints":{"allow":["GET"]}}],"collection":[{"href":"https:\/\/mpvane.com\/en\/wp-json\/wp\/v2\/product"}],"about":[{"href":"https:\/\/mpvane.com\/en\/wp-json\/wp\/v2\/types\/product"}],"replies":[{"embeddable":true,"href":"https:\/\/mpvane.com\/en\/wp-json\/wp\/v2\/comments?post=8338"}],"version-history":[{"count":8,"href":"https:\/\/mpvane.com\/en\/wp-json\/wp\/v2\/product\/8338\/revisions"}],"predecessor-version":[{"id":8350,"href":"https:\/\/mpvane.com\/en\/wp-json\/wp\/v2\/product\/8338\/revisions\/8350"}],"wp:featuredmedia":[{"embeddable":true,"href":"https:\/\/mpvane.com\/en\/wp-json\/wp\/v2\/media\/8813"}],"wp:attachment":[{"href":"https:\/\/mpvane.com\/en\/wp-json\/wp\/v2\/media?parent=8338"}],"wp:term":[{"taxonomy":"product_brand","embeddable":true,"href":"https:\/\/mpvane.com\/en\/wp-json\/wp\/v2\/product_brand?post=8338"},{"taxonomy":"product_cat","embeddable":true,"href":"https:\/\/mpvane.com\/en\/wp-json\/wp\/v2\/product_cat?post=8338"},{"taxonomy":"product_tag","embeddable":true,"href":"https:\/\/mpvane.com\/en\/wp-json\/wp\/v2\/product_tag?post=8338"}],"curies":[{"name":"wp","href":"https:\/\/api.w.org\/{rel}","templated":true}]}}