{"id":8298,"date":"2025-06-19T10:45:22","date_gmt":"2025-06-19T03:45:22","guid":{"rendered":"https:\/\/mpvane.com\/?post_type=product&#038;p=8298"},"modified":"2025-06-27T22:53:28","modified_gmt":"2025-06-27T15:53:28","slug":"loc-gio-busch-0532000004ka-loc-0532000004ka","status":"publish","type":"product","link":"https:\/\/mpvane.com\/en\/san-pham\/loc-gio-busch-0532000004ka-loc-0532000004ka\/","title":{"rendered":"L\u1ecdc gi\u00f3 Busch 0532000004KA"},"content":{"rendered":"<div id=\"ez-toc-container\" class=\"ez-toc-v2_0_75 counter-hierarchy ez-toc-counter ez-toc-grey ez-toc-container-direction\">\n<div class=\"ez-toc-title-container\">\n<p class=\"ez-toc-title\" style=\"cursor:inherit\">Table of Contents<\/p>\n<span class=\"ez-toc-title-toggle\"><a href=\"#\" class=\"ez-toc-pull-right ez-toc-btn ez-toc-btn-xs ez-toc-btn-default ez-toc-toggle\" aria-label=\"Toggle Table of Content\"><span class=\"ez-toc-js-icon-con\"><span class=\"\"><span class=\"eztoc-hide\" style=\"display:none;\">Toggle<\/span><span class=\"ez-toc-icon-toggle-span\"><svg style=\"fill: #999;color:#999\" xmlns=\"http:\/\/www.w3.org\/2000\/svg\" class=\"list-377408\" width=\"20px\" height=\"20px\" viewBox=\"0 0 24 24\" fill=\"none\"><path d=\"M6 6H4v2h2V6zm14 0H8v2h12V6zM4 11h2v2H4v-2zm16 0H8v2h12v-2zM4 16h2v2H4v-2zm16 0H8v2h12v-2z\" fill=\"currentColor\"><\/path><\/svg><svg style=\"fill: #999;color:#999\" class=\"arrow-unsorted-368013\" xmlns=\"http:\/\/www.w3.org\/2000\/svg\" width=\"10px\" height=\"10px\" viewBox=\"0 0 24 24\" version=\"1.2\" baseProfile=\"tiny\"><path d=\"M18.2 9.3l-6.2-6.3-6.2 6.3c-.2.2-.3.4-.3.7s.1.5.3.7c.2.2.4.3.7.3h11c.3 0 .5-.1.7-.3.2-.2.3-.5.3-.7s-.1-.5-.3-.7zM5.8 14.7l6.2 6.3 6.2-6.3c.2-.2.3-.5.3-.7s-.1-.5-.3-.7c-.2-.2-.4-.3-.7-.3h-11c-.3 0-.5.1-.7.3-.2.2-.3.5-.3.7s.1.5.3.7z\"\/><\/svg><\/span><\/span><\/span><\/a><\/span><\/div>\n<nav><ul class='ez-toc-list ez-toc-list-level-1 ' ><li class='ez-toc-page-1 ez-toc-heading-level-1'><a class=\"ez-toc-link ez-toc-heading-1\" href=\"https:\/\/mpvane.com\/en\/san-pham\/loc-gio-busch-0532000004ka-loc-0532000004ka\/#Loc_Gio_Busch_0532000004KA_%E2%80%93_Phu_Kien_Chinh_Hang_Cho_He_Thong_Chan_Khong_Cong_Nghiep\" >L\u1ecdc Gi\u00f3 Busch 0532000004KA &#8211; Ph\u1ee5 Ki\u1ec7n Ch\u00ednh H\u00e3ng Cho H\u1ec7 Th\u1ed1ng Ch\u00e2n Kh\u00f4ng C\u00f4ng Nghi\u1ec7p<\/a><ul class='ez-toc-list-level-2' ><li class='ez-toc-heading-level-2'><a class=\"ez-toc-link ez-toc-heading-2\" href=\"https:\/\/mpvane.com\/en\/san-pham\/loc-gio-busch-0532000004ka-loc-0532000004ka\/#Thong_So_Ky_Thuat_Chi_Tiet\" >Th\u00f4ng S\u1ed1 K\u1ef9 Thu\u1eadt Chi Ti\u1ebft<\/a><\/li><li class='ez-toc-page-1 ez-toc-heading-level-2'><a class=\"ez-toc-link ez-toc-heading-3\" href=\"https:\/\/mpvane.com\/en\/san-pham\/loc-gio-busch-0532000004ka-loc-0532000004ka\/#Ung_Dung_Tuong_Thich_May\" >\u1ee8ng D\u1ee5ng &amp; T\u01b0\u01a1ng Th\u00edch M\u00e1y<\/a><ul class='ez-toc-list-level-3' ><li class='ez-toc-heading-level-3'><a class=\"ez-toc-link ez-toc-heading-4\" href=\"https:\/\/mpvane.com\/en\/san-pham\/loc-gio-busch-0532000004ka-loc-0532000004ka\/#Dong_bom_tuong_thich\" >D\u00f2ng b\u01a1m t\u01b0\u01a1ng th\u00edch:<\/a><\/li><\/ul><\/li><li class='ez-toc-page-1 ez-toc-heading-level-2'><a class=\"ez-toc-link ez-toc-heading-5\" href=\"https:\/\/mpvane.com\/en\/san-pham\/loc-gio-busch-0532000004ka-loc-0532000004ka\/#5_Ly_Do_Nen_Chon_Loc_Gio_0532000004KA\" >5 L\u00fd Do N\u00ean Ch\u1ecdn L\u1ecdc Gi\u00f3 0532000004KA<\/a><\/li><li class='ez-toc-page-1 ez-toc-heading-level-2'><a class=\"ez-toc-link ez-toc-heading-6\" href=\"https:\/\/mpvane.com\/en\/san-pham\/loc-gio-busch-0532000004ka-loc-0532000004ka\/#Bang_So_Sanh_Hieu_Qua\" >B\u1ea3ng So S\u00e1nh Hi\u1ec7u Qu\u1ea3<\/a><\/li><li class='ez-toc-page-1 ez-toc-heading-level-2'><a class=\"ez-toc-link ez-toc-heading-7\" href=\"https:\/\/mpvane.com\/en\/san-pham\/loc-gio-busch-0532000004ka-loc-0532000004ka\/#Huong_Dan_Bao_Duong\" >H\u01b0\u1edbng D\u1eabn B\u1ea3o D\u01b0\u1ee1ng<\/a><\/li><li class='ez-toc-page-1 ez-toc-heading-level-2'><a class=\"ez-toc-link ez-toc-heading-8\" href=\"https:\/\/mpvane.com\/en\/san-pham\/loc-gio-busch-0532000004ka-loc-0532000004ka\/#Ba_dieu_can_luu_y_khi_mua_bo_loc_dau_vao_may_bom_chan_khong\" >Ba \u0111i\u1ec1u c\u1ea7n l\u01b0u \u00fd khi mua b\u1ed9 l\u1ecdc \u0111\u1ea7u v\u00e0o m\u00e1y b\u01a1m ch\u00e2n kh\u00f4ng<\/a><\/li><li class='ez-toc-page-1 ez-toc-heading-level-2'><a class=\"ez-toc-link ez-toc-heading-9\" href=\"https:\/\/mpvane.com\/en\/san-pham\/loc-gio-busch-0532000004ka-loc-0532000004ka\/#Chinh_Sach_Tai_Minh_Phu\" >Ch\u00ednh S\u00e1ch T\u1ea1i Minh Ph\u00fa<\/a><\/li><\/ul><\/li><\/ul><\/nav><\/div>\n<h1><span class=\"ez-toc-section\" id=\"Loc_Gio_Busch_0532000004KA_%E2%80%93_Phu_Kien_Chinh_Hang_Cho_He_Thong_Chan_Khong_Cong_Nghiep\"><\/span><strong>L\u1ecdc Gi\u00f3 Busch 0532000004KA &#8211; Ph\u1ee5 Ki\u1ec7n Ch\u00ednh H\u00e3ng Cho H\u1ec7 Th\u1ed1ng Ch\u00e2n Kh\u00f4ng C\u00f4ng Nghi\u1ec7p<\/strong><span class=\"ez-toc-section-end\"><\/span><\/h1>\n<h2><span class=\"ez-toc-section\" id=\"Thong_So_Ky_Thuat_Chi_Tiet\"><\/span><strong>Th\u00f4ng S\u1ed1 K\u1ef9 Thu\u1eadt Chi Ti\u1ebft<\/strong><span class=\"ez-toc-section-end\"><\/span><\/h2>\n<ul>\n<li>\n<p class=\"ds-markdown-paragraph\"><strong>M\u00e3 s\u1ea3n ph\u1ea9m:<\/strong>\u00a00532000004KA (ch\u00ednh h\u00e3ng Busch)<\/p>\n<\/li>\n<li>\n<p class=\"ds-markdown-paragraph\"><strong>K\u00edch th\u01b0\u1edbc ti\u00eau chu\u1ea9n:<\/strong>\u00a0\u00d8 150 x \u00d8 88 x \u00d8 88 x H 222 mm<\/p>\n<\/li>\n<li>\n<p class=\"ds-markdown-paragraph\"><strong>Ch\u1ea5t li\u1ec7u c\u1ea5u t\u1ea1o:<\/strong><\/p>\n<ul>\n<li>\n<p class=\"ds-markdown-paragraph\">V\u1ea3i l\u1ecdc \u0111a l\u1edbp chuy\u00ean d\u1ee5ng<\/p>\n<\/li>\n<li>\n<p class=\"ds-markdown-paragraph\">Khung h\u1ee3p kim b\u1ec1n b\u1ec9<\/p>\n<\/li>\n<li>\n<p class=\"ds-markdown-paragraph\">Gio\u0103ng cao su ch\u1ecbu nhi\u1ec7t<\/p>\n<\/li>\n<\/ul>\n<\/li>\n<\/ul>\n<div id=\"attachment_8544\" style=\"width: 1770px\" class=\"wp-caption alignnone\"><img fetchpriority=\"high\" decoding=\"async\" aria-describedby=\"caption-attachment-8544\" class=\"l\u1ecdc kh\u00ed 0532000004ka wp-image-8544 size-full\" title=\"l\u1ecdc kh\u00ed 0532000004ka\" src=\"https:\/\/mpvane.com\/wp-content\/uploads\/2025\/06\/loc-khi-Busch-05320000004ka.jpg\" alt=\"l\u1ecdc kh\u00ed 0532000004ka\" width=\"1760\" height=\"1304\" srcset=\"https:\/\/mpvane.com\/wp-content\/uploads\/2025\/06\/loc-khi-Busch-05320000004ka.jpg 1760w, https:\/\/mpvane.com\/wp-content\/uploads\/2025\/06\/loc-khi-Busch-05320000004ka-300x222.jpg 300w, https:\/\/mpvane.com\/wp-content\/uploads\/2025\/06\/loc-khi-Busch-05320000004ka-1024x759.jpg 1024w, https:\/\/mpvane.com\/wp-content\/uploads\/2025\/06\/loc-khi-Busch-05320000004ka-768x569.jpg 768w, https:\/\/mpvane.com\/wp-content\/uploads\/2025\/06\/loc-khi-Busch-05320000004ka-1536x1138.jpg 1536w, https:\/\/mpvane.com\/wp-content\/uploads\/2025\/06\/loc-khi-Busch-05320000004ka-1200x889.jpg 1200w, https:\/\/mpvane.com\/wp-content\/uploads\/2025\/06\/loc-khi-Busch-05320000004ka-150x111.jpg 150w\" sizes=\"(max-width: 1760px) 100vw, 1760px\" \/><p id=\"caption-attachment-8544\" class=\"wp-caption-text\">l\u1ecdc kh\u00ed 0532000004ka<\/p><\/div>\n<h2><span class=\"ez-toc-section\" id=\"Ung_Dung_Tuong_Thich_May\"><\/span><strong>\u1ee8ng D\u1ee5ng &amp; T\u01b0\u01a1ng Th\u00edch M\u00e1y<\/strong><span class=\"ez-toc-section-end\"><\/span><\/h2>\n<h3><span class=\"ez-toc-section\" id=\"Dong_bom_tuong_thich\"><\/span><strong>D\u00f2ng b\u01a1m t\u01b0\u01a1ng th\u00edch:<\/strong><span class=\"ez-toc-section-end\"><\/span><\/h3>\n<p class=\"ds-markdown-paragraph\"><strong>D\u00f2ng R5 Series:<\/strong><\/p>\n<ul>\n<li>\n<p class=\"ds-markdown-paragraph\">Busch R5 RA\/RC 0160 (B\/C\/D)<\/p>\n<\/li>\n<li>\n<p class=\"ds-markdown-paragraph\">Busch R5 RA\/RC 0250 (B\/C\/D)<\/p>\n<\/li>\n<\/ul>\n<p class=\"ds-markdown-paragraph\"><strong>D\u00f2ng \u0111\u1eb7c bi\u1ec7t:<\/strong><\/p>\n<ul>\n<li>\n<p class=\"ds-markdown-paragraph\">Busch MM 1322 AV<\/p>\n<\/li>\n<\/ul>\n<h2><span class=\"ez-toc-section\" id=\"5_Ly_Do_Nen_Chon_Loc_Gio_0532000004KA\"><\/span><strong>5 L\u00fd Do N\u00ean Ch\u1ecdn L\u1ecdc Gi\u00f3 0532000004KA<\/strong><span class=\"ez-toc-section-end\"><\/span><\/h2>\n<ol start=\"1\">\n<li>\n<p class=\"ds-markdown-paragraph\"><strong>Hi\u1ec7u su\u1ea5t l\u1ecdc 99.8%<\/strong>\u00a0&#8211; Ng\u0103n c\u00e1t b\u1ee5i h\u1ea1t &gt;5 micron<\/p>\n<\/li>\n<li>\n<p class=\"ds-markdown-paragraph\"><strong>Ti\u1ebft ki\u1ec7m n\u0103ng l\u01b0\u1ee3ng<\/strong>\u00a0&#8211; Gi\u1ea3m 15% \u0111i\u1ec7n n\u0103ng ti\u00eau th\u1ee5<\/p>\n<\/li>\n<li>\n<p class=\"ds-markdown-paragraph\"><strong>V\u1eadn h\u00e0nh \u00eam \u00e1i<\/strong>\u00a0&#8211; Gi\u1ea3m \u1ed3n \u0111\u1ebfn 20dB<\/p>\n<\/li>\n<li>\n<p class=\"ds-markdown-paragraph\"><strong>Tu\u1ed5i th\u1ecd 12.000 gi\u1edd<\/strong>\u00a0&#8211; G\u1ea5p 1.5 l\u1ecdc th\u01b0\u1eddng<\/p>\n<\/li>\n<li>\n<p class=\"ds-markdown-paragraph\"><strong>Ch\u1ee9ng nh\u1eadn ISO 8573-1<\/strong>\u00a0&#8211; \u0110\u1ea1t chu\u1ea9n kh\u00ed n\u00e9n s\u1ea1ch<\/p>\n<\/li>\n<\/ol>\n<h2><span class=\"ez-toc-section\" id=\"Bang_So_Sanh_Hieu_Qua\"><\/span><strong>B\u1ea3ng So S\u00e1nh Hi\u1ec7u Qu\u1ea3<\/strong><span class=\"ez-toc-section-end\"><\/span><\/h2>\n<div class=\"markdown-table-wrapper\">\n<table>\n<thead>\n<tr>\n<th>Ch\u1ec9 Ti\u00eau<\/th>\n<th>Kh\u00f4ng L\u1ecdc<\/th>\n<th>D\u00f9ng 0532000004KA<\/th>\n<\/tr>\n<\/thead>\n<tbody>\n<tr>\n<td>B\u1ee5i v\u00e0o m\u00e1y<\/td>\n<td>100%<\/td>\n<td>&lt;0.2%<\/td>\n<\/tr>\n<tr>\n<td>Hao m\u00f2n c\u00e1nh<\/td>\n<td>3x<\/td>\n<td>1x<\/td>\n<\/tr>\n<tr>\n<td>Th\u1eddi gian b\u1ea3o tr\u00ec<\/td>\n<td>3 th\u00e1ng<\/td>\n<td>12 th\u00e1ng<\/td>\n<\/tr>\n<\/tbody>\n<\/table>\n<\/div>\n<h2><span class=\"ez-toc-section\" id=\"Huong_Dan_Bao_Duong\"><\/span><strong>H\u01b0\u1edbng D\u1eabn B\u1ea3o D\u01b0\u1ee1ng<\/strong><span class=\"ez-toc-section-end\"><\/span><\/h2>\n<ul>\n<li>\n<p class=\"ds-markdown-paragraph\"><strong>Ki\u1ec3m tra \u00e1p su\u1ea5t:<\/strong>\u00a0Khi \u0394P &gt; 0.3 bar c\u1ea7n v\u1ec7 sinh<\/p>\n<\/li>\n<li>\n<p class=\"ds-markdown-paragraph\"><strong>V\u1ec7 sinh \u0111\u1ecbnh k\u1ef3:<\/strong>\u00a0500-800 gi\u1edd ho\u1ea1t \u0111\u1ed9ng<\/p>\n<\/li>\n<li>\n<p class=\"ds-markdown-paragraph\"><strong>Thay th\u1ebf:<\/strong>\u00a0Sau 3 l\u1ea7n v\u1ec7 sinh ho\u1eb7c 2 n\u0103m s\u1eed d\u1ee5ng<\/p>\n<\/li>\n<\/ul>\n<h2 class=\"headline--2\"><span class=\"ez-toc-section\" id=\"Ba_dieu_can_luu_y_khi_mua_bo_loc_dau_vao_may_bom_chan_khong\"><\/span>Ba \u0111i\u1ec1u c\u1ea7n l\u01b0u \u00fd khi mua b\u1ed9 l\u1ecdc \u0111\u1ea7u v\u00e0o m\u00e1y b\u01a1m ch\u00e2n kh\u00f4ng<span class=\"ez-toc-section-end\"><\/span><\/h2>\n<p>1. S\u1eed d\u1ee5ng ph\u1ee5 t\u00f9ng ch\u00ednh h\u00e3ng Busch<\/p>\n<p>Ch\u1ec9 c\u00f3 ph\u1ee5 t\u00f9ng ch\u00ednh h\u00e3ng c\u1ee7a Busch m\u1edbi \u0111\u1ea3m b\u1ea3o thi\u1ebft b\u1ecb c\u1ee7a b\u1ea1n s\u1ebd ti\u1ebfp t\u1ee5c ho\u1ea1t \u0111\u1ed9ng t\u1ed1i \u01b0u v\u00e0 \u0111\u1ea3m b\u1ea3o s\u1ea3n ph\u1ea9m c\u1ee7a b\u1ea1n \u0111\u01b0\u1ee3c b\u1ea3o h\u00e0nh.<\/p>\n<p>2. Ch\u1ecdn ch\u1ea5t l\u01b0\u1ee3ng cao nh\u1ea5t<\/p>\n<p>B\u1ed9 l\u1ecdc \u0111\u1ea7u v\u00e0o ch\u1ea5t l\u01b0\u1ee3ng th\u1ea5p s\u1ebd cho ph\u00e9p nhi\u1ec1u h\u1ea1t h\u01a1n, ch\u1eb3ng h\u1ea1n nh\u01b0 b\u1ee5i v\u00e0 \u0111\u1ed9 \u1ea9m, x\u00e2m nh\u1eadp v\u00e0o m\u00e1y b\u01a1m ch\u00e2n kh\u00f4ng ho\u1eb7c m\u00e1y n\u00e9n v\u00e0 l\u00e0m \u00f4 nhi\u1ec5m quy tr\u00ecnh c\u1ee7a b\u1ea1n. Do \u0111\u00f3, b\u1ed9 l\u1ecdc c\u1ea7n \u0111\u01b0\u1ee3c thay th\u1ebf th\u01b0\u1eddng xuy\u00ean h\u01a1n, l\u00e0m t\u0103ng chi ph\u00ed b\u1ea3o tr\u00ec.<\/p>\n<p>3. Ch\u1ecdn \u0111\u00fang k\u00edch th\u01b0\u1edbc<\/p>\n<p>\u0110\u1ea3m b\u1ea3o b\u1ed9 l\u1ecdc \u0111\u1ea7u v\u00e0o c\u00f3 k\u00edch th\u01b0\u1edbc ph\u00f9 h\u1ee3p v\u1edbi s\u1ea3n ph\u1ea9m c\u1ee7a b\u1ea1n. Ch\u00fang t\u00f4i cung c\u1ea5p c\u00e1c b\u1ed9 l\u1ecdc ti\u00eau chu\u1ea9n c\u00f3 nhi\u1ec1u k\u00edch c\u1ee1 kh\u00e1c nhau cho m\u00e1y b\u01a1m ch\u00e2n kh\u00f4ng v\u00e0 m\u00e1y n\u00e9n.<\/p>\n<h2><span class=\"ez-toc-section\" id=\"Chinh_Sach_Tai_Minh_Phu\"><\/span><strong>Ch\u00ednh S\u00e1ch T\u1ea1i Minh Ph\u00fa<\/strong><span class=\"ez-toc-section-end\"><\/span><\/h2>\n<p class=\"ds-markdown-paragraph\">\u2714 B\u1ea3o h\u00e0nh 12 th\u00e1ng ch\u00ednh h\u00e3ng<br \/>\n\u2714 Giao h\u00e0ng to\u00e0n qu\u1ed1c trong 24h<br \/>\n\u2714 H\u1ed7 tr\u1ee3 k\u1ef9 thu\u1eadt 24\/7<br \/>\n\u2714 T\u1eb7ng k\u00e8m gio\u0103ng thay th\u1ebf<\/p>\n<p class=\"ds-markdown-paragraph\">\ud83d\udccc\u00a0<strong>Khuy\u1ebfn M\u00e3i \u0110\u1eb7c Bi\u1ec7t:<\/strong><\/p>\n<ul>\n<li>\n<p class=\"ds-markdown-paragraph\">Gi\u1ea3m ngay 5% khi mua t\u1eeb 2 c\u00e1i<\/p>\n<\/li>\n<li>\n<p class=\"ds-markdown-paragraph\">Mi\u1ec5n ph\u00ed v\u1eadn chuy\u1ec3n \u0111\u01a1n &gt;3 tri\u1ec7u<\/p>\n<\/li>\n<\/ul>\n<p class=\"ds-markdown-paragraph\"><strong>Li\u00ean h\u1ec7 ngay:<\/strong><br \/>\n\ud83d\udcde Hotline: 0985 490 343 &#8211; 0985 843 778<br \/>\n\ud83d\udce7 Email:\u00a0<a href=\"https:\/\/mailto:Sales@minhphuco.vn\/\" target=\"_blank\" rel=\"noopener noreferrer\">Sales@minhphuco.vn<\/a><br \/>\n\ud83c\udfe2 \u0110\u1ecba ch\u1ec9: S\u1ed1 15, \u0111\u01b0\u1eddng CN8, KCN T\u00e2y B\u1eafc, TP.HCM<\/p>\n<p class=\"ds-markdown-paragraph\"><strong>Tags SEO:<\/strong><\/p>\n<ol start=\"1\">\n<li>\n<p class=\"ds-markdown-paragraph\">L\u1ecdc gi\u00f3 Busch 0532000004KA ch\u00ednh h\u00e3ng<\/p>\n<\/li>\n<li>\n<p class=\"ds-markdown-paragraph\">Ph\u1ee5 t\u00f9ng b\u01a1m ch\u00e2n kh\u00f4ng R5 series<\/p>\n<\/li>\n<li>\n<p class=\"ds-markdown-paragraph\">L\u1ecdc kh\u00ed c\u00f4ng nghi\u1ec7p \u00d8150x88x222<\/p>\n<\/li>\n<li>\n<p class=\"ds-markdown-paragraph\">Thay th\u1ebf l\u1ecdc gi\u00f3 Busch MM 1322 AV<\/p>\n<\/li>\n<li>\n<p class=\"ds-markdown-paragraph\">Phin l\u1ecdc ch\u00e2n kh\u00f4ng c\u00f4ng su\u1ea5t l\u1edbn<\/p>\n<\/li>\n<li>\n<p class=\"ds-markdown-paragraph\">Gi\u00e1 l\u1ecdc gi\u00f3 0532000004KA t\u1ed1t nh\u1ea5t<\/p>\n<\/li>\n<li>\n<p class=\"ds-markdown-paragraph\">\u0110\u1ecba ch\u1ec9 mua l\u1ecdc Busch uy t\u00edn<\/p>\n<\/li>\n<li>\n<p class=\"ds-markdown-paragraph\">L\u1ecdc b\u1ee5i b\u01a1m h\u00fat ch\u00e2n kh\u00f4ng cao c\u1ea5p<\/p>\n<\/li>\n<li>\n<p class=\"ds-markdown-paragraph\">C\u00e1ch v\u1ec7 sinh l\u1ecdc gi\u00f3 Busch \u0111\u00fang c\u00e1ch<br \/>\nTham kh\u1ea3o th\u00eam <a href=\"https:\/\/mpvane.com\/product-category\/loc-chan-khong\/loc-busch\/\">l\u1ecdc gi\u00f3 Busch<\/a> t\u1ea1i www.mpvane.com<\/p>\n<\/li>\n<\/ol>\n","protected":false},"excerpt":{"rendered":"<p>K\u00edch th\u01b0\u1edbc : \u00d8 150 x \u00d8 88 x \u00d8 88x H 222<\/p>\n","protected":false},"featured_media":8542,"comment_status":"open","ping_status":"closed","template":"","meta":{"_acf_changed":false},"product_brand":[],"product_cat":[702,2352],"product_tag":[2510],"class_list":{"0":"post-8298","1":"product","2":"type-product","3":"status-publish","4":"has-post-thumbnail","6":"product_cat-loc-chan-khong","7":"product_cat-loc-busch","8":"product_tag-0532000004ka","10":"first","11":"instock","12":"shipping-taxable","13":"product-type-simple"},"acf":[],"_links":{"self":[{"href":"https:\/\/mpvane.com\/en\/wp-json\/wp\/v2\/product\/8298","targetHints":{"allow":["GET"]}}],"collection":[{"href":"https:\/\/mpvane.com\/en\/wp-json\/wp\/v2\/product"}],"about":[{"href":"https:\/\/mpvane.com\/en\/wp-json\/wp\/v2\/types\/product"}],"replies":[{"embeddable":true,"href":"https:\/\/mpvane.com\/en\/wp-json\/wp\/v2\/comments?post=8298"}],"version-history":[{"count":4,"href":"https:\/\/mpvane.com\/en\/wp-json\/wp\/v2\/product\/8298\/revisions"}],"predecessor-version":[{"id":8546,"href":"https:\/\/mpvane.com\/en\/wp-json\/wp\/v2\/product\/8298\/revisions\/8546"}],"wp:featuredmedia":[{"embeddable":true,"href":"https:\/\/mpvane.com\/en\/wp-json\/wp\/v2\/media\/8542"}],"wp:attachment":[{"href":"https:\/\/mpvane.com\/en\/wp-json\/wp\/v2\/media?parent=8298"}],"wp:term":[{"taxonomy":"product_brand","embeddable":true,"href":"https:\/\/mpvane.com\/en\/wp-json\/wp\/v2\/product_brand?post=8298"},{"taxonomy":"product_cat","embeddable":true,"href":"https:\/\/mpvane.com\/en\/wp-json\/wp\/v2\/product_cat?post=8298"},{"taxonomy":"product_tag","embeddable":true,"href":"https:\/\/mpvane.com\/en\/wp-json\/wp\/v2\/product_tag?post=8298"}],"curies":[{"name":"wp","href":"https:\/\/api.w.org\/{rel}","templated":true}]}}