{"id":8296,"date":"2025-06-19T09:23:48","date_gmt":"2025-06-19T02:23:48","guid":{"rendered":"https:\/\/mpvane.com\/?post_type=product&#038;p=8296"},"modified":"2025-06-28T09:23:21","modified_gmt":"2025-06-28T02:23:21","slug":"loc-gio-busch-0532000003ka-loc-0532000003ka","status":"publish","type":"product","link":"https:\/\/mpvane.com\/en\/san-pham\/loc-gio-busch-0532000003ka-loc-0532000003ka\/","title":{"rendered":"L\u1ecdc gi\u00f3 Busch 0532000003KA"},"content":{"rendered":"<div id=\"ez-toc-container\" class=\"ez-toc-v2_0_75 counter-hierarchy ez-toc-counter ez-toc-grey ez-toc-container-direction\">\n<div class=\"ez-toc-title-container\">\n<p class=\"ez-toc-title\" style=\"cursor:inherit\">Table of Contents<\/p>\n<span class=\"ez-toc-title-toggle\"><a href=\"#\" class=\"ez-toc-pull-right ez-toc-btn ez-toc-btn-xs ez-toc-btn-default ez-toc-toggle\" aria-label=\"Toggle Table of Content\"><span class=\"ez-toc-js-icon-con\"><span class=\"\"><span class=\"eztoc-hide\" style=\"display:none;\">Toggle<\/span><span class=\"ez-toc-icon-toggle-span\"><svg style=\"fill: #999;color:#999\" xmlns=\"http:\/\/www.w3.org\/2000\/svg\" class=\"list-377408\" width=\"20px\" height=\"20px\" viewBox=\"0 0 24 24\" fill=\"none\"><path d=\"M6 6H4v2h2V6zm14 0H8v2h12V6zM4 11h2v2H4v-2zm16 0H8v2h12v-2zM4 16h2v2H4v-2zm16 0H8v2h12v-2z\" fill=\"currentColor\"><\/path><\/svg><svg style=\"fill: #999;color:#999\" class=\"arrow-unsorted-368013\" xmlns=\"http:\/\/www.w3.org\/2000\/svg\" width=\"10px\" height=\"10px\" viewBox=\"0 0 24 24\" version=\"1.2\" baseProfile=\"tiny\"><path d=\"M18.2 9.3l-6.2-6.3-6.2 6.3c-.2.2-.3.4-.3.7s.1.5.3.7c.2.2.4.3.7.3h11c.3 0 .5-.1.7-.3.2-.2.3-.5.3-.7s-.1-.5-.3-.7zM5.8 14.7l6.2 6.3 6.2-6.3c.2-.2.3-.5.3-.7s-.1-.5-.3-.7c-.2-.2-.4-.3-.7-.3h-11c-.3 0-.5.1-.7.3-.2.2-.3.5-.3.7s.1.5.3.7z\"\/><\/svg><\/span><\/span><\/span><\/a><\/span><\/div>\n<nav><ul class='ez-toc-list ez-toc-list-level-1 ' ><li class='ez-toc-page-1 ez-toc-heading-level-1'><a class=\"ez-toc-link ez-toc-heading-1\" href=\"https:\/\/mpvane.com\/en\/san-pham\/loc-gio-busch-0532000003ka-loc-0532000003ka\/#Loc_Gio_Busch_0532000003KA_%E2%80%93_Phu_Kien_Chinh_Hang_Cho_Bom_Hut_Chan_Khong\" >L\u1ecdc Gi\u00f3 Busch 0532000003KA &#8211; Ph\u1ee5 Ki\u1ec7n Ch\u00ednh H\u00e3ng Cho B\u01a1m H\u00fat Ch\u00e2n Kh\u00f4ng<\/a><ul class='ez-toc-list-level-2' ><li class='ez-toc-heading-level-2'><a class=\"ez-toc-link ez-toc-heading-2\" href=\"https:\/\/mpvane.com\/en\/san-pham\/loc-gio-busch-0532000003ka-loc-0532000003ka\/#Thong_Tin_San_Pham\" >Th\u00f4ng Tin S\u1ea3n Ph\u1ea9m<\/a><ul class='ez-toc-list-level-3' ><li class='ez-toc-heading-level-3'><a class=\"ez-toc-link ez-toc-heading-3\" href=\"https:\/\/mpvane.com\/en\/san-pham\/loc-gio-busch-0532000003ka-loc-0532000003ka\/#Thong_So_Ky_Thuat\" >Th\u00f4ng S\u1ed1 K\u1ef9 Thu\u1eadt<\/a><\/li><\/ul><\/li><li class='ez-toc-page-1 ez-toc-heading-level-2'><a class=\"ez-toc-link ez-toc-heading-4\" href=\"https:\/\/mpvane.com\/en\/san-pham\/loc-gio-busch-0532000003ka-loc-0532000003ka\/#Tuong_Thich_Voi_Cac_Dong_Bom\" >T\u01b0\u01a1ng Th\u00edch V\u1edbi C\u00e1c D\u00f2ng B\u01a1m<\/a><\/li><li class='ez-toc-page-1 ez-toc-heading-level-2'><a class=\"ez-toc-link ez-toc-heading-5\" href=\"https:\/\/mpvane.com\/en\/san-pham\/loc-gio-busch-0532000003ka-loc-0532000003ka\/#Loi_Ich_Khi_Su_Dung\" >L\u1ee3i \u00cdch Khi S\u1eed D\u1ee5ng<\/a><\/li><li class='ez-toc-page-1 ez-toc-heading-level-2'><a class=\"ez-toc-link ez-toc-heading-6\" href=\"https:\/\/mpvane.com\/en\/san-pham\/loc-gio-busch-0532000003ka-loc-0532000003ka\/#Cach_thay_bo_loc_dau_vao\" >C\u00e1ch thay b\u1ed9 l\u1ecdc \u0111\u1ea7u v\u00e0o<\/a><\/li><li class='ez-toc-page-1 ez-toc-heading-level-2'><a class=\"ez-toc-link ez-toc-heading-7\" href=\"https:\/\/mpvane.com\/en\/san-pham\/loc-gio-busch-0532000003ka-loc-0532000003ka\/#Ba_dieu_can_luu_y_khi_mua_bo_loc_dau_vao_may_bom_chan_khong\" >Ba \u0111i\u1ec1u c\u1ea7n l\u01b0u \u00fd khi mua b\u1ed9 l\u1ecdc \u0111\u1ea7u v\u00e0o m\u00e1y b\u01a1m ch\u00e2n kh\u00f4ng<\/a><\/li><li class='ez-toc-page-1 ez-toc-heading-level-2'><a class=\"ez-toc-link ez-toc-heading-8\" href=\"https:\/\/mpvane.com\/en\/san-pham\/loc-gio-busch-0532000003ka-loc-0532000003ka\/#Dia_Chi_Mua_Hang_Uy_Tin\" >\u0110\u1ecba Ch\u1ec9 Mua H\u00e0ng Uy T\u00edn<\/a><\/li><\/ul><\/li><\/ul><\/nav><\/div>\n<h1><span class=\"ez-toc-section\" id=\"Loc_Gio_Busch_0532000003KA_%E2%80%93_Phu_Kien_Chinh_Hang_Cho_Bom_Hut_Chan_Khong\"><\/span><strong>L\u1ecdc Gi\u00f3 Busch 0532000003KA &#8211; Ph\u1ee5 Ki\u1ec7n Ch\u00ednh H\u00e3ng Cho B\u01a1m H\u00fat Ch\u00e2n Kh\u00f4ng<\/strong><span class=\"ez-toc-section-end\"><\/span><\/h1>\n<h2><span class=\"ez-toc-section\" id=\"Thong_Tin_San_Pham\"><\/span><strong>Th\u00f4ng Tin S\u1ea3n Ph\u1ea9m<\/strong><span class=\"ez-toc-section-end\"><\/span><\/h2>\n<p class=\"ds-markdown-paragraph\">L\u1ecdc gi\u00f3\u00a0<strong>Busch 0532000003KA<\/strong>\u00a0l\u00e0 ph\u1ee5 ki\u1ec7n ch\u00ednh h\u00e3ng ch\u1ea5t l\u01b0\u1ee3ng cao. S\u1ea3n ph\u1ea9m \u0111\u01b0\u1ee3c thi\u1ebft k\u1ebf \u0111\u1ec3 b\u1ea3o v\u1ec7 b\u01a1m h\u00fat ch\u00e2n kh\u00f4ng kh\u1ecfi b\u1ee5i b\u1ea9n v\u00e0 t\u1ea1p ch\u1ea5t.<\/p>\n<h3><span class=\"ez-toc-section\" id=\"Thong_So_Ky_Thuat\"><\/span><strong>Th\u00f4ng S\u1ed1 K\u1ef9 Thu\u1eadt<\/strong><span class=\"ez-toc-section-end\"><\/span><\/h3>\n<ul>\n<li>\n<p class=\"ds-markdown-paragraph\"><strong>M\u00e3 s\u1ea3n ph\u1ea9m:<\/strong>\u00a00532000003KA<\/p>\n<\/li>\n<li>\n<p class=\"ds-markdown-paragraph\"><strong>K\u00edch th\u01b0\u1edbc:<\/strong>\u00a0\u00d8 128 x \u00d8 64 x \u00d8 64 x H 123<\/p>\n<\/li>\n<li>\n<p class=\"ds-markdown-paragraph\"><strong>Ch\u1ea5t li\u1ec7u:<\/strong>\u00a0V\u1ea3i l\u1ecdc cao c\u1ea5p, khung ch\u1eafc ch\u1eafn<\/p>\n<\/li>\n<li>\n<p class=\"ds-markdown-paragraph\"><strong>\u1ee8ng d\u1ee5ng:<\/strong>\u00a0L\u1ecdc kh\u00ed \u0111\u1ea7u v\u00e0o cho h\u1ec7 th\u1ed1ng ch\u00e2n kh\u00f4ng<\/p>\n<\/li>\n<\/ul>\n<h2><span class=\"ez-toc-section\" id=\"Tuong_Thich_Voi_Cac_Dong_Bom\"><\/span><strong>T\u01b0\u01a1ng Th\u00edch V\u1edbi C\u00e1c D\u00f2ng B\u01a1m<\/strong><span class=\"ez-toc-section-end\"><\/span><\/h2>\n<p class=\"ds-markdown-paragraph\">L\u1ecdc gi\u00f3 n\u00e0y ph\u00f9 h\u1ee3p v\u1edbi nhi\u1ec1u model b\u01a1m h\u00fat ch\u00e2n kh\u00f4ng Busch:<\/p>\n<ul>\n<li>\n<p class=\"ds-markdown-paragraph\">Busch RA 0100 F<\/p>\n<\/li>\n<li>\n<p class=\"ds-markdown-paragraph\">Busch R5 RA 0100 E, R5 RA 0100 B,R5 RA 0100 C<\/p>\n<\/li>\n<li>\n<p class=\"ds-markdown-paragraph\">Busch R5 RC 0100 E, R5 RA 0100 B,R5 RA 0100 C<\/p>\n<\/li>\n<\/ul>\n<h2><span class=\"ez-toc-section\" id=\"Loi_Ich_Khi_Su_Dung\"><\/span><strong>L\u1ee3i \u00cdch Khi S\u1eed D\u1ee5ng<\/strong><span class=\"ez-toc-section-end\"><\/span><\/h2>\n<p class=\"ds-markdown-paragraph\">\u2705\u00a0<strong>Ch\u00ednh h\u00e3ng Busch<\/strong>\u00a0&#8211; \u0110\u1ea3m b\u1ea3o ch\u1ea5t l\u01b0\u1ee3ng<br \/>\n\u2705\u00a0<strong>Hi\u1ec7u su\u1ea5t cao<\/strong>\u00a0&#8211; L\u1ecdc s\u1ea1ch kh\u00f4ng kh\u00ed \u0111\u1ea7u v\u00e0o<br \/>\n\u2705\u00a0<strong>\u0110\u1ed9 b\u1ec1n v\u01b0\u1ee3t tr\u1ed9i<\/strong>\u00a0&#8211; T\u0103ng tu\u1ed5i th\u1ecd m\u00e1y<br \/>\n\u2705\u00a0<strong>D\u1ec5 d\u00e0ng thay th\u1ebf<\/strong>\u00a0&#8211; Thi\u1ebft k\u1ebf ti\u1ec7n l\u1ee3i<\/p>\n<h2 class=\"headline--2\"><span class=\"ez-toc-section\" id=\"Cach_thay_bo_loc_dau_vao\"><\/span>C\u00e1ch thay b\u1ed9 l\u1ecdc \u0111\u1ea7u v\u00e0o<span class=\"ez-toc-section-end\"><\/span><\/h2>\n<p>Th\u00e1o ch\u1ed1t \u1edf \u0111\u1ea7u h\u1ed9p l\u1ecdc \u0111\u1ea7u v\u00e0o v\u00e0 th\u00e1o n\u1eafp \u0111\u1ec3 c\u00f3 th\u1ec3 nh\u00ecn th\u1ea5y h\u1ed9p m\u1ef1c.<\/p>\n<p>H\u1ed9p m\u1ef1c gi\u1ea5y ph\u1ea3i \u0111\u01b0\u1ee3c thay th\u1ebf tr\u1ef1c ti\u1ebfp, trong khi h\u1ed9p m\u1ef1c polyester c\u00f3 th\u1ec3 \u0111\u01b0\u1ee3c gi\u1eb7t v\u00e0 l\u1eafp l\u1ea1i. \u0110\u1eebng qu\u00ean \u0111\u1ec3 h\u1ed9p m\u1ef1c polyester kh\u00f4 tr\u01b0\u1edbc khi l\u1eafp l\u1ea1i. \u0110i\u1ec1u n\u00e0y ng\u0103n kh\u00f4ng cho c\u00e1c gi\u1ecdt n\u01b0\u1edbc v\u00e0 \u0111\u1ed9 \u1ea9m x\u00e2m nh\u1eadp v\u00e0o m\u00e1y b\u01a1m ch\u00e2n kh\u00f4ng c\u1ee7a b\u1ea1n.<\/p>\n<p>Sau khi h\u1ed9p m\u1ef1c \u0111\u01b0\u1ee3c \u0111\u1eb7t v\u00e0o b\u00ean trong h\u1ed9p, h\u00e3y \u0111\u1eady n\u1eafp l\u1ea1i ph\u00eda tr\u00ean h\u1ed9p m\u1ef1c v\u00e0 \u0111\u00f3ng ch\u1ed1t l\u1ea1i.<\/p>\n<h2 class=\"headline--2\"><span class=\"ez-toc-section\" id=\"Ba_dieu_can_luu_y_khi_mua_bo_loc_dau_vao_may_bom_chan_khong\"><\/span>Ba \u0111i\u1ec1u c\u1ea7n l\u01b0u \u00fd khi mua b\u1ed9 l\u1ecdc \u0111\u1ea7u v\u00e0o m\u00e1y b\u01a1m ch\u00e2n kh\u00f4ng<span class=\"ez-toc-section-end\"><\/span><\/h2>\n<p>1. S\u1eed d\u1ee5ng ph\u1ee5 t\u00f9ng ch\u00ednh h\u00e3ng Busch<\/p>\n<p>Ch\u1ec9 c\u00f3 ph\u1ee5 t\u00f9ng ch\u00ednh h\u00e3ng c\u1ee7a Busch m\u1edbi \u0111\u1ea3m b\u1ea3o thi\u1ebft b\u1ecb c\u1ee7a b\u1ea1n s\u1ebd ti\u1ebfp t\u1ee5c ho\u1ea1t \u0111\u1ed9ng t\u1ed1i \u01b0u v\u00e0 \u0111\u1ea3m b\u1ea3o s\u1ea3n ph\u1ea9m c\u1ee7a b\u1ea1n \u0111\u01b0\u1ee3c b\u1ea3o h\u00e0nh.<\/p>\n<p>2. Ch\u1ecdn ch\u1ea5t l\u01b0\u1ee3ng cao nh\u1ea5t<\/p>\n<p>B\u1ed9 l\u1ecdc \u0111\u1ea7u v\u00e0o ch\u1ea5t l\u01b0\u1ee3ng th\u1ea5p s\u1ebd cho ph\u00e9p nhi\u1ec1u h\u1ea1t h\u01a1n, ch\u1eb3ng h\u1ea1n nh\u01b0 b\u1ee5i v\u00e0 \u0111\u1ed9 \u1ea9m, x\u00e2m nh\u1eadp v\u00e0o m\u00e1y b\u01a1m ch\u00e2n kh\u00f4ng ho\u1eb7c m\u00e1y n\u00e9n v\u00e0 l\u00e0m \u00f4 nhi\u1ec5m quy tr\u00ecnh c\u1ee7a b\u1ea1n. Do \u0111\u00f3, b\u1ed9 l\u1ecdc c\u1ea7n \u0111\u01b0\u1ee3c thay th\u1ebf th\u01b0\u1eddng xuy\u00ean h\u01a1n, l\u00e0m t\u0103ng chi ph\u00ed b\u1ea3o tr\u00ec.<\/p>\n<p>3. Ch\u1ecdn \u0111\u00fang k\u00edch th\u01b0\u1edbc<\/p>\n<p>\u0110\u1ea3m b\u1ea3o b\u1ed9 l\u1ecdc \u0111\u1ea7u v\u00e0o c\u00f3 k\u00edch th\u01b0\u1edbc ph\u00f9 h\u1ee3p v\u1edbi s\u1ea3n ph\u1ea9m c\u1ee7a b\u1ea1n. Ch\u00fang t\u00f4i cung c\u1ea5p c\u00e1c b\u1ed9 l\u1ecdc ti\u00eau chu\u1ea9n c\u00f3 nhi\u1ec1u k\u00edch c\u1ee1 kh\u00e1c nhau cho m\u00e1y b\u01a1m ch\u00e2n kh\u00f4ng v\u00e0 m\u00e1y n\u00e9n.<\/p>\n<h2><span class=\"ez-toc-section\" id=\"Dia_Chi_Mua_Hang_Uy_Tin\"><\/span><strong>\u0110\u1ecba Ch\u1ec9 Mua H\u00e0ng Uy T\u00edn<\/strong><span class=\"ez-toc-section-end\"><\/span><\/h2>\n<p class=\"ds-markdown-paragraph\">C\u00f4ng ty TNHH k\u1ef9 thu\u1eadt v\u00e0 d\u1ecbch v\u1ee5 <strong>Minh Ph\u00fa<\/strong>\u00a0chuy\u00ean cung c\u1ea5p l\u1ecdc gi\u00f3 Busch ch\u00ednh h\u00e3ng:<br \/>\n\u2714 H\u00e0ng c\u00f3 s\u1eb5n<br \/>\n\u2714 Gi\u00e1 c\u1ea3 c\u1ea1nh tranh<br \/>\n\u2714 Giao h\u00e0ng nhanh ch\u00f3ng<br \/>\n\u2714 H\u1ed7 tr\u1ee3 k\u1ef9 thu\u1eadt 24\/7<\/p>\n<p class=\"ds-markdown-paragraph\">\ud83d\udcde\u00a0<strong>Li\u00ean h\u1ec7 ngay:<\/strong><\/p>\n<ul>\n<li>\n<p class=\"ds-markdown-paragraph\"><strong>Email:<\/strong>\u00a0<a href=\"https:\/\/mailto:Sales@minhphuco.vn\/\" target=\"_blank\" rel=\"noopener noreferrer\">Sales@minhphuco.vn<\/a><\/p>\n<\/li>\n<li>\n<p class=\"ds-markdown-paragraph\"><strong>Zalo:<\/strong>\u00a00985490343 \/ 0985843778<\/p>\n<\/li>\n<\/ul>\n<p class=\"ds-markdown-paragraph\"><strong>Tags SEO t\u1ed1i \u01b0u:<\/strong><\/p>\n<ol start=\"1\">\n<li>\n<p class=\"ds-markdown-paragraph\">L\u1ecdc gi\u00f3 Busch 0532000003KA<\/p>\n<\/li>\n<li>\n<p class=\"ds-markdown-paragraph\">L\u1ecdc kh\u00ed b\u01a1m ch\u00e2n kh\u00f4ng 0532000003KA<\/p>\n<\/li>\n<li>\n<p class=\"ds-markdown-paragraph\">Phin l\u1ecdc Busch ch\u00ednh h\u00e3ng<\/p>\n<\/li>\n<li>\n<p class=\"ds-markdown-paragraph\">L\u1ecdc b\u01a1m h\u00fat ch\u00e2n kh\u00f4ng Busch<\/p>\n<\/li>\n<li>\n<p class=\"ds-markdown-paragraph\">Ph\u1ee5 t\u00f9ng b\u01a1m ch\u00e2n kh\u00f4ng 0532000003KA<\/p>\n<\/li>\n<li>\n<p class=\"ds-markdown-paragraph\">Thay th\u1ebf l\u1ecdc gi\u00f3 b\u01a1m h\u00fat ch\u00e2n kh\u00f4ng<\/p>\n<\/li>\n<li>\n<p class=\"ds-markdown-paragraph\">L\u1ecdc ch\u00e2n kh\u00f4ng Busch R5 series<\/p>\n<\/li>\n<li>\n<p class=\"ds-markdown-paragraph\">Ph\u1ee5 ki\u1ec7n b\u01a1m h\u00fat ch\u00e2n kh\u00f4ng ch\u00ednh h\u00e3ng<\/p>\n<\/li>\n<li>\n<p class=\"ds-markdown-paragraph\">L\u1ecdc gi\u00f3 cho b\u01a1m Busch RA 0100<\/p>\n<\/li>\n<li>\n<p class=\"ds-markdown-paragraph\">L\u1ecdc kh\u00ed c\u00f4ng nghi\u1ec7p Busch<br \/>\nTham kh\u1ea3o th\u00eam l\u1ecdc busch t\u1ea1i <a href=\"https:\/\/mpvane.com\/product-category\/loc-chan-khong\/loc-busch\/\">www.mpvane.com<\/a><\/p>\n<\/li>\n<\/ol>\n","protected":false},"excerpt":{"rendered":"<p>K\u00edch th\u01b0\u1edbc : \u00d8 128 x \u00d8 64 x \u00d8 64x H 123<\/p>\n","protected":false},"featured_media":8535,"comment_status":"open","ping_status":"closed","template":"","meta":{"_acf_changed":false},"product_brand":[],"product_cat":[702,2352],"product_tag":[2504],"class_list":{"0":"post-8296","1":"product","2":"type-product","3":"status-publish","4":"has-post-thumbnail","6":"product_cat-loc-chan-khong","7":"product_cat-loc-busch","8":"product_tag-0532000003ka","10":"first","11":"instock","12":"shipping-taxable","13":"product-type-simple"},"acf":[],"_links":{"self":[{"href":"https:\/\/mpvane.com\/en\/wp-json\/wp\/v2\/product\/8296","targetHints":{"allow":["GET"]}}],"collection":[{"href":"https:\/\/mpvane.com\/en\/wp-json\/wp\/v2\/product"}],"about":[{"href":"https:\/\/mpvane.com\/en\/wp-json\/wp\/v2\/types\/product"}],"replies":[{"embeddable":true,"href":"https:\/\/mpvane.com\/en\/wp-json\/wp\/v2\/comments?post=8296"}],"version-history":[{"count":5,"href":"https:\/\/mpvane.com\/en\/wp-json\/wp\/v2\/product\/8296\/revisions"}],"predecessor-version":[{"id":8565,"href":"https:\/\/mpvane.com\/en\/wp-json\/wp\/v2\/product\/8296\/revisions\/8565"}],"wp:featuredmedia":[{"embeddable":true,"href":"https:\/\/mpvane.com\/en\/wp-json\/wp\/v2\/media\/8535"}],"wp:attachment":[{"href":"https:\/\/mpvane.com\/en\/wp-json\/wp\/v2\/media?parent=8296"}],"wp:term":[{"taxonomy":"product_brand","embeddable":true,"href":"https:\/\/mpvane.com\/en\/wp-json\/wp\/v2\/product_brand?post=8296"},{"taxonomy":"product_cat","embeddable":true,"href":"https:\/\/mpvane.com\/en\/wp-json\/wp\/v2\/product_cat?post=8296"},{"taxonomy":"product_tag","embeddable":true,"href":"https:\/\/mpvane.com\/en\/wp-json\/wp\/v2\/product_tag?post=8296"}],"curies":[{"name":"wp","href":"https:\/\/api.w.org\/{rel}","templated":true}]}}