{"id":8245,"date":"2025-06-18T11:02:24","date_gmt":"2025-06-18T04:02:24","guid":{"rendered":"https:\/\/mpvane.com\/?post_type=product&#038;p=8245"},"modified":"2025-06-28T11:43:14","modified_gmt":"2025-06-28T04:43:14","slug":"loc-gio-busch-0532000002ka-loc-0532000002ka","status":"publish","type":"product","link":"https:\/\/mpvane.com\/en\/san-pham\/loc-gio-busch-0532000002ka-loc-0532000002ka\/","title":{"rendered":"L\u1ecdc gi\u00f3 Busch 0532000002KA"},"content":{"rendered":"<div id=\"ez-toc-container\" class=\"ez-toc-v2_0_75 counter-hierarchy ez-toc-counter ez-toc-grey ez-toc-container-direction\">\n<div class=\"ez-toc-title-container\">\n<p class=\"ez-toc-title\" style=\"cursor:inherit\">Table of Contents<\/p>\n<span class=\"ez-toc-title-toggle\"><a href=\"#\" class=\"ez-toc-pull-right ez-toc-btn ez-toc-btn-xs ez-toc-btn-default ez-toc-toggle\" aria-label=\"Toggle Table of Content\"><span class=\"ez-toc-js-icon-con\"><span class=\"\"><span class=\"eztoc-hide\" style=\"display:none;\">Toggle<\/span><span class=\"ez-toc-icon-toggle-span\"><svg style=\"fill: #999;color:#999\" xmlns=\"http:\/\/www.w3.org\/2000\/svg\" class=\"list-377408\" width=\"20px\" height=\"20px\" viewBox=\"0 0 24 24\" fill=\"none\"><path d=\"M6 6H4v2h2V6zm14 0H8v2h12V6zM4 11h2v2H4v-2zm16 0H8v2h12v-2zM4 16h2v2H4v-2zm16 0H8v2h12v-2z\" fill=\"currentColor\"><\/path><\/svg><svg style=\"fill: #999;color:#999\" class=\"arrow-unsorted-368013\" xmlns=\"http:\/\/www.w3.org\/2000\/svg\" width=\"10px\" height=\"10px\" viewBox=\"0 0 24 24\" version=\"1.2\" baseProfile=\"tiny\"><path d=\"M18.2 9.3l-6.2-6.3-6.2 6.3c-.2.2-.3.4-.3.7s.1.5.3.7c.2.2.4.3.7.3h11c.3 0 .5-.1.7-.3.2-.2.3-.5.3-.7s-.1-.5-.3-.7zM5.8 14.7l6.2 6.3 6.2-6.3c.2-.2.3-.5.3-.7s-.1-.5-.3-.7c-.2-.2-.4-.3-.7-.3h-11c-.3 0-.5.1-.7.3-.2.2-.3.5-.3.7s.1.5.3.7z\"\/><\/svg><\/span><\/span><\/span><\/a><\/span><\/div>\n<nav><ul class='ez-toc-list ez-toc-list-level-1 ' ><li class='ez-toc-page-1 ez-toc-heading-level-1'><a class=\"ez-toc-link ez-toc-heading-1\" href=\"https:\/\/mpvane.com\/en\/san-pham\/loc-gio-busch-0532000002ka-loc-0532000002ka\/#Loc_Gio_Busch_0532000002KA_%E2%80%93_Phu_Kien_Chinh_Hang_Cho_Bom_Hut_Chan_Khong\" >L\u1ecdc Gi\u00f3 Busch 0532000002KA \u2013 Ph\u1ee5 Ki\u1ec7n Ch\u00ednh H\u00e3ng Cho B\u01a1m H\u00fat Ch\u00e2n Kh\u00f4ng<\/a><ul class='ez-toc-list-level-2' ><li class='ez-toc-heading-level-2'><a class=\"ez-toc-link ez-toc-heading-2\" href=\"https:\/\/mpvane.com\/en\/san-pham\/loc-gio-busch-0532000002ka-loc-0532000002ka\/#Gioi_Thieu_Loc_Gio_Busch_0532000002KA\" >Gi\u1edbi Thi\u1ec7u L\u1ecdc Gi\u00f3 Busch 0532000002KA<\/a><ul class='ez-toc-list-level-3' ><li class='ez-toc-heading-level-3'><a class=\"ez-toc-link ez-toc-heading-3\" href=\"https:\/\/mpvane.com\/en\/san-pham\/loc-gio-busch-0532000002ka-loc-0532000002ka\/#Thong_So_Ky_Thuat\" >Th\u00f4ng S\u1ed1 K\u1ef9 Thu\u1eadt<\/a><\/li><\/ul><\/li><li class='ez-toc-page-1 ez-toc-heading-level-2'><a class=\"ez-toc-link ez-toc-heading-4\" href=\"https:\/\/mpvane.com\/en\/san-pham\/loc-gio-busch-0532000002ka-loc-0532000002ka\/#Tuong_Thich_Voi_Nhieu_Dong_Bom\" >T\u01b0\u01a1ng Th\u00edch V\u1edbi Nhi\u1ec1u D\u00f2ng B\u01a1m<\/a><\/li><li class='ez-toc-page-1 ez-toc-heading-level-2'><a class=\"ez-toc-link ez-toc-heading-5\" href=\"https:\/\/mpvane.com\/en\/san-pham\/loc-gio-busch-0532000002ka-loc-0532000002ka\/#Loi_Ich_Khi_Su_Dung\" >L\u1ee3i \u00cdch Khi S\u1eed D\u1ee5ng<\/a><\/li><li class='ez-toc-page-1 ez-toc-heading-level-2'><a class=\"ez-toc-link ez-toc-heading-6\" href=\"https:\/\/mpvane.com\/en\/san-pham\/loc-gio-busch-0532000002ka-loc-0532000002ka\/#Cach_thay_bo_loc_dau_vao\" >C\u00e1ch thay b\u1ed9 l\u1ecdc \u0111\u1ea7u v\u00e0o<\/a><\/li><li class='ez-toc-page-1 ez-toc-heading-level-2'><a class=\"ez-toc-link ez-toc-heading-7\" href=\"https:\/\/mpvane.com\/en\/san-pham\/loc-gio-busch-0532000002ka-loc-0532000002ka\/#Ba_dieu_can_luu_y_khi_mua_bo_loc_dau_vao_may_bom_chan_khong\" >Ba \u0111i\u1ec1u c\u1ea7n l\u01b0u \u00fd khi mua b\u1ed9 l\u1ecdc \u0111\u1ea7u v\u00e0o m\u00e1y b\u01a1m ch\u00e2n kh\u00f4ng<\/a><\/li><li class='ez-toc-page-1 ez-toc-heading-level-2'><a class=\"ez-toc-link ez-toc-heading-8\" href=\"https:\/\/mpvane.com\/en\/san-pham\/loc-gio-busch-0532000002ka-loc-0532000002ka\/#Dia_Chi_Mua_Hang_Uy_Tin\" >\u0110\u1ecba Ch\u1ec9 Mua H\u00e0ng Uy T\u00edn<\/a><ul class='ez-toc-list-level-3' ><li class='ez-toc-heading-level-3'><a class=\"ez-toc-link ez-toc-heading-9\" href=\"https:\/\/mpvane.com\/en\/san-pham\/loc-gio-busch-0532000002ka-loc-0532000002ka\/#Ket_Luan\" >K\u1ebft Lu\u1eadn<\/a><\/li><\/ul><\/li><\/ul><\/li><\/ul><\/nav><\/div>\n<h1><span class=\"ez-toc-section\" id=\"Loc_Gio_Busch_0532000002KA_%E2%80%93_Phu_Kien_Chinh_Hang_Cho_Bom_Hut_Chan_Khong\"><\/span><strong>L\u1ecdc Gi\u00f3 Busch 0532000002KA \u2013 Ph\u1ee5 Ki\u1ec7n Ch\u00ednh H\u00e3ng Cho B\u01a1m H\u00fat Ch\u00e2n Kh\u00f4ng<\/strong><span class=\"ez-toc-section-end\"><\/span><\/h1>\n<h2><span class=\"ez-toc-section\" id=\"Gioi_Thieu_Loc_Gio_Busch_0532000002KA\"><\/span><strong>Gi\u1edbi Thi\u1ec7u L\u1ecdc Gi\u00f3 Busch 0532000002KA<\/strong><span class=\"ez-toc-section-end\"><\/span><\/h2>\n<p class=\"ds-markdown-paragraph\">L\u1ecdc gi\u00f3\u00a0<strong>Busch 0532000002KA<\/strong>\u00a0l\u00e0 ph\u1ee5 ki\u1ec7n ch\u00ednh h\u00e3ng d\u00e0nh cho b\u01a1m h\u00fat ch\u00e2n kh\u00f4ng. S\u1ea3n ph\u1ea9m gi\u00fap ng\u0103n b\u1ee5i b\u1ea9n, t\u1ea1p ch\u1ea5t, b\u1ea3o v\u1ec7 m\u00e1y b\u1ec1n b\u1ec9.<\/p>\n<h3><span class=\"ez-toc-section\" id=\"Thong_So_Ky_Thuat\"><\/span><strong>Th\u00f4ng S\u1ed1 K\u1ef9 Thu\u1eadt<\/strong><span class=\"ez-toc-section-end\"><\/span><\/h3>\n<ul>\n<li>\n<p class=\"ds-markdown-paragraph\"><strong>M\u00e3 s\u1ea3n ph\u1ea9m:<\/strong>\u00a00532000002KA<\/p>\n<\/li>\n<li>\n<p class=\"ds-markdown-paragraph\"><strong>K\u00edch th\u01b0\u1edbc:<\/strong>\u00a0\u00d8 98 x \u00d8 60 x \u00d8 60 x H 70<\/p>\n<\/li>\n<li>\n<p class=\"ds-markdown-paragraph\"><strong>Ch\u1ea5t li\u1ec7u:<\/strong> gi\u1ea5y l\u1ecdc cao c\u1ea5p, khung s\u1eaft ch\u1eafc ch\u1eafn.<\/p>\n<\/li>\n<\/ul>\n<div id=\"attachment_8531\" style=\"width: 992px\" class=\"wp-caption alignnone\"><img fetchpriority=\"high\" decoding=\"async\" aria-describedby=\"caption-attachment-8531\" class=\"l\u1ecdc gi\u00f3 busch 0532000002KA wp-image-8531 size-full\" title=\"l\u1ecdc gi\u00f3 busch 0532000002KA\" src=\"https:\/\/mpvane.com\/wp-content\/uploads\/2025\/06\/loc-khi-busch-0532000002KA-moi.jpg\" alt=\"l\u1ecdc gi\u00f3 busch 0532000002KA\" width=\"982\" height=\"1322\" srcset=\"https:\/\/mpvane.com\/wp-content\/uploads\/2025\/06\/loc-khi-busch-0532000002KA-moi.jpg 982w, https:\/\/mpvane.com\/wp-content\/uploads\/2025\/06\/loc-khi-busch-0532000002KA-moi-223x300.jpg 223w, https:\/\/mpvane.com\/wp-content\/uploads\/2025\/06\/loc-khi-busch-0532000002KA-moi-761x1024.jpg 761w, https:\/\/mpvane.com\/wp-content\/uploads\/2025\/06\/loc-khi-busch-0532000002KA-moi-768x1034.jpg 768w, https:\/\/mpvane.com\/wp-content\/uploads\/2025\/06\/loc-khi-busch-0532000002KA-moi-150x202.jpg 150w\" sizes=\"(max-width: 982px) 100vw, 982px\" \/><p id=\"caption-attachment-8531\" class=\"wp-caption-text\">l\u1ecdc gi\u00f3 busch 0532000002KA<\/p><\/div>\n<h2><span class=\"ez-toc-section\" id=\"Tuong_Thich_Voi_Nhieu_Dong_Bom\"><\/span><strong>T\u01b0\u01a1ng Th\u00edch V\u1edbi Nhi\u1ec1u D\u00f2ng B\u01a1m<\/strong><span class=\"ez-toc-section-end\"><\/span><\/h2>\n<p class=\"ds-markdown-paragraph\">L\u1ecdc ph\u00f9 h\u1ee3p v\u1edbi c\u00e1c d\u00f2ng b\u01a1m Busch nh\u01b0:<\/p>\n<ul>\n<li>\n<p class=\"ds-markdown-paragraph\"><strong>Busch Seco:<\/strong>\u00a0SD 1025 C, SV 1025 C, SD 1040 C&#8230;<\/p>\n<\/li>\n<li>\n<p class=\"ds-markdown-paragraph\"><strong>Busch R5 Series:<\/strong>\u00a0RA 0021 B, RC 0021 B, RA 0010 B\/C\/D&#8230;<\/p>\n<\/li>\n<\/ul>\n<h2><span class=\"ez-toc-section\" id=\"Loi_Ich_Khi_Su_Dung\"><\/span><strong>L\u1ee3i \u00cdch Khi S\u1eed D\u1ee5ng<\/strong><span class=\"ez-toc-section-end\"><\/span><\/h2>\n<p class=\"ds-markdown-paragraph\">\u2705\u00a0<strong>Ch\u00ednh h\u00e3ng<\/strong>\u00a0\u2013 \u0110\u1ed9 b\u1ec1n cao, ch\u1ea5t l\u01b0\u1ee3ng \u0111\u1ea3m b\u1ea3o.<br \/>\n\u2705\u00a0<strong>Hi\u1ec7u su\u1ea5t \u1ed5n \u0111\u1ecbnh<\/strong>\u00a0\u2013 L\u1ecdc s\u1ea1ch kh\u00ed \u0111\u1ea7u v\u00e0o.<br \/>\n\u2705\u00a0<strong>D\u1ec5 thay th\u1ebf<\/strong>\u00a0\u2013 Thi\u1ebft k\u1ebf ti\u1ec7n l\u1ee3i.<\/p>\n<h2 class=\"headline--2\"><span class=\"ez-toc-section\" id=\"Cach_thay_bo_loc_dau_vao\"><\/span>C\u00e1ch thay b\u1ed9 l\u1ecdc \u0111\u1ea7u v\u00e0o<span class=\"ez-toc-section-end\"><\/span><\/h2>\n<p>Th\u00e1o ch\u1ed1t \u1edf \u0111\u1ea7u h\u1ed9p l\u1ecdc \u0111\u1ea7u v\u00e0o v\u00e0 th\u00e1o n\u1eafp \u0111\u1ec3 c\u00f3 th\u1ec3 nh\u00ecn th\u1ea5y h\u1ed9p m\u1ef1c.<\/p>\n<p>H\u1ed9p m\u1ef1c gi\u1ea5y ph\u1ea3i \u0111\u01b0\u1ee3c thay th\u1ebf tr\u1ef1c ti\u1ebfp, trong khi h\u1ed9p m\u1ef1c polyester c\u00f3 th\u1ec3 \u0111\u01b0\u1ee3c gi\u1eb7t v\u00e0 l\u1eafp l\u1ea1i. \u0110\u1eebng qu\u00ean \u0111\u1ec3 h\u1ed9p m\u1ef1c polyester kh\u00f4 tr\u01b0\u1edbc khi l\u1eafp l\u1ea1i. \u0110i\u1ec1u n\u00e0y ng\u0103n kh\u00f4ng cho c\u00e1c gi\u1ecdt n\u01b0\u1edbc v\u00e0 \u0111\u1ed9 \u1ea9m x\u00e2m nh\u1eadp v\u00e0o m\u00e1y b\u01a1m ch\u00e2n kh\u00f4ng c\u1ee7a b\u1ea1n.<\/p>\n<p>Sau khi h\u1ed9p m\u1ef1c \u0111\u01b0\u1ee3c \u0111\u1eb7t v\u00e0o b\u00ean trong h\u1ed9p, h\u00e3y \u0111\u1eady n\u1eafp l\u1ea1i ph\u00eda tr\u00ean h\u1ed9p m\u1ef1c v\u00e0 \u0111\u00f3ng ch\u1ed1t l\u1ea1i.<\/p>\n<h2 class=\"headline--2\"><span class=\"ez-toc-section\" id=\"Ba_dieu_can_luu_y_khi_mua_bo_loc_dau_vao_may_bom_chan_khong\"><\/span>Ba \u0111i\u1ec1u c\u1ea7n l\u01b0u \u00fd khi mua b\u1ed9 l\u1ecdc \u0111\u1ea7u v\u00e0o m\u00e1y b\u01a1m ch\u00e2n kh\u00f4ng<span class=\"ez-toc-section-end\"><\/span><\/h2>\n<p>1. S\u1eed d\u1ee5ng ph\u1ee5 t\u00f9ng ch\u00ednh h\u00e3ng Busch<\/p>\n<p>2. Ch\u1ecdn ch\u1ea5t l\u01b0\u1ee3ng cao nh\u1ea5t<\/p>\n<p>3. Ch\u1ecdn \u0111\u00fang k\u00edch th\u01b0\u1edbc<\/p>\n<h2><span class=\"ez-toc-section\" id=\"Dia_Chi_Mua_Hang_Uy_Tin\"><\/span><strong>\u0110\u1ecba Ch\u1ec9 Mua H\u00e0ng Uy T\u00edn<\/strong><span class=\"ez-toc-section-end\"><\/span><\/h2>\n<p class=\"ds-markdown-paragraph\">C\u00f4ng ty tnhh k\u1ef9 thu\u1eadt v\u00e0 d\u1ecbch v\u1ee5 <strong>Minh Ph\u00fa<\/strong>\u00a0cung c\u1ea5p l\u1ecdc gi\u00f3 Busch ch\u00ednh h\u00e3ng:<br \/>\n\u2714 Gi\u00e1 t\u1ed1t<br \/>\n\u2714 Giao h\u00e0ng nhanh<br \/>\n\u2714 H\u1ed7 tr\u1ee3 k\u1ef9 thu\u1eadt 24\/7<\/p>\n<p class=\"ds-markdown-paragraph\">\ud83d\udcde\u00a0<strong>Li\u00ean h\u1ec7 ngay:<\/strong><\/p>\n<ul>\n<li>\n<p class=\"ds-markdown-paragraph\"><strong>Email:<\/strong>\u00a0<a href=\"https:\/\/mailto:Sales@minhphuco.vn\/\" target=\"_blank\" rel=\"noopener noreferrer\">Sales@minhphuco.vn<\/a><\/p>\n<\/li>\n<li>\n<p class=\"ds-markdown-paragraph\"><strong>Zalo:<\/strong>\u00a00985490343 \/ 0985843778<\/p>\n<\/li>\n<\/ul>\n<h3><span class=\"ez-toc-section\" id=\"Ket_Luan\"><\/span><strong>K\u1ebft Lu\u1eadn<\/strong><span class=\"ez-toc-section-end\"><\/span><\/h3>\n<p class=\"ds-markdown-paragraph\">L\u1ecdc gi\u00f3\u00a0<a href=\"https:\/\/mpvane.com\/product-category\/loc-chan-khong\/loc-busch\/\"><strong>Busch 0532000002KA<\/strong><\/a>\u00a0l\u00e0 ph\u1ee5 ki\u1ec7n kh\u00f4ng th\u1ec3 thi\u1ebfu \u0111\u1ec3 b\u1ea3o v\u1ec7 b\u01a1m h\u00fat ch\u00e2n kh\u00f4ng c\u1ee7a b\u1ea1n. H\u00e3y l\u1ef1a ch\u1ecdn s\u1ea3n ph\u1ea9m ch\u00ednh h\u00e3ng t\u1ea1i\u00a0<strong>Minh Ph\u00fa<\/strong>\u00a0\u0111\u1ec3 \u0111\u1ea3m b\u1ea3o hi\u1ec7u su\u1ea5t t\u1ed1i \u01b0u v\u00e0 \u0111\u1ed9 b\u1ec1n l\u00e2u d\u00e0i!<\/p>\n","protected":false},"excerpt":{"rendered":"<p>Busch 0532000002KA<br \/>\nK\u00edch th\u01b0\u1edbc : \u00d8 98 x \u00d8 60 x \u00d8 60 x H 70<\/p>\n","protected":false},"featured_media":8529,"comment_status":"open","ping_status":"closed","template":"","meta":{"_acf_changed":false},"product_brand":[],"product_cat":[702,2352],"product_tag":[2487],"class_list":{"0":"post-8245","1":"product","2":"type-product","3":"status-publish","4":"has-post-thumbnail","6":"product_cat-loc-chan-khong","7":"product_cat-loc-busch","8":"product_tag-0532000002ka","10":"first","11":"instock","12":"shipping-taxable","13":"product-type-simple"},"acf":[],"_links":{"self":[{"href":"https:\/\/mpvane.com\/en\/wp-json\/wp\/v2\/product\/8245","targetHints":{"allow":["GET"]}}],"collection":[{"href":"https:\/\/mpvane.com\/en\/wp-json\/wp\/v2\/product"}],"about":[{"href":"https:\/\/mpvane.com\/en\/wp-json\/wp\/v2\/types\/product"}],"replies":[{"embeddable":true,"href":"https:\/\/mpvane.com\/en\/wp-json\/wp\/v2\/comments?post=8245"}],"version-history":[{"count":6,"href":"https:\/\/mpvane.com\/en\/wp-json\/wp\/v2\/product\/8245\/revisions"}],"predecessor-version":[{"id":8581,"href":"https:\/\/mpvane.com\/en\/wp-json\/wp\/v2\/product\/8245\/revisions\/8581"}],"wp:featuredmedia":[{"embeddable":true,"href":"https:\/\/mpvane.com\/en\/wp-json\/wp\/v2\/media\/8529"}],"wp:attachment":[{"href":"https:\/\/mpvane.com\/en\/wp-json\/wp\/v2\/media?parent=8245"}],"wp:term":[{"taxonomy":"product_brand","embeddable":true,"href":"https:\/\/mpvane.com\/en\/wp-json\/wp\/v2\/product_brand?post=8245"},{"taxonomy":"product_cat","embeddable":true,"href":"https:\/\/mpvane.com\/en\/wp-json\/wp\/v2\/product_cat?post=8245"},{"taxonomy":"product_tag","embeddable":true,"href":"https:\/\/mpvane.com\/en\/wp-json\/wp\/v2\/product_tag?post=8245"}],"curies":[{"name":"wp","href":"https:\/\/api.w.org\/{rel}","templated":true}]}}