{"id":8241,"date":"2025-06-18T10:28:11","date_gmt":"2025-06-18T03:28:11","guid":{"rendered":"https:\/\/mpvane.com\/?post_type=product&#038;p=8241"},"modified":"2025-06-24T22:20:00","modified_gmt":"2025-06-24T15:20:00","slug":"loc-dau-busch-0531000005loc-dau-0531000005","status":"publish","type":"product","link":"https:\/\/mpvane.com\/en\/san-pham\/loc-dau-busch-0531000005loc-dau-0531000005\/","title":{"rendered":"L\u1ecdc d\u1ea7u Busch 0531000005"},"content":{"rendered":"<div id=\"ez-toc-container\" class=\"ez-toc-v2_0_75 counter-hierarchy ez-toc-counter ez-toc-grey ez-toc-container-direction\">\n<div class=\"ez-toc-title-container\">\n<p class=\"ez-toc-title\" style=\"cursor:inherit\">Table of Contents<\/p>\n<span class=\"ez-toc-title-toggle\"><a href=\"#\" class=\"ez-toc-pull-right ez-toc-btn ez-toc-btn-xs ez-toc-btn-default ez-toc-toggle\" aria-label=\"Toggle Table of Content\"><span class=\"ez-toc-js-icon-con\"><span class=\"\"><span class=\"eztoc-hide\" style=\"display:none;\">Toggle<\/span><span class=\"ez-toc-icon-toggle-span\"><svg style=\"fill: #999;color:#999\" xmlns=\"http:\/\/www.w3.org\/2000\/svg\" class=\"list-377408\" width=\"20px\" height=\"20px\" viewBox=\"0 0 24 24\" fill=\"none\"><path d=\"M6 6H4v2h2V6zm14 0H8v2h12V6zM4 11h2v2H4v-2zm16 0H8v2h12v-2zM4 16h2v2H4v-2zm16 0H8v2h12v-2z\" fill=\"currentColor\"><\/path><\/svg><svg style=\"fill: #999;color:#999\" class=\"arrow-unsorted-368013\" xmlns=\"http:\/\/www.w3.org\/2000\/svg\" width=\"10px\" height=\"10px\" viewBox=\"0 0 24 24\" version=\"1.2\" baseProfile=\"tiny\"><path d=\"M18.2 9.3l-6.2-6.3-6.2 6.3c-.2.2-.3.4-.3.7s.1.5.3.7c.2.2.4.3.7.3h11c.3 0 .5-.1.7-.3.2-.2.3-.5.3-.7s-.1-.5-.3-.7zM5.8 14.7l6.2 6.3 6.2-6.3c.2-.2.3-.5.3-.7s-.1-.5-.3-.7c-.2-.2-.4-.3-.7-.3h-11c-.3 0-.5.1-.7.3-.2.2-.3.5-.3.7s.1.5.3.7z\"\/><\/svg><\/span><\/span><\/span><\/a><\/span><\/div>\n<nav><ul class='ez-toc-list ez-toc-list-level-1 ' ><li class='ez-toc-page-1 ez-toc-heading-level-1'><a class=\"ez-toc-link ez-toc-heading-1\" href=\"https:\/\/mpvane.com\/en\/san-pham\/loc-dau-busch-0531000005loc-dau-0531000005\/#Loc_Dau_Busch_0531000005_%E2%80%93_Phu_Tung_Chinh_Hang_Cho_Bom_Hut_Chan_Khong\" >L\u1ecdc D\u1ea7u Busch 0531000005 \u2013 Ph\u1ee5 T\u00f9ng Ch\u00ednh H\u00e3ng Cho B\u01a1m H\u00fat Ch\u00e2n Kh\u00f4ng<\/a><ul class='ez-toc-list-level-2' ><li class='ez-toc-heading-level-2'><a class=\"ez-toc-link ez-toc-heading-2\" href=\"https:\/\/mpvane.com\/en\/san-pham\/loc-dau-busch-0531000005loc-dau-0531000005\/#Thong_Tin_Chi_Tiet_Loc_Dau_0531000005\" >Th\u00f4ng Tin Chi Ti\u1ebft L\u1ecdc D\u1ea7u 0531000005<\/a><\/li><li class='ez-toc-page-1 ez-toc-heading-level-2'><a class=\"ez-toc-link ez-toc-heading-3\" href=\"https:\/\/mpvane.com\/en\/san-pham\/loc-dau-busch-0531000005loc-dau-0531000005\/#Vai_Tro_Cua_Loc_Dau_0531000005\" >Vai Tr\u00f2 C\u1ee7a L\u1ecdc D\u1ea7u 0531000005<\/a><\/li><li class='ez-toc-page-1 ez-toc-heading-level-2'><a class=\"ez-toc-link ez-toc-heading-4\" href=\"https:\/\/mpvane.com\/en\/san-pham\/loc-dau-busch-0531000005loc-dau-0531000005\/#Loc_Dau_0531000005_Dung_Cho_Cac_Dong_Bom_Busch\" >L\u1ecdc D\u1ea7u 0531000005 D\u00f9ng Cho C\u00e1c D\u00f2ng B\u01a1m Busch<\/a><ul class='ez-toc-list-level-3' ><li class='ez-toc-heading-level-3'><a class=\"ez-toc-link ez-toc-heading-5\" href=\"https:\/\/mpvane.com\/en\/san-pham\/loc-dau-busch-0531000005loc-dau-0531000005\/#%F0%9F%94%A7_Huong_dan_bao_tri\" >\ud83d\udd27 H\u01b0\u1edbng d\u1eabn b\u1ea3o tr\u00ec<\/a><\/li><\/ul><\/li><li class='ez-toc-page-1 ez-toc-heading-level-2'><a class=\"ez-toc-link ez-toc-heading-6\" href=\"https:\/\/mpvane.com\/en\/san-pham\/loc-dau-busch-0531000005loc-dau-0531000005\/#Tai_Sao_Nen_Chon_Loc_Dau_Busch_Chinh_Hang\" >T\u1ea1i Sao N\u00ean Ch\u1ecdn L\u1ecdc D\u1ea7u Busch Ch\u00ednh H\u00e3ng?<\/a><ul class='ez-toc-list-level-3' ><li class='ez-toc-heading-level-3'><a class=\"ez-toc-link ez-toc-heading-7\" href=\"https:\/\/mpvane.com\/en\/san-pham\/loc-dau-busch-0531000005loc-dau-0531000005\/#Bo_loc_dau_chinh_hang_Busch_hoat_dong_nhu_the_nao\" >B\u1ed9 l\u1ecdc d\u1ea7u ch\u00ednh h\u00e3ng Busch ho\u1ea1t \u0111\u1ed9ng nh\u01b0 th\u1ebf n\u00e0o?<\/a><\/li><\/ul><\/li><li class='ez-toc-page-1 ez-toc-heading-level-2'><a class=\"ez-toc-link ez-toc-heading-8\" href=\"https:\/\/mpvane.com\/en\/san-pham\/loc-dau-busch-0531000005loc-dau-0531000005\/#Mua_Loc_Dau_0531000005_Chinh_Hang_O_Dau\" >Mua L\u1ecdc D\u1ea7u 0531000005 Ch\u00ednh H\u00e3ng \u1ede \u0110\u00e2u?<\/a><ul class='ez-toc-list-level-3' ><li class='ez-toc-heading-level-3'><a class=\"ez-toc-link ez-toc-heading-9\" href=\"https:\/\/mpvane.com\/en\/san-pham\/loc-dau-busch-0531000005loc-dau-0531000005\/#Tu_Khoa_Lien_Quan\" >T\u1eeb Kh\u00f3a Li\u00ean Quan:<\/a><\/li><\/ul><\/li><\/ul><\/li><\/ul><\/nav><\/div>\n<h1><span class=\"ez-toc-section\" id=\"Loc_Dau_Busch_0531000005_%E2%80%93_Phu_Tung_Chinh_Hang_Cho_Bom_Hut_Chan_Khong\"><\/span><strong>L\u1ecdc D\u1ea7u Busch 0531000005 \u2013 Ph\u1ee5 T\u00f9ng Ch\u00ednh H\u00e3ng Cho B\u01a1m H\u00fat Ch\u00e2n Kh\u00f4ng<\/strong><span class=\"ez-toc-section-end\"><\/span><\/h1>\n<h2><span class=\"ez-toc-section\" id=\"Thong_Tin_Chi_Tiet_Loc_Dau_0531000005\"><\/span><strong>Th\u00f4ng Tin Chi Ti\u1ebft L\u1ecdc D\u1ea7u 0531000005<\/strong><span class=\"ez-toc-section-end\"><\/span><\/h2>\n<ul>\n<li>\n<p class=\"ds-markdown-paragraph\"><strong>M\u00e3 s\u1ea3n ph\u1ea9m:<\/strong>\u00a00531000005 (ho\u1eb7c 0531 000 005)<\/p>\n<\/li>\n<li>\n<p class=\"ds-markdown-paragraph\"><strong>K\u00edch th\u01b0\u1edbc:<\/strong><\/p>\n<ul>\n<li style=\"list-style-type: none;\">\n<ul>\n<li data-start=\"220\" data-end=\"250\">\n<p data-start=\"222\" data-end=\"250\"><strong data-start=\"222\" data-end=\"243\">\u0110\u01b0\u1eddng k\u00ednh ngo\u00e0i:<\/strong> \u00d893 mm<\/p>\n<\/li>\n<li data-start=\"251\" data-end=\"274\">\n<p data-start=\"253\" data-end=\"274\"><strong data-start=\"253\" data-end=\"267\">Chi\u1ec1u cao:<\/strong> 210 mm<\/p>\n<\/li>\n<li data-start=\"275\" data-end=\"301\">\n<p data-start=\"277\" data-end=\"301\"><strong data-start=\"277\" data-end=\"293\">Tr\u1ecdng l\u01b0\u1ee3ng:<\/strong> 0.75 kg<\/p>\n<\/li>\n<li data-start=\"302\" data-end=\"321\">\n<p data-start=\"304\" data-end=\"321\"><strong data-start=\"304\" data-end=\"312\">Ren:<\/strong> 1-12 UNF<\/p>\n<\/li>\n<\/ul>\n<\/li>\n<\/ul>\n<\/li>\n<li>\n<p class=\"ds-markdown-paragraph\"><strong>H\u00e3ng s\u1ea3n xu\u1ea5t:<\/strong>\u00a0Busch (\u0110\u1ee9c)<\/p>\n<\/li>\n<li>\n<p class=\"ds-markdown-paragraph\"><strong>\u1ee8ng d\u1ee5ng:<\/strong>\u00a0D\u00f9ng cho b\u01a1m h\u00fat ch\u00e2n kh\u00f4ng d\u00f2ng\u00a0<strong>R5 RA &amp; R5 RC<\/strong><\/p>\n<\/li>\n<\/ul>\n<h2><span class=\"ez-toc-section\" id=\"Vai_Tro_Cua_Loc_Dau_0531000005\"><\/span><strong>Vai Tr\u00f2 C\u1ee7a L\u1ecdc D\u1ea7u 0531000005<\/strong><span class=\"ez-toc-section-end\"><\/span><\/h2>\n<p class=\"ds-markdown-paragraph\">B\u1ed9 l\u1ecdc d\u1ea7u\u00a0<strong>Busch 0531000005<\/strong>\u00a0\u0111\u00f3ng vai tr\u00f2 quan tr\u1ecdng trong vi\u1ec7c:<br \/>\n\u2705\u00a0<strong>L\u1ecdc s\u1ea1ch t\u1ea1p ch\u1ea5t<\/strong>\u00a0nh\u01b0 b\u1ee5i, c\u1eb7n kim lo\u1ea1i, m\u1ea3nh v\u1ee5n kh\u1ecfi d\u1ea7u b\u00f4i tr\u01a1n.<br \/>\n\u2705\u00a0<strong>B\u1ea3o v\u1ec7 b\u01a1m ch\u00e2n kh\u00f4ng<\/strong>, gi\u1ea3m ma s\u00e1t v\u00e0 m\u00e0i m\u00f2n b\u00ean trong bu\u1ed3ng n\u00e9n.<br \/>\n\u2705\u00a0<strong>Duy tr\u00ec hi\u1ec7u su\u1ea5t b\u01a1m<\/strong>, \u0111\u1ea3m b\u1ea3o qu\u00e1 tr\u00ecnh h\u00fat ch\u00e2n kh\u00f4ng \u1ed5n \u0111\u1ecbnh.<br \/>\n\u2705\u00a0<strong>K\u00e9o d\u00e0i tu\u1ed5i th\u1ecd d\u1ea7u nh\u1edbt<\/strong>, ti\u1ebft ki\u1ec7m chi ph\u00ed b\u1ea3o d\u01b0\u1ee1ng.<\/p>\n<h2><span class=\"ez-toc-section\" id=\"Loc_Dau_0531000005_Dung_Cho_Cac_Dong_Bom_Busch\"><\/span><strong>L\u1ecdc D\u1ea7u 0531000005 D\u00f9ng Cho C\u00e1c D\u00f2ng B\u01a1m Busch<\/strong><span class=\"ez-toc-section-end\"><\/span><\/h2>\n<ul>\n<li>\n<p class=\"ds-markdown-paragraph\"><strong>Busch R5 RA 0400 \/ RA 0400-212 \/ RA 0400 B<\/strong><\/p>\n<\/li>\n<li>\n<p class=\"ds-markdown-paragraph\"><strong>Busch R5 RA 0502 B \/ RA 0630 \/ RA 0630-2120630<\/strong><\/p>\n<\/li>\n<li>\n<p class=\"ds-markdown-paragraph\"><strong>Busch R5 RA 1000 B<\/strong><\/p>\n<\/li>\n<li>\n<p class=\"ds-markdown-paragraph\"><strong>Busch R5 RC 0400 \/ RC 0400-212 \/ RC 0400 B<\/strong><\/p>\n<\/li>\n<li>\n<p class=\"ds-markdown-paragraph\"><strong>Busch R5 RC 0502 B \/ RC 0630 \/ RC 0630-2120630<\/strong><\/p>\n<\/li>\n<li>\n<p class=\"ds-markdown-paragraph\"><strong>Busch R5 RC 1000 B<\/strong><\/p>\n<\/li>\n<li>D\u00f9ng cho b\u01a1m Busch R5 RA 0400 Busch R5 RA 0400-212 Busch R5 RA 0400 B Busch R5 RA 0502 B Busch R5 RC 0400 Busch R5 RC 0400-212 Busch R5 RC 0400 B Busch R5 RC 0502 B Busch R5 RA 0630 Busch R5 RA 0630-2120630 Busch R5 RA 1000 B Busch R5 RC 0630 Busch R5 RC 0630-2120630 Busch R5 RC 1000 B<\/li>\n<li>\n<h3 data-start=\"957\" data-end=\"985\"><span class=\"ez-toc-section\" id=\"%F0%9F%94%A7_Huong_dan_bao_tri\"><\/span>\ud83d\udd27 <strong data-start=\"964\" data-end=\"985\">H\u01b0\u1edbng d\u1eabn b\u1ea3o tr\u00ec<\/strong><span class=\"ez-toc-section-end\"><\/span><\/h3>\n<ul data-start=\"987\" data-end=\"1151\">\n<li data-start=\"987\" data-end=\"1041\">\n<p data-start=\"989\" data-end=\"1041\"><strong data-start=\"989\" data-end=\"1006\">Thay l\u1ecdc d\u1ea7u:<\/strong> sau m\u1ed7i 2.400\u20133.000 gi\u1edd ho\u1ea1t \u0111\u1ed9ng.<\/p>\n<\/li>\n<li data-start=\"1042\" data-end=\"1092\">\n<p data-start=\"1044\" data-end=\"1092\"><strong data-start=\"1044\" data-end=\"1061\">Thay d\u1ea7u b\u01a1m:<\/strong> sau m\u1ed7i 500\u2013600 gi\u1edd ho\u1ea1t \u0111\u1ed9ng.<\/p>\n<\/li>\n<li data-start=\"1093\" data-end=\"1151\">\n<p data-start=\"1095\" data-end=\"1151\"><strong data-start=\"1095\" data-end=\"1115\">V\u1ec7 sinh \u0111\u1ecbnh k\u1ef3:<\/strong> 3\u20136 th\u00e1ng\/l\u1ea7n \u0111\u1ec3 \u0111\u1ea3m b\u1ea3o hi\u1ec7u su\u1ea5t.<\/p>\n<\/li>\n<\/ul>\n<\/li>\n<\/ul>\n<h2><span class=\"ez-toc-section\" id=\"Tai_Sao_Nen_Chon_Loc_Dau_Busch_Chinh_Hang\"><\/span><strong>T\u1ea1i Sao N\u00ean Ch\u1ecdn L\u1ecdc D\u1ea7u Busch Ch\u00ednh H\u00e3ng?<\/strong><span class=\"ez-toc-section-end\"><\/span><\/h2>\n<p class=\"ds-markdown-paragraph\">\ud83d\udd39\u00a0<strong>\u0110\u1ed9 b\u1ec1n cao<\/strong>, ch\u1ecbu \u0111\u01b0\u1ee3c \u00e1p su\u1ea5t v\u00e0 nhi\u1ec7t \u0111\u1ed9 l\u00e0m vi\u1ec7c kh\u1eafc nghi\u1ec7t.<br \/>\n\ud83d\udd39\u00a0<strong>T\u01b0\u01a1ng th\u00edch 100%<\/strong>\u00a0v\u1edbi b\u01a1m h\u00fat ch\u00e2n kh\u00f4ng Busch, \u0111\u1ea3m b\u1ea3o hi\u1ec7u su\u1ea5t t\u1ed1i \u01b0u.<br \/>\n\ud83d\udd39\u00a0<strong>Ng\u0103n ng\u1eeba h\u01b0 h\u1ecfng<\/strong> do t\u1eafc ngh\u1ebdn ho\u1eb7c nhi\u1ec5m b\u1ea9n d\u1ea7u.<\/p>\n<div class=\"item__head\">\n<h3 class=\"subheadline--2 text--bold fc--black\"><span class=\"ez-toc-section\" id=\"Bo_loc_dau_chinh_hang_Busch_hoat_dong_nhu_the_nao\"><\/span>B\u1ed9 l\u1ecdc d\u1ea7u ch\u00ednh h\u00e3ng Busch ho\u1ea1t \u0111\u1ed9ng nh\u01b0 th\u1ebf n\u00e0o?<span class=\"ez-toc-section-end\"><\/span><\/h3>\n<\/div>\n<div class=\"item__body\">\n<div class=\"inner\">\n<p class=\"text\">B\u1ed9 l\u1ecdc d\u1ea7u ch\u00ednh h\u00e3ng Busch \u0111\u01b0\u1ee3c s\u1eed d\u1ee5ng trong m\u00e1y b\u01a1m ch\u00e2n kh\u00f4ng R5 c\u1ee7a ch\u00fang t\u00f4i. Ch\u00fang lo\u1ea1i b\u1ecf c\u00e1c h\u1ea1t kh\u00f4ng mong mu\u1ed1n, ch\u1eb3ng h\u1ea1n nh\u01b0 b\u1ee5i v\u00e0 m\u1ea3nh v\u1ee5n, kh\u1ecfi d\u1ea7u b\u00f4i tr\u01a1n bu\u1ed3ng n\u00e9n. Ch\u00fang n\u1eb1m b\u00ean ngo\u00e0i m\u00e1y b\u01a1m ch\u00e2n kh\u00f4ng v\u00e0 \u0111\u01b0\u1ee3c k\u1ebft n\u1ed1i v\u1edbi b\u1ed9 t\u00e1ch s\u01b0\u01a1ng d\u1ea7u. D\u1ea7u \u0111\u01b0\u1ee3c b\u01a1m v\u00e0o b\u1ed9 l\u1ecdc d\u1ea7u th\u00f4ng qua l\u1ef1c h\u00fat c\u1ee7a qu\u00e1 tr\u00ecnh n\u00e9n. Sau khi \u0111\u01b0\u1ee3c l\u1ecdc, d\u1ea7u \u0111\u01b0\u1ee3c \u0111\u01b0a tr\u1edf l\u1ea1i bu\u1ed3ng n\u00e9n m\u1ed9t l\u1ea7n n\u1eefa th\u00f4ng qua \u0111\u01b0\u1eddng h\u1ed3i d\u1ea7u v\u00e0 \u0111\u01b0\u1eddng cung c\u1ea5p d\u1ea7u \u0111\u01b0\u1ee3c k\u1ebft n\u1ed1i v\u1edbi c\u00e1c c\u1eeda v\u00e0o d\u1ea7u.<\/p>\n<\/div>\n<\/div>\n<p>H\u00ecnh l\u1ecdc d\u1ea7u Busch 0531000005<\/p>\n<div id=\"attachment_8361\" style=\"width: 1308px\" class=\"wp-caption alignnone\"><img fetchpriority=\"high\" decoding=\"async\" aria-describedby=\"caption-attachment-8361\" class=\"size-full wp-image-8361\" src=\"https:\/\/mpvane.com\/wp-content\/uploads\/2025\/06\/loc-nhot-0531000005.jpg\" alt=\"l\u1ecdc nh\u1edbt 0531000005\" width=\"1298\" height=\"820\" srcset=\"https:\/\/mpvane.com\/wp-content\/uploads\/2025\/06\/loc-nhot-0531000005.jpg 1298w, https:\/\/mpvane.com\/wp-content\/uploads\/2025\/06\/loc-nhot-0531000005-300x190.jpg 300w, https:\/\/mpvane.com\/wp-content\/uploads\/2025\/06\/loc-nhot-0531000005-1024x647.jpg 1024w, https:\/\/mpvane.com\/wp-content\/uploads\/2025\/06\/loc-nhot-0531000005-768x485.jpg 768w, https:\/\/mpvane.com\/wp-content\/uploads\/2025\/06\/loc-nhot-0531000005-1200x758.jpg 1200w, https:\/\/mpvane.com\/wp-content\/uploads\/2025\/06\/loc-nhot-0531000005-150x95.jpg 150w\" sizes=\"(max-width: 1298px) 100vw, 1298px\" \/><p id=\"caption-attachment-8361\" class=\"wp-caption-text\">l\u1ecdc ch\u00ednh h\u00e3ng Busch 0531000005<\/p><\/div>\n<h2><span class=\"ez-toc-section\" id=\"Mua_Loc_Dau_0531000005_Chinh_Hang_O_Dau\"><\/span><strong>Mua L\u1ecdc D\u1ea7u 0531000005 Ch\u00ednh H\u00e3ng \u1ede \u0110\u00e2u?<\/strong><span class=\"ez-toc-section-end\"><\/span><\/h2>\n<p class=\"ds-markdown-paragraph\">\ud83d\udccc\u00a0<strong>C\u00d4NG TY TNHH K\u1ef8 THU\u1eacT V\u00c0 D\u1ecaCH V\u1ee4 MINH PH\u00da<\/strong><br \/>\n\ud83d\udce7\u00a0<strong>Email:<\/strong>\u00a0<a href=\"https:\/\/mailto:Sales@minhphuco.vn\/\" target=\"_blank\" rel=\"noopener noreferrer\">Sales@minhphuco.vn<\/a><br \/>\n\ud83d\udcde\u00a0<strong>Hotline\/Zalo:<\/strong>\u00a00985490343 \/ 0985843778<\/p>\n<p class=\"ds-markdown-paragraph\">\ud83d\udc49\u00a0<strong>Cam k\u1ebft h\u00e0ng ch\u00ednh h\u00e3ng<\/strong>, gi\u00e1 t\u1ed1t, giao h\u00e0ng to\u00e0n qu\u1ed1c!<\/p>\n<p>l\u1ecdc d\u1ea7u \u0111i k\u00e8m v\u1edbi c\u00e1nh g\u1ea1t busch <a href=\"https:\/\/mpvane.com\/s%E1%BA%A3n-ph%E1%BA%A9m\/bo-3-canh-gat-0722516573-r5-ra-0160-d-r5-ra-0165-d-r5-ra-0202-d-r5-ra-0205-d\/\">0722516573<\/a><\/p>\n<h3><span class=\"ez-toc-section\" id=\"Tu_Khoa_Lien_Quan\"><\/span><strong>T\u1eeb Kh\u00f3a Li\u00ean Quan:<\/strong><span class=\"ez-toc-section-end\"><\/span><\/h3>\n<ul>\n<li>\n<p class=\"ds-markdown-paragraph\">L\u1ecdc nh\u1edbt Busch 0531000005<\/p>\n<\/li>\n<li>\n<p class=\"ds-markdown-paragraph\">L\u1ecdc d\u1ea7u 0531 000 005<\/p>\n<\/li>\n<li>\n<p class=\"ds-markdown-paragraph\">Phin l\u1ecdc 0531000005<\/p>\n<\/li>\n<li>\n<p class=\"ds-markdown-paragraph\">L\u1ecdc ch\u00e2n kh\u00f4ng 0531000005<\/p>\n<\/li>\n<li>\n<p class=\"ds-markdown-paragraph\">L\u1ecdc b\u01a1m h\u00fat ch\u00e2n kh\u00f4ng Busch<\/p>\n<\/li>\n<\/ul>\n<p class=\"ds-markdown-paragraph\"><strong>#Busch #L\u1ecdcD\u1ea7uBusch #0531000005 #B\u01a1mCh\u00e2nKh\u00f4ng #Ph\u1ee5T\u00f9ngBusch<\/strong><\/p>\n<p class=\"ds-markdown-paragraph\">\ud83d\udd39\u00a0<strong>\u0110\u1eb7t h\u00e0ng ngay \u0111\u1ec3 nh\u1eadn t\u01b0 v\u1ea5n v\u00e0 b\u00e1o gi\u00e1 chi ti\u1ebft!<\/strong><\/p>\n","protected":false},"excerpt":{"rendered":"<p>K\u00edch th\u01b0\u1edbc : (L x \u00d8): <b>210.0 x 93.0 mm<\/b><\/p>\n","protected":false},"featured_media":8357,"comment_status":"open","ping_status":"closed","template":"","meta":{"_acf_changed":false},"product_brand":[],"product_cat":[702,2352],"product_tag":[2483],"class_list":{"0":"post-8241","1":"product","2":"type-product","3":"status-publish","4":"has-post-thumbnail","6":"product_cat-loc-chan-khong","7":"product_cat-loc-busch","8":"product_tag-2483","10":"first","11":"instock","12":"shipping-taxable","13":"product-type-simple"},"acf":[],"_links":{"self":[{"href":"https:\/\/mpvane.com\/en\/wp-json\/wp\/v2\/product\/8241","targetHints":{"allow":["GET"]}}],"collection":[{"href":"https:\/\/mpvane.com\/en\/wp-json\/wp\/v2\/product"}],"about":[{"href":"https:\/\/mpvane.com\/en\/wp-json\/wp\/v2\/types\/product"}],"replies":[{"embeddable":true,"href":"https:\/\/mpvane.com\/en\/wp-json\/wp\/v2\/comments?post=8241"}],"version-history":[{"count":5,"href":"https:\/\/mpvane.com\/en\/wp-json\/wp\/v2\/product\/8241\/revisions"}],"predecessor-version":[{"id":8366,"href":"https:\/\/mpvane.com\/en\/wp-json\/wp\/v2\/product\/8241\/revisions\/8366"}],"wp:featuredmedia":[{"embeddable":true,"href":"https:\/\/mpvane.com\/en\/wp-json\/wp\/v2\/media\/8357"}],"wp:attachment":[{"href":"https:\/\/mpvane.com\/en\/wp-json\/wp\/v2\/media?parent=8241"}],"wp:term":[{"taxonomy":"product_brand","embeddable":true,"href":"https:\/\/mpvane.com\/en\/wp-json\/wp\/v2\/product_brand?post=8241"},{"taxonomy":"product_cat","embeddable":true,"href":"https:\/\/mpvane.com\/en\/wp-json\/wp\/v2\/product_cat?post=8241"},{"taxonomy":"product_tag","embeddable":true,"href":"https:\/\/mpvane.com\/en\/wp-json\/wp\/v2\/product_tag?post=8241"}],"curies":[{"name":"wp","href":"https:\/\/api.w.org\/{rel}","templated":true}]}}