{"id":8231,"date":"2025-06-18T09:58:31","date_gmt":"2025-06-18T02:58:31","guid":{"rendered":"https:\/\/mpvane.com\/?post_type=product&#038;p=8231"},"modified":"2025-06-27T14:55:20","modified_gmt":"2025-06-27T07:55:20","slug":"loc-dau-busch-0531000002","status":"publish","type":"product","link":"https:\/\/mpvane.com\/en\/san-pham\/loc-dau-busch-0531000002\/","title":{"rendered":"L\u1ecdc d\u1ea7u Busch 0531000002"},"content":{"rendered":"<div id=\"ez-toc-container\" class=\"ez-toc-v2_0_75 counter-hierarchy ez-toc-counter ez-toc-grey ez-toc-container-direction\">\n<div class=\"ez-toc-title-container\">\n<p class=\"ez-toc-title\" style=\"cursor:inherit\">Table of Contents<\/p>\n<span class=\"ez-toc-title-toggle\"><a href=\"#\" class=\"ez-toc-pull-right ez-toc-btn ez-toc-btn-xs ez-toc-btn-default ez-toc-toggle\" aria-label=\"Toggle Table of Content\"><span class=\"ez-toc-js-icon-con\"><span class=\"\"><span class=\"eztoc-hide\" style=\"display:none;\">Toggle<\/span><span class=\"ez-toc-icon-toggle-span\"><svg style=\"fill: #999;color:#999\" xmlns=\"http:\/\/www.w3.org\/2000\/svg\" class=\"list-377408\" width=\"20px\" height=\"20px\" viewBox=\"0 0 24 24\" fill=\"none\"><path d=\"M6 6H4v2h2V6zm14 0H8v2h12V6zM4 11h2v2H4v-2zm16 0H8v2h12v-2zM4 16h2v2H4v-2zm16 0H8v2h12v-2z\" fill=\"currentColor\"><\/path><\/svg><svg style=\"fill: #999;color:#999\" class=\"arrow-unsorted-368013\" xmlns=\"http:\/\/www.w3.org\/2000\/svg\" width=\"10px\" height=\"10px\" viewBox=\"0 0 24 24\" version=\"1.2\" baseProfile=\"tiny\"><path d=\"M18.2 9.3l-6.2-6.3-6.2 6.3c-.2.2-.3.4-.3.7s.1.5.3.7c.2.2.4.3.7.3h11c.3 0 .5-.1.7-.3.2-.2.3-.5.3-.7s-.1-.5-.3-.7zM5.8 14.7l6.2 6.3 6.2-6.3c.2-.2.3-.5.3-.7s-.1-.5-.3-.7c-.2-.2-.4-.3-.7-.3h-11c-.3 0-.5.1-.7.3-.2.2-.3.5-.3.7s.1.5.3.7z\"\/><\/svg><\/span><\/span><\/span><\/a><\/span><\/div>\n<nav><ul class='ez-toc-list ez-toc-list-level-1 ' ><li class='ez-toc-page-1 ez-toc-heading-level-2'><a class=\"ez-toc-link ez-toc-heading-1\" href=\"https:\/\/mpvane.com\/en\/san-pham\/loc-dau-busch-0531000002\/#Loc_dau_Busch_0531000002_%E2%80%93_Phin_loc_nhot_dung_cho_bom_chan_khong_R5\" >L\u1ecdc d\u1ea7u Busch 0531000002 \u2013 Phin l\u1ecdc nh\u1edbt d\u00f9ng cho b\u01a1m ch\u00e2n kh\u00f4ng R5<\/a><ul class='ez-toc-list-level-3' ><li class='ez-toc-heading-level-3'><a class=\"ez-toc-link ez-toc-heading-2\" href=\"https:\/\/mpvane.com\/en\/san-pham\/loc-dau-busch-0531000002\/#%F0%9F%94%A7_Thong_so_ky_thuat_loc_0531000002\" >\ud83d\udd27 Th\u00f4ng s\u1ed1 k\u1ef9 thu\u1eadt l\u1ecdc 0531000002<\/a><\/li><li class='ez-toc-page-1 ez-toc-heading-level-3'><a class=\"ez-toc-link ez-toc-heading-3\" href=\"https:\/\/mpvane.com\/en\/san-pham\/loc-dau-busch-0531000002\/#%E2%9C%85_Ung_dung_cua_loc_dau_Busch_0531000002\" >\u2705 \u1ee8ng d\u1ee5ng c\u1ee7a l\u1ecdc d\u1ea7u Busch 0531000002<\/a><\/li><\/ul><\/li><li class='ez-toc-page-1 ez-toc-heading-level-2'><a class=\"ez-toc-link ez-toc-heading-4\" href=\"https:\/\/mpvane.com\/en\/san-pham\/loc-dau-busch-0531000002\/#Tai_Sao_Nen_Chon_Loc_Dau_Busch_0531000002_Chinh_Hang\" >T\u1ea1i Sao N\u00ean Ch\u1ecdn L\u1ecdc D\u1ea7u Busch 0531000002 Ch\u00ednh H\u00e3ng?<\/a><ul class='ez-toc-list-level-3' ><li class='ez-toc-heading-level-3'><a class=\"ez-toc-link ez-toc-heading-5\" href=\"https:\/\/mpvane.com\/en\/san-pham\/loc-dau-busch-0531000002\/#%F0%9F%94%8D_Tu_khoa_SEO_lien_quan\" >\ud83d\udd0d T\u1eeb kh\u00f3a SEO li\u00ean quan<\/a><\/li><li class='ez-toc-page-1 ez-toc-heading-level-3'><a class=\"ez-toc-link ez-toc-heading-6\" href=\"https:\/\/mpvane.com\/en\/san-pham\/loc-dau-busch-0531000002\/#%F0%9F%8F%B7_Tag_san_pham\" >\ud83c\udff7 Tag s\u1ea3n ph\u1ea9m<\/a><\/li><li class='ez-toc-page-1 ez-toc-heading-level-3'><a class=\"ez-toc-link ez-toc-heading-7\" href=\"https:\/\/mpvane.com\/en\/san-pham\/loc-dau-busch-0531000002\/#%F0%9F%93%9E_Lien_he_dat_hang_loc_dau_Busch_chinh_hang\" >\ud83d\udcde Li\u00ean h\u1ec7 \u0111\u1eb7t h\u00e0ng l\u1ecdc d\u1ea7u Busch ch\u00ednh h\u00e3ng<\/a><\/li><li class='ez-toc-page-1 ez-toc-heading-level-3'><a class=\"ez-toc-link ez-toc-heading-8\" href=\"https:\/\/mpvane.com\/en\/san-pham\/loc-dau-busch-0531000002\/#Ket_Luan\" >K\u1ebft Lu\u1eadn<\/a><\/li><\/ul><\/li><\/ul><\/nav><\/div>\n<h2 data-start=\"155\" data-end=\"229\"><span class=\"ez-toc-section\" id=\"Loc_dau_Busch_0531000002_%E2%80%93_Phin_loc_nhot_dung_cho_bom_chan_khong_R5\"><\/span><strong data-start=\"158\" data-end=\"229\">L\u1ecdc d\u1ea7u Busch 0531000002 \u2013 Phin l\u1ecdc nh\u1edbt d\u00f9ng cho b\u01a1m ch\u00e2n kh\u00f4ng R5<\/strong><span class=\"ez-toc-section-end\"><\/span><\/h2>\n<p class=\"ds-markdown-paragraph\"><strong>L\u1ecdc d\u1ea7u Busch 0531000002<\/strong>\u00a0(hay c\u00f2n g\u1ecdi l\u00e0\u00a0<strong>l\u1ecdc nh\u1edbt 0531 000 002<\/strong>) l\u00e0 ph\u1ee5 ki\u1ec7n quan tr\u1ecdng d\u00e0nh cho c\u00e1c d\u00f2ng\u00a0<strong>b\u01a1m ch\u00e2n kh\u00f4ng Busch R5<\/strong>. S\u1ea3n ph\u1ea9m gi\u00fap lo\u1ea1i b\u1ecf b\u1ee5i b\u1ea9n, t\u1ea1p ch\u1ea5t trong d\u1ea7u b\u00f4i tr\u01a1n, \u0111\u1ea3m b\u1ea3o h\u1ec7 th\u1ed1ng ho\u1ea1t \u0111\u1ed9ng \u1ed5n \u0111\u1ecbnh, gi\u1ea3m hao m\u00f2n v\u00e0 k\u00e9o d\u00e0i tu\u1ed5i th\u1ecd b\u01a1m.<\/p>\n<p class=\"ds-markdown-paragraph\">\u2705\u00a0<strong>H\u00e0ng ch\u00ednh h\u00e3ng Busch<\/strong>\u00a0\u2013 \u0110\u1ed9 b\u1ec1n cao, hi\u1ec7u su\u1ea5t l\u1ecdc t\u1ed1t<br \/>\n\u2705\u00a0<strong>T\u01b0\u01a1ng th\u00edch nhi\u1ec1u model b\u01a1m R5<\/strong>\u00a0\u2013 RA &amp; RC Series<br \/>\n\u2705\u00a0<strong>Thay th\u1ebf \u0111\u1ecbnh k\u1ef3<\/strong>\u00a0\u2013 Duy tr\u00ec ch\u1ea5t l\u01b0\u1ee3ng d\u1ea7u v\u00e0 b\u1ea3o v\u1ec7 b\u01a1m<\/p>\n<div id=\"attachment_8513\" style=\"width: 840px\" class=\"wp-caption alignnone\"><img fetchpriority=\"high\" decoding=\"async\" aria-describedby=\"caption-attachment-8513\" class=\"l\u1ecdc d\u1ea7u busch 0531000002 trong kho wp-image-8513 size-full\" title=\"l\u1ecdc d\u1ea7u busch 0531000002 trong kho\" src=\"https:\/\/mpvane.com\/wp-content\/uploads\/2025\/06\/loc-dau-busch-0531000002-trong-kho.jpg\" alt=\"l\u1ecdc d\u1ea7u busch 0531000002 trong kho\" width=\"830\" height=\"639\" srcset=\"https:\/\/mpvane.com\/wp-content\/uploads\/2025\/06\/loc-dau-busch-0531000002-trong-kho.jpg 830w, https:\/\/mpvane.com\/wp-content\/uploads\/2025\/06\/loc-dau-busch-0531000002-trong-kho-300x231.jpg 300w, https:\/\/mpvane.com\/wp-content\/uploads\/2025\/06\/loc-dau-busch-0531000002-trong-kho-768x591.jpg 768w, https:\/\/mpvane.com\/wp-content\/uploads\/2025\/06\/loc-dau-busch-0531000002-trong-kho-150x115.jpg 150w\" sizes=\"(max-width: 830px) 100vw, 830px\" \/><p id=\"caption-attachment-8513\" class=\"wp-caption-text\">l\u1ecdc d\u1ea7u busch 0531000002 trong kho<\/p><\/div>\n<hr data-start=\"497\" data-end=\"500\" \/>\n<h3 data-start=\"502\" data-end=\"545\"><span class=\"ez-toc-section\" id=\"%F0%9F%94%A7_Thong_so_ky_thuat_loc_0531000002\"><\/span>\ud83d\udd27 <strong data-start=\"509\" data-end=\"545\">Th\u00f4ng s\u1ed1 k\u1ef9 thu\u1eadt l\u1ecdc 0531000002<\/strong><span class=\"ez-toc-section-end\"><\/span><\/h3>\n<ul data-start=\"547\" data-end=\"737\">\n<li data-start=\"547\" data-end=\"593\">\n<p data-start=\"549\" data-end=\"593\"><strong data-start=\"549\" data-end=\"565\">M\u00e3 s\u1ea3n ph\u1ea9m:<\/strong> 0531000002 \/ 0531 000 002<\/p>\n<\/li>\n<li data-start=\"594\" data-end=\"635\">\n<p data-start=\"596\" data-end=\"635\"><strong data-start=\"596\" data-end=\"605\">Lo\u1ea1i:<\/strong> Phin l\u1ecdc d\u1ea7u b\u01a1m ch\u00e2n kh\u00f4ng<\/p>\n<\/li>\n<li data-start=\"636\" data-end=\"668\">\n<p data-start=\"638\" data-end=\"668\"><strong data-start=\"638\" data-end=\"659\">\u0110\u01b0\u1eddng k\u00ednh ngo\u00e0i:<\/strong> \u00d876 mm<\/p>\n<\/li>\n<li data-start=\"669\" data-end=\"693\">\n<p data-start=\"671\" data-end=\"693\"><strong data-start=\"671\" data-end=\"685\">Chi\u1ec1u cao:<\/strong> 79 mm<\/p>\n<\/li>\n<li data-start=\"694\" data-end=\"737\">\n<p data-start=\"696\" data-end=\"737\"><strong data-start=\"696\" data-end=\"712\">Ren k\u1ebft n\u1ed1i:<\/strong> 3\/4&#8243; &#8211; 16 UNF (Female)<\/p>\n<\/li>\n<\/ul>\n<hr data-start=\"739\" data-end=\"742\" \/>\n<h3 data-start=\"744\" data-end=\"791\"><span class=\"ez-toc-section\" id=\"%E2%9C%85_Ung_dung_cua_loc_dau_Busch_0531000002\"><\/span>\u2705 <strong data-start=\"750\" data-end=\"791\">\u1ee8ng d\u1ee5ng c\u1ee7a l\u1ecdc d\u1ea7u Busch 0531000002<\/strong><span class=\"ez-toc-section-end\"><\/span><\/h3>\n<p data-start=\"793\" data-end=\"889\">Phin l\u1ecdc nh\u1edbt 0531000002 \u0111\u01b0\u1ee3c s\u1eed d\u1ee5ng ph\u1ed5 bi\u1ebfn cho c\u00e1c d\u00f2ng b\u01a1m h\u00fat ch\u00e2n kh\u00f4ng <strong data-start=\"872\" data-end=\"884\">Busch R5<\/strong> nh\u01b0:<\/p>\n<ul data-start=\"891\" data-end=\"1213\">\n<li data-start=\"891\" data-end=\"1051\">\n<p data-start=\"893\" data-end=\"909\"><strong data-start=\"893\" data-end=\"907\">RA Series:<\/strong><\/p>\n<ul data-start=\"912\" data-end=\"1051\">\n<li data-start=\"912\" data-end=\"933\">\n<p data-start=\"914\" data-end=\"933\">Busch R5 RA 025 E<\/p>\n<\/li>\n<li data-start=\"936\" data-end=\"992\">\n<p data-start=\"938\" data-end=\"992\">Busch R5 RA 0063 \/ RA 0063 E \/ RA 0063 B \/ RA 0063 C<\/p>\n<\/li>\n<li data-start=\"995\" data-end=\"1051\">\n<p data-start=\"997\" data-end=\"1051\">Busch R5 RA 0100 \/ RA 0100 E \/ RA 0100 B \/ RA 0100 F<\/p>\n<\/li>\n<\/ul>\n<\/li>\n<li data-start=\"1053\" data-end=\"1213\">\n<p data-start=\"1055\" data-end=\"1071\"><strong data-start=\"1055\" data-end=\"1069\">RC Series:<\/strong><\/p>\n<ul data-start=\"1074\" data-end=\"1213\">\n<li data-start=\"1074\" data-end=\"1095\">\n<p data-start=\"1076\" data-end=\"1095\">Busch R5 RC 025 E<\/p>\n<\/li>\n<li data-start=\"1098\" data-end=\"1154\">\n<p data-start=\"1100\" data-end=\"1154\">Busch R5 RC 0063 \/ RC 0063 E \/ RC 0063 B \/ RC 0063 C<\/p>\n<\/li>\n<li data-start=\"1157\" data-end=\"1213\">\n<p data-start=\"1159\" data-end=\"1213\">Busch R5 RC 0100 \/ RC 0100 E \/ RC 0100 B \/ RC 0100 F<\/p>\n<\/li>\n<\/ul>\n<\/li>\n<\/ul>\n<p data-start=\"1215\" data-end=\"1334\">\u0110\u00e2y l\u00e0 l\u1ef1a ch\u1ecdn l\u00fd t\u01b0\u1edfng \u0111\u1ec3 thay th\u1ebf \u0111\u1ecbnh k\u1ef3, gi\u00fap <strong data-start=\"1266\" data-end=\"1293\">duy tr\u00ec \u0111\u1ed9 s\u1ea1ch c\u1ee7a d\u1ea7u<\/strong> v\u00e0 <strong data-start=\"1297\" data-end=\"1333\">b\u1ea3o v\u1ec7 c\u00e1c b\u1ed9 ph\u1eadn b\u00ean trong b\u01a1m<\/strong>.<\/p>\n<p data-start=\"1215\" data-end=\"1334\">L\u1ecdc\u00a0 \u0111i k\u00e8m v\u1edbi c\u00e1nh g\u1ea1t <a href=\"https:\/\/mpvane.com\/s%E1%BA%A3n-ph%E1%BA%A9m\/bo-3-canh-gat-0722000330-r5-ra-0063-r5-ra-0063-b-r5-ra-0063-c-r5-ra-0063-e-r5-ra-0063-f\/\">0722000330<\/a><\/p>\n<h2><span class=\"ez-toc-section\" id=\"Tai_Sao_Nen_Chon_Loc_Dau_Busch_0531000002_Chinh_Hang\"><\/span><strong>T\u1ea1i Sao N\u00ean Ch\u1ecdn L\u1ecdc D\u1ea7u Busch 0531000002 Ch\u00ednh H\u00e3ng?<\/strong><span class=\"ez-toc-section-end\"><\/span><\/h2>\n<p class=\"ds-markdown-paragraph\">\ud83d\udd39\u00a0<strong>\u0110\u1ed9 ch\u00ednh x\u00e1c cao<\/strong>\u00a0\u2013 L\u1ecdc s\u1ea1ch c\u1eb7n b\u1ea9n, b\u1ea3o v\u1ec7 \u0111\u1ed9ng c\u01a1 b\u01a1m<br \/>\n\ud83d\udd39\u00a0<strong>Ch\u1ea5t li\u1ec7u b\u1ec1n b\u1ec9<\/strong>\u00a0\u2013 Ch\u1ecbu nhi\u1ec7t v\u00e0 \u00e1p su\u1ea5t t\u1ed1t<br \/>\n\ud83d\udd39\u00a0<strong>T\u01b0\u01a1ng th\u00edch ho\u00e0n h\u1ea3o<\/strong>\u00a0\u2013 Thi\u1ebft k\u1ebf chu\u1ea9n cho b\u01a1m Busch R5<br \/>\n\ud83d\udd39\u00a0<strong>Ti\u1ebft ki\u1ec7m chi ph\u00ed<\/strong>\u00a0\u2013 Gi\u1ea3m h\u1ecfng h\u00f3c, h\u1ea1n ch\u1ebf s\u1eeda ch\u1eefa<\/p>\n<p>B\u1ed9 l\u1ecdc d\u1ea7u b\u01a1m ch\u00e2n kh\u00f4ng \u0111\u01b0\u1ee3c s\u1eed d\u1ee5ng \u0111\u1ec3 lo\u1ea1i b\u1ecf c\u00e1c h\u1ea1t kh\u00f4ng mong mu\u1ed1n, ch\u1eb3ng h\u1ea1n nh\u01b0 m\u1ea3nh v\u1ee5n v\u00e0 b\u1ee5i, kh\u1ecfi d\u1ea7u b\u00f4i tr\u01a1n bu\u1ed3ng n\u00e9n c\u1ee7a b\u01a1m ch\u00e2n kh\u00f4ng. \u0110i\u1ec1u n\u00e0y \u0111\u1ea3m b\u1ea3o r\u1eb1ng d\u1ea7u v\u1eabn s\u1ea1ch v\u00e0 gi\u1eef \u0111\u01b0\u1ee3c \u0111\u1eb7c t\u00ednh b\u00f4i tr\u01a1n v\u00e0 b\u1ecbt k\u00edn tuy\u1ec7t v\u1eddi.<\/p>\n<p>B\u1ed9 l\u1ecdc \u0111\u01b0\u1ee3c l\u00e0m b\u1eb1ng cellulose cho c\u00e1c \u1ee9ng d\u1ee5ng ti\u00eau chu\u1ea9n v\u00e0 ATEX, trong khi \u0111\u1ed1i v\u1edbi c\u00e1c \u1ee9ng d\u1ee5ng c\u00f3 h\u00e0m l\u01b0\u1ee3ng oxy m\u1edf r\u1ed9ng, n\u00f3 \u0111\u01b0\u1ee3c l\u00e0m b\u1eb1ng s\u1ee3i th\u1ee7y tinh.<\/p>\n<hr data-start=\"1336\" data-end=\"1339\" \/>\n<h3 data-start=\"1341\" data-end=\"1373\"><span class=\"ez-toc-section\" id=\"%F0%9F%94%8D_Tu_khoa_SEO_lien_quan\"><\/span>\ud83d\udd0d <strong data-start=\"1348\" data-end=\"1373\">T\u1eeb kh\u00f3a SEO li\u00ean quan<\/strong><span class=\"ez-toc-section-end\"><\/span><\/h3>\n<ul data-start=\"1375\" data-end=\"1523\">\n<li data-start=\"1375\" data-end=\"1404\">\n<p data-start=\"1377\" data-end=\"1404\">L\u1ecdc nh\u1edbt Busch 0531000002<\/p>\n<\/li>\n<li data-start=\"1405\" data-end=\"1429\">\n<p data-start=\"1407\" data-end=\"1429\">L\u1ecdc d\u1ea7u 0531 000 002<\/p>\n<\/li>\n<li data-start=\"1430\" data-end=\"1448\">\n<p data-start=\"1432\" data-end=\"1448\">L\u1ecdc 0531000002<\/p>\n<\/li>\n<li data-start=\"1449\" data-end=\"1469\">\n<p data-start=\"1451\" data-end=\"1469\">Busch 0531000002<\/p>\n<\/li>\n<li data-start=\"1470\" data-end=\"1493\">\n<p data-start=\"1472\" data-end=\"1493\">Phin l\u1ecdc 0531000002<\/p>\n<\/li>\n<li data-start=\"1494\" data-end=\"1523\">\n<p data-start=\"1496\" data-end=\"1523\">L\u1ecdc ch\u00e2n kh\u00f4ng 0531000002<\/p>\n<\/li>\n<\/ul>\n<hr data-start=\"1525\" data-end=\"1528\" \/>\n<h3 data-start=\"1530\" data-end=\"1553\"><span class=\"ez-toc-section\" id=\"%F0%9F%8F%B7_Tag_san_pham\"><\/span>\ud83c\udff7 <strong data-start=\"1537\" data-end=\"1553\">Tag s\u1ea3n ph\u1ea9m<\/strong><span class=\"ez-toc-section-end\"><\/span><\/h3>\n<ul data-start=\"1555\" data-end=\"1619\">\n<li data-start=\"1555\" data-end=\"1587\">\n<p data-start=\"1557\" data-end=\"1587\">L\u1ecdc b\u01a1m h\u00fat ch\u00e2n kh\u00f4ng Busch<\/p>\n<\/li>\n<li data-start=\"1588\" data-end=\"1602\">\n<p data-start=\"1590\" data-end=\"1602\">0531000002<\/p>\n<\/li>\n<li data-start=\"1603\" data-end=\"1619\">\n<p data-start=\"1605\" data-end=\"1619\">0531 000 002<\/p>\n<\/li>\n<\/ul>\n<hr data-start=\"1621\" data-end=\"1624\" \/>\n<h3 data-start=\"1626\" data-end=\"1678\"><span class=\"ez-toc-section\" id=\"%F0%9F%93%9E_Lien_he_dat_hang_loc_dau_Busch_chinh_hang\"><\/span>\ud83d\udcde <strong data-start=\"1633\" data-end=\"1678\">Li\u00ean h\u1ec7 \u0111\u1eb7t h\u00e0ng l\u1ecdc d\u1ea7u Busch ch\u00ednh h\u00e3ng<\/strong><span class=\"ez-toc-section-end\"><\/span><\/h3>\n<p data-start=\"1680\" data-end=\"1788\"><strong data-start=\"1680\" data-end=\"1725\">C\u00d4NG TY TNHH K\u1ef8 THU\u1eacT V\u00c0 D\u1ecaCH V\u1ee4 MINH PH\u00da<\/strong><br data-start=\"1725\" data-end=\"1728\" \/>\u2714\ufe0f H\u00e0ng ch\u00ednh h\u00e3ng \u2013 T\u01b0 v\u1ea5n k\u1ef9 thu\u1eadt \u2013 Giao h\u00e0ng to\u00e0n qu\u1ed1c<\/p>\n<p data-start=\"1790\" data-end=\"1861\"><strong data-start=\"1790\" data-end=\"1803\">\ud83d\udce7 Email:<\/strong> <a class=\"cursor-pointer\" rel=\"noopener\" data-start=\"1804\" data-end=\"1822\">Sales@minhphuco.vn<\/a><br data-start=\"1822\" data-end=\"1825\" \/><strong data-start=\"1825\" data-end=\"1837\">\ud83d\udcf1 Zalo:<\/strong> 0985490343 \/ 0985843778<\/p>\n<hr data-start=\"1863\" data-end=\"1866\" \/>\n<blockquote data-start=\"1868\" data-end=\"1983\">\n<p data-start=\"1870\" data-end=\"1983\">\ud83d\udca1 <em data-start=\"1873\" data-end=\"1983\">Khuy\u1ebfn ngh\u1ecb thay l\u1ecdc \u0111\u1ecbnh k\u1ef3 sau m\u1ed7i 500\u20131000 gi\u1edd v\u1eadn h\u00e0nh \u0111\u1ec3 b\u1ea3o v\u1ec7 b\u01a1m v\u00e0 t\u1ed1i \u01b0u hi\u1ec7u su\u1ea5t h\u00fat ch\u00e2n kh\u00f4ng.<\/em><\/p>\n<h3><span class=\"ez-toc-section\" id=\"Ket_Luan\"><\/span><strong>K\u1ebft Lu\u1eadn<\/strong><span class=\"ez-toc-section-end\"><\/span><\/h3>\n<p class=\"ds-markdown-paragraph\">L\u1ecdc d\u1ea7u\u00a0<a href=\"https:\/\/www.buschvacuum.com\/global\/en\/products\/spare-parts-and-accessories\/spare-parts\/oil-filters\/\" target=\"_blank\" rel=\"noopener\"><strong>Busch 0531000002<\/strong><\/a>\u00a0l\u00e0 linh ki\u1ec7n kh\u00f4ng th\u1ec3 thi\u1ebfu \u0111\u1ec3 b\u1ea3o d\u01b0\u1ee1ng b\u01a1m ch\u00e2n kh\u00f4ng\u00a0<strong>Busch R5<\/strong>. S\u1eed d\u1ee5ng l\u1ecdc ch\u00ednh h\u00e3ng gi\u00fap t\u1ed1i \u01b0u hi\u1ec7u su\u1ea5t, gi\u1ea3m chi ph\u00ed b\u1ea3o tr\u00ec v\u00e0 n\u00e2ng cao tu\u1ed5i th\u1ecd m\u00e1y.<\/p>\n<p class=\"ds-markdown-paragraph\">\ud83d\udcde\u00a0<strong>Li\u00ean h\u1ec7 ngay \u0111\u1ec3 \u0111\u01b0\u1ee3c b\u00e1o gi\u00e1 t\u1ed1t nh\u1ea5t!<\/strong><\/p>\n<\/blockquote>\n","protected":false},"excerpt":{"rendered":"<p>k\u00edch th\u01b0\u1edbc \u00d8 76 x \u00d8 93 x 3\/4-16 UNF<\/p>\n","protected":false},"featured_media":8511,"comment_status":"open","ping_status":"closed","template":"","meta":{"_acf_changed":false},"product_brand":[],"product_cat":[702,2352],"product_tag":[2480],"class_list":{"0":"post-8231","1":"product","2":"type-product","3":"status-publish","4":"has-post-thumbnail","6":"product_cat-loc-chan-khong","7":"product_cat-loc-busch","8":"product_tag-2480","10":"first","11":"instock","12":"shipping-taxable","13":"product-type-simple"},"acf":[],"_links":{"self":[{"href":"https:\/\/mpvane.com\/en\/wp-json\/wp\/v2\/product\/8231","targetHints":{"allow":["GET"]}}],"collection":[{"href":"https:\/\/mpvane.com\/en\/wp-json\/wp\/v2\/product"}],"about":[{"href":"https:\/\/mpvane.com\/en\/wp-json\/wp\/v2\/types\/product"}],"replies":[{"embeddable":true,"href":"https:\/\/mpvane.com\/en\/wp-json\/wp\/v2\/comments?post=8231"}],"version-history":[{"count":7,"href":"https:\/\/mpvane.com\/en\/wp-json\/wp\/v2\/product\/8231\/revisions"}],"predecessor-version":[{"id":8515,"href":"https:\/\/mpvane.com\/en\/wp-json\/wp\/v2\/product\/8231\/revisions\/8515"}],"wp:featuredmedia":[{"embeddable":true,"href":"https:\/\/mpvane.com\/en\/wp-json\/wp\/v2\/media\/8511"}],"wp:attachment":[{"href":"https:\/\/mpvane.com\/en\/wp-json\/wp\/v2\/media?parent=8231"}],"wp:term":[{"taxonomy":"product_brand","embeddable":true,"href":"https:\/\/mpvane.com\/en\/wp-json\/wp\/v2\/product_brand?post=8231"},{"taxonomy":"product_cat","embeddable":true,"href":"https:\/\/mpvane.com\/en\/wp-json\/wp\/v2\/product_cat?post=8231"},{"taxonomy":"product_tag","embeddable":true,"href":"https:\/\/mpvane.com\/en\/wp-json\/wp\/v2\/product_tag?post=8231"}],"curies":[{"name":"wp","href":"https:\/\/api.w.org\/{rel}","templated":true}]}}