{"id":8229,"date":"2025-06-18T09:39:41","date_gmt":"2025-06-18T02:39:41","guid":{"rendered":"https:\/\/mpvane.com\/?post_type=product&#038;p=8229"},"modified":"2025-06-28T14:45:27","modified_gmt":"2025-06-28T07:45:27","slug":"loc-tach-dau-busch-0532140160","status":"publish","type":"product","link":"https:\/\/mpvane.com\/en\/san-pham\/loc-tach-dau-busch-0532140160\/","title":{"rendered":"L\u1ecdc t\u00e1ch d\u1ea7u 0532140160"},"content":{"rendered":"<div id=\"ez-toc-container\" class=\"ez-toc-v2_0_75 counter-hierarchy ez-toc-counter ez-toc-grey ez-toc-container-direction\">\n<div class=\"ez-toc-title-container\">\n<p class=\"ez-toc-title\" style=\"cursor:inherit\">Table of Contents<\/p>\n<span class=\"ez-toc-title-toggle\"><a href=\"#\" class=\"ez-toc-pull-right ez-toc-btn ez-toc-btn-xs ez-toc-btn-default ez-toc-toggle\" aria-label=\"Toggle Table of Content\"><span class=\"ez-toc-js-icon-con\"><span class=\"\"><span class=\"eztoc-hide\" style=\"display:none;\">Toggle<\/span><span class=\"ez-toc-icon-toggle-span\"><svg style=\"fill: #999;color:#999\" xmlns=\"http:\/\/www.w3.org\/2000\/svg\" class=\"list-377408\" width=\"20px\" height=\"20px\" viewBox=\"0 0 24 24\" fill=\"none\"><path d=\"M6 6H4v2h2V6zm14 0H8v2h12V6zM4 11h2v2H4v-2zm16 0H8v2h12v-2zM4 16h2v2H4v-2zm16 0H8v2h12v-2z\" fill=\"currentColor\"><\/path><\/svg><svg style=\"fill: #999;color:#999\" class=\"arrow-unsorted-368013\" xmlns=\"http:\/\/www.w3.org\/2000\/svg\" width=\"10px\" height=\"10px\" viewBox=\"0 0 24 24\" version=\"1.2\" baseProfile=\"tiny\"><path d=\"M18.2 9.3l-6.2-6.3-6.2 6.3c-.2.2-.3.4-.3.7s.1.5.3.7c.2.2.4.3.7.3h11c.3 0 .5-.1.7-.3.2-.2.3-.5.3-.7s-.1-.5-.3-.7zM5.8 14.7l6.2 6.3 6.2-6.3c.2-.2.3-.5.3-.7s-.1-.5-.3-.7c-.2-.2-.4-.3-.7-.3h-11c-.3 0-.5.1-.7.3-.2.2-.3.5-.3.7s.1.5.3.7z\"\/><\/svg><\/span><\/span><\/span><\/a><\/span><\/div>\n<nav><ul class='ez-toc-list ez-toc-list-level-1 ' ><li class='ez-toc-page-1 ez-toc-heading-level-2'><a class=\"ez-toc-link ez-toc-heading-1\" href=\"https:\/\/mpvane.com\/en\/san-pham\/loc-tach-dau-busch-0532140160\/#Loc_tach_dau_0532140160_V532140160_%E2%80%93_Phin_loc_Busch_chinh_hang_cho_bom_hut_chan_khong\" >L\u1ecdc t\u00e1ch d\u1ea7u 0532140160, V532140160 \u2013 Phin l\u1ecdc Busch ch\u00ednh h\u00e3ng cho b\u01a1m h\u00fat ch\u00e2n kh\u00f4ng<\/a><ul class='ez-toc-list-level-3' ><li class='ez-toc-heading-level-3'><a class=\"ez-toc-link ez-toc-heading-2\" href=\"https:\/\/mpvane.com\/en\/san-pham\/loc-tach-dau-busch-0532140160\/#Thong_so_ky_thuat_loc_0532140160_Busch_Original\" >Th\u00f4ng s\u1ed1 k\u1ef9 thu\u1eadt l\u1ecdc 0532140160 (Busch Original)<\/a><\/li><li class='ez-toc-page-1 ez-toc-heading-level-3'><a class=\"ez-toc-link ez-toc-heading-3\" href=\"https:\/\/mpvane.com\/en\/san-pham\/loc-tach-dau-busch-0532140160\/#Ung_dung_tren_cac_dong_bom_hut_chan_khong_Busch\" >\u1ee8ng d\u1ee5ng tr\u00ean c\u00e1c d\u00f2ng b\u01a1m h\u00fat ch\u00e2n kh\u00f4ng Busch:<\/a><\/li><\/ul><\/li><li class='ez-toc-page-1 ez-toc-heading-level-2'><a class=\"ez-toc-link ez-toc-heading-4\" href=\"https:\/\/mpvane.com\/en\/san-pham\/loc-tach-dau-busch-0532140160\/#TAI_SAO_NEN_SU_DUNG_BO_LOC_XA_CHINH_HANG_BUSCH\" >T\u1ea0I SAO N\u00caN S\u1eec D\u1ee4NG B\u1ed8 L\u1eccC X\u1ea2 CH\u00cdNH H\u00c3NG BUSCH?<\/a><ul class='ez-toc-list-level-3' ><li class='ez-toc-heading-level-3'><a class=\"ez-toc-link ez-toc-heading-5\" href=\"https:\/\/mpvane.com\/en\/san-pham\/loc-tach-dau-busch-0532140160\/#Cac_ma_tuong_duong_pho_bien\" >C\u00e1c m\u00e3 t\u01b0\u01a1ng \u0111\u01b0\u01a1ng ph\u1ed5 bi\u1ebfn<\/a><\/li><li class='ez-toc-page-1 ez-toc-heading-level-3'><a class=\"ez-toc-link ez-toc-heading-6\" href=\"https:\/\/mpvane.com\/en\/san-pham\/loc-tach-dau-busch-0532140160\/#Tu_khoa_SEO_lien_quan\" >T\u1eeb kh\u00f3a SEO li\u00ean quan:<\/a><\/li><li class='ez-toc-page-1 ez-toc-heading-level-3'><a class=\"ez-toc-link ez-toc-heading-7\" href=\"https:\/\/mpvane.com\/en\/san-pham\/loc-tach-dau-busch-0532140160\/#Tag_san_pham\" >Tag s\u1ea3n ph\u1ea9m:<\/a><\/li><li class='ez-toc-page-1 ez-toc-heading-level-3'><a class=\"ez-toc-link ez-toc-heading-8\" href=\"https:\/\/mpvane.com\/en\/san-pham\/loc-tach-dau-busch-0532140160\/#Lien_he_dat_hang_tu_van_ky_thuat\" >Li\u00ean h\u1ec7 \u0111\u1eb7t h\u00e0ng \/ t\u01b0 v\u1ea5n k\u1ef9 thu\u1eadt<\/a><\/li><\/ul><\/li><\/ul><\/nav><\/div>\n<h2 data-start=\"148\" data-end=\"241\"><span class=\"ez-toc-section\" id=\"Loc_tach_dau_0532140160_V532140160_%E2%80%93_Phin_loc_Busch_chinh_hang_cho_bom_hut_chan_khong\"><\/span><strong data-start=\"151\" data-end=\"241\">L\u1ecdc t\u00e1ch d\u1ea7u 0532140160, V532140160 \u2013 Phin l\u1ecdc Busch ch\u00ednh h\u00e3ng cho b\u01a1m h\u00fat ch\u00e2n kh\u00f4ng<\/strong><span class=\"ez-toc-section-end\"><\/span><\/h2>\n<p data-start=\"243\" data-end=\"547\"><strong data-start=\"243\" data-end=\"276\">L\u1ecdc t\u00e1ch d\u1ea7u Busch 0532140160<\/strong> hay c\u00f2n g\u1ecdi l\u00e0 <strong data-start=\"292\" data-end=\"352\">phin l\u1ecdc t\u00e1ch nh\u1edbt 0532140160, m\u00e3 t\u01b0\u01a1ng \u0111\u01b0\u01a1ng V532140160<\/strong> l\u00e0 ph\u1ee5 t\u00f9ng kh\u00f4ng th\u1ec3 thi\u1ebfu trong h\u1ec7 th\u1ed1ng b\u01a1m h\u00fat ch\u00e2n kh\u00f4ng v\u00f2ng d\u1ea7u c\u1ee7a Busch. S\u1ea3n ph\u1ea9m \u0111\u1ea3m b\u1ea3o kh\u1ea3 n\u0103ng t\u00e1ch d\u1ea7u hi\u1ec7u qu\u1ea3, gi\u1eef m\u00f4i tr\u01b0\u1eddng l\u00e0m vi\u1ec7c s\u1ea1ch s\u1ebd v\u00e0 k\u00e9o d\u00e0i tu\u1ed5i th\u1ecd b\u01a1m ch\u00e2n kh\u00f4ng.<\/p>\n<hr data-start=\"549\" data-end=\"552\" \/>\n<h3 data-start=\"554\" data-end=\"611\"><span class=\"ez-toc-section\" id=\"Thong_so_ky_thuat_loc_0532140160_Busch_Original\"><\/span><strong data-start=\"558\" data-end=\"611\">Th\u00f4ng s\u1ed1 k\u1ef9 thu\u1eadt l\u1ecdc 0532140160 (Busch Original)<\/strong><span class=\"ez-toc-section-end\"><\/span><\/h3>\n<ul data-start=\"613\" data-end=\"749\">\n<li data-start=\"613\" data-end=\"657\">\n<p data-start=\"615\" data-end=\"657\"><strong data-start=\"615\" data-end=\"631\">M\u00e3 s\u1ea3n ph\u1ea9m:<\/strong> 0532140160 \/ V532140160<\/p>\n<\/li>\n<li data-start=\"658\" data-end=\"690\">\n<p data-start=\"660\" data-end=\"690\"><strong data-start=\"660\" data-end=\"681\">\u0110\u01b0\u1eddng k\u00ednh ngo\u00e0i:<\/strong> \u00d872 mm<\/p>\n<\/li>\n<li data-start=\"691\" data-end=\"723\">\n<p data-start=\"693\" data-end=\"723\"><strong data-start=\"693\" data-end=\"714\">\u0110\u01b0\u1eddng k\u00ednh trong:<\/strong> \u00d835 mm<\/p>\n<\/li>\n<li data-start=\"724\" data-end=\"749\">\n<p data-start=\"726\" data-end=\"749\"><strong data-start=\"726\" data-end=\"740\">Chi\u1ec1u cao:<\/strong> 507 mm<\/p>\n<\/li>\n<\/ul>\n<div id=\"attachment_8248\" style=\"width: 784px\" class=\"wp-caption alignnone\"><img fetchpriority=\"high\" decoding=\"async\" aria-describedby=\"caption-attachment-8248\" class=\"K\u00edch th\u01b0\u1edbc l\u1ecdc busch 0532140160 wp-image-8248 size-full\" title=\"K\u00edch th\u01b0\u1edbc l\u1ecdc busch 0532140160\" src=\"https:\/\/mpvane.com\/wp-content\/uploads\/2025\/06\/kich-thuoc-loc-busch-0532140160.jpg\" alt=\"K\u00edch th\u01b0\u1edbc l\u1ecdc busch 0532140160\" width=\"774\" height=\"591\" srcset=\"https:\/\/mpvane.com\/wp-content\/uploads\/2025\/06\/kich-thuoc-loc-busch-0532140160.jpg 774w, https:\/\/mpvane.com\/wp-content\/uploads\/2025\/06\/kich-thuoc-loc-busch-0532140160-300x229.jpg 300w, https:\/\/mpvane.com\/wp-content\/uploads\/2025\/06\/kich-thuoc-loc-busch-0532140160-768x586.jpg 768w, https:\/\/mpvane.com\/wp-content\/uploads\/2025\/06\/kich-thuoc-loc-busch-0532140160-150x115.jpg 150w\" sizes=\"(max-width: 774px) 100vw, 774px\" \/><p id=\"caption-attachment-8248\" class=\"wp-caption-text\">K\u00edch th\u01b0\u1edbc l\u1ecdc busch 0532140160<\/p><\/div>\n<hr data-start=\"751\" data-end=\"754\" \/>\n<h3 data-start=\"756\" data-end=\"812\"><span class=\"ez-toc-section\" id=\"Ung_dung_tren_cac_dong_bom_hut_chan_khong_Busch\"><\/span><strong data-start=\"760\" data-end=\"812\">\u1ee8ng d\u1ee5ng tr\u00ean c\u00e1c d\u00f2ng b\u01a1m h\u00fat ch\u00e2n kh\u00f4ng Busch:<\/strong><span class=\"ez-toc-section-end\"><\/span><\/h3>\n<p data-start=\"814\" data-end=\"869\">L\u1ecdc t\u00e1ch d\u1ea7u 0532140160 \u0111\u01b0\u1ee3c s\u1eed d\u1ee5ng tr\u00ean c\u00e1c d\u00f2ng b\u01a1m:<\/p>\n<ul data-start=\"871\" data-end=\"1144\">\n<li data-start=\"871\" data-end=\"914\">\n<p data-start=\"873\" data-end=\"914\"><strong data-start=\"873\" data-end=\"914\">BUSCH R5 RA\/RC 0400, 0502, 0630, 1000<\/strong><\/p>\n<\/li>\n<li data-start=\"915\" data-end=\"1144\">\n<p data-start=\"917\" data-end=\"936\">C\u00e1c model chi ti\u1ebft:<\/p>\n<ul data-start=\"939\" data-end=\"1144\">\n<li data-start=\"939\" data-end=\"958\">\n<p data-start=\"941\" data-end=\"958\">RA 0400 \/ RC 0400<\/p>\n<\/li>\n<li data-start=\"961\" data-end=\"988\">\n<p data-start=\"963\" data-end=\"988\">RA 0400-212 \/ RC 0400-212<\/p>\n<\/li>\n<li data-start=\"991\" data-end=\"1014\">\n<p data-start=\"993\" data-end=\"1014\">RA 0400 B \/ RC 0400 B<\/p>\n<\/li>\n<li data-start=\"1017\" data-end=\"1040\">\n<p data-start=\"1019\" data-end=\"1040\">RA 0502 B \/ RC 0502 B<\/p>\n<\/li>\n<li data-start=\"1043\" data-end=\"1062\">\n<p data-start=\"1045\" data-end=\"1062\">RA 0630 \/ RC 0630<\/p>\n<\/li>\n<li data-start=\"1065\" data-end=\"1092\">\n<p data-start=\"1067\" data-end=\"1092\">RA 0630-212 \/ RC 0630-212<\/p>\n<\/li>\n<li data-start=\"1095\" data-end=\"1118\">\n<p data-start=\"1097\" data-end=\"1118\">RA 0630 B \/ RC 0630 B<\/p>\n<\/li>\n<li data-start=\"1121\" data-end=\"1144\">\n<p data-start=\"1123\" data-end=\"1144\">RA 1000 B \/ RC 1000 B<\/p>\n<\/li>\n<\/ul>\n<\/li>\n<\/ul>\n<h2 class=\"headline--2\"><span class=\"ez-toc-section\" id=\"TAI_SAO_NEN_SU_DUNG_BO_LOC_XA_CHINH_HANG_BUSCH\"><\/span><span>T\u1ea0I SAO N\u00caN S\u1eec D\u1ee4NG B\u1ed8 L\u1eccC X\u1ea2 CH\u00cdNH H\u00c3NG BUSCH?<\/span><span class=\"ez-toc-section-end\"><\/span><\/h2>\n<p class=\"text--4 text--bold m__bottom--sm\"><span>Ti\u1ebft ki\u1ec7m chi ph\u00ed<\/span><\/p>\n<div class=\"default-list\">\n<ul class=\"hooks\">\n<li>\u00c1p su\u1ea5t ng\u01b0\u1ee3c th\u1ea5p c\u1ea3i thi\u1ec7n hi\u1ec7u qu\u1ea3 n\u0103ng l\u01b0\u1ee3ng<\/li>\n<li>99% l\u01b0\u1ee3ng d\u1ea7u th\u1ea3i ra \u0111\u01b0\u1ee3c thu l\u1ea1i v\u00e0 \u0111\u01b0a tr\u1edf l\u1ea1i h\u1ec7 th\u1ed1ng, gi\u00fap gi\u1ea3m nhu c\u1ea7u n\u1ea1p d\u1ea7u<\/li>\n<li>V\u1eadt li\u1ec7u l\u1ecdc m\u1ecbn l\u1ea5p \u0111\u1ea7y ch\u1eadm h\u01a1n so v\u1edbi b\u1ed9 l\u1ecdc th\u00f4ng th\u01b0\u1eddng, k\u00e9o d\u00e0i th\u1eddi gian thay th\u1ebf<\/li>\n<\/ul>\n<p class=\"text--4 text--bold m__bottom--sm\">M\u00f4i tr\u01b0\u1eddng l\u00e0m vi\u1ec7c t\u1ed1t h\u01a1n<\/p>\n<div class=\"default-list\">\n<ul class=\"hooks\">\n<li>Kh\u00f4ng kh\u00ed trong l\u00e0nh h\u01a1n<\/li>\n<li>Gi\u1ea3m m\u1ee9c \u0111\u1ed9 ti\u1ebfng \u1ed3n<\/li>\n<li>Nhi\u1ec7t \u0111\u1ed9 th\u1ea5p h\u01a1n \u1edf g\u1ea7n m\u00e1y b\u01a1m<\/li>\n<\/ul>\n<p class=\"text--4 text--bold m__bottom--sm\"><span>Hi\u1ec7u su\u1ea5t v\u01b0\u1ee3t tr\u1ed9i<\/span><\/p>\n<div class=\"default-list\">\n<ul class=\"hooks\">\n<li><span>Kh\u00f4ng c\u00f3 t\u00e1c \u0111\u1ed9ng ti\u00eau c\u1ef1c \u0111\u1ebfn \u00e1p su\u1ea5t cu\u1ed1i c\u00f9ng trong su\u1ed1t th\u1eddi gian s\u1eed d\u1ee5ng c\u1ee7a b\u1ed9 l\u1ecdc<\/span><\/li>\n<li><span>S\u1ee9c c\u1ea3n d\u00f2ng ch\u1ea3y t\u1ed1i thi\u1ec3u l\u00e0m gi\u1ea3m t\u1ea3i cho m\u00e1y b\u01a1m ch\u00e2n kh\u00f4ng<\/span><\/li>\n<li><span>Hi\u1ec7u su\u1ea5t l\u1ecdc \u1ed5n \u0111\u1ecbnh, b\u1ea5t k\u1ec3 \u1ee9ng d\u1ee5ng n\u00e0o<\/span><\/li>\n<\/ul>\n<p>B\u1ed9 l\u1ecdc kh\u00ed th\u1ea3i l\u00e0 m\u1ed9t b\u1ed9 ph\u1eadn thi\u1ebft y\u1ebfu c\u1ee7a m\u00e1y b\u01a1m ch\u00e2n kh\u00f4ng b\u00f4i tr\u01a1n b\u1eb1ng d\u1ea7u. N\u1ebfu kh\u00f4ng c\u00f3 b\u1ed9 l\u1ecdc n\u00e0y, c\u00e1c m\u00e1y b\u01a1m ch\u00e2n kh\u00f4ng n\u00e0y s\u1ebd t\u1ea1o ra s\u01b0\u01a1ng d\u1ea7u m\u1ecbn trong qu\u00e1 tr\u00ecnh v\u1eadn h\u00e0nh. B\u1ed9 l\u1ecdc kh\u00ed th\u1ea3i ch\u00ednh h\u00e3ng c\u1ee7a Busch s\u1ebd thu \u0111\u01b0\u1ee3c 99% c\u00e1c h\u1ea1t d\u1ea7u n\u00e0y. \u0110i\u1ec1u n\u00e0y \u0111\u1ea3m b\u1ea3o r\u1eb1ng ch\u1ec9 c\u00f3 kh\u00f4ng kh\u00ed s\u1ea1ch m\u1edbi \u0111\u01b0\u1ee3c \u0111\u1ea9y ra ngo\u00e0i kh\u00ed quy\u1ec3n v\u00e0 t\u1ea5t c\u1ea3 d\u1ea7u thu \u0111\u01b0\u1ee3c c\u00f3 th\u1ec3 \u0111\u01b0\u1ee3c \u0111\u01b0a tr\u1edf l\u1ea1i h\u1ec7 th\u1ed1ng.<\/p>\n<\/div>\n<\/div>\n<\/div>\n<hr data-start=\"1146\" data-end=\"1149\" \/>\n<h3 data-start=\"1151\" data-end=\"1186\"><span class=\"ez-toc-section\" id=\"Cac_ma_tuong_duong_pho_bien\"><\/span><strong data-start=\"1155\" data-end=\"1186\">C\u00e1c m\u00e3 t\u01b0\u01a1ng \u0111\u01b0\u01a1ng ph\u1ed5 bi\u1ebfn<\/strong><span class=\"ez-toc-section-end\"><\/span><\/h3>\n<p data-start=\"1188\" data-end=\"1268\">Ngo\u00e0i m\u00e3 0532140160, b\u1ea1n c\u00f3 th\u1ec3 th\u1ea5y s\u1ea3n ph\u1ea9m n\u00e0y c\u00f2n xu\u1ea5t hi\u1ec7n d\u01b0\u1edbi c\u00e1c m\u00e3 sau:<\/p>\n<ul data-start=\"1270\" data-end=\"1353\">\n<li data-start=\"1270\" data-end=\"1300\">\n<p data-start=\"1272\" data-end=\"1300\"><strong data-start=\"1272\" data-end=\"1300\">0532 140 160 \/ 532140160<\/strong><\/p>\n<\/li>\n<li data-start=\"1301\" data-end=\"1353\">\n<p data-start=\"1303\" data-end=\"1353\"><strong data-start=\"1303\" data-end=\"1353\">0532000507 \/ 0532 000 507 \/ 532000507 \/ 532507<\/strong><\/p>\n<\/li>\n<\/ul>\n<hr data-start=\"1355\" data-end=\"1358\" \/>\n<h3 data-start=\"1360\" data-end=\"1390\"><span class=\"ez-toc-section\" id=\"Tu_khoa_SEO_lien_quan\"><\/span><strong data-start=\"1364\" data-end=\"1390\">T\u1eeb kh\u00f3a SEO li\u00ean quan:<\/strong><span class=\"ez-toc-section-end\"><\/span><\/h3>\n<ul data-start=\"1392\" data-end=\"1575\">\n<li data-start=\"1392\" data-end=\"1425\">\n<p data-start=\"1394\" data-end=\"1425\">L\u1ecdc t\u00e1ch d\u1ea7u Busch 0532140160<\/p>\n<\/li>\n<li data-start=\"1426\" data-end=\"1454\">\n<p data-start=\"1428\" data-end=\"1454\">L\u1ecdc t\u00e1ch nh\u1edbt 0532140160<\/p>\n<\/li>\n<li data-start=\"1455\" data-end=\"1475\">\n<p data-start=\"1457\" data-end=\"1475\">Busch 0532140160<\/p>\n<\/li>\n<li data-start=\"1476\" data-end=\"1494\">\n<p data-start=\"1478\" data-end=\"1494\">L\u1ecdc 0532140160<\/p>\n<\/li>\n<li data-start=\"1495\" data-end=\"1518\">\n<p data-start=\"1497\" data-end=\"1518\">Phin l\u1ecdc 0532140160<\/p>\n<\/li>\n<li data-start=\"1519\" data-end=\"1548\">\n<p data-start=\"1521\" data-end=\"1548\">L\u1ecdc ch\u00e2n kh\u00f4ng 0532140160<\/p>\n<\/li>\n<li data-start=\"1549\" data-end=\"1575\">\n<p data-start=\"1551\" data-end=\"1575\">L\u1ecdc b\u01a1m h\u00fat ch\u00e2n kh\u00f4ng<\/p>\n<\/li>\n<\/ul>\n<hr data-start=\"1577\" data-end=\"1580\" \/>\n<h3 data-start=\"1582\" data-end=\"1603\"><span class=\"ez-toc-section\" id=\"Tag_san_pham\"><\/span><strong data-start=\"1586\" data-end=\"1603\">Tag s\u1ea3n ph\u1ea9m:<\/strong><span class=\"ez-toc-section-end\"><\/span><\/h3>\n<ul data-start=\"1605\" data-end=\"1677\">\n<li data-start=\"1605\" data-end=\"1641\">\n<p data-start=\"1607\" data-end=\"1641\"><strong data-start=\"1607\" data-end=\"1639\">L\u1ecdc b\u01a1m h\u00fat ch\u00e2n kh\u00f4ng Busch<\/strong><\/p>\n<\/li>\n<li data-start=\"1642\" data-end=\"1660\">\n<p data-start=\"1644\" data-end=\"1660\"><strong data-start=\"1644\" data-end=\"1658\">0532140160<\/strong><\/p>\n<\/li>\n<li data-start=\"1661\" data-end=\"1677\">\n<p data-start=\"1663\" data-end=\"1677\"><strong data-start=\"1663\" data-end=\"1677\">V532140160<\/strong><\/p>\n<\/li>\n<\/ul>\n<hr data-start=\"1679\" data-end=\"1682\" \/>\n<h3 data-start=\"1684\" data-end=\"1726\"><span class=\"ez-toc-section\" id=\"Lien_he_dat_hang_tu_van_ky_thuat\"><\/span><strong data-start=\"1688\" data-end=\"1726\">Li\u00ean h\u1ec7 \u0111\u1eb7t h\u00e0ng \/ t\u01b0 v\u1ea5n k\u1ef9 thu\u1eadt<\/strong><span class=\"ez-toc-section-end\"><\/span><\/h3>\n<p data-start=\"1728\" data-end=\"1856\"><strong data-start=\"1728\" data-end=\"1773\">C\u00d4NG TY TNHH K\u1ef8 THU\u1eacT V\u00c0 D\u1ecaCH V\u1ee4 MINH PH\u00da<\/strong><br data-start=\"1773\" data-end=\"1776\" \/>\ud83d\udce7 <strong data-start=\"1779\" data-end=\"1789\">Email:<\/strong> <a class=\"cursor-pointer\" rel=\"noopener\" data-start=\"1790\" data-end=\"1808\">Sales@minhphuco.vn<\/a><br data-start=\"1808\" data-end=\"1811\" \/>\ud83d\udcf1 <strong data-start=\"1814\" data-end=\"1830\">Zalo t\u01b0 v\u1ea5n:<\/strong> 0985490343 \u2013 0985843778<\/p>\n<p data-start=\"1858\" data-end=\"1947\">Ch\u00fang t\u00f4i cam k\u1ebft cung c\u1ea5p <a href=\"https:\/\/www.buschvacuum.com\/global\/en\/products\/spare-parts-and-accessories\/spare-parts\/exhaust-filters\/\" target=\"_blank\" rel=\"noopener\"><strong data-start=\"1885\" data-end=\"1910\">h\u00e0ng ch\u00ednh h\u00e3ng Busch<\/strong><\/a>, gi\u00e1 t\u1ed1t, giao h\u00e0ng nhanh to\u00e0n qu\u1ed1c.<\/p>\n<p data-start=\"1858\" data-end=\"1947\">Tham kh\u1ea3o th\u00eam l\u1ecdc d\u1ea7u busch t\u1ea1i <a href=\"https:\/\/mpvane.com\/product-category\/loc-chan-khong\/loc-busch\/page\/3\/\">www.mpvane.com<\/a><\/p>\n","protected":false},"excerpt":{"rendered":"<p>L\u1ecdc t\u00e1ch d\u1ea7u 0532140160, V532140160, L\u1ecdc Busch 0532140160<\/p>\n<p>K\u00edch th\u01b0\u1edbc : \u0110\u01b0\u1eddng k\u00ednh ngo\u00e0i: \u00d872 mm<br \/>\n\u0110\u01b0\u1eddng k\u00ednh trong: \u00d8 35 mm<br \/>\nChi\u1ec1u cao: 507 mm<\/p>\n[caption id=\"attachment_8256\" align=\"alignnone\" width=\"1014\"]<img decoding=\"async\" class=\"l\u1ecdc cho b\u01a1m h\u00fat ch\u00e2n kh\u00f4ng Busch, m\u00e3 s\u1ed1 0532140160 wp-image-8256 size-full\" title=\"l\u1ecdc cho b\u01a1m h\u00fat ch\u00e2n kh\u00f4ng Busch, m\u00e3 s\u1ed1 0532140160\" src=\"https:\/\/mpvane.com\/wp-content\/uploads\/2025\/06\/loc-cho-bom-busch-0532140160.jpg\" alt=\"l\u1ecdc cho b\u01a1m h\u00fat ch\u00e2n kh\u00f4ng Busch, m\u00e3 s\u1ed1 0532140160\" width=\"1014\" height=\"440\" srcset=\"https:\/\/mpvane.com\/wp-content\/uploads\/2025\/06\/loc-cho-bom-busch-0532140160.jpg 1014w, https:\/\/mpvane.com\/wp-content\/uploads\/2025\/06\/loc-cho-bom-busch-0532140160-300x130.jpg 300w, https:\/\/mpvane.com\/wp-content\/uploads\/2025\/06\/loc-cho-bom-busch-0532140160-768x333.jpg 768w, https:\/\/mpvane.com\/wp-content\/uploads\/2025\/06\/loc-cho-bom-busch-0532140160-150x65.jpg 150w\" sizes=\"(max-width: 1014px) 100vw, 1014px\" \/> l\u1ecdc cho b\u01a1m h\u00fat ch\u00e2n kh\u00f4ng Busch, m\u00e3 s\u1ed1 0532140160[\/caption]\n","protected":false},"featured_media":8243,"comment_status":"open","ping_status":"closed","template":"","meta":{"_acf_changed":false},"product_brand":[],"product_cat":[702,2352],"product_tag":[2469],"class_list":{"0":"post-8229","1":"product","2":"type-product","3":"status-publish","4":"has-post-thumbnail","6":"product_cat-loc-chan-khong","7":"product_cat-loc-busch","8":"product_tag-2469","10":"first","11":"instock","12":"shipping-taxable","13":"product-type-simple"},"acf":[],"_links":{"self":[{"href":"https:\/\/mpvane.com\/en\/wp-json\/wp\/v2\/product\/8229","targetHints":{"allow":["GET"]}}],"collection":[{"href":"https:\/\/mpvane.com\/en\/wp-json\/wp\/v2\/product"}],"about":[{"href":"https:\/\/mpvane.com\/en\/wp-json\/wp\/v2\/types\/product"}],"replies":[{"embeddable":true,"href":"https:\/\/mpvane.com\/en\/wp-json\/wp\/v2\/comments?post=8229"}],"version-history":[{"count":10,"href":"https:\/\/mpvane.com\/en\/wp-json\/wp\/v2\/product\/8229\/revisions"}],"predecessor-version":[{"id":8620,"href":"https:\/\/mpvane.com\/en\/wp-json\/wp\/v2\/product\/8229\/revisions\/8620"}],"wp:featuredmedia":[{"embeddable":true,"href":"https:\/\/mpvane.com\/en\/wp-json\/wp\/v2\/media\/8243"}],"wp:attachment":[{"href":"https:\/\/mpvane.com\/en\/wp-json\/wp\/v2\/media?parent=8229"}],"wp:term":[{"taxonomy":"product_brand","embeddable":true,"href":"https:\/\/mpvane.com\/en\/wp-json\/wp\/v2\/product_brand?post=8229"},{"taxonomy":"product_cat","embeddable":true,"href":"https:\/\/mpvane.com\/en\/wp-json\/wp\/v2\/product_cat?post=8229"},{"taxonomy":"product_tag","embeddable":true,"href":"https:\/\/mpvane.com\/en\/wp-json\/wp\/v2\/product_tag?post=8229"}],"curies":[{"name":"wp","href":"https:\/\/api.w.org\/{rel}","templated":true}]}}