{"id":8226,"date":"2025-06-18T09:14:40","date_gmt":"2025-06-18T02:14:40","guid":{"rendered":"https:\/\/mpvane.com\/?post_type=product&#038;p=8226"},"modified":"2025-06-27T14:39:01","modified_gmt":"2025-06-27T07:39:01","slug":"loc-dau-busch-0531000001-loc-0531000001","status":"publish","type":"product","link":"https:\/\/mpvane.com\/en\/san-pham\/loc-dau-busch-0531000001-loc-0531000001\/","title":{"rendered":"L\u1ecdc d\u1ea7u Busch 0531000001"},"content":{"rendered":"<div id=\"ez-toc-container\" class=\"ez-toc-v2_0_75 counter-hierarchy ez-toc-counter ez-toc-grey ez-toc-container-direction\">\n<div class=\"ez-toc-title-container\">\n<p class=\"ez-toc-title\" style=\"cursor:inherit\">Table of Contents<\/p>\n<span class=\"ez-toc-title-toggle\"><a href=\"#\" class=\"ez-toc-pull-right ez-toc-btn ez-toc-btn-xs ez-toc-btn-default ez-toc-toggle\" aria-label=\"Toggle Table of Content\"><span class=\"ez-toc-js-icon-con\"><span class=\"\"><span class=\"eztoc-hide\" style=\"display:none;\">Toggle<\/span><span class=\"ez-toc-icon-toggle-span\"><svg style=\"fill: #999;color:#999\" xmlns=\"http:\/\/www.w3.org\/2000\/svg\" class=\"list-377408\" width=\"20px\" height=\"20px\" viewBox=\"0 0 24 24\" fill=\"none\"><path d=\"M6 6H4v2h2V6zm14 0H8v2h12V6zM4 11h2v2H4v-2zm16 0H8v2h12v-2zM4 16h2v2H4v-2zm16 0H8v2h12v-2z\" fill=\"currentColor\"><\/path><\/svg><svg style=\"fill: #999;color:#999\" class=\"arrow-unsorted-368013\" xmlns=\"http:\/\/www.w3.org\/2000\/svg\" width=\"10px\" height=\"10px\" viewBox=\"0 0 24 24\" version=\"1.2\" baseProfile=\"tiny\"><path d=\"M18.2 9.3l-6.2-6.3-6.2 6.3c-.2.2-.3.4-.3.7s.1.5.3.7c.2.2.4.3.7.3h11c.3 0 .5-.1.7-.3.2-.2.3-.5.3-.7s-.1-.5-.3-.7zM5.8 14.7l6.2 6.3 6.2-6.3c.2-.2.3-.5.3-.7s-.1-.5-.3-.7c-.2-.2-.4-.3-.7-.3h-11c-.3 0-.5.1-.7.3-.2.2-.3.5-.3.7s.1.5.3.7z\"\/><\/svg><\/span><\/span><\/span><\/a><\/span><\/div>\n<nav><ul class='ez-toc-list ez-toc-list-level-1 ' ><li class='ez-toc-page-1 ez-toc-heading-level-1'><a class=\"ez-toc-link ez-toc-heading-1\" href=\"https:\/\/mpvane.com\/en\/san-pham\/loc-dau-busch-0531000001-loc-0531000001\/#Loc_Dau_Busch_0531000001_%E2%80%93_Chinh_Hang_Gia_Tot\" >L\u1ecdc D\u1ea7u Busch 0531000001 &#8211; Ch\u00ednh H\u00e3ng, Gi\u00e1 T\u1ed1t<\/a><ul class='ez-toc-list-level-2' ><li class='ez-toc-heading-level-2'><a class=\"ez-toc-link ez-toc-heading-2\" href=\"https:\/\/mpvane.com\/en\/san-pham\/loc-dau-busch-0531000001-loc-0531000001\/#Thong_Tin_San_Pham_Loc_Dau_Busch_0531000001\" >Th\u00f4ng Tin S\u1ea3n Ph\u1ea9m: L\u1ecdc D\u1ea7u Busch 0531000001<\/a><ul class='ez-toc-list-level-3' ><li class='ez-toc-heading-level-3'><a class=\"ez-toc-link ez-toc-heading-3\" href=\"https:\/\/mpvane.com\/en\/san-pham\/loc-dau-busch-0531000001-loc-0531000001\/#%F0%9F%94%A7_Thong_so_ky_thuat_loc_0531000001\" >\ud83d\udd27 Th\u00f4ng s\u1ed1 k\u1ef9 thu\u1eadt l\u1ecdc 0531000001<\/a><\/li><\/ul><\/li><li class='ez-toc-page-1 ez-toc-heading-level-2'><a class=\"ez-toc-link ez-toc-heading-4\" href=\"https:\/\/mpvane.com\/en\/san-pham\/loc-dau-busch-0531000001-loc-0531000001\/#Loc_Dau_Busch_0531000001_Dung_Cho_Cac_Dong_Bom\" >L\u1ecdc D\u1ea7u Busch 0531000001 D\u00f9ng Cho C\u00e1c D\u00f2ng B\u01a1m<\/a><\/li><li class='ez-toc-page-1 ez-toc-heading-level-2'><a class=\"ez-toc-link ez-toc-heading-5\" href=\"https:\/\/mpvane.com\/en\/san-pham\/loc-dau-busch-0531000001-loc-0531000001\/#Vai_Tro_Cua_Loc_Dau_0531000001_Doi_Voi_Bom_Chan_Khong\" >Vai Tr\u00f2 C\u1ee7a L\u1ecdc D\u1ea7u 0531000001 \u0110\u1ed1i V\u1edbi B\u01a1m Ch\u00e2n Kh\u00f4ng<\/a><\/li><li class='ez-toc-page-1 ez-toc-heading-level-2'><a class=\"ez-toc-link ez-toc-heading-6\" href=\"https:\/\/mpvane.com\/en\/san-pham\/loc-dau-busch-0531000001-loc-0531000001\/#Tai_Sao_Nen_Chon_Loc_Dau_Busch_0531000001_Tai_Minh_Phu\" >T\u1ea1i Sao N\u00ean Ch\u1ecdn L\u1ecdc D\u1ea7u Busch 0531000001 T\u1ea1i Minh Ph\u00fa?<\/a><\/li><li class='ez-toc-page-1 ez-toc-heading-level-2'><a class=\"ez-toc-link ez-toc-heading-7\" href=\"https:\/\/mpvane.com\/en\/san-pham\/loc-dau-busch-0531000001-loc-0531000001\/#Tai_Sao_Nen_Chon_Loc_Dau_Busch_0531000001_Chinh_Hang\" >T\u1ea1i Sao N\u00ean Ch\u1ecdn L\u1ecdc D\u1ea7u Busch 0531000001 Ch\u00ednh H\u00e3ng?<\/a><\/li><li class='ez-toc-page-1 ez-toc-heading-level-2'><a class=\"ez-toc-link ez-toc-heading-8\" href=\"https:\/\/mpvane.com\/en\/san-pham\/loc-dau-busch-0531000001-loc-0531000001\/#Lien_He_Dat_Hang_Tu_Van\" >Li\u00ean H\u1ec7 \u0110\u1eb7t H\u00e0ng &amp; T\u01b0 V\u1ea5n<\/a><ul class='ez-toc-list-level-3' ><li class='ez-toc-heading-level-3'><a class=\"ez-toc-link ez-toc-heading-9\" href=\"https:\/\/mpvane.com\/en\/san-pham\/loc-dau-busch-0531000001-loc-0531000001\/#Tu_Khoa_Lien_Quan\" >T\u1eeb Kh\u00f3a Li\u00ean Quan:<\/a><\/li><li class='ez-toc-page-1 ez-toc-heading-level-3'><a class=\"ez-toc-link ez-toc-heading-10\" href=\"https:\/\/mpvane.com\/en\/san-pham\/loc-dau-busch-0531000001-loc-0531000001\/#Ket_Luan\" >K\u1ebft Lu\u1eadn<\/a><\/li><\/ul><\/li><\/ul><\/li><\/ul><\/nav><\/div>\n<h1><span class=\"ez-toc-section\" id=\"Loc_Dau_Busch_0531000001_%E2%80%93_Chinh_Hang_Gia_Tot\"><\/span><strong>L\u1ecdc D\u1ea7u Busch 0531000001 &#8211; Ch\u00ednh H\u00e3ng, Gi\u00e1 T\u1ed1t<\/strong><span class=\"ez-toc-section-end\"><\/span><\/h1>\n<h2><span class=\"ez-toc-section\" id=\"Thong_Tin_San_Pham_Loc_Dau_Busch_0531000001\"><\/span><strong>Th\u00f4ng Tin S\u1ea3n Ph\u1ea9m: L\u1ecdc D\u1ea7u Busch 0531000001<\/strong><span class=\"ez-toc-section-end\"><\/span><\/h2>\n<p class=\"ds-markdown-paragraph\"><strong>M\u00e3 s\u1ea3n ph\u1ea9m:<\/strong>\u00a00531000001 (ho\u1eb7c 0531 000 001)<br \/>\n<strong>H\u00e3ng s\u1ea3n xu\u1ea5t:<\/strong>\u00a0Busch (\u0110\u1ee9c)<br \/>\n<strong>\u1ee8ng d\u1ee5ng:<\/strong>\u00a0L\u1ecdc d\u1ea7u cho b\u01a1m h\u00fat ch\u00e2n kh\u00f4ng Busch<br \/>\n<strong>Vai tr\u00f2:<\/strong>\u00a0Gi\u1eef s\u1ea1ch d\u1ea7u b\u00f4i tr\u01a1n, t\u0103ng tu\u1ed5i th\u1ecd m\u00e1y b\u01a1m<\/p>\n<h3 data-start=\"502\" data-end=\"545\"><span class=\"ez-toc-section\" id=\"%F0%9F%94%A7_Thong_so_ky_thuat_loc_0531000001\"><\/span>\ud83d\udd27 <strong data-start=\"509\" data-end=\"545\">Th\u00f4ng s\u1ed1 k\u1ef9 thu\u1eadt l\u1ecdc 0531000001<\/strong><span class=\"ez-toc-section-end\"><\/span><\/h3>\n<ul data-start=\"547\" data-end=\"737\">\n<li data-start=\"547\" data-end=\"593\">\n<p data-start=\"549\" data-end=\"593\"><strong data-start=\"549\" data-end=\"565\">M\u00e3 s\u1ea3n ph\u1ea9m:<\/strong> 0531000001 \/ 0531 000 001<\/p>\n<\/li>\n<li data-start=\"594\" data-end=\"635\">\n<p data-start=\"596\" data-end=\"635\"><strong data-start=\"596\" data-end=\"605\">Lo\u1ea1i:<\/strong> Phin l\u1ecdc d\u1ea7u b\u01a1m ch\u00e2n kh\u00f4ng<\/p>\n<\/li>\n<li data-start=\"636\" data-end=\"668\">\n<p data-start=\"638\" data-end=\"668\"><strong data-start=\"638\" data-end=\"659\">\u0110\u01b0\u1eddng k\u00ednh ngo\u00e0i:<\/strong> \u00d893 mm<\/p>\n<\/li>\n<li data-start=\"669\" data-end=\"693\">\n<p data-start=\"671\" data-end=\"693\"><strong data-start=\"671\" data-end=\"685\">Chi\u1ec1u cao:<\/strong> 142 mm<\/p>\n<\/li>\n<li data-start=\"694\" data-end=\"737\">\n<p data-start=\"696\" data-end=\"737\"><strong data-start=\"696\" data-end=\"712\">Ren k\u1ebft n\u1ed1i:<\/strong> 3\/4&#8243; &#8211; 16 UNF (Female)<\/p>\n<\/li>\n<\/ul>\n<h2><span class=\"ez-toc-section\" id=\"Loc_Dau_Busch_0531000001_Dung_Cho_Cac_Dong_Bom\"><\/span><strong>L\u1ecdc D\u1ea7u Busch 0531000001 D\u00f9ng Cho C\u00e1c D\u00f2ng B\u01a1m<\/strong><span class=\"ez-toc-section-end\"><\/span><\/h2>\n<ul>\n<li>\n<p class=\"ds-markdown-paragraph\"><strong>Busch R5 RA 0160, R5 RA 0160-116, R5 RA 0160-132<\/strong><\/p>\n<\/li>\n<li>\n<p class=\"ds-markdown-paragraph\"><strong>Busch R5 RA 0160 C, R5 RA 0165 D<\/strong><\/p>\n<\/li>\n<li>\n<p class=\"ds-markdown-paragraph\"><strong>Busch R5 RA 0250, R5 RA 0250-116, R5 RA 0250 B\/C\/D<\/strong><\/p>\n<\/li>\n<li>\n<p class=\"ds-markdown-paragraph\"><strong>Busch R5 RA 0302 D, R5 RA 0305 D<\/strong><\/p>\n<\/li>\n<li>\n<p class=\"ds-markdown-paragraph\"><strong>Busch R5 RC 0160, R5 RC 0160-116, R5 RC 0160-132<\/strong><\/p>\n<\/li>\n<li>\n<p class=\"ds-markdown-paragraph\"><strong>Busch R5 RC 0160 C, R5 RC 0165 D<\/strong><\/p>\n<\/li>\n<li>\n<p class=\"ds-markdown-paragraph\"><strong>Busch R5 RC 0250, R5 RC 0250-116, R5 RC 0250 B\/C\/D<\/strong><\/p>\n<\/li>\n<li>\n<p class=\"ds-markdown-paragraph\"><strong>Busch R5 RC 0302 D, R5 RC 0305 D<\/strong><\/p>\n<\/li>\n<\/ul>\n<h2><span class=\"ez-toc-section\" id=\"Vai_Tro_Cua_Loc_Dau_0531000001_Doi_Voi_Bom_Chan_Khong\"><\/span><strong>Vai Tr\u00f2 C\u1ee7a L\u1ecdc D\u1ea7u 0531000001 \u0110\u1ed1i V\u1edbi B\u01a1m Ch\u00e2n Kh\u00f4ng<\/strong><span class=\"ez-toc-section-end\"><\/span><\/h2>\n<p class=\"ds-markdown-paragraph\">B\u1ed9 l\u1ecdc d\u1ea7u\u00a0<strong>Busch 0531000001<\/strong>\u00a0\u0111\u00f3ng vai tr\u00f2 quan tr\u1ecdng trong vi\u1ec7c:<br \/>\n\u2705\u00a0<strong>Lo\u1ea1i b\u1ecf t\u1ea1p ch\u1ea5t<\/strong>: Gi\u1eef l\u1ea1i b\u1ee5i b\u1ea9n, c\u1eb7n kim lo\u1ea1i, m\u1ea3nh v\u1ee5n trong d\u1ea7u b\u00f4i tr\u01a1n.<br \/>\n\u2705\u00a0<strong>B\u1ea3o v\u1ec7 b\u01a1m ch\u00e2n kh\u00f4ng<\/strong>: Gi\u00fap d\u1ea7u lu\u00f4n s\u1ea1ch, \u0111\u1ea3m b\u1ea3o kh\u1ea3 n\u0103ng b\u00f4i tr\u01a1n v\u00e0 l\u00e0m k\u00edn.<br \/>\n\u2705\u00a0<strong>T\u0103ng tu\u1ed5i th\u1ecd m\u00e1y<\/strong>: Gi\u1ea3m m\u00e0i m\u00f2n, h\u01b0 h\u1ecfng cho c\u00e1c chi ti\u1ebft b\u00ean trong b\u01a1m.<br \/>\n\u2705\u00a0<strong>\u0110\u1ea3m b\u1ea3o ch\u1ea5t l\u01b0\u1ee3ng quy tr\u00ecnh s\u1ea3n xu\u1ea5t<\/strong>: Duy tr\u00ec hi\u1ec7u su\u1ea5t \u1ed5n \u0111\u1ecbnh c\u1ee7a h\u1ec7 th\u1ed1ng ch\u00e2n kh\u00f4ng.<\/p>\n<h2><span class=\"ez-toc-section\" id=\"Tai_Sao_Nen_Chon_Loc_Dau_Busch_0531000001_Tai_Minh_Phu\"><\/span><strong>T\u1ea1i Sao N\u00ean Ch\u1ecdn L\u1ecdc D\u1ea7u Busch 0531000001 T\u1ea1i Minh Ph\u00fa?<\/strong><span class=\"ez-toc-section-end\"><\/span><\/h2>\n<p class=\"ds-markdown-paragraph\">\ud83d\udd39\u00a0<strong>H\u00e0ng ch\u00ednh h\u00e3ng Busch<\/strong>, \u0111\u1ea3m b\u1ea3o ch\u1ea5t l\u01b0\u1ee3ng.<br \/>\n\ud83d\udd39\u00a0<strong>Gi\u00e1 c\u1ea1nh tranh<\/strong>, h\u1ed7 tr\u1ee3 giao h\u00e0ng to\u00e0n qu\u1ed1c.<br \/>\n\ud83d\udd39\u00a0<strong>T\u01b0 v\u1ea5n k\u1ef9 thu\u1eadt mi\u1ec5n ph\u00ed<\/strong>\u00a0b\u1edfi \u0111\u1ed9i ng\u0169 chuy\u00ean nghi\u1ec7p.<br \/>\n\ud83d\udd39\u00a0<strong>H\u1ed7 tr\u1ee3 \u0111\u1ed5i tr\u1ea3<\/strong>\u00a0n\u1ebfu s\u1ea3n ph\u1ea9m kh\u00f4ng \u0111\u00fang y\u00eau c\u1ea7u.<\/p>\n<div id=\"attachment_8508\" style=\"width: 860px\" class=\"wp-caption alignnone\"><img fetchpriority=\"high\" decoding=\"async\" aria-describedby=\"caption-attachment-8508\" class=\"L\u1ecdc d\u1ea7u 0531000001 t\u1ea1i kho wp-image-8508 size-full\" title=\"L\u1ecdc d\u1ea7u 0531000001 t\u1ea1i kho\" src=\"https:\/\/mpvane.com\/wp-content\/uploads\/2025\/06\/loc-dau-busch-0531000001-chinh-hang.jpg\" alt=\"L\u1ecdc d\u1ea7u 0531000001 t\u1ea1i kho\" width=\"850\" height=\"569\" srcset=\"https:\/\/mpvane.com\/wp-content\/uploads\/2025\/06\/loc-dau-busch-0531000001-chinh-hang.jpg 850w, https:\/\/mpvane.com\/wp-content\/uploads\/2025\/06\/loc-dau-busch-0531000001-chinh-hang-300x201.jpg 300w, https:\/\/mpvane.com\/wp-content\/uploads\/2025\/06\/loc-dau-busch-0531000001-chinh-hang-768x514.jpg 768w, https:\/\/mpvane.com\/wp-content\/uploads\/2025\/06\/loc-dau-busch-0531000001-chinh-hang-150x100.jpg 150w\" sizes=\"(max-width: 850px) 100vw, 850px\" \/><p id=\"caption-attachment-8508\" class=\"wp-caption-text\">L\u1ecdc d\u1ea7u 0531000001 t\u1ea1i kho<\/p><\/div>\n<h2><span class=\"ez-toc-section\" id=\"Tai_Sao_Nen_Chon_Loc_Dau_Busch_0531000001_Chinh_Hang\"><\/span><strong>T\u1ea1i Sao N\u00ean Ch\u1ecdn L\u1ecdc D\u1ea7u Busch 0531000001 Ch\u00ednh H\u00e3ng?<\/strong><span class=\"ez-toc-section-end\"><\/span><\/h2>\n<p class=\"ds-markdown-paragraph\">\ud83d\udd39\u00a0<strong>\u0110\u1ed9 ch\u00ednh x\u00e1c cao<\/strong>\u00a0\u2013 L\u1ecdc s\u1ea1ch c\u1eb7n b\u1ea9n, b\u1ea3o v\u1ec7 \u0111\u1ed9ng c\u01a1 b\u01a1m<br \/>\n\ud83d\udd39\u00a0<strong>Ch\u1ea5t li\u1ec7u b\u1ec1n b\u1ec9<\/strong>\u00a0\u2013 Ch\u1ecbu nhi\u1ec7t v\u00e0 \u00e1p su\u1ea5t t\u1ed1t<br \/>\n\ud83d\udd39\u00a0<strong>T\u01b0\u01a1ng th\u00edch ho\u00e0n h\u1ea3o<\/strong>\u00a0\u2013 Thi\u1ebft k\u1ebf chu\u1ea9n cho b\u01a1m Busch R5<br \/>\n\ud83d\udd39\u00a0<strong>Ti\u1ebft ki\u1ec7m chi ph\u00ed<\/strong>\u00a0\u2013 Gi\u1ea3m h\u1ecfng h\u00f3c, h\u1ea1n ch\u1ebf s\u1eeda ch\u1eefa<\/p>\n<p>B\u1ed9 l\u1ecdc d\u1ea7u b\u01a1m ch\u00e2n kh\u00f4ng \u0111\u01b0\u1ee3c s\u1eed d\u1ee5ng \u0111\u1ec3 lo\u1ea1i b\u1ecf c\u00e1c h\u1ea1t kh\u00f4ng mong mu\u1ed1n, ch\u1eb3ng h\u1ea1n nh\u01b0 m\u1ea3nh v\u1ee5n v\u00e0 b\u1ee5i, kh\u1ecfi d\u1ea7u b\u00f4i tr\u01a1n bu\u1ed3ng n\u00e9n c\u1ee7a b\u01a1m ch\u00e2n kh\u00f4ng. \u0110i\u1ec1u n\u00e0y \u0111\u1ea3m b\u1ea3o r\u1eb1ng d\u1ea7u v\u1eabn s\u1ea1ch v\u00e0 gi\u1eef \u0111\u01b0\u1ee3c \u0111\u1eb7c t\u00ednh b\u00f4i tr\u01a1n v\u00e0 b\u1ecbt k\u00edn tuy\u1ec7t v\u1eddi.<\/p>\n<p>B\u1ed9 l\u1ecdc \u0111\u01b0\u1ee3c l\u00e0m b\u1eb1ng cellulose cho c\u00e1c \u1ee9ng d\u1ee5ng ti\u00eau chu\u1ea9n v\u00e0 ATEX, trong khi \u0111\u1ed1i v\u1edbi c\u00e1c \u1ee9ng d\u1ee5ng c\u00f3 h\u00e0m l\u01b0\u1ee3ng oxy m\u1edf r\u1ed9ng, n\u00f3 \u0111\u01b0\u1ee3c l\u00e0m b\u1eb1ng s\u1ee3i th\u1ee7y tinh.<\/p>\n<h2><span class=\"ez-toc-section\" id=\"Lien_He_Dat_Hang_Tu_Van\"><\/span><strong>Li\u00ean H\u1ec7 \u0110\u1eb7t H\u00e0ng &amp; T\u01b0 V\u1ea5n<\/strong><span class=\"ez-toc-section-end\"><\/span><\/h2>\n<p class=\"ds-markdown-paragraph\">\ud83d\udce7\u00a0<strong>Email:<\/strong>\u00a0<a href=\"https:\/\/mailto:Sales@minhphuco.vn\/\" target=\"_blank\" rel=\"noopener noreferrer\">Sales@minhphuco.vn<\/a><br \/>\n\ud83d\udcde\u00a0<strong>Hotline\/Zalo:<\/strong>\u00a00985 490 343 \/ 0985 843 778<br \/>\n\ud83c\udfe2\u00a0<strong>C\u00d4NG TY TNHH K\u1ef8 THU\u1eacT V\u00c0 D\u1ecaCH V\u1ee4 MINH PH\u00da<\/strong><\/p>\n<h3><span class=\"ez-toc-section\" id=\"Tu_Khoa_Lien_Quan\"><\/span><strong>T\u1eeb Kh\u00f3a Li\u00ean Quan:<\/strong><span class=\"ez-toc-section-end\"><\/span><\/h3>\n<ul>\n<li>\n<p class=\"ds-markdown-paragraph\">L\u1ecdc nh\u1edbt Busch 0531000001<\/p>\n<\/li>\n<li>\n<p class=\"ds-markdown-paragraph\">L\u1ecdc d\u1ea7u 0531 000 001<\/p>\n<\/li>\n<li>\n<p class=\"ds-markdown-paragraph\">Phin l\u1ecdc 0531000001<\/p>\n<\/li>\n<li>\n<p class=\"ds-markdown-paragraph\">L\u1ecdc ch\u00e2n kh\u00f4ng 0531000001<\/p>\n<\/li>\n<li>\n<p class=\"ds-markdown-paragraph\">L\u1ecdc b\u01a1m h\u00fat ch\u00e2n kh\u00f4ng Busch<\/p>\n<\/li>\n<\/ul>\n<p class=\"ds-markdown-paragraph\"><strong>#Busch0531000001 #LocDauBusch #BomChanKhong #LocChanKhong #MinhPhu<\/strong><\/p>\n<p class=\"ds-markdown-paragraph\">\u0110\u1ea3m b\u1ea3o hi\u1ec7u su\u1ea5t t\u1ed1i \u01b0u cho b\u01a1m ch\u00e2n kh\u00f4ng c\u1ee7a b\u1ea1n v\u1edbi\u00a0<strong>L\u1ecdc D\u1ea7u Busch <a href=\"https:\/\/www.buschvacuum.com\/global\/en\/products\/parts-finder\/#searchQuery=query=*&amp;page=1&amp;facet.filter.parts_type_filter=PROD-global-en_product%253A6\" target=\"_blank\" rel=\"noopener\">0531000001<\/a><\/strong>\u00a0ch\u00ednh h\u00e3ng! \ud83d\ude80<\/p>\n<p>\ud83d\udca1 <em data-start=\"1873\" data-end=\"1983\">Khuy\u1ebfn ngh\u1ecb thay l\u1ecdc \u0111\u1ecbnh k\u1ef3 sau m\u1ed7i 500\u20131000 gi\u1edd v\u1eadn h\u00e0nh \u0111\u1ec3 b\u1ea3o v\u1ec7 b\u01a1m v\u00e0 t\u1ed1i \u01b0u hi\u1ec7u su\u1ea5t h\u00fat ch\u00e2n kh\u00f4ng.<\/em><\/p>\n<h3><span class=\"ez-toc-section\" id=\"Ket_Luan\"><\/span><strong>K\u1ebft Lu\u1eadn<\/strong><span class=\"ez-toc-section-end\"><\/span><\/h3>\n<p class=\"ds-markdown-paragraph\">L\u1ecdc d\u1ea7u\u00a0<a href=\"https:\/\/mpvane.com\/product-category\/loc-chan-khong\/loc-busch\/\"><strong>Busch 0531000001<\/strong><\/a>\u00a0l\u00e0 linh ki\u1ec7n kh\u00f4ng th\u1ec3 thi\u1ebfu \u0111\u1ec3 b\u1ea3o d\u01b0\u1ee1ng b\u01a1m ch\u00e2n kh\u00f4ng\u00a0<strong>Busch R5<\/strong>. S\u1eed d\u1ee5ng l\u1ecdc ch\u00ednh h\u00e3ng gi\u00fap t\u1ed1i \u01b0u hi\u1ec7u su\u1ea5t, gi\u1ea3m chi ph\u00ed b\u1ea3o tr\u00ec v\u00e0 n\u00e2ng cao tu\u1ed5i th\u1ecd m\u00e1y.<\/p>\n<p class=\"ds-markdown-paragraph\">\ud83d\udcde\u00a0<strong>Li\u00ean h\u1ec7 ngay \u0111\u1ec3 \u0111\u01b0\u1ee3c b\u00e1o gi\u00e1 t\u1ed1t nh\u1ea5t!<\/strong><\/p>\n","protected":false},"excerpt":{"rendered":"<ul data-start=\"547\" data-end=\"737\">\n<li data-start=\"636\" data-end=\"668\">\n<p data-start=\"638\" data-end=\"668\"><strong data-start=\"638\" data-end=\"659\">\u0110\u01b0\u1eddng k\u00ednh ngo\u00e0i:<\/strong> \u00d893 mm<\/p>\n<\/li>\n<li data-start=\"669\" data-end=\"693\">\n<p data-start=\"671\" data-end=\"693\"><strong data-start=\"671\" data-end=\"685\">Chi\u1ec1u cao:<\/strong> 142 mm<\/p>\n<\/li>\n<li data-start=\"694\" data-end=\"737\">\n<p data-start=\"696\" data-end=\"737\"><strong data-start=\"696\" data-end=\"712\">Ren k\u1ebft n\u1ed1i:<\/strong> 3\/4&#8243; &#8211; 16 UNF (Female)<\/p>\n<\/li>\n<\/ul>\n","protected":false},"featured_media":8506,"comment_status":"open","ping_status":"closed","template":"","meta":{"_acf_changed":false},"product_brand":[],"product_cat":[702,2352],"product_tag":[2451],"class_list":{"0":"post-8226","1":"product","2":"type-product","3":"status-publish","4":"has-post-thumbnail","6":"product_cat-loc-chan-khong","7":"product_cat-loc-busch","8":"product_tag-2451","10":"first","11":"instock","12":"shipping-taxable","13":"product-type-simple"},"acf":[],"_links":{"self":[{"href":"https:\/\/mpvane.com\/en\/wp-json\/wp\/v2\/product\/8226","targetHints":{"allow":["GET"]}}],"collection":[{"href":"https:\/\/mpvane.com\/en\/wp-json\/wp\/v2\/product"}],"about":[{"href":"https:\/\/mpvane.com\/en\/wp-json\/wp\/v2\/types\/product"}],"replies":[{"embeddable":true,"href":"https:\/\/mpvane.com\/en\/wp-json\/wp\/v2\/comments?post=8226"}],"version-history":[{"count":5,"href":"https:\/\/mpvane.com\/en\/wp-json\/wp\/v2\/product\/8226\/revisions"}],"predecessor-version":[{"id":8510,"href":"https:\/\/mpvane.com\/en\/wp-json\/wp\/v2\/product\/8226\/revisions\/8510"}],"wp:featuredmedia":[{"embeddable":true,"href":"https:\/\/mpvane.com\/en\/wp-json\/wp\/v2\/media\/8506"}],"wp:attachment":[{"href":"https:\/\/mpvane.com\/en\/wp-json\/wp\/v2\/media?parent=8226"}],"wp:term":[{"taxonomy":"product_brand","embeddable":true,"href":"https:\/\/mpvane.com\/en\/wp-json\/wp\/v2\/product_brand?post=8226"},{"taxonomy":"product_cat","embeddable":true,"href":"https:\/\/mpvane.com\/en\/wp-json\/wp\/v2\/product_cat?post=8226"},{"taxonomy":"product_tag","embeddable":true,"href":"https:\/\/mpvane.com\/en\/wp-json\/wp\/v2\/product_tag?post=8226"}],"curies":[{"name":"wp","href":"https:\/\/api.w.org\/{rel}","templated":true}]}}