{"id":8224,"date":"2025-06-17T22:10:02","date_gmt":"2025-06-17T15:10:02","guid":{"rendered":"https:\/\/mpvane.com\/?post_type=product&#038;p=8224"},"modified":"2025-06-20T23:50:18","modified_gmt":"2025-06-20T16:50:18","slug":"loc-tach-dau-0532140159","status":"publish","type":"product","link":"https:\/\/mpvane.com\/en\/san-pham\/loc-tach-dau-0532140159\/","title":{"rendered":"L\u1ecdc t\u00e1ch d\u1ea7u 0532140159"},"content":{"rendered":"<div id=\"ez-toc-container\" class=\"ez-toc-v2_0_75 counter-hierarchy ez-toc-counter ez-toc-grey ez-toc-container-direction\">\n<div class=\"ez-toc-title-container\">\n<p class=\"ez-toc-title\" style=\"cursor:inherit\">Table of Contents<\/p>\n<span class=\"ez-toc-title-toggle\"><a href=\"#\" class=\"ez-toc-pull-right ez-toc-btn ez-toc-btn-xs ez-toc-btn-default ez-toc-toggle\" aria-label=\"Toggle Table of Content\"><span class=\"ez-toc-js-icon-con\"><span class=\"\"><span class=\"eztoc-hide\" style=\"display:none;\">Toggle<\/span><span class=\"ez-toc-icon-toggle-span\"><svg style=\"fill: #999;color:#999\" xmlns=\"http:\/\/www.w3.org\/2000\/svg\" class=\"list-377408\" width=\"20px\" height=\"20px\" viewBox=\"0 0 24 24\" fill=\"none\"><path d=\"M6 6H4v2h2V6zm14 0H8v2h12V6zM4 11h2v2H4v-2zm16 0H8v2h12v-2zM4 16h2v2H4v-2zm16 0H8v2h12v-2z\" fill=\"currentColor\"><\/path><\/svg><svg style=\"fill: #999;color:#999\" class=\"arrow-unsorted-368013\" xmlns=\"http:\/\/www.w3.org\/2000\/svg\" width=\"10px\" height=\"10px\" viewBox=\"0 0 24 24\" version=\"1.2\" baseProfile=\"tiny\"><path d=\"M18.2 9.3l-6.2-6.3-6.2 6.3c-.2.2-.3.4-.3.7s.1.5.3.7c.2.2.4.3.7.3h11c.3 0 .5-.1.7-.3.2-.2.3-.5.3-.7s-.1-.5-.3-.7zM5.8 14.7l6.2 6.3 6.2-6.3c.2-.2.3-.5.3-.7s-.1-.5-.3-.7c-.2-.2-.4-.3-.7-.3h-11c-.3 0-.5.1-.7.3-.2.2-.3.5-.3.7s.1.5.3.7z\"\/><\/svg><\/span><\/span><\/span><\/a><\/span><\/div>\n<nav><ul class='ez-toc-list ez-toc-list-level-1 ' ><li class='ez-toc-page-1 ez-toc-heading-level-1'><a class=\"ez-toc-link ez-toc-heading-1\" href=\"https:\/\/mpvane.com\/en\/san-pham\/loc-tach-dau-0532140159\/#Loc_Tach_Dau_Busch_0532140159_V532140159_%E2%80%93_Giai_Phap_Loc_Hieu_Qua_Cho_Bom_Chan_Khong\" >L\u1ecdc T\u00e1ch D\u1ea7u Busch 0532140159 (V532140159) &#8211; Gi\u1ea3i Ph\u00e1p L\u1ecdc Hi\u1ec7u Qu\u1ea3 Cho B\u01a1m Ch\u00e2n Kh\u00f4ng<\/a><ul class='ez-toc-list-level-2' ><li class='ez-toc-heading-level-2'><a class=\"ez-toc-link ez-toc-heading-2\" href=\"https:\/\/mpvane.com\/en\/san-pham\/loc-tach-dau-0532140159\/#Tong_Quan_Ve_Loc_Tach_Dau_Busch_0532140159\" >T\u1ed5ng Quan V\u1ec1 L\u1ecdc T\u00e1ch D\u1ea7u Busch 0532140159<\/a><ul class='ez-toc-list-level-3' ><li class='ez-toc-heading-level-3'><a class=\"ez-toc-link ez-toc-heading-3\" href=\"https:\/\/mpvane.com\/en\/san-pham\/loc-tach-dau-0532140159\/#Thong_So_Ky_Thuat_Chinh\" >Th\u00f4ng S\u1ed1 K\u1ef9 Thu\u1eadt Ch\u00ednh<\/a><\/li><\/ul><\/li><li class='ez-toc-page-1 ez-toc-heading-level-2'><a class=\"ez-toc-link ez-toc-heading-4\" href=\"https:\/\/mpvane.com\/en\/san-pham\/loc-tach-dau-0532140159\/#Danh_Sach_Bom_Tuong_Thich\" >Danh S\u00e1ch B\u01a1m T\u01b0\u01a1ng Th\u00edch<\/a><ul class='ez-toc-list-level-3' ><li class='ez-toc-heading-level-3'><a class=\"ez-toc-link ez-toc-heading-5\" href=\"https:\/\/mpvane.com\/en\/san-pham\/loc-tach-dau-0532140159\/#Dong_bom_chinh\" >D\u00f2ng b\u01a1m ch\u00ednh<\/a><\/li><li class='ez-toc-page-1 ez-toc-heading-level-3'><a class=\"ez-toc-link ez-toc-heading-6\" href=\"https:\/\/mpvane.com\/en\/san-pham\/loc-tach-dau-0532140159\/#Cac_model_chi_tiet\" >C\u00e1c model chi ti\u1ebft<\/a><\/li><\/ul><\/li><li class='ez-toc-page-1 ez-toc-heading-level-2'><a class=\"ez-toc-link ez-toc-heading-7\" href=\"https:\/\/mpvane.com\/en\/san-pham\/loc-tach-dau-0532140159\/#Bang_So_Sanh_Ma_Tuong_Duong\" >B\u1ea3ng So S\u00e1nh M\u00e3 T\u01b0\u01a1ng \u0110\u01b0\u01a1ng<\/a><\/li><li class='ez-toc-page-1 ez-toc-heading-level-2'><a class=\"ez-toc-link ez-toc-heading-8\" href=\"https:\/\/mpvane.com\/en\/san-pham\/loc-tach-dau-0532140159\/#Uu_Diem_Vuot_Troi\" >\u01afu \u0110i\u1ec3m V\u01b0\u1ee3t Tr\u1ed9i<\/a><\/li><li class='ez-toc-page-1 ez-toc-heading-level-2'><a class=\"ez-toc-link ez-toc-heading-9\" href=\"https:\/\/mpvane.com\/en\/san-pham\/loc-tach-dau-0532140159\/#Huong_Dan_Su_Dung\" >H\u01b0\u1edbng D\u1eabn S\u1eed D\u1ee5ng<\/a><\/li><li class='ez-toc-page-1 ez-toc-heading-level-2'><a class=\"ez-toc-link ez-toc-heading-10\" href=\"https:\/\/mpvane.com\/en\/san-pham\/loc-tach-dau-0532140159\/#Dia_Chi_Mua_Hang_Uy_Tin\" >\u0110\u1ecba Ch\u1ec9 Mua H\u00e0ng Uy T\u00edn<\/a><\/li><li class='ez-toc-page-1 ez-toc-heading-level-2'><a class=\"ez-toc-link ez-toc-heading-11\" href=\"https:\/\/mpvane.com\/en\/san-pham\/loc-tach-dau-0532140159\/#Chinh_Sach_Ho_Tro\" >Ch\u00ednh S\u00e1ch H\u1ed7 Tr\u1ee3<\/a><\/li><\/ul><\/li><\/ul><\/nav><\/div>\n<h1><span class=\"ez-toc-section\" id=\"Loc_Tach_Dau_Busch_0532140159_V532140159_%E2%80%93_Giai_Phap_Loc_Hieu_Qua_Cho_Bom_Chan_Khong\"><\/span><strong>L\u1ecdc T\u00e1ch D\u1ea7u Busch 0532140159 (V532140159) &#8211; Gi\u1ea3i Ph\u00e1p L\u1ecdc Hi\u1ec7u Qu\u1ea3 Cho B\u01a1m Ch\u00e2n Kh\u00f4ng<\/strong><span class=\"ez-toc-section-end\"><\/span><\/h1>\n<h2><span class=\"ez-toc-section\" id=\"Tong_Quan_Ve_Loc_Tach_Dau_Busch_0532140159\"><\/span><strong>T\u1ed5ng Quan V\u1ec1 L\u1ecdc T\u00e1ch D\u1ea7u Busch 0532140159<\/strong><span class=\"ez-toc-section-end\"><\/span><\/h2>\n<p class=\"ds-markdown-paragraph\">L\u1ecdc t\u00e1ch d\u1ea7u\u00a0<strong>Busch 0532140159<\/strong>\u00a0(V532140159) l\u00e0 ph\u1ee5 ki\u1ec7n ch\u00ednh h\u00e3ng kh\u00f4ng th\u1ec3 thi\u1ebfu cho h\u1ec7 th\u1ed1ng b\u01a1m ch\u00e2n kh\u00f4ng Busch, \u0111\u01b0\u1ee3c thi\u1ebft k\u1ebf \u0111\u1eb7c bi\u1ec7t \u0111\u1ec3:<\/p>\n<ul>\n<li>\n<p class=\"ds-markdown-paragraph\">T\u00e1ch d\u1ea7u hi\u1ec7u qu\u1ea3 v\u1edbi hi\u1ec7u su\u1ea5t l\u1ecdc \u0111\u1ebfn 99.9%<\/p>\n<\/li>\n<li>\n<p class=\"ds-markdown-paragraph\">B\u1ea3o v\u1ec7 \u0111\u1ed9ng c\u01a1 kh\u1ecfi c\u00e1c h\u1ea1t b\u1ee5i kim lo\u1ea1i v\u00e0 t\u1ea1p ch\u1ea5t<\/p>\n<\/li>\n<li>\n<p class=\"ds-markdown-paragraph\">K\u00e9o d\u00e0i tu\u1ed5i th\u1ecd h\u1ec7 th\u1ed1ng b\u01a1m ch\u00e2n kh\u00f4ng<\/p>\n<\/li>\n<\/ul>\n<div id=\"attachment_8274\" style=\"width: 573px\" class=\"wp-caption alignnone\"><img fetchpriority=\"high\" decoding=\"async\" aria-describedby=\"caption-attachment-8274\" class=\"l\u1ecdc t\u00e1ch d\u1ea7u Busch c\u00f3 s\u1eb5n wp-image-8274 size-full\" title=\"l\u1ecdc t\u00e1ch d\u1ea7u Busch c\u00f3 s\u1eb5n\" src=\"https:\/\/mpvane.com\/wp-content\/uploads\/2025\/06\/hinh-loc-tach-dau-0532140159.jpg\" alt=\"l\u1ecdc t\u00e1ch d\u1ea7u Busch c\u00f3 s\u1eb5n\" width=\"563\" height=\"756\" srcset=\"https:\/\/mpvane.com\/wp-content\/uploads\/2025\/06\/hinh-loc-tach-dau-0532140159.jpg 563w, https:\/\/mpvane.com\/wp-content\/uploads\/2025\/06\/hinh-loc-tach-dau-0532140159-223x300.jpg 223w, https:\/\/mpvane.com\/wp-content\/uploads\/2025\/06\/hinh-loc-tach-dau-0532140159-150x201.jpg 150w\" sizes=\"(max-width: 563px) 100vw, 563px\" \/><p id=\"caption-attachment-8274\" class=\"wp-caption-text\">l\u1ecdc t\u00e1ch d\u1ea7u Busch c\u00f3 s\u1eb5n<\/p><\/div>\n<h3><span class=\"ez-toc-section\" id=\"Thong_So_Ky_Thuat_Chinh\"><\/span><strong>Th\u00f4ng S\u1ed1 K\u1ef9 Thu\u1eadt Ch\u00ednh<\/strong><span class=\"ez-toc-section-end\"><\/span><\/h3>\n<div class=\"markdown-table-wrapper\">\n<table>\n<thead>\n<tr>\n<th>Th\u00f4ng s\u1ed1<\/th>\n<th>Gi\u00e1 tr\u1ecb<\/th>\n<\/tr>\n<\/thead>\n<tbody>\n<tr>\n<td>M\u00e3 s\u1ea3n ph\u1ea9m<\/td>\n<td>0532140159 \/ V532140159<\/td>\n<\/tr>\n<tr>\n<td>\u0110\u01b0\u1eddng k\u00ednh ngo\u00e0i<\/td>\n<td>\u00d872 mm<\/td>\n<\/tr>\n<tr>\n<td>\u0110\u01b0\u1eddng k\u00ednh trong<\/td>\n<td>\u00d835 mm<\/td>\n<\/tr>\n<tr>\n<td>Chi\u1ec1u cao<\/td>\n<td>383 mm<\/td>\n<\/tr>\n<tr>\n<td>V\u1eadt li\u1ec7u<\/td>\n<td>L\u00f5i l\u1ecdc s\u1ee3i th\u1ee7y tinh cao c\u1ea5p<\/td>\n<\/tr>\n<\/tbody>\n<\/table>\n<\/div>\n<h2><span class=\"ez-toc-section\" id=\"Danh_Sach_Bom_Tuong_Thich\"><\/span><strong>Danh S\u00e1ch B\u01a1m T\u01b0\u01a1ng Th\u00edch<\/strong><span class=\"ez-toc-section-end\"><\/span><\/h2>\n<h3><span class=\"ez-toc-section\" id=\"Dong_bom_chinh\"><\/span><strong>D\u00f2ng b\u01a1m ch\u00ednh<\/strong><span class=\"ez-toc-section-end\"><\/span><\/h3>\n<p class=\"ds-markdown-paragraph\">\u2714 BUSCH R5 RA 0160 series<br \/>\n\u2714 BUSCH R5 RA 0202 D<br \/>\n\u2714 BUSCH R5 RA 0250 series<br \/>\n\u2714 BUSCH R5 RA 0302\/0305 D<\/p>\n<h3><span class=\"ez-toc-section\" id=\"Cac_model_chi_tiet\"><\/span><strong>C\u00e1c model chi ti\u1ebft<\/strong><span class=\"ez-toc-section-end\"><\/span><\/h3>\n<ul>\n<li>\n<p class=\"ds-markdown-paragraph\">BUSCH R5 RA 0160 C\/D<\/p>\n<\/li>\n<li>\n<p class=\"ds-markdown-paragraph\">BUSCH R5 RC 0160-116\/132<\/p>\n<\/li>\n<li>\n<p class=\"ds-markdown-paragraph\">BUSCH R5 RA 0250 B\/D<\/p>\n<\/li>\n<li>\n<p class=\"ds-markdown-paragraph\">BUSCH R5 RC 0305 D<\/p>\n<\/li>\n<li>\n<p><div id=\"attachment_8276\" style=\"width: 779px\" class=\"wp-caption alignnone\"><img decoding=\"async\" aria-describedby=\"caption-attachment-8276\" class=\"l\u1ecdc 0532140159 busch ch\u00ednh h\u00e3ng wp-image-8276 size-full\" title=\"l\u1ecdc 0532140159 busch ch\u00ednh h\u00e3ng\" src=\"https:\/\/mpvane.com\/wp-content\/uploads\/2025\/06\/hinh-thuc-te-loc-busch-0532140159.jpg\" alt=\"l\u1ecdc 0532140159 busch ch\u00ednh h\u00e3ng\" width=\"769\" height=\"589\" srcset=\"https:\/\/mpvane.com\/wp-content\/uploads\/2025\/06\/hinh-thuc-te-loc-busch-0532140159.jpg 769w, https:\/\/mpvane.com\/wp-content\/uploads\/2025\/06\/hinh-thuc-te-loc-busch-0532140159-300x230.jpg 300w, https:\/\/mpvane.com\/wp-content\/uploads\/2025\/06\/hinh-thuc-te-loc-busch-0532140159-150x115.jpg 150w\" sizes=\"(max-width: 769px) 100vw, 769px\" \/><p id=\"caption-attachment-8276\" class=\"wp-caption-text\">l\u1ecdc 0532140159 busch ch\u00ednh h\u00e3ng<\/p><\/div><\/li>\n<\/ul>\n<h2><span class=\"ez-toc-section\" id=\"Bang_So_Sanh_Ma_Tuong_Duong\"><\/span><strong>B\u1ea3ng So S\u00e1nh M\u00e3 T\u01b0\u01a1ng \u0110\u01b0\u01a1ng<\/strong><span class=\"ez-toc-section-end\"><\/span><\/h2>\n<div class=\"markdown-table-wrapper\">\n<table>\n<thead>\n<tr>\n<th>M\u00e3 ch\u00ednh<\/th>\n<th>M\u00e3 thay th\u1ebf t\u01b0\u01a1ng \u0111\u01b0\u01a1ng<\/th>\n<\/tr>\n<\/thead>\n<tbody>\n<tr>\n<td>0532140159<\/td>\n<td>0532000303, 532000303<\/td>\n<\/tr>\n<tr>\n<td>V532140159<\/td>\n<td>0532127419, 532127419<\/td>\n<\/tr>\n<tr>\n<td>0532000082, 532000082<\/td>\n<\/tr>\n<tr>\n<td>0532000223, 532000223<\/td>\n<\/tr>\n<\/tbody>\n<\/table>\n<\/div>\n<h2><span class=\"ez-toc-section\" id=\"Uu_Diem_Vuot_Troi\"><\/span><strong>\u01afu \u0110i\u1ec3m V\u01b0\u1ee3t Tr\u1ed9i<\/strong><span class=\"ez-toc-section-end\"><\/span><\/h2>\n<p class=\"ds-markdown-paragraph\">\u2705\u00a0<strong>Tu\u1ed5i th\u1ecd cao<\/strong>\u00a0g\u1ea5p 1.5 l\u1ea7n l\u1ecdc th\u00f4ng th\u01b0\u1eddng<br \/>\n\u2705\u00a0<strong>Ch\u1ecbu nhi\u1ec7t<\/strong>\u00a0t\u1ed1t \u0111\u1ebfn 120\u00b0C<br \/>\n\u2705\u00a0<strong>\u00c1p su\u1ea5t l\u00e0m vi\u1ec7c<\/strong>\u00a0l\u00ean \u0111\u1ebfn 15 bar<br \/>\n\u2705\u00a0<strong>D\u1ec5 d\u00e0ng thay th\u1ebf<\/strong>\u00a0v\u1edbi thi\u1ebft k\u1ebf th\u00f4ng minh<\/p>\n<h2><span class=\"ez-toc-section\" id=\"Huong_Dan_Su_Dung\"><\/span><strong>H\u01b0\u1edbng D\u1eabn S\u1eed D\u1ee5ng<\/strong><span class=\"ez-toc-section-end\"><\/span><\/h2>\n<ol start=\"1\">\n<li>\n<p class=\"ds-markdown-paragraph\"><strong>Ki\u1ec3m tra \u0111\u1ecbnh k\u1ef3<\/strong>\u00a0sau m\u1ed7i 500 gi\u1edd ho\u1ea1t \u0111\u1ed9ng<\/p>\n<\/li>\n<li>\n<p class=\"ds-markdown-paragraph\"><strong>Thay th\u1ebf<\/strong>\u00a0khi \u00e1p su\u1ea5t gi\u1ea3m 10% so v\u1edbi ban \u0111\u1ea7u<\/p>\n<\/li>\n<li>\n<p class=\"ds-markdown-paragraph\"><strong>B\u1ea3o qu\u1ea3n<\/strong>\u00a0n\u01a1i kh\u00f4 r\u00e1o, tr\u00e1nh \u00e1nh n\u1eafng tr\u1ef1c ti\u1ebfp<\/p>\n<\/li>\n<\/ol>\n<h2><span class=\"ez-toc-section\" id=\"Dia_Chi_Mua_Hang_Uy_Tin\"><\/span><strong>\u0110\u1ecba Ch\u1ec9 Mua H\u00e0ng Uy T\u00edn<\/strong><span class=\"ez-toc-section-end\"><\/span><\/h2>\n<p class=\"ds-markdown-paragraph\"><strong>C\u00d4NG TY TNHH K\u1ef8 THU\u1eacT V\u00c0 D\u1ecaCH V\u1ee4 MINH PH\u00da<br \/>\n<\/strong><strong data-start=\"143\" data-end=\"155\">\u0110\u1ecba ch\u1ec9:<\/strong> <span class=\"relative -mx-px my-[-0.2rem] rounded px-px py-[0.2rem] transition-colors duration-100 ease-in-out\">17\/7\/12 \u0110\u01b0\u1eddng s\u1ed1 5, Ph\u01b0\u1eddng T\u0103ng Nh\u01a1n Ph\u00fa B, TP. Th\u1ee7 \u0110\u1ee9c, TP. H\u1ed3 Ch\u00ed Minh<\/span><br \/>\n\ud83d\udccd Cam k\u1ebft h\u00e0ng ch\u00ednh h\u00e3ng 100%<br \/>\n\ud83d\udcde Hotline: 0985490343 &#8211; 0985843778<br \/>\n\ud83d\udce7 Email:\u00a0<a href=\"https:\/\/mailto:Sales@minhphuco.vn\/\" target=\"_blank\" rel=\"noopener noreferrer\">Sales@minhphuco.vn<\/a><br \/>\n\u23f0 L\u00e0m vi\u1ec7c: 8h00-17h30 t\u1eeb T2-T7<br \/>\n<strong data-start=\"306\" data-end=\"318\">Website:<\/strong> <span class=\"relative -mx-px my-[-0.2rem] rounded px-px py-[0.2rem] transition-colors duration-100 ease-in-out\"><a href=\"https:\/\/minhphuco.com\/\" target=\"_new\" rel=\"noopener noreferrer\" data-start=\"0\" data-end=\"39\" data-is-last-node=\"\" data-is-only-node=\"\">minhphuco.com<\/a><\/span><\/p>\n<h2><span class=\"ez-toc-section\" id=\"Chinh_Sach_Ho_Tro\"><\/span><strong>Ch\u00ednh S\u00e1ch H\u1ed7 Tr\u1ee3<\/strong><span class=\"ez-toc-section-end\"><\/span><\/h2>\n<p class=\"ds-markdown-paragraph\">\ud83d\udd39 B\u1ea3o h\u00e0nh 12 th\u00e1ng<br \/>\n\ud83d\udd39 Giao h\u00e0ng to\u00e0n qu\u1ed1c trong 24h<br \/>\n\ud83d\udd39 H\u1ed7 tr\u1ee3 k\u1ef9 thu\u1eadt 24\/7<br \/>\n\ud83d\udd39 Gi\u00e1 c\u1ea3 c\u1ea1nh tranh nh\u1ea5t th\u1ecb tr\u01b0\u1eddng<\/p>\n<p class=\"ds-markdown-paragraph\"><strong>#L\u1ecdcT\u00e1chD\u1ea7uBusch #0532140159 #Ph\u1ee5Ki\u1ec7nB\u01a1mCh\u00e2nKh\u00f4ng #BuschCh\u00ednhH\u00e3ng #MinhPh\u00fa<\/strong><\/p>\n<p class=\"ds-markdown-paragraph\"><em>L\u01b0u \u00fd: S\u1ea3n ph\u1ea9m n\u00e0y kh\u00f4ng ph\u1ea3i l\u00e0 h\u00e0ng thay th\u1ebf t\u01b0\u01a1ng \u0111\u01b0\u01a1ng m\u00e0 l\u00e0 h\u00e0ng ch\u00ednh h\u00e3ng Busch, \u0111\u1ea3m b\u1ea3o hi\u1ec7u su\u1ea5t t\u1ed1i \u01b0u cho h\u1ec7 th\u1ed1ng c\u1ee7a b\u1ea1n.<\/em><\/p>\n<p><strong>Li\u00ean k\u1ebft \u0111\u1ebfn trang s\u1ea3n ph\u1ea9m kh\u00e1c:<\/strong><\/p>\n<ul>\n<li>L\u1ecdc d\u1ea7u <a href=\"https:\/\/mpvane.com\/s%E1%BA%A3n-ph%E1%BA%A9m\/loc-dau-busch-0531000001-loc-0531000001\/\">0531000001<\/a> \u0111i k\u00e8m l\u1ecdc t\u00e1ch d\u1ea7u 0532140159<\/li>\n<\/ul>\n<p>\u0110\u1ec3 \u0111\u1ea3m b\u1ea3o m\u00e1y b\u01a1m ch\u00e2n kh\u00f4ng Busch c\u1ee7a b\u1ea1n lu\u00f4n ho\u1ea1t \u0111\u1ed9ng hi\u1ec7u qu\u1ea3 v\u00e0 b\u1ec1n b\u1ec9, h\u00e3y l\u1ef1a ch\u1ecdn l\u1ecdc t\u00e1ch d\u1ea7u Busch t\u1eeb Minh Ph\u00fa \u2013 \u0111\u1ed1i t\u00e1c tin c\u1eady c\u1ee7a b\u1ea1n trong l\u0129nh v\u1ef1c k\u1ef9 thu\u1eadt v\u00e0 d\u1ecbch v\u1ee5.<\/p>\n","protected":false},"excerpt":{"rendered":"<p>L\u1ecdc t\u00e1ch d\u1ea7u 0532140159, V532140159, L\u1ecdc Busch 0532140159<\/p>\n<p>K\u00edch th\u01b0\u1edbc : \u0110\u01b0\u1eddng k\u00ednh ngo\u00e0i: \u00d872 mm<br \/>\n\u0110\u01b0\u1eddng k\u00ednh trong: \u00d8 35 mm<br \/>\nChi\u1ec1u cao: 383 mm<\/p>\n[caption id=\"attachment_8267\" align=\"alignnone\" width=\"926\"]<img decoding=\"async\" class=\"k\u00edch th\u01b0\u1edbc l\u1ecdc t\u00e1ch d\u1ea7u busch 0532140159 wp-image-8267 size-full\" title=\"k\u00edch th\u01b0\u1edbc l\u1ecdc t\u00e1ch d\u1ea7u busch 0532140159\" src=\"https:\/\/mpvane.com\/wp-content\/uploads\/2025\/06\/kich-thuoc-loc-busch-0532140159.png\" alt=\"k\u00edch th\u01b0\u1edbc l\u1ecdc t\u00e1ch d\u1ea7u busch 0532140159\" width=\"926\" height=\"759\" srcset=\"https:\/\/mpvane.com\/wp-content\/uploads\/2025\/06\/kich-thuoc-loc-busch-0532140159.png 926w, https:\/\/mpvane.com\/wp-content\/uploads\/2025\/06\/kich-thuoc-loc-busch-0532140159-300x246.png 300w, https:\/\/mpvane.com\/wp-content\/uploads\/2025\/06\/kich-thuoc-loc-busch-0532140159-768x629.png 768w, https:\/\/mpvane.com\/wp-content\/uploads\/2025\/06\/kich-thuoc-loc-busch-0532140159-150x123.png 150w\" sizes=\"(max-width: 926px) 100vw, 926px\" \/> k\u00edch th\u01b0\u1edbc l\u1ecdc t\u00e1ch d\u1ea7u busch 0532140159[\/caption]\n","protected":false},"featured_media":8270,"comment_status":"open","ping_status":"closed","template":"","meta":{"_acf_changed":false},"product_brand":[],"product_cat":[702,2352],"product_tag":[2450],"class_list":{"0":"post-8224","1":"product","2":"type-product","3":"status-publish","4":"has-post-thumbnail","6":"product_cat-loc-chan-khong","7":"product_cat-loc-busch","8":"product_tag-2450","10":"first","11":"instock","12":"shipping-taxable","13":"product-type-simple"},"acf":[],"_links":{"self":[{"href":"https:\/\/mpvane.com\/en\/wp-json\/wp\/v2\/product\/8224","targetHints":{"allow":["GET"]}}],"collection":[{"href":"https:\/\/mpvane.com\/en\/wp-json\/wp\/v2\/product"}],"about":[{"href":"https:\/\/mpvane.com\/en\/wp-json\/wp\/v2\/types\/product"}],"replies":[{"embeddable":true,"href":"https:\/\/mpvane.com\/en\/wp-json\/wp\/v2\/comments?post=8224"}],"version-history":[{"count":6,"href":"https:\/\/mpvane.com\/en\/wp-json\/wp\/v2\/product\/8224\/revisions"}],"predecessor-version":[{"id":8337,"href":"https:\/\/mpvane.com\/en\/wp-json\/wp\/v2\/product\/8224\/revisions\/8337"}],"wp:featuredmedia":[{"embeddable":true,"href":"https:\/\/mpvane.com\/en\/wp-json\/wp\/v2\/media\/8270"}],"wp:attachment":[{"href":"https:\/\/mpvane.com\/en\/wp-json\/wp\/v2\/media?parent=8224"}],"wp:term":[{"taxonomy":"product_brand","embeddable":true,"href":"https:\/\/mpvane.com\/en\/wp-json\/wp\/v2\/product_brand?post=8224"},{"taxonomy":"product_cat","embeddable":true,"href":"https:\/\/mpvane.com\/en\/wp-json\/wp\/v2\/product_cat?post=8224"},{"taxonomy":"product_tag","embeddable":true,"href":"https:\/\/mpvane.com\/en\/wp-json\/wp\/v2\/product_tag?post=8224"}],"curies":[{"name":"wp","href":"https:\/\/api.w.org\/{rel}","templated":true}]}}