{"id":8220,"date":"2025-06-17T21:57:48","date_gmt":"2025-06-17T14:57:48","guid":{"rendered":"https:\/\/mpvane.com\/?post_type=product&#038;p=8220"},"modified":"2025-06-25T21:28:09","modified_gmt":"2025-06-25T14:28:09","slug":"loc-tach-dau-0532140157v532140157","status":"publish","type":"product","link":"https:\/\/mpvane.com\/en\/san-pham\/loc-tach-dau-0532140157v532140157\/","title":{"rendered":"L\u1ecdc t\u00e1ch d\u1ea7u 0532140157"},"content":{"rendered":"<div id=\"ez-toc-container\" class=\"ez-toc-v2_0_75 counter-hierarchy ez-toc-counter ez-toc-grey ez-toc-container-direction\">\n<div class=\"ez-toc-title-container\">\n<p class=\"ez-toc-title\" style=\"cursor:inherit\">Table of Contents<\/p>\n<span class=\"ez-toc-title-toggle\"><a href=\"#\" class=\"ez-toc-pull-right ez-toc-btn ez-toc-btn-xs ez-toc-btn-default ez-toc-toggle\" aria-label=\"Toggle Table of Content\"><span class=\"ez-toc-js-icon-con\"><span class=\"\"><span class=\"eztoc-hide\" style=\"display:none;\">Toggle<\/span><span class=\"ez-toc-icon-toggle-span\"><svg style=\"fill: #999;color:#999\" xmlns=\"http:\/\/www.w3.org\/2000\/svg\" class=\"list-377408\" width=\"20px\" height=\"20px\" viewBox=\"0 0 24 24\" fill=\"none\"><path d=\"M6 6H4v2h2V6zm14 0H8v2h12V6zM4 11h2v2H4v-2zm16 0H8v2h12v-2zM4 16h2v2H4v-2zm16 0H8v2h12v-2z\" fill=\"currentColor\"><\/path><\/svg><svg style=\"fill: #999;color:#999\" class=\"arrow-unsorted-368013\" xmlns=\"http:\/\/www.w3.org\/2000\/svg\" width=\"10px\" height=\"10px\" viewBox=\"0 0 24 24\" version=\"1.2\" baseProfile=\"tiny\"><path d=\"M18.2 9.3l-6.2-6.3-6.2 6.3c-.2.2-.3.4-.3.7s.1.5.3.7c.2.2.4.3.7.3h11c.3 0 .5-.1.7-.3.2-.2.3-.5.3-.7s-.1-.5-.3-.7zM5.8 14.7l6.2 6.3 6.2-6.3c.2-.2.3-.5.3-.7s-.1-.5-.3-.7c-.2-.2-.4-.3-.7-.3h-11c-.3 0-.5.1-.7.3-.2.2-.3.5-.3.7s.1.5.3.7z\"\/><\/svg><\/span><\/span><\/span><\/a><\/span><\/div>\n<nav><ul class='ez-toc-list ez-toc-list-level-1 ' ><li class='ez-toc-page-1 ez-toc-heading-level-1'><a class=\"ez-toc-link ez-toc-heading-1\" href=\"https:\/\/mpvane.com\/en\/san-pham\/loc-tach-dau-0532140157v532140157\/#Loc_Tach_Dau_Busch_0532140157_V532140157_%E2%80%93_Phu_Kien_Chinh_Hang_Cho_Bom_Hut_Chan_Khong\" >L\u1ecdc T\u00e1ch D\u1ea7u Busch 0532140157 (V532140157) \u2013 Ph\u1ee5 Ki\u1ec7n Ch\u00ednh H\u00e3ng Cho B\u01a1m H\u00fat Ch\u00e2n Kh\u00f4ng<\/a><ul class='ez-toc-list-level-2' ><li class='ez-toc-heading-level-2'><a class=\"ez-toc-link ez-toc-heading-2\" href=\"https:\/\/mpvane.com\/en\/san-pham\/loc-tach-dau-0532140157v532140157\/#Gioi_Thieu_Loc_Tach_Dau_Busch_0532140157\" >Gi\u1edbi Thi\u1ec7u L\u1ecdc T\u00e1ch D\u1ea7u Busch 0532140157<\/a><ul class='ez-toc-list-level-3' ><li class='ez-toc-heading-level-3'><a class=\"ez-toc-link ez-toc-heading-3\" href=\"https:\/\/mpvane.com\/en\/san-pham\/loc-tach-dau-0532140157v532140157\/#Thong_So_Ky_Thuat\" >Th\u00f4ng S\u1ed1 K\u1ef9 Thu\u1eadt<\/a><\/li><\/ul><\/li><li class='ez-toc-page-1 ez-toc-heading-level-2'><a class=\"ez-toc-link ez-toc-heading-4\" href=\"https:\/\/mpvane.com\/en\/san-pham\/loc-tach-dau-0532140157v532140157\/#Uu_Diem_Cua_Loc_Tach_Dau_0532140157\" >\u01afu \u0110i\u1ec3m C\u1ee7a L\u1ecdc T\u00e1ch D\u1ea7u 0532140157<\/a><\/li><li class='ez-toc-page-1 ez-toc-heading-level-2'><a class=\"ez-toc-link ez-toc-heading-5\" href=\"https:\/\/mpvane.com\/en\/san-pham\/loc-tach-dau-0532140157v532140157\/#Cac_Ma_Tuong_Tu_Co_The_Thay_The\" >C\u00e1c M\u00e3 T\u01b0\u01a1ng T\u1ef1 C\u00f3 Th\u1ec3 Thay Th\u1ebf<\/a><\/li><li class='ez-toc-page-1 ez-toc-heading-level-2'><a class=\"ez-toc-link ez-toc-heading-6\" href=\"https:\/\/mpvane.com\/en\/san-pham\/loc-tach-dau-0532140157v532140157\/#Ung_Dung_Cua_Loc_Tach_Dau_Busch_0532140157\" >\u1ee8ng D\u1ee5ng C\u1ee7a L\u1ecdc T\u00e1ch D\u1ea7u Busch 0532140157<\/a><ul class='ez-toc-list-level-3' ><li class='ez-toc-heading-level-3'><a class=\"ez-toc-link ez-toc-heading-7\" href=\"https:\/\/mpvane.com\/en\/san-pham\/loc-tach-dau-0532140157v532140157\/#%E2%9C%85_Cong_dung_cua_loc_tach_dau_0543140157\" >\u2705 C\u00f4ng d\u1ee5ng c\u1ee7a l\u1ecdc t\u00e1ch d\u1ea7u 0543140157<\/a><\/li><li class='ez-toc-page-1 ez-toc-heading-level-3'><a class=\"ez-toc-link ez-toc-heading-8\" href=\"https:\/\/mpvane.com\/en\/san-pham\/loc-tach-dau-0532140157v532140157\/#%F0%9F%94%A7_1_Tach_dau_hieu_qua_khoi_khi_xa\" >\ud83d\udd27 1. T\u00e1ch d\u1ea7u hi\u1ec7u qu\u1ea3 kh\u1ecfi kh\u00ed x\u1ea3<\/a><\/li><li class='ez-toc-page-1 ez-toc-heading-level-3'><a class=\"ez-toc-link ez-toc-heading-9\" href=\"https:\/\/mpvane.com\/en\/san-pham\/loc-tach-dau-0532140157v532140157\/#%E2%9A%99%EF%B8%8F_2_Giu_lai_va_tuan_hoan_dau_bom\" >\u2699\ufe0f 2. Gi\u1eef l\u1ea1i v\u00e0 tu\u1ea7n ho\u00e0n d\u1ea7u b\u01a1m<\/a><\/li><li class='ez-toc-page-1 ez-toc-heading-level-3'><a class=\"ez-toc-link ez-toc-heading-10\" href=\"https:\/\/mpvane.com\/en\/san-pham\/loc-tach-dau-0532140157v532140157\/#%F0%9F%94%92_3_Bao_ve_bom_chan_khong\" >\ud83d\udd12 3. B\u1ea3o v\u1ec7 b\u01a1m ch\u00e2n kh\u00f4ng<\/a><\/li><li class='ez-toc-page-1 ez-toc-heading-level-3'><a class=\"ez-toc-link ez-toc-heading-11\" href=\"https:\/\/mpvane.com\/en\/san-pham\/loc-tach-dau-0532140157v532140157\/#%E2%8F%B1%EF%B8%8F_4_Duy_tri_hieu_suat_hut_chan_khong_on_dinh\" >\u23f1\ufe0f 4. Duy tr\u00ec hi\u1ec7u su\u1ea5t h\u00fat ch\u00e2n kh\u00f4ng \u1ed5n \u0111\u1ecbnh<\/a><\/li><li class='ez-toc-page-1 ez-toc-heading-level-3'><a class=\"ez-toc-link ez-toc-heading-12\" href=\"https:\/\/mpvane.com\/en\/san-pham\/loc-tach-dau-0532140157v532140157\/#Mua_Loc_Tach_Dau_0532140157_Chinh_Hang_O_Dau\" >Mua L\u1ecdc T\u00e1ch D\u1ea7u 0532140157 Ch\u00ednh H\u00e3ng \u1ede \u0110\u00e2u?<\/a><\/li><\/ul><\/li><\/ul><\/li><\/ul><\/nav><\/div>\n<h1><span class=\"ez-toc-section\" id=\"Loc_Tach_Dau_Busch_0532140157_V532140157_%E2%80%93_Phu_Kien_Chinh_Hang_Cho_Bom_Hut_Chan_Khong\"><\/span><strong>L\u1ecdc T\u00e1ch D\u1ea7u Busch 0532140157 (V532140157) \u2013 Ph\u1ee5 Ki\u1ec7n Ch\u00ednh H\u00e3ng Cho B\u01a1m H\u00fat Ch\u00e2n Kh\u00f4ng<\/strong><span class=\"ez-toc-section-end\"><\/span><\/h1>\n<h2><span class=\"ez-toc-section\" id=\"Gioi_Thieu_Loc_Tach_Dau_Busch_0532140157\"><\/span><strong>Gi\u1edbi Thi\u1ec7u L\u1ecdc T\u00e1ch D\u1ea7u Busch 0532140157<\/strong><span class=\"ez-toc-section-end\"><\/span><\/h2>\n<p class=\"ds-markdown-paragraph\">L\u1ecdc t\u00e1ch d\u1ea7u\u00a0<strong>Busch 0532140157<\/strong>\u00a0(ho\u1eb7c\u00a0<strong>V532140157<\/strong>) l\u00e0 ph\u1ee5 ki\u1ec7n ch\u00ednh h\u00e3ng \u0111\u01b0\u1ee3c thi\u1ebft k\u1ebf cho c\u00e1c d\u00f2ng b\u01a1m h\u00fat ch\u00e2n kh\u00f4ng Busch, \u0111\u1ea3m b\u1ea3o kh\u1ea3 n\u0103ng t\u00e1ch d\u1ea7u hi\u1ec7u qu\u1ea3, gi\u00fap b\u1ea3o v\u1ec7 h\u1ec7 th\u1ed1ng v\u00e0 k\u00e9o d\u00e0i tu\u1ed5i th\u1ecd m\u00e1y. S\u1ea3n ph\u1ea9m \u0111\u1ea1t ti\u00eau chu\u1ea9n ch\u1ea5t l\u01b0\u1ee3ng cao, ph\u00f9 h\u1ee3p v\u1edbi c\u00e1c \u1ee9ng d\u1ee5ng c\u00f4ng nghi\u1ec7p \u0111\u00f2i h\u1ecfi \u0111\u1ed9 ch\u00ednh x\u00e1c.<\/p>\n<div id=\"attachment_8282\" style=\"width: 1930px\" class=\"wp-caption alignnone\"><img fetchpriority=\"high\" decoding=\"async\" aria-describedby=\"caption-attachment-8282\" class=\"h\u1ec9nh \u1ea3nh cho l\u1ecdc t\u00e1ch d\u1ea7u busch 0532140157 wp-image-8282 size-full\" title=\"h\u1ec9nh \u1ea3nh cho l\u1ecdc t\u00e1ch d\u1ea7u busch 0532140157\" src=\"https:\/\/mpvane.com\/wp-content\/uploads\/2025\/06\/loc-tach-dau-busch-0532140157-hinh-thuc-te.jpg\" alt=\"h\u1ec9nh \u1ea3nh cho l\u1ecdc t\u00e1ch d\u1ea7u busch 0532140157\" width=\"1920\" height=\"2108\" srcset=\"https:\/\/mpvane.com\/wp-content\/uploads\/2025\/06\/loc-tach-dau-busch-0532140157-hinh-thuc-te.jpg 1920w, https:\/\/mpvane.com\/wp-content\/uploads\/2025\/06\/loc-tach-dau-busch-0532140157-hinh-thuc-te-273x300.jpg 273w, https:\/\/mpvane.com\/wp-content\/uploads\/2025\/06\/loc-tach-dau-busch-0532140157-hinh-thuc-te-933x1024.jpg 933w, https:\/\/mpvane.com\/wp-content\/uploads\/2025\/06\/loc-tach-dau-busch-0532140157-hinh-thuc-te-768x843.jpg 768w, https:\/\/mpvane.com\/wp-content\/uploads\/2025\/06\/loc-tach-dau-busch-0532140157-hinh-thuc-te-1399x1536.jpg 1399w, https:\/\/mpvane.com\/wp-content\/uploads\/2025\/06\/loc-tach-dau-busch-0532140157-hinh-thuc-te-1865x2048.jpg 1865w, https:\/\/mpvane.com\/wp-content\/uploads\/2025\/06\/loc-tach-dau-busch-0532140157-hinh-thuc-te-1200x1318.jpg 1200w, https:\/\/mpvane.com\/wp-content\/uploads\/2025\/06\/loc-tach-dau-busch-0532140157-hinh-thuc-te-150x165.jpg 150w\" sizes=\"(max-width: 1920px) 100vw, 1920px\" \/><p id=\"caption-attachment-8282\" class=\"wp-caption-text\">h\u1ec9nh \u1ea3nh cho l\u1ecdc t\u00e1ch d\u1ea7u busch 0532140157<\/p><\/div>\n<h3><span class=\"ez-toc-section\" id=\"Thong_So_Ky_Thuat\"><\/span><strong>Th\u00f4ng S\u1ed1 K\u1ef9 Thu\u1eadt<\/strong><span class=\"ez-toc-section-end\"><\/span><\/h3>\n<ul>\n<li>\n<p class=\"ds-markdown-paragraph\"><strong>M\u00e3 s\u1ea3n ph\u1ea9m:<\/strong>\u00a00532140157 \/ V532140157<\/p>\n<\/li>\n<li>\n<p class=\"ds-markdown-paragraph\"><strong>K\u00edch th\u01b0\u1edbc:<\/strong><\/p>\n<ul>\n<li>\n<p class=\"ds-markdown-paragraph\">\u0110\u01b0\u1eddng k\u00ednh ngo\u00e0i:\u00a0<strong>\u00d872 mm<\/strong><\/p>\n<\/li>\n<li>\n<p class=\"ds-markdown-paragraph\">\u0110\u01b0\u1eddng k\u00ednh trong:\u00a0<strong>\u00d835 mm<\/strong><\/p>\n<\/li>\n<li>\n<p class=\"ds-markdown-paragraph\">Chi\u1ec1u cao:\u00a0<strong>263 mm<\/strong><\/p>\n<\/li>\n<\/ul>\n<\/li>\n<li>\n<p class=\"ds-markdown-paragraph\"><strong>T\u01b0\u01a1ng th\u00edch v\u1edbi c\u00e1c d\u00f2ng b\u01a1m:<\/strong><\/p>\n<ul>\n<li>\n<p class=\"ds-markdown-paragraph\"><strong>BUSCH RA 0063 F<\/strong><\/p>\n<\/li>\n<li>\n<p class=\"ds-markdown-paragraph\"><strong>BUSCH RA 0100 F<\/strong><\/p>\n<\/li>\n<\/ul>\n<\/li>\n<\/ul>\n<h2><span class=\"ez-toc-section\" id=\"Uu_Diem_Cua_Loc_Tach_Dau_0532140157\"><\/span><strong>\u01afu \u0110i\u1ec3m C\u1ee7a L\u1ecdc T\u00e1ch D\u1ea7u 0532140157<\/strong><span class=\"ez-toc-section-end\"><\/span><\/h2>\n<p class=\"ds-markdown-paragraph\">\u2705\u00a0<strong>Ch\u00ednh h\u00e3ng Busch<\/strong>\u00a0\u2013 \u0110\u1ea3m b\u1ea3o ch\u1ea5t l\u01b0\u1ee3ng, \u0111\u1ed9 b\u1ec1n v\u00e0 hi\u1ec7u su\u1ea5t t\u1ed1i \u01b0u.<br \/>\n\u2705\u00a0<strong>L\u1ecdc t\u00e1ch d\u1ea7u hi\u1ec7u qu\u1ea3<\/strong>\u00a0\u2013 Ng\u0103n ch\u1eb7n t\u1ea1p ch\u1ea5t, b\u1ea3o v\u1ec7 h\u1ec7 th\u1ed1ng b\u01a1m ch\u00e2n kh\u00f4ng.<br \/>\n\u2705\u00a0<strong>Thi\u1ebft k\u1ebf ch\u1eafc ch\u1eafn<\/strong>\u00a0\u2013 V\u1eadt li\u1ec7u b\u1ec1n b\u1ec9, ch\u1ecbu \u0111\u01b0\u1ee3c \u00e1p l\u1ef1c v\u00e0 nhi\u1ec7t \u0111\u1ed9 cao.<br \/>\n\u2705\u00a0<strong>D\u1ec5 d\u00e0ng thay th\u1ebf<\/strong>\u00a0\u2013 T\u01b0\u01a1ng th\u00edch v\u1edbi nhi\u1ec1u model b\u01a1m h\u00fat ch\u00e2n kh\u00f4ng Busch.<\/p>\n<h2><span class=\"ez-toc-section\" id=\"Cac_Ma_Tuong_Tu_Co_The_Thay_The\"><\/span><strong>C\u00e1c M\u00e3 T\u01b0\u01a1ng T\u1ef1 C\u00f3 Th\u1ec3 Thay Th\u1ebf<\/strong><span class=\"ez-toc-section-end\"><\/span><\/h2>\n<ul>\n<li>\n<p class=\"ds-markdown-paragraph\"><strong>053230201<\/strong>,\u00a0<strong>53230201<\/strong>,\u00a0<strong>0532 30201<\/strong><\/p>\n<\/li>\n<li>\n<p class=\"ds-markdown-paragraph\"><strong>0532000509<\/strong>,\u00a0<strong>532000509<\/strong>,\u00a0<strong>0532 000 509<\/strong>,\u00a0<strong>532509<\/strong><\/p>\n<\/li>\n<li>\n<p class=\"ds-markdown-paragraph\"><strong>0992130806<\/strong>,\u00a0<strong>992130806<\/strong>,\u00a0<strong>0992 130 806<\/strong><\/p>\n<\/li>\n<\/ul>\n<h2><span class=\"ez-toc-section\" id=\"Ung_Dung_Cua_Loc_Tach_Dau_Busch_0532140157\"><\/span><strong>\u1ee8ng D\u1ee5ng C\u1ee7a L\u1ecdc T\u00e1ch D\u1ea7u Busch 0532140157<\/strong><span class=\"ez-toc-section-end\"><\/span><\/h2>\n<p class=\"ds-markdown-paragraph\">L\u1ecdc t\u00e1ch d\u1ea7u\u00a0<strong>0532140157<\/strong>\u00a0\u0111\u01b0\u1ee3c s\u1eed d\u1ee5ng r\u1ed9ng r\u00e3i trong c\u00e1c ng\u00e0nh:<br \/>\n\u2714\u00a0<strong>C\u00f4ng nghi\u1ec7p ch\u1ebf bi\u1ebfn th\u1ef1c ph\u1ea9m, d\u01b0\u1ee3c ph\u1ea9m<\/strong><br \/>\n\u2714\u00a0<strong>H\u1ec7 th\u1ed1ng h\u00fat ch\u00e2n kh\u00f4ng y t\u1ebf, ph\u00f2ng th\u00ed nghi\u1ec7m<\/strong><br \/>\n\u2714\u00a0<strong>S\u1ea3n xu\u1ea5t \u0111i\u1ec7n t\u1eed, b\u00e1n d\u1eabn<\/strong><br \/>\n\u2714\u00a0<strong>C\u00f4ng nghi\u1ec7p in \u1ea5n, \u0111\u00f3ng g\u00f3i t\u1ef1 \u0111\u1ed9ng<\/strong><\/p>\n<ul data-start=\"304\" data-end=\"470\">\n<li data-start=\"413\" data-end=\"470\">\n<h3 data-start=\"0\" data-end=\"47\"><span class=\"ez-toc-section\" id=\"%E2%9C%85_Cong_dung_cua_loc_tach_dau_0543140157\"><\/span>\u2705 <strong data-start=\"6\" data-end=\"47\">C\u00f4ng d\u1ee5ng c\u1ee7a l\u1ecdc t\u00e1ch d\u1ea7u 0543140157<\/strong><span class=\"ez-toc-section-end\"><\/span><\/h3>\n<p data-start=\"49\" data-end=\"253\"><strong data-start=\"49\" data-end=\"76\">L\u1ecdc t\u00e1ch d\u1ea7u 0543140157<\/strong> l\u00e0 m\u1ed9t b\u1ed9 ph\u1eadn quan tr\u1ecdng trong h\u1ec7 th\u1ed1ng b\u01a1m h\u00fat ch\u00e2n kh\u00f4ng v\u00f2ng d\u1ea7u c\u1ee7a <strong data-start=\"150\" data-end=\"159\">Busch<\/strong>, c\u00f3 vai tr\u00f2 t\u00e1ch d\u1ea7u ra kh\u1ecfi lu\u1ed3ng kh\u00ed x\u1ea3 sau qu\u00e1 tr\u00ecnh n\u00e9n. D\u01b0\u1edbi \u0111\u00e2y l\u00e0 c\u00e1c c\u00f4ng d\u1ee5ng ch\u00ednh:<\/p>\n<hr data-start=\"255\" data-end=\"258\" \/>\n<h3 data-start=\"260\" data-end=\"303\"><span class=\"ez-toc-section\" id=\"%F0%9F%94%A7_1_Tach_dau_hieu_qua_khoi_khi_xa\"><\/span>\ud83d\udd27 <strong data-start=\"267\" data-end=\"303\">1. T\u00e1ch d\u1ea7u hi\u1ec7u qu\u1ea3 kh\u1ecfi kh\u00ed x\u1ea3<\/strong><span class=\"ez-toc-section-end\"><\/span><\/h3>\n<ul data-start=\"304\" data-end=\"470\">\n<li data-start=\"304\" data-end=\"412\">\n<p data-start=\"306\" data-end=\"412\">Gi\u00fap <strong data-start=\"311\" data-end=\"331\">l\u1ecdc s\u1ea1ch h\u01a1i d\u1ea7u<\/strong> l\u1eabn trong kh\u00ed n\u00e9n, \u0111\u1ea3m b\u1ea3o kh\u00ed x\u1ea3 ra ngo\u00e0i m\u00f4i tr\u01b0\u1eddng <strong data-start=\"386\" data-end=\"411\">s\u1ea1ch v\u00e0 kh\u00f4ng \u00f4 nhi\u1ec5m<\/strong>.<\/p>\n<\/li>\n<li data-start=\"413\" data-end=\"470\">\n<p data-start=\"415\" data-end=\"470\">B\u1ea3o v\u1ec7 m\u00f4i tr\u01b0\u1eddng l\u00e0m vi\u1ec7c v\u00e0 h\u1ea1n ch\u1ebf m\u00f9i d\u1ea7u kh\u00f3 ch\u1ecbu.<\/p>\n<\/li>\n<\/ul>\n<hr data-start=\"472\" data-end=\"475\" \/>\n<h3 data-start=\"477\" data-end=\"519\"><span class=\"ez-toc-section\" id=\"%E2%9A%99%EF%B8%8F_2_Giu_lai_va_tuan_hoan_dau_bom\"><\/span>\u2699\ufe0f <strong data-start=\"484\" data-end=\"519\">2. Gi\u1eef l\u1ea1i v\u00e0 tu\u1ea7n ho\u00e0n d\u1ea7u b\u01a1m<\/strong><span class=\"ez-toc-section-end\"><\/span><\/h3>\n<ul data-start=\"520\" data-end=\"671\">\n<li data-start=\"520\" data-end=\"581\">\n<p data-start=\"522\" data-end=\"581\"><strong data-start=\"522\" data-end=\"537\">Thu h\u1ed3i d\u1ea7u<\/strong> v\u00e0 \u0111\u01b0a tr\u1edf l\u1ea1i h\u1ec7 th\u1ed1ng b\u00f4i tr\u01a1n trong b\u01a1m.<\/p>\n<\/li>\n<\/ul>\n<hr data-start=\"673\" data-end=\"676\" \/>\n<h3 data-start=\"678\" data-end=\"713\"><span class=\"ez-toc-section\" id=\"%F0%9F%94%92_3_Bao_ve_bom_chan_khong\"><\/span>\ud83d\udd12 <strong data-start=\"685\" data-end=\"713\">3. B\u1ea3o v\u1ec7 b\u01a1m ch\u00e2n kh\u00f4ng<\/strong><span class=\"ez-toc-section-end\"><\/span><\/h3>\n<ul data-start=\"714\" data-end=\"866\">\n<li data-start=\"714\" data-end=\"797\">\n<p data-start=\"716\" data-end=\"797\">Tr\u00e1nh t\u00ecnh tr\u1ea1ng <strong data-start=\"733\" data-end=\"755\">thi\u1ebfu d\u1ea7u b\u00f4i tr\u01a1n<\/strong>, b\u1ea3o v\u1ec7 c\u00e1c b\u1ed9 ph\u1eadn c\u01a1 kh\u00ed b\u00ean trong b\u01a1m.<\/p>\n<\/li>\n<\/ul>\n<hr data-start=\"868\" data-end=\"871\" \/>\n<h3 data-start=\"873\" data-end=\"927\"><span class=\"ez-toc-section\" id=\"%E2%8F%B1%EF%B8%8F_4_Duy_tri_hieu_suat_hut_chan_khong_on_dinh\"><\/span>\u23f1\ufe0f <strong data-start=\"880\" data-end=\"927\">4. Duy tr\u00ec hi\u1ec7u su\u1ea5t h\u00fat ch\u00e2n kh\u00f4ng \u1ed5n \u0111\u1ecbnh<\/strong><span class=\"ez-toc-section-end\"><\/span><\/h3>\n<ul data-start=\"928\" data-end=\"1085\">\n<li data-start=\"928\" data-end=\"1010\">\n<p data-start=\"930\" data-end=\"1010\">L\u1ecdc s\u1ea1ch v\u00e0 gi\u1eef cho h\u1ec7 th\u1ed1ng ho\u1ea1t \u0111\u1ed9ng <strong data-start=\"969\" data-end=\"998\">tr\u01a1n tru, \u1ed5n \u0111\u1ecbnh \u00e1p su\u1ea5t<\/strong> ch\u00e2n kh\u00f4ng.<\/p>\n<\/li>\n<li data-start=\"1011\" data-end=\"1085\">\n<p data-start=\"1013\" data-end=\"1085\">Tr\u00e1nh hi\u1ec7n t\u01b0\u1ee3ng \u00e1p su\u1ea5t dao \u0111\u1ed9ng ho\u1eb7c gi\u1ea3m hi\u1ec7u qu\u1ea3 h\u00fat do kh\u00ed l\u1eabn d\u1ea7u.<\/p>\n<\/li>\n<\/ul>\n<hr data-start=\"1087\" data-end=\"1090\" \/>\n<h3 data-start=\"1092\" data-end=\"1364\"><span class=\"ez-toc-section\" id=\"Mua_Loc_Tach_Dau_0532140157_Chinh_Hang_O_Dau\"><\/span><strong style=\"font-size: 24px;\">Mua L\u1ecdc T\u00e1ch D\u1ea7u 0532140157 Ch\u00ednh H\u00e3ng \u1ede \u0110\u00e2u?<\/strong><span class=\"ez-toc-section-end\"><\/span><\/h3>\n<\/li>\n<\/ul>\n<p class=\"ds-markdown-paragraph\"><strong>C\u00f4ng ty TNHH K\u1ef9 Thu\u1eadt v\u00e0 D\u1ecbch V\u1ee5 Minh Ph\u00fa<\/strong>\u00a0l\u00e0 \u0111\u01a1n v\u1ecb uy t\u00edn cung c\u1ea5p ph\u1ee5 ki\u1ec7n b\u01a1m h\u00fat ch\u00e2n kh\u00f4ng\u00a0<strong>Busch<\/strong>\u00a0ch\u00ednh h\u00e3ng, cam k\u1ebft:<br \/>\n\ud83d\udd39\u00a0<strong>H\u00e0ng nh\u1eadp kh\u1ea9u ch\u1ea5t l\u01b0\u1ee3ng cao, \u0111\u00fang chu\u1ea9n<\/strong><br \/>\n\ud83d\udd39\u00a0<strong>Gi\u00e1 th\u00e0nh c\u1ea1nh tranh, h\u1ed7 tr\u1ee3 giao h\u00e0ng nhanh<\/strong><br \/>\n\ud83d\udd39\u00a0<strong>T\u01b0 v\u1ea5n k\u1ef9 thu\u1eadt mi\u1ec5n ph\u00ed 24\/7<\/strong><\/p>\n<p class=\"ds-markdown-paragraph\">\ud83d\udcde\u00a0<strong>Li\u00ean h\u1ec7 ngay \u0111\u1ec3 \u0111\u1eb7t h\u00e0ng ho\u1eb7c nh\u1eadn b\u00e1o gi\u00e1 t\u1eeb Minh Ph\u00fa:<\/strong><\/p>\n<ul>\n<li>\n<p class=\"ds-markdown-paragraph\"><strong>Hotline\/Zalo:<\/strong>\u00a0<strong>0985490343<\/strong>\u00a0\/\u00a0<strong>0985843778<\/strong><\/p>\n<\/li>\n<li>\n<p class=\"ds-markdown-paragraph\"><strong>Email:<\/strong>\u00a0<strong><a href=\"https:\/\/mailto:Sales@minhphuco.vn\/\" target=\"_blank\" rel=\"noopener noreferrer\">Sales@minhphuco.vn<\/a><\/strong><\/p>\n<\/li>\n<\/ul>\n<p class=\"ds-markdown-paragraph\"><strong>#L\u1ecdcT\u00e1chD\u1ea7uBusch0532140157 #L\u1ecdcT\u00e1chNh\u1edbt0532140157 #PhinL\u1ecdcCh\u00e2nKh\u00f4ng #B\u01a1mH\u00fatCh\u00e2nKh\u00f4ngBusch #MinhPh\u00fa<\/strong><\/p>\n<p>c\u00f3 th\u1ec3 mua c\u00f9ng c\u00e1nh g\u1ea1t 0722000330,<a href=\"https:\/\/mpvane.com\/product-category\/canh-vane\/busch-vanes\/?filter_busch-vane-nr=0722000360\">0722000360<\/a><\/p>\n","protected":false},"excerpt":{"rendered":"<p>L\u1ecdc t\u00e1ch d\u1ea7u 0532140157, V532140157, L\u1ecdc Busch 0532140157<\/p>\n<p>K\u00edch th\u01b0\u1edbc : \u0110\u01b0\u1eddng k\u00ednh ngo\u00e0i: \u00d872 mm<br \/>\n\u0110\u01b0\u1eddng k\u00ednh trong: \u00d8 35 mm<br \/>\nChi\u1ec1u cao: 263 mm<\/p>\n[caption id=\"attachment_8288\" align=\"alignnone\" width=\"1024\"]<img decoding=\"async\" class=\"k\u00edch th\u01b0\u1edbc l\u1ecdc t\u00e1ch d\u1ea7u busch 0532140157 wp-image-8288 size-large\" title=\"k\u00edch th\u01b0\u1edbc l\u1ecdc t\u00e1ch d\u1ea7u busch 0532140157\" src=\"https:\/\/mpvane.com\/wp-content\/uploads\/2025\/06\/kich-thuoc-loc-busch-0532140157-1024x716.png\" alt=\"k\u00edch th\u01b0\u1edbc l\u1ecdc t\u00e1ch d\u1ea7u busch 0532140157\" width=\"1024\" height=\"716\" srcset=\"https:\/\/mpvane.com\/wp-content\/uploads\/2025\/06\/kich-thuoc-loc-busch-0532140157-1024x716.png 1024w, https:\/\/mpvane.com\/wp-content\/uploads\/2025\/06\/kich-thuoc-loc-busch-0532140157-300x210.png 300w, https:\/\/mpvane.com\/wp-content\/uploads\/2025\/06\/kich-thuoc-loc-busch-0532140157-768x537.png 768w, https:\/\/mpvane.com\/wp-content\/uploads\/2025\/06\/kich-thuoc-loc-busch-0532140157-1200x839.png 1200w, https:\/\/mpvane.com\/wp-content\/uploads\/2025\/06\/kich-thuoc-loc-busch-0532140157-150x105.png 150w, https:\/\/mpvane.com\/wp-content\/uploads\/2025\/06\/kich-thuoc-loc-busch-0532140157.png 1280w\" sizes=\"(max-width: 1024px) 100vw, 1024px\" \/> k\u00edch th\u01b0\u1edbc l\u1ecdc t\u00e1ch d\u1ea7u busch 0532140157[\/caption]\n","protected":false},"featured_media":8279,"comment_status":"open","ping_status":"closed","template":"","meta":{"_acf_changed":false},"product_brand":[],"product_cat":[702,2352],"product_tag":[2436,2499],"class_list":{"0":"post-8220","1":"product","2":"type-product","3":"status-publish","4":"has-post-thumbnail","6":"product_cat-loc-chan-khong","7":"product_cat-loc-busch","8":"product_tag-2436","9":"product_tag-loc-busch","11":"first","12":"instock","13":"shipping-taxable","14":"product-type-simple"},"acf":[],"_links":{"self":[{"href":"https:\/\/mpvane.com\/en\/wp-json\/wp\/v2\/product\/8220","targetHints":{"allow":["GET"]}}],"collection":[{"href":"https:\/\/mpvane.com\/en\/wp-json\/wp\/v2\/product"}],"about":[{"href":"https:\/\/mpvane.com\/en\/wp-json\/wp\/v2\/types\/product"}],"replies":[{"embeddable":true,"href":"https:\/\/mpvane.com\/en\/wp-json\/wp\/v2\/comments?post=8220"}],"version-history":[{"count":11,"href":"https:\/\/mpvane.com\/en\/wp-json\/wp\/v2\/product\/8220\/revisions"}],"predecessor-version":[{"id":8281,"href":"https:\/\/mpvane.com\/en\/wp-json\/wp\/v2\/product\/8220\/revisions\/8281"}],"wp:featuredmedia":[{"embeddable":true,"href":"https:\/\/mpvane.com\/en\/wp-json\/wp\/v2\/media\/8279"}],"wp:attachment":[{"href":"https:\/\/mpvane.com\/en\/wp-json\/wp\/v2\/media?parent=8220"}],"wp:term":[{"taxonomy":"product_brand","embeddable":true,"href":"https:\/\/mpvane.com\/en\/wp-json\/wp\/v2\/product_brand?post=8220"},{"taxonomy":"product_cat","embeddable":true,"href":"https:\/\/mpvane.com\/en\/wp-json\/wp\/v2\/product_cat?post=8220"},{"taxonomy":"product_tag","embeddable":true,"href":"https:\/\/mpvane.com\/en\/wp-json\/wp\/v2\/product_tag?post=8220"}],"curies":[{"name":"wp","href":"https:\/\/api.w.org\/{rel}","templated":true}]}}