{"id":8218,"date":"2025-06-17T21:49:34","date_gmt":"2025-06-17T14:49:34","guid":{"rendered":"https:\/\/mpvane.com\/?post_type=product&#038;p=8218"},"modified":"2025-06-28T15:32:01","modified_gmt":"2025-06-28T08:32:01","slug":"loc-tach-dau-0532140156loc-busch-v532140156","status":"publish","type":"product","link":"https:\/\/mpvane.com\/en\/san-pham\/loc-tach-dau-0532140156loc-busch-v532140156\/","title":{"rendered":"L\u1ecdc t\u00e1ch d\u1ea7u 0532140156"},"content":{"rendered":"<div id=\"ez-toc-container\" class=\"ez-toc-v2_0_75 counter-hierarchy ez-toc-counter ez-toc-grey ez-toc-container-direction\">\n<div class=\"ez-toc-title-container\">\n<p class=\"ez-toc-title\" style=\"cursor:inherit\">Table of Contents<\/p>\n<span class=\"ez-toc-title-toggle\"><a href=\"#\" class=\"ez-toc-pull-right ez-toc-btn ez-toc-btn-xs ez-toc-btn-default ez-toc-toggle\" aria-label=\"Toggle Table of Content\"><span class=\"ez-toc-js-icon-con\"><span class=\"\"><span class=\"eztoc-hide\" style=\"display:none;\">Toggle<\/span><span class=\"ez-toc-icon-toggle-span\"><svg style=\"fill: #999;color:#999\" xmlns=\"http:\/\/www.w3.org\/2000\/svg\" class=\"list-377408\" width=\"20px\" height=\"20px\" viewBox=\"0 0 24 24\" fill=\"none\"><path d=\"M6 6H4v2h2V6zm14 0H8v2h12V6zM4 11h2v2H4v-2zm16 0H8v2h12v-2zM4 16h2v2H4v-2zm16 0H8v2h12v-2z\" fill=\"currentColor\"><\/path><\/svg><svg style=\"fill: #999;color:#999\" class=\"arrow-unsorted-368013\" xmlns=\"http:\/\/www.w3.org\/2000\/svg\" width=\"10px\" height=\"10px\" viewBox=\"0 0 24 24\" version=\"1.2\" baseProfile=\"tiny\"><path d=\"M18.2 9.3l-6.2-6.3-6.2 6.3c-.2.2-.3.4-.3.7s.1.5.3.7c.2.2.4.3.7.3h11c.3 0 .5-.1.7-.3.2-.2.3-.5.3-.7s-.1-.5-.3-.7zM5.8 14.7l6.2 6.3 6.2-6.3c.2-.2.3-.5.3-.7s-.1-.5-.3-.7c-.2-.2-.4-.3-.7-.3h-11c-.3 0-.5.1-.7.3-.2.2-.3.5-.3.7s.1.5.3.7z\"\/><\/svg><\/span><\/span><\/span><\/a><\/span><\/div>\n<nav><ul class='ez-toc-list ez-toc-list-level-1 ' ><li class='ez-toc-page-1 ez-toc-heading-level-1'><a class=\"ez-toc-link ez-toc-heading-1\" href=\"https:\/\/mpvane.com\/en\/san-pham\/loc-tach-dau-0532140156loc-busch-v532140156\/#Loc_Tach_Dau_Busch_0532140156_V532140156_%E2%80%93_Phu_Kien_Chinh_Hang_Cho_Bom_Hut_Chan_Khong\" >L\u1ecdc T\u00e1ch D\u1ea7u Busch 0532140156 (V532140156) \u2013 Ph\u1ee5 Ki\u1ec7n Ch\u00ednh H\u00e3ng Cho B\u01a1m H\u00fat Ch\u00e2n Kh\u00f4ng<\/a><ul class='ez-toc-list-level-2' ><li class='ez-toc-heading-level-2'><a class=\"ez-toc-link ez-toc-heading-2\" href=\"https:\/\/mpvane.com\/en\/san-pham\/loc-tach-dau-0532140156loc-busch-v532140156\/#Gioi_Thieu_Loc_Tach_Dau_Busch_0532140156\" >Gi\u1edbi Thi\u1ec7u L\u1ecdc T\u00e1ch D\u1ea7u Busch 0532140156<\/a><ul class='ez-toc-list-level-3' ><li class='ez-toc-heading-level-3'><a class=\"ez-toc-link ez-toc-heading-3\" href=\"https:\/\/mpvane.com\/en\/san-pham\/loc-tach-dau-0532140156loc-busch-v532140156\/#Thong_So_Ky_Thuat\" >Th\u00f4ng S\u1ed1 K\u1ef9 Thu\u1eadt<\/a><\/li><\/ul><\/li><li class='ez-toc-page-1 ez-toc-heading-level-2'><a class=\"ez-toc-link ez-toc-heading-4\" href=\"https:\/\/mpvane.com\/en\/san-pham\/loc-tach-dau-0532140156loc-busch-v532140156\/#Uu_Diem_Cua_Loc_Tach_Dau_0532140156\" >\u01afu \u0110i\u1ec3m C\u1ee7a L\u1ecdc T\u00e1ch D\u1ea7u 0532140156<\/a><\/li><li class='ez-toc-page-1 ez-toc-heading-level-2'><a class=\"ez-toc-link ez-toc-heading-5\" href=\"https:\/\/mpvane.com\/en\/san-pham\/loc-tach-dau-0532140156loc-busch-v532140156\/#Cac_Ma_Tuong_Tu_Co_The_Thay_The\" >C\u00e1c M\u00e3 T\u01b0\u01a1ng T\u1ef1 C\u00f3 Th\u1ec3 Thay Th\u1ebf<\/a><\/li><li class='ez-toc-page-1 ez-toc-heading-level-2'><a class=\"ez-toc-link ez-toc-heading-6\" href=\"https:\/\/mpvane.com\/en\/san-pham\/loc-tach-dau-0532140156loc-busch-v532140156\/#Ung_Dung_Cua_Loc_Tach_Dau_Busch_V532140156\" >\u1ee8ng D\u1ee5ng C\u1ee7a L\u1ecdc T\u00e1ch D\u1ea7u Busch V532140156<\/a><\/li><li class='ez-toc-page-1 ez-toc-heading-level-2'><a class=\"ez-toc-link ez-toc-heading-7\" href=\"https:\/\/mpvane.com\/en\/san-pham\/loc-tach-dau-0532140156loc-busch-v532140156\/#LOC_TACH_DAU_V532140156_HOAT_DONG_NHU_THE_NAO\" >L\u1eccC T\u00c1CH D\u1ea6U V532140156 HO\u1ea0T \u0110\u1ed8NG NH\u01af TH\u1ebe N\u00c0O<\/a><\/li><li class='ez-toc-page-1 ez-toc-heading-level-2'><a class=\"ez-toc-link ez-toc-heading-8\" href=\"https:\/\/mpvane.com\/en\/san-pham\/loc-tach-dau-0532140156loc-busch-v532140156\/#Mua_Loc_Tach_Dau_0532140156_Chinh_Hang_O_Dau\" >Mua L\u1ecdc T\u00e1ch D\u1ea7u 0532140156 Ch\u00ednh H\u00e3ng \u1ede \u0110\u00e2u?<\/a><ul class='ez-toc-list-level-3' ><li class='ez-toc-heading-level-3'><a class=\"ez-toc-link ez-toc-heading-9\" href=\"https:\/\/mpvane.com\/en\/san-pham\/loc-tach-dau-0532140156loc-busch-v532140156\/#Ket_Luan\" >K\u1ebft Lu\u1eadn<\/a><\/li><\/ul><\/li><\/ul><\/li><\/ul><\/nav><\/div>\n<h1><span class=\"ez-toc-section\" id=\"Loc_Tach_Dau_Busch_0532140156_V532140156_%E2%80%93_Phu_Kien_Chinh_Hang_Cho_Bom_Hut_Chan_Khong\"><\/span><strong>L\u1ecdc T\u00e1ch D\u1ea7u Busch 0532140156 (V532140156) \u2013 Ph\u1ee5 Ki\u1ec7n Ch\u00ednh H\u00e3ng Cho B\u01a1m H\u00fat Ch\u00e2n Kh\u00f4ng<\/strong><span class=\"ez-toc-section-end\"><\/span><\/h1>\n<h2><span class=\"ez-toc-section\" id=\"Gioi_Thieu_Loc_Tach_Dau_Busch_0532140156\"><\/span><strong>Gi\u1edbi Thi\u1ec7u L\u1ecdc T\u00e1ch D\u1ea7u Busch 0532140156<\/strong><span class=\"ez-toc-section-end\"><\/span><\/h2>\n<p class=\"ds-markdown-paragraph\">L\u1ecdc t\u00e1ch d\u1ea7u\u00a0<strong>Busch 0532140156<\/strong>\u00a0(ho\u1eb7c\u00a0<strong>V532140156<\/strong>) l\u00e0 ph\u1ee5 ki\u1ec7n ch\u00ednh h\u00e3ng d\u00e0nh cho c\u00e1c d\u00f2ng b\u01a1m h\u00fat ch\u00e2n kh\u00f4ng Busch, gi\u00fap t\u00e1ch d\u1ea7u hi\u1ec7u qu\u1ea3, \u0111\u1ea3m b\u1ea3o h\u1ec7 th\u1ed1ng ho\u1ea1t \u0111\u1ed9ng \u1ed5n \u0111\u1ecbnh v\u00e0 b\u1ec1n b\u1ec9. S\u1ea3n ph\u1ea9m \u0111\u01b0\u1ee3c thi\u1ebft k\u1ebf v\u1edbi ch\u1ea5t li\u1ec7u cao c\u1ea5p, ph\u00f9 h\u1ee3p cho c\u00e1c \u1ee9ng d\u1ee5ng c\u00f4ng nghi\u1ec7p \u0111\u00f2i h\u1ecfi \u0111\u1ed9 ch\u00ednh x\u00e1c cao.<\/p>\n<h3><span class=\"ez-toc-section\" id=\"Thong_So_Ky_Thuat\"><\/span><strong>Th\u00f4ng S\u1ed1 K\u1ef9 Thu\u1eadt<\/strong><span class=\"ez-toc-section-end\"><\/span><\/h3>\n<ul>\n<li>\n<p class=\"ds-markdown-paragraph\"><strong>M\u00e3 s\u1ea3n ph\u1ea9m:<\/strong>\u00a00532140156 \/ V532140156<\/p>\n<\/li>\n<li>\n<p class=\"ds-markdown-paragraph\"><strong>K\u00edch th\u01b0\u1edbc:<\/strong><\/p>\n<ul>\n<li>\n<p class=\"ds-markdown-paragraph\">\u0110\u01b0\u1eddng k\u00ednh ngo\u00e0i:\u00a0<strong>\u00d872 mm<\/strong><\/p>\n<\/li>\n<li>\n<p class=\"ds-markdown-paragraph\">\u0110\u01b0\u1eddng k\u00ednh trong:\u00a0<strong>\u00d835 mm<\/strong><\/p>\n<\/li>\n<li>\n<p class=\"ds-markdown-paragraph\">Chi\u1ec1u cao:\u00a0<strong>220 mm<\/strong><\/p>\n<\/li>\n<\/ul>\n<\/li>\n<li>\n<p class=\"ds-markdown-paragraph\"><strong>T\u01b0\u01a1ng th\u00edch v\u1edbi c\u00e1c d\u00f2ng b\u01a1m:<\/strong><\/p>\n<ul>\n<li>\n<p class=\"ds-markdown-paragraph\">BUSCH RA 0063 E 5K3<\/p>\n<\/li>\n<li>\n<p class=\"ds-markdown-paragraph\">BUSCH R5 0025 Sauerstoff<\/p>\n<\/li>\n<li>\n<p class=\"ds-markdown-paragraph\">BUSCH R5 0040 Sauerstoff<\/p>\n<\/li>\n<li>\n<p class=\"ds-markdown-paragraph\">BUSCH R5 RA 0025 F<\/p>\n<\/li>\n<li>\n<p class=\"ds-markdown-paragraph\">BUSCH R5 RA 0040 F<\/p>\n<\/li>\n<\/ul>\n<\/li>\n<\/ul>\n<div id=\"attachment_8519\" style=\"width: 1258px\" class=\"wp-caption alignnone\"><img fetchpriority=\"high\" decoding=\"async\" aria-describedby=\"caption-attachment-8519\" class=\"l\u1ecdc t\u00e1ch d\u1ea7u Busch 0532140156 wp-image-8519 size-full\" title=\"l\u1ecdc t\u00e1ch d\u1ea7u Busch 0532140156\" src=\"https:\/\/mpvane.com\/wp-content\/uploads\/2025\/06\/loc-tach-dau-busch-0532140156-chinh-hang1.jpg\" alt=\"l\u1ecdc t\u00e1ch d\u1ea7u Busch 0532140156\" width=\"1248\" height=\"804\" srcset=\"https:\/\/mpvane.com\/wp-content\/uploads\/2025\/06\/loc-tach-dau-busch-0532140156-chinh-hang1.jpg 1248w, https:\/\/mpvane.com\/wp-content\/uploads\/2025\/06\/loc-tach-dau-busch-0532140156-chinh-hang1-300x193.jpg 300w, https:\/\/mpvane.com\/wp-content\/uploads\/2025\/06\/loc-tach-dau-busch-0532140156-chinh-hang1-1024x660.jpg 1024w, https:\/\/mpvane.com\/wp-content\/uploads\/2025\/06\/loc-tach-dau-busch-0532140156-chinh-hang1-768x495.jpg 768w, https:\/\/mpvane.com\/wp-content\/uploads\/2025\/06\/loc-tach-dau-busch-0532140156-chinh-hang1-1200x773.jpg 1200w, https:\/\/mpvane.com\/wp-content\/uploads\/2025\/06\/loc-tach-dau-busch-0532140156-chinh-hang1-150x97.jpg 150w\" sizes=\"(max-width: 1248px) 100vw, 1248px\" \/><p id=\"caption-attachment-8519\" class=\"wp-caption-text\">l\u1ecdc t\u00e1ch d\u1ea7u Busch 0532140156<\/p><\/div>\n<h2><span class=\"ez-toc-section\" id=\"Uu_Diem_Cua_Loc_Tach_Dau_0532140156\"><\/span><strong>\u01afu \u0110i\u1ec3m C\u1ee7a L\u1ecdc T\u00e1ch D\u1ea7u 0532140156<\/strong><span class=\"ez-toc-section-end\"><\/span><\/h2>\n<p class=\"ds-markdown-paragraph\">\u2705\u00a0<strong>Ch\u1ea5t l\u01b0\u1ee3ng cao<\/strong>\u00a0\u2013 S\u1ea3n xu\u1ea5t ch\u00ednh h\u00e3ng Busch, \u0111\u1ea3m b\u1ea3o \u0111\u1ed9 b\u1ec1n v\u00e0 hi\u1ec7u su\u1ea5t t\u1ed1i \u01b0u.<br \/>\n\u2705\u00a0<strong>Kh\u1ea3 n\u0103ng l\u1ecdc t\u1ed1t<\/strong>\u00a0\u2013 Gi\u00fap t\u00e1ch d\u1ea7u hi\u1ec7u qu\u1ea3, ng\u0103n ng\u1eeba t\u1ea1p ch\u1ea5t \u1ea3nh h\u01b0\u1edfng \u0111\u1ebfn h\u1ec7 th\u1ed1ng.<br \/>\n\u2705\u00a0<strong>D\u1ec5 d\u00e0ng thay th\u1ebf<\/strong>\u00a0\u2013 Thi\u1ebft k\u1ebf ph\u00f9 h\u1ee3p v\u1edbi nhi\u1ec1u d\u00f2ng b\u01a1m h\u00fat ch\u00e2n kh\u00f4ng Busch.<br \/>\n\u2705\u00a0<strong>\u0110\u1ed9 b\u1ec1n cao<\/strong>\u00a0\u2013 V\u1eadt li\u1ec7u ch\u1ecbu nhi\u1ec7t v\u00e0 \u00e1p l\u1ef1c t\u1ed1t, ph\u00f9 h\u1ee3p v\u1edbi m\u00f4i tr\u01b0\u1eddng l\u00e0m vi\u1ec7c kh\u1eafc nghi\u1ec7t.<\/p>\n<h2><span class=\"ez-toc-section\" id=\"Cac_Ma_Tuong_Tu_Co_The_Thay_The\"><\/span><strong>C\u00e1c M\u00e3 T\u01b0\u01a1ng T\u1ef1 C\u00f3 Th\u1ec3 Thay Th\u1ebf<\/strong><span class=\"ez-toc-section-end\"><\/span><\/h2>\n<ul>\n<li>\n<p class=\"ds-markdown-paragraph\"><strong>0532127416<\/strong><\/p>\n<\/li>\n<li>\n<p class=\"ds-markdown-paragraph\"><strong>532127416<\/strong><\/p>\n<\/li>\n<li>\n<p class=\"ds-markdown-paragraph\"><strong>0532 127 416<\/strong><\/p>\n<\/li>\n<\/ul>\n<h2><span class=\"ez-toc-section\" id=\"Ung_Dung_Cua_Loc_Tach_Dau_Busch_V532140156\"><\/span><strong>\u1ee8ng D\u1ee5ng C\u1ee7a L\u1ecdc T\u00e1ch D\u1ea7u Busch V532140156<\/strong><span class=\"ez-toc-section-end\"><\/span><\/h2>\n<p class=\"ds-markdown-paragraph\">L\u1ecdc t\u00e1ch d\u1ea7u\u00a0<strong>0532140156<\/strong>\u00a0\u0111\u01b0\u1ee3c s\u1eed d\u1ee5ng r\u1ed9ng r\u00e3i trong c\u00e1c ng\u00e0nh:<br \/>\n\u2714\u00a0<strong>C\u00f4ng nghi\u1ec7p ch\u1ebf bi\u1ebfn<\/strong><br \/>\n\u2714\u00a0<strong>H\u1ec7 th\u1ed1ng h\u00fat ch\u00e2n kh\u00f4ng y t\u1ebf<\/strong><br \/>\n\u2714\u00a0<strong>S\u1ea3n xu\u1ea5t \u0111i\u1ec7n t\u1eed, b\u00e1n d\u1eabn<\/strong><br \/>\n\u2714\u00a0<strong>C\u00f4ng nghi\u1ec7p in \u1ea5n, \u0111\u00f3ng g\u00f3i<\/strong><\/p>\n<h2 class=\"headline--2 article-headline-inner\"><span class=\"ez-toc-section\" id=\"LOC_TACH_DAU_V532140156_HOAT_DONG_NHU_THE_NAO\"><\/span>L\u1eccC T\u00c1CH D\u1ea6U V532140156 HO\u1ea0T \u0110\u1ed8NG NH\u01af TH\u1ebe N\u00c0O<span class=\"ez-toc-section-end\"><\/span><\/h2>\n<p>B\u1ed9 l\u1ecdc kh\u00ed th\u1ea3i ch\u00ednh h\u00e3ng Busch \u0111\u1ea3m b\u1ea3o ho\u1ea1t \u0111\u1ed9ng an to\u00e0n v\u00e0 kh\u00ed th\u1ea3i s\u1ea1ch.<\/p>\n<p>Trong qu\u00e1 tr\u00ecnh ho\u1ea1t \u0111\u1ed9ng b\u00ecnh th\u01b0\u1eddng, m\u1ed9t m\u00e1y b\u01a1m ch\u00e2n kh\u00f4ng \u0111\u01b0\u1ee3c b\u00f4i tr\u01a1n b\u1eb1ng d\u1ea7u t\u1ea1o ra s\u01b0\u01a1ng d\u1ea7u m\u1ecbn l\u01a1 l\u1eedng trong kh\u00f4ng kh\u00ed. B\u1ed9 l\u1ecdc kh\u00ed th\u1ea3i ng\u0103n kh\u00f4ng cho c\u00e1c h\u1ea1t n\u00e0y b\u1ecb \u0111\u1ea9y ra kh\u1ecfi m\u00e1y b\u01a1m ch\u00e2n kh\u00f4ng.<\/p>\n<p>Ch\u1ec9 c\u00f3 b\u1ed9 l\u1ecdc kh\u00ed th\u1ea3i ch\u00ednh h\u00e3ng Busch m\u1edbi mang l\u1ea1i k\u1ebft qu\u1ea3 t\u1ed1t nh\u1ea5t. Nhi\u1ec1u l\u1edbp v\u1eadt li\u1ec7u l\u1ecdc si\u00eau m\u1ecbn gi\u1eef l\u1ea1i v\u00e0 thu th\u1eadp s\u01b0\u01a1ng d\u1ea7u khi n\u00f3 \u0111i qua b\u1ed9 l\u1ecdc kh\u00ed th\u1ea3i. M\u00f4i tr\u01b0\u1eddng l\u1ecdc k\u1ebft h\u1ee3p hi\u1ec7u su\u1ea5t v\u01b0\u1ee3t tr\u1ed9i v\u1edbi m\u1ee9c \u0111\u1ed9 t\u00e1ch cao nh\u1ea5t c\u00f3 th\u1ec3.<\/p>\n<p>C\u00e1c h\u1ea1t d\u1ea7u k\u1ebft t\u1ee5 b\u00ean trong ph\u1ea7n t\u1eed l\u1ecdc v\u00e0 \u0111\u01b0\u1ee3c t\u00e1i ch\u1ebf tr\u1edf l\u1ea1i b\u01a1m ch\u00e2n kh\u00f4ng. Do \u0111\u00f3, l\u01b0\u1ee3ng d\u1ea7u th\u1ea3i ra kh\u00f4ng kh\u00ed xung quanh \u0111\u01b0\u1ee3c gi\u1ea3m xu\u1ed1ng m\u1ee9c t\u1ed1i thi\u1ec3u tuy\u1ec7t \u0111\u1ed1i. \u0110i\u1ec1u n\u00e0y gi\u00fap gi\u1eef \u00e1p su\u1ea5t ng\u01b0\u1ee3c \u1edf m\u1ee9c th\u1ea5p v\u00e0 d\u1eabn \u0111\u1ebfn hi\u1ec7u qu\u1ea3 n\u0103ng l\u01b0\u1ee3ng cao h\u01a1n do gi\u1ea3m thi\u1ec3u s\u1ee9c c\u1ea3n d\u00f2ng ch\u1ea3y.<\/p>\n<h2><span class=\"ez-toc-section\" id=\"Mua_Loc_Tach_Dau_0532140156_Chinh_Hang_O_Dau\"><\/span><strong>Mua L\u1ecdc T\u00e1ch D\u1ea7u 0532140156 Ch\u00ednh H\u00e3ng \u1ede \u0110\u00e2u?<\/strong><span class=\"ez-toc-section-end\"><\/span><\/h2>\n<p class=\"ds-markdown-paragraph\">C\u00f4ng ty\u00a0<strong>Minh Ph\u00fa<\/strong>\u00a0l\u00e0 \u0111\u01a1n v\u1ecb cung c\u1ea5p ph\u1ee5 ki\u1ec7n b\u01a1m h\u00fat ch\u00e2n kh\u00f4ng\u00a0<a href=\"https:\/\/www.buschvacuum.com\/global\/en\/products\/spare-parts-and-accessories\/spare-parts\/exhaust-filters\/\" target=\"_blank\" rel=\"noopener\"><strong>Busch<\/strong><\/a>\u00a0ch\u00ednh h\u00e3ng, cam k\u1ebft:<br \/>\n\ud83d\udd39\u00a0<strong>H\u00e0ng nh\u1eadp kh\u1ea9u ch\u1ea5t l\u01b0\u1ee3ng cao<\/strong><br \/>\n\ud83d\udd39\u00a0<strong>Gi\u00e1 c\u1ea1nh tranh nh\u1ea5t th\u1ecb tr\u01b0\u1eddng<\/strong><br \/>\n\ud83d\udd39\u00a0<strong>H\u1ed7 tr\u1ee3 k\u1ef9 thu\u1eadt 24\/7<\/strong><\/p>\n<p class=\"ds-markdown-paragraph\">\ud83d\udcde\u00a0<strong>Li\u00ean h\u1ec7 ngay \u0111\u1ec3 \u0111\u01b0\u1ee3c t\u01b0 v\u1ea5n:<\/strong><\/p>\n<ul>\n<li>\n<p class=\"ds-markdown-paragraph\"><strong>Hotline\/Zalo:<\/strong>\u00a00985490343 \/ 0985843778<\/p>\n<\/li>\n<li>\n<p class=\"ds-markdown-paragraph\"><strong>Email:<\/strong>\u00a0<a href=\"https:\/\/mailto:Sales@minhphuco.vn\/\" target=\"_blank\" rel=\"noopener noreferrer\">Sales@minhphuco.vn<\/a><\/p>\n<\/li>\n<\/ul>\n<h3><span class=\"ez-toc-section\" id=\"Ket_Luan\"><\/span><strong>K\u1ebft Lu\u1eadn<\/strong><span class=\"ez-toc-section-end\"><\/span><\/h3>\n<p class=\"ds-markdown-paragraph\">L\u1ecdc t\u00e1ch d\u1ea7u\u00a0<strong>Busch 0532140156 (V532140156)<\/strong>\u00a0l\u00e0 linh ki\u1ec7n kh\u00f4ng th\u1ec3 thi\u1ebfu cho c\u00e1c h\u1ec7 th\u1ed1ng b\u01a1m ch\u00e2n kh\u00f4ng, gi\u00fap t\u0103ng tu\u1ed5i th\u1ecd m\u00e1y v\u00e0 \u0111\u1ea3m b\u1ea3o hi\u1ec7u su\u1ea5t l\u00e0m vi\u1ec7c t\u1ed1i \u01b0u. H\u00e3y l\u1ef1a ch\u1ecdn s\u1ea3n ph\u1ea9m ch\u00ednh h\u00e3ng t\u1ea1i\u00a0<a href=\"https:\/\/mpvane.com\/product-category\/loc-chan-khong\/loc-busch\/page\/2\/\"><strong>Minh Ph\u00fa<\/strong>\u00a0<\/a>\u0111\u1ec3 nh\u1eadn ch\u1ea5t l\u01b0\u1ee3ng t\u1ed1t nh\u1ea5t!<\/p>\n<p class=\"ds-markdown-paragraph\"><strong>#L\u1ecdcT\u00e1chD\u1ea7uBusch0532140156 #L\u1ecdcT\u00e1chNh\u1edbt0532140156 #PhinL\u1ecdcCh\u00e2nKh\u00f4ng #B\u01a1mH\u00fatCh\u00e2nKh\u00f4ngBusch #MinhPh\u00fa<\/strong><\/p>\n","protected":false},"excerpt":{"rendered":"<p>L\u1ecdc t\u00e1ch d\u1ea7u 0532140156, V532140156, L\u1ecdc Busch 0532140156<\/p>\n<p>K\u00edch th\u01b0\u1edbc : \u0110\u01b0\u1eddng k\u00ednh ngo\u00e0i: \u00d872 mm<br \/>\n\u0110\u01b0\u1eddng k\u00ednh trong: \u00d8 35 mm<br \/>\nChi\u1ec1u cao: 220 mm<\/p>\n","protected":false},"featured_media":8516,"comment_status":"open","ping_status":"closed","template":"","meta":{"_acf_changed":false},"product_brand":[],"product_cat":[702,2352],"product_tag":[2435],"class_list":{"0":"post-8218","1":"product","2":"type-product","3":"status-publish","4":"has-post-thumbnail","6":"product_cat-loc-chan-khong","7":"product_cat-loc-busch","8":"product_tag-2435","10":"first","11":"instock","12":"shipping-taxable","13":"product-type-simple"},"acf":[],"_links":{"self":[{"href":"https:\/\/mpvane.com\/en\/wp-json\/wp\/v2\/product\/8218","targetHints":{"allow":["GET"]}}],"collection":[{"href":"https:\/\/mpvane.com\/en\/wp-json\/wp\/v2\/product"}],"about":[{"href":"https:\/\/mpvane.com\/en\/wp-json\/wp\/v2\/types\/product"}],"replies":[{"embeddable":true,"href":"https:\/\/mpvane.com\/en\/wp-json\/wp\/v2\/comments?post=8218"}],"version-history":[{"count":5,"href":"https:\/\/mpvane.com\/en\/wp-json\/wp\/v2\/product\/8218\/revisions"}],"predecessor-version":[{"id":8631,"href":"https:\/\/mpvane.com\/en\/wp-json\/wp\/v2\/product\/8218\/revisions\/8631"}],"wp:featuredmedia":[{"embeddable":true,"href":"https:\/\/mpvane.com\/en\/wp-json\/wp\/v2\/media\/8516"}],"wp:attachment":[{"href":"https:\/\/mpvane.com\/en\/wp-json\/wp\/v2\/media?parent=8218"}],"wp:term":[{"taxonomy":"product_brand","embeddable":true,"href":"https:\/\/mpvane.com\/en\/wp-json\/wp\/v2\/product_brand?post=8218"},{"taxonomy":"product_cat","embeddable":true,"href":"https:\/\/mpvane.com\/en\/wp-json\/wp\/v2\/product_cat?post=8218"},{"taxonomy":"product_tag","embeddable":true,"href":"https:\/\/mpvane.com\/en\/wp-json\/wp\/v2\/product_tag?post=8218"}],"curies":[{"name":"wp","href":"https:\/\/api.w.org\/{rel}","templated":true}]}}