{"id":8213,"date":"2025-06-17T15:20:41","date_gmt":"2025-06-17T08:20:41","guid":{"rendered":"https:\/\/mpvane.com\/?post_type=product&#038;p=8213"},"modified":"2025-06-28T15:30:45","modified_gmt":"2025-06-28T08:30:45","slug":"loc-tach-dau-0532140155-loc-busch-v532140155","status":"publish","type":"product","link":"https:\/\/mpvane.com\/en\/san-pham\/loc-tach-dau-0532140155-loc-busch-v532140155\/","title":{"rendered":"L\u1ecdc t\u00e1ch d\u1ea7u 0532140155"},"content":{"rendered":"<div id=\"ez-toc-container\" class=\"ez-toc-v2_0_75 counter-hierarchy ez-toc-counter ez-toc-grey ez-toc-container-direction\">\n<div class=\"ez-toc-title-container\">\n<p class=\"ez-toc-title\" style=\"cursor:inherit\">Table of Contents<\/p>\n<span class=\"ez-toc-title-toggle\"><a href=\"#\" class=\"ez-toc-pull-right ez-toc-btn ez-toc-btn-xs ez-toc-btn-default ez-toc-toggle\" aria-label=\"Toggle Table of Content\"><span class=\"ez-toc-js-icon-con\"><span class=\"\"><span class=\"eztoc-hide\" style=\"display:none;\">Toggle<\/span><span class=\"ez-toc-icon-toggle-span\"><svg style=\"fill: #999;color:#999\" xmlns=\"http:\/\/www.w3.org\/2000\/svg\" class=\"list-377408\" width=\"20px\" height=\"20px\" viewBox=\"0 0 24 24\" fill=\"none\"><path d=\"M6 6H4v2h2V6zm14 0H8v2h12V6zM4 11h2v2H4v-2zm16 0H8v2h12v-2zM4 16h2v2H4v-2zm16 0H8v2h12v-2z\" fill=\"currentColor\"><\/path><\/svg><svg style=\"fill: #999;color:#999\" class=\"arrow-unsorted-368013\" xmlns=\"http:\/\/www.w3.org\/2000\/svg\" width=\"10px\" height=\"10px\" viewBox=\"0 0 24 24\" version=\"1.2\" baseProfile=\"tiny\"><path d=\"M18.2 9.3l-6.2-6.3-6.2 6.3c-.2.2-.3.4-.3.7s.1.5.3.7c.2.2.4.3.7.3h11c.3 0 .5-.1.7-.3.2-.2.3-.5.3-.7s-.1-.5-.3-.7zM5.8 14.7l6.2 6.3 6.2-6.3c.2-.2.3-.5.3-.7s-.1-.5-.3-.7c-.2-.2-.4-.3-.7-.3h-11c-.3 0-.5.1-.7.3-.2.2-.3.5-.3.7s.1.5.3.7z\"\/><\/svg><\/span><\/span><\/span><\/a><\/span><\/div>\n<nav><ul class='ez-toc-list ez-toc-list-level-1 ' ><li class='ez-toc-page-1 ez-toc-heading-level-1'><a class=\"ez-toc-link ez-toc-heading-1\" href=\"https:\/\/mpvane.com\/en\/san-pham\/loc-tach-dau-0532140155-loc-busch-v532140155\/#Loc_Tach_Dau_Busch_0532140155_V532140155_%E2%80%93_Chinh_Hang_Gia_Tot\" >L\u1ecdc T\u00e1ch D\u1ea7u Busch 0532140155 (V532140155) &#8211; Ch\u00ednh H\u00e3ng, Gi\u00e1 T\u1ed1t<\/a><ul class='ez-toc-list-level-2' ><li class='ez-toc-heading-level-2'><a class=\"ez-toc-link ez-toc-heading-2\" href=\"https:\/\/mpvane.com\/en\/san-pham\/loc-tach-dau-0532140155-loc-busch-v532140155\/#Thong_Tin_San_Pham\" >Th\u00f4ng Tin S\u1ea3n Ph\u1ea9m<\/a><\/li><li class='ez-toc-page-1 ez-toc-heading-level-2'><a class=\"ez-toc-link ez-toc-heading-3\" href=\"https:\/\/mpvane.com\/en\/san-pham\/loc-tach-dau-0532140155-loc-busch-v532140155\/#Loc_Tach_Dau_Busch_0532140155_Dung_Cho_Cac_Dong_Bom_Hut_Chan_Khong\" >L\u1ecdc T\u00e1ch D\u1ea7u Busch 0532140155 D\u00f9ng Cho C\u00e1c D\u00f2ng B\u01a1m H\u00fat Ch\u00e2n Kh\u00f4ng<\/a><\/li><li class='ez-toc-page-1 ez-toc-heading-level-2'><a class=\"ez-toc-link ez-toc-heading-4\" href=\"https:\/\/mpvane.com\/en\/san-pham\/loc-tach-dau-0532140155-loc-busch-v532140155\/#Uu_Diem_Cua_Loc_Tach_Dau\" >\u01afu \u0110i\u1ec3m C\u1ee7a L\u1ecdc T\u00e1ch D\u1ea7u<\/a><\/li><li class='ez-toc-page-1 ez-toc-heading-level-2'><a class=\"ez-toc-link ez-toc-heading-5\" href=\"https:\/\/mpvane.com\/en\/san-pham\/loc-tach-dau-0532140155-loc-busch-v532140155\/#Cac_Ma_Loc_Tuong_Duong\" >C\u00e1c M\u00e3 L\u1ecdc T\u01b0\u01a1ng \u0110\u01b0\u01a1ng<\/a><\/li><li class='ez-toc-page-1 ez-toc-heading-level-2'><a class=\"ez-toc-link ez-toc-heading-6\" href=\"https:\/\/mpvane.com\/en\/san-pham\/loc-tach-dau-0532140155-loc-busch-v532140155\/#TAI_SAO_NEN_SU_DUNG_BO_LOC_XA_CHINH_HANG_BUSCH\" >T\u1ea0I SAO N\u00caN S\u1eec D\u1ee4NG B\u1ed8 L\u1eccC X\u1ea2 CH\u00cdNH H\u00c3NG BUSCH?<\/a><\/li><li class='ez-toc-page-1 ez-toc-heading-level-2'><a class=\"ez-toc-link ez-toc-heading-7\" href=\"https:\/\/mpvane.com\/en\/san-pham\/loc-tach-dau-0532140155-loc-busch-v532140155\/#Mua_Loc_Tach_Dau_Busch_Chinh_Hang_O_Dau\" >Mua L\u1ecdc T\u00e1ch D\u1ea7u Busch Ch\u00ednh H\u00e3ng \u1ede \u0110\u00e2u?<\/a><ul class='ez-toc-list-level-3' ><li class='ez-toc-heading-level-3'><a class=\"ez-toc-link ez-toc-heading-8\" href=\"https:\/\/mpvane.com\/en\/san-pham\/loc-tach-dau-0532140155-loc-busch-v532140155\/#Tags\" >Tags:<\/a><\/li><\/ul><\/li><\/ul><\/li><\/ul><\/nav><\/div>\n<h1><span class=\"ez-toc-section\" id=\"Loc_Tach_Dau_Busch_0532140155_V532140155_%E2%80%93_Chinh_Hang_Gia_Tot\"><\/span><strong>L\u1ecdc T\u00e1ch D\u1ea7u Busch 0532140155 (V532140155) &#8211; Ch\u00ednh H\u00e3ng, Gi\u00e1 T\u1ed1t<\/strong><span class=\"ez-toc-section-end\"><\/span><\/h1>\n<h2><span class=\"ez-toc-section\" id=\"Thong_Tin_San_Pham\"><\/span><strong>Th\u00f4ng Tin S\u1ea3n Ph\u1ea9m<\/strong><span class=\"ez-toc-section-end\"><\/span><\/h2>\n<ul>\n<li>\n<p class=\"ds-markdown-paragraph\"><strong>M\u00e3 s\u1ea3n ph\u1ea9m:<\/strong>\u00a00532140155, V532140155<\/p>\n<\/li>\n<li>\n<p class=\"ds-markdown-paragraph\"><strong>Th\u01b0\u01a1ng hi\u1ec7u:<\/strong>\u00a0Busch<\/p>\n<\/li>\n<li>\n<p class=\"ds-markdown-paragraph\"><strong>Lo\u1ea1i l\u1ecdc:<\/strong>\u00a0L\u1ecdc t\u00e1ch d\u1ea7u, l\u1ecdc t\u00e1ch nh\u1edbt, l\u1ecdc ch\u00e2n kh\u00f4ng<\/p>\n<\/li>\n<li>\n<p class=\"ds-markdown-paragraph\"><strong>K\u00edch th\u01b0\u1edbc:<\/strong><\/p>\n<ul>\n<li>\n<p class=\"ds-markdown-paragraph\">\u0110\u01b0\u1eddng k\u00ednh ngo\u00e0i: \u00d872 mm<\/p>\n<\/li>\n<li>\n<p class=\"ds-markdown-paragraph\">\u0110\u01b0\u1eddng k\u00ednh trong: \u00d835 mm<\/p>\n<\/li>\n<li>\n<p class=\"ds-markdown-paragraph\">Chi\u1ec1u cao: 130 mm<\/p>\n<\/li>\n<\/ul>\n<\/li>\n<\/ul>\n<h2><span class=\"ez-toc-section\" id=\"Loc_Tach_Dau_Busch_0532140155_Dung_Cho_Cac_Dong_Bom_Hut_Chan_Khong\"><\/span><strong>L\u1ecdc T\u00e1ch D\u1ea7u Busch 0532140155 D\u00f9ng Cho C\u00e1c D\u00f2ng B\u01a1m H\u00fat Ch\u00e2n Kh\u00f4ng<\/strong><span class=\"ez-toc-section-end\"><\/span><\/h2>\n<p class=\"ds-markdown-paragraph\">L\u1ecdc t\u00e1ch d\u1ea7u\u00a0<strong>Busch 0532140155<\/strong>\u00a0(V532140155) l\u00e0 ph\u1ee5 ki\u1ec7n ch\u00ednh h\u00e3ng, \u0111\u1ea3m b\u1ea3o hi\u1ec7u su\u1ea5t ho\u1ea1t \u0111\u1ed9ng t\u1ed1i \u01b0u cho c\u00e1c d\u00f2ng b\u01a1m h\u00fat ch\u00e2n kh\u00f4ng Busch nh\u01b0:<\/p>\n<ul>\n<li>\n<p class=\"ds-markdown-paragraph\"><strong>BUSCH R5 0025 D<\/strong><\/p>\n<\/li>\n<li>\n<p class=\"ds-markdown-paragraph\"><strong>BUSCH R5 RA 0012 B<\/strong><\/p>\n<\/li>\n<li>\n<p class=\"ds-markdown-paragraph\"><strong>BUSCH R5 RC 0012 B<\/strong><\/p>\n<\/li>\n<li>\n<p class=\"ds-markdown-paragraph\"><strong>BUSCH R5 0040 D<\/strong><\/p>\n<\/li>\n<li>\n<p class=\"ds-markdown-paragraph\"><strong>BUSCH R5 RA 0012<\/strong><\/p>\n<\/li>\n<li>\n<p class=\"ds-markdown-paragraph\"><strong>BUSCH R5 RC 0012<\/strong><\/p>\n<\/li>\n<li>\n<p class=\"ds-markdown-paragraph\"><strong>BUSCH R5 RA 0021 B<\/strong><\/p>\n<\/li>\n<li>\n<p class=\"ds-markdown-paragraph\"><strong>BUSCH R5 RC 0021 B<\/strong><\/p>\n<\/li>\n<li>\n<p class=\"ds-markdown-paragraph\"><strong>BUSCH R5 RA 0021<\/strong><\/p>\n<\/li>\n<li>\n<p class=\"ds-markdown-paragraph\"><strong>BUSCH R5 RC 0021<\/strong><\/p>\n<\/li>\n<\/ul>\n<h2><span class=\"ez-toc-section\" id=\"Uu_Diem_Cua_Loc_Tach_Dau\"><\/span><strong>\u01afu \u0110i\u1ec3m C\u1ee7a L\u1ecdc T\u00e1ch D\u1ea7u<\/strong><span class=\"ez-toc-section-end\"><\/span><\/h2>\n<p class=\"ds-markdown-paragraph\">\u2705\u00a0<strong>Ch\u1ea5t l\u01b0\u1ee3ng cao<\/strong>\u00a0&#8211; L\u1ecdc ch\u00ednh h\u00e3ng Busch, \u0111\u1ea3m b\u1ea3o \u0111\u1ed9 b\u1ec1n v\u00e0 hi\u1ec7u su\u1ea5t.<br \/>\n\u2705\u00a0<strong>T\u01b0\u01a1ng th\u00edch t\u1ed1t<\/strong>\u00a0&#8211; Ph\u00f9 h\u1ee3p v\u1edbi nhi\u1ec1u model b\u01a1m h\u00fat ch\u00e2n kh\u00f4ng Busch.<br \/>\n\u2705\u00a0<strong>L\u1ecdc hi\u1ec7u qu\u1ea3<\/strong>\u00a0&#8211; Gi\u00fap t\u00e1ch d\u1ea7u, nh\u1edbt v\u00e0 b\u1ea3o v\u1ec7 h\u1ec7 th\u1ed1ng ch\u00e2n kh\u00f4ng kh\u1ecfi b\u1ee5i b\u1ea9n.<br \/>\n\u2705\u00a0<strong>D\u1ec5 d\u00e0ng thay th\u1ebf<\/strong>\u00a0&#8211; Thi\u1ebft k\u1ebf ti\u00eau chu\u1ea9n, d\u1ec5 d\u00e0ng l\u1eafp \u0111\u1eb7t v\u00e0 b\u1ea3o tr\u00ec.<\/p>\n<h2><span class=\"ez-toc-section\" id=\"Cac_Ma_Loc_Tuong_Duong\"><\/span><strong>C\u00e1c M\u00e3 L\u1ecdc T\u01b0\u01a1ng \u0110\u01b0\u01a1ng<\/strong><span class=\"ez-toc-section-end\"><\/span><\/h2>\n<p class=\"ds-markdown-paragraph\">Ngo\u00e0i m\u00e3\u00a0<strong>0532140155 (V532140155)<\/strong>, b\u1ea1n c\u00f3 th\u1ec3 tham kh\u1ea3o c\u00e1c m\u00e3 l\u1ecdc t\u01b0\u01a1ng t\u1ef1:<\/p>\n<ul>\n<li>\n<p class=\"ds-markdown-paragraph\"><strong>0532000510<\/strong>, 532000510, 0532 000 510, 532510<\/p>\n<\/li>\n<li>\n<p class=\"ds-markdown-paragraph\"><strong>0532127415<\/strong>, 532127415, 0532 127 415<\/p>\n<\/li>\n<\/ul>\n<h2 class=\"headline--2\"><span class=\"ez-toc-section\" id=\"TAI_SAO_NEN_SU_DUNG_BO_LOC_XA_CHINH_HANG_BUSCH\"><\/span>T\u1ea0I SAO N\u00caN S\u1eec D\u1ee4NG B\u1ed8 L\u1eccC X\u1ea2 CH\u00cdNH H\u00c3NG BUSCH?<span class=\"ez-toc-section-end\"><\/span><\/h2>\n<p class=\"text--4 text--bold m__bottom--sm\"><span>Ti\u1ebft ki\u1ec7m chi ph\u00ed<\/span><\/p>\n<div class=\"default-list\">\n<ul class=\"hooks\">\n<li>\u00c1p su\u1ea5t ng\u01b0\u1ee3c th\u1ea5p c\u1ea3i thi\u1ec7n hi\u1ec7u qu\u1ea3 n\u0103ng l\u01b0\u1ee3ng<\/li>\n<li>99% l\u01b0\u1ee3ng d\u1ea7u th\u1ea3i ra \u0111\u01b0\u1ee3c thu l\u1ea1i v\u00e0 \u0111\u01b0a tr\u1edf l\u1ea1i h\u1ec7 th\u1ed1ng, gi\u00fap gi\u1ea3m nhu c\u1ea7u n\u1ea1p d\u1ea7u<\/li>\n<li>V\u1eadt li\u1ec7u l\u1ecdc m\u1ecbn l\u1ea5p \u0111\u1ea7y ch\u1eadm h\u01a1n so v\u1edbi b\u1ed9 l\u1ecdc th\u00f4ng th\u01b0\u1eddng, k\u00e9o d\u00e0i th\u1eddi gian thay th\u1ebf<\/li>\n<\/ul>\n<p class=\"text--4 text--bold m__bottom--sm\">M\u00f4i tr\u01b0\u1eddng l\u00e0m vi\u1ec7c t\u1ed1t h\u01a1n<\/p>\n<div class=\"default-list\">\n<ul class=\"hooks\">\n<li>Kh\u00f4ng kh\u00ed trong l\u00e0nh h\u01a1n<\/li>\n<li>Gi\u1ea3m m\u1ee9c \u0111\u1ed9 ti\u1ebfng \u1ed3n<\/li>\n<li>Nhi\u1ec7t \u0111\u1ed9 th\u1ea5p h\u01a1n \u1edf g\u1ea7n m\u00e1y b\u01a1m<\/li>\n<\/ul>\n<p class=\"text--4 text--bold m__bottom--sm\"><span>Hi\u1ec7u su\u1ea5t v\u01b0\u1ee3t tr\u1ed9i<\/span><\/p>\n<div class=\"default-list\">\n<ul class=\"hooks\">\n<li><span>Kh\u00f4ng c\u00f3 t\u00e1c \u0111\u1ed9ng ti\u00eau c\u1ef1c \u0111\u1ebfn \u00e1p su\u1ea5t cu\u1ed1i c\u00f9ng trong su\u1ed1t th\u1eddi gian s\u1eed d\u1ee5ng c\u1ee7a b\u1ed9 l\u1ecdc<\/span><\/li>\n<li><span>S\u1ee9c c\u1ea3n d\u00f2ng ch\u1ea3y t\u1ed1i thi\u1ec3u l\u00e0m gi\u1ea3m t\u1ea3i cho m\u00e1y b\u01a1m ch\u00e2n kh\u00f4ng<\/span><\/li>\n<li><span>Hi\u1ec7u su\u1ea5t l\u1ecdc \u1ed5n \u0111\u1ecbnh, b\u1ea5t k\u1ec3 \u1ee9ng d\u1ee5ng n\u00e0o<\/span><\/li>\n<\/ul>\n<p><span>B\u1ed9 l\u1ecdc kh\u00ed th\u1ea3i l\u00e0 m\u1ed9t b\u1ed9 ph\u1eadn thi\u1ebft y\u1ebfu c\u1ee7a m\u00e1y b\u01a1m ch\u00e2n kh\u00f4ng b\u00f4i tr\u01a1n b\u1eb1ng d\u1ea7u. N\u1ebfu kh\u00f4ng c\u00f3 b\u1ed9 l\u1ecdc n\u00e0y, c\u00e1c m\u00e1y b\u01a1m ch\u00e2n kh\u00f4ng n\u00e0y s\u1ebd t\u1ea1o ra s\u01b0\u01a1ng d\u1ea7u m\u1ecbn trong qu\u00e1 tr\u00ecnh v\u1eadn h\u00e0nh. B\u1ed9 l\u1ecdc kh\u00ed th\u1ea3i ch\u00ednh h\u00e3ng c\u1ee7a Busch s\u1ebd thu \u0111\u01b0\u1ee3c 99% c\u00e1c h\u1ea1t d\u1ea7u n\u00e0y. \u0110i\u1ec1u n\u00e0y \u0111\u1ea3m b\u1ea3o r\u1eb1ng ch\u1ec9 c\u00f3 kh\u00f4ng kh\u00ed s\u1ea1ch m\u1edbi \u0111\u01b0\u1ee3c \u0111\u1ea9y ra ngo\u00e0i kh\u00ed quy\u1ec3n v\u00e0 t\u1ea5t c\u1ea3 d\u1ea7u thu \u0111\u01b0\u1ee3c c\u00f3 th\u1ec3 \u0111\u01b0\u1ee3c \u0111\u01b0a tr\u1edf l\u1ea1i h\u1ec7 th\u1ed1ng.<\/span><\/p>\n<p><span>T\u1ea1o ra m\u00f4i tr\u01b0\u1eddng l\u00e0m vi\u1ec7c t\u1ed1t h\u01a1n v\u00e0 ti\u1ebft ki\u1ec7m ti\u1ec1n v\u1edbi b\u1ed9 l\u1ecdc kh\u00ed th\u1ea3i ch\u00ednh h\u00e3ng c\u1ee7a Busch.<\/span><\/p>\n<\/div>\n<\/div>\n<\/div>\n<h2><span class=\"ez-toc-section\" id=\"Mua_Loc_Tach_Dau_Busch_Chinh_Hang_O_Dau\"><\/span><strong>Mua L\u1ecdc T\u00e1ch D\u1ea7u Busch Ch\u00ednh H\u00e3ng \u1ede \u0110\u00e2u?<\/strong><span class=\"ez-toc-section-end\"><\/span><\/h2>\n<p class=\"ds-markdown-paragraph\">\ud83d\udd39\u00a0<strong>C\u00d4NG TY TNHH K\u1ef8 THU\u1eacT V\u00c0 D\u1ecaCH V\u1ee4 MINH PH\u00da<\/strong>\u00a0cung c\u1ea5p l\u1ecdc t\u00e1ch d\u1ea7u\u00a0<strong>Busch 0532140155<\/strong>\u00a0ch\u00ednh h\u00e3ng, gi\u00e1 t\u1ed1t.<\/p>\n<p class=\"ds-markdown-paragraph\">\ud83d\udcde\u00a0<strong>Li\u00ean h\u1ec7 ngay:<\/strong><\/p>\n<ul>\n<li>\n<p class=\"ds-markdown-paragraph\"><strong>Email:<\/strong>\u00a0<a href=\"https:\/\/mailto:Sales@minhphuco.vn\/\" target=\"_blank\" rel=\"noopener noreferrer\">Sales@minhphuco.vn<\/a><\/p>\n<\/li>\n<li>\n<p class=\"ds-markdown-paragraph\"><strong>Zalo:<\/strong>\u00a00985490343 \/ 0985843778<\/p>\n<\/li>\n<\/ul>\n<p class=\"ds-markdown-paragraph\">\u0110\u1eb7t h\u00e0ng ngay \u0111\u1ec3 nh\u1eadn\u00a0<strong>\u01b0u \u0111\u00e3i t\u1ed1t nh\u1ea5t<\/strong>\u00a0v\u00e0\u00a0<strong>h\u1ed7 tr\u1ee3 k\u1ef9 thu\u1eadt t\u1eadn t\u00e2m<\/strong>!<\/p>\n<p>Tham kh\u1ea3o th\u00eam l\u1ecdc t\u00e1ch d\u1ea7u Busch t\u1ea1i <a href=\"https:\/\/mpvane.com\/product-category\/loc-chan-khong\/loc-busch\/page\/3\/\">www.mpvane.com<\/a><\/p>\n<h3><span class=\"ez-toc-section\" id=\"Tags\"><\/span><strong>Tags:<\/strong><span class=\"ez-toc-section-end\"><\/span><\/h3>\n<p class=\"ds-markdown-paragraph\">#L\u1ecdcT\u00e1chD\u1ea7uBusch0532140155 #L\u1ecdcT\u00e1chNh\u1edbt0532140155 #Busch0532140155 #L\u1ecdcCh\u00e2nKh\u00f4ng0532140155 #PhinL\u1ecdc0532140155 #L\u1ecdcB\u01a1mH\u00fatCh\u00e2nKh\u00f4ng #V532140155 #BuschR5 #MinhPhuco<\/p>\n","protected":false},"excerpt":{"rendered":"<p>L\u1ecdc t\u00e1ch d\u1ea7u 0532140155, V532140155, L\u1ecdc Busch 0532140155<\/p>\n<p>K\u00edch th\u01b0\u1edbc : \u0110\u01b0\u1eddng k\u00ednh ngo\u00e0i: \u00d872 mm<br \/>\n\u0110\u01b0\u1eddng k\u00ednh trong: \u00d8 35 mm<br \/>\nChi\u1ec1u cao: 130 mm<\/p>\n","protected":false},"featured_media":8216,"comment_status":"open","ping_status":"closed","template":"","meta":{"_acf_changed":false},"product_brand":[],"product_cat":[702,2352],"product_tag":[2431,2405],"class_list":{"0":"post-8213","1":"product","2":"type-product","3":"status-publish","4":"has-post-thumbnail","6":"product_cat-loc-chan-khong","7":"product_cat-loc-busch","8":"product_tag-2431","9":"product_tag-loc-bom-hut-chan-khong-busch","11":"first","12":"instock","13":"shipping-taxable","14":"product-type-simple"},"acf":[],"_links":{"self":[{"href":"https:\/\/mpvane.com\/en\/wp-json\/wp\/v2\/product\/8213","targetHints":{"allow":["GET"]}}],"collection":[{"href":"https:\/\/mpvane.com\/en\/wp-json\/wp\/v2\/product"}],"about":[{"href":"https:\/\/mpvane.com\/en\/wp-json\/wp\/v2\/types\/product"}],"replies":[{"embeddable":true,"href":"https:\/\/mpvane.com\/en\/wp-json\/wp\/v2\/comments?post=8213"}],"version-history":[{"count":4,"href":"https:\/\/mpvane.com\/en\/wp-json\/wp\/v2\/product\/8213\/revisions"}],"predecessor-version":[{"id":8630,"href":"https:\/\/mpvane.com\/en\/wp-json\/wp\/v2\/product\/8213\/revisions\/8630"}],"wp:featuredmedia":[{"embeddable":true,"href":"https:\/\/mpvane.com\/en\/wp-json\/wp\/v2\/media\/8216"}],"wp:attachment":[{"href":"https:\/\/mpvane.com\/en\/wp-json\/wp\/v2\/media?parent=8213"}],"wp:term":[{"taxonomy":"product_brand","embeddable":true,"href":"https:\/\/mpvane.com\/en\/wp-json\/wp\/v2\/product_brand?post=8213"},{"taxonomy":"product_cat","embeddable":true,"href":"https:\/\/mpvane.com\/en\/wp-json\/wp\/v2\/product_cat?post=8213"},{"taxonomy":"product_tag","embeddable":true,"href":"https:\/\/mpvane.com\/en\/wp-json\/wp\/v2\/product_tag?post=8213"}],"curies":[{"name":"wp","href":"https:\/\/api.w.org\/{rel}","templated":true}]}}