{"id":8211,"date":"2025-06-14T22:14:02","date_gmt":"2025-06-14T15:14:02","guid":{"rendered":"https:\/\/mpvane.com\/?post_type=product&#038;p=8211"},"modified":"2025-06-28T15:26:23","modified_gmt":"2025-06-28T08:26:23","slug":"loc-tach-dau-0532140154v532140154","status":"publish","type":"product","link":"https:\/\/mpvane.com\/en\/san-pham\/loc-tach-dau-0532140154v532140154\/","title":{"rendered":"L\u1ecdc t\u00e1ch d\u1ea7u 0532140154"},"content":{"rendered":"<div id=\"ez-toc-container\" class=\"ez-toc-v2_0_75 counter-hierarchy ez-toc-counter ez-toc-grey ez-toc-container-direction\">\n<div class=\"ez-toc-title-container\">\n<p class=\"ez-toc-title\" style=\"cursor:inherit\">Table of Contents<\/p>\n<span class=\"ez-toc-title-toggle\"><a href=\"#\" class=\"ez-toc-pull-right ez-toc-btn ez-toc-btn-xs ez-toc-btn-default ez-toc-toggle\" aria-label=\"Toggle Table of Content\"><span class=\"ez-toc-js-icon-con\"><span class=\"\"><span class=\"eztoc-hide\" style=\"display:none;\">Toggle<\/span><span class=\"ez-toc-icon-toggle-span\"><svg style=\"fill: #999;color:#999\" xmlns=\"http:\/\/www.w3.org\/2000\/svg\" class=\"list-377408\" width=\"20px\" height=\"20px\" viewBox=\"0 0 24 24\" fill=\"none\"><path d=\"M6 6H4v2h2V6zm14 0H8v2h12V6zM4 11h2v2H4v-2zm16 0H8v2h12v-2zM4 16h2v2H4v-2zm16 0H8v2h12v-2z\" fill=\"currentColor\"><\/path><\/svg><svg style=\"fill: #999;color:#999\" class=\"arrow-unsorted-368013\" xmlns=\"http:\/\/www.w3.org\/2000\/svg\" width=\"10px\" height=\"10px\" viewBox=\"0 0 24 24\" version=\"1.2\" baseProfile=\"tiny\"><path d=\"M18.2 9.3l-6.2-6.3-6.2 6.3c-.2.2-.3.4-.3.7s.1.5.3.7c.2.2.4.3.7.3h11c.3 0 .5-.1.7-.3.2-.2.3-.5.3-.7s-.1-.5-.3-.7zM5.8 14.7l6.2 6.3 6.2-6.3c.2-.2.3-.5.3-.7s-.1-.5-.3-.7c-.2-.2-.4-.3-.7-.3h-11c-.3 0-.5.1-.7.3-.2.2-.3.5-.3.7s.1.5.3.7z\"\/><\/svg><\/span><\/span><\/span><\/a><\/span><\/div>\n<nav><ul class='ez-toc-list ez-toc-list-level-1 ' ><li class='ez-toc-page-1 ez-toc-heading-level-1'><a class=\"ez-toc-link ez-toc-heading-1\" href=\"https:\/\/mpvane.com\/en\/san-pham\/loc-tach-dau-0532140154v532140154\/#Loc_Tach_Dau_Busch_0532140154_%E2%80%93_Chinh_Hang_Gia_Tot\" >L\u1ecdc T\u00e1ch D\u1ea7u Busch 0532140154 &#8211; Ch\u00ednh H\u00e3ng, Gi\u00e1 T\u1ed1t<\/a><ul class='ez-toc-list-level-2' ><li class='ez-toc-heading-level-2'><a class=\"ez-toc-link ez-toc-heading-2\" href=\"https:\/\/mpvane.com\/en\/san-pham\/loc-tach-dau-0532140154v532140154\/#Thong_Tin_San_Pham\" >Th\u00f4ng Tin S\u1ea3n Ph\u1ea9m<\/a><\/li><li class='ez-toc-page-1 ez-toc-heading-level-2'><a class=\"ez-toc-link ez-toc-heading-3\" href=\"https:\/\/mpvane.com\/en\/san-pham\/loc-tach-dau-0532140154v532140154\/#Ung_Dung\" >\u1ee8ng D\u1ee5ng<\/a><\/li><li class='ez-toc-page-1 ez-toc-heading-level-2'><a class=\"ez-toc-link ez-toc-heading-4\" href=\"https:\/\/mpvane.com\/en\/san-pham\/loc-tach-dau-0532140154v532140154\/#Cac_Ma_Tuong_Thich\" >C\u00e1c M\u00e3 T\u01b0\u01a1ng Th\u00edch<\/a><\/li><li class='ez-toc-page-1 ez-toc-heading-level-2'><a class=\"ez-toc-link ez-toc-heading-5\" href=\"https:\/\/mpvane.com\/en\/san-pham\/loc-tach-dau-0532140154v532140154\/#Tai_Sao_Chon_Loc_Tach_Dau_Busch_0532140154\" >T\u1ea1i Sao Ch\u1ecdn L\u1ecdc T\u00e1ch D\u1ea7u Busch 0532140154?<\/a><\/li><li class='ez-toc-page-1 ez-toc-heading-level-2'><a class=\"ez-toc-link ez-toc-heading-6\" href=\"https:\/\/mpvane.com\/en\/san-pham\/loc-tach-dau-0532140154v532140154\/#LOC_TACH_DAU_V532140154_HOAT_DONG_NHU_THE_NAO\" >L\u1eccC T\u00c1CH D\u1ea6U V532140154 HO\u1ea0T \u0110\u1ed8NG NH\u01af TH\u1ebe N\u00c0O<\/a><\/li><li class='ez-toc-page-1 ez-toc-heading-level-2'><a class=\"ez-toc-link ez-toc-heading-7\" href=\"https:\/\/mpvane.com\/en\/san-pham\/loc-tach-dau-0532140154v532140154\/#Lien_He_Dat_Hang\" >Li\u00ean H\u1ec7 \u0110\u1eb7t H\u00e0ng<\/a><ul class='ez-toc-list-level-3' ><li class='ez-toc-heading-level-3'><a class=\"ez-toc-link ez-toc-heading-8\" href=\"https:\/\/mpvane.com\/en\/san-pham\/loc-tach-dau-0532140154v532140154\/#Tu_Khoa_Lien_Quan\" >T\u1eeb Kh\u00f3a Li\u00ean Quan<\/a><\/li><\/ul><\/li><\/ul><\/li><\/ul><\/nav><\/div>\n<h1><span class=\"ez-toc-section\" id=\"Loc_Tach_Dau_Busch_0532140154_%E2%80%93_Chinh_Hang_Gia_Tot\"><\/span><strong>L\u1ecdc T\u00e1ch D\u1ea7u Busch 0532140154 &#8211; Ch\u00ednh H\u00e3ng, Gi\u00e1 T\u1ed1t<\/strong><span class=\"ez-toc-section-end\"><\/span><\/h1>\n<h2><span class=\"ez-toc-section\" id=\"Thong_Tin_San_Pham\"><\/span><strong>Th\u00f4ng Tin S\u1ea3n Ph\u1ea9m<\/strong><span class=\"ez-toc-section-end\"><\/span><\/h2>\n<p class=\"ds-markdown-paragraph\"><strong>M\u00e3 s\u1ea3n ph\u1ea9m:<\/strong>\u00a00532140154, V532140154<br \/>\n<strong>Th\u01b0\u01a1ng hi\u1ec7u:<\/strong>\u00a0Busch<br \/>\n<strong>K\u00edch th\u01b0\u1edbc:<\/strong><\/p>\n<ul>\n<li>\n<p class=\"ds-markdown-paragraph\">\u0110\u01b0\u1eddng k\u00ednh ngo\u00e0i: \u00d853 mm<\/p>\n<\/li>\n<li>\n<p class=\"ds-markdown-paragraph\">\u0110\u01b0\u1eddng k\u00ednh trong: \u00d828 mm<\/p>\n<\/li>\n<li>\n<p class=\"ds-markdown-paragraph\">Chi\u1ec1u cao: 120 mm<\/p>\n<\/li>\n<\/ul>\n<p class=\"ds-markdown-paragraph\">L\u1ecdc t\u00e1ch d\u1ea7u\u00a0<strong>Busch 0532140154<\/strong>\u00a0l\u00e0 ph\u1ee5 ki\u1ec7n ch\u00ednh h\u00e3ng, \u0111\u1ea3m b\u1ea3o hi\u1ec7u su\u1ea5t t\u1ed1i \u01b0u cho h\u1ec7 th\u1ed1ng b\u01a1m h\u00fat ch\u00e2n kh\u00f4ng. S\u1ea3n ph\u1ea9m gi\u00fap t\u00e1ch d\u1ea7u hi\u1ec7u qu\u1ea3, b\u1ea3o v\u1ec7 m\u00e1y b\u01a1m kh\u1ecfi b\u1ee5i b\u1ea9n v\u00e0 t\u1ea1p ch\u1ea5t, k\u00e9o d\u00e0i tu\u1ed5i th\u1ecd thi\u1ebft b\u1ecb.<\/p>\n<div id=\"attachment_8525\" style=\"width: 847px\" class=\"wp-caption alignnone\"><img fetchpriority=\"high\" decoding=\"async\" aria-describedby=\"caption-attachment-8525\" class=\"l\u1ecdc t\u00e1ch d\u1ea7u busch 0532140154 ch\u00ednh h\u00e3ng wp-image-8525 size-full\" title=\"l\u1ecdc t\u00e1ch d\u1ea7u busch 0532140154 ch\u00ednh h\u00e3ng\" src=\"https:\/\/mpvane.com\/wp-content\/uploads\/2025\/06\/loc-tach-dau-0532140154-chinh-hang1.jpg\" alt=\"l\u1ecdc t\u00e1ch d\u1ea7u busch 0532140154 ch\u00ednh h\u00e3ng\" width=\"837\" height=\"522\" srcset=\"https:\/\/mpvane.com\/wp-content\/uploads\/2025\/06\/loc-tach-dau-0532140154-chinh-hang1.jpg 837w, https:\/\/mpvane.com\/wp-content\/uploads\/2025\/06\/loc-tach-dau-0532140154-chinh-hang1-300x187.jpg 300w, https:\/\/mpvane.com\/wp-content\/uploads\/2025\/06\/loc-tach-dau-0532140154-chinh-hang1-768x479.jpg 768w, https:\/\/mpvane.com\/wp-content\/uploads\/2025\/06\/loc-tach-dau-0532140154-chinh-hang1-150x94.jpg 150w\" sizes=\"(max-width: 837px) 100vw, 837px\" \/><p id=\"caption-attachment-8525\" class=\"wp-caption-text\">l\u1ecdc t\u00e1ch d\u1ea7u busch 0532140154 ch\u00ednh h\u00e3ng<\/p><\/div>\n<hr \/>\n<h2><span class=\"ez-toc-section\" id=\"Ung_Dung\"><\/span><strong>\u1ee8ng D\u1ee5ng<\/strong><span class=\"ez-toc-section-end\"><\/span><\/h2>\n<p class=\"ds-markdown-paragraph\">L\u1ecdc t\u00e1ch d\u1ea7u\u00a0<strong>0532140154<\/strong>\u00a0ph\u00f9 h\u1ee3p v\u1edbi c\u00e1c d\u00f2ng b\u01a1m h\u00fat ch\u00e2n kh\u00f4ng Busch:<\/p>\n<ul>\n<li>\n<p class=\"ds-markdown-paragraph\"><strong>BUSCH R5 RA 0010 D<\/strong><\/p>\n<\/li>\n<li>\n<p class=\"ds-markdown-paragraph\"><strong>BUSCH R5 RC 0010 D<\/strong><\/p>\n<\/li>\n<li>\n<p class=\"ds-markdown-paragraph\"><strong>BUSCH R5 RA 0010 C<\/strong><\/p>\n<\/li>\n<li>\n<p class=\"ds-markdown-paragraph\"><strong>BUSCH R5 RC 0010 C<\/strong><\/p>\n<\/li>\n<li>\n<p class=\"ds-markdown-paragraph\"><strong>BUSCH R5 RA 0016 D<\/strong><\/p>\n<\/li>\n<li>\n<p class=\"ds-markdown-paragraph\"><strong>BUSCH R5 RC 0016 D<\/strong><\/p>\n<\/li>\n<li>\n<p class=\"ds-markdown-paragraph\"><strong>BUSCH R5 RA 0016 C<\/strong><\/p>\n<\/li>\n<li>\n<p class=\"ds-markdown-paragraph\"><strong>BUSCH R5 RC 0016 C<\/strong><\/p>\n<\/li>\n<li>\n<p class=\"ds-markdown-paragraph\"><strong>BUSCH R5 RA 0018 D<\/strong><\/p>\n<\/li>\n<li>\n<p class=\"ds-markdown-paragraph\"><strong>BUSCH R5 RC 0018 D<\/strong><\/p>\n<\/li>\n<li>\n<p class=\"ds-markdown-paragraph\"><strong>BUSCH R5 RA 0020 D<\/strong><\/p>\n<\/li>\n<li>\n<p class=\"ds-markdown-paragraph\"><strong>BUSCH R5 RC 0020 D<\/strong><\/p>\n<\/li>\n<li>\n<p class=\"ds-markdown-paragraph\"><strong>BUSCH R5 KB 0010 D<\/strong><\/p>\n<\/li>\n<li>\n<p class=\"ds-markdown-paragraph\"><strong>BUSCH R5 KB 0010 E<\/strong><\/p>\n<\/li>\n<li>\n<p class=\"ds-markdown-paragraph\"><strong>BUSCH R5 KB 0016 D<\/strong><\/p>\n<\/li>\n<li>\n<p class=\"ds-markdown-paragraph\"><strong>BUSCH R5 KB 0016 E<\/strong><\/p>\n<\/li>\n<li>\n<p class=\"ds-markdown-paragraph\"><strong>BUSCH R5 KB 0020 D<\/strong><\/p>\n<\/li>\n<li>\n<p class=\"ds-markdown-paragraph\"><strong>BUSCH R5 KB 0040 D<\/strong><\/p>\n<\/li>\n<\/ul>\n<hr \/>\n<h2><span class=\"ez-toc-section\" id=\"Cac_Ma_Tuong_Thich\"><\/span><strong>C\u00e1c M\u00e3 T\u01b0\u01a1ng Th\u00edch<\/strong><span class=\"ez-toc-section-end\"><\/span><\/h2>\n<p class=\"ds-markdown-paragraph\">Ngo\u00e0i\u00a0<strong>0532140154<\/strong>, qu\u00fd kh\u00e1ch c\u00f3 th\u1ec3 tham kh\u1ea3o c\u00e1c m\u00e3 l\u1ecdc t\u01b0\u01a1ng t\u1ef1:<\/p>\n<ul>\n<li>\n<p class=\"ds-markdown-paragraph\"><strong>0532105216<\/strong>, 532105216, 0532 105 216<\/p>\n<\/li>\n<li>\n<p class=\"ds-markdown-paragraph\"><strong>0532127414<\/strong>, 532127414, 0532 127 414<\/p>\n<\/li>\n<\/ul>\n<hr \/>\n<h2><span class=\"ez-toc-section\" id=\"Tai_Sao_Chon_Loc_Tach_Dau_Busch_0532140154\"><\/span><strong>T\u1ea1i Sao Ch\u1ecdn L\u1ecdc T\u00e1ch D\u1ea7u <a href=\"https:\/\/www.buschvacuum.com\/global\/en\/products\/spare-parts-and-accessories\/spare-parts\/exhaust-filters\/\" target=\"_blank\" rel=\"noopener\">Busch<\/a> 0532140154?<\/strong><span class=\"ez-toc-section-end\"><\/span><\/h2>\n<p class=\"ds-markdown-paragraph\">\u2705\u00a0<strong>Ch\u1ea5t l\u01b0\u1ee3ng ch\u00ednh h\u00e3ng<\/strong>\u00a0\u2013 \u0110\u1ea3m b\u1ea3o hi\u1ec7u su\u1ea5t l\u1ecdc t\u1ed1i \u01b0u.<br \/>\n\u2705\u00a0<strong>\u0110\u1ed9 b\u1ec1n cao<\/strong>\u00a0\u2013 V\u1eadt li\u1ec7u b\u1ec1n b\u1ec9, ch\u1ecbu \u0111\u01b0\u1ee3c \u00e1p l\u1ef1c l\u1edbn.<br \/>\n\u2705\u00a0<strong>T\u01b0\u01a1ng th\u00edch nhi\u1ec1u d\u00f2ng m\u00e1y<\/strong>\u00a0\u2013 Ph\u00f9 h\u1ee3p v\u1edbi nhi\u1ec1u model b\u01a1m h\u00fat ch\u00e2n kh\u00f4ng Busch.<br \/>\n\u2705\u00a0<strong>D\u1ec5 d\u00e0ng thay th\u1ebf<\/strong>\u00a0\u2013 Thi\u1ebft k\u1ebf chu\u1ea9n, l\u1eafp \u0111\u1eb7t nhanh ch\u00f3ng.<\/p>\n<h2 class=\"headline--2 article-headline-inner\"><span class=\"ez-toc-section\" id=\"LOC_TACH_DAU_V532140154_HOAT_DONG_NHU_THE_NAO\"><\/span>L\u1eccC T\u00c1CH D\u1ea6U V532140154 HO\u1ea0T \u0110\u1ed8NG NH\u01af TH\u1ebe N\u00c0O<span class=\"ez-toc-section-end\"><\/span><\/h2>\n<p>B\u1ed9 l\u1ecdc kh\u00ed th\u1ea3i ch\u00ednh h\u00e3ng Busch \u0111\u1ea3m b\u1ea3o ho\u1ea1t \u0111\u1ed9ng an to\u00e0n v\u00e0 kh\u00ed th\u1ea3i s\u1ea1ch.<\/p>\n<p>Trong qu\u00e1 tr\u00ecnh ho\u1ea1t \u0111\u1ed9ng b\u00ecnh th\u01b0\u1eddng, m\u1ed9t m\u00e1y b\u01a1m ch\u00e2n kh\u00f4ng \u0111\u01b0\u1ee3c b\u00f4i tr\u01a1n b\u1eb1ng d\u1ea7u t\u1ea1o ra s\u01b0\u01a1ng d\u1ea7u m\u1ecbn l\u01a1 l\u1eedng trong kh\u00f4ng kh\u00ed. B\u1ed9 l\u1ecdc kh\u00ed th\u1ea3i ng\u0103n kh\u00f4ng cho c\u00e1c h\u1ea1t n\u00e0y b\u1ecb \u0111\u1ea9y ra kh\u1ecfi m\u00e1y b\u01a1m ch\u00e2n kh\u00f4ng.<\/p>\n<p>Ch\u1ec9 c\u00f3 b\u1ed9 l\u1ecdc kh\u00ed th\u1ea3i ch\u00ednh h\u00e3ng Busch m\u1edbi mang l\u1ea1i k\u1ebft qu\u1ea3 t\u1ed1t nh\u1ea5t. Nhi\u1ec1u l\u1edbp v\u1eadt li\u1ec7u l\u1ecdc si\u00eau m\u1ecbn gi\u1eef l\u1ea1i v\u00e0 thu th\u1eadp s\u01b0\u01a1ng d\u1ea7u khi n\u00f3 \u0111i qua b\u1ed9 l\u1ecdc kh\u00ed th\u1ea3i. M\u00f4i tr\u01b0\u1eddng l\u1ecdc k\u1ebft h\u1ee3p hi\u1ec7u su\u1ea5t v\u01b0\u1ee3t tr\u1ed9i v\u1edbi m\u1ee9c \u0111\u1ed9 t\u00e1ch cao nh\u1ea5t c\u00f3 th\u1ec3.<\/p>\n<p>C\u00e1c h\u1ea1t d\u1ea7u k\u1ebft t\u1ee5 b\u00ean trong ph\u1ea7n t\u1eed l\u1ecdc v\u00e0 \u0111\u01b0\u1ee3c t\u00e1i ch\u1ebf tr\u1edf l\u1ea1i b\u01a1m ch\u00e2n kh\u00f4ng. Do \u0111\u00f3, l\u01b0\u1ee3ng d\u1ea7u th\u1ea3i ra kh\u00f4ng kh\u00ed xung quanh \u0111\u01b0\u1ee3c gi\u1ea3m xu\u1ed1ng m\u1ee9c t\u1ed1i thi\u1ec3u tuy\u1ec7t \u0111\u1ed1i. \u0110i\u1ec1u n\u00e0y gi\u00fap gi\u1eef \u00e1p su\u1ea5t ng\u01b0\u1ee3c \u1edf m\u1ee9c th\u1ea5p v\u00e0 d\u1eabn \u0111\u1ebfn hi\u1ec7u qu\u1ea3 n\u0103ng l\u01b0\u1ee3ng cao h\u01a1n do gi\u1ea3m thi\u1ec3u s\u1ee9c c\u1ea3n d\u00f2ng ch\u1ea3y.<\/p>\n<hr \/>\n<h2><span class=\"ez-toc-section\" id=\"Lien_He_Dat_Hang\"><\/span><strong>Li\u00ean H\u1ec7 \u0110\u1eb7t H\u00e0ng<\/strong><span class=\"ez-toc-section-end\"><\/span><\/h2>\n<p class=\"ds-markdown-paragraph\">\ud83d\udcde\u00a0<strong>Hotline\/Zalo:<\/strong>\u00a00985 490 343 \/ 0985 843 778<br \/>\n\ud83d\udce7\u00a0<strong>Email:<\/strong>\u00a0<a href=\"https:\/\/mailto:Sales@minhphuco.vn\/\" target=\"_blank\" rel=\"noopener noreferrer\">Sales@minhphuco.vn<\/a><br \/>\n\ud83c\udfe2\u00a0<strong>C\u00f4ng ty TNHH K\u1ef9 Thu\u1eadt v\u00e0 D\u1ecbch V\u1ee5 Minh Ph\u00fa<\/strong><\/p>\n<hr \/>\n<h3><span class=\"ez-toc-section\" id=\"Tu_Khoa_Lien_Quan\"><\/span><strong>T\u1eeb Kh\u00f3a Li\u00ean Quan<\/strong><span class=\"ez-toc-section-end\"><\/span><\/h3>\n<p class=\"ds-markdown-paragraph\">L\u1ecdc t\u00e1ch d\u1ea7u Busch 0532140154, L\u1ecdc t\u00e1ch nh\u1edbt 0532140154, Busch 0532140154, L\u1ecdc 0532140154, Phin l\u1ecdc 0532140154, L\u1ecdc ch\u00e2n kh\u00f4ng 0532140154, L\u1ecdc b\u01a1m h\u00fat ch\u00e2n kh\u00f4ng<\/p>\n<p class=\"ds-markdown-paragraph\"><a href=\"https:\/\/mpvane.com\/product-category\/loc-chan-khong\/loc-busch\/page\/2\/\"><strong>Minh Ph\u00fa Co., Ltd<\/strong><\/a>\u00a0\u2013 \u0110\u01a1n v\u1ecb cung c\u1ea5p ph\u1ee5 t\u00f9ng b\u01a1m h\u00fat ch\u00e2n kh\u00f4ng\u00a0<strong>ch\u00ednh h\u00e3ng<\/strong>, gi\u00e1 t\u1ed1t nh\u1ea5t th\u1ecb tr\u01b0\u1eddng!<\/p>\n","protected":false},"excerpt":{"rendered":"<p>L\u1ecdc t\u00e1ch d\u1ea7u 0532140154, V532140154, L\u1ecdc Busch 0532140154<\/p>\n<p>K\u00edch th\u01b0\u1edbc : \u0110\u01b0\u1eddng k\u00ednh ngo\u00e0i: \u00d853 mm<br \/>\n\u0110\u01b0\u1eddng k\u00ednh trong: \u00d8 28 mm<br \/>\nChi\u1ec1u cao: 120 mm<\/p>\n","protected":false},"featured_media":8522,"comment_status":"open","ping_status":"closed","template":"","meta":{"_acf_changed":false},"product_brand":[],"product_cat":[702,2352],"product_tag":[2405,2427,2428],"class_list":{"0":"post-8211","1":"product","2":"type-product","3":"status-publish","4":"has-post-thumbnail","6":"product_cat-loc-chan-khong","7":"product_cat-loc-busch","8":"product_tag-loc-bom-hut-chan-khong-busch","9":"product_tag-loc-tach-dau-0532140154","10":"product_tag-v532140154","12":"first","13":"instock","14":"shipping-taxable","15":"product-type-simple"},"acf":[],"_links":{"self":[{"href":"https:\/\/mpvane.com\/en\/wp-json\/wp\/v2\/product\/8211","targetHints":{"allow":["GET"]}}],"collection":[{"href":"https:\/\/mpvane.com\/en\/wp-json\/wp\/v2\/product"}],"about":[{"href":"https:\/\/mpvane.com\/en\/wp-json\/wp\/v2\/types\/product"}],"replies":[{"embeddable":true,"href":"https:\/\/mpvane.com\/en\/wp-json\/wp\/v2\/comments?post=8211"}],"version-history":[{"count":4,"href":"https:\/\/mpvane.com\/en\/wp-json\/wp\/v2\/product\/8211\/revisions"}],"predecessor-version":[{"id":8628,"href":"https:\/\/mpvane.com\/en\/wp-json\/wp\/v2\/product\/8211\/revisions\/8628"}],"wp:featuredmedia":[{"embeddable":true,"href":"https:\/\/mpvane.com\/en\/wp-json\/wp\/v2\/media\/8522"}],"wp:attachment":[{"href":"https:\/\/mpvane.com\/en\/wp-json\/wp\/v2\/media?parent=8211"}],"wp:term":[{"taxonomy":"product_brand","embeddable":true,"href":"https:\/\/mpvane.com\/en\/wp-json\/wp\/v2\/product_brand?post=8211"},{"taxonomy":"product_cat","embeddable":true,"href":"https:\/\/mpvane.com\/en\/wp-json\/wp\/v2\/product_cat?post=8211"},{"taxonomy":"product_tag","embeddable":true,"href":"https:\/\/mpvane.com\/en\/wp-json\/wp\/v2\/product_tag?post=8211"}],"curies":[{"name":"wp","href":"https:\/\/api.w.org\/{rel}","templated":true}]}}