{"id":8209,"date":"2025-06-14T22:01:07","date_gmt":"2025-06-14T15:01:07","guid":{"rendered":"https:\/\/mpvane.com\/?post_type=product&#038;p=8209"},"modified":"2025-06-28T15:25:32","modified_gmt":"2025-06-28T08:25:32","slug":"loc-tach-dau-busch532140153","status":"publish","type":"product","link":"https:\/\/mpvane.com\/en\/san-pham\/loc-tach-dau-busch532140153\/","title":{"rendered":"L\u1ecdc t\u00e1ch d\u1ea7u 0532140153"},"content":{"rendered":"<div id=\"ez-toc-container\" class=\"ez-toc-v2_0_75 counter-hierarchy ez-toc-counter ez-toc-grey ez-toc-container-direction\">\n<div class=\"ez-toc-title-container\">\n<p class=\"ez-toc-title\" style=\"cursor:inherit\">Table of Contents<\/p>\n<span class=\"ez-toc-title-toggle\"><a href=\"#\" class=\"ez-toc-pull-right ez-toc-btn ez-toc-btn-xs ez-toc-btn-default ez-toc-toggle\" aria-label=\"Toggle Table of Content\"><span class=\"ez-toc-js-icon-con\"><span class=\"\"><span class=\"eztoc-hide\" style=\"display:none;\">Toggle<\/span><span class=\"ez-toc-icon-toggle-span\"><svg style=\"fill: #999;color:#999\" xmlns=\"http:\/\/www.w3.org\/2000\/svg\" class=\"list-377408\" width=\"20px\" height=\"20px\" viewBox=\"0 0 24 24\" fill=\"none\"><path d=\"M6 6H4v2h2V6zm14 0H8v2h12V6zM4 11h2v2H4v-2zm16 0H8v2h12v-2zM4 16h2v2H4v-2zm16 0H8v2h12v-2z\" fill=\"currentColor\"><\/path><\/svg><svg style=\"fill: #999;color:#999\" class=\"arrow-unsorted-368013\" xmlns=\"http:\/\/www.w3.org\/2000\/svg\" width=\"10px\" height=\"10px\" viewBox=\"0 0 24 24\" version=\"1.2\" baseProfile=\"tiny\"><path d=\"M18.2 9.3l-6.2-6.3-6.2 6.3c-.2.2-.3.4-.3.7s.1.5.3.7c.2.2.4.3.7.3h11c.3 0 .5-.1.7-.3.2-.2.3-.5.3-.7s-.1-.5-.3-.7zM5.8 14.7l6.2 6.3 6.2-6.3c.2-.2.3-.5.3-.7s-.1-.5-.3-.7c-.2-.2-.4-.3-.7-.3h-11c-.3 0-.5.1-.7.3-.2.2-.3.5-.3.7s.1.5.3.7z\"\/><\/svg><\/span><\/span><\/span><\/a><\/span><\/div>\n<nav><ul class='ez-toc-list ez-toc-list-level-1 ' ><li class='ez-toc-page-1 ez-toc-heading-level-2'><a class=\"ez-toc-link ez-toc-heading-1\" href=\"https:\/\/mpvane.com\/en\/san-pham\/loc-tach-dau-busch532140153\/#%F0%9F%94%A7_Thong_So_Ky_Thuat_Loc_Tach_Dau_Busch_0532140153\" >\ud83d\udd27 Th\u00f4ng S\u1ed1 K\u1ef9 Thu\u1eadt L\u1ecdc T\u00e1ch D\u1ea7u Busch 0532140153<\/a><\/li><li class='ez-toc-page-1 ez-toc-heading-level-2'><a class=\"ez-toc-link ez-toc-heading-2\" href=\"https:\/\/mpvane.com\/en\/san-pham\/loc-tach-dau-busch532140153\/#%F0%9F%9B%A0%EF%B8%8F_Ung_Dung_Cua_Loc_0532140153_Tren_Bom_Hut_Chan_Khong_Busch\" >\ud83d\udee0\ufe0f \u1ee8ng D\u1ee5ng C\u1ee7a L\u1ecdc 0532140153 Tr\u00ean B\u01a1m H\u00fat Ch\u00e2n Kh\u00f4ng Busch<\/a><\/li><li class='ez-toc-page-1 ez-toc-heading-level-2'><a class=\"ez-toc-link ez-toc-heading-3\" href=\"https:\/\/mpvane.com\/en\/san-pham\/loc-tach-dau-busch532140153\/#%F0%9F%94%81_Cac_Ma_Tuong_Duong_Voi_0532140153\" >\ud83d\udd01 C\u00e1c M\u00e3 T\u01b0\u01a1ng \u0110\u01b0\u01a1ng V\u1edbi 0532140153<\/a><\/li><li class='ez-toc-page-1 ez-toc-heading-level-2'><a class=\"ez-toc-link ez-toc-heading-4\" href=\"https:\/\/mpvane.com\/en\/san-pham\/loc-tach-dau-busch532140153\/#%E2%AD%90_Uu_Diem_Khi_Dung_Loc_Tach_Dau_Busch_0532140153_Chinh_Hang\" >\u2b50 \u01afu \u0110i\u1ec3m Khi D\u00f9ng L\u1ecdc T\u00e1ch D\u1ea7u Busch 0532140153 Ch\u00ednh H\u00e3ng<\/a><\/li><li class='ez-toc-page-1 ez-toc-heading-level-2'><a class=\"ez-toc-link ez-toc-heading-5\" href=\"https:\/\/mpvane.com\/en\/san-pham\/loc-tach-dau-busch532140153\/#%F0%9F%9B%A1%EF%B8%8F_Ly_Do_Nen_Chon_Loc_Dau_Busch_0532140153_Chinh_Hang\" >\ud83d\udee1\ufe0f L\u00fd Do N\u00ean Ch\u1ecdn L\u1ecdc D\u1ea7u Busch 0532140153 Ch\u00ednh H\u00e3ng<\/a><\/li><li class='ez-toc-page-1 ez-toc-heading-level-2'><a class=\"ez-toc-link ez-toc-heading-6\" href=\"https:\/\/mpvane.com\/en\/san-pham\/loc-tach-dau-busch532140153\/#%F0%9F%94%8E_Tu_Khoa_SEO_Pho_Bien\" >\ud83d\udd0e T\u1eeb Kh\u00f3a SEO Ph\u1ed5 Bi\u1ebfn<\/a><\/li><li class='ez-toc-page-1 ez-toc-heading-level-2'><a class=\"ez-toc-link ez-toc-heading-7\" href=\"https:\/\/mpvane.com\/en\/san-pham\/loc-tach-dau-busch532140153\/#%F0%9F%8F%B7%EF%B8%8F_Tag_San_Pham\" >\ud83c\udff7\ufe0f Tag S\u1ea3n Ph\u1ea9m<\/a><\/li><li class='ez-toc-page-1 ez-toc-heading-level-2'><a class=\"ez-toc-link ez-toc-heading-8\" href=\"https:\/\/mpvane.com\/en\/san-pham\/loc-tach-dau-busch532140153\/#%F0%9F%93%9E_Lien_He_Mua_Hang_%E2%80%93_Cam_Ket_Chinh_Hang_Gia_Tot\" >\ud83d\udcde Li\u00ean H\u1ec7 Mua H\u00e0ng \u2013 Cam K\u1ebft Ch\u00ednh H\u00e3ng, Gi\u00e1 T\u1ed1t<\/a><\/li><\/ul><\/nav><\/div>\n<h2 data-start=\"483\" data-end=\"540\"><span class=\"ez-toc-section\" id=\"%F0%9F%94%A7_Thong_So_Ky_Thuat_Loc_Tach_Dau_Busch_0532140153\"><\/span>\ud83d\udd27 <strong data-start=\"489\" data-end=\"540\">Th\u00f4ng S\u1ed1 K\u1ef9 Thu\u1eadt L\u1ecdc T\u00e1ch D\u1ea7u Busch 0532140153<\/strong><span class=\"ez-toc-section-end\"><\/span><\/h2>\n<ul data-start=\"542\" data-end=\"787\">\n<li data-start=\"542\" data-end=\"586\">\n<p data-start=\"544\" data-end=\"586\"><strong data-start=\"544\" data-end=\"559\">M\u00e3 s\u1ea3n ph\u1ea9m<\/strong>: 0532140153 \/ V532140153<\/p>\n<\/li>\n<li data-start=\"587\" data-end=\"619\">\n<p data-start=\"589\" data-end=\"619\"><strong data-start=\"589\" data-end=\"609\">\u0110\u01b0\u1eddng k\u00ednh ngo\u00e0i<\/strong>: \u00d853 mm<\/p>\n<\/li>\n<li data-start=\"620\" data-end=\"652\">\n<p data-start=\"622\" data-end=\"652\"><strong data-start=\"622\" data-end=\"642\">\u0110\u01b0\u1eddng k\u00ednh trong<\/strong>: \u00d828 mm<\/p>\n<\/li>\n<li data-start=\"653\" data-end=\"678\">\n<p data-start=\"655\" data-end=\"678\"><strong data-start=\"655\" data-end=\"668\">Chi\u1ec1u cao<\/strong>: 206 mm<\/p>\n<\/li>\n<li data-start=\"679\" data-end=\"725\">\n<p data-start=\"681\" data-end=\"725\"><strong data-start=\"681\" data-end=\"693\">Lo\u1ea1i l\u1ecdc<\/strong>: L\u1ecdc t\u00e1ch d\u1ea7u \/ l\u1ecdc t\u00e1ch nh\u1edbt<\/p>\n<\/li>\n<li data-start=\"726\" data-end=\"787\">\n<p data-start=\"728\" data-end=\"787\"><strong data-start=\"728\" data-end=\"740\">V\u1eadt li\u1ec7u<\/strong>: Gi\u1ea5y l\u1ecdc cao c\u1ea5p, kh\u00e1ng d\u1ea7u, ch\u1ecbu nhi\u1ec7t t\u1ed1t<\/p>\n<\/li>\n<\/ul>\n<hr data-start=\"789\" data-end=\"792\" \/>\n<h2 data-start=\"794\" data-end=\"862\"><span class=\"ez-toc-section\" id=\"%F0%9F%9B%A0%EF%B8%8F_Ung_Dung_Cua_Loc_0532140153_Tren_Bom_Hut_Chan_Khong_Busch\"><\/span>\ud83d\udee0\ufe0f <strong data-start=\"801\" data-end=\"862\">\u1ee8ng D\u1ee5ng C\u1ee7a L\u1ecdc 0532140153 Tr\u00ean B\u01a1m H\u00fat Ch\u00e2n Kh\u00f4ng Busch<\/strong><span class=\"ez-toc-section-end\"><\/span><\/h2>\n<p data-start=\"864\" data-end=\"890\">T\u01b0\u01a1ng th\u00edch v\u1edbi c\u00e1c model:<\/p>\n<ul data-start=\"892\" data-end=\"1006\">\n<li data-start=\"892\" data-end=\"914\">\n<p data-start=\"894\" data-end=\"914\">Busch R5 RA 0010 B<\/p>\n<\/li>\n<li data-start=\"915\" data-end=\"937\">\n<p data-start=\"917\" data-end=\"937\">Busch R5 RC 0010 B<\/p>\n<\/li>\n<li data-start=\"938\" data-end=\"960\">\n<p data-start=\"940\" data-end=\"960\">Busch R5 RA 0016 B<\/p>\n<\/li>\n<li data-start=\"961\" data-end=\"983\">\n<p data-start=\"963\" data-end=\"983\">Busch R5 RC 0016 B<\/p>\n<\/li>\n<li data-start=\"984\" data-end=\"1006\">\n<p data-start=\"986\" data-end=\"1006\">Busch R5 RE 0016 B<\/p>\n<\/li>\n<\/ul>\n<hr data-start=\"1008\" data-end=\"1011\" \/>\n<h2 data-start=\"1013\" data-end=\"1056\"><span class=\"ez-toc-section\" id=\"%F0%9F%94%81_Cac_Ma_Tuong_Duong_Voi_0532140153\"><\/span>\ud83d\udd01 <strong data-start=\"1019\" data-end=\"1056\">C\u00e1c M\u00e3 T\u01b0\u01a1ng \u0110\u01b0\u01a1ng V\u1edbi 0532140153<\/strong><span class=\"ez-toc-section-end\"><\/span><\/h2>\n<p data-start=\"1058\" data-end=\"1127\">L\u1ecdc t\u00e1ch d\u1ea7u 0532140153 c\u00f3 th\u1ec3 thay th\u1ebf cho nhi\u1ec1u m\u00e3 t\u01b0\u01a1ng \u0111\u01b0\u01a1ng nh\u01b0:<\/p>\n<ul data-start=\"1129\" data-end=\"1239\">\n<li data-start=\"1129\" data-end=\"1157\">\n<p data-start=\"1131\" data-end=\"1157\">532140153 | 0532 140 153<\/p>\n<\/li>\n<li data-start=\"1158\" data-end=\"1198\">\n<p data-start=\"1160\" data-end=\"1198\">0532000300 | 0532127413 | 0532000030<\/p>\n<\/li>\n<li data-start=\"1199\" data-end=\"1239\">\n<p data-start=\"1201\" data-end=\"1239\">0532000080 | 0532000050 | 0532000022<\/p>\n<\/li>\n<\/ul>\n<hr data-start=\"1241\" data-end=\"1244\" \/>\n<h2 data-start=\"1246\" data-end=\"1301\"><span class=\"ez-toc-section\" id=\"%E2%AD%90_Uu_Diem_Khi_Dung_Loc_Tach_Dau_Busch_0532140153_Chinh_Hang\"><\/span>\u2b50 <strong data-start=\"1251\" data-end=\"1301\">\u01afu \u0110i\u1ec3m Khi D\u00f9ng L\u1ecdc T\u00e1ch D\u1ea7u Busch <\/strong><strong data-start=\"1663\" data-end=\"1717\">0532140153 <\/strong><strong data-start=\"1251\" data-end=\"1301\">Ch\u00ednh H\u00e3ng<\/strong><span class=\"ez-toc-section-end\"><\/span><\/h2>\n<p data-start=\"1303\" data-end=\"1649\">\u2705 <strong data-start=\"1305\" data-end=\"1330\">L\u1ecdc s\u1ea1ch d\u1ea7u hi\u1ec7u qu\u1ea3<\/strong> \u2013 Gi\u1ea3m kh\u00ed x\u1ea3 \u00f4 nhi\u1ec5m, b\u1ea3o v\u1ec7 m\u00f4i tr\u01b0\u1eddng<br data-start=\"1371\" data-end=\"1374\" \/>\u2705 <strong data-start=\"1376\" data-end=\"1405\">B\u1ea3o v\u1ec7 b\u01a1m h\u00fat ch\u00e2n kh\u00f4ng<\/strong> \u2013 H\u1ea1n ch\u1ebf hao m\u00f2n, t\u0103ng tu\u1ed5i th\u1ecd m\u00e1y<br data-start=\"1442\" data-end=\"1445\" \/>\u2705 <strong data-start=\"1447\" data-end=\"1468\">Hi\u1ec7u su\u1ea5t \u1ed5n \u0111\u1ecbnh<\/strong> \u2013 L\u1ecdc m\u1ecbn, \u00e1p su\u1ea5t ng\u01b0\u1ee3c th\u1ea5p, ti\u1ebft ki\u1ec7m \u0111i\u1ec7n n\u0103ng<br data-start=\"1519\" data-end=\"1522\" \/>\u2705 <strong data-start=\"1524\" data-end=\"1544\">D\u1ec5 d\u00e0ng thay th\u1ebf<\/strong> \u2013 T\u01b0\u01a1ng th\u00edch ch\u00ednh x\u00e1c v\u1edbi c\u00e1c d\u00f2ng b\u01a1m Busch<br data-start=\"1591\" data-end=\"1594\" \/>\u2705 <strong data-start=\"1596\" data-end=\"1615\">H\u00e0ng ch\u00ednh h\u00e3ng<\/strong> \u2013 Ch\u1ea5t l\u01b0\u1ee3ng cao, v\u1eadn h\u00e0nh b\u1ec1n b\u1ec9<\/p>\n<hr data-start=\"1651\" data-end=\"1654\" \/>\n<h2 data-start=\"1656\" data-end=\"1717\"><span class=\"ez-toc-section\" id=\"%F0%9F%9B%A1%EF%B8%8F_Ly_Do_Nen_Chon_Loc_Dau_Busch_0532140153_Chinh_Hang\"><\/span>\ud83d\udee1\ufe0f <strong data-start=\"1663\" data-end=\"1717\">L\u00fd Do N\u00ean Ch\u1ecdn L\u1ecdc D\u1ea7u Busch 0532140153 Ch\u00ednh H\u00e3ng<\/strong><span class=\"ez-toc-section-end\"><\/span><\/h2>\n<ul data-start=\"1719\" data-end=\"1966\">\n<li data-start=\"1719\" data-end=\"1792\">\n<p data-start=\"1721\" data-end=\"1792\"><strong data-start=\"1721\" data-end=\"1742\">Ti\u1ebft ki\u1ec7m chi ph\u00ed<\/strong> b\u1ea3o tr\u00ec, nh\u1edd kh\u1ea3 n\u0103ng thu h\u1ed3i t\u1edbi 99% l\u01b0\u1ee3ng d\u1ea7u<\/p>\n<\/li>\n<li data-start=\"1793\" data-end=\"1841\">\n<p data-start=\"1795\" data-end=\"1841\"><strong data-start=\"1795\" data-end=\"1823\">Gi\u1ea3m ti\u1ebfng \u1ed3n &amp; nhi\u1ec7t \u0111\u1ed9<\/strong> g\u1ea7n khu v\u1ef1c m\u00e1y<\/p>\n<\/li>\n<li data-start=\"1842\" data-end=\"1899\">\n<p data-start=\"1844\" data-end=\"1899\"><strong data-start=\"1844\" data-end=\"1861\">Hi\u1ec7u su\u1ea5t cao<\/strong> m\u00e0 kh\u00f4ng \u1ea3nh h\u01b0\u1edfng \u0111\u1ebfn \u00e1p su\u1ea5t cu\u1ed1i<\/p>\n<\/li>\n<li data-start=\"1900\" data-end=\"1966\">\n<p data-start=\"1902\" data-end=\"1966\"><strong data-start=\"1902\" data-end=\"1928\">T\u0103ng th\u1eddi gian s\u1eed d\u1ee5ng<\/strong> nh\u1edd v\u1eadt li\u1ec7u l\u1ecdc b\u1ec1n v\u00e0 ch\u1ed1ng ngh\u1eb9t<\/p>\n<\/li>\n<\/ul>\n<hr data-start=\"1968\" data-end=\"1971\" \/>\n<h2 data-start=\"1973\" data-end=\"2003\"><span class=\"ez-toc-section\" id=\"%F0%9F%94%8E_Tu_Khoa_SEO_Pho_Bien\"><\/span>\ud83d\udd0e <strong data-start=\"1979\" data-end=\"2003\">T\u1eeb Kh\u00f3a SEO Ph\u1ed5 Bi\u1ebfn<\/strong><span class=\"ez-toc-section-end\"><\/span><\/h2>\n<ul data-start=\"2005\" data-end=\"2159\">\n<li data-start=\"2005\" data-end=\"2038\">\n<p data-start=\"2007\" data-end=\"2038\">L\u1ecdc t\u00e1ch d\u1ea7u Busch 0532140153<\/p>\n<\/li>\n<li data-start=\"2039\" data-end=\"2076\">\n<p data-start=\"2041\" data-end=\"2076\">L\u1ecdc nh\u1edbt b\u01a1m h\u00fat ch\u00e2n kh\u00f4ng Busch<\/p>\n<\/li>\n<li data-start=\"2077\" data-end=\"2100\">\n<p data-start=\"2079\" data-end=\"2100\">Phin l\u1ecdc 0532140153<\/p>\n<\/li>\n<li data-start=\"2101\" data-end=\"2134\">\n<p data-start=\"2103\" data-end=\"2134\">L\u1ecdc d\u1ea7u ch\u00e2n kh\u00f4ng 0532140153<\/p>\n<\/li>\n<li data-start=\"2135\" data-end=\"2159\">\n<p data-start=\"2137\" data-end=\"2159\">L\u1ecdc Busch V532140153<\/p>\n<\/li>\n<\/ul>\n<p>T\u1ea0I SAO N\u00caN S\u1eec D\u1ee4NG B\u1ed8 L\u1eccC X\u1ea2 CH\u00cdNH H\u00c3NG BUSCH 0532140153 ?<\/p>\n<p>Ti\u1ebft ki\u1ec7m chi ph\u00ed<\/p>\n<p>\u00c1p su\u1ea5t ng\u01b0\u1ee3c th\u1ea5p c\u1ea3i thi\u1ec7n hi\u1ec7u qu\u1ea3 n\u0103ng l\u01b0\u1ee3ng<br \/>\n99% l\u01b0\u1ee3ng d\u1ea7u th\u1ea3i ra \u0111\u01b0\u1ee3c thu l\u1ea1i v\u00e0 \u0111\u01b0a tr\u1edf l\u1ea1i h\u1ec7 th\u1ed1ng, gi\u00fap gi\u1ea3m nhu c\u1ea7u n\u1ea1p d\u1ea7u<br \/>\nV\u1eadt li\u1ec7u l\u1ecdc m\u1ecbn l\u1ea5p \u0111\u1ea7y ch\u1eadm h\u01a1n so v\u1edbi b\u1ed9 l\u1ecdc th\u00f4ng th\u01b0\u1eddng, k\u00e9o d\u00e0i th\u1eddi gian thay th\u1ebf<\/p>\n<p>M\u00f4i tr\u01b0\u1eddng l\u00e0m vi\u1ec7c t\u1ed1t h\u01a1n<\/p>\n<p>Kh\u00f4ng kh\u00ed trong l\u00e0nh h\u01a1n<br \/>\nGi\u1ea3m m\u1ee9c \u0111\u1ed9 ti\u1ebfng \u1ed3n<br \/>\nNhi\u1ec7t \u0111\u1ed9 th\u1ea5p h\u01a1n \u1edf g\u1ea7n m\u00e1y b\u01a1m<\/p>\n<p>Hi\u1ec7u su\u1ea5t v\u01b0\u1ee3t tr\u1ed9i<\/p>\n<p>Kh\u00f4ng c\u00f3 t\u00e1c \u0111\u1ed9ng ti\u00eau c\u1ef1c \u0111\u1ebfn \u00e1p su\u1ea5t cu\u1ed1i c\u00f9ng trong su\u1ed1t th\u1eddi gian s\u1eed d\u1ee5ng c\u1ee7a b\u1ed9 l\u1ecdc<br \/>\nS\u1ee9c c\u1ea3n d\u00f2ng ch\u1ea3y t\u1ed1i thi\u1ec3u l\u00e0m gi\u1ea3m t\u1ea3i cho m\u00e1y b\u01a1m ch\u00e2n kh\u00f4ng<br \/>\nHi\u1ec7u su\u1ea5t l\u1ecdc \u1ed5n \u0111\u1ecbnh, b\u1ea5t k\u1ec3 \u1ee9ng d\u1ee5ng n\u00e0o<\/p>\n<p>L\u1ecdc t\u00e1ch d\u1ea7u Busch 0532140153 (hay c\u00f2n g\u1ecdi l\u00e0 V532140153) l\u00e0 ph\u1ee5 ki\u1ec7n kh\u00f4ng th\u1ec3 thi\u1ebfu cho c\u00e1c d\u00f2ng b\u01a1m h\u00fat ch\u00e2n kh\u00f4ng Busch, \u0111\u1ea3m nhi\u1ec7m ch\u1ee9c n\u0103ng l\u1ecdc t\u00e1ch nh\u1edbt, gi\u00fap kh\u00ed x\u1ea3 s\u1ea1ch h\u01a1n, b\u1ea3o v\u1ec7 thi\u1ebft b\u1ecb v\u00e0 n\u00e2ng cao hi\u1ec7u su\u1ea5t ho\u1ea1t \u0111\u1ed9ng.<\/p>\n<hr data-start=\"2161\" data-end=\"2164\" \/>\n<h2 data-start=\"2166\" data-end=\"2189\"><span class=\"ez-toc-section\" id=\"%F0%9F%8F%B7%EF%B8%8F_Tag_San_Pham\"><\/span>\ud83c\udff7\ufe0f <strong data-start=\"2173\" data-end=\"2189\">Tag S\u1ea3n Ph\u1ea9m<\/strong><span class=\"ez-toc-section-end\"><\/span><\/h2>\n<p data-start=\"2191\" data-end=\"2277\"><code data-start=\"2191\" data-end=\"2211\">L\u1ecdc t\u00e1ch d\u1ea7u Busch<\/code> | <code data-start=\"2214\" data-end=\"2232\">Busch 0532140153<\/code> | <code data-start=\"2235\" data-end=\"2256\">Phin l\u1ecdc ch\u00e2n kh\u00f4ng<\/code> | <code data-start=\"2259\" data-end=\"2277\">L\u1ecdc 0532 140 153<\/code><\/p>\n<hr data-start=\"2279\" data-end=\"2282\" \/>\n<h2 data-start=\"2284\" data-end=\"2340\"><span class=\"ez-toc-section\" id=\"%F0%9F%93%9E_Lien_He_Mua_Hang_%E2%80%93_Cam_Ket_Chinh_Hang_Gia_Tot\"><\/span>\ud83d\udcde <strong data-start=\"2290\" data-end=\"2340\">Li\u00ean H\u1ec7 Mua H\u00e0ng \u2013 Cam K\u1ebft Ch\u00ednh H\u00e3ng, Gi\u00e1 T\u1ed1t<\/strong><span class=\"ez-toc-section-end\"><\/span><\/h2>\n<p data-start=\"2342\" data-end=\"2484\"><strong data-start=\"2342\" data-end=\"2387\">C\u00d4NG TY TNHH K\u1ef8 THU\u1eacT V\u00c0 D\u1ecaCH V\u1ee4 MINH PH\u00da<\/strong><br data-start=\"2387\" data-end=\"2390\" \/>\ud83d\udce7 Email: <a class=\"cursor-pointer\" rel=\"noopener\" data-start=\"2400\" data-end=\"2447\">sales@minhphuco.vn<\/a><br data-start=\"2447\" data-end=\"2450\" \/>\ud83d\udcf1 Zalo: 0985490343 \/ 0985843778<\/p>\n<p data-start=\"2486\" data-end=\"2598\">Chuy\u00ean cung c\u1ea5p <a href=\"https:\/\/www.buschvacuum.com\/global\/en\/products\/spare-parts-and-accessories\/spare-parts\/exhaust-filters\/\" target=\"_blank\" rel=\"noopener\"><strong data-start=\"2502\" data-end=\"2535\">l\u1ecdc t\u00e1ch d\u1ea7u Busch ch\u00ednh h\u00e3ng<\/strong><\/a>, \u0111a d\u1ea1ng m\u00e3, <strong data-start=\"2549\" data-end=\"2572\">giao h\u00e0ng to\u00e0n qu\u1ed1c<\/strong>, t\u01b0 v\u1ea5n k\u1ef9 thu\u1eadt t\u1eadn t\u00e2m.<\/p>\n<p data-start=\"2600\" data-end=\"2644\">\ud83d\udc49 Xem th\u00eam s\u1ea3n ph\u1ea9m t\u1ea1i: <strong data-start=\"2626\" data-end=\"2644\"><a class=\"\" href=\"http:\/\/www.mpvane.com\" target=\"_new\" rel=\"noopener\" data-start=\"2628\" data-end=\"2642\">www.mpvane.com<\/a><\/strong><\/p>\n","protected":false},"excerpt":{"rendered":"<p>L\u1ecdc t\u00e1ch d\u1ea7u 0532140153, V532140153, L\u1ecdc Busch 0532140153<br \/>\nK\u00edch th\u01b0\u1edbc : \u0110\u01b0\u1eddng k\u00ednh ngo\u00e0i: \u00d853 mm<br \/>\n\u0110\u01b0\u1eddng k\u00ednh trong: \u00d8 28 mm<br \/>\nChi\u1ec1u cao: 206 mm<\/p>\n","protected":false},"featured_media":8621,"comment_status":"open","ping_status":"closed","template":"","meta":{"_acf_changed":false},"product_brand":[],"product_cat":[702,2352],"product_tag":[2416,2417,2405],"class_list":{"0":"post-8209","1":"product","2":"type-product","3":"status-publish","4":"has-post-thumbnail","6":"product_cat-loc-chan-khong","7":"product_cat-loc-busch","8":"product_tag-busch-0532-140-153","9":"product_tag-busch-0532140153","10":"product_tag-loc-bom-hut-chan-khong-busch","12":"first","13":"instock","14":"shipping-taxable","15":"product-type-simple"},"acf":[],"_links":{"self":[{"href":"https:\/\/mpvane.com\/en\/wp-json\/wp\/v2\/product\/8209","targetHints":{"allow":["GET"]}}],"collection":[{"href":"https:\/\/mpvane.com\/en\/wp-json\/wp\/v2\/product"}],"about":[{"href":"https:\/\/mpvane.com\/en\/wp-json\/wp\/v2\/types\/product"}],"replies":[{"embeddable":true,"href":"https:\/\/mpvane.com\/en\/wp-json\/wp\/v2\/comments?post=8209"}],"version-history":[{"count":4,"href":"https:\/\/mpvane.com\/en\/wp-json\/wp\/v2\/product\/8209\/revisions"}],"predecessor-version":[{"id":8627,"href":"https:\/\/mpvane.com\/en\/wp-json\/wp\/v2\/product\/8209\/revisions\/8627"}],"wp:featuredmedia":[{"embeddable":true,"href":"https:\/\/mpvane.com\/en\/wp-json\/wp\/v2\/media\/8621"}],"wp:attachment":[{"href":"https:\/\/mpvane.com\/en\/wp-json\/wp\/v2\/media?parent=8209"}],"wp:term":[{"taxonomy":"product_brand","embeddable":true,"href":"https:\/\/mpvane.com\/en\/wp-json\/wp\/v2\/product_brand?post=8209"},{"taxonomy":"product_cat","embeddable":true,"href":"https:\/\/mpvane.com\/en\/wp-json\/wp\/v2\/product_cat?post=8209"},{"taxonomy":"product_tag","embeddable":true,"href":"https:\/\/mpvane.com\/en\/wp-json\/wp\/v2\/product_tag?post=8209"}],"curies":[{"name":"wp","href":"https:\/\/api.w.org\/{rel}","templated":true}]}}