{"id":8203,"date":"2025-06-14T21:15:39","date_gmt":"2025-06-14T14:15:39","guid":{"rendered":"https:\/\/mpvane.com\/?post_type=product&#038;p=8203"},"modified":"2025-06-14T21:35:15","modified_gmt":"2025-06-14T14:35:15","slug":"loc-tach-dau-0532140150v532140150","status":"publish","type":"product","link":"https:\/\/mpvane.com\/en\/san-pham\/loc-tach-dau-0532140150v532140150\/","title":{"rendered":"L\u1ecdc t\u00e1ch d\u1ea7u 0532140150,V532140150"},"content":{"rendered":"<div id=\"ez-toc-container\" class=\"ez-toc-v2_0_75 counter-hierarchy ez-toc-counter ez-toc-grey ez-toc-container-direction\">\n<div class=\"ez-toc-title-container\">\n<p class=\"ez-toc-title\" style=\"cursor:inherit\">Table of Contents<\/p>\n<span class=\"ez-toc-title-toggle\"><a href=\"#\" class=\"ez-toc-pull-right ez-toc-btn ez-toc-btn-xs ez-toc-btn-default ez-toc-toggle\" aria-label=\"Toggle Table of Content\"><span class=\"ez-toc-js-icon-con\"><span class=\"\"><span class=\"eztoc-hide\" style=\"display:none;\">Toggle<\/span><span class=\"ez-toc-icon-toggle-span\"><svg style=\"fill: #999;color:#999\" xmlns=\"http:\/\/www.w3.org\/2000\/svg\" class=\"list-377408\" width=\"20px\" height=\"20px\" viewBox=\"0 0 24 24\" fill=\"none\"><path d=\"M6 6H4v2h2V6zm14 0H8v2h12V6zM4 11h2v2H4v-2zm16 0H8v2h12v-2zM4 16h2v2H4v-2zm16 0H8v2h12v-2z\" fill=\"currentColor\"><\/path><\/svg><svg style=\"fill: #999;color:#999\" class=\"arrow-unsorted-368013\" xmlns=\"http:\/\/www.w3.org\/2000\/svg\" width=\"10px\" height=\"10px\" viewBox=\"0 0 24 24\" version=\"1.2\" baseProfile=\"tiny\"><path d=\"M18.2 9.3l-6.2-6.3-6.2 6.3c-.2.2-.3.4-.3.7s.1.5.3.7c.2.2.4.3.7.3h11c.3 0 .5-.1.7-.3.2-.2.3-.5.3-.7s-.1-.5-.3-.7zM5.8 14.7l6.2 6.3 6.2-6.3c.2-.2.3-.5.3-.7s-.1-.5-.3-.7c-.2-.2-.4-.3-.7-.3h-11c-.3 0-.5.1-.7.3-.2.2-.3.5-.3.7s.1.5.3.7z\"\/><\/svg><\/span><\/span><\/span><\/a><\/span><\/div>\n<nav><ul class='ez-toc-list ez-toc-list-level-1 ' ><li class='ez-toc-page-1 ez-toc-heading-level-1'><a class=\"ez-toc-link ez-toc-heading-1\" href=\"https:\/\/mpvane.com\/en\/san-pham\/loc-tach-dau-0532140150v532140150\/#Loc_Tach_Dau_Busch_0532140150_V532140150_%E2%80%93_Phu_Kien_Chinh_Hang_Cho_Bom_Hut_Chan_Khong\" >L\u1ecdc T\u00e1ch D\u1ea7u Busch 0532140150 (V532140150) &#8211; Ph\u1ee5 Ki\u1ec7n Ch\u00ednh H\u00e3ng Cho B\u01a1m H\u00fat Ch\u00e2n Kh\u00f4ng<\/a><ul class='ez-toc-list-level-2' ><li class='ez-toc-heading-level-2'><a class=\"ez-toc-link ez-toc-heading-2\" href=\"https:\/\/mpvane.com\/en\/san-pham\/loc-tach-dau-0532140150v532140150\/#Thong_Tin_Chi_Tiet_San_Pham\" >Th\u00f4ng Tin Chi Ti\u1ebft S\u1ea3n Ph\u1ea9m<\/a><ul class='ez-toc-list-level-3' ><li class='ez-toc-heading-level-3'><a class=\"ez-toc-link ez-toc-heading-3\" href=\"https:\/\/mpvane.com\/en\/san-pham\/loc-tach-dau-0532140150v532140150\/#Thong_So_Ky_Thuat\" >Th\u00f4ng S\u1ed1 K\u1ef9 Thu\u1eadt<\/a><\/li><\/ul><\/li><li class='ez-toc-page-1 ez-toc-heading-level-2'><a class=\"ez-toc-link ez-toc-heading-4\" href=\"https:\/\/mpvane.com\/en\/san-pham\/loc-tach-dau-0532140150v532140150\/#Cac_Model_Bom_Tuong_Thich\" >C\u00e1c Model B\u01a1m T\u01b0\u01a1ng Th\u00edch<\/a><\/li><li class='ez-toc-page-1 ez-toc-heading-level-2'><a class=\"ez-toc-link ez-toc-heading-5\" href=\"https:\/\/mpvane.com\/en\/san-pham\/loc-tach-dau-0532140150v532140150\/#Cac_Ma_San_Pham_Tuong_Duong\" >C\u00e1c M\u00e3 S\u1ea3n Ph\u1ea9m T\u01b0\u01a1ng \u0110\u01b0\u01a1ng<\/a><\/li><li class='ez-toc-page-1 ez-toc-heading-level-2'><a class=\"ez-toc-link ez-toc-heading-6\" href=\"https:\/\/mpvane.com\/en\/san-pham\/loc-tach-dau-0532140150v532140150\/#Uu_Diem_Noi_Bat\" >\u01afu \u0110i\u1ec3m N\u1ed5i B\u1eadt<\/a><\/li><li class='ez-toc-page-1 ez-toc-heading-level-2'><a class=\"ez-toc-link ez-toc-heading-7\" href=\"https:\/\/mpvane.com\/en\/san-pham\/loc-tach-dau-0532140150v532140150\/#Ung_Dung_Rong_Rai\" >\u1ee8ng D\u1ee5ng R\u1ed9ng R\u00e3i<\/a><\/li><li class='ez-toc-page-1 ez-toc-heading-level-2'><a class=\"ez-toc-link ez-toc-heading-8\" href=\"https:\/\/mpvane.com\/en\/san-pham\/loc-tach-dau-0532140150v532140150\/#Dia_Chi_Mua_Hang_Uy_Tin\" >\u0110\u1ecba Ch\u1ec9 Mua H\u00e0ng Uy T\u00edn<\/a><ul class='ez-toc-list-level-3' ><li class='ez-toc-heading-level-3'><a class=\"ez-toc-link ez-toc-heading-9\" href=\"https:\/\/mpvane.com\/en\/san-pham\/loc-tach-dau-0532140150v532140150\/#Tu_Khoa_SEO_Chinh\" >T\u1eeb Kh\u00f3a SEO Ch\u00ednh<\/a><\/li><\/ul><\/li><\/ul><\/li><\/ul><\/nav><\/div>\n<h1><span class=\"ez-toc-section\" id=\"Loc_Tach_Dau_Busch_0532140150_V532140150_%E2%80%93_Phu_Kien_Chinh_Hang_Cho_Bom_Hut_Chan_Khong\"><\/span><strong>L\u1ecdc T\u00e1ch D\u1ea7u Busch 0532140150 (V532140150) &#8211; Ph\u1ee5 Ki\u1ec7n Ch\u00ednh H\u00e3ng Cho B\u01a1m H\u00fat Ch\u00e2n Kh\u00f4ng<\/strong><span class=\"ez-toc-section-end\"><\/span><\/h1>\n<h2><span class=\"ez-toc-section\" id=\"Thong_Tin_Chi_Tiet_San_Pham\"><\/span><strong>Th\u00f4ng Tin Chi Ti\u1ebft S\u1ea3n Ph\u1ea9m<\/strong><span class=\"ez-toc-section-end\"><\/span><\/h2>\n<p class=\"ds-markdown-paragraph\">L\u1ecdc t\u00e1ch d\u1ea7u\u00a0<strong>Busch 0532140150<\/strong>\u00a0(hay c\u00f2n g\u1ecdi l\u00e0\u00a0<strong>V532140150<\/strong>) l\u00e0 ph\u1ee5 ki\u1ec7n ch\u00ednh h\u00e3ng \u0111\u01b0\u1ee3c thi\u1ebft k\u1ebf \u0111\u1eb7c bi\u1ec7t cho c\u00e1c d\u00f2ng b\u01a1m h\u00fat ch\u00e2n kh\u00f4ng Busch. S\u1ea3n ph\u1ea9m \u0111\u00f3ng vai tr\u00f2 quan tr\u1ecdng trong vi\u1ec7c t\u00e1ch d\u1ea7u, l\u1ecdc b\u1ee5i b\u1ea9n v\u00e0 c\u00e1c t\u1ea1p ch\u1ea5t, gi\u00fap b\u1ea3o v\u1ec7 h\u1ec7 th\u1ed1ng ch\u00e2n kh\u00f4ng ho\u1ea1t \u0111\u1ed9ng \u1ed5n \u0111\u1ecbnh v\u00e0 b\u1ec1n b\u1ec9.<\/p>\n<h3><span class=\"ez-toc-section\" id=\"Thong_So_Ky_Thuat\"><\/span><strong>Th\u00f4ng S\u1ed1 K\u1ef9 Thu\u1eadt<\/strong><span class=\"ez-toc-section-end\"><\/span><\/h3>\n<ul>\n<li>\n<p class=\"ds-markdown-paragraph\"><strong>M\u00e3 s\u1ea3n ph\u1ea9m:<\/strong>\u00a00532140150 \/ V532140150<\/p>\n<\/li>\n<li>\n<p class=\"ds-markdown-paragraph\"><strong>K\u00edch th\u01b0\u1edbc:<\/strong><\/p>\n<ul>\n<li>\n<p class=\"ds-markdown-paragraph\">\u0110\u01b0\u1eddng k\u00ednh ngo\u00e0i: \u00d839 mm<\/p>\n<\/li>\n<li>\n<p class=\"ds-markdown-paragraph\">\u0110\u01b0\u1eddng k\u00ednh trong: \u00d810 mm<\/p>\n<\/li>\n<li>\n<p class=\"ds-markdown-paragraph\">Chi\u1ec1u cao: 82 mm<\/p>\n<\/li>\n<\/ul>\n<\/li>\n<li>\n<p class=\"ds-markdown-paragraph\"><strong>Ch\u1ea5t li\u1ec7u:<\/strong>\u00a0L\u00f5i l\u1ecdc cao c\u1ea5p, ch\u1ecbu nhi\u1ec7t v\u00e0 h\u00f3a ch\u1ea5t t\u1ed1t<\/p>\n<\/li>\n<li>\n<p class=\"ds-markdown-paragraph\"><strong>\u1ee8ng d\u1ee5ng:<\/strong>\u00a0L\u1ecdc t\u00e1ch d\u1ea7u nh\u1edbt, ng\u0103n b\u1ee5i b\u1ea9n, c\u1eb7n kim lo\u1ea1i trong h\u1ec7 th\u1ed1ng ch\u00e2n kh\u00f4ng<\/p>\n<\/li>\n<\/ul>\n<h2><span class=\"ez-toc-section\" id=\"Cac_Model_Bom_Tuong_Thich\"><\/span><strong>C\u00e1c Model B\u01a1m T\u01b0\u01a1ng Th\u00edch<\/strong><span class=\"ez-toc-section-end\"><\/span><\/h2>\n<p class=\"ds-markdown-paragraph\">L\u1ecdc t\u00e1ch d\u1ea7u\u00a0<strong>0532140150<\/strong>\u00a0ph\u00f9 h\u1ee3p v\u1edbi nhi\u1ec1u d\u00f2ng b\u01a1m ch\u00e2n kh\u00f4ng Busch, bao g\u1ed3m:<\/p>\n<ul>\n<li>\n<p class=\"ds-markdown-paragraph\">BUSCH R5 PB 0003<\/p>\n<\/li>\n<li>\n<p class=\"ds-markdown-paragraph\">BUSCH R5 PC 0003<\/p>\n<\/li>\n<li>\n<p class=\"ds-markdown-paragraph\">BUSCH R5 PB 0003 A<\/p>\n<\/li>\n<li>\n<p class=\"ds-markdown-paragraph\">BUSCH R5 PC 0003 A<\/p>\n<\/li>\n<li>\n<p class=\"ds-markdown-paragraph\">BUSCH R5 RA 0004<\/p>\n<\/li>\n<li>\n<p class=\"ds-markdown-paragraph\">BUSCH R5 RC 0004<\/p>\n<\/li>\n<li>\n<p class=\"ds-markdown-paragraph\">BUSCH R5 RA 0006<\/p>\n<\/li>\n<li>\n<p class=\"ds-markdown-paragraph\">BUSCH R5 RC 0006<\/p>\n<\/li>\n<\/ul>\n<h2><span class=\"ez-toc-section\" id=\"Cac_Ma_San_Pham_Tuong_Duong\"><\/span><strong>C\u00e1c M\u00e3 S\u1ea3n Ph\u1ea9m T\u01b0\u01a1ng \u0110\u01b0\u01a1ng<\/strong><span class=\"ez-toc-section-end\"><\/span><\/h2>\n<p class=\"ds-markdown-paragraph\">Ngo\u00e0i m\u00e3\u00a0<strong>0532140150<\/strong>, qu\u00fd kh\u00e1ch c\u00f3 th\u1ec3 tham kh\u1ea3o c\u00e1c m\u00e3 l\u1ecdc t\u01b0\u01a1ng t\u1ef1:<\/p>\n<ul>\n<li>\n<p class=\"ds-markdown-paragraph\">0532140151, 532140151, 0532 140 151<\/p>\n<\/li>\n<li>\n<p class=\"ds-markdown-paragraph\">0532000208, 532000208, 0532 000 208<\/p>\n<\/li>\n<li>\n<p class=\"ds-markdown-paragraph\">0532127411, 532127411, 0532 127 411<\/p>\n<\/li>\n<li>\n<p class=\"ds-markdown-paragraph\">0532122190, 532122190, 0532 122 190<\/p>\n<\/li>\n<li>\n<p class=\"ds-markdown-paragraph\">053220801, 53220801, 0532 20801<\/p>\n<\/li>\n<li>\n<p class=\"ds-markdown-paragraph\">0532116779, 532116779, 0532 116 779<\/p>\n<\/li>\n<li>\n<p class=\"ds-markdown-paragraph\">0532127410, 532127410, 0532 127 410<\/p>\n<\/li>\n<\/ul>\n<h2><span class=\"ez-toc-section\" id=\"Uu_Diem_Noi_Bat\"><\/span><strong>\u01afu \u0110i\u1ec3m N\u1ed5i B\u1eadt<\/strong><span class=\"ez-toc-section-end\"><\/span><\/h2>\n<p class=\"ds-markdown-paragraph\">\u2705\u00a0<strong>Ch\u1ea5t l\u01b0\u1ee3ng ch\u00ednh h\u00e3ng<\/strong>\u00a0&#8211; \u0110\u1ea3m b\u1ea3o hi\u1ec7u su\u1ea5t l\u1ecdc t\u1ed1i \u01b0u, t\u01b0\u01a1ng th\u00edch ho\u00e0n h\u1ea3o v\u1edbi b\u01a1m Busch<br \/>\n\u2705\u00a0<strong>\u0110\u1ed9 b\u1ec1n cao<\/strong>\u00a0&#8211; V\u1eadt li\u1ec7u ch\u1ecbu nhi\u1ec7t, ch\u1ed1ng \u0103n m\u00f2n, ph\u00f9 h\u1ee3p m\u00f4i tr\u01b0\u1eddng c\u00f4ng nghi\u1ec7p kh\u1eafc nghi\u1ec7t<br \/>\n\u2705\u00a0<strong>D\u1ec5 d\u00e0ng thay th\u1ebf<\/strong>\u00a0&#8211; Thi\u1ebft k\u1ebf nh\u1ecf g\u1ecdn, l\u1eafp \u0111\u1eb7t nhanh ch\u00f3ng<br \/>\n\u2705\u00a0<strong>Ti\u1ebft ki\u1ec7m chi ph\u00ed<\/strong>\u00a0&#8211; Gi\u1ea3m thi\u1ec3u h\u01b0 h\u1ecfng h\u1ec7 th\u1ed1ng, k\u00e9o d\u00e0i tu\u1ed5i th\u1ecd b\u01a1m<\/p>\n<h2><span class=\"ez-toc-section\" id=\"Ung_Dung_Rong_Rai\"><\/span><strong>\u1ee8ng D\u1ee5ng R\u1ed9ng R\u00e3i<\/strong><span class=\"ez-toc-section-end\"><\/span><\/h2>\n<p class=\"ds-markdown-paragraph\">L\u1ecdc\u00a0<strong>Busch 0532140150<\/strong>\u00a0\u0111\u01b0\u1ee3c s\u1eed d\u1ee5ng trong nhi\u1ec1u ng\u00e0nh c\u00f4ng nghi\u1ec7p:<\/p>\n<ul>\n<li>\n<p class=\"ds-markdown-paragraph\"><strong>Ch\u1ebf bi\u1ebfn th\u1ef1c ph\u1ea9m, d\u01b0\u1ee3c ph\u1ea9m<\/strong><\/p>\n<\/li>\n<li>\n<p class=\"ds-markdown-paragraph\"><strong>S\u1ea3n xu\u1ea5t \u0111i\u1ec7n t\u1eed, b\u00e1n d\u1eabn<\/strong><\/p>\n<\/li>\n<li>\n<p class=\"ds-markdown-paragraph\"><strong>C\u00f4ng nghi\u1ec7p nh\u1ef1a, bao b\u00ec<\/strong><\/p>\n<\/li>\n<li>\n<p class=\"ds-markdown-paragraph\"><strong>Luy\u1ec7n kim, c\u01a1 kh\u00ed ch\u1ebf t\u1ea1o<\/strong><\/p>\n<\/li>\n<li>\n<p class=\"ds-markdown-paragraph\"><strong>H\u1ec7 th\u1ed1ng ch\u00e2n kh\u00f4ng y t\u1ebf, ph\u00f2ng th\u00ed nghi\u1ec7m<\/strong><\/p>\n<\/li>\n<\/ul>\n<h2><span class=\"ez-toc-section\" id=\"Dia_Chi_Mua_Hang_Uy_Tin\"><\/span><strong>\u0110\u1ecba Ch\u1ec9 Mua H\u00e0ng Uy T\u00edn<\/strong><span class=\"ez-toc-section-end\"><\/span><\/h2>\n<p class=\"ds-markdown-paragraph\"><strong>C\u00d4NG TY TNHH K\u1ef8 THU\u1eacT V\u00c0 D\u1ecaCH V\u1ee4 MINH PH\u00da<\/strong><br \/>\n\ud83d\udce7\u00a0<strong>Email:<\/strong>\u00a0<a href=\"https:\/\/mailto:Sales@minhphuco.vn\/\" target=\"_blank\" rel=\"noopener noreferrer\">Sales@minhphuco.vn<\/a><br \/>\n\ud83d\udcde\u00a0<strong>Zalo:<\/strong>\u00a00985490343 \/ 0985843778<\/p>\n<p class=\"ds-markdown-paragraph\">\u2714\u00a0<strong>Cam k\u1ebft h\u00e0ng ch\u00ednh h\u00e3ng<\/strong> &#8211; \u0110\u1ea7y \u0111\u1ee7 ch\u1ee9ng t\u1eeb<br \/>\n\u2714\u00a0<strong>Gi\u00e1 th\u00e0nh c\u1ea1nh tranh<\/strong>\u00a0&#8211; Giao h\u00e0ng to\u00e0n qu\u1ed1c<br \/>\n\u2714\u00a0<strong>H\u1ed7 tr\u1ee3 k\u1ef9 thu\u1eadt 24\/7<\/strong>\u00a0&#8211; T\u01b0 v\u1ea5n chuy\u00ean s\u00e2u<\/p>\n<hr \/>\n<h3><span class=\"ez-toc-section\" id=\"Tu_Khoa_SEO_Chinh\"><\/span><strong>T\u1eeb Kh\u00f3a SEO Ch\u00ednh<\/strong><span class=\"ez-toc-section-end\"><\/span><\/h3>\n<ul>\n<li>\n<p class=\"ds-markdown-paragraph\">L\u1ecdc t\u00e1ch d\u1ea7u Busch 0532140150<\/p>\n<\/li>\n<li>\n<p class=\"ds-markdown-paragraph\">L\u1ecdc t\u00e1ch nh\u1edbt 0532140150<\/p>\n<\/li>\n<li>\n<p class=\"ds-markdown-paragraph\">Phin l\u1ecdc 0532140150<\/p>\n<\/li>\n<li>\n<p class=\"ds-markdown-paragraph\">L\u1ecdc ch\u00e2n kh\u00f4ng 0532140150<\/p>\n<\/li>\n<li>\n<p class=\"ds-markdown-paragraph\">L\u1ecdc b\u01a1m h\u00fat ch\u00e2n kh\u00f4ng Busch<\/p>\n<\/li>\n<li>\n<p class=\"ds-markdown-paragraph\">V532140150<\/p>\n<\/li>\n<li>\n<p class=\"ds-markdown-paragraph\">Ph\u1ee5 ki\u1ec7n b\u01a1m ch\u00e2n kh\u00f4ng ch\u00ednh h\u00e3ng<\/p>\n<\/li>\n<\/ul>\n<p class=\"ds-markdown-paragraph\"><strong>#Busch #LocTachDau #BomHutChanKhong #PhuKienCongNghiep #MinhPhuTech<\/strong><\/p>\n","protected":false},"excerpt":{"rendered":"<p>L\u1ecdc t\u00e1ch d\u1ea7u 0532140150, V532140150, L\u1ecdc Busch 0532140150<\/p>\n<p>K\u00edch th\u01b0\u1edbc : \u0110\u01b0\u1eddng k\u00ednh ngo\u00e0i: \u00d839 mm<br \/>\n\u0110\u01b0\u1eddng k\u00ednh trong: \u00d800 mm<br \/>\nChi\u1ec1u cao: 82 mm<\/p>\n","protected":false},"featured_media":7805,"comment_status":"open","ping_status":"closed","template":"","meta":{"_acf_changed":false},"product_brand":[],"product_cat":[702,2352],"product_tag":[2406,2408,2405,2407],"class_list":{"0":"post-8203","1":"product","2":"type-product","3":"status-publish","4":"has-post-thumbnail","6":"product_cat-loc-chan-khong","7":"product_cat-loc-busch","8":"product_tag-2406","9":"product_tag-busch-0532-140-150","10":"product_tag-loc-bom-hut-chan-khong-busch","11":"product_tag-v532140150","13":"first","14":"instock","15":"shipping-taxable","16":"product-type-simple"},"acf":[],"_links":{"self":[{"href":"https:\/\/mpvane.com\/en\/wp-json\/wp\/v2\/product\/8203","targetHints":{"allow":["GET"]}}],"collection":[{"href":"https:\/\/mpvane.com\/en\/wp-json\/wp\/v2\/product"}],"about":[{"href":"https:\/\/mpvane.com\/en\/wp-json\/wp\/v2\/types\/product"}],"replies":[{"embeddable":true,"href":"https:\/\/mpvane.com\/en\/wp-json\/wp\/v2\/comments?post=8203"}],"version-history":[{"count":3,"href":"https:\/\/mpvane.com\/en\/wp-json\/wp\/v2\/product\/8203\/revisions"}],"predecessor-version":[{"id":8206,"href":"https:\/\/mpvane.com\/en\/wp-json\/wp\/v2\/product\/8203\/revisions\/8206"}],"wp:featuredmedia":[{"embeddable":true,"href":"https:\/\/mpvane.com\/en\/wp-json\/wp\/v2\/media\/7805"}],"wp:attachment":[{"href":"https:\/\/mpvane.com\/en\/wp-json\/wp\/v2\/media?parent=8203"}],"wp:term":[{"taxonomy":"product_brand","embeddable":true,"href":"https:\/\/mpvane.com\/en\/wp-json\/wp\/v2\/product_brand?post=8203"},{"taxonomy":"product_cat","embeddable":true,"href":"https:\/\/mpvane.com\/en\/wp-json\/wp\/v2\/product_cat?post=8203"},{"taxonomy":"product_tag","embeddable":true,"href":"https:\/\/mpvane.com\/en\/wp-json\/wp\/v2\/product_tag?post=8203"}],"curies":[{"name":"wp","href":"https:\/\/api.w.org\/{rel}","templated":true}]}}