{"id":8193,"date":"2025-06-11T21:47:23","date_gmt":"2025-06-11T14:47:23","guid":{"rendered":"https:\/\/mpvane.com\/?post_type=product&#038;p=8193"},"modified":"2025-06-13T21:39:26","modified_gmt":"2025-06-13T14:39:26","slug":"canh-quat-90138500007-kdt3-140-6-71-wn124-245","status":"publish","type":"product","link":"https:\/\/mpvane.com\/en\/san-pham\/canh-quat-90138500007-kdt3-140-6-71-wn124-245\/","title":{"rendered":"B\u1ed9 7 c\u00e1nh qu\u1ea1t b\u1eb1ng carbon KDT3.140\/6-71 90138500007|WN124-245"},"content":{"rendered":"<div id=\"ez-toc-container\" class=\"ez-toc-v2_0_75 counter-hierarchy ez-toc-counter ez-toc-grey ez-toc-container-direction\">\n<div class=\"ez-toc-title-container\">\n<p class=\"ez-toc-title\" style=\"cursor:inherit\">Table of Contents<\/p>\n<span class=\"ez-toc-title-toggle\"><a href=\"#\" class=\"ez-toc-pull-right ez-toc-btn ez-toc-btn-xs ez-toc-btn-default ez-toc-toggle\" aria-label=\"Toggle Table of Content\"><span class=\"ez-toc-js-icon-con\"><span class=\"\"><span class=\"eztoc-hide\" style=\"display:none;\">Toggle<\/span><span class=\"ez-toc-icon-toggle-span\"><svg style=\"fill: #999;color:#999\" xmlns=\"http:\/\/www.w3.org\/2000\/svg\" class=\"list-377408\" width=\"20px\" height=\"20px\" viewBox=\"0 0 24 24\" fill=\"none\"><path d=\"M6 6H4v2h2V6zm14 0H8v2h12V6zM4 11h2v2H4v-2zm16 0H8v2h12v-2zM4 16h2v2H4v-2zm16 0H8v2h12v-2z\" fill=\"currentColor\"><\/path><\/svg><svg style=\"fill: #999;color:#999\" class=\"arrow-unsorted-368013\" xmlns=\"http:\/\/www.w3.org\/2000\/svg\" width=\"10px\" height=\"10px\" viewBox=\"0 0 24 24\" version=\"1.2\" baseProfile=\"tiny\"><path d=\"M18.2 9.3l-6.2-6.3-6.2 6.3c-.2.2-.3.4-.3.7s.1.5.3.7c.2.2.4.3.7.3h11c.3 0 .5-.1.7-.3.2-.2.3-.5.3-.7s-.1-.5-.3-.7zM5.8 14.7l6.2 6.3 6.2-6.3c.2-.2.3-.5.3-.7s-.1-.5-.3-.7c-.2-.2-.4-.3-.7-.3h-11c-.3 0-.5.1-.7.3-.2.2-.3.5-.3.7s.1.5.3.7z\"\/><\/svg><\/span><\/span><\/span><\/a><\/span><\/div>\n<nav><ul class='ez-toc-list ez-toc-list-level-1 ' ><li class='ez-toc-page-1 ez-toc-heading-level-1'><a class=\"ez-toc-link ez-toc-heading-1\" href=\"https:\/\/mpvane.com\/en\/san-pham\/canh-quat-90138500007-kdt3-140-6-71-wn124-245\/#Bo_7_Canh_Quat_Carbon_KDT31406-71_Becker_Chinh_Hang_Ma_90138500007\" >B\u1ed9 7 C\u00e1nh Qu\u1ea1t Carbon KDT3.140\/6-71 Becker Ch\u00ednh H\u00e3ng | M\u00e3 90138500007<\/a><ul class='ez-toc-list-level-2' ><li class='ez-toc-heading-level-2'><a class=\"ez-toc-link ez-toc-heading-2\" href=\"https:\/\/mpvane.com\/en\/san-pham\/canh-quat-90138500007-kdt3-140-6-71-wn124-245\/#Thong_so_ky_thuat_bo_canh_quat_Becker_90138500007\" >Th\u00f4ng s\u1ed1 k\u1ef9 thu\u1eadt b\u1ed9 c\u00e1nh qu\u1ea1t Becker 90138500007<\/a><\/li><li class='ez-toc-page-1 ez-toc-heading-level-2'><a class=\"ez-toc-link ez-toc-heading-3\" href=\"https:\/\/mpvane.com\/en\/san-pham\/canh-quat-90138500007-kdt3-140-6-71-wn124-245\/#Tuong_thich_voi_cac_dong_may\" >T\u01b0\u01a1ng th\u00edch v\u1edbi c\u00e1c d\u00f2ng m\u00e1y:<\/a><\/li><li class='ez-toc-page-1 ez-toc-heading-level-2'><a class=\"ez-toc-link ez-toc-heading-4\" href=\"https:\/\/mpvane.com\/en\/san-pham\/canh-quat-90138500007-kdt3-140-6-71-wn124-245\/#Uu_diem_cua_bo_canh_quat_carbon_Becker\" >\u01afu \u0111i\u1ec3m c\u1ee7a b\u1ed9 c\u00e1nh qu\u1ea1t carbon Becker<\/a><\/li><li class='ez-toc-page-1 ez-toc-heading-level-2'><a class=\"ez-toc-link ez-toc-heading-5\" href=\"https:\/\/mpvane.com\/en\/san-pham\/canh-quat-90138500007-kdt3-140-6-71-wn124-245\/#Ung_dung\" >\u1ee8ng d\u1ee5ng<\/a><\/li><li class='ez-toc-page-1 ez-toc-heading-level-2'><a class=\"ez-toc-link ez-toc-heading-6\" href=\"https:\/\/mpvane.com\/en\/san-pham\/canh-quat-90138500007-kdt3-140-6-71-wn124-245\/#Huong_dan_bao_duong\" >H\u01b0\u1edbng d\u1eabn b\u1ea3o d\u01b0\u1ee1ng<\/a><\/li><li class='ez-toc-page-1 ez-toc-heading-level-2'><a class=\"ez-toc-link ez-toc-heading-7\" href=\"https:\/\/mpvane.com\/en\/san-pham\/canh-quat-90138500007-kdt3-140-6-71-wn124-245\/#Mua_bo_canh_quat_Becker_chinh_hang_o_dau\" >Mua b\u1ed9 c\u00e1nh qu\u1ea1t Becker ch\u00ednh h\u00e3ng \u1edf \u0111\u00e2u?<\/a><ul class='ez-toc-list-level-3' ><li class='ez-toc-heading-level-3'><a class=\"ez-toc-link ez-toc-heading-8\" href=\"https:\/\/mpvane.com\/en\/san-pham\/canh-quat-90138500007-kdt3-140-6-71-wn124-245\/#Tu_khoa_SEO_goi_y\" >T\u1eeb kh\u00f3a SEO g\u1ee3i \u00fd:<\/a><\/li><\/ul><\/li><\/ul><\/li><\/ul><\/nav><\/div>\n\t\t<div data-elementor-type=\"wp-post\" data-elementor-id=\"8193\" class=\"elementor elementor-8193\">\n\t\t\t\t<div class=\"wd-negative-gap elementor-element elementor-element-3282dd29 e-flex e-con-boxed e-con e-parent\" data-id=\"3282dd29\" data-element_type=\"container\">\n\t\t\t\t\t<div class=\"e-con-inner\">\n\t\t\t\t<div class=\"elementor-element elementor-element-11df337a color-scheme-inherit text-left elementor-widget elementor-widget-text-editor\" data-id=\"11df337a\" data-element_type=\"widget\" data-widget_type=\"text-editor.default\">\n\t\t\t\t<div class=\"elementor-widget-container\">\n\t\t\t\t\t\t\t<div class=\"content--title\"><div class=\"dad65929\"><div class=\"_4f9bf79 d7dc56a8 _43c05b5\"><div class=\"ds-markdown ds-markdown--block\"><h1 data-start=\"142\" data-end=\"214\"><span class=\"ez-toc-section\" id=\"Bo_7_Canh_Quat_Carbon_KDT31406-71_Becker_Chinh_Hang_Ma_90138500007\"><\/span>B\u1ed9 7 C\u00e1nh Qu\u1ea1t Carbon KDT3.140\/6-71 Becker Ch\u00ednh H\u00e3ng | M\u00e3 90138500007<span class=\"ez-toc-section-end\"><\/span><\/h1><p data-start=\"216\" data-end=\"478\"><strong data-start=\"216\" data-end=\"258\">B\u1ed9 c\u00e1nh qu\u1ea1t b\u1eb1ng carbon KDT3.140\/6-71<\/strong> v\u1edbi m\u00e3 s\u1ea3n ph\u1ea9m <strong data-start=\"275\" data-end=\"302\">90138500007 | WN124-245<\/strong> l\u00e0 ph\u1ee5 ki\u1ec7n ch\u00ednh h\u00e3ng <strong data-start=\"326\" data-end=\"345\">Becker Original<\/strong>, bao g\u1ed3m <strong data-start=\"355\" data-end=\"369\">7 c\u00e1nh g\u1ea1t<\/strong> \u0111\u01b0\u1ee3c ch\u1ebf t\u1ea1o t\u1eeb v\u1eadt li\u1ec7u <strong data-start=\"395\" data-end=\"413\">carbon cao c\u1ea5p<\/strong>, chuy\u00ean d\u00f9ng cho <strong data-start=\"431\" data-end=\"477\">m\u00e1y b\u01a1m ch\u00e2n kh\u00f4ng v\u00e0 m\u00e1y n\u00e9n kh\u00ed ch\u1ea1y kh\u00f4<\/strong>.<\/p><hr data-start=\"480\" data-end=\"483\" \/><h2 data-start=\"485\" data-end=\"537\"><span class=\"ez-toc-section\" id=\"Thong_so_ky_thuat_bo_canh_quat_Becker_90138500007\"><\/span>Th\u00f4ng s\u1ed1 k\u1ef9 thu\u1eadt b\u1ed9 c\u00e1nh qu\u1ea1t Becker 90138500007<span class=\"ez-toc-section-end\"><\/span><\/h2><ul data-start=\"539\" data-end=\"788\"><li data-start=\"539\" data-end=\"601\"><p data-start=\"541\" data-end=\"601\"><strong data-start=\"541\" data-end=\"557\">T\u00ean s\u1ea3n ph\u1ea9m<\/strong>: B\u1ed9 c\u00e1nh qu\u1ea1t carbon Becker KDT3.140\/6-71<\/p><\/li><li data-start=\"602\" data-end=\"646\"><p data-start=\"604\" data-end=\"646\"><strong data-start=\"604\" data-end=\"619\">M\u00e3 s\u1ea3n ph\u1ea9m<\/strong>: 90138500007 | WN124-245<\/p><\/li><li data-start=\"647\" data-end=\"681\"><p data-start=\"649\" data-end=\"681\"><strong data-start=\"649\" data-end=\"670\">S\u1ed1 l\u01b0\u1ee3ng trong b\u1ed9<\/strong>: 07 c\u00e1nh<\/p><\/li><li data-start=\"682\" data-end=\"724\"><p data-start=\"684\" data-end=\"724\"><strong data-start=\"684\" data-end=\"696\">V\u1eadt li\u1ec7u<\/strong>: Carbon ch\u00ednh h\u00e3ng Becker<\/p><\/li><li data-start=\"725\" data-end=\"758\"><p data-start=\"727\" data-end=\"758\"><strong data-start=\"727\" data-end=\"741\">K\u00edch th\u01b0\u1edbc<\/strong>: \u0110ang c\u1eadp nh\u1eadt<\/p><\/li><li data-start=\"759\" data-end=\"788\"><p data-start=\"761\" data-end=\"788\"><strong data-start=\"761\" data-end=\"772\">Xu\u1ea5t x\u1ee9<\/strong>: Becker &#8211; \u0110\u1ee9c<\/p><\/li><\/ul><hr data-start=\"790\" data-end=\"793\" \/><h2 data-start=\"795\" data-end=\"827\"><span class=\"ez-toc-section\" id=\"Tuong_thich_voi_cac_dong_may\"><\/span>T\u01b0\u01a1ng th\u00edch v\u1edbi c\u00e1c d\u00f2ng m\u00e1y:<span class=\"ez-toc-section-end\"><\/span><\/h2><p data-start=\"829\" data-end=\"916\">B\u1ed9 c\u00e1nh qu\u1ea1t carbon 90138500007 t\u01b0\u01a1ng th\u00edch v\u00e0 s\u1eed d\u1ee5ng cho c\u00e1c d\u00f2ng m\u00e1y b\u01a1m Becker sau:<\/p><ul data-start=\"918\" data-end=\"1377\"><li data-start=\"918\" data-end=\"994\"><p data-start=\"920\" data-end=\"994\"><strong data-start=\"920\" data-end=\"958\">Becker KDT 3.100\/6-71 HD (Index D)<\/strong> \u2013 M\u00e3 \u0111\u1eb7t h\u00e0ng: <em data-start=\"974\" data-end=\"992\">KDT3.1006-71HD-D<\/em><\/p><\/li><li data-start=\"995\" data-end=\"1071\"><p data-start=\"997\" data-end=\"1071\"><strong data-start=\"997\" data-end=\"1035\">Becker KDT 3.100\/6-71 HD (Index W)<\/strong> \u2013 M\u00e3 \u0111\u1eb7t h\u00e0ng: <em data-start=\"1051\" data-end=\"1069\">KDT3.1006-71HD-W<\/em><\/p><\/li><li data-start=\"1072\" data-end=\"1148\"><p data-start=\"1074\" data-end=\"1148\"><strong data-start=\"1074\" data-end=\"1112\">Becker KDT 3.120\/6-71 HD (Index D)<\/strong> \u2013 M\u00e3 \u0111\u1eb7t h\u00e0ng: <em data-start=\"1128\" data-end=\"1146\">KDT3.1206-71HD-D<\/em><\/p><\/li><li data-start=\"1149\" data-end=\"1225\"><p data-start=\"1151\" data-end=\"1225\"><strong data-start=\"1151\" data-end=\"1189\">Becker KDT 3.120\/6-71 HD (Index W)<\/strong> \u2013 M\u00e3 \u0111\u1eb7t h\u00e0ng: <em data-start=\"1205\" data-end=\"1223\">KDT3.1206-71HD-W<\/em><\/p><\/li><li data-start=\"1226\" data-end=\"1302\"><p data-start=\"1228\" data-end=\"1302\"><strong data-start=\"1228\" data-end=\"1266\">Becker KDT 3.140\/6-71 HD (Index D)<\/strong> \u2013 M\u00e3 \u0111\u1eb7t h\u00e0ng: <em data-start=\"1282\" data-end=\"1300\">KDT3.1406-71HD-D<\/em><\/p><\/li><li data-start=\"1303\" data-end=\"1377\"><p data-start=\"1305\" data-end=\"1377\"><strong data-start=\"1305\" data-end=\"1343\">Becker KDT 3.140\/6-71 HD (Index W)<\/strong> \u2013 M\u00e3 \u0111\u1eb7t h\u00e0ng: <em data-start=\"1359\" data-end=\"1377\">KDT3.1406-71HD-W<\/em><\/p><\/li><\/ul><hr data-start=\"1379\" data-end=\"1382\" \/><h2 data-start=\"1384\" data-end=\"1425\"><span class=\"ez-toc-section\" id=\"Uu_diem_cua_bo_canh_quat_carbon_Becker\"><\/span>\u01afu \u0111i\u1ec3m c\u1ee7a b\u1ed9 c\u00e1nh qu\u1ea1t carbon Becker<span class=\"ez-toc-section-end\"><\/span><\/h2><ul data-start=\"1427\" data-end=\"1704\"><li data-start=\"1427\" data-end=\"1497\"><p data-start=\"1429\" data-end=\"1497\"><strong data-start=\"1429\" data-end=\"1461\">Ch\u00ednh h\u00e3ng 100% Becker \u2013 \u0110\u1ee9c<\/strong>, \u0111\u1ea3m b\u1ea3o \u0111\u1ed9 b\u1ec1n v\u00e0 hi\u1ec7u su\u1ea5t cao.<\/p><\/li><li data-start=\"1498\" data-end=\"1562\"><p data-start=\"1500\" data-end=\"1562\"><strong data-start=\"1500\" data-end=\"1520\">Ch\u1ecbu m\u00e0i m\u00f2n t\u1ed1t<\/strong>, ho\u1ea1t \u0111\u1ed9ng \u1ed5n \u0111\u1ecbnh trong th\u1eddi gian d\u00e0i.<\/p><\/li><li data-start=\"1563\" data-end=\"1646\"><p data-start=\"1565\" data-end=\"1646\"><strong data-start=\"1565\" data-end=\"1604\">T\u1ed1i \u01b0u hi\u1ec7u su\u1ea5t m\u00e1y b\u01a1m ch\u00e2n kh\u00f4ng<\/strong>, gi\u1ea3m ti\u1ebfng \u1ed3n v\u00e0 ti\u1ebft ki\u1ec7m n\u0103ng l\u01b0\u1ee3ng.<\/p><\/li><li data-start=\"1647\" data-end=\"1704\"><p data-start=\"1649\" data-end=\"1704\"><strong data-start=\"1649\" data-end=\"1669\">D\u1ec5 d\u00e0ng thay th\u1ebf<\/strong>, \u0111\u00fang ti\u00eau chu\u1ea9n k\u1ef9 thu\u1eadt t\u1eeb h\u00e3ng.<\/p><\/li><\/ul><hr data-start=\"1706\" data-end=\"1709\" \/><h2 data-start=\"1711\" data-end=\"1722\"><span class=\"ez-toc-section\" id=\"Ung_dung\"><\/span>\u1ee8ng d\u1ee5ng<span class=\"ez-toc-section-end\"><\/span><\/h2><p data-start=\"1724\" data-end=\"1777\">B\u1ed9 c\u00e1nh g\u1ea1t carbon Becker \u0111\u01b0\u1ee3c s\u1eed d\u1ee5ng ch\u1ee7 y\u1ebfu trong:<\/p><ul data-start=\"1779\" data-end=\"1895\"><li data-start=\"1779\" data-end=\"1809\"><p data-start=\"1781\" data-end=\"1809\"><strong data-start=\"1781\" data-end=\"1807\">M\u00e1y b\u01a1m ch\u00e2n kh\u00f4ng kh\u00f4<\/strong><\/p><\/li><li data-start=\"1810\" data-end=\"1839\"><p data-start=\"1812\" data-end=\"1839\"><strong data-start=\"1812\" data-end=\"1837\">M\u00e1y n\u00e9n kh\u00ed kh\u00f4ng d\u1ea7u<\/strong><\/p><\/li><li data-start=\"1840\" data-end=\"1895\"><p data-start=\"1842\" data-end=\"1895\">C\u00e1c h\u1ec7 th\u1ed1ng c\u1ea7n <strong data-start=\"1859\" data-end=\"1895\">h\u00fat ch\u00e2n kh\u00f4ng ho\u1eb7c n\u00e9n kh\u00ed s\u1ea1ch<\/strong><\/p><\/li><\/ul><hr data-start=\"1897\" data-end=\"1900\" \/><h2 data-start=\"1902\" data-end=\"1924\"><span class=\"ez-toc-section\" id=\"Huong_dan_bao_duong\"><\/span>H\u01b0\u1edbng d\u1eabn b\u1ea3o d\u01b0\u1ee1ng<span class=\"ez-toc-section-end\"><\/span><\/h2><ul data-start=\"1926\" data-end=\"2061\"><li data-start=\"1926\" data-end=\"1989\"><p data-start=\"1928\" data-end=\"1989\">Thay th\u1ebf c\u00e1nh g\u1ea1t \u0111\u1ecbnh k\u1ef3 theo khuy\u1ebfn c\u00e1o c\u1ee7a nh\u00e0 s\u1ea3n xu\u1ea5t.<\/p><\/li><li data-start=\"1990\" data-end=\"2061\"><p data-start=\"1992\" data-end=\"2061\">V\u1ec7 sinh v\u00e0 ki\u1ec3m tra \u0111\u1ecbnh k\u1ef3 \u0111\u1ec3 \u0111\u1ea3m b\u1ea3o ho\u1ea1t \u0111\u1ed9ng \u1ed5n \u0111\u1ecbnh c\u1ee7a m\u00e1y b\u01a1m.<\/p><\/li><\/ul><hr data-start=\"2063\" data-end=\"2066\" \/><h2 data-start=\"2068\" data-end=\"2112\"><span class=\"ez-toc-section\" id=\"Mua_bo_canh_quat_Becker_chinh_hang_o_dau\"><\/span>Mua b\u1ed9 c\u00e1nh qu\u1ea1t Becker ch\u00ednh h\u00e3ng \u1edf \u0111\u00e2u?<span class=\"ez-toc-section-end\"><\/span><\/h2><p data-start=\"2114\" data-end=\"2235\"><strong data-start=\"2114\" data-end=\"2159\">C\u00d4NG TY TNHH K\u1ef8 THU\u1eacT V\u00c0 D\u1ecaCH V\u1ee4 MINH PH\u00da<\/strong> l\u00e0 \u0111\u01a1n v\u1ecb cung c\u1ea5p ph\u1ee5 t\u00f9ng m\u00e1y b\u01a1m Becker ch\u00ednh h\u00e3ng, uy t\u00edn t\u1ea1i Vi\u1ec7t Nam.<\/p><p data-start=\"2237\" data-end=\"2345\">\ud83d\udcde <strong data-start=\"2240\" data-end=\"2251\">Hotline<\/strong>: 0985 459 559<br data-start=\"2265\" data-end=\"2268\" \/>\ud83d\udce7 <strong data-start=\"2271\" data-end=\"2280\">Email<\/strong>: <a class=\"cursor-pointer\" rel=\"noopener\" data-start=\"2282\" data-end=\"2300\">Sales@minhphuco.vn<\/a><br data-start=\"2300\" data-end=\"2303\" \/>\ud83d\udcf1 <strong data-start=\"2306\" data-end=\"2314\">Zalo<\/strong>: 0985 490 343 | 0985 843 778<\/p><hr data-start=\"2347\" data-end=\"2350\" \/><h3 data-start=\"2352\" data-end=\"2374\"><span class=\"ez-toc-section\" id=\"Tu_khoa_SEO_goi_y\"><\/span>T\u1eeb kh\u00f3a SEO g\u1ee3i \u00fd:<span class=\"ez-toc-section-end\"><\/span><\/h3><ul data-start=\"2375\" data-end=\"2542\"><li data-start=\"2375\" data-end=\"2406\"><p data-start=\"2377\" data-end=\"2406\">C\u00e1nh g\u1ea1t Becker 90138500007<\/p><\/li><li data-start=\"2407\" data-end=\"2437\"><p data-start=\"2409\" data-end=\"2437\">B\u1ed9 c\u00e1nh qu\u1ea1t KDT3.140\/6-71<\/p><\/li><li data-start=\"2438\" data-end=\"2476\"><p data-start=\"2440\" data-end=\"2476\">C\u00e1nh g\u1ea1t carbon m\u00e1y b\u01a1m ch\u00e2n kh\u00f4ng<\/p><\/li><li data-start=\"2477\" data-end=\"2511\"><p data-start=\"2479\" data-end=\"2511\">Becker KDT ph\u1ee5 t\u00f9ng ch\u00ednh h\u00e3ng<\/p><\/li><li data-start=\"2512\" data-end=\"2542\"><p data-start=\"2514\" data-end=\"2542\">Mua c\u00e1nh qu\u1ea1t Becker \u1edf \u0111\u00e2u<\/p><\/li><\/ul><\/div><\/div><\/div><\/div>\t\t\t\t\t\t<\/div>\n\t\t\t\t<\/div>\n\t\t\t\t\t<\/div>\n\t\t\t\t<\/div>\n\t\t\t\t<\/div>\n\t\t","protected":false},"excerpt":{"rendered":"<p>S\u1ed1 l\u01b0\u1ee3ng c\u00e1nh qu\u1ea1t\/b\u1ed9: 7 C\u00e1nh<br \/>\nS\u1ed1 WN: WN124-245<br \/>\nK\u00edch th\u01b0\u1edbc chu\u1ea9n : ch\u01b0a x\u00e1c \u0111\u1ecbnh 00 mm (chi\u1ec1u d\u00e0i) \u00d7 00 mm (chi\u1ec1u r\u1ed9ng\/cao) \u00d7 00 mm (\u0111\u1ed9 d\u00e0y)<br \/>\nV\u1eadt li\u1ec7u c\u00e1nh qu\u1ea1t: cacbon \/ carbon<br \/>\nModel: Becker KDT 3.100\/6-71 ,Becker KDT 3.120\/6-71,Becker KDT 3.140\/6-71<\/p>\n","protected":false},"featured_media":7190,"comment_status":"open","ping_status":"closed","template":"","meta":{"_acf_changed":false},"product_brand":[],"product_cat":[701],"product_tag":[2351,2350],"class_list":{"0":"post-8193","1":"product","2":"type-product","3":"status-publish","4":"has-post-thumbnail","6":"product_cat-canh-vanes-becker","7":"product_tag-2351","8":"product_tag-wn124-245","10":"first","11":"instock","12":"shipping-taxable","13":"product-type-external"},"acf":[],"_links":{"self":[{"href":"https:\/\/mpvane.com\/en\/wp-json\/wp\/v2\/product\/8193","targetHints":{"allow":["GET"]}}],"collection":[{"href":"https:\/\/mpvane.com\/en\/wp-json\/wp\/v2\/product"}],"about":[{"href":"https:\/\/mpvane.com\/en\/wp-json\/wp\/v2\/types\/product"}],"replies":[{"embeddable":true,"href":"https:\/\/mpvane.com\/en\/wp-json\/wp\/v2\/comments?post=8193"}],"version-history":[{"count":5,"href":"https:\/\/mpvane.com\/en\/wp-json\/wp\/v2\/product\/8193\/revisions"}],"predecessor-version":[{"id":8202,"href":"https:\/\/mpvane.com\/en\/wp-json\/wp\/v2\/product\/8193\/revisions\/8202"}],"wp:featuredmedia":[{"embeddable":true,"href":"https:\/\/mpvane.com\/en\/wp-json\/wp\/v2\/media\/7190"}],"wp:attachment":[{"href":"https:\/\/mpvane.com\/en\/wp-json\/wp\/v2\/media?parent=8193"}],"wp:term":[{"taxonomy":"product_brand","embeddable":true,"href":"https:\/\/mpvane.com\/en\/wp-json\/wp\/v2\/product_brand?post=8193"},{"taxonomy":"product_cat","embeddable":true,"href":"https:\/\/mpvane.com\/en\/wp-json\/wp\/v2\/product_cat?post=8193"},{"taxonomy":"product_tag","embeddable":true,"href":"https:\/\/mpvane.com\/en\/wp-json\/wp\/v2\/product_tag?post=8193"}],"curies":[{"name":"wp","href":"https:\/\/api.w.org\/{rel}","templated":true}]}}