{"id":8191,"date":"2025-06-09T22:38:38","date_gmt":"2025-06-09T15:38:38","guid":{"rendered":"https:\/\/mpvane.com\/?post_type=product&#038;p=8191"},"modified":"2025-06-09T22:51:09","modified_gmt":"2025-06-09T15:51:09","slug":"loc-dau-ek96004-thay-cho-ma-cu-71420980","status":"publish","type":"product","link":"https:\/\/mpvane.com\/en\/san-pham\/loc-dau-ek96004-thay-cho-ma-cu-71420980\/","title":{"rendered":"L\u1ecdc d\u1ea7u EK96004 thay cho m\u00e3 c\u0169 71420980"},"content":{"rendered":"<div id=\"ez-toc-container\" class=\"ez-toc-v2_0_75 counter-hierarchy ez-toc-counter ez-toc-grey ez-toc-container-direction\">\n<div class=\"ez-toc-title-container\">\n<p class=\"ez-toc-title\" style=\"cursor:inherit\">Table of Contents<\/p>\n<span class=\"ez-toc-title-toggle\"><a href=\"#\" class=\"ez-toc-pull-right ez-toc-btn ez-toc-btn-xs ez-toc-btn-default ez-toc-toggle\" aria-label=\"Toggle Table of Content\"><span class=\"ez-toc-js-icon-con\"><span class=\"\"><span class=\"eztoc-hide\" style=\"display:none;\">Toggle<\/span><span class=\"ez-toc-icon-toggle-span\"><svg style=\"fill: #999;color:#999\" xmlns=\"http:\/\/www.w3.org\/2000\/svg\" class=\"list-377408\" width=\"20px\" height=\"20px\" viewBox=\"0 0 24 24\" fill=\"none\"><path d=\"M6 6H4v2h2V6zm14 0H8v2h12V6zM4 11h2v2H4v-2zm16 0H8v2h12v-2zM4 16h2v2H4v-2zm16 0H8v2h12v-2z\" fill=\"currentColor\"><\/path><\/svg><svg style=\"fill: #999;color:#999\" class=\"arrow-unsorted-368013\" xmlns=\"http:\/\/www.w3.org\/2000\/svg\" width=\"10px\" height=\"10px\" viewBox=\"0 0 24 24\" version=\"1.2\" baseProfile=\"tiny\"><path d=\"M18.2 9.3l-6.2-6.3-6.2 6.3c-.2.2-.3.4-.3.7s.1.5.3.7c.2.2.4.3.7.3h11c.3 0 .5-.1.7-.3.2-.2.3-.5.3-.7s-.1-.5-.3-.7zM5.8 14.7l6.2 6.3 6.2-6.3c.2-.2.3-.5.3-.7s-.1-.5-.3-.7c-.2-.2-.4-.3-.7-.3h-11c-.3 0-.5.1-.7.3-.2.2-.3.5-.3.7s.1.5.3.7z\"\/><\/svg><\/span><\/span><\/span><\/a><\/span><\/div>\n<nav><ul class='ez-toc-list ez-toc-list-level-1 ' ><li class='ez-toc-page-1 ez-toc-heading-level-2'><a class=\"ez-toc-link ez-toc-heading-1\" href=\"https:\/\/mpvane.com\/en\/san-pham\/loc-dau-ek96004-thay-cho-ma-cu-71420980\/#Loc_dau_EK96004_%E2%80%93_Thay_the_hoan_hao_cho_Leybold_71420980\" >L\u1ecdc d\u1ea7u EK96004 \u2013 Thay th\u1ebf ho\u00e0n h\u1ea3o cho Leybold 71420980<\/a><ul class='ez-toc-list-level-3' ><li class='ez-toc-heading-level-3'><a class=\"ez-toc-link ez-toc-heading-2\" href=\"https:\/\/mpvane.com\/en\/san-pham\/loc-dau-ek96004-thay-cho-ma-cu-71420980\/#%E2%9C%85_Thong_so_ky_thuat_loc_dau_EK96004\" >\u2705 Th\u00f4ng s\u1ed1 k\u1ef9 thu\u1eadt l\u1ecdc d\u1ea7u EK96004<\/a><\/li><li class='ez-toc-page-1 ez-toc-heading-level-3'><a class=\"ez-toc-link ez-toc-heading-3\" href=\"https:\/\/mpvane.com\/en\/san-pham\/loc-dau-ek96004-thay-cho-ma-cu-71420980\/#%E2%9C%85_Tuong_thich_voi_cac_dong_may_bom_chan_khong_Leybold\" >\u2705 T\u01b0\u01a1ng th\u00edch v\u1edbi c\u00e1c d\u00f2ng m\u00e1y b\u01a1m ch\u00e2n kh\u00f4ng Leybold:<\/a><\/li><li class='ez-toc-page-1 ez-toc-heading-level-3'><a class=\"ez-toc-link ez-toc-heading-4\" href=\"https:\/\/mpvane.com\/en\/san-pham\/loc-dau-ek96004-thay-cho-ma-cu-71420980\/#%E2%9C%85_Ten_goi_thay_the_thuong_gap\" >\u2705 T\u00ean g\u1ecdi thay th\u1ebf th\u01b0\u1eddng g\u1eb7p:<\/a><\/li><li class='ez-toc-page-1 ez-toc-heading-level-3'><a class=\"ez-toc-link ez-toc-heading-5\" href=\"https:\/\/mpvane.com\/en\/san-pham\/loc-dau-ek96004-thay-cho-ma-cu-71420980\/#%E2%AD%90_Uu_diem_noi_bat\" >\u2b50 \u01afu \u0111i\u1ec3m n\u1ed5i b\u1eadt:<\/a><\/li><\/ul><\/li><li class='ez-toc-page-1 ez-toc-heading-level-2'><a class=\"ez-toc-link ez-toc-heading-6\" href=\"https:\/\/mpvane.com\/en\/san-pham\/loc-dau-ek96004-thay-cho-ma-cu-71420980\/#%F0%9F%93%9E_Lien_he_ngay_de_duoc_tu_van_va_bao_gia_tot_nhat\" >\ud83d\udcde Li\u00ean h\u1ec7 ngay \u0111\u1ec3 \u0111\u01b0\u1ee3c t\u01b0 v\u1ea5n v\u00e0 b\u00e1o gi\u00e1 t\u1ed1t nh\u1ea5t!<\/a><\/li><\/ul><\/nav><\/div>\n<h2 data-start=\"164\" data-end=\"227\"><span class=\"ez-toc-section\" id=\"Loc_dau_EK96004_%E2%80%93_Thay_the_hoan_hao_cho_Leybold_71420980\"><\/span><strong data-start=\"167\" data-end=\"227\">L\u1ecdc d\u1ea7u EK96004 \u2013 Thay th\u1ebf ho\u00e0n h\u1ea3o cho Leybold 71420980<\/strong><span class=\"ez-toc-section-end\"><\/span><\/h2>\n<p data-start=\"229\" data-end=\"497\">B\u1ea1n \u0111ang t\u00ecm ki\u1ebfm <strong data-start=\"247\" data-end=\"284\">l\u1ecdc d\u1ea7u ch\u00e2n kh\u00f4ng ch\u1ea5t l\u01b0\u1ee3ng cao<\/strong> thay th\u1ebf cho m\u00e3 <strong data-start=\"301\" data-end=\"321\">Leybold 71420980<\/strong>? S\u1ea3n ph\u1ea9m <strong data-start=\"332\" data-end=\"351\">l\u1ecdc d\u1ea7u EK96004<\/strong> (m\u00e3 s\u1ea3n ph\u1ea9m: <strong data-start=\"366\" data-end=\"377\">EK96006<\/strong>) ch\u00ednh l\u00e0 <strong data-start=\"388\" data-end=\"408\">gi\u1ea3i ph\u00e1p t\u1ed1i \u01b0u<\/strong>, \u0111\u1ea3m b\u1ea3o hi\u1ec7u qu\u1ea3 v\u00e0 \u0111\u1ed9 b\u1ec1n cao khi s\u1eed d\u1ee5ng cho c\u00e1c d\u00f2ng m\u00e1y b\u01a1m h\u00fat ch\u00e2n kh\u00f4ng Leybold.<\/p>\n<h3 data-start=\"499\" data-end=\"542\"><span class=\"ez-toc-section\" id=\"%E2%9C%85_Thong_so_ky_thuat_loc_dau_EK96004\"><\/span>\u2705 <strong data-start=\"505\" data-end=\"542\">Th\u00f4ng s\u1ed1 k\u1ef9 thu\u1eadt l\u1ecdc d\u1ea7u EK96004<\/strong><span class=\"ez-toc-section-end\"><\/span><\/h3>\n<ul data-start=\"543\" data-end=\"729\">\n<li data-start=\"543\" data-end=\"574\">\n<p data-start=\"545\" data-end=\"574\"><strong data-start=\"545\" data-end=\"564\">M\u00e3 s\u1ed1 s\u1ea3n ph\u1ea9m:<\/strong> EK96006<\/p>\n<\/li>\n<li data-start=\"575\" data-end=\"613\">\n<p data-start=\"577\" data-end=\"613\"><strong data-start=\"577\" data-end=\"594\">Thay th\u1ebf cho:<\/strong> Leybold 71420980<\/p>\n<\/li>\n<li data-start=\"614\" data-end=\"643\">\n<p data-start=\"616\" data-end=\"643\"><strong data-start=\"616\" data-end=\"635\">T\u1ed5ng chi\u1ec1u cao:<\/strong> 79 mm<\/p>\n<\/li>\n<li data-start=\"644\" data-end=\"678\">\n<p data-start=\"646\" data-end=\"678\"><strong data-start=\"646\" data-end=\"670\">\u0110\u01b0\u1eddng k\u00ednh l\u1edbn nh\u1ea5t:<\/strong> 76 mm<\/p>\n<\/li>\n<li data-start=\"679\" data-end=\"729\">\n<p data-start=\"681\" data-end=\"729\"><strong data-start=\"681\" data-end=\"697\">Ren k\u1ebft n\u1ed1i:<\/strong> UNF 3\/4 inch Female Bottom 16<\/p>\n<\/li>\n<\/ul>\n<h3 data-start=\"731\" data-end=\"793\"><span class=\"ez-toc-section\" id=\"%E2%9C%85_Tuong_thich_voi_cac_dong_may_bom_chan_khong_Leybold\"><\/span>\u2705 <strong data-start=\"737\" data-end=\"793\">T\u01b0\u01a1ng th\u00edch v\u1edbi c\u00e1c d\u00f2ng m\u00e1y b\u01a1m ch\u00e2n kh\u00f4ng Leybold:<\/strong><span class=\"ez-toc-section-end\"><\/span><\/h3>\n<ul data-start=\"794\" data-end=\"927\">\n<li data-start=\"794\" data-end=\"813\">\n<p data-start=\"796\" data-end=\"813\">SOGEVAC SV 40 B<\/p>\n<\/li>\n<li data-start=\"814\" data-end=\"834\">\n<p data-start=\"816\" data-end=\"834\">SOGEVAC SV 45 FP<\/p>\n<\/li>\n<li data-start=\"835\" data-end=\"854\">\n<p data-start=\"837\" data-end=\"854\">SOGEVAC SV 65 B<\/p>\n<\/li>\n<li data-start=\"855\" data-end=\"875\">\n<p data-start=\"857\" data-end=\"875\">SOGEVAC SV 70 FP<\/p>\n<\/li>\n<li data-start=\"876\" data-end=\"888\">\n<p data-start=\"878\" data-end=\"888\">Neo D 16<\/p>\n<\/li>\n<li data-start=\"889\" data-end=\"901\">\n<p data-start=\"891\" data-end=\"901\">Neo D 25<\/p>\n<\/li>\n<li data-start=\"902\" data-end=\"914\">\n<p data-start=\"904\" data-end=\"914\">Neo D 40<\/p>\n<\/li>\n<li data-start=\"915\" data-end=\"927\">\n<p data-start=\"917\" data-end=\"927\">Neo D 65<\/p>\n<\/li>\n<\/ul>\n<h3 data-start=\"929\" data-end=\"967\"><span class=\"ez-toc-section\" id=\"%E2%9C%85_Ten_goi_thay_the_thuong_gap\"><\/span>\u2705 <strong data-start=\"935\" data-end=\"967\">T\u00ean g\u1ecdi thay th\u1ebf th\u01b0\u1eddng g\u1eb7p:<\/strong><span class=\"ez-toc-section-end\"><\/span><\/h3>\n<ul data-start=\"968\" data-end=\"1149\">\n<li data-start=\"968\" data-end=\"988\">\n<p data-start=\"970\" data-end=\"988\">L\u1ecdc nh\u1edbt EK96004<\/p>\n<\/li>\n<li data-start=\"989\" data-end=\"1010\">\n<p data-start=\"991\" data-end=\"1010\">L\u1ecdc nh\u1edbt 71420980<\/p>\n<\/li>\n<li data-start=\"1011\" data-end=\"1049\">\n<p data-start=\"1013\" data-end=\"1049\">L\u1ecdc cho b\u01a1m h\u00fat ch\u00e2n kh\u00f4ng EK96004<\/p>\n<\/li>\n<li data-start=\"1050\" data-end=\"1081\">\n<p data-start=\"1052\" data-end=\"1081\">L\u1ecdc d\u1ea7u ch\u00e2n kh\u00f4ng 71420980<\/p>\n<\/li>\n<li data-start=\"1082\" data-end=\"1103\">\n<p data-start=\"1084\" data-end=\"1103\">L\u01b0\u1ee3c nh\u1edbt EK96004<\/p>\n<\/li>\n<li data-start=\"1104\" data-end=\"1149\">\n<p data-start=\"1106\" data-end=\"1149\"><strong data-start=\"1106\" data-end=\"1147\">Leybold oil filter EK96004 \/ 71420980<\/strong><\/p>\n<\/li>\n<\/ul>\n<h3 data-start=\"1151\" data-end=\"1177\"><span class=\"ez-toc-section\" id=\"%E2%AD%90_Uu_diem_noi_bat\"><\/span>\u2b50 <strong data-start=\"1157\" data-end=\"1177\">\u01afu \u0111i\u1ec3m n\u1ed5i b\u1eadt:<\/strong><span class=\"ez-toc-section-end\"><\/span><\/h3>\n<ul data-start=\"1178\" data-end=\"1413\">\n<li data-start=\"1178\" data-end=\"1268\">\n<p data-start=\"1180\" data-end=\"1268\"><strong data-start=\"1180\" data-end=\"1204\">Hi\u1ec7u su\u1ea5t l\u1ecdc t\u1ed1i \u01b0u<\/strong>, gi\u1eef cho d\u1ea7u ch\u00e2n kh\u00f4ng lu\u00f4n s\u1ea1ch, k\u00e9o d\u00e0i tu\u1ed5i th\u1ecd thi\u1ebft b\u1ecb.<\/p>\n<\/li>\n<li data-start=\"1269\" data-end=\"1347\">\n<p data-start=\"1271\" data-end=\"1347\"><strong data-start=\"1271\" data-end=\"1295\">T\u01b0\u01a1ng th\u00edch ho\u00e0n h\u1ea3o<\/strong> v\u1edbi c\u00e1c d\u00f2ng b\u01a1m h\u00fat ch\u00e2n kh\u00f4ng Leybold ph\u1ed5 bi\u1ebfn.<\/p>\n<\/li>\n<li data-start=\"1348\" data-end=\"1413\">\n<p data-start=\"1350\" data-end=\"1413\"><strong data-start=\"1350\" data-end=\"1369\">L\u1eafp \u0111\u1eb7t d\u1ec5 d\u00e0ng<\/strong>, thay th\u1ebf nhanh ch\u00f3ng v\u1edbi \u0111\u1ed9 ch\u00ednh x\u00e1c cao.<\/p>\n<\/li>\n<\/ul>\n<hr data-start=\"1415\" data-end=\"1418\" \/>\n<h2 data-start=\"1420\" data-end=\"1478\"><span class=\"ez-toc-section\" id=\"%F0%9F%93%9E_Lien_he_ngay_de_duoc_tu_van_va_bao_gia_tot_nhat\"><\/span>\ud83d\udcde <strong data-start=\"1426\" data-end=\"1478\">Li\u00ean h\u1ec7 ngay \u0111\u1ec3 \u0111\u01b0\u1ee3c t\u01b0 v\u1ea5n v\u00e0 b\u00e1o gi\u00e1 t\u1ed1t nh\u1ea5t!<\/strong><span class=\"ez-toc-section-end\"><\/span><\/h2>\n<p data-start=\"1480\" data-end=\"1627\"><strong data-start=\"1480\" data-end=\"1525\">C\u00d4NG TY TNHH K\u1ef8 THU\u1eacT V\u00c0 D\u1ecaCH V\u1ee4 MINH PH\u00da<\/strong><br data-start=\"1525\" data-end=\"1528\" \/><strong data-start=\"1528\" data-end=\"1540\">Hotline:<\/strong> 0985 459 559<br data-start=\"1553\" data-end=\"1556\" \/><strong data-start=\"1556\" data-end=\"1566\">Email:<\/strong> <a class=\"cursor-pointer\" rel=\"noopener\" data-start=\"1567\" data-end=\"1585\">Sales@minhphuco.vn<\/a><br data-start=\"1585\" data-end=\"1588\" \/><strong data-start=\"1588\" data-end=\"1597\">Zalo:<\/strong> 0985 490 343 \/ 0985 843 778<\/p>\n<p data-start=\"1629\" data-end=\"1774\">Ch\u00fang t\u00f4i chuy\u00ean cung c\u1ea5p c\u00e1c lo\u1ea1i <strong data-start=\"1664\" data-end=\"1695\">ph\u1ee5 t\u00f9ng m\u00e1y b\u01a1m ch\u00e2n kh\u00f4ng<\/strong>, <strong data-start=\"1697\" data-end=\"1730\">l\u1ecdc d\u1ea7u ch\u00e2n kh\u00f4ng ch\u00ednh h\u00e3ng<\/strong>, cam k\u1ebft <strong data-start=\"1740\" data-end=\"1773\">ch\u1ea5t l\u01b0\u1ee3ng &#8211; uy t\u00edn &#8211; gi\u00e1 t\u1ed1t<\/strong>.<\/p>\n","protected":false},"excerpt":{"rendered":"<p>K\u00edch th\u01b0\u1edbc tham kh\u1ea3o : T\u1ed5ng chi\u1ec1u cao 79 mm ,\u0110\u01b0\u1eddng k\u00ednh l\u1edbn nh\u1ea5t 76 mm , Ren k\u1ebft n\u1ed1i UNF 3\/4 inch Female Bottom 16<\/p>\n<p>D\u00f9ng cho c\u00e1c Model b\u01a1m Leybold :SOGEVAC SV 40 B,SOGEVAC SV 45 FP,SOGEVAC SV 65 B,SOGEVAC SV 70 FP,Neo D 16,Neo D 25,Neo D 40,Neo D 65<\/p>\n","protected":false},"featured_media":7914,"comment_status":"open","ping_status":"closed","template":"","meta":{"_acf_changed":false},"product_brand":[],"product_cat":[2316,702],"product_tag":[2343,2342],"class_list":{"0":"post-8191","1":"product","2":"type-product","3":"status-publish","4":"has-post-thumbnail","6":"product_cat-loc-leybold","7":"product_cat-loc-chan-khong","8":"product_tag-2343","9":"product_tag-ek96004","11":"first","12":"instock","13":"shipping-taxable","14":"product-type-simple"},"acf":[],"_links":{"self":[{"href":"https:\/\/mpvane.com\/en\/wp-json\/wp\/v2\/product\/8191","targetHints":{"allow":["GET"]}}],"collection":[{"href":"https:\/\/mpvane.com\/en\/wp-json\/wp\/v2\/product"}],"about":[{"href":"https:\/\/mpvane.com\/en\/wp-json\/wp\/v2\/types\/product"}],"replies":[{"embeddable":true,"href":"https:\/\/mpvane.com\/en\/wp-json\/wp\/v2\/comments?post=8191"}],"version-history":[{"count":1,"href":"https:\/\/mpvane.com\/en\/wp-json\/wp\/v2\/product\/8191\/revisions"}],"predecessor-version":[{"id":8192,"href":"https:\/\/mpvane.com\/en\/wp-json\/wp\/v2\/product\/8191\/revisions\/8192"}],"wp:featuredmedia":[{"embeddable":true,"href":"https:\/\/mpvane.com\/en\/wp-json\/wp\/v2\/media\/7914"}],"wp:attachment":[{"href":"https:\/\/mpvane.com\/en\/wp-json\/wp\/v2\/media?parent=8191"}],"wp:term":[{"taxonomy":"product_brand","embeddable":true,"href":"https:\/\/mpvane.com\/en\/wp-json\/wp\/v2\/product_brand?post=8191"},{"taxonomy":"product_cat","embeddable":true,"href":"https:\/\/mpvane.com\/en\/wp-json\/wp\/v2\/product_cat?post=8191"},{"taxonomy":"product_tag","embeddable":true,"href":"https:\/\/mpvane.com\/en\/wp-json\/wp\/v2\/product_tag?post=8191"}],"curies":[{"name":"wp","href":"https:\/\/api.w.org\/{rel}","templated":true}]}}