{"id":8186,"date":"2025-06-07T23:09:18","date_gmt":"2025-06-07T16:09:18","guid":{"rendered":"https:\/\/mpvane.com\/?post_type=product&#038;p=8186"},"modified":"2025-06-07T23:15:57","modified_gmt":"2025-06-07T16:15:57","slug":"bo-6-canh-than-carbon-orion-04036531010-krx10kra10","status":"publish","type":"product","link":"https:\/\/mpvane.com\/en\/san-pham\/bo-6-canh-than-carbon-orion-04036531010-krx10kra10\/","title":{"rendered":"B\u1ed9 6 c\u00e1nh than carbon ORION 04036531010 KRX10,KRA10"},"content":{"rendered":"<div id=\"ez-toc-container\" class=\"ez-toc-v2_0_75 counter-hierarchy ez-toc-counter ez-toc-grey ez-toc-container-direction\">\n<div class=\"ez-toc-title-container\">\n<p class=\"ez-toc-title\" style=\"cursor:inherit\">Table of Contents<\/p>\n<span class=\"ez-toc-title-toggle\"><a href=\"#\" class=\"ez-toc-pull-right ez-toc-btn ez-toc-btn-xs ez-toc-btn-default ez-toc-toggle\" aria-label=\"Toggle Table of Content\"><span class=\"ez-toc-js-icon-con\"><span class=\"\"><span class=\"eztoc-hide\" style=\"display:none;\">Toggle<\/span><span class=\"ez-toc-icon-toggle-span\"><svg style=\"fill: #999;color:#999\" xmlns=\"http:\/\/www.w3.org\/2000\/svg\" class=\"list-377408\" width=\"20px\" height=\"20px\" viewBox=\"0 0 24 24\" fill=\"none\"><path d=\"M6 6H4v2h2V6zm14 0H8v2h12V6zM4 11h2v2H4v-2zm16 0H8v2h12v-2zM4 16h2v2H4v-2zm16 0H8v2h12v-2z\" fill=\"currentColor\"><\/path><\/svg><svg style=\"fill: #999;color:#999\" class=\"arrow-unsorted-368013\" xmlns=\"http:\/\/www.w3.org\/2000\/svg\" width=\"10px\" height=\"10px\" viewBox=\"0 0 24 24\" version=\"1.2\" baseProfile=\"tiny\"><path d=\"M18.2 9.3l-6.2-6.3-6.2 6.3c-.2.2-.3.4-.3.7s.1.5.3.7c.2.2.4.3.7.3h11c.3 0 .5-.1.7-.3.2-.2.3-.5.3-.7s-.1-.5-.3-.7zM5.8 14.7l6.2 6.3 6.2-6.3c.2-.2.3-.5.3-.7s-.1-.5-.3-.7c-.2-.2-.4-.3-.7-.3h-11c-.3 0-.5.1-.7.3-.2.2-.3.5-.3.7s.1.5.3.7z\"\/><\/svg><\/span><\/span><\/span><\/a><\/span><\/div>\n<nav><ul class='ez-toc-list ez-toc-list-level-1 ' ><li class='ez-toc-page-1 ez-toc-heading-level-1'><a class=\"ez-toc-link ez-toc-heading-1\" href=\"https:\/\/mpvane.com\/en\/san-pham\/bo-6-canh-than-carbon-orion-04036531010-krx10kra10\/#Bo_6_Canh_Than_Carbon_ORION_04036531010_KRX10_Chinh_Hang_%E2%80%93_Hieu_Suat_Vuot_Troi_Cho_May_Bom_Chan_Khong_Kho\" >B\u1ed9 6 C\u00e1nh Than Carbon ORION 04036531010 KRX10 Ch\u00ednh H\u00e3ng \u2013 Hi\u1ec7u Su\u1ea5t V\u01b0\u1ee3t Tr\u1ed9i Cho M\u00e1y B\u01a1m Ch\u00e2n Kh\u00f4ng Kh\u00f4<\/a><ul class='ez-toc-list-level-2' ><li class='ez-toc-heading-level-2'><a class=\"ez-toc-link ez-toc-heading-2\" href=\"https:\/\/mpvane.com\/en\/san-pham\/bo-6-canh-than-carbon-orion-04036531010-krx10kra10\/#%F0%9F%94%A7_Thong_tin_san_pham_Bo_canh_than_ORION_04036531010_KRX10\" >\ud83d\udd27 Th\u00f4ng tin s\u1ea3n ph\u1ea9m: B\u1ed9 c\u00e1nh than ORION 04036531010 KRX10<\/a><\/li><li class='ez-toc-page-1 ez-toc-heading-level-2'><a class=\"ez-toc-link ez-toc-heading-3\" href=\"https:\/\/mpvane.com\/en\/san-pham\/bo-6-canh-than-carbon-orion-04036531010-krx10kra10\/#%F0%9F%94%A9_Tuong_thich_voi_cac_dong_may_bom_chan_khong_ORION\" >\ud83d\udd29 T\u01b0\u01a1ng th\u00edch v\u1edbi c\u00e1c d\u00f2ng m\u00e1y b\u01a1m ch\u00e2n kh\u00f4ng ORION:<\/a><\/li><li class='ez-toc-page-1 ez-toc-heading-level-2'><a class=\"ez-toc-link ez-toc-heading-4\" href=\"https:\/\/mpvane.com\/en\/san-pham\/bo-6-canh-than-carbon-orion-04036531010-krx10kra10\/#%F0%9F%8C%AA_Dac_diem_noi_bat_cua_bo_canh_gat_ORION_04036531010\" >\ud83c\udf2a \u0110\u1eb7c \u0111i\u1ec3m n\u1ed5i b\u1eadt c\u1ee7a b\u1ed9 c\u00e1nh g\u1ea1t ORION 04036531010:<\/a><\/li><li class='ez-toc-page-1 ez-toc-heading-level-2'><a class=\"ez-toc-link ez-toc-heading-5\" href=\"https:\/\/mpvane.com\/en\/san-pham\/bo-6-canh-than-carbon-orion-04036531010-krx10kra10\/#%E2%9A%99%EF%B8%8F_Tim_hieu_ve_may_bom_chan_khong_kho_ORION\" >\u2699\ufe0f T\u00ecm hi\u1ec3u v\u1ec1 m\u00e1y b\u01a1m ch\u00e2n kh\u00f4ng kh\u00f4 ORION<\/a><\/li><li class='ez-toc-page-1 ez-toc-heading-level-2'><a class=\"ez-toc-link ez-toc-heading-6\" href=\"https:\/\/mpvane.com\/en\/san-pham\/bo-6-canh-than-carbon-orion-04036531010-krx10kra10\/#%F0%9F%A7%B0_Luu_y_khi_su_dung_va_thay_the_canh_bom_ORION\" >\ud83e\uddf0 L\u01b0u \u00fd khi s\u1eed d\u1ee5ng v\u00e0 thay th\u1ebf c\u00e1nh b\u01a1m ORION<\/a><\/li><li class='ez-toc-page-1 ez-toc-heading-level-2'><a class=\"ez-toc-link ez-toc-heading-7\" href=\"https:\/\/mpvane.com\/en\/san-pham\/bo-6-canh-than-carbon-orion-04036531010-krx10kra10\/#%F0%9F%93%A6_Minh_Phu_Co_%E2%80%93_Nha_cung_cap_chinh_hang_phu_tung_ORION_tai_Viet_Nam\" >\ud83d\udce6 Minh Ph\u00fa C\u01a1 \u2013 Nh\u00e0 cung c\u1ea5p ch\u00ednh h\u00e3ng ph\u1ee5 t\u00f9ng ORION t\u1ea1i Vi\u1ec7t Nam<\/a><\/li><li class='ez-toc-page-1 ez-toc-heading-level-2'><a class=\"ez-toc-link ez-toc-heading-8\" href=\"https:\/\/mpvane.com\/en\/san-pham\/bo-6-canh-than-carbon-orion-04036531010-krx10kra10\/#%F0%9F%93%9E_Lien_he_dat_hang_ngay_hom_nay\" >\ud83d\udcde Li\u00ean h\u1ec7 \u0111\u1eb7t h\u00e0ng ngay h\u00f4m nay:<\/a><\/li><\/ul><\/li><\/ul><\/nav><\/div>\n<div class=\"dad65929\">\n<div class=\"_4f9bf79 d7dc56a8 _43c05b5\">\n<div class=\"ds-markdown ds-markdown--block\">\n<h1 data-start=\"223\" data-end=\"330\"><span class=\"ez-toc-section\" id=\"Bo_6_Canh_Than_Carbon_ORION_04036531010_KRX10_Chinh_Hang_%E2%80%93_Hieu_Suat_Vuot_Troi_Cho_May_Bom_Chan_Khong_Kho\"><\/span>B\u1ed9 6 C\u00e1nh Than Carbon ORION 04036531010 KRX10 Ch\u00ednh H\u00e3ng \u2013 Hi\u1ec7u Su\u1ea5t V\u01b0\u1ee3t Tr\u1ed9i Cho M\u00e1y B\u01a1m Ch\u00e2n Kh\u00f4ng Kh\u00f4<span class=\"ez-toc-section-end\"><\/span><\/h1>\n<p data-start=\"332\" data-end=\"604\"><strong data-start=\"332\" data-end=\"416\">B\u1ea1n \u0111ang t\u00ecm ki\u1ebfm b\u1ed9 c\u00e1nh than ch\u1ea5t l\u01b0\u1ee3ng cao d\u00e0nh cho m\u00e1y b\u01a1m ch\u00e2n kh\u00f4ng ORION?<\/strong> Minh Ph\u00fa C\u01a1 chuy\u00ean cung c\u1ea5p <strong data-start=\"445\" data-end=\"496\">B\u1ed9 6 c\u00e1nh than ORION Original 04036531010 KRX10<\/strong>, s\u1ea3n ph\u1ea9m ch\u00ednh h\u00e3ng, \u0111\u1ed9 b\u1ec1n cao, t\u1ed1i \u01b0u cho hi\u1ec7u su\u1ea5t ho\u1ea1t \u0111\u1ed9ng c\u1ee7a c\u00e1c d\u00f2ng m\u00e1y b\u01a1m ch\u00e2n kh\u00f4ng kh\u00f4 ORION.<\/p>\n<hr data-start=\"606\" data-end=\"609\" \/>\n<h2 data-start=\"611\" data-end=\"673\"><span class=\"ez-toc-section\" id=\"%F0%9F%94%A7_Thong_tin_san_pham_Bo_canh_than_ORION_04036531010_KRX10\"><\/span>\ud83d\udd27 Th\u00f4ng tin s\u1ea3n ph\u1ea9m: B\u1ed9 c\u00e1nh than ORION 04036531010 KRX10<span class=\"ez-toc-section-end\"><\/span><\/h2>\n<ul data-start=\"675\" data-end=\"934\">\n<li data-start=\"675\" data-end=\"707\">\n<p data-start=\"677\" data-end=\"707\"><strong data-start=\"677\" data-end=\"693\">M\u00e3 s\u1ea3n ph\u1ea9m:<\/strong> 04036531010<\/p>\n<\/li>\n<li data-start=\"708\" data-end=\"745\">\n<p data-start=\"710\" data-end=\"745\"><strong data-start=\"710\" data-end=\"726\">Th\u01b0\u01a1ng hi\u1ec7u:<\/strong> ORION \u2013 Nh\u1eadt B\u1ea3n<\/p>\n<\/li>\n<li data-start=\"746\" data-end=\"778\">\n<p data-start=\"748\" data-end=\"778\"><strong data-start=\"748\" data-end=\"761\">V\u1eadt li\u1ec7u:<\/strong> Carbon cao c\u1ea5p<\/p>\n<\/li>\n<li data-start=\"779\" data-end=\"812\">\n<p data-start=\"781\" data-end=\"812\"><strong data-start=\"781\" data-end=\"794\">S\u1ed1 l\u01b0\u1ee3ng:<\/strong> 06 c\u00e1nh than\/b\u1ed9<\/p>\n<\/li>\n<li data-start=\"813\" data-end=\"861\">\n<p data-start=\"815\" data-end=\"861\"><strong data-start=\"815\" data-end=\"830\">K\u00edch th\u01b0\u1edbc:<\/strong> \u0110ang c\u1eadp nh\u1eadt (mm x mm x mm)<\/p>\n<\/li>\n<li data-start=\"862\" data-end=\"895\">\n<p data-start=\"864\" data-end=\"895\"><strong data-start=\"864\" data-end=\"876\">Xu\u1ea5t x\u1ee9:<\/strong> Japan (Nh\u1eadt B\u1ea3n)<\/p>\n<\/li>\n<li data-start=\"896\" data-end=\"934\">\n<p data-start=\"898\" data-end=\"934\"><strong data-start=\"898\" data-end=\"913\">T\u00ecnh tr\u1ea1ng:<\/strong> M\u1edbi 100%, ch\u00ednh h\u00e3ng<\/p>\n<\/li>\n<\/ul>\n<hr data-start=\"936\" data-end=\"939\" \/>\n<h2 data-start=\"941\" data-end=\"997\"><span class=\"ez-toc-section\" id=\"%F0%9F%94%A9_Tuong_thich_voi_cac_dong_may_bom_chan_khong_ORION\"><\/span>\ud83d\udd29 T\u01b0\u01a1ng th\u00edch v\u1edbi c\u00e1c d\u00f2ng m\u00e1y b\u01a1m ch\u00e2n kh\u00f4ng ORION:<span class=\"ez-toc-section-end\"><\/span><\/h2>\n<ul data-start=\"999\" data-end=\"1320\">\n<li data-start=\"999\" data-end=\"1014\">\n<p data-start=\"1001\" data-end=\"1014\">ORION KRX10<\/p>\n<\/li>\n<li data-start=\"1015\" data-end=\"1031\">\n<p data-start=\"1017\" data-end=\"1031\">ORION KRX10A<\/p>\n<\/li>\n<li data-start=\"1032\" data-end=\"1068\">\n<p data-start=\"1034\" data-end=\"1068\">CBXP90110-VB-01, CBXP90110-VB-02<\/p>\n<\/li>\n<li data-start=\"1069\" data-end=\"1090\">\n<p data-start=\"1071\" data-end=\"1090\">CBXP90110B-VB-02B<\/p>\n<\/li>\n<li data-start=\"1091\" data-end=\"1125\">\n<p data-start=\"1093\" data-end=\"1125\">CBXP9090-VV-01, CBXP9090-VV-02<\/p>\n<\/li>\n<li data-start=\"1126\" data-end=\"1160\">\n<p data-start=\"1128\" data-end=\"1160\">CBXP9090-BB-01, CBXP9090-BB-02<\/p>\n<\/li>\n<li data-start=\"1161\" data-end=\"1199\">\n<p data-start=\"1163\" data-end=\"1199\">CBXP9090B-VV-02B, CBXP9090B-BB-02B<\/p>\n<\/li>\n<li data-start=\"1200\" data-end=\"1238\">\n<p data-start=\"1202\" data-end=\"1238\">CBXP110110-VV-01, CBXP110110-VV-02<\/p>\n<\/li>\n<li data-start=\"1239\" data-end=\"1277\">\n<p data-start=\"1241\" data-end=\"1277\">CBXP110110-BB-01, CBXP110110-BB-02<\/p>\n<\/li>\n<li data-start=\"1278\" data-end=\"1320\">\n<p data-start=\"1280\" data-end=\"1320\">CBXP110110B-VV-02B, CBXP110110B-BB-02B<\/p>\n<\/li>\n<\/ul>\n<hr data-start=\"1322\" data-end=\"1325\" \/>\n<h2 data-start=\"1327\" data-end=\"1384\"><span class=\"ez-toc-section\" id=\"%F0%9F%8C%AA_Dac_diem_noi_bat_cua_bo_canh_gat_ORION_04036531010\"><\/span>\ud83c\udf2a \u0110\u1eb7c \u0111i\u1ec3m n\u1ed5i b\u1eadt c\u1ee7a b\u1ed9 c\u00e1nh g\u1ea1t ORION 04036531010:<span class=\"ez-toc-section-end\"><\/span><\/h2>\n<p data-start=\"1386\" data-end=\"1906\">\u2705 <strong data-start=\"1388\" data-end=\"1421\">Ch\u1ea5t li\u1ec7u carbon t\u1ef1 b\u00f4i tr\u01a1n:<\/strong> Gi\u00fap t\u0103ng tu\u1ed5i th\u1ecd, h\u1ea1n ch\u1ebf ma s\u00e1t, \u0111\u1ea3m b\u1ea3o hi\u1ec7u su\u1ea5t l\u00e0m vi\u1ec7c \u1ed5n \u0111\u1ecbnh v\u00e0 \u00eam \u00e1i.<br data-start=\"1502\" data-end=\"1505\" \/>\u2705 <strong data-start=\"1507\" data-end=\"1528\">\u0110\u1ed9 b\u1ec1n v\u01b0\u1ee3t tr\u1ed9i:<\/strong> Ch\u1ecbu nhi\u1ec7t, ch\u1ecbu m\u00e0i m\u00f2n t\u1ed1t, th\u00edch h\u1ee3p cho c\u00e1c m\u00f4i tr\u01b0\u1eddng l\u00e0m vi\u1ec7c kh\u1eafc nghi\u1ec7t.<br data-start=\"1609\" data-end=\"1612\" \/>\u2705 <strong data-start=\"1614\" data-end=\"1641\">D\u1ec5 thay th\u1ebf v\u00e0 l\u1eafp \u0111\u1eb7t:<\/strong> T\u01b0\u01a1ng th\u00edch ho\u00e0n h\u1ea3o v\u1edbi nhi\u1ec1u d\u00f2ng m\u00e1y b\u01a1m ch\u00e2n kh\u00f4ng ORION.<br data-start=\"1703\" data-end=\"1706\" \/>\u2705 <strong data-start=\"1708\" data-end=\"1726\">Gi\u1ea3m ti\u1ebfng \u1ed3n:<\/strong> H\u1ea1n ch\u1ebf rung, gi\u00fap m\u00e1y ho\u1ea1t \u0111\u1ed9ng nh\u1eb9 nh\u00e0ng v\u00e0 \u1ed5n \u0111\u1ecbnh.<br data-start=\"1781\" data-end=\"1784\" \/>\u2705 <strong data-start=\"1786\" data-end=\"1824\">H\u1ed7 tr\u1ee3 hi\u1ec7u su\u1ea5t h\u00fat v\u00e0 x\u1ea3 t\u1ed1i \u0111a:<\/strong> Gi\u00fap m\u00e1y b\u01a1m \u0111\u1ea1t hi\u1ec7u su\u1ea5t v\u1eadn h\u00e0nh cao, ti\u1ebft ki\u1ec7m \u0111i\u1ec7n n\u0103ng v\u00e0 gi\u1ea3m thi\u1ec3u s\u1ef1 c\u1ed1.<\/p>\n<hr data-start=\"1908\" data-end=\"1911\" \/>\n<h2 data-start=\"1913\" data-end=\"1959\"><span class=\"ez-toc-section\" id=\"%E2%9A%99%EF%B8%8F_Tim_hieu_ve_may_bom_chan_khong_kho_ORION\"><\/span>\u2699\ufe0f T\u00ecm hi\u1ec3u v\u1ec1 m\u00e1y b\u01a1m ch\u00e2n kh\u00f4ng kh\u00f4 ORION<span class=\"ez-toc-section-end\"><\/span><\/h2>\n<p data-start=\"1961\" data-end=\"2076\">M\u00e1y b\u01a1m ch\u00e2n kh\u00f4ng ORION l\u00e0 d\u00f2ng s\u1ea3n ph\u1ea9m ti\u00ean phong trong c\u00f4ng ngh\u1ec7 <strong data-start=\"2030\" data-end=\"2062\">b\u01a1m ch\u00e2n kh\u00f4ng kh\u00f4 kh\u00f4ng d\u1ea7u<\/strong>, n\u1ed5i b\u1eadt v\u1edbi:<\/p>\n<ul data-start=\"2077\" data-end=\"2213\">\n<li data-start=\"2077\" data-end=\"2118\">\n<p data-start=\"2079\" data-end=\"2118\"><strong data-start=\"2079\" data-end=\"2118\">Ho\u1ea1t \u0111\u1ed9ng \u1ed5n \u0111\u1ecbnh, kh\u00f4ng r\u00f2 r\u1ec9 d\u1ea7u.<\/strong><\/p>\n<\/li>\n<li data-start=\"2119\" data-end=\"2153\">\n<p data-start=\"2121\" data-end=\"2153\"><strong data-start=\"2121\" data-end=\"2153\">Ti\u1ebfng \u1ed3n th\u1ea5p, tu\u1ed5i th\u1ecd cao.<\/strong><\/p>\n<\/li>\n<li data-start=\"2154\" data-end=\"2213\">\n<p data-start=\"2156\" data-end=\"2213\"><strong data-start=\"2156\" data-end=\"2213\">Ph\u00f9 h\u1ee3p cho c\u00e1c \u1ee9ng d\u1ee5ng y\u00eau c\u1ea7u kh\u00ed s\u1ea1ch, kh\u00f4ng d\u1ea7u.<\/strong><\/p>\n<\/li>\n<\/ul>\n<p data-start=\"2215\" data-end=\"2451\"><strong data-start=\"2215\" data-end=\"2239\">Nguy\u00ean l\u00fd ho\u1ea1t \u0111\u1ed9ng:<\/strong> B\u01a1m s\u1eed d\u1ee5ng rotor l\u1ec7ch t\u00e2m v\u00e0 c\u00e1c c\u00e1nh than carbon \u0111\u1ec3 t\u1ea1o ch\u00e2n kh\u00f4ng ho\u1eb7c x\u1ea3 kh\u00ed. Khi rotor quay, c\u00e1c c\u00e1nh g\u1ea1t tr\u01b0\u1ee3t trong r\u00e3nh t\u1ea1o th\u00e0nh c\u00e1c khoang kh\u00ed thay \u0111\u1ed5i th\u1ec3 t\u00edch \u2013 qu\u00e1 tr\u00ecnh h\u00fat\/n\u00e9n\/x\u1ea3 di\u1ec5n ra li\u00ean t\u1ee5c.<\/p>\n<hr data-start=\"2453\" data-end=\"2456\" \/>\n<h2 data-start=\"2458\" data-end=\"2508\"><span class=\"ez-toc-section\" id=\"%F0%9F%A7%B0_Luu_y_khi_su_dung_va_thay_the_canh_bom_ORION\"><\/span>\ud83e\uddf0 L\u01b0u \u00fd khi s\u1eed d\u1ee5ng v\u00e0 thay th\u1ebf c\u00e1nh b\u01a1m ORION<span class=\"ez-toc-section-end\"><\/span><\/h2>\n<ul data-start=\"2510\" data-end=\"2871\">\n<li data-start=\"2510\" data-end=\"2588\">\n<p data-start=\"2512\" data-end=\"2588\"><strong data-start=\"2512\" data-end=\"2540\">Kh\u00f4ng h\u00fat kh\u00ed d\u1ec5 ch\u00e1y\/n\u1ed5<\/strong> ho\u1eb7c s\u1eed d\u1ee5ng trong m\u00f4i tr\u01b0\u1eddng c\u00f3 kh\u00ed \u0111\u1ed9c h\u1ea1i.<\/p>\n<\/li>\n<li data-start=\"2589\" data-end=\"2669\">\n<p data-start=\"2591\" data-end=\"2669\"><strong data-start=\"2591\" data-end=\"2629\">Kh\u00f4ng \u0111\u1ec3 \u0111\u01b0\u1eddng \u1ed1ng n\u1ea1p\/x\u1ea3 b\u1ecb ngh\u1ebdn<\/strong> g\u00e2y qu\u00e1 t\u1ea3i v\u00e0 l\u00e0m gi\u1ea3m tu\u1ed5i th\u1ecd b\u01a1m.<\/p>\n<\/li>\n<li data-start=\"2670\" data-end=\"2747\">\n<p data-start=\"2672\" data-end=\"2747\"><strong data-start=\"2672\" data-end=\"2713\">Lu\u00f4n s\u1eed d\u1ee5ng kh\u00ed s\u1ea1ch, kh\u00f4, kh\u00f4ng b\u1ee5i<\/strong> \u0111\u1ec3 \u0111\u1ea3m b\u1ea3o \u0111\u1ed9 b\u1ec1n cho c\u00e1nh b\u01a1m.<\/p>\n<\/li>\n<li data-start=\"2748\" data-end=\"2871\">\n<p data-start=\"2750\" data-end=\"2793\"><strong data-start=\"2750\" data-end=\"2791\">Th\u1eddi gian thay c\u00e1nh than khuy\u1ebfn ngh\u1ecb:<\/strong><\/p>\n<ul data-start=\"2796\" data-end=\"2871\">\n<li data-start=\"2796\" data-end=\"2834\">\n<p data-start=\"2798\" data-end=\"2834\">Ho\u1ea1t \u0111\u1ed9ng b\u00ecnh th\u01b0\u1eddng: ~12.000 gi\u1edd<\/p>\n<\/li>\n<li data-start=\"2837\" data-end=\"2871\">\n<p data-start=\"2839\" data-end=\"2871\">Ho\u1ea1t \u0111\u1ed9ng t\u1ea3i n\u1eb7ng: ~9.500 gi\u1edd<\/p>\n<\/li>\n<\/ul>\n<\/li>\n<\/ul>\n<p data-start=\"2873\" data-end=\"3003\">N\u1ebfu nh\u1eadn th\u1ea5y hi\u1ec7u su\u1ea5t gi\u1ea3m, ti\u1ebfng \u1ed3n t\u0103ng, ho\u1eb7c m\u00e1y n\u00f3ng b\u1ea5t th\u01b0\u1eddng \u2013 <strong data-start=\"2945\" data-end=\"3003\">h\u00e3y thay ngay b\u1ed9 c\u00e1nh g\u1ea1t \u0111\u1ec3 tr\u00e1nh s\u1ef1 c\u1ed1 nghi\u00eam tr\u1ecdng.<\/strong><\/p>\n<hr data-start=\"3005\" data-end=\"3008\" \/>\n<h2 data-start=\"3010\" data-end=\"3081\"><span class=\"ez-toc-section\" id=\"%F0%9F%93%A6_Minh_Phu_Co_%E2%80%93_Nha_cung_cap_chinh_hang_phu_tung_ORION_tai_Viet_Nam\"><\/span>\ud83d\udce6 Minh Ph\u00fa C\u01a1 \u2013 Nh\u00e0 cung c\u1ea5p ch\u00ednh h\u00e3ng ph\u1ee5 t\u00f9ng ORION t\u1ea1i Vi\u1ec7t Nam<span class=\"ez-toc-section-end\"><\/span><\/h2>\n<p data-start=\"3083\" data-end=\"3101\">Ch\u00fang t\u00f4i cam k\u1ebft:<\/p>\n<ul data-start=\"3102\" data-end=\"3286\">\n<li data-start=\"3102\" data-end=\"3140\">\n<p data-start=\"3104\" data-end=\"3140\">H\u00e0ng ch\u00ednh h\u00e3ng \u2013 C\u00f3 CO, CQ \u0111\u1ea7y \u0111\u1ee7<\/p>\n<\/li>\n<li data-start=\"3141\" data-end=\"3181\">\n<p data-start=\"3143\" data-end=\"3181\">Gi\u00e1 c\u1ea1nh tranh \u2013 Giao h\u00e0ng to\u00e0n qu\u1ed1c<\/p>\n<\/li>\n<li data-start=\"3182\" data-end=\"3248\">\n<p data-start=\"3184\" data-end=\"3248\">T\u01b0 v\u1ea5n k\u1ef9 thu\u1eadt t\u1eadn t\u00ecnh \u2013 H\u1ed7 tr\u1ee3 thay th\u1ebf c\u00e1nh than \u0111\u00fang c\u00e1ch<\/p>\n<\/li>\n<li data-start=\"3249\" data-end=\"3286\">\n<p data-start=\"3251\" data-end=\"3286\">Kho h\u00e0ng l\u1edbn, s\u1eb5n s\u00e0ng giao nhanh<\/p>\n<\/li>\n<\/ul>\n<hr data-start=\"3288\" data-end=\"3291\" \/>\n<h2 data-start=\"3293\" data-end=\"3329\"><span class=\"ez-toc-section\" id=\"%F0%9F%93%9E_Lien_he_dat_hang_ngay_hom_nay\"><\/span>\ud83d\udcde Li\u00ean h\u1ec7 \u0111\u1eb7t h\u00e0ng ngay h\u00f4m nay:<span class=\"ez-toc-section-end\"><\/span><\/h2>\n<ul data-start=\"3331\" data-end=\"3506\">\n<li data-start=\"3331\" data-end=\"3360\">\n<p data-start=\"3333\" data-end=\"3360\"><strong data-start=\"3333\" data-end=\"3345\">Hotline:<\/strong> 0985 459 559<\/p>\n<\/li>\n<li data-start=\"3361\" data-end=\"3409\">\n<p data-start=\"3363\" data-end=\"3409\"><strong data-start=\"3363\" data-end=\"3379\">Zalo t\u01b0 v\u1ea5n:<\/strong> 0985 490 343 | 0985 843 778<\/p>\n<\/li>\n<li data-start=\"3410\" data-end=\"3472\">\n<p data-start=\"3412\" data-end=\"3472\"><strong data-start=\"3412\" data-end=\"3424\">Website:<\/strong> <a class=\"\" href=\"http:\/\/www.minhphuco.com\" target=\"_new\" rel=\"noopener\" data-start=\"3425\" data-end=\"3470\">www.minhphuco.com<\/a><\/p>\n<\/li>\n<li data-start=\"3473\" data-end=\"3506\">\n<p data-start=\"3475\" data-end=\"3506\"><strong data-start=\"3475\" data-end=\"3485\">Email:<\/strong> <a class=\"cursor-pointer\" rel=\"noopener\" data-start=\"3486\" data-end=\"3504\">sales@minhphuco.vn<\/a><\/p>\n<\/li>\n<\/ul>\n<hr data-start=\"3508\" data-end=\"3511\" \/>\n<p data-start=\"3513\" data-end=\"3571\"><strong data-start=\"3513\" data-end=\"3571\">T\u1eeb kh\u00f3a SEO \u0111\u1ec1 xu\u1ea5t ch\u00e8n v\u00e0o th\u1ebb meta, ti\u00eau \u0111\u1ec1, m\u00f4 t\u1ea3:<\/strong><\/p>\n<ul data-start=\"3572\" data-end=\"3766\">\n<li data-start=\"3572\" data-end=\"3603\">\n<p data-start=\"3574\" data-end=\"3603\">c\u00e1nh than ORION 04036531010<\/p>\n<\/li>\n<li data-start=\"3604\" data-end=\"3631\">\n<p data-start=\"3606\" data-end=\"3631\">b\u1ed9 c\u00e1nh g\u1ea1t ORION KRX10<\/p>\n<\/li>\n<li data-start=\"3632\" data-end=\"3658\">\n<p data-start=\"3634\" data-end=\"3658\">l\u01b0\u1ee1i g\u1ea1t m\u00e1y b\u01a1m ORION<\/p>\n<\/li>\n<li data-start=\"3659\" data-end=\"3696\">\n<p data-start=\"3661\" data-end=\"3696\">ph\u1ee5 t\u00f9ng m\u00e1y b\u01a1m ch\u00e2n kh\u00f4ng ORION<\/p>\n<\/li>\n<li data-start=\"3697\" data-end=\"3731\">\n<p data-start=\"3699\" data-end=\"3731\">b\u01a1m ch\u00e2n kh\u00f4ng kh\u00f4 ORION KRX10<\/p>\n<\/li>\n<li data-start=\"3732\" data-end=\"3766\">\n<p data-start=\"3734\" data-end=\"3766\">thay c\u00e1nh g\u1ea1t ORION ch\u00ednh h\u00e3ng<\/p>\n<\/li>\n<\/ul>\n<\/div>\n<\/div>\n<\/div>\n","protected":false},"excerpt":{"rendered":"<p>B\u1ed9 6 c\u00e1nh than carbon ORION 04036531010 KRX10,KRA10<br \/>\nB\u1ed9 c\u00e1nh than ORION Original 04036531010<br \/>\nK\u00edch th\u01b0\u1edbc: ch\u01b0a x\u00e1c \u0111\u1ecbnh 00 mm (chi\u1ec1u r\u1ed9ng\/cao) \u00d7 00 mm (chi\u1ec1u d\u00e0i)\u00d7 00 mm (\u0111\u1ed9 d\u00e0y)<br \/>\nV\u1eadt li\u1ec7u c\u00e1nh than Orion : Carbon<br \/>\nD\u00f9ng cho Model KRX10,CBXP90110-VB-01,02,CBXP90110B-VB-02B,CBXP9090-VV-01,02<br \/>\nCBXP9090-BB-01,02,CBXP9090B-VV-02B,CBXP9090B-BB-02B,CBXP110110-VV-01,02<br \/>\nCBXP110110-BB-01,02,CBXP110110B-BB-02B,CBXP110110B-VV-02B<\/p>\n","protected":false},"featured_media":7805,"comment_status":"open","ping_status":"closed","template":"","meta":{"_acf_changed":false},"product_brand":[],"product_cat":[69,707],"product_tag":[2313],"class_list":{"0":"post-8186","1":"product","2":"type-product","3":"status-publish","4":"has-post-thumbnail","6":"product_cat-canh-vane","7":"product_cat-orion-vanes","8":"product_tag-2313","10":"first","11":"instock","12":"shipping-taxable","13":"product-type-simple"},"acf":[],"_links":{"self":[{"href":"https:\/\/mpvane.com\/en\/wp-json\/wp\/v2\/product\/8186","targetHints":{"allow":["GET"]}}],"collection":[{"href":"https:\/\/mpvane.com\/en\/wp-json\/wp\/v2\/product"}],"about":[{"href":"https:\/\/mpvane.com\/en\/wp-json\/wp\/v2\/types\/product"}],"replies":[{"embeddable":true,"href":"https:\/\/mpvane.com\/en\/wp-json\/wp\/v2\/comments?post=8186"}],"version-history":[{"count":1,"href":"https:\/\/mpvane.com\/en\/wp-json\/wp\/v2\/product\/8186\/revisions"}],"predecessor-version":[{"id":8187,"href":"https:\/\/mpvane.com\/en\/wp-json\/wp\/v2\/product\/8186\/revisions\/8187"}],"wp:featuredmedia":[{"embeddable":true,"href":"https:\/\/mpvane.com\/en\/wp-json\/wp\/v2\/media\/7805"}],"wp:attachment":[{"href":"https:\/\/mpvane.com\/en\/wp-json\/wp\/v2\/media?parent=8186"}],"wp:term":[{"taxonomy":"product_brand","embeddable":true,"href":"https:\/\/mpvane.com\/en\/wp-json\/wp\/v2\/product_brand?post=8186"},{"taxonomy":"product_cat","embeddable":true,"href":"https:\/\/mpvane.com\/en\/wp-json\/wp\/v2\/product_cat?post=8186"},{"taxonomy":"product_tag","embeddable":true,"href":"https:\/\/mpvane.com\/en\/wp-json\/wp\/v2\/product_tag?post=8186"}],"curies":[{"name":"wp","href":"https:\/\/api.w.org\/{rel}","templated":true}]}}