{"id":8184,"date":"2025-06-07T23:00:31","date_gmt":"2025-06-07T16:00:31","guid":{"rendered":"https:\/\/mpvane.com\/?post_type=product&#038;p=8184"},"modified":"2025-06-07T23:04:19","modified_gmt":"2025-06-07T16:04:19","slug":"bo-5-canh-than-carbon-orion-04041803010-krx9b","status":"publish","type":"product","link":"https:\/\/mpvane.com\/en\/san-pham\/bo-5-canh-than-carbon-orion-04041803010-krx9b\/","title":{"rendered":"B\u1ed9 5 c\u00e1nh than carbon ORION 04041803010 KRX9B"},"content":{"rendered":"<div id=\"ez-toc-container\" class=\"ez-toc-v2_0_75 counter-hierarchy ez-toc-counter ez-toc-grey ez-toc-container-direction\">\n<div class=\"ez-toc-title-container\">\n<p class=\"ez-toc-title\" style=\"cursor:inherit\">Table of Contents<\/p>\n<span class=\"ez-toc-title-toggle\"><a href=\"#\" class=\"ez-toc-pull-right ez-toc-btn ez-toc-btn-xs ez-toc-btn-default ez-toc-toggle\" aria-label=\"Toggle Table of Content\"><span class=\"ez-toc-js-icon-con\"><span class=\"\"><span class=\"eztoc-hide\" style=\"display:none;\">Toggle<\/span><span class=\"ez-toc-icon-toggle-span\"><svg style=\"fill: #999;color:#999\" xmlns=\"http:\/\/www.w3.org\/2000\/svg\" class=\"list-377408\" width=\"20px\" height=\"20px\" viewBox=\"0 0 24 24\" fill=\"none\"><path d=\"M6 6H4v2h2V6zm14 0H8v2h12V6zM4 11h2v2H4v-2zm16 0H8v2h12v-2zM4 16h2v2H4v-2zm16 0H8v2h12v-2z\" fill=\"currentColor\"><\/path><\/svg><svg style=\"fill: #999;color:#999\" class=\"arrow-unsorted-368013\" xmlns=\"http:\/\/www.w3.org\/2000\/svg\" width=\"10px\" height=\"10px\" viewBox=\"0 0 24 24\" version=\"1.2\" baseProfile=\"tiny\"><path d=\"M18.2 9.3l-6.2-6.3-6.2 6.3c-.2.2-.3.4-.3.7s.1.5.3.7c.2.2.4.3.7.3h11c.3 0 .5-.1.7-.3.2-.2.3-.5.3-.7s-.1-.5-.3-.7zM5.8 14.7l6.2 6.3 6.2-6.3c.2-.2.3-.5.3-.7s-.1-.5-.3-.7c-.2-.2-.4-.3-.7-.3h-11c-.3 0-.5.1-.7.3-.2.2-.3.5-.3.7s.1.5.3.7z\"\/><\/svg><\/span><\/span><\/span><\/a><\/span><\/div>\n<nav><ul class='ez-toc-list ez-toc-list-level-1 ' ><li class='ez-toc-page-1 ez-toc-heading-level-1'><a class=\"ez-toc-link ez-toc-heading-1\" href=\"https:\/\/mpvane.com\/en\/san-pham\/bo-5-canh-than-carbon-orion-04041803010-krx9b\/#Bo_Canh_Than_Carbon_ORION_04041803010_KRX9B_%E2%80%93_Giai_Phap_Hieu_Qua_Cho_May_Bom_Chan_Khong_Kho\" >B\u1ed9 C\u00e1nh Than Carbon ORION 04041803010 KRX9B \u2013 Gi\u1ea3i Ph\u00e1p Hi\u1ec7u Qu\u1ea3 Cho M\u00e1y B\u01a1m Ch\u00e2n Kh\u00f4ng Kh\u00f4<\/a><ul class='ez-toc-list-level-2' ><li class='ez-toc-heading-level-2'><a class=\"ez-toc-link ez-toc-heading-2\" href=\"https:\/\/mpvane.com\/en\/san-pham\/bo-5-canh-than-carbon-orion-04041803010-krx9b\/#%F0%9F%9B%A0%EF%B8%8F_Thong_So_Ky_Thuat_Bo_Canh_Than_ORION_04041803010\" >\ud83d\udee0\ufe0f Th\u00f4ng S\u1ed1 K\u1ef9 Thu\u1eadt B\u1ed9 C\u00e1nh Than ORION 04041803010<\/a><\/li><li class='ez-toc-page-1 ez-toc-heading-level-2'><a class=\"ez-toc-link ez-toc-heading-3\" href=\"https:\/\/mpvane.com\/en\/san-pham\/bo-5-canh-than-carbon-orion-04041803010-krx9b\/#%E2%9A%99%EF%B8%8F_Tai_Sao_Nen_Chon_Bo_Canh_Than_ORION_Chinh_Hang\" >\u2699\ufe0f T\u1ea1i Sao N\u00ean Ch\u1ecdn B\u1ed9 C\u00e1nh Than ORION Ch\u00ednh H\u00e3ng?<\/a><\/li><li class='ez-toc-page-1 ez-toc-heading-level-2'><a class=\"ez-toc-link ez-toc-heading-4\" href=\"https:\/\/mpvane.com\/en\/san-pham\/bo-5-canh-than-carbon-orion-04041803010-krx9b\/#%F0%9F%94%8D_Gioi_Thieu_Ve_May_Bom_Chan_Khong_Kho_ORION\" >\ud83d\udd0d Gi\u1edbi Thi\u1ec7u V\u1ec1 M\u00e1y B\u01a1m Ch\u00e2n Kh\u00f4ng Kh\u00f4 ORION<\/a><\/li><li class='ez-toc-page-1 ez-toc-heading-level-2'><a class=\"ez-toc-link ez-toc-heading-5\" href=\"https:\/\/mpvane.com\/en\/san-pham\/bo-5-canh-than-carbon-orion-04041803010-krx9b\/#%F0%9F%94%A7_Huong_Dan_Van_Hanh_va_Bao_Duong_May_Bom_Chan_Khong_Kho\" >\ud83d\udd27 H\u01b0\u1edbng D\u1eabn V\u1eadn H\u00e0nh v\u00e0 B\u1ea3o D\u01b0\u1ee1ng M\u00e1y B\u01a1m Ch\u00e2n Kh\u00f4ng Kh\u00f4<\/a><\/li><li class='ez-toc-page-1 ez-toc-heading-level-2'><a class=\"ez-toc-link ez-toc-heading-6\" href=\"https:\/\/mpvane.com\/en\/san-pham\/bo-5-canh-than-carbon-orion-04041803010-krx9b\/#%F0%9F%93%A6_Lien_He_Mua_Bo_Canh_Than_ORION_04041803010_KRX9B\" >\ud83d\udce6 Li\u00ean H\u1ec7 Mua B\u1ed9 C\u00e1nh Than ORION 04041803010 KRX9B<\/a><\/li><\/ul><\/li><\/ul><\/nav><\/div>\n<div class=\"dad65929\">\n<div class=\"_4f9bf79 d7dc56a8 _43c05b5\">\n<div class=\"ds-markdown ds-markdown--block\">\n<h1 data-start=\"190\" data-end=\"287\"><span class=\"ez-toc-section\" id=\"Bo_Canh_Than_Carbon_ORION_04041803010_KRX9B_%E2%80%93_Giai_Phap_Hieu_Qua_Cho_May_Bom_Chan_Khong_Kho\"><\/span><strong data-start=\"192\" data-end=\"287\">B\u1ed9 C\u00e1nh Than Carbon ORION 04041803010 KRX9B \u2013 Gi\u1ea3i Ph\u00e1p Hi\u1ec7u Qu\u1ea3 Cho M\u00e1y B\u01a1m Ch\u00e2n Kh\u00f4ng Kh\u00f4<\/strong><span class=\"ez-toc-section-end\"><\/span><\/h1>\n<p data-start=\"289\" data-end=\"623\">B\u1ea1n \u0111ang t\u00ecm <strong data-start=\"302\" data-end=\"335\">b\u1ed9 c\u00e1nh than ORION ch\u00ednh h\u00e3ng<\/strong> cho m\u00e1y b\u01a1m ch\u00e2n kh\u00f4ng kh\u00f4? <strong data-start=\"364\" data-end=\"406\">B\u1ed9 5 c\u00e1nh than ORION 04041803010 KRX9B<\/strong> l\u00e0 l\u1ef1a ch\u1ecdn t\u1ed1i \u01b0u d\u00e0nh cho c\u00e1c d\u00f2ng m\u00e1y b\u01a1m kh\u00f4 ORION nh\u01b0 <strong data-start=\"466\" data-end=\"475\">KRX9B<\/strong> v\u00e0 <strong data-start=\"479\" data-end=\"501\">CBXP8080-VB-01, 02<\/strong>. S\u1ea3n ph\u1ea9m \u0111\u01b0\u1ee3c thi\u1ebft k\u1ebf t\u1eeb <strong data-start=\"529\" data-end=\"563\">v\u1eadt li\u1ec7u carbon ch\u1ea5t l\u01b0\u1ee3ng cao<\/strong>, gi\u00fap t\u0103ng hi\u1ec7u su\u1ea5t ho\u1ea1t \u0111\u1ed9ng v\u00e0 k\u00e9o d\u00e0i tu\u1ed5i th\u1ecd m\u00e1y b\u01a1m.<\/p>\n<hr data-start=\"625\" data-end=\"628\" \/>\n<h2 data-start=\"630\" data-end=\"689\"><span class=\"ez-toc-section\" id=\"%F0%9F%9B%A0%EF%B8%8F_Thong_So_Ky_Thuat_Bo_Canh_Than_ORION_04041803010\"><\/span>\ud83d\udee0\ufe0f <strong data-start=\"637\" data-end=\"689\">Th\u00f4ng S\u1ed1 K\u1ef9 Thu\u1eadt B\u1ed9 C\u00e1nh Than ORION 04041803010<\/strong><span class=\"ez-toc-section-end\"><\/span><\/h2>\n<ul data-start=\"690\" data-end=\"1095\">\n<li data-start=\"690\" data-end=\"751\">\n<p data-start=\"692\" data-end=\"751\"><strong data-start=\"692\" data-end=\"708\">T\u00ean s\u1ea3n ph\u1ea9m<\/strong>: B\u1ed9 c\u00e1nh than ORION Original 04041803010<\/p>\n<\/li>\n<li data-start=\"752\" data-end=\"784\">\n<p data-start=\"754\" data-end=\"784\"><strong data-start=\"754\" data-end=\"766\">S\u1ed1 l\u01b0\u1ee3ng<\/strong>: 05 c\u00e1nh g\u1ea1t\/b\u1ed9<\/p>\n<\/li>\n<li data-start=\"785\" data-end=\"821\">\n<p data-start=\"787\" data-end=\"821\"><strong data-start=\"787\" data-end=\"799\">V\u1eadt li\u1ec7u<\/strong>: Carbon t\u1ef1 b\u00f4i tr\u01a1n<\/p>\n<\/li>\n<li data-start=\"822\" data-end=\"870\">\n<p data-start=\"824\" data-end=\"870\"><strong data-start=\"824\" data-end=\"838\">K\u00edch th\u01b0\u1edbc<\/strong>: \u0110ang c\u1eadp nh\u1eadt (mm x mm x mm)<\/p>\n<\/li>\n<li data-start=\"871\" data-end=\"983\">\n<p data-start=\"873\" data-end=\"897\"><strong data-start=\"873\" data-end=\"894\">Ph\u00f9 h\u1ee3p v\u1edbi model<\/strong>:<\/p>\n<ul data-start=\"900\" data-end=\"983\">\n<li data-start=\"900\" data-end=\"942\">\n<p data-start=\"902\" data-end=\"942\">M\u00e1y b\u01a1m ch\u00e2n kh\u00f4ng kh\u00f4 <strong data-start=\"925\" data-end=\"940\">ORION KRX9B<\/strong><\/p>\n<\/li>\n<li data-start=\"945\" data-end=\"983\">\n<p data-start=\"947\" data-end=\"983\"><strong data-start=\"947\" data-end=\"981\">CBXP8080-VB-01, CBXP8080-VB-02<\/strong><\/p>\n<\/li>\n<\/ul>\n<\/li>\n<li data-start=\"984\" data-end=\"1095\">\n<p data-start=\"986\" data-end=\"1095\"><strong data-start=\"986\" data-end=\"998\">\u1ee8ng d\u1ee5ng<\/strong>: D\u00f9ng thay th\u1ebf c\u00e1nh g\u1ea1t trong m\u00e1y b\u01a1m ch\u00e2n kh\u00f4ng kh\u00f4 \u0111\u1ec3 \u0111\u1ea3m b\u1ea3o hi\u1ec7u su\u1ea5t h\u00fat v\u00e0 x\u1ea3 kh\u00ed \u1ed5n \u0111\u1ecbnh.<\/p>\n<\/li>\n<\/ul>\n<hr data-start=\"1097\" data-end=\"1100\" \/>\n<h2 data-start=\"1102\" data-end=\"1159\"><span class=\"ez-toc-section\" id=\"%E2%9A%99%EF%B8%8F_Tai_Sao_Nen_Chon_Bo_Canh_Than_ORION_Chinh_Hang\"><\/span>\u2699\ufe0f <strong data-start=\"1108\" data-end=\"1159\">T\u1ea1i Sao N\u00ean Ch\u1ecdn B\u1ed9 C\u00e1nh Than ORION Ch\u00ednh H\u00e3ng?<\/strong><span class=\"ez-toc-section-end\"><\/span><\/h2>\n<p data-start=\"1161\" data-end=\"1243\">\u2705 <strong data-start=\"1163\" data-end=\"1193\">T\u1ef1 b\u00f4i tr\u01a1n, kh\u00f4ng c\u1ea7n d\u1ea7u<\/strong> \u2013 Gi\u00fap m\u00f4i tr\u01b0\u1eddng v\u00e0 s\u1ea3n ph\u1ea9m kh\u00f4ng b\u1ecb nhi\u1ec5m d\u1ea7u.<\/p>\n<p data-start=\"1245\" data-end=\"1343\">\u2705 <strong data-start=\"1247\" data-end=\"1276\">\u0110\u1ed9 b\u1ec1n cao, ti\u1ebfng \u1ed3n th\u1ea5p<\/strong> \u2013 Ph\u00f9 h\u1ee3p v\u1edbi m\u00f4i tr\u01b0\u1eddng s\u1ea3n xu\u1ea5t \u0111\u00f2i h\u1ecfi \u0111\u1ed9 ch\u00ednh x\u00e1c v\u00e0 s\u1ea1ch s\u1ebd.<\/p>\n<p data-start=\"1345\" data-end=\"1442\">\u2705 <strong data-start=\"1347\" data-end=\"1388\">L\u1eafp \u0111\u1eb7t d\u1ec5 d\u00e0ng, thay th\u1ebf nhanh ch\u00f3ng<\/strong> \u2013 Gi\u1ea3m th\u1eddi gian d\u1eebng m\u00e1y, ti\u1ebft ki\u1ec7m chi ph\u00ed b\u1ea3o tr\u00ec.<\/p>\n<hr data-start=\"1444\" data-end=\"1447\" \/>\n<h2 data-start=\"1449\" data-end=\"1501\"><span class=\"ez-toc-section\" id=\"%F0%9F%94%8D_Gioi_Thieu_Ve_May_Bom_Chan_Khong_Kho_ORION\"><\/span>\ud83d\udd0d <strong data-start=\"1455\" data-end=\"1501\">Gi\u1edbi Thi\u1ec7u V\u1ec1 M\u00e1y B\u01a1m Ch\u00e2n Kh\u00f4ng Kh\u00f4 ORION<\/strong><span class=\"ez-toc-section-end\"><\/span><\/h2>\n<p data-start=\"1503\" data-end=\"1744\">M\u00e1y b\u01a1m ch\u00e2n kh\u00f4ng kh\u00f4 ORION l\u00e0 s\u1ea3n ph\u1ea9m h\u00e0ng \u0111\u1ea7u Nh\u1eadt B\u1ea3n t\u1eeb n\u0103m 1965, n\u1ed5i b\u1eadt v\u1edbi kh\u1ea3 n\u0103ng <strong data-start=\"1596\" data-end=\"1619\">ho\u1ea1t \u0111\u1ed9ng kh\u00f4ng d\u1ea7u<\/strong>, <strong data-start=\"1621\" data-end=\"1639\">v\u1eadn h\u00e0nh \u00eam \u00e1i<\/strong>, v\u00e0 <strong data-start=\"1644\" data-end=\"1661\">hi\u1ec7u su\u1ea5t cao<\/strong>. C\u00e1c d\u00f2ng m\u00e1y nh\u01b0 <strong data-start=\"1680\" data-end=\"1689\">KRX9B<\/strong> hay <strong data-start=\"1694\" data-end=\"1709\">CBXP8080-VB<\/strong> \u1ee9ng d\u1ee5ng r\u1ed9ng r\u00e3i trong c\u00e1c ng\u00e0nh:<\/p>\n<ul data-start=\"1746\" data-end=\"1836\">\n<li data-start=\"1746\" data-end=\"1767\">\n<p data-start=\"1748\" data-end=\"1767\">\u0110i\u1ec7n t\u1eed \u2013 b\u00e1n d\u1eabn<\/p>\n<\/li>\n<li data-start=\"1768\" data-end=\"1788\">\n<p data-start=\"1770\" data-end=\"1788\">Bao b\u00ec th\u1ef1c ph\u1ea9m<\/p>\n<\/li>\n<li data-start=\"1789\" data-end=\"1810\">\n<p data-start=\"1791\" data-end=\"1810\">Y t\u1ebf \u2013 ph\u00f2ng s\u1ea1ch<\/p>\n<\/li>\n<li data-start=\"1811\" data-end=\"1836\">\n<p data-start=\"1813\" data-end=\"1836\">T\u1ef1 \u0111\u1ed9ng h\u00f3a c\u00f4ng nghi\u1ec7p<\/p>\n<\/li>\n<\/ul>\n<hr data-start=\"1838\" data-end=\"1841\" \/>\n<h2 data-start=\"1843\" data-end=\"1907\"><span class=\"ez-toc-section\" id=\"%F0%9F%94%A7_Huong_Dan_Van_Hanh_va_Bao_Duong_May_Bom_Chan_Khong_Kho\"><\/span>\ud83d\udd27 <strong data-start=\"1849\" data-end=\"1907\">H\u01b0\u1edbng D\u1eabn V\u1eadn H\u00e0nh v\u00e0 B\u1ea3o D\u01b0\u1ee1ng M\u00e1y B\u01a1m Ch\u00e2n Kh\u00f4ng Kh\u00f4<\/strong><span class=\"ez-toc-section-end\"><\/span><\/h2>\n<ul data-start=\"1909\" data-end=\"2135\">\n<li data-start=\"1909\" data-end=\"1942\">\n<p data-start=\"1911\" data-end=\"1942\"><strong data-start=\"1911\" data-end=\"1940\">Kh\u00f4ng h\u00fat kh\u00ed d\u1ec5 ch\u00e1y, n\u1ed5<\/strong><\/p>\n<\/li>\n<li data-start=\"1943\" data-end=\"1978\">\n<p data-start=\"1945\" data-end=\"1978\"><strong data-start=\"1945\" data-end=\"1976\">Kh\u00f4ng ch\u1eb7n \u0111\u01b0\u1eddng \u1ed1ng h\u00fat\/x\u1ea3<\/strong><\/p>\n<\/li>\n<li data-start=\"1979\" data-end=\"2018\">\n<p data-start=\"1981\" data-end=\"2018\"><strong data-start=\"1981\" data-end=\"2016\">Kh\u00f4ng v\u01b0\u1ee3t qu\u00e1 \u00e1p su\u1ea5t quy \u0111\u1ecbnh<\/strong><\/p>\n<\/li>\n<li data-start=\"2019\" data-end=\"2080\">\n<p data-start=\"2021\" data-end=\"2080\"><strong data-start=\"2021\" data-end=\"2078\">\u0110\u1ea3m b\u1ea3o s\u1eed d\u1ee5ng kh\u00ed s\u1ea1ch, kh\u00f4ng h\u01a1i n\u01b0\u1edbc ho\u1eb7c b\u1ee5i m\u1ecbn<\/strong><\/p>\n<\/li>\n<li data-start=\"2081\" data-end=\"2135\">\n<p data-start=\"2083\" data-end=\"2135\"><strong data-start=\"2083\" data-end=\"2135\">S\u1eed d\u1ee5ng \u1ed1ng m\u1ec1m thay v\u00ec \u1ed1ng th\u00e9p \u0111\u1ec3 gi\u1ea3m rung\/\u1ed3n<\/strong><\/p>\n<\/li>\n<\/ul>\n<p data-start=\"2137\" data-end=\"2180\">\ud83d\udc49 <strong data-start=\"2140\" data-end=\"2177\">Chu k\u1ef3 thay c\u00e1nh than khuy\u1ebfn ngh\u1ecb<\/strong>:<\/p>\n<ul data-start=\"2181\" data-end=\"2275\">\n<li data-start=\"2181\" data-end=\"2229\">\n<p data-start=\"2183\" data-end=\"2229\"><strong data-start=\"2183\" data-end=\"2197\">12.000 gi\u1edd<\/strong> \u1edf \u00e1p su\u1ea5t l\u00e0m vi\u1ec7c ti\u00eau chu\u1ea9n<\/p>\n<\/li>\n<li data-start=\"2230\" data-end=\"2275\">\n<p data-start=\"2232\" data-end=\"2275\"><strong data-start=\"2232\" data-end=\"2245\">9.500 gi\u1edd<\/strong> \u1edf m\u1ee9c \u0111\u1ed9 ch\u00e2n kh\u00f4ng\/x\u1ea3 t\u1ed1i \u0111a<\/p>\n<\/li>\n<\/ul>\n<p data-start=\"2277\" data-end=\"2376\"><strong data-start=\"2277\" data-end=\"2376\">Vi\u1ec7c thay c\u00e1nh g\u1ea1t \u0111\u00fang chu k\u1ef3 gi\u00fap tr\u00e1nh h\u1ecfng h\u00f3c, gi\u1ea3m ti\u1ebfng \u1ed3n v\u00e0 duy tr\u00ec hi\u1ec7u su\u1ea5t \u1ed5n \u0111\u1ecbnh.<\/strong><\/p>\n<hr data-start=\"2378\" data-end=\"2381\" \/>\n<h2 data-start=\"2383\" data-end=\"2441\"><span class=\"ez-toc-section\" id=\"%F0%9F%93%A6_Lien_He_Mua_Bo_Canh_Than_ORION_04041803010_KRX9B\"><\/span>\ud83d\udce6 <strong data-start=\"2389\" data-end=\"2441\">Li\u00ean H\u1ec7 Mua B\u1ed9 C\u00e1nh Than ORION 04041803010 KRX9B<\/strong><span class=\"ez-toc-section-end\"><\/span><\/h2>\n<p data-start=\"2443\" data-end=\"2675\">\ud83c\udfaf <strong data-start=\"2446\" data-end=\"2492\">Ch\u00ednh h\u00e3ng \u2013 Gi\u00e1 t\u1ed1t \u2013 Giao h\u00e0ng to\u00e0n qu\u1ed1c<\/strong><br data-start=\"2492\" data-end=\"2495\" \/>\ud83d\udcde <strong data-start=\"2498\" data-end=\"2516\">Hotline t\u01b0 v\u1ea5n<\/strong>: 0985 459 559<br data-start=\"2530\" data-end=\"2533\" \/>\ud83c\udf10 <strong data-start=\"2536\" data-end=\"2547\">Website<\/strong>: <a class=\"\" href=\"http:\/\/www.minhphuco.com\" target=\"_new\" rel=\"noopener\" data-start=\"2549\" data-end=\"2594\">www.minhphuco.com<\/a><br data-start=\"2594\" data-end=\"2597\" \/>\ud83d\udce7 <strong data-start=\"2600\" data-end=\"2609\">Email<\/strong>: <a class=\"cursor-pointer\" rel=\"noopener\" data-start=\"2611\" data-end=\"2629\">sales@minhphuco.vn<\/a><br data-start=\"2629\" data-end=\"2632\" \/>\ud83d\udcac <strong data-start=\"2635\" data-end=\"2643\">Zalo<\/strong>: 0985 490 343 ho\u1eb7c 0985 843 778<\/p>\n<hr data-start=\"2677\" data-end=\"2680\" \/>\n<p data-start=\"2682\" data-end=\"2706\"><strong data-start=\"2682\" data-end=\"2703\">T\u1eeb kh\u00f3a SEO g\u1ee3i \u00fd<\/strong>:<\/p>\n<ul data-start=\"2707\" data-end=\"2884\">\n<li data-start=\"2707\" data-end=\"2741\">\n<p data-start=\"2709\" data-end=\"2741\">b\u1ed9 c\u00e1nh than ORION 04041803010<\/p>\n<\/li>\n<li data-start=\"2742\" data-end=\"2774\">\n<p data-start=\"2744\" data-end=\"2774\">l\u01b0\u1ee1i g\u1ea1t m\u00e1y b\u01a1m ORION KRX9B<\/p>\n<\/li>\n<li data-start=\"2775\" data-end=\"2813\">\n<p data-start=\"2777\" data-end=\"2813\">thay th\u1ebf c\u00e1nh b\u01a1m ch\u00e2n kh\u00f4ng ORION<\/p>\n<\/li>\n<li data-start=\"2814\" data-end=\"2849\">\n<p data-start=\"2816\" data-end=\"2849\">ph\u1ee5 t\u00f9ng m\u00e1y b\u01a1m ch\u00e2n kh\u00f4ng kh\u00f4<\/p>\n<\/li>\n<li data-start=\"2850\" data-end=\"2884\">\n<p data-start=\"2852\" data-end=\"2884\">c\u00e1nh b\u01a1m carbon ORION ch\u00ednh h\u00e3ng<\/p>\n<\/li>\n<\/ul>\n<\/div>\n<\/div>\n<\/div>\n","protected":false},"excerpt":{"rendered":"<p>B\u1ed9 5 c\u00e1nh than carbon ORION 04041803010 KRX9B<br \/>\nB\u1ed9 c\u00e1nh than ORION Original 04041803010<br \/>\nK\u00edch th\u01b0\u1edbc: ch\u01b0a x\u00e1c \u0111\u1ecbnh 00 mm (chi\u1ec1u r\u1ed9ng\/cao) \u00d7 00 mm (chi\u1ec1u d\u00e0i)\u00d7 00 mm (\u0111\u1ed9 d\u00e0y)<br \/>\nV\u1eadt li\u1ec7u c\u00e1nh than Orion : Carbon<br \/>\nD\u00f9ng cho Model KRX9B,CBXP8080-VB-01,02<\/p>\n","protected":false},"featured_media":7805,"comment_status":"open","ping_status":"closed","template":"","meta":{"_acf_changed":false},"product_brand":[],"product_cat":[69,707],"product_tag":[2310],"class_list":{"0":"post-8184","1":"product","2":"type-product","3":"status-publish","4":"has-post-thumbnail","6":"product_cat-canh-vane","7":"product_cat-orion-vanes","8":"product_tag-2310","10":"first","11":"instock","12":"shipping-taxable","13":"product-type-simple"},"acf":[],"_links":{"self":[{"href":"https:\/\/mpvane.com\/en\/wp-json\/wp\/v2\/product\/8184","targetHints":{"allow":["GET"]}}],"collection":[{"href":"https:\/\/mpvane.com\/en\/wp-json\/wp\/v2\/product"}],"about":[{"href":"https:\/\/mpvane.com\/en\/wp-json\/wp\/v2\/types\/product"}],"replies":[{"embeddable":true,"href":"https:\/\/mpvane.com\/en\/wp-json\/wp\/v2\/comments?post=8184"}],"version-history":[{"count":1,"href":"https:\/\/mpvane.com\/en\/wp-json\/wp\/v2\/product\/8184\/revisions"}],"predecessor-version":[{"id":8185,"href":"https:\/\/mpvane.com\/en\/wp-json\/wp\/v2\/product\/8184\/revisions\/8185"}],"wp:featuredmedia":[{"embeddable":true,"href":"https:\/\/mpvane.com\/en\/wp-json\/wp\/v2\/media\/7805"}],"wp:attachment":[{"href":"https:\/\/mpvane.com\/en\/wp-json\/wp\/v2\/media?parent=8184"}],"wp:term":[{"taxonomy":"product_brand","embeddable":true,"href":"https:\/\/mpvane.com\/en\/wp-json\/wp\/v2\/product_brand?post=8184"},{"taxonomy":"product_cat","embeddable":true,"href":"https:\/\/mpvane.com\/en\/wp-json\/wp\/v2\/product_cat?post=8184"},{"taxonomy":"product_tag","embeddable":true,"href":"https:\/\/mpvane.com\/en\/wp-json\/wp\/v2\/product_tag?post=8184"}],"curies":[{"name":"wp","href":"https:\/\/api.w.org\/{rel}","templated":true}]}}