{"id":8176,"date":"2025-06-07T22:34:46","date_gmt":"2025-06-07T15:34:46","guid":{"rendered":"https:\/\/mpvane.com\/?post_type=product&#038;p=8176"},"modified":"2025-06-07T22:39:57","modified_gmt":"2025-06-07T15:39:57","slug":"bo-5-canh-than-carbon-orion-004041479010krx8b","status":"publish","type":"product","link":"https:\/\/mpvane.com\/en\/san-pham\/bo-5-canh-than-carbon-orion-004041479010krx8b\/","title":{"rendered":"B\u1ed9 5 c\u00e1nh than carbon ORION 004041479010|KRX8B"},"content":{"rendered":"<div id=\"ez-toc-container\" class=\"ez-toc-v2_0_75 counter-hierarchy ez-toc-counter ez-toc-grey ez-toc-container-direction\">\n<div class=\"ez-toc-title-container\">\n<p class=\"ez-toc-title\" style=\"cursor:inherit\">Table of Contents<\/p>\n<span class=\"ez-toc-title-toggle\"><a href=\"#\" class=\"ez-toc-pull-right ez-toc-btn ez-toc-btn-xs ez-toc-btn-default ez-toc-toggle\" aria-label=\"Toggle Table of Content\"><span class=\"ez-toc-js-icon-con\"><span class=\"\"><span class=\"eztoc-hide\" style=\"display:none;\">Toggle<\/span><span class=\"ez-toc-icon-toggle-span\"><svg style=\"fill: #999;color:#999\" xmlns=\"http:\/\/www.w3.org\/2000\/svg\" class=\"list-377408\" width=\"20px\" height=\"20px\" viewBox=\"0 0 24 24\" fill=\"none\"><path d=\"M6 6H4v2h2V6zm14 0H8v2h12V6zM4 11h2v2H4v-2zm16 0H8v2h12v-2zM4 16h2v2H4v-2zm16 0H8v2h12v-2z\" fill=\"currentColor\"><\/path><\/svg><svg style=\"fill: #999;color:#999\" class=\"arrow-unsorted-368013\" xmlns=\"http:\/\/www.w3.org\/2000\/svg\" width=\"10px\" height=\"10px\" viewBox=\"0 0 24 24\" version=\"1.2\" baseProfile=\"tiny\"><path d=\"M18.2 9.3l-6.2-6.3-6.2 6.3c-.2.2-.3.4-.3.7s.1.5.3.7c.2.2.4.3.7.3h11c.3 0 .5-.1.7-.3.2-.2.3-.5.3-.7s-.1-.5-.3-.7zM5.8 14.7l6.2 6.3 6.2-6.3c.2-.2.3-.5.3-.7s-.1-.5-.3-.7c-.2-.2-.4-.3-.7-.3h-11c-.3 0-.5.1-.7.3-.2.2-.3.5-.3.7s.1.5.3.7z\"\/><\/svg><\/span><\/span><\/span><\/a><\/span><\/div>\n<nav><ul class='ez-toc-list ez-toc-list-level-1 ' ><li class='ez-toc-page-1 ez-toc-heading-level-1'><a class=\"ez-toc-link ez-toc-heading-1\" href=\"https:\/\/mpvane.com\/en\/san-pham\/bo-5-canh-than-carbon-orion-004041479010krx8b\/#Bo_5_Canh_Than_Carbon_ORION_04041479010_KRX8B_%E2%80%93_Phu_Kien_Chinh_Hang_Cho_May_Bom_Chan_Khong\" >B\u1ed9 5 C\u00e1nh Than Carbon ORION 04041479010 | KRX8B &#8211; Ph\u1ee5 Ki\u1ec7n Ch\u00ednh H\u00e3ng Cho M\u00e1y B\u01a1m Ch\u00e2n Kh\u00f4ng<\/a><ul class='ez-toc-list-level-2' ><li class='ez-toc-heading-level-2'><a class=\"ez-toc-link ez-toc-heading-2\" href=\"https:\/\/mpvane.com\/en\/san-pham\/bo-5-canh-than-carbon-orion-004041479010krx8b\/#Bo_Canh_Than_ORION_04041479010_%E2%80%93_Giai_Phap_Thay_The_Hoan_Hao_Cho_Bom_Kho_Orion\" >B\u1ed9 C\u00e1nh Than ORION 04041479010 &#8211; Gi\u1ea3i Ph\u00e1p Thay Th\u1ebf Ho\u00e0n H\u1ea3o Cho B\u01a1m Kh\u00f4 Orion<\/a><ul class='ez-toc-list-level-3' ><li class='ez-toc-heading-level-3'><a class=\"ez-toc-link ez-toc-heading-3\" href=\"https:\/\/mpvane.com\/en\/san-pham\/bo-5-canh-than-carbon-orion-004041479010krx8b\/#Thong_so_ky_thuat_chi_tiet\" >Th\u00f4ng s\u1ed1 k\u1ef9 thu\u1eadt chi ti\u1ebft:<\/a><\/li><li class='ez-toc-page-1 ez-toc-heading-level-3'><a class=\"ez-toc-link ez-toc-heading-4\" href=\"https:\/\/mpvane.com\/en\/san-pham\/bo-5-canh-than-carbon-orion-004041479010krx8b\/#Tuong_thich_voi_cac_dong_may_bom\" >T\u01b0\u01a1ng th\u00edch v\u1edbi c\u00e1c d\u00f2ng m\u00e1y b\u01a1m:<\/a><\/li><\/ul><\/li><li class='ez-toc-page-1 ez-toc-heading-level-2'><a class=\"ez-toc-link ez-toc-heading-5\" href=\"https:\/\/mpvane.com\/en\/san-pham\/bo-5-canh-than-carbon-orion-004041479010krx8b\/#5_Ly_Do_Nen_Chon_Bo_Canh_Than_Orion_Chinh_Hang\" >5 L\u00fd Do N\u00ean Ch\u1ecdn B\u1ed9 C\u00e1nh Than Orion Ch\u00ednh H\u00e3ng<\/a><\/li><li class='ez-toc-page-1 ez-toc-heading-level-2'><a class=\"ez-toc-link ez-toc-heading-6\" href=\"https:\/\/mpvane.com\/en\/san-pham\/bo-5-canh-than-carbon-orion-004041479010krx8b\/#Huong_Dan_Su_Dung_Bao_Duong_Chuyen_Nghiep\" >H\u01b0\u1edbng D\u1eabn S\u1eed D\u1ee5ng &amp; B\u1ea3o D\u01b0\u1ee1ng Chuy\u00ean Nghi\u1ec7p<\/a><ul class='ez-toc-list-level-3' ><li class='ez-toc-heading-level-3'><a class=\"ez-toc-link ez-toc-heading-7\" href=\"https:\/\/mpvane.com\/en\/san-pham\/bo-5-canh-than-carbon-orion-004041479010krx8b\/#1_Thoi_gian_thay_the_khuyen_nghi\" >1. Th\u1eddi gian thay th\u1ebf khuy\u1ebfn ngh\u1ecb:<\/a><\/li><li class='ez-toc-page-1 ez-toc-heading-level-3'><a class=\"ez-toc-link ez-toc-heading-8\" href=\"https:\/\/mpvane.com\/en\/san-pham\/bo-5-canh-than-carbon-orion-004041479010krx8b\/#2_Quy_trinh_thay_the_chuyen_nghiep\" >2. Quy tr\u00ecnh thay th\u1ebf chuy\u00ean nghi\u1ec7p:<\/a><\/li><\/ul><\/li><li class='ez-toc-page-1 ez-toc-heading-level-2'><a class=\"ez-toc-link ez-toc-heading-9\" href=\"https:\/\/mpvane.com\/en\/san-pham\/bo-5-canh-than-carbon-orion-004041479010krx8b\/#Cam_Ket_Chat_Luong_Tu_Minh_Phu_Co\" >Cam K\u1ebft Ch\u1ea5t L\u01b0\u1ee3ng T\u1eeb Minh Ph\u00fa Co.<\/a><\/li><li class='ez-toc-page-1 ez-toc-heading-level-2'><a class=\"ez-toc-link ez-toc-heading-10\" href=\"https:\/\/mpvane.com\/en\/san-pham\/bo-5-canh-than-carbon-orion-004041479010krx8b\/#Lien_He_Dat_Hang_Ngay_Hom_Nay\" >Li\u00ean H\u1ec7 \u0110\u1eb7t H\u00e0ng Ngay H\u00f4m Nay!<\/a><\/li><\/ul><\/li><\/ul><\/nav><\/div>\n<div class=\"dad65929\">\n<div class=\"_4f9bf79 d7dc56a8 _43c05b5\">\n<div class=\"ds-markdown ds-markdown--block\">\n<h1><span class=\"ez-toc-section\" id=\"Bo_5_Canh_Than_Carbon_ORION_04041479010_KRX8B_%E2%80%93_Phu_Kien_Chinh_Hang_Cho_May_Bom_Chan_Khong\"><\/span><strong>B\u1ed9 5 C\u00e1nh Than Carbon ORION 04041479010 | KRX8B &#8211; Ph\u1ee5 Ki\u1ec7n Ch\u00ednh H\u00e3ng Cho M\u00e1y B\u01a1m Ch\u00e2n Kh\u00f4ng<\/strong><span class=\"ez-toc-section-end\"><\/span><\/h1>\n<h2><span class=\"ez-toc-section\" id=\"Bo_Canh_Than_ORION_04041479010_%E2%80%93_Giai_Phap_Thay_The_Hoan_Hao_Cho_Bom_Kho_Orion\"><\/span><strong>B\u1ed9 C\u00e1nh Than ORION 04041479010 &#8211; Gi\u1ea3i Ph\u00e1p Thay Th\u1ebf Ho\u00e0n H\u1ea3o Cho B\u01a1m Kh\u00f4 Orion<\/strong><span class=\"ez-toc-section-end\"><\/span><\/h2>\n<p class=\"ds-markdown-paragraph\">B\u1ed9\u00a0<strong>5 c\u00e1nh than carbon ORION 04041479010<\/strong>\u00a0l\u00e0 ph\u1ee5 ki\u1ec7n ch\u00ednh h\u00e3ng cao c\u1ea5p, \u0111\u01b0\u1ee3c thi\u1ebft k\u1ebf \u0111\u1eb7c bi\u1ec7t cho d\u00f2ng m\u00e1y b\u01a1m ch\u00e2n kh\u00f4ng kh\u00f4 Orion model KRX8B. V\u1edbi ch\u1ea5t li\u1ec7u\u00a0<strong>carbon nguy\u00ean ch\u1ea5t<\/strong>, b\u1ed9 c\u00e1nh than gi\u00fap t\u1ed1i \u01b0u hi\u1ec7u su\u1ea5t v\u00e0 k\u00e9o d\u00e0i tu\u1ed5i th\u1ecd m\u00e1y b\u01a1m.<\/p>\n<h3><span class=\"ez-toc-section\" id=\"Thong_so_ky_thuat_chi_tiet\"><\/span><strong>Th\u00f4ng s\u1ed1 k\u1ef9 thu\u1eadt chi ti\u1ebft:<\/strong><span class=\"ez-toc-section-end\"><\/span><\/h3>\n<ul>\n<li>\n<p class=\"ds-markdown-paragraph\"><strong>M\u00e3 s\u1ea3n ph\u1ea9m:<\/strong>\u00a004041479010 | KRX8B<\/p>\n<\/li>\n<li>\n<p class=\"ds-markdown-paragraph\"><strong>K\u00edch th\u01b0\u1edbc:<\/strong>\u00a052mm (r\u1ed9ng\/cao) \u00d7 147mm (d\u00e0i) \u00d7 7mm (d\u00e0y)<\/p>\n<\/li>\n<li>\n<p class=\"ds-markdown-paragraph\"><strong>Ch\u1ea5t li\u1ec7u:<\/strong>\u00a0Carbon cao c\u1ea5p<\/p>\n<\/li>\n<li>\n<p class=\"ds-markdown-paragraph\"><strong>S\u1ed1 l\u01b0\u1ee3ng:<\/strong>\u00a005 c\u00e1nh g\u1ea1t\/b\u1ed9<\/p>\n<\/li>\n<\/ul>\n<h3><span class=\"ez-toc-section\" id=\"Tuong_thich_voi_cac_dong_may_bom\"><\/span><strong>T\u01b0\u01a1ng th\u00edch v\u1edbi c\u00e1c d\u00f2ng m\u00e1y b\u01a1m:<\/strong><span class=\"ez-toc-section-end\"><\/span><\/h3>\n<p class=\"ds-markdown-paragraph\">\u2714 ORION dry vacuum pump model KRX8B<br \/>\n\u2714 ORION dry vacuum pump model CBXP6070-VB-01,02<br \/>\n\u2714 ORION dry vacuum pump model KRX8C<\/p>\n<h2><span class=\"ez-toc-section\" id=\"5_Ly_Do_Nen_Chon_Bo_Canh_Than_Orion_Chinh_Hang\"><\/span><strong>5 L\u00fd Do N\u00ean Ch\u1ecdn B\u1ed9 C\u00e1nh Than Orion Ch\u00ednh H\u00e3ng<\/strong><span class=\"ez-toc-section-end\"><\/span><\/h2>\n<ol start=\"1\">\n<li>\n<p class=\"ds-markdown-paragraph\"><strong>\u0110\u1ed9 b\u1ec1n v\u01b0\u1ee3t tr\u1ed9i<\/strong>\u00a0v\u1edbi ch\u1ea5t li\u1ec7u carbon t\u1ef1 b\u00f4i tr\u01a1n<\/p>\n<\/li>\n<li>\n<p class=\"ds-markdown-paragraph\"><strong>Ho\u1ea1t \u0111\u1ed9ng \u00eam \u00e1i<\/strong>, gi\u1ea3m 70% ti\u1ebfng \u1ed3n so v\u1edbi h\u00e0ng th\u01b0\u1eddng<\/p>\n<\/li>\n<li>\n<p class=\"ds-markdown-paragraph\"><strong>T\u01b0\u01a1ng th\u00edch ho\u00e0n h\u1ea3o<\/strong>\u00a0v\u1edbi \u0111a d\u1ea1ng model b\u01a1m Orion<\/p>\n<\/li>\n<li>\n<p class=\"ds-markdown-paragraph\"><strong>Tu\u1ed5i th\u1ecd l\u00ean \u0111\u1ebfn 12.000 gi\u1edd<\/strong>\u00a0ho\u1ea1t \u0111\u1ed9ng<\/p>\n<\/li>\n<li>\n<p class=\"ds-markdown-paragraph\"><strong>Gi\u1ea3m rung \u0111\u1ed9ng<\/strong>\u00a0t\u1ed1i \u0111a khi v\u1eadn h\u00e0nh<\/p>\n<\/li>\n<\/ol>\n<h2><span class=\"ez-toc-section\" id=\"Huong_Dan_Su_Dung_Bao_Duong_Chuyen_Nghiep\"><\/span><strong>H\u01b0\u1edbng D\u1eabn S\u1eed D\u1ee5ng &amp; B\u1ea3o D\u01b0\u1ee1ng Chuy\u00ean Nghi\u1ec7p<\/strong><span class=\"ez-toc-section-end\"><\/span><\/h2>\n<h3><span class=\"ez-toc-section\" id=\"1_Thoi_gian_thay_the_khuyen_nghi\"><\/span><strong>1. Th\u1eddi gian thay th\u1ebf khuy\u1ebfn ngh\u1ecb:<\/strong><span class=\"ez-toc-section-end\"><\/span><\/h3>\n<ul>\n<li>\n<p class=\"ds-markdown-paragraph\"><strong>12.000 gi\u1edd<\/strong>\u00a0ho\u1ea1t \u0111\u1ed9ng trong \u0111i\u1ec1u ki\u1ec7n ti\u00eau chu\u1ea9n<\/p>\n<\/li>\n<li>\n<p class=\"ds-markdown-paragraph\"><strong>9.500 gi\u1edd<\/strong>\u00a0khi ho\u1ea1t \u0111\u1ed9ng \u1edf c\u00f4ng su\u1ea5t t\u1ed1i \u0111a<\/p>\n<\/li>\n<\/ul>\n<p class=\"ds-markdown-paragraph\"><strong>D\u1ea5u hi\u1ec7u c\u1ea7n thay th\u1ebf:<\/strong><\/p>\n<ul>\n<li>\n<p class=\"ds-markdown-paragraph\">Ti\u1ebfng \u1ed3n t\u0103ng b\u1ea5t th\u01b0\u1eddng<\/p>\n<\/li>\n<li>\n<p class=\"ds-markdown-paragraph\">Hi\u1ec7u su\u1ea5t h\u00fat gi\u1ea3m r\u00f5 r\u1ec7t<\/p>\n<\/li>\n<li>\n<p class=\"ds-markdown-paragraph\">M\u00e1y b\u01a1m n\u00f3ng h\u01a1n m\u1ee9c b\u00ecnh th\u01b0\u1eddng<\/p>\n<\/li>\n<\/ul>\n<h3><span class=\"ez-toc-section\" id=\"2_Quy_trinh_thay_the_chuyen_nghiep\"><\/span><strong>2. Quy tr\u00ecnh thay th\u1ebf chuy\u00ean nghi\u1ec7p:<\/strong><span class=\"ez-toc-section-end\"><\/span><\/h3>\n<ol start=\"1\">\n<li>\n<p class=\"ds-markdown-paragraph\">Ng\u1eaft ngu\u1ed3n \u0111i\u1ec7n m\u00e1y b\u01a1m<\/p>\n<\/li>\n<li>\n<p class=\"ds-markdown-paragraph\">Th\u00e1o n\u1eafp b\u1ea3o v\u1ec7 c\u00e1nh qu\u1ea1t<\/p>\n<\/li>\n<li>\n<p class=\"ds-markdown-paragraph\">V\u1ec7 sinh s\u1ea1ch s\u1ebd khoang c\u00e1nh<\/p>\n<\/li>\n<li>\n<p class=\"ds-markdown-paragraph\">L\u1eafp c\u00e1nh than m\u1edbi \u0111\u00fang chi\u1ec1u<\/p>\n<\/li>\n<li>\n<p class=\"ds-markdown-paragraph\">Ki\u1ec3m tra ho\u1ea1t \u0111\u1ed9ng sau l\u1eafp \u0111\u1eb7t<\/p>\n<\/li>\n<\/ol>\n<h2><span class=\"ez-toc-section\" id=\"Cam_Ket_Chat_Luong_Tu_Minh_Phu_Co\"><\/span><strong>Cam K\u1ebft Ch\u1ea5t L\u01b0\u1ee3ng T\u1eeb Minh Ph\u00fa Co.<\/strong><span class=\"ez-toc-section-end\"><\/span><\/h2>\n<p class=\"ds-markdown-paragraph\">\u2705\u00a0<strong>H\u00e0ng ch\u00ednh h\u00e3ng 100%<\/strong>\u00a0t\u1eeb Orion Nh\u1eadt B\u1ea3n<br \/>\n\u2705\u00a0<strong>B\u1ea3o h\u00e0nh 6 th\u00e1ng<\/strong>\u00a0cho t\u1ea5t c\u1ea3 s\u1ea3n ph\u1ea9m<br \/>\n\u2705\u00a0<strong>Gi\u00e1 th\u00e0nh c\u1ea1nh tranh<\/strong>\u00a0nh\u1ea5t th\u1ecb tr\u01b0\u1eddng<br \/>\n\u2705\u00a0<strong>Giao h\u00e0ng to\u00e0n qu\u1ed1c<\/strong>\u00a0trong 24-48h<\/p>\n<h2><span class=\"ez-toc-section\" id=\"Lien_He_Dat_Hang_Ngay_Hom_Nay\"><\/span><strong>Li\u00ean H\u1ec7 \u0110\u1eb7t H\u00e0ng Ngay H\u00f4m Nay!<\/strong><span class=\"ez-toc-section-end\"><\/span><\/h2>\n<p class=\"ds-markdown-paragraph\">\ud83d\udcde\u00a0<strong>Hotline t\u01b0 v\u1ea5n k\u1ef9 thu\u1eadt:<\/strong>\u00a00985 459 559<br \/>\n\ud83c\udf10\u00a0<strong>Website:<\/strong>\u00a0<a href=\"https:\/\/www.minhphuco.com\/\" target=\"_blank\" rel=\"noopener noreferrer\">www.minhphuco.com<\/a><br \/>\n\ud83d\udce7\u00a0<strong>Email \u0111\u1eb7t h\u00e0ng:<\/strong>\u00a0<a href=\"https:\/\/mailto:sales@minhphuco.vn\/\" target=\"_blank\" rel=\"noopener noreferrer\">sales@minhphuco.vn<\/a><br \/>\n\ud83d\udcac\u00a0<strong>H\u1ed7 tr\u1ee3 Zalo:<\/strong>\u00a00985 490 343 &#8211; 0985 843 778<\/p>\n<hr \/>\n<p class=\"ds-markdown-paragraph\"><strong>#CanhThanOrion #04041479010 #MayBomChanKhong #PhuKienOrionChinhHang<\/strong><\/p>\n<p class=\"ds-markdown-paragraph\">\ud83d\udd0d\u00a0<strong>T\u1eeb kh\u00f3a t\u00ecm ki\u1ebfm li\u00ean quan:<\/strong><\/p>\n<ul>\n<li>\n<p class=\"ds-markdown-paragraph\">B\u1ed9 5 c\u00e1nh than Orion KRX8B<\/p>\n<\/li>\n<li>\n<p class=\"ds-markdown-paragraph\">C\u00e1nh g\u1ea1t m\u00e1y b\u01a1m ch\u00e2n kh\u00f4ng 04041479010<\/p>\n<\/li>\n<li>\n<p class=\"ds-markdown-paragraph\">Ph\u1ee5 t\u00f9ng b\u01a1m kh\u00f4 Orion CBXP6070<\/p>\n<\/li>\n<li>\n<p class=\"ds-markdown-paragraph\">Thay c\u00e1nh than b\u01a1m ch\u00e2n kh\u00f4ng KRX8C<\/p>\n<\/li>\n<\/ul>\n<\/div>\n<\/div>\n<\/div>\n","protected":false},"excerpt":{"rendered":"<p>B\u1ed9 c\u00e1nh than ORION Original 04041479010<br \/>\nK\u00edch th\u01b0\u1edbc: 52 mm (chi\u1ec1u r\u1ed9ng\/cao) \u00d7 147mm (chi\u1ec1u d\u00e0i)\u00d7 7 mm (\u0111\u1ed9 d\u00e0y)<br \/>\nV\u1eadt li\u1ec7u c\u00e1nh than Orion : Carbon<br \/>\nD\u00f9ng cho Model KRX8B,KRX8C<\/p>\n","protected":false},"featured_media":8177,"comment_status":"open","ping_status":"closed","template":"","meta":{"_acf_changed":false},"product_brand":[],"product_cat":[69,707],"product_tag":[2305],"class_list":{"0":"post-8176","1":"product","2":"type-product","3":"status-publish","4":"has-post-thumbnail","6":"product_cat-canh-vane","7":"product_cat-orion-vanes","8":"product_tag-2305","10":"first","11":"instock","12":"shipping-taxable","13":"product-type-simple"},"acf":[],"_links":{"self":[{"href":"https:\/\/mpvane.com\/en\/wp-json\/wp\/v2\/product\/8176","targetHints":{"allow":["GET"]}}],"collection":[{"href":"https:\/\/mpvane.com\/en\/wp-json\/wp\/v2\/product"}],"about":[{"href":"https:\/\/mpvane.com\/en\/wp-json\/wp\/v2\/types\/product"}],"replies":[{"embeddable":true,"href":"https:\/\/mpvane.com\/en\/wp-json\/wp\/v2\/comments?post=8176"}],"version-history":[{"count":1,"href":"https:\/\/mpvane.com\/en\/wp-json\/wp\/v2\/product\/8176\/revisions"}],"predecessor-version":[{"id":8179,"href":"https:\/\/mpvane.com\/en\/wp-json\/wp\/v2\/product\/8176\/revisions\/8179"}],"wp:featuredmedia":[{"embeddable":true,"href":"https:\/\/mpvane.com\/en\/wp-json\/wp\/v2\/media\/8177"}],"wp:attachment":[{"href":"https:\/\/mpvane.com\/en\/wp-json\/wp\/v2\/media?parent=8176"}],"wp:term":[{"taxonomy":"product_brand","embeddable":true,"href":"https:\/\/mpvane.com\/en\/wp-json\/wp\/v2\/product_brand?post=8176"},{"taxonomy":"product_cat","embeddable":true,"href":"https:\/\/mpvane.com\/en\/wp-json\/wp\/v2\/product_cat?post=8176"},{"taxonomy":"product_tag","embeddable":true,"href":"https:\/\/mpvane.com\/en\/wp-json\/wp\/v2\/product_tag?post=8176"}],"curies":[{"name":"wp","href":"https:\/\/api.w.org\/{rel}","templated":true}]}}