{"id":8166,"date":"2025-06-07T22:02:47","date_gmt":"2025-06-07T15:02:47","guid":{"rendered":"https:\/\/mpvane.com\/?post_type=product&#038;p=8166"},"modified":"2025-06-07T22:23:52","modified_gmt":"2025-06-07T15:23:52","slug":"bo-4-canh-than-carbon-orion-04041811011krx6","status":"publish","type":"product","link":"https:\/\/mpvane.com\/en\/san-pham\/bo-4-canh-than-carbon-orion-04041811011krx6\/","title":{"rendered":"B\u1ed9 5 C\u00e1nh Than Carbon ORION 04041478010 | KRX7B(B)"},"content":{"rendered":"<div id=\"ez-toc-container\" class=\"ez-toc-v2_0_75 counter-hierarchy ez-toc-counter ez-toc-grey ez-toc-container-direction\">\n<div class=\"ez-toc-title-container\">\n<p class=\"ez-toc-title\" style=\"cursor:inherit\">Table of Contents<\/p>\n<span class=\"ez-toc-title-toggle\"><a href=\"#\" class=\"ez-toc-pull-right ez-toc-btn ez-toc-btn-xs ez-toc-btn-default ez-toc-toggle\" aria-label=\"Toggle Table of Content\"><span class=\"ez-toc-js-icon-con\"><span class=\"\"><span class=\"eztoc-hide\" style=\"display:none;\">Toggle<\/span><span class=\"ez-toc-icon-toggle-span\"><svg style=\"fill: #999;color:#999\" xmlns=\"http:\/\/www.w3.org\/2000\/svg\" class=\"list-377408\" width=\"20px\" height=\"20px\" viewBox=\"0 0 24 24\" fill=\"none\"><path d=\"M6 6H4v2h2V6zm14 0H8v2h12V6zM4 11h2v2H4v-2zm16 0H8v2h12v-2zM4 16h2v2H4v-2zm16 0H8v2h12v-2z\" fill=\"currentColor\"><\/path><\/svg><svg style=\"fill: #999;color:#999\" class=\"arrow-unsorted-368013\" xmlns=\"http:\/\/www.w3.org\/2000\/svg\" width=\"10px\" height=\"10px\" viewBox=\"0 0 24 24\" version=\"1.2\" baseProfile=\"tiny\"><path d=\"M18.2 9.3l-6.2-6.3-6.2 6.3c-.2.2-.3.4-.3.7s.1.5.3.7c.2.2.4.3.7.3h11c.3 0 .5-.1.7-.3.2-.2.3-.5.3-.7s-.1-.5-.3-.7zM5.8 14.7l6.2 6.3 6.2-6.3c.2-.2.3-.5.3-.7s-.1-.5-.3-.7c-.2-.2-.4-.3-.7-.3h-11c-.3 0-.5.1-.7.3-.2.2-.3.5-.3.7s.1.5.3.7z\"\/><\/svg><\/span><\/span><\/span><\/a><\/span><\/div>\n<nav><ul class='ez-toc-list ez-toc-list-level-1 ' ><li class='ez-toc-page-1 ez-toc-heading-level-1'><a class=\"ez-toc-link ez-toc-heading-1\" href=\"https:\/\/mpvane.com\/en\/san-pham\/bo-4-canh-than-carbon-orion-04041811011krx6\/#Bo_5_Canh_Than_Carbon_ORION_04041478010_KRX7BB_%E2%80%93_Phu_Kien_Chinh_Hang_Cho_May_Bom_Chan_Khong\" >B\u1ed9 5 C\u00e1nh Than Carbon ORION 04041478010 | KRX7B(B) &#8211; Ph\u1ee5 Ki\u1ec7n Ch\u00ednh H\u00e3ng Cho M\u00e1y B\u01a1m Ch\u00e2n Kh\u00f4ng<\/a><ul class='ez-toc-list-level-2' ><li class='ez-toc-heading-level-2'><a class=\"ez-toc-link ez-toc-heading-2\" href=\"https:\/\/mpvane.com\/en\/san-pham\/bo-4-canh-than-carbon-orion-04041811011krx6\/#Bo_Canh_Than_ORION_04041478010_%E2%80%93_Giai_Phap_Thay_The_Toi_Uu_Cho_Bom_Kho_Orion\" >B\u1ed9 C\u00e1nh Than ORION 04041478010 &#8211; Gi\u1ea3i Ph\u00e1p Thay Th\u1ebf T\u1ed1i \u01afu Cho B\u01a1m Kh\u00f4 Orion<\/a><ul class='ez-toc-list-level-3' ><li class='ez-toc-heading-level-3'><a class=\"ez-toc-link ez-toc-heading-3\" href=\"https:\/\/mpvane.com\/en\/san-pham\/bo-4-canh-than-carbon-orion-04041811011krx6\/#Thong_so_ky_thuat\" >Th\u00f4ng s\u1ed1 k\u1ef9 thu\u1eadt:<\/a><\/li><li class='ez-toc-page-1 ez-toc-heading-level-3'><a class=\"ez-toc-link ez-toc-heading-4\" href=\"https:\/\/mpvane.com\/en\/san-pham\/bo-4-canh-than-carbon-orion-04041811011krx6\/#Tuong_thich_voi_cac_dong_may\" >T\u01b0\u01a1ng th\u00edch v\u1edbi c\u00e1c d\u00f2ng m\u00e1y:<\/a><\/li><\/ul><\/li><li class='ez-toc-page-1 ez-toc-heading-level-2'><a class=\"ez-toc-link ez-toc-heading-5\" href=\"https:\/\/mpvane.com\/en\/san-pham\/bo-4-canh-than-carbon-orion-04041811011krx6\/#Uu_Diem_Vuot_Troi_Cua_Bo_Canh_Than_Orion_Chinh_Hang\" >\u01afu \u0110i\u1ec3m V\u01b0\u1ee3t Tr\u1ed9i C\u1ee7a B\u1ed9 C\u00e1nh Than Orion Ch\u00ednh H\u00e3ng<\/a><\/li><li class='ez-toc-page-1 ez-toc-heading-level-2'><a class=\"ez-toc-link ez-toc-heading-6\" href=\"https:\/\/mpvane.com\/en\/san-pham\/bo-4-canh-than-carbon-orion-04041811011krx6\/#Huong_Dan_Su_Dung_Bao_Duong\" >H\u01b0\u1edbng D\u1eabn S\u1eed D\u1ee5ng &amp; B\u1ea3o D\u01b0\u1ee1ng<\/a><ul class='ez-toc-list-level-3' ><li class='ez-toc-heading-level-3'><a class=\"ez-toc-link ez-toc-heading-7\" href=\"https:\/\/mpvane.com\/en\/san-pham\/bo-4-canh-than-carbon-orion-04041811011krx6\/#1_Thoi_gian_thay_the_khuyen_nghi\" >1. Th\u1eddi gian thay th\u1ebf khuy\u1ebfn ngh\u1ecb:<\/a><\/li><li class='ez-toc-page-1 ez-toc-heading-level-3'><a class=\"ez-toc-link ez-toc-heading-8\" href=\"https:\/\/mpvane.com\/en\/san-pham\/bo-4-canh-than-carbon-orion-04041811011krx6\/#2_Cac_luu_y_khi_van_hanh\" >2. C\u00e1c l\u01b0u \u00fd khi v\u1eadn h\u00e0nh:<\/a><\/li><\/ul><\/li><li class='ez-toc-page-1 ez-toc-heading-level-2'><a class=\"ez-toc-link ez-toc-heading-9\" href=\"https:\/\/mpvane.com\/en\/san-pham\/bo-4-canh-than-carbon-orion-04041811011krx6\/#Dia_Chi_Mua_Hang_Uy_Tin_%E2%80%93_Gia_Tot_Nhat_Thi_Truong\" >\u0110\u1ecba Ch\u1ec9 Mua H\u00e0ng Uy T\u00edn &#8211; Gi\u00e1 T\u1ed1t Nh\u1ea5t Th\u1ecb Tr\u01b0\u1eddng<\/a><\/li><\/ul><\/li><\/ul><\/nav><\/div>\n<div class=\"dad65929\">\n<div class=\"_4f9bf79 d7dc56a8 _43c05b5\">\n<div class=\"ds-markdown ds-markdown--block\">\n<h1><span class=\"ez-toc-section\" id=\"Bo_5_Canh_Than_Carbon_ORION_04041478010_KRX7BB_%E2%80%93_Phu_Kien_Chinh_Hang_Cho_May_Bom_Chan_Khong\"><\/span><strong>B\u1ed9 5 C\u00e1nh Than Carbon ORION 04041478010 | KRX7B(B) &#8211; Ph\u1ee5 Ki\u1ec7n Ch\u00ednh H\u00e3ng Cho M\u00e1y B\u01a1m Ch\u00e2n Kh\u00f4ng<\/strong><span class=\"ez-toc-section-end\"><\/span><\/h1>\n<h2><span class=\"ez-toc-section\" id=\"Bo_Canh_Than_ORION_04041478010_%E2%80%93_Giai_Phap_Thay_The_Toi_Uu_Cho_Bom_Kho_Orion\"><\/span><strong>B\u1ed9 C\u00e1nh Than ORION 04041478010 &#8211; Gi\u1ea3i Ph\u00e1p Thay Th\u1ebf T\u1ed1i \u01afu Cho B\u01a1m Kh\u00f4 Orion<\/strong><span class=\"ez-toc-section-end\"><\/span><\/h2>\n<p class=\"ds-markdown-paragraph\">B\u1ed9\u00a0<strong>5 c\u00e1nh than carbon ORION 04041478010<\/strong>\u00a0l\u00e0 ph\u1ee5 ki\u1ec7n ch\u00ednh h\u00e3ng ch\u1ea5t l\u01b0\u1ee3ng cao, \u0111\u01b0\u1ee3c thi\u1ebft k\u1ebf \u0111\u1eb7c bi\u1ec7t cho d\u00f2ng m\u00e1y b\u01a1m ch\u00e2n kh\u00f4ng kh\u00f4 Orion model KRX7B(B). V\u1edbi ch\u1ea5t li\u1ec7u\u00a0<strong>carbon cao c\u1ea5p<\/strong>, b\u1ed9 c\u00e1nh than gi\u00fap t\u1ed1i \u01b0u hi\u1ec7u su\u1ea5t v\u00e0 k\u00e9o d\u00e0i tu\u1ed5i th\u1ecd m\u00e1y b\u01a1m.<\/p>\n<h3><span class=\"ez-toc-section\" id=\"Thong_so_ky_thuat\"><\/span><strong>Th\u00f4ng s\u1ed1 k\u1ef9 thu\u1eadt:<\/strong><span class=\"ez-toc-section-end\"><\/span><\/h3>\n<ul>\n<li>\n<p class=\"ds-markdown-paragraph\"><strong>M\u00e3 s\u1ea3n ph\u1ea9m:<\/strong>\u00a004041478010 | KRX7B(B)<\/p>\n<\/li>\n<li>\n<p class=\"ds-markdown-paragraph\"><strong>S\u1ed1 l\u01b0\u1ee3ng:<\/strong>\u00a005 c\u00e1nh g\u1ea1t\/b\u1ed9<\/p>\n<\/li>\n<li>\n<p class=\"ds-markdown-paragraph\"><strong>Ch\u1ea5t li\u1ec7u:<\/strong>\u00a0Carbon nguy\u00ean ch\u1ea5t<\/p>\n<\/li>\n<li>\n<p class=\"ds-markdown-paragraph\"><strong>K\u00edch th\u01b0\u1edbc:<\/strong>\u00a0\u0110ang c\u1eadp nh\u1eadt (Li\u00ean h\u1ec7 \u0111\u1ec3 bi\u1ebft th\u00eam chi ti\u1ebft)<\/p>\n<\/li>\n<\/ul>\n<h3><span class=\"ez-toc-section\" id=\"Tuong_thich_voi_cac_dong_may\"><\/span><strong>T\u01b0\u01a1ng th\u00edch v\u1edbi c\u00e1c d\u00f2ng m\u00e1y:<\/strong><span class=\"ez-toc-section-end\"><\/span><\/h3>\n<p class=\"ds-markdown-paragraph\">\u2714 ORION dry vacuum pump model KRX7B(B)<br \/>\n\u2714 ORION dry vacuum pump model CBXP4040-VB-01,02<\/p>\n<h2><span class=\"ez-toc-section\" id=\"Uu_Diem_Vuot_Troi_Cua_Bo_Canh_Than_Orion_Chinh_Hang\"><\/span><strong>\u01afu \u0110i\u1ec3m V\u01b0\u1ee3t Tr\u1ed9i C\u1ee7a B\u1ed9 C\u00e1nh Than Orion Ch\u00ednh H\u00e3ng<\/strong><span class=\"ez-toc-section-end\"><\/span><\/h2>\n<p class=\"ds-markdown-paragraph\">\u2728\u00a0<strong>\u0110\u1ed9 b\u1ec1n v\u01b0\u1ee3t tr\u1ed9i<\/strong>\u00a0v\u1edbi ch\u1ea5t li\u1ec7u carbon t\u1ef1 b\u00f4i tr\u01a1n<br \/>\n\u2728\u00a0<strong>Ho\u1ea1t \u0111\u1ed9ng \u00eam \u00e1i<\/strong>, gi\u1ea3m ti\u1ebfng \u1ed3n khi v\u1eadn h\u00e0nh<br \/>\n\u2728\u00a0<strong>T\u01b0\u01a1ng th\u00edch ho\u00e0n h\u1ea3o<\/strong>\u00a0v\u1edbi c\u00e1c d\u00f2ng m\u00e1y b\u01a1m Orion<br \/>\n\u2728\u00a0<strong>Tu\u1ed5i th\u1ecd l\u00e2u d\u00e0i<\/strong>, ti\u1ebft ki\u1ec7m chi ph\u00ed b\u1ea3o tr\u00ec<\/p>\n<h2><span class=\"ez-toc-section\" id=\"Huong_Dan_Su_Dung_Bao_Duong\"><\/span><strong>H\u01b0\u1edbng D\u1eabn S\u1eed D\u1ee5ng &amp; B\u1ea3o D\u01b0\u1ee1ng<\/strong><span class=\"ez-toc-section-end\"><\/span><\/h2>\n<h3><span class=\"ez-toc-section\" id=\"1_Thoi_gian_thay_the_khuyen_nghi\"><\/span><strong>1. Th\u1eddi gian thay th\u1ebf khuy\u1ebfn ngh\u1ecb:<\/strong><span class=\"ez-toc-section-end\"><\/span><\/h3>\n<ul>\n<li>\n<p class=\"ds-markdown-paragraph\"><strong>12.000 gi\u1edd<\/strong>\u00a0ho\u1ea1t \u0111\u1ed9ng trong \u0111i\u1ec1u ki\u1ec7n ti\u00eau chu\u1ea9n<\/p>\n<\/li>\n<li>\n<p class=\"ds-markdown-paragraph\"><strong>9.500 gi\u1edd<\/strong>\u00a0khi ho\u1ea1t \u0111\u1ed9ng \u1edf c\u00f4ng su\u1ea5t t\u1ed1i \u0111a<\/p>\n<\/li>\n<\/ul>\n<p class=\"ds-markdown-paragraph\"><strong>L\u01b0u \u00fd quan tr\u1ecdng:<\/strong>\u00a0Khi xu\u1ea5t hi\u1ec7n c\u00e1c d\u1ea5u hi\u1ec7u\u00a0<strong>ti\u1ebfng \u1ed3n t\u0103ng, hi\u1ec7u su\u1ea5t gi\u1ea3m<\/strong>, c\u1ea7n thay th\u1ebf ngay \u0111\u1ec3 tr\u00e1nh h\u01b0 h\u1ecfng m\u00e1y b\u01a1m.<\/p>\n<h3><span class=\"ez-toc-section\" id=\"2_Cac_luu_y_khi_van_hanh\"><\/span><strong>2. C\u00e1c l\u01b0u \u00fd khi v\u1eadn h\u00e0nh:<\/strong><span class=\"ez-toc-section-end\"><\/span><\/h3>\n<ul>\n<li>\n<p class=\"ds-markdown-paragraph\">Kh\u00f4ng s\u1eed d\u1ee5ng v\u1edbi kh\u00ed d\u1ec5 ch\u00e1y\/n\u1ed5<\/p>\n<\/li>\n<li>\n<p class=\"ds-markdown-paragraph\">Duy tr\u00ec nhi\u1ec7t \u0111\u1ed9 m\u00f4i tr\u01b0\u1eddng\u00a0<strong>0-40\u00b0C<\/strong><\/p>\n<\/li>\n<li>\n<p class=\"ds-markdown-paragraph\">Tr\u00e1nh \u0111\u1ec3 ch\u1ea5t l\u1ecfng, d\u1ea7u ho\u1eb7c b\u1ee5i b\u1ea9n x\u00e2m nh\u1eadp<\/p>\n<\/li>\n<\/ul>\n<h2><span class=\"ez-toc-section\" id=\"Dia_Chi_Mua_Hang_Uy_Tin_%E2%80%93_Gia_Tot_Nhat_Thi_Truong\"><\/span><strong>\u0110\u1ecba Ch\u1ec9 Mua H\u00e0ng Uy T\u00edn &#8211; Gi\u00e1 T\u1ed1t Nh\u1ea5t Th\u1ecb Tr\u01b0\u1eddng<\/strong><span class=\"ez-toc-section-end\"><\/span><\/h2>\n<p class=\"ds-markdown-paragraph\">\ud83d\udcde\u00a0<strong>Hotline t\u01b0 v\u1ea5n:<\/strong>\u00a00985 459 559<br \/>\n\ud83c\udf10\u00a0<strong>Website:<\/strong>\u00a0<a href=\"https:\/\/www.minhphuco.com\/\" target=\"_blank\" rel=\"noopener noreferrer\">www.minhphuco.com<\/a><br \/>\n\ud83d\udce7\u00a0<strong>Email:<\/strong>\u00a0<a href=\"https:\/\/mailto:sales@minhphuco.vn\/\" target=\"_blank\" rel=\"noopener noreferrer\">sales@minhphuco.vn<\/a><br \/>\n\ud83d\udcac\u00a0<strong>Zalo:<\/strong>\u00a00985 490 343 &#8211; 0985 843 778<\/p>\n<p class=\"ds-markdown-paragraph\"><strong>Minh Ph\u00fa Co.<\/strong>\u00a0&#8211; Nh\u00e0 cung c\u1ea5p\u00a0<strong>ph\u1ee5 ki\u1ec7n m\u00e1y b\u01a1m ch\u00e2n kh\u00f4ng Orion ch\u00ednh h\u00e3ng<\/strong>\u00a0v\u1edbi ch\u1ea5t l\u01b0\u1ee3ng \u0111\u1ea3m b\u1ea3o v\u00e0 ch\u00ednh s\u00e1ch b\u1ea3o h\u00e0nh t\u1ed1t nh\u1ea5t!<\/p>\n<hr \/>\n<p class=\"ds-markdown-paragraph\"><strong>#CanhThanOrion #04041478010 #MayBomChanKhong #PhuKienOrion<\/strong><\/p>\n<p class=\"ds-markdown-paragraph\">\ud83d\udd0d\u00a0<strong>T\u1eeb kh\u00f3a t\u00ecm ki\u1ebfm li\u00ean quan:<\/strong><\/p>\n<ul>\n<li>\n<p class=\"ds-markdown-paragraph\">B\u1ed9 5 c\u00e1nh than Orion KRX7B(B)<\/p>\n<\/li>\n<li>\n<p class=\"ds-markdown-paragraph\">C\u00e1nh g\u1ea1t m\u00e1y b\u01a1m ch\u00e2n kh\u00f4ng 04041478010<\/p>\n<\/li>\n<li>\n<p class=\"ds-markdown-paragraph\">Ph\u1ee5 t\u00f9ng b\u01a1m kh\u00f4 Orion ch\u00ednh h\u00e3ng<\/p>\n<\/li>\n<li>\n<p class=\"ds-markdown-paragraph\">Thay th\u1ebf c\u00e1nh than b\u01a1m ch\u00e2n kh\u00f4ng<\/p>\n<\/li>\n<\/ul>\n<p class=\"ds-markdown-paragraph\"><strong>B\u00e0i vi\u1ebft \u0111\u00e3 t\u1ed1i \u01b0u SEO v\u1edbi c\u00e1c t\u1eeb kh\u00f3a ch\u00ednh:<\/strong><\/p>\n<ul>\n<li>\n<p class=\"ds-markdown-paragraph\">B\u1ed9 5 c\u00e1nh than carbon ORION 04041478010<\/p>\n<\/li>\n<li>\n<p class=\"ds-markdown-paragraph\">C\u00e1nh than m\u00e1y b\u01a1m KRX7B(B)<\/p>\n<\/li>\n<li>\n<p class=\"ds-markdown-paragraph\">Ph\u1ee5 ki\u1ec7n b\u01a1m ch\u00e2n kh\u00f4ng Orion<\/p>\n<\/li>\n<li>\n<p class=\"ds-markdown-paragraph\">Thay c\u00e1nh g\u1ea1t b\u01a1m kh\u00f4<\/p>\n<\/li>\n<\/ul>\n<p class=\"ds-markdown-paragraph\">Gi\u00fap kh\u00e1ch h\u00e0ng d\u1ec5 d\u00e0ng t\u00ecm ki\u1ebfm v\u00e0 l\u1ef1a ch\u1ecdn s\u1ea3n ph\u1ea9m ph\u00f9 h\u1ee3p! \ud83d\ude80<\/p>\n<\/div>\n<\/div>\n<\/div>\n","protected":false},"excerpt":{"rendered":"<p>B\u1ed9 c\u00e1nh than ORION Original 04041478010<br \/>\nK\u00edch th\u01b0\u1edbc: Ch\u01b0a x\u00e1c \u0111\u1ecbnh 00 mm (chi\u1ec1u r\u1ed9ng\/cao) \u00d7 000mm (chi\u1ec1u d\u00e0i)\u00d7 0 mm (\u0111\u1ed9 d\u00e0y)<br \/>\nV\u1eadt li\u1ec7u c\u00e1nh than Orion : Carbon<\/p>\n","protected":false},"featured_media":7805,"comment_status":"open","ping_status":"closed","template":"","meta":{"_acf_changed":false},"product_brand":[],"product_cat":[69,707],"product_tag":[2302],"class_list":{"0":"post-8166","1":"product","2":"type-product","3":"status-publish","4":"has-post-thumbnail","6":"product_cat-canh-vane","7":"product_cat-orion-vanes","8":"product_tag-2302","10":"first","11":"instock","12":"shipping-taxable","13":"product-type-simple"},"acf":[],"_links":{"self":[{"href":"https:\/\/mpvane.com\/en\/wp-json\/wp\/v2\/product\/8166","targetHints":{"allow":["GET"]}}],"collection":[{"href":"https:\/\/mpvane.com\/en\/wp-json\/wp\/v2\/product"}],"about":[{"href":"https:\/\/mpvane.com\/en\/wp-json\/wp\/v2\/types\/product"}],"replies":[{"embeddable":true,"href":"https:\/\/mpvane.com\/en\/wp-json\/wp\/v2\/comments?post=8166"}],"version-history":[{"count":4,"href":"https:\/\/mpvane.com\/en\/wp-json\/wp\/v2\/product\/8166\/revisions"}],"predecessor-version":[{"id":8175,"href":"https:\/\/mpvane.com\/en\/wp-json\/wp\/v2\/product\/8166\/revisions\/8175"}],"wp:featuredmedia":[{"embeddable":true,"href":"https:\/\/mpvane.com\/en\/wp-json\/wp\/v2\/media\/7805"}],"wp:attachment":[{"href":"https:\/\/mpvane.com\/en\/wp-json\/wp\/v2\/media?parent=8166"}],"wp:term":[{"taxonomy":"product_brand","embeddable":true,"href":"https:\/\/mpvane.com\/en\/wp-json\/wp\/v2\/product_brand?post=8166"},{"taxonomy":"product_cat","embeddable":true,"href":"https:\/\/mpvane.com\/en\/wp-json\/wp\/v2\/product_cat?post=8166"},{"taxonomy":"product_tag","embeddable":true,"href":"https:\/\/mpvane.com\/en\/wp-json\/wp\/v2\/product_tag?post=8166"}],"curies":[{"name":"wp","href":"https:\/\/api.w.org\/{rel}","templated":true}]}}