{"id":8160,"date":"2025-06-07T21:24:19","date_gmt":"2025-06-07T14:24:19","guid":{"rendered":"https:\/\/mpvane.com\/?post_type=product&#038;p=8160"},"modified":"2025-06-07T21:52:59","modified_gmt":"2025-06-07T14:52:59","slug":"bo-4-canh-than-carbon-orion-04039395010","status":"publish","type":"product","link":"https:\/\/mpvane.com\/en\/san-pham\/bo-4-canh-than-carbon-orion-04039395010\/","title":{"rendered":"B\u1ed9 4 c\u00e1nh than carbon ORION 04039395010"},"content":{"rendered":"<div id=\"ez-toc-container\" class=\"ez-toc-v2_0_75 counter-hierarchy ez-toc-counter ez-toc-grey ez-toc-container-direction\">\n<div class=\"ez-toc-title-container\">\n<p class=\"ez-toc-title\" style=\"cursor:inherit\">Table of Contents<\/p>\n<span class=\"ez-toc-title-toggle\"><a href=\"#\" class=\"ez-toc-pull-right ez-toc-btn ez-toc-btn-xs ez-toc-btn-default ez-toc-toggle\" aria-label=\"Toggle Table of Content\"><span class=\"ez-toc-js-icon-con\"><span class=\"\"><span class=\"eztoc-hide\" style=\"display:none;\">Toggle<\/span><span class=\"ez-toc-icon-toggle-span\"><svg style=\"fill: #999;color:#999\" xmlns=\"http:\/\/www.w3.org\/2000\/svg\" class=\"list-377408\" width=\"20px\" height=\"20px\" viewBox=\"0 0 24 24\" fill=\"none\"><path d=\"M6 6H4v2h2V6zm14 0H8v2h12V6zM4 11h2v2H4v-2zm16 0H8v2h12v-2zM4 16h2v2H4v-2zm16 0H8v2h12v-2z\" fill=\"currentColor\"><\/path><\/svg><svg style=\"fill: #999;color:#999\" class=\"arrow-unsorted-368013\" xmlns=\"http:\/\/www.w3.org\/2000\/svg\" width=\"10px\" height=\"10px\" viewBox=\"0 0 24 24\" version=\"1.2\" baseProfile=\"tiny\"><path d=\"M18.2 9.3l-6.2-6.3-6.2 6.3c-.2.2-.3.4-.3.7s.1.5.3.7c.2.2.4.3.7.3h11c.3 0 .5-.1.7-.3.2-.2.3-.5.3-.7s-.1-.5-.3-.7zM5.8 14.7l6.2 6.3 6.2-6.3c.2-.2.3-.5.3-.7s-.1-.5-.3-.7c-.2-.2-.4-.3-.7-.3h-11c-.3 0-.5.1-.7.3-.2.2-.3.5-.3.7s.1.5.3.7z\"\/><\/svg><\/span><\/span><\/span><\/a><\/span><\/div>\n<nav><ul class='ez-toc-list ez-toc-list-level-1 ' ><li class='ez-toc-page-1 ez-toc-heading-level-1'><a class=\"ez-toc-link ez-toc-heading-1\" href=\"https:\/\/mpvane.com\/en\/san-pham\/bo-4-canh-than-carbon-orion-04039395010\/#Bo_4_Canh_Than_Carbon_ORION_04039395010_%E2%80%93_Chinh_Hang_Chat_Luong_Cao\" >B\u1ed9 4 C\u00e1nh Than Carbon ORION 04039395010 \u2013 Ch\u00ednh H\u00e3ng, Ch\u1ea5t L\u01b0\u1ee3ng Cao<\/a><ul class='ez-toc-list-level-2' ><li class='ez-toc-heading-level-2'><a class=\"ez-toc-link ez-toc-heading-2\" href=\"https:\/\/mpvane.com\/en\/san-pham\/bo-4-canh-than-carbon-orion-04039395010\/#Bo_Canh_Than_ORION_04039395010_%E2%80%93_Giai_Phap_Toi_Uu_Cho_May_Bom_Chan_Kho_Orion\" >B\u1ed9 C\u00e1nh Than ORION 04039395010 \u2013 Gi\u1ea3i Ph\u00e1p T\u1ed1i \u01afu Cho M\u00e1y B\u01a1m Ch\u00e2n Kh\u00f4 Orion<\/a><ul class='ez-toc-list-level-3' ><li class='ez-toc-heading-level-3'><a class=\"ez-toc-link ez-toc-heading-3\" href=\"https:\/\/mpvane.com\/en\/san-pham\/bo-4-canh-than-carbon-orion-04039395010\/#Thong_so_ky_thuat\" >Th\u00f4ng s\u1ed1 k\u1ef9 thu\u1eadt:<\/a><\/li><li class='ez-toc-page-1 ez-toc-heading-level-3'><a class=\"ez-toc-link ez-toc-heading-4\" href=\"https:\/\/mpvane.com\/en\/san-pham\/bo-4-canh-than-carbon-orion-04039395010\/#Ung_dung\" >\u1ee8ng d\u1ee5ng:<\/a><\/li><\/ul><\/li><li class='ez-toc-page-1 ez-toc-heading-level-2'><a class=\"ez-toc-link ez-toc-heading-5\" href=\"https:\/\/mpvane.com\/en\/san-pham\/bo-4-canh-than-carbon-orion-04039395010\/#Tai_Sao_Chon_Bom_Chan_Khong_Kho_Orion\" >T\u1ea1i Sao Ch\u1ecdn B\u01a1m Ch\u00e2n Kh\u00f4ng Kh\u00f4 Orion?<\/a><ul class='ez-toc-list-level-3' ><li class='ez-toc-heading-level-3'><a class=\"ez-toc-link ez-toc-heading-6\" href=\"https:\/\/mpvane.com\/en\/san-pham\/bo-4-canh-than-carbon-orion-04039395010\/#Uu_diem_noi_bat\" >\u01afu \u0111i\u1ec3m n\u1ed5i b\u1eadt:<\/a><\/li><\/ul><\/li><li class='ez-toc-page-1 ez-toc-heading-level-2'><a class=\"ez-toc-link ez-toc-heading-7\" href=\"https:\/\/mpvane.com\/en\/san-pham\/bo-4-canh-than-carbon-orion-04039395010\/#Huong_Dan_Su_Dung_Bao_Tri\" >H\u01b0\u1edbng D\u1eabn S\u1eed D\u1ee5ng &amp; B\u1ea3o Tr\u00ec<\/a><ul class='ez-toc-list-level-3' ><li class='ez-toc-heading-level-3'><a class=\"ez-toc-link ez-toc-heading-8\" href=\"https:\/\/mpvane.com\/en\/san-pham\/bo-4-canh-than-carbon-orion-04039395010\/#1_Luu_y_quan_trong_khi_van_hanh\" >1. L\u01b0u \u00fd quan tr\u1ecdng khi v\u1eadn h\u00e0nh:<\/a><\/li><li class='ez-toc-page-1 ez-toc-heading-level-3'><a class=\"ez-toc-link ez-toc-heading-9\" href=\"https:\/\/mpvane.com\/en\/san-pham\/bo-4-canh-than-carbon-orion-04039395010\/#2_Thoi_gian_thay_the_canh_than\" >2. Th\u1eddi gian thay th\u1ebf c\u00e1nh than:<\/a><\/li><\/ul><\/li><li class='ez-toc-page-1 ez-toc-heading-level-2'><a class=\"ez-toc-link ez-toc-heading-10\" href=\"https:\/\/mpvane.com\/en\/san-pham\/bo-4-canh-than-carbon-orion-04039395010\/#Lien_He_Dat_Hang_Ngay\" >Li\u00ean H\u1ec7 \u0110\u1eb7t H\u00e0ng Ngay!<\/a><\/li><\/ul><\/li><\/ul><\/nav><\/div>\n<div class=\"dad65929\">\n<div class=\"_4f9bf79 d7dc56a8 _43c05b5\">\n<div class=\"ds-markdown ds-markdown--block\">\n<h1><span class=\"ez-toc-section\" id=\"Bo_4_Canh_Than_Carbon_ORION_04039395010_%E2%80%93_Chinh_Hang_Chat_Luong_Cao\"><\/span><strong>B\u1ed9 4 C\u00e1nh Than Carbon ORION 04039395010 \u2013 Ch\u00ednh H\u00e3ng, Ch\u1ea5t L\u01b0\u1ee3ng Cao<\/strong><span class=\"ez-toc-section-end\"><\/span><\/h1>\n<h2><span class=\"ez-toc-section\" id=\"Bo_Canh_Than_ORION_04039395010_%E2%80%93_Giai_Phap_Toi_Uu_Cho_May_Bom_Chan_Kho_Orion\"><\/span><strong>B\u1ed9 C\u00e1nh Than ORION 04039395010 \u2013 Gi\u1ea3i Ph\u00e1p T\u1ed1i \u01afu Cho M\u00e1y B\u01a1m Ch\u00e2n Kh\u00f4 Orion<\/strong><span class=\"ez-toc-section-end\"><\/span><\/h2>\n<p class=\"ds-markdown-paragraph\">B\u1ed9\u00a0<strong>6 c\u00e1nh than carbon ORION 04039395010<\/strong>\u00a0l\u00e0 ph\u1ee5 ki\u1ec7n ch\u00ednh h\u00e3ng, \u0111\u01b0\u1ee3c thi\u1ebft k\u1ebf \u0111\u1ec3 thay th\u1ebf cho c\u00e1c d\u00f2ng m\u00e1y b\u01a1m ch\u00e2n kh\u00f4ng kh\u00f4 Orion. V\u1edbi ch\u1ea5t li\u1ec7u\u00a0<strong>carbon b\u1ec1n b\u1ec9<\/strong>, b\u1ed9 c\u00e1nh than gi\u00fap m\u00e1y b\u01a1m ho\u1ea1t \u0111\u1ed9ng \u00eam \u00e1i, hi\u1ec7u su\u1ea5t cao v\u00e0 tu\u1ed5i th\u1ecd l\u00e2u d\u00e0i.<\/p>\n<h3><span class=\"ez-toc-section\" id=\"Thong_so_ky_thuat\"><\/span><strong>Th\u00f4ng s\u1ed1 k\u1ef9 thu\u1eadt:<\/strong><span class=\"ez-toc-section-end\"><\/span><\/h3>\n<ul>\n<li>\n<p class=\"ds-markdown-paragraph\"><strong>M\u00e3 s\u1ea3n ph\u1ea9m:<\/strong>\u00a004039395010<\/p>\n<\/li>\n<li>\n<p class=\"ds-markdown-paragraph\"><strong>K\u00edch th\u01b0\u1edbc:<\/strong>\u00a058mm (r\u1ed9ng\/cao) \u00d7 147mm (d\u00e0i) \u00d7 7mm (d\u00e0y)<\/p>\n<\/li>\n<li>\n<p class=\"ds-markdown-paragraph\"><strong>V\u1eadt li\u1ec7u:<\/strong>\u00a0Carbon cao c\u1ea5p<\/p>\n<\/li>\n<li>\n<p class=\"ds-markdown-paragraph\"><strong>S\u1ed1 l\u01b0\u1ee3ng:<\/strong>\u00a004 c\u00e1nh g\u1ea1t\/b\u1ed9<\/p>\n<\/li>\n<\/ul>\n<h3><span class=\"ez-toc-section\" id=\"Ung_dung\"><\/span><strong>\u1ee8ng d\u1ee5ng:<\/strong><span class=\"ez-toc-section-end\"><\/span><\/h3>\n<p class=\"ds-markdown-paragraph\">B\u1ed9 c\u00e1nh than ORION ph\u00f9 h\u1ee3p v\u1edbi c\u00e1c d\u00f2ng\u00a0<strong>m\u00e1y b\u01a1m ch\u00e2n kh\u00f4ng kh\u00f4 Orion<\/strong>, bao g\u1ed3m:<\/p>\n<ul>\n<li>\n<p class=\"ds-markdown-paragraph\"><strong>ORION dry vacuum pump model CBX62-01B-G1<\/strong><\/p>\n<\/li>\n<li>\n<p class=\"ds-markdown-paragraph\"><strong>ORION dry vacuum pump model CBX62-A-01B-G1<\/strong><\/p>\n<\/li>\n<li>\n<p class=\"ds-markdown-paragraph\"><strong>ORION dry vacuum pump model CBXP6070A-VB-02B<\/strong><\/p>\n<\/li>\n<li>\n<p class=\"ds-markdown-paragraph\"><strong>ORION dry vacuum pump model CBXP6060A-VV-02B<\/strong><\/p>\n<\/li>\n<li>\n<p class=\"ds-markdown-paragraph\"><strong>ORION dry vacuum pump model CBXP6060A-BB-02B<\/strong><\/p>\n<\/li>\n<li>\n<p class=\"ds-markdown-paragraph\"><strong>ORION dry vacuum pump model KRX7A(V)<\/strong><\/p>\n<\/li>\n<li>\n<p class=\"ds-markdown-paragraph\"><strong>ORION dry vacuum pump model CBXP6070-VB-01,02<\/strong><\/p>\n<\/li>\n<li>\n<p class=\"ds-markdown-paragraph\"><strong>ORION dry vacuum pump model CBXP6060-VV-01,02<\/strong><\/p>\n<\/li>\n<li>\n<p class=\"ds-markdown-paragraph\"><strong>ORION dry vacuum pump model CBXP6060-BB-01,02<\/strong><\/p>\n<\/li>\n<li>\n<p class=\"ds-markdown-paragraph\"><strong>ORION dry vacuum pump model KRX7A<\/strong><\/p>\n<\/li>\n<li><strong>ORION dry vacuum pump model KRS7D<\/strong><\/li>\n<\/ul>\n<h2><span class=\"ez-toc-section\" id=\"Tai_Sao_Chon_Bom_Chan_Khong_Kho_Orion\"><\/span><strong>T\u1ea1i Sao Ch\u1ecdn B\u01a1m Ch\u00e2n Kh\u00f4ng Kh\u00f4 Orion?<\/strong><span class=\"ez-toc-section-end\"><\/span><\/h2>\n<p class=\"ds-markdown-paragraph\">M\u00e1y b\u01a1m ch\u00e2n kh\u00f4ng Orion l\u00e0 thi\u1ebft b\u1ecb\u00a0<strong>kh\u00f4ng d\u1ea7u<\/strong>, gi\u00fap lo\u1ea1i b\u1ecf nguy c\u01a1 nhi\u1ec5m d\u1ea7u v\u00e0o m\u00f4i tr\u01b0\u1eddng l\u00e0m vi\u1ec7c v\u00e0 s\u1ea3n ph\u1ea9m. V\u1edbi\u00a0<strong>tu\u1ed5i th\u1ecd cao, \u0111\u1ed9 b\u1ec1n v\u01b0\u1ee3t tr\u1ed9i<\/strong>\u00a0v\u00e0\u00a0<strong>ti\u1ebfng \u1ed3n th\u1ea5p<\/strong>, Orion l\u00e0 l\u1ef1a ch\u1ecdn h\u00e0ng \u0111\u1ea7u trong c\u00e1c ng\u00e0nh c\u00f4ng nghi\u1ec7p t\u1ef1 \u0111\u1ed9ng h\u00f3a.<\/p>\n<h3><span class=\"ez-toc-section\" id=\"Uu_diem_noi_bat\"><\/span><strong>\u01afu \u0111i\u1ec3m n\u1ed5i b\u1eadt:<\/strong><span class=\"ez-toc-section-end\"><\/span><\/h3>\n<p class=\"ds-markdown-paragraph\">\u2705\u00a0<strong>Kh\u00f4ng d\u1ea7u<\/strong>\u00a0\u2013 An to\u00e0n cho m\u00f4i tr\u01b0\u1eddng v\u00e0 s\u1ea3n ph\u1ea9m<br \/>\n\u2705\u00a0<strong>Ho\u1ea1t \u0111\u1ed9ng \u00eam, \u0111\u1ed9 rung th\u1ea5p<\/strong><br \/>\n\u2705\u00a0<strong>Tu\u1ed5i th\u1ecd cao<\/strong>\u00a0nh\u1edd c\u00e1nh than carbon t\u1ef1 b\u00f4i tr\u01a1n<br \/>\n\u2705\u00a0<strong>T\u1ed1c \u0111\u1ed9 quay \u1ed5n \u0111\u1ecbnh<\/strong>, hi\u1ec7u su\u1ea5t h\u00fat\/x\u1ea3 m\u1ea1nh m\u1ebd<\/p>\n<h2><span class=\"ez-toc-section\" id=\"Huong_Dan_Su_Dung_Bao_Tri\"><\/span><strong>H\u01b0\u1edbng D\u1eabn S\u1eed D\u1ee5ng &amp; B\u1ea3o Tr\u00ec<\/strong><span class=\"ez-toc-section-end\"><\/span><\/h2>\n<h3><span class=\"ez-toc-section\" id=\"1_Luu_y_quan_trong_khi_van_hanh\"><\/span><strong>1. L\u01b0u \u00fd quan tr\u1ecdng khi v\u1eadn h\u00e0nh:<\/strong><span class=\"ez-toc-section-end\"><\/span><\/h3>\n<ul>\n<li>\n<p class=\"ds-markdown-paragraph\"><strong>Kh\u00f4ng h\u00fat kh\u00ed d\u1ec5 ch\u00e1y\/n\u1ed5<\/strong>\u00a0\u0111\u1ec3 tr\u00e1nh nguy c\u01a1 ch\u00e1y n\u1ed5.<\/p>\n<\/li>\n<li>\n<p class=\"ds-markdown-paragraph\"><strong>Kh\u00f4ng ch\u1eb7n \u0111\u01b0\u1eddng \u1ed1ng h\u00fat\/x\u1ea3<\/strong>\u00a0\u0111\u1ec3 tr\u00e1nh qu\u00e1 nhi\u1ec7t, h\u1ecfng h\u00f3c.<\/p>\n<\/li>\n<li>\n<p class=\"ds-markdown-paragraph\"><strong>S\u1eed d\u1ee5ng trong \u0111i\u1ec1u ki\u1ec7n nhi\u1ec7t \u0111\u1ed9 0-40\u00b0C, \u0111\u1ed9 \u1ea9m 65% \u00b120%<\/strong>.<\/p>\n<\/li>\n<\/ul>\n<h3><span class=\"ez-toc-section\" id=\"2_Thoi_gian_thay_the_canh_than\"><\/span><strong>2. Th\u1eddi gian thay th\u1ebf c\u00e1nh than:<\/strong><span class=\"ez-toc-section-end\"><\/span><\/h3>\n<ul>\n<li>\n<p class=\"ds-markdown-paragraph\"><strong>12.000 gi\u1edd<\/strong>\u00a0trong \u0111i\u1ec1u ki\u1ec7n \u00e1p su\u1ea5t ti\u00eau chu\u1ea9n.<\/p>\n<\/li>\n<li>\n<p class=\"ds-markdown-paragraph\"><strong>9.500 gi\u1edd<\/strong>\u00a0n\u1ebfu ho\u1ea1t \u0111\u1ed9ng \u1edf \u00e1p su\u1ea5t t\u1ed1i \u0111a.<\/p>\n<\/li>\n<\/ul>\n<p class=\"ds-markdown-paragraph\"><strong>L\u01b0u \u00fd:<\/strong>\u00a0N\u1ebfu ph\u00e1t hi\u1ec7n\u00a0<strong>ti\u1ebfng \u1ed3n t\u0103ng, hi\u1ec7u su\u1ea5t gi\u1ea3m<\/strong>, c\u1ea7n thay c\u00e1nh than ngay \u0111\u1ec3 tr\u00e1nh h\u1ecfng h\u00f3c m\u00e1y b\u01a1m.<\/p>\n<h2><span class=\"ez-toc-section\" id=\"Lien_He_Dat_Hang_Ngay\"><\/span><strong>Li\u00ean H\u1ec7 \u0110\u1eb7t H\u00e0ng Ngay!<\/strong><span class=\"ez-toc-section-end\"><\/span><\/h2>\n<p class=\"ds-markdown-paragraph\">\ud83d\udcde\u00a0<strong>Hotline:<\/strong>\u00a00985 459 559<br \/>\n\ud83c\udf10\u00a0<strong>Website:<\/strong>\u00a0<a href=\"https:\/\/www.minhphuco.com\/\" target=\"_blank\" rel=\"noopener noreferrer\">www.minhphuco.com<\/a><br \/>\n\ud83d\udce7\u00a0<strong>Email:<\/strong>\u00a0<a href=\"https:\/\/mailto:sales@minhphuco.vn\/\" target=\"_blank\" rel=\"noopener noreferrer\">sales@minhphuco.vn<\/a><br \/>\n\ud83d\udcac\u00a0<strong>Zalo:<\/strong>\u00a00985 490 343 ho\u1eb7c 0985 843 778<\/p>\n<p class=\"ds-markdown-paragraph\"><strong>Minh Ph\u00fac Co.<\/strong>\u00a0\u2013 \u0110\u01a1n v\u1ecb cung c\u1ea5p\u00a0<strong>ph\u1ee5 ki\u1ec7n m\u00e1y b\u01a1m ch\u00e2n kh\u00f4ng Orion ch\u00ednh h\u00e3ng<\/strong>, cam k\u1ebft ch\u1ea5t l\u01b0\u1ee3ng v\u00e0 gi\u00e1 t\u1ed1t nh\u1ea5t th\u1ecb tr\u01b0\u1eddng!<\/p>\n<hr \/>\n<p class=\"ds-markdown-paragraph\"><strong>#B\u01a1mCh\u00e2nKh\u00f4ngOrion #C\u00e1nhThanCarbonOrion #04039395010 #M\u00e1yB\u01a1mKh\u00f4 #Ph\u1ee5Ki\u1ec7nCh\u00e2nKh\u00f4ng<\/strong><\/p>\n<p class=\"ds-markdown-paragraph\">\ud83d\udd0d\u00a0<strong>T\u00ecm ki\u1ebfm li\u00ean quan:<\/strong><\/p>\n<ul>\n<li>\n<p class=\"ds-markdown-paragraph\">B\u1ed9 c\u00e1nh than Orion gi\u00e1 r\u1ebb<\/p>\n<\/li>\n<li>\n<p class=\"ds-markdown-paragraph\">Thay c\u00e1nh g\u1ea1t m\u00e1y b\u01a1m ch\u00e2n kh\u00f4ng<\/p>\n<\/li>\n<li>\n<p class=\"ds-markdown-paragraph\">B\u01a1m ch\u00e2n kh\u00f4ng kh\u00f4ng d\u1ea7u Orion<\/p>\n<\/li>\n<li>\n<p class=\"ds-markdown-paragraph\">Ph\u1ee5 t\u00f9ng m\u00e1y b\u01a1m Orion ch\u00ednh h\u00e3ng<\/p>\n<\/li>\n<\/ul>\n<p class=\"ds-markdown-paragraph\"><strong>B\u00e0i vi\u1ebft \u0111\u00e3 t\u1ed1i \u01b0u SEO v\u1edbi t\u1eeb kh\u00f3a ch\u00ednh:<\/strong><\/p>\n<ul>\n<li>\n<p class=\"ds-markdown-paragraph\"><strong>B\u1ed9 6 c\u00e1nh than carbon ORION 04039395010<\/strong><\/p>\n<\/li>\n<li>\n<p class=\"ds-markdown-paragraph\"><strong>B\u1ed9 c\u00e1nh than ORION Original<\/strong><\/p>\n<\/li>\n<li>\n<p class=\"ds-markdown-paragraph\"><strong>M\u00e1y b\u01a1m ch\u00e2n kh\u00f4ng kh\u00f4 Orion<\/strong><\/p>\n<\/li>\n<li>\n<p class=\"ds-markdown-paragraph\"><strong>Thay th\u1ebf c\u00e1nh g\u1ea1t b\u01a1m ch\u00e2n kh\u00f4ng<\/strong><\/p>\n<\/li>\n<\/ul>\n<\/div>\n<\/div>\n<\/div>\n","protected":false},"excerpt":{"rendered":"<p>B\u1ed9 4 c\u00e1nh than carbon ORION 04039395010<br \/>\nB\u1ed9 c\u00e1nh than ORION Original 04039395010<br \/>\nK\u00edch th\u01b0\u1edbc: 58 mm (chi\u1ec1u r\u1ed9ng\/cao) \u00d7 147 mm (chi\u1ec1u d\u00e0i)\u00d7 7 mm (\u0111\u1ed9 d\u00e0y)<br \/>\nV\u1eadt li\u1ec7u c\u00e1nh than Orion : Carbon<br \/>\nD\u00f9ng cho c\u00e1c m\u00e1y b\u01a1m : Orion CBX62-01B-G1,Orion CBX62-A-01B-G1,Orion CBXP6070A-VB-02B,Orion CBXP6060A-VV-02B,Orion CBXP6060A-BB-02B,Orion KRX7A(V),Orion CBXP6070-VB-01,02,Orion CBXP6060-VV-01,02,Orion CBXP6060-BB-01,02,Orion KRX7A,Orion KRS7D<\/p>\n","protected":false},"featured_media":8164,"comment_status":"open","ping_status":"closed","template":"","meta":{"_acf_changed":false},"product_brand":[],"product_cat":[69,707],"product_tag":[2297],"class_list":{"0":"post-8160","1":"product","2":"type-product","3":"status-publish","4":"has-post-thumbnail","6":"product_cat-canh-vane","7":"product_cat-orion-vanes","8":"product_tag-2297","10":"first","11":"instock","12":"shipping-taxable","13":"product-type-simple"},"acf":[],"_links":{"self":[{"href":"https:\/\/mpvane.com\/en\/wp-json\/wp\/v2\/product\/8160","targetHints":{"allow":["GET"]}}],"collection":[{"href":"https:\/\/mpvane.com\/en\/wp-json\/wp\/v2\/product"}],"about":[{"href":"https:\/\/mpvane.com\/en\/wp-json\/wp\/v2\/types\/product"}],"replies":[{"embeddable":true,"href":"https:\/\/mpvane.com\/en\/wp-json\/wp\/v2\/comments?post=8160"}],"version-history":[{"count":1,"href":"https:\/\/mpvane.com\/en\/wp-json\/wp\/v2\/product\/8160\/revisions"}],"predecessor-version":[{"id":8161,"href":"https:\/\/mpvane.com\/en\/wp-json\/wp\/v2\/product\/8160\/revisions\/8161"}],"wp:featuredmedia":[{"embeddable":true,"href":"https:\/\/mpvane.com\/en\/wp-json\/wp\/v2\/media\/8164"}],"wp:attachment":[{"href":"https:\/\/mpvane.com\/en\/wp-json\/wp\/v2\/media?parent=8160"}],"wp:term":[{"taxonomy":"product_brand","embeddable":true,"href":"https:\/\/mpvane.com\/en\/wp-json\/wp\/v2\/product_brand?post=8160"},{"taxonomy":"product_cat","embeddable":true,"href":"https:\/\/mpvane.com\/en\/wp-json\/wp\/v2\/product_cat?post=8160"},{"taxonomy":"product_tag","embeddable":true,"href":"https:\/\/mpvane.com\/en\/wp-json\/wp\/v2\/product_tag?post=8160"}],"curies":[{"name":"wp","href":"https:\/\/api.w.org\/{rel}","templated":true}]}}