{"id":8158,"date":"2025-06-06T23:00:34","date_gmt":"2025-06-06T16:00:34","guid":{"rendered":"https:\/\/mpvane.com\/?post_type=product&#038;p=8158"},"modified":"2025-06-06T23:03:35","modified_gmt":"2025-06-06T16:03:35","slug":"bo-6-canh-than-carbon-orion-04044508010khf20","status":"publish","type":"product","link":"https:\/\/mpvane.com\/en\/san-pham\/bo-6-canh-than-carbon-orion-04044508010khf20\/","title":{"rendered":"B\u1ed9 6 c\u00e1nh than carbon ORION 04044508010,KHF20"},"content":{"rendered":"<div id=\"ez-toc-container\" class=\"ez-toc-v2_0_75 counter-hierarchy ez-toc-counter ez-toc-grey ez-toc-container-direction\">\n<div class=\"ez-toc-title-container\">\n<p class=\"ez-toc-title\" style=\"cursor:inherit\">Table of Contents<\/p>\n<span class=\"ez-toc-title-toggle\"><a href=\"#\" class=\"ez-toc-pull-right ez-toc-btn ez-toc-btn-xs ez-toc-btn-default ez-toc-toggle\" aria-label=\"Toggle Table of Content\"><span class=\"ez-toc-js-icon-con\"><span class=\"\"><span class=\"eztoc-hide\" style=\"display:none;\">Toggle<\/span><span class=\"ez-toc-icon-toggle-span\"><svg style=\"fill: #999;color:#999\" xmlns=\"http:\/\/www.w3.org\/2000\/svg\" class=\"list-377408\" width=\"20px\" height=\"20px\" viewBox=\"0 0 24 24\" fill=\"none\"><path d=\"M6 6H4v2h2V6zm14 0H8v2h12V6zM4 11h2v2H4v-2zm16 0H8v2h12v-2zM4 16h2v2H4v-2zm16 0H8v2h12v-2z\" fill=\"currentColor\"><\/path><\/svg><svg style=\"fill: #999;color:#999\" class=\"arrow-unsorted-368013\" xmlns=\"http:\/\/www.w3.org\/2000\/svg\" width=\"10px\" height=\"10px\" viewBox=\"0 0 24 24\" version=\"1.2\" baseProfile=\"tiny\"><path d=\"M18.2 9.3l-6.2-6.3-6.2 6.3c-.2.2-.3.4-.3.7s.1.5.3.7c.2.2.4.3.7.3h11c.3 0 .5-.1.7-.3.2-.2.3-.5.3-.7s-.1-.5-.3-.7zM5.8 14.7l6.2 6.3 6.2-6.3c.2-.2.3-.5.3-.7s-.1-.5-.3-.7c-.2-.2-.4-.3-.7-.3h-11c-.3 0-.5.1-.7.3-.2.2-.3.5-.3.7s.1.5.3.7z\"\/><\/svg><\/span><\/span><\/span><\/a><\/span><\/div>\n<nav><ul class='ez-toc-list ez-toc-list-level-1 ' ><li class='ez-toc-page-1 ez-toc-heading-level-2'><a class=\"ez-toc-link ez-toc-heading-1\" href=\"https:\/\/mpvane.com\/en\/san-pham\/bo-6-canh-than-carbon-orion-04044508010khf20\/#Bo_Canh_Than_ORION_04044508010_%E2%80%93_Phu_Tung_Chinh_Hang_Cho_May_Bom_Chan_Khong_KHF20\" >B\u1ed9 C\u00e1nh Than ORION 04044508010 \u2013 Ph\u1ee5 T\u00f9ng Ch\u00ednh H\u00e3ng Cho M\u00e1y B\u01a1m Ch\u00e2n Kh\u00f4ng KHF20<\/a><ul class='ez-toc-list-level-3' ><li class='ez-toc-heading-level-3'><a class=\"ez-toc-link ez-toc-heading-2\" href=\"https:\/\/mpvane.com\/en\/san-pham\/bo-6-canh-than-carbon-orion-04044508010khf20\/#%F0%9F%94%A7_Thong_so_ky_thuat_bo_canh_than_ORION_KHF20_Ma_04044508010\" >\ud83d\udd27 Th\u00f4ng s\u1ed1 k\u1ef9 thu\u1eadt b\u1ed9 c\u00e1nh than ORION KHF20 (M\u00e3: 04044508010)<\/a><\/li><\/ul><\/li><li class='ez-toc-page-1 ez-toc-heading-level-2'><a class=\"ez-toc-link ez-toc-heading-3\" href=\"https:\/\/mpvane.com\/en\/san-pham\/bo-6-canh-than-carbon-orion-04044508010khf20\/#%E2%9A%99%EF%B8%8F_Ung_dung_cua_canh_than_ORION_04044508010\" >\u2699\ufe0f \u1ee8ng d\u1ee5ng c\u1ee7a c\u00e1nh than ORION 04044508010<\/a><\/li><li class='ez-toc-page-1 ez-toc-heading-level-2'><a class=\"ez-toc-link ez-toc-heading-4\" href=\"https:\/\/mpvane.com\/en\/san-pham\/bo-6-canh-than-carbon-orion-04044508010khf20\/#%F0%9F%8C%80_Gioi_thieu_ve_may_bom_chan_khong_kho_ORION_KHF20\" >\ud83c\udf00 Gi\u1edbi thi\u1ec7u v\u1ec1 m\u00e1y b\u01a1m ch\u00e2n kh\u00f4ng kh\u00f4 ORION KHF20<\/a><ul class='ez-toc-list-level-3' ><li class='ez-toc-heading-level-3'><a class=\"ez-toc-link ez-toc-heading-5\" href=\"https:\/\/mpvane.com\/en\/san-pham\/bo-6-canh-than-carbon-orion-04044508010khf20\/#Uu_diem_noi_bat\" >\u01afu \u0111i\u1ec3m n\u1ed5i b\u1eadt:<\/a><\/li><li class='ez-toc-page-1 ez-toc-heading-level-3'><a class=\"ez-toc-link ez-toc-heading-6\" href=\"https:\/\/mpvane.com\/en\/san-pham\/bo-6-canh-than-carbon-orion-04044508010khf20\/#Nguyen_ly_hoat_dong\" >Nguy\u00ean l\u00fd ho\u1ea1t \u0111\u1ed9ng:<\/a><\/li><\/ul><\/li><li class='ez-toc-page-1 ez-toc-heading-level-2'><a class=\"ez-toc-link ez-toc-heading-7\" href=\"https:\/\/mpvane.com\/en\/san-pham\/bo-6-canh-than-carbon-orion-04044508010khf20\/#%E2%9B%94_Luu_y_khi_su_dung_may_bom_kho_ORION\" >\u26d4 L\u01b0u \u00fd khi s\u1eed d\u1ee5ng m\u00e1y b\u01a1m kh\u00f4 ORION<\/a><\/li><li class='ez-toc-page-1 ez-toc-heading-level-2'><a class=\"ez-toc-link ez-toc-heading-8\" href=\"https:\/\/mpvane.com\/en\/san-pham\/bo-6-canh-than-carbon-orion-04044508010khf20\/#%F0%9F%94%84_Khi_nao_can_thay_bo_canh_than_ORION\" >\ud83d\udd04 Khi n\u00e0o c\u1ea7n thay b\u1ed9 c\u00e1nh than ORION?<\/a><\/li><li class='ez-toc-page-1 ez-toc-heading-level-2'><a class=\"ez-toc-link ez-toc-heading-9\" href=\"https:\/\/mpvane.com\/en\/san-pham\/bo-6-canh-than-carbon-orion-04044508010khf20\/#%F0%9F%93%9E_Lien_he_mua_hang_%E2%80%93_Tu_van_ky_thuat\" >\ud83d\udcde Li\u00ean h\u1ec7 mua h\u00e0ng \u2013 T\u01b0 v\u1ea5n k\u1ef9 thu\u1eadt<\/a><ul class='ez-toc-list-level-3' ><li class='ez-toc-heading-level-3'><a class=\"ez-toc-link ez-toc-heading-10\" href=\"https:\/\/mpvane.com\/en\/san-pham\/bo-6-canh-than-carbon-orion-04044508010khf20\/#%E2%9C%85_Ly_do_chon_Minh_Phu_Co_Ltd\" >\u2705 L\u00fd do ch\u1ecdn Minh Ph\u00fa Co., Ltd<\/a><\/li><\/ul><\/li><\/ul><\/nav><\/div>\n<div class=\"dad65929\">\n<div class=\"_4f9bf79 d7dc56a8 _43c05b5\">\n<div class=\"ds-markdown ds-markdown--block\">\n<h2 data-start=\"232\" data-end=\"316\"><span class=\"ez-toc-section\" id=\"Bo_Canh_Than_ORION_04044508010_%E2%80%93_Phu_Tung_Chinh_Hang_Cho_May_Bom_Chan_Khong_KHF20\"><\/span>B\u1ed9 C\u00e1nh Than ORION 04044508010 \u2013 Ph\u1ee5 T\u00f9ng Ch\u00ednh H\u00e3ng Cho M\u00e1y B\u01a1m Ch\u00e2n Kh\u00f4ng KHF20<span class=\"ez-toc-section-end\"><\/span><\/h2>\n<p data-start=\"318\" data-end=\"542\"><strong data-start=\"318\" data-end=\"412\">B\u1ed9 6 c\u00e1nh than carbon ORION 04044508010, d\u00f9ng cho m\u00e1y b\u01a1m ch\u00e2n kh\u00f4ng kh\u00f4 ORION model KHF20<\/strong> l\u00e0 ph\u1ee5 ki\u1ec7n ch\u00ednh h\u00e3ng, ch\u1ea5t l\u01b0\u1ee3ng cao, \u0111\u1ea3m b\u1ea3o hi\u1ec7u su\u1ea5t ho\u1ea1t \u0111\u1ed9ng \u1ed5n \u0111\u1ecbnh, \u00eam \u00e1i v\u00e0 b\u1ec1n b\u1ec9 cho h\u1ec7 th\u1ed1ng b\u01a1m ch\u00e2n kh\u00f4ng c\u1ee7a b\u1ea1n.<\/p>\n<hr data-start=\"544\" data-end=\"547\" \/>\n<h3 data-start=\"549\" data-end=\"616\"><span class=\"ez-toc-section\" id=\"%F0%9F%94%A7_Thong_so_ky_thuat_bo_canh_than_ORION_KHF20_Ma_04044508010\"><\/span>\ud83d\udd27 Th\u00f4ng s\u1ed1 k\u1ef9 thu\u1eadt b\u1ed9 c\u00e1nh than ORION KHF20 (M\u00e3: 04044508010)<span class=\"ez-toc-section-end\"><\/span><\/h3>\n<ul data-start=\"618\" data-end=\"953\">\n<li data-start=\"618\" data-end=\"679\">\n<p data-start=\"620\" data-end=\"679\"><strong data-start=\"620\" data-end=\"637\">T\u00ean s\u1ea3n ph\u1ea9m:<\/strong> B\u1ed9 c\u00e1nh than ORION Original 04044508010<\/p>\n<\/li>\n<li data-start=\"680\" data-end=\"739\">\n<p data-start=\"682\" data-end=\"739\"><strong data-start=\"682\" data-end=\"697\">K\u00edch th\u01b0\u1edbc:<\/strong> 38 mm (r\u1ed9ng) \u00d7 77 mm (d\u00e0i) \u00d7 5 mm (d\u00e0y)<\/p>\n<\/li>\n<li data-start=\"740\" data-end=\"779\">\n<p data-start=\"742\" data-end=\"779\"><strong data-start=\"742\" data-end=\"755\">V\u1eadt li\u1ec7u:<\/strong> Carbon ch\u1ea5t l\u01b0\u1ee3ng cao<\/p>\n<\/li>\n<li data-start=\"780\" data-end=\"818\">\n<p data-start=\"782\" data-end=\"818\"><strong data-start=\"782\" data-end=\"804\">S\u1ed1 l\u01b0\u1ee3ng trong b\u1ed9:<\/strong> 6 c\u00e1nh than<\/p>\n<\/li>\n<li data-start=\"819\" data-end=\"953\">\n<p data-start=\"821\" data-end=\"906\"><strong data-start=\"821\" data-end=\"834\">\u1ee8ng d\u1ee5ng:<\/strong> S\u1eed d\u1ee5ng cho <strong data-start=\"847\" data-end=\"885\">m\u00e1y b\u01a1m ch\u00e2n kh\u00f4ng kh\u00f4 ORION KHF20<\/strong> v\u00e0 c\u00e1c bi\u1ebfn th\u1ec3 nh\u01b0:<\/p>\n<ul data-start=\"909\" data-end=\"953\">\n<li data-start=\"909\" data-end=\"932\">\n<p data-start=\"911\" data-end=\"932\">ORION KHF20-V-01B(CE)<\/p>\n<\/li>\n<li data-start=\"935\" data-end=\"953\">\n<p data-start=\"937\" data-end=\"953\">ORION KHF20-V-02<\/p>\n<\/li>\n<\/ul>\n<\/li>\n<\/ul>\n<hr data-start=\"955\" data-end=\"958\" \/>\n<h2 data-start=\"960\" data-end=\"1006\"><span class=\"ez-toc-section\" id=\"%E2%9A%99%EF%B8%8F_Ung_dung_cua_canh_than_ORION_04044508010\"><\/span>\u2699\ufe0f \u1ee8ng d\u1ee5ng c\u1ee7a c\u00e1nh than ORION 04044508010<span class=\"ez-toc-section-end\"><\/span><\/h2>\n<p data-start=\"1008\" data-end=\"1243\">C\u00e1nh than ORION \u0111\u01b0\u1ee3c s\u1eed d\u1ee5ng \u0111\u1ec3 duy tr\u00ec hi\u1ec7u su\u1ea5t n\u1ea1p v\u00e0 x\u1ea3 kh\u00ed trong <strong data-start=\"1078\" data-end=\"1104\">m\u00e1y b\u01a1m ch\u00e2n kh\u00f4ng kh\u00f4<\/strong>. Thi\u1ebft k\u1ebf t\u1ef1 b\u00f4i tr\u01a1n gi\u00fap gi\u1ea3m ma s\u00e1t, t\u0103ng \u0111\u1ed9 b\u1ec1n, gi\u1ea3m ti\u1ebfng \u1ed3n v\u00e0 kh\u00f4ng g\u00e2y \u00f4 nhi\u1ec5m d\u1ea7u cho m\u00f4i tr\u01b0\u1eddng l\u00e0m vi\u1ec7c. \u0110\u1eb7c bi\u1ec7t ph\u00f9 h\u1ee3p cho:<\/p>\n<ul data-start=\"1245\" data-end=\"1344\">\n<li data-start=\"1245\" data-end=\"1267\">\n<p data-start=\"1247\" data-end=\"1267\">Ng\u00e0nh in \u1ea5n \u2013 bao b\u00ec<\/p>\n<\/li>\n<li data-start=\"1268\" data-end=\"1290\">\n<p data-start=\"1270\" data-end=\"1290\">Ng\u00e0nh \u0111i\u1ec7n \u2013 \u0111i\u1ec7n t\u1eed<\/p>\n<\/li>\n<li data-start=\"1291\" data-end=\"1319\">\n<p data-start=\"1293\" data-end=\"1319\">Ng\u00e0nh d\u01b0\u1ee3c ph\u1ea9m, th\u1ef1c ph\u1ea9m<\/p>\n<\/li>\n<li data-start=\"1320\" data-end=\"1344\">\n<p data-start=\"1322\" data-end=\"1344\">Ng\u00e0nh s\u1ea3n xu\u1ea5t b\u00e1n d\u1eabn<\/p>\n<\/li>\n<\/ul>\n<hr data-start=\"1346\" data-end=\"1349\" \/>\n<h2 data-start=\"1351\" data-end=\"1405\"><span class=\"ez-toc-section\" id=\"%F0%9F%8C%80_Gioi_thieu_ve_may_bom_chan_khong_kho_ORION_KHF20\"><\/span>\ud83c\udf00 Gi\u1edbi thi\u1ec7u v\u1ec1 m\u00e1y b\u01a1m ch\u00e2n kh\u00f4ng kh\u00f4 ORION KHF20<span class=\"ez-toc-section-end\"><\/span><\/h2>\n<p data-start=\"1407\" data-end=\"1575\"><strong data-start=\"1407\" data-end=\"1439\">M\u00e1y b\u01a1m ch\u00e2n kh\u00f4ng kh\u00f4 ORION<\/strong> l\u00e0 thi\u1ebft b\u1ecb ti\u00ean ti\u1ebfn c\u00f3 kh\u1ea3 n\u0103ng t\u1ea1o m\u00f4i tr\u01b0\u1eddng ch\u00e2n kh\u00f4ng m\u00e0 kh\u00f4ng s\u1eed d\u1ee5ng d\u1ea7u, gi\u00fap b\u1ea3o v\u1ec7 m\u00f4i tr\u01b0\u1eddng v\u00e0 gi\u1ea3m thi\u1ec3u chi ph\u00ed b\u1ea3o tr\u00ec.<\/p>\n<h3 data-start=\"1577\" data-end=\"1597\"><span class=\"ez-toc-section\" id=\"Uu_diem_noi_bat\"><\/span>\u01afu \u0111i\u1ec3m n\u1ed5i b\u1eadt:<span class=\"ez-toc-section-end\"><\/span><\/h3>\n<ul data-start=\"1599\" data-end=\"1781\">\n<li data-start=\"1599\" data-end=\"1661\">\n<p data-start=\"1601\" data-end=\"1661\"><strong data-start=\"1601\" data-end=\"1622\">Kh\u00f4ng s\u1eed d\u1ee5ng d\u1ea7u<\/strong>, kh\u00f4ng l\u00e0m \u00f4 nhi\u1ec5m m\u00f4i tr\u01b0\u1eddng l\u00e0m vi\u1ec7c<\/p>\n<\/li>\n<li data-start=\"1662\" data-end=\"1694\">\n<p data-start=\"1664\" data-end=\"1694\"><strong data-start=\"1664\" data-end=\"1682\">V\u1eadn h\u00e0nh \u00eam \u00e1i<\/strong>, \u0111\u1ed9 b\u1ec1n cao<\/p>\n<\/li>\n<li data-start=\"1695\" data-end=\"1741\">\n<p data-start=\"1697\" data-end=\"1741\"><strong data-start=\"1697\" data-end=\"1724\">C\u00e1nh carbon t\u1ef1 b\u00f4i tr\u01a1n<\/strong>, h\u1ea1n ch\u1ebf hao m\u00f2n<\/p>\n<\/li>\n<li data-start=\"1742\" data-end=\"1781\">\n<p data-start=\"1744\" data-end=\"1781\"><strong data-start=\"1744\" data-end=\"1763\">T\u1ed1c \u0111\u1ed9 quay cao<\/strong>, h\u00fat \u2013 x\u1ea3 \u1ed5n \u0111\u1ecbnh<\/p>\n<\/li>\n<\/ul>\n<h3 data-start=\"1783\" data-end=\"1807\"><span class=\"ez-toc-section\" id=\"Nguyen_ly_hoat_dong\"><\/span>Nguy\u00ean l\u00fd ho\u1ea1t \u0111\u1ed9ng:<span class=\"ez-toc-section-end\"><\/span><\/h3>\n<p data-start=\"1809\" data-end=\"1961\">B\u01a1m ho\u1ea1t \u0111\u1ed9ng d\u1ef1a tr\u00ean <strong data-start=\"1832\" data-end=\"1876\">nguy\u00ean l\u00fd rotor l\u1ec7ch t\u00e2m v\u1edbi c\u00e1nh carbon<\/strong>, xoay li\u00ean t\u1ee5c t\u1ea1o ra qu\u00e1 tr\u00ecnh h\u00fat v\u00e0 x\u1ea3 kh\u00ed kh\u00e9p k\u00edn, duy tr\u00ec ch\u00e2n kh\u00f4ng hi\u1ec7u qu\u1ea3.<\/p>\n<hr data-start=\"1963\" data-end=\"1966\" \/>\n<h2 data-start=\"1968\" data-end=\"2008\"><span class=\"ez-toc-section\" id=\"%E2%9B%94_Luu_y_khi_su_dung_may_bom_kho_ORION\"><\/span>\u26d4 L\u01b0u \u00fd khi s\u1eed d\u1ee5ng m\u00e1y b\u01a1m kh\u00f4 ORION<span class=\"ez-toc-section-end\"><\/span><\/h2>\n<p data-start=\"2010\" data-end=\"2049\">\u0110\u1ec3 \u0111\u1ea3m b\u1ea3o an to\u00e0n v\u00e0 tu\u1ed5i th\u1ecd cho m\u00e1y:<\/p>\n<ul data-start=\"2051\" data-end=\"2342\">\n<li data-start=\"2051\" data-end=\"2082\">\n<p data-start=\"2053\" data-end=\"2082\"><strong data-start=\"2053\" data-end=\"2082\">Kh\u00f4ng h\u00fat kh\u00ed d\u1ec5 ch\u00e1y, n\u1ed5<\/strong><\/p>\n<\/li>\n<li data-start=\"2083\" data-end=\"2132\">\n<p data-start=\"2085\" data-end=\"2132\"><strong data-start=\"2085\" data-end=\"2132\">Kh\u00f4ng v\u1eadn h\u00e0nh khi \u0111\u01b0\u1eddng \u1ed1ng h\u00fat\/x\u1ea3 b\u1ecb ch\u1eb7n<\/strong><\/p>\n<\/li>\n<li data-start=\"2133\" data-end=\"2191\">\n<p data-start=\"2135\" data-end=\"2191\"><strong data-start=\"2135\" data-end=\"2191\">Ch\u1ec9 s\u1eed d\u1ee5ng kh\u00ed s\u1ea1ch, kh\u00f4 \u2013 tr\u00e1nh n\u01b0\u1edbc, b\u1ee5i, h\u01a1i d\u1ea7u<\/strong><\/p>\n<\/li>\n<li data-start=\"2192\" data-end=\"2272\">\n<p data-start=\"2194\" data-end=\"2272\"><strong data-start=\"2194\" data-end=\"2272\">Kh\u00f4ng l\u1eafp tr\u1ef1c ti\u1ebfp \u1ed1ng th\u00e9p \u2013 n\u00ean d\u00f9ng \u1ed1ng m\u1ec1m v\u00e0 c\u00f3 van x\u1ea3 n\u01b0\u1edbc ng\u01b0ng t\u1ee5<\/strong><\/p>\n<\/li>\n<li data-start=\"2273\" data-end=\"2342\">\n<p data-start=\"2275\" data-end=\"2342\"><strong data-start=\"2275\" data-end=\"2342\">Kh\u00f4ng \u0111\u1ec3 m\u00e1y quay ng\u01b0\u1ee3c \u2013 l\u1eafp van m\u1ed9t chi\u1ec1u t\u1ea1i \u0111\u1ea7u h\u00fat ho\u1eb7c x\u1ea3<\/strong><\/p>\n<\/li>\n<\/ul>\n<hr data-start=\"2344\" data-end=\"2347\" \/>\n<h2 data-start=\"2349\" data-end=\"2391\"><span class=\"ez-toc-section\" id=\"%F0%9F%94%84_Khi_nao_can_thay_bo_canh_than_ORION\"><\/span>\ud83d\udd04 Khi n\u00e0o c\u1ea7n thay b\u1ed9 c\u00e1nh than ORION?<span class=\"ez-toc-section-end\"><\/span><\/h2>\n<p data-start=\"2393\" data-end=\"2497\">C\u00e1nh than l\u00e0 <strong data-start=\"2406\" data-end=\"2426\">b\u1ed9 ph\u1eadn ti\u00eau hao<\/strong>, c\u1ea7n \u0111\u01b0\u1ee3c thay th\u1ebf \u0111\u1ecbnh k\u1ef3 \u0111\u1ec3 duy tr\u00ec hi\u1ec7u su\u1ea5t v\u00e0 tr\u00e1nh h\u01b0 h\u1ecfng n\u1eb7ng.<\/p>\n<ul data-start=\"2499\" data-end=\"2644\">\n<li data-start=\"2499\" data-end=\"2644\">\n<p data-start=\"2501\" data-end=\"2528\"><strong data-start=\"2501\" data-end=\"2526\">Tu\u1ed5i th\u1ecd khuy\u1ebfn ngh\u1ecb:<\/strong><\/p>\n<ul data-start=\"2531\" data-end=\"2644\">\n<li data-start=\"2531\" data-end=\"2586\">\n<p data-start=\"2533\" data-end=\"2586\">12.000 gi\u1edd (v\u1edbi \u00e1p su\u1ea5t ch\u00e2n kh\u00f4ng\/x\u1ea3 th\u00f4ng th\u01b0\u1eddng)<\/p>\n<\/li>\n<li data-start=\"2589\" data-end=\"2644\">\n<p data-start=\"2591\" data-end=\"2644\">9.500 gi\u1edd (v\u1edbi \u00e1p su\u1ea5t ch\u00e2n kh\u00f4ng\/x\u1ea3 t\u1ed1i \u0111a cho ph\u00e9p)<\/p>\n<\/li>\n<\/ul>\n<\/li>\n<\/ul>\n<p data-start=\"2646\" data-end=\"2765\">\u23f0 N\u1ebfu th\u1ea5y <strong data-start=\"2657\" data-end=\"2690\">hi\u1ec7u su\u1ea5t gi\u1ea3m, ti\u1ebfng \u1ed3n t\u0103ng<\/strong>, n\u00ean <strong data-start=\"2696\" data-end=\"2721\">thay th\u1ebf ngay l\u1eadp t\u1ee9c<\/strong> \u0111\u1ec3 tr\u00e1nh h\u1ecfng b\u01a1m do c\u00e1nh than b\u1ecb m\u00f2n, g\u00e3y.<\/p>\n<hr data-start=\"2767\" data-end=\"2770\" \/>\n<h2 data-start=\"2772\" data-end=\"2812\"><span class=\"ez-toc-section\" id=\"%F0%9F%93%9E_Lien_he_mua_hang_%E2%80%93_Tu_van_ky_thuat\"><\/span>\ud83d\udcde Li\u00ean h\u1ec7 mua h\u00e0ng \u2013 T\u01b0 v\u1ea5n k\u1ef9 thu\u1eadt<span class=\"ez-toc-section-end\"><\/span><\/h2>\n<p data-start=\"2814\" data-end=\"2948\">Cung c\u1ea5p ch\u00ednh h\u00e3ng <strong data-start=\"2834\" data-end=\"2868\">b\u1ed9 c\u00e1nh than ORION 04044508010<\/strong> v\u1edbi gi\u00e1 t\u1ed1t \u2013 giao h\u00e0ng to\u00e0n qu\u1ed1c. Cam k\u1ebft ch\u1ea5t l\u01b0\u1ee3ng, t\u01b0 v\u1ea5n k\u1ef9 thu\u1eadt t\u1eadn t\u00e2m.<\/p>\n<ul data-start=\"2950\" data-end=\"3130\">\n<li data-start=\"2950\" data-end=\"2982\">\n<p data-start=\"2952\" data-end=\"2982\">\ud83d\udcde <strong data-start=\"2955\" data-end=\"2967\">Hotline:<\/strong> 0985 459 559<\/p>\n<\/li>\n<li data-start=\"2983\" data-end=\"3048\">\n<p data-start=\"2985\" data-end=\"3048\">\ud83c\udf10 <strong data-start=\"2988\" data-end=\"3000\">Website:<\/strong> <a class=\"\" href=\"http:\/\/www.minhphuco.com\" target=\"_new\" rel=\"noopener\" data-start=\"3001\" data-end=\"3046\">www.minhphuco.com<\/a><\/p>\n<\/li>\n<li data-start=\"3049\" data-end=\"3085\">\n<p data-start=\"3051\" data-end=\"3085\">\ud83d\udce7 <strong data-start=\"3054\" data-end=\"3064\">Email:<\/strong> <a class=\"cursor-pointer\" rel=\"noopener\" data-start=\"3065\" data-end=\"3083\">sales@minhphuco.vn<\/a><\/p>\n<\/li>\n<li data-start=\"3086\" data-end=\"3130\">\n<p data-start=\"3088\" data-end=\"3130\">\ud83d\udcac <strong data-start=\"3091\" data-end=\"3100\">Zalo:<\/strong> 0985 490 343 | 0985 843 778<\/p>\n<\/li>\n<\/ul>\n<hr data-start=\"3132\" data-end=\"3135\" \/>\n<h3 data-start=\"3137\" data-end=\"3172\"><span class=\"ez-toc-section\" id=\"%E2%9C%85_Ly_do_chon_Minh_Phu_Co_Ltd\"><\/span>\u2705 L\u00fd do ch\u1ecdn Minh Ph\u00fa Co., Ltd<span class=\"ez-toc-section-end\"><\/span><\/h3>\n<ul data-start=\"3174\" data-end=\"3346\">\n<li data-start=\"3174\" data-end=\"3222\">\n<p data-start=\"3176\" data-end=\"3222\">\u0110\u1ea1i l\u00fd ph\u00e2n ph\u1ed1i <strong data-start=\"3193\" data-end=\"3222\">ch\u00ednh h\u00e3ng ORION Nh\u1eadt B\u1ea3n<\/strong><\/p>\n<\/li>\n<li data-start=\"3223\" data-end=\"3272\">\n<p data-start=\"3225\" data-end=\"3272\">S\u1eb5n kho ph\u1ee5 t\u00f9ng thay th\u1ebf \u2013 giao nhanh, \u0111\u00fang m\u00e3<\/p>\n<\/li>\n<li data-start=\"3273\" data-end=\"3319\">\n<p data-start=\"3275\" data-end=\"3319\">T\u01b0 v\u1ea5n, b\u1ea3o h\u00e0nh, h\u1ed7 tr\u1ee3 k\u1ef9 thu\u1eadt chuy\u00ean s\u00e2u<\/p>\n<\/li>\n<li data-start=\"3320\" data-end=\"3346\">\n<p data-start=\"3322\" data-end=\"3346\">H\u00f3a \u0111\u01a1n, ch\u1ee9ng t\u1eeb \u0111\u1ea7y \u0111\u1ee7<\/p>\n<\/li>\n<\/ul>\n<hr data-start=\"3348\" data-end=\"3351\" \/>\n<p data-start=\"3353\" data-end=\"3468\"><strong data-start=\"3353\" data-end=\"3381\">B\u1ed9 c\u00e1nh than ORION KHF20<\/strong> \u2013 Gi\u1ea3i ph\u00e1p b\u1ec1n v\u1eefng cho m\u00e1y b\u01a1m ch\u00e2n kh\u00f4ng ho\u1ea1t \u0111\u1ed9ng \u1ed5n \u0111\u1ecbnh, kh\u00f4ng d\u1ea7u, kh\u00f4ng s\u1ef1 c\u1ed1!<\/p>\n<\/div>\n<\/div>\n<\/div>\n","protected":false},"excerpt":{"rendered":"<p>B\u1ed9 c\u00e1nh than ORION Original 04044508010<br \/>\nK\u00edch th\u01b0\u1edbc: 38 mm (chi\u1ec1u r\u1ed9ng\/cao) \u00d7 77 mm (chi\u1ec1u d\u00e0i)\u00d7 5 mm (\u0111\u1ed9 d\u00e0y)<br \/>\nV\u1eadt li\u1ec7u c\u00e1nh than Orion KHF20 : Carbon<br \/>\nD\u00f9ng cho c\u00e1c m\u00e1y b\u01a1m : KHF20<\/p>\n","protected":false},"featured_media":7805,"comment_status":"open","ping_status":"closed","template":"","meta":{"_acf_changed":false},"product_brand":[],"product_cat":[69,707],"product_tag":[2291,2290],"class_list":{"0":"post-8158","1":"product","2":"type-product","3":"status-publish","4":"has-post-thumbnail","6":"product_cat-canh-vane","7":"product_cat-orion-vanes","8":"product_tag-2291","9":"product_tag-khf20","11":"first","12":"instock","13":"shipping-taxable","14":"product-type-simple"},"acf":[],"_links":{"self":[{"href":"https:\/\/mpvane.com\/en\/wp-json\/wp\/v2\/product\/8158","targetHints":{"allow":["GET"]}}],"collection":[{"href":"https:\/\/mpvane.com\/en\/wp-json\/wp\/v2\/product"}],"about":[{"href":"https:\/\/mpvane.com\/en\/wp-json\/wp\/v2\/types\/product"}],"replies":[{"embeddable":true,"href":"https:\/\/mpvane.com\/en\/wp-json\/wp\/v2\/comments?post=8158"}],"version-history":[{"count":1,"href":"https:\/\/mpvane.com\/en\/wp-json\/wp\/v2\/product\/8158\/revisions"}],"predecessor-version":[{"id":8159,"href":"https:\/\/mpvane.com\/en\/wp-json\/wp\/v2\/product\/8158\/revisions\/8159"}],"wp:featuredmedia":[{"embeddable":true,"href":"https:\/\/mpvane.com\/en\/wp-json\/wp\/v2\/media\/7805"}],"wp:attachment":[{"href":"https:\/\/mpvane.com\/en\/wp-json\/wp\/v2\/media?parent=8158"}],"wp:term":[{"taxonomy":"product_brand","embeddable":true,"href":"https:\/\/mpvane.com\/en\/wp-json\/wp\/v2\/product_brand?post=8158"},{"taxonomy":"product_cat","embeddable":true,"href":"https:\/\/mpvane.com\/en\/wp-json\/wp\/v2\/product_cat?post=8158"},{"taxonomy":"product_tag","embeddable":true,"href":"https:\/\/mpvane.com\/en\/wp-json\/wp\/v2\/product_tag?post=8158"}],"curies":[{"name":"wp","href":"https:\/\/api.w.org\/{rel}","templated":true}]}}