{"id":8154,"date":"2025-06-06T22:46:53","date_gmt":"2025-06-06T15:46:53","guid":{"rendered":"https:\/\/mpvane.com\/?post_type=product&#038;p=8154"},"modified":"2025-06-06T22:50:54","modified_gmt":"2025-06-06T15:50:54","slug":"bo-5-canh-than-carbon-orion-0404450601004109403010khf08","status":"publish","type":"product","link":"https:\/\/mpvane.com\/en\/san-pham\/bo-5-canh-than-carbon-orion-0404450601004109403010khf08\/","title":{"rendered":"B\u1ed9 5 c\u00e1nh than carbon ORION 04044506010|04109403010,KHF08"},"content":{"rendered":"<div id=\"ez-toc-container\" class=\"ez-toc-v2_0_75 counter-hierarchy ez-toc-counter ez-toc-grey ez-toc-container-direction\">\n<div class=\"ez-toc-title-container\">\n<p class=\"ez-toc-title\" style=\"cursor:inherit\">Table of Contents<\/p>\n<span class=\"ez-toc-title-toggle\"><a href=\"#\" class=\"ez-toc-pull-right ez-toc-btn ez-toc-btn-xs ez-toc-btn-default ez-toc-toggle\" aria-label=\"Toggle Table of Content\"><span class=\"ez-toc-js-icon-con\"><span class=\"\"><span class=\"eztoc-hide\" style=\"display:none;\">Toggle<\/span><span class=\"ez-toc-icon-toggle-span\"><svg style=\"fill: #999;color:#999\" xmlns=\"http:\/\/www.w3.org\/2000\/svg\" class=\"list-377408\" width=\"20px\" height=\"20px\" viewBox=\"0 0 24 24\" fill=\"none\"><path d=\"M6 6H4v2h2V6zm14 0H8v2h12V6zM4 11h2v2H4v-2zm16 0H8v2h12v-2zM4 16h2v2H4v-2zm16 0H8v2h12v-2z\" fill=\"currentColor\"><\/path><\/svg><svg style=\"fill: #999;color:#999\" class=\"arrow-unsorted-368013\" xmlns=\"http:\/\/www.w3.org\/2000\/svg\" width=\"10px\" height=\"10px\" viewBox=\"0 0 24 24\" version=\"1.2\" baseProfile=\"tiny\"><path d=\"M18.2 9.3l-6.2-6.3-6.2 6.3c-.2.2-.3.4-.3.7s.1.5.3.7c.2.2.4.3.7.3h11c.3 0 .5-.1.7-.3.2-.2.3-.5.3-.7s-.1-.5-.3-.7zM5.8 14.7l6.2 6.3 6.2-6.3c.2-.2.3-.5.3-.7s-.1-.5-.3-.7c-.2-.2-.4-.3-.7-.3h-11c-.3 0-.5.1-.7.3-.2.2-.3.5-.3.7s.1.5.3.7z\"\/><\/svg><\/span><\/span><\/span><\/a><\/span><\/div>\n<nav><ul class='ez-toc-list ez-toc-list-level-1 ' ><li class='ez-toc-page-1 ez-toc-heading-level-1'><a class=\"ez-toc-link ez-toc-heading-1\" href=\"https:\/\/mpvane.com\/en\/san-pham\/bo-5-canh-than-carbon-orion-0404450601004109403010khf08\/#Bo_Canh_Than_Carbon_ORION_04044506010_04109403010_Chinh_Hang_%E2%80%93_Phu_Tung_Cho_Bom_Chan_Khong_Kho_KHF08\" >B\u1ed9 C\u00e1nh Than Carbon ORION 04044506010 | 04109403010 Ch\u00ednh H\u00e3ng \u2013 Ph\u1ee5 T\u00f9ng Cho B\u01a1m Ch\u00e2n Kh\u00f4ng Kh\u00f4 KHF08<\/a><ul class='ez-toc-list-level-2' ><li class='ez-toc-heading-level-2'><a class=\"ez-toc-link ez-toc-heading-2\" href=\"https:\/\/mpvane.com\/en\/san-pham\/bo-5-canh-than-carbon-orion-0404450601004109403010khf08\/#Gioi_Thieu_San_Pham\" >Gi\u1edbi Thi\u1ec7u S\u1ea3n Ph\u1ea9m<\/a><\/li><li class='ez-toc-page-1 ez-toc-heading-level-2'><a class=\"ez-toc-link ez-toc-heading-3\" href=\"https:\/\/mpvane.com\/en\/san-pham\/bo-5-canh-than-carbon-orion-0404450601004109403010khf08\/#Thong_So_Ky_Thuat_Bo_Canh_Than_ORION\" >Th\u00f4ng S\u1ed1 K\u1ef9 Thu\u1eadt B\u1ed9 C\u00e1nh Than ORION<\/a><\/li><li class='ez-toc-page-1 ez-toc-heading-level-2'><a class=\"ez-toc-link ez-toc-heading-4\" href=\"https:\/\/mpvane.com\/en\/san-pham\/bo-5-canh-than-carbon-orion-0404450601004109403010khf08\/#Ung_Dung_Cua_Canh_Gat_ORION_KHF08\" >\u1ee8ng D\u1ee5ng C\u1ee7a C\u00e1nh G\u1ea1t ORION KHF08<\/a><\/li><li class='ez-toc-page-1 ez-toc-heading-level-2'><a class=\"ez-toc-link ez-toc-heading-5\" href=\"https:\/\/mpvane.com\/en\/san-pham\/bo-5-canh-than-carbon-orion-0404450601004109403010khf08\/#Tai_Sao_Nen_Chon_May_Bom_Chan_Khong_Kho_ORION\" >T\u1ea1i Sao N\u00ean Ch\u1ecdn M\u00e1y B\u01a1m Ch\u00e2n Kh\u00f4ng Kh\u00f4 ORION?<\/a><ul class='ez-toc-list-level-3' ><li class='ez-toc-heading-level-3'><a class=\"ez-toc-link ez-toc-heading-6\" href=\"https:\/\/mpvane.com\/en\/san-pham\/bo-5-canh-than-carbon-orion-0404450601004109403010khf08\/#I_Uu_Diem_Noi_Bat\" >I. \u01afu \u0110i\u1ec3m N\u1ed5i B\u1eadt<\/a><\/li><\/ul><\/li><li class='ez-toc-page-1 ez-toc-heading-level-2'><a class=\"ez-toc-link ez-toc-heading-7\" href=\"https:\/\/mpvane.com\/en\/san-pham\/bo-5-canh-than-carbon-orion-0404450601004109403010khf08\/#II_Nguyen_Ly_Hoat_Dong_Cua_May_Bom_Kho_ORION\" >II. Nguy\u00ean L\u00fd Ho\u1ea1t \u0110\u1ed9ng C\u1ee7a M\u00e1y B\u01a1m Kh\u00f4 ORION<\/a><\/li><li class='ez-toc-page-1 ez-toc-heading-level-2'><a class=\"ez-toc-link ez-toc-heading-8\" href=\"https:\/\/mpvane.com\/en\/san-pham\/bo-5-canh-than-carbon-orion-0404450601004109403010khf08\/#III_Luu_Y_Khi_Su_Dung_May_Bom_Chan_Khong_Kho\" >III. L\u01b0u \u00dd Khi S\u1eed D\u1ee5ng M\u00e1y B\u01a1m Ch\u00e2n Kh\u00f4ng Kh\u00f4<\/a><\/li><li class='ez-toc-page-1 ez-toc-heading-level-2'><a class=\"ez-toc-link ez-toc-heading-9\" href=\"https:\/\/mpvane.com\/en\/san-pham\/bo-5-canh-than-carbon-orion-0404450601004109403010khf08\/#IV_Huong_Dan_Lap_Dat_Duong_Ong_Cho_Bom_ORION\" >IV. H\u01b0\u1edbng D\u1eabn L\u1eafp \u0110\u1eb7t \u0110\u01b0\u1eddng \u1ed0ng Cho B\u01a1m ORION<\/a><\/li><li class='ez-toc-page-1 ez-toc-heading-level-2'><a class=\"ez-toc-link ez-toc-heading-10\" href=\"https:\/\/mpvane.com\/en\/san-pham\/bo-5-canh-than-carbon-orion-0404450601004109403010khf08\/#V_Thay_The_Bo_Canh_Gat_ORION_%E2%80%93_Khi_Nao_La_Thich_Hop\" >V. Thay Th\u1ebf B\u1ed9 C\u00e1nh G\u1ea1t ORION \u2013 Khi N\u00e0o L\u00e0 Th\u00edch H\u1ee3p?<\/a><ul class='ez-toc-list-level-3' ><li class='ez-toc-heading-level-3'><a class=\"ez-toc-link ez-toc-heading-11\" href=\"https:\/\/mpvane.com\/en\/san-pham\/bo-5-canh-than-carbon-orion-0404450601004109403010khf08\/#Chu_Ky_Thay_The_De_Xuat\" >Chu K\u1ef3 Thay Th\u1ebf \u0110\u1ec1 Xu\u1ea5t:<\/a><\/li><\/ul><\/li><li class='ez-toc-page-1 ez-toc-heading-level-2'><a class=\"ez-toc-link ez-toc-heading-12\" href=\"https:\/\/mpvane.com\/en\/san-pham\/bo-5-canh-than-carbon-orion-0404450601004109403010khf08\/#VI_Vi_Sao_Nen_Mua_Hang_Tai_Minh_Phu_Co_Ltd\" >VI. V\u00ec Sao N\u00ean Mua H\u00e0ng T\u1ea1i Minh Ph\u00fa Co., Ltd?<\/a><\/li><li class='ez-toc-page-1 ez-toc-heading-level-2'><a class=\"ez-toc-link ez-toc-heading-13\" href=\"https:\/\/mpvane.com\/en\/san-pham\/bo-5-canh-than-carbon-orion-0404450601004109403010khf08\/#Thong_Tin_Lien_He_Dat_Hang\" >Th\u00f4ng Tin Li\u00ean H\u1ec7 \u0110\u1eb7t H\u00e0ng<\/a><ul class='ez-toc-list-level-3' ><li class='ez-toc-heading-level-3'><a class=\"ez-toc-link ez-toc-heading-14\" href=\"https:\/\/mpvane.com\/en\/san-pham\/bo-5-canh-than-carbon-orion-0404450601004109403010khf08\/#Tu_khoa_lien_quan_toi_uu_SEO\" >T\u1eeb kh\u00f3a li\u00ean quan (t\u1ed1i \u01b0u SEO):<\/a><\/li><\/ul><\/li><\/ul><\/li><\/ul><\/nav><\/div>\n<div class=\"dad65929\">\n<div class=\"_4f9bf79 d7dc56a8 _43c05b5\">\n<div class=\"ds-markdown ds-markdown--block\">\n<h1 data-start=\"265\" data-end=\"369\"><span class=\"ez-toc-section\" id=\"Bo_Canh_Than_Carbon_ORION_04044506010_04109403010_Chinh_Hang_%E2%80%93_Phu_Tung_Cho_Bom_Chan_Khong_Kho_KHF08\"><\/span>B\u1ed9 C\u00e1nh Than Carbon ORION 04044506010 | 04109403010 Ch\u00ednh H\u00e3ng \u2013 Ph\u1ee5 T\u00f9ng Cho B\u01a1m Ch\u00e2n Kh\u00f4ng Kh\u00f4 KHF08<span class=\"ez-toc-section-end\"><\/span><\/h1>\n<h2 data-start=\"371\" data-end=\"393\"><span class=\"ez-toc-section\" id=\"Gioi_Thieu_San_Pham\"><\/span>Gi\u1edbi Thi\u1ec7u S\u1ea3n Ph\u1ea9m<span class=\"ez-toc-section-end\"><\/span><\/h2>\n<p data-start=\"395\" data-end=\"777\"><strong data-start=\"395\" data-end=\"452\">B\u1ed9 5 c\u00e1nh than carbon ORION 04044506010 | 04109403010<\/strong> l\u00e0 ph\u1ee5 t\u00f9ng <strong data-start=\"465\" data-end=\"479\">ch\u00ednh h\u00e3ng<\/strong> \u0111\u01b0\u1ee3c thi\u1ebft k\u1ebf d\u00e0nh ri\u00eang cho <strong data-start=\"509\" data-end=\"553\">m\u00e1y b\u01a1m ch\u00e2n kh\u00f4ng kh\u00f4 ORION model KHF08<\/strong> v\u00e0 c\u00e1c bi\u1ebfn th\u1ec3 nh\u01b0 KHF08-VH-01, KHF08-VH-02, KHF08-VH-04 (CE). M\u1ed7i b\u1ed9 g\u1ed3m <strong data-start=\"629\" data-end=\"651\">05 l\u01b0\u1ee1i g\u1ea1t carbon<\/strong> c\u00f3 \u0111\u1ed9 b\u1ec1n cao, kh\u1ea3 n\u0103ng t\u1ef1 b\u00f4i tr\u01a1n v\u00e0 ch\u1ecbu m\u00e0i m\u00f2n t\u1ed1t, gi\u00fap duy tr\u00ec hi\u1ec7u su\u1ea5t h\u00fat \u2013 x\u1ea3 \u1ed5n \u0111\u1ecbnh v\u00e0 k\u00e9o d\u00e0i tu\u1ed5i th\u1ecd m\u00e1y b\u01a1m.<\/p>\n<hr data-start=\"779\" data-end=\"782\" \/>\n<h2 data-start=\"784\" data-end=\"823\"><span class=\"ez-toc-section\" id=\"Thong_So_Ky_Thuat_Bo_Canh_Than_ORION\"><\/span>Th\u00f4ng S\u1ed1 K\u1ef9 Thu\u1eadt B\u1ed9 C\u00e1nh Than ORION<span class=\"ez-toc-section-end\"><\/span><\/h2>\n<ul data-start=\"825\" data-end=\"1119\">\n<li data-start=\"825\" data-end=\"871\">\n<p data-start=\"827\" data-end=\"871\"><strong data-start=\"827\" data-end=\"842\">M\u00e3 ph\u1ee5 t\u00f9ng<\/strong>: 04044506010 | 04109403010<\/p>\n<\/li>\n<li data-start=\"872\" data-end=\"928\">\n<p data-start=\"874\" data-end=\"928\"><strong data-start=\"874\" data-end=\"894\">D\u00f2ng m\u00e1y s\u1eed d\u1ee5ng<\/strong>: B\u01a1m ch\u00e2n kh\u00f4ng kh\u00f4 ORION KHF08<\/p>\n<\/li>\n<li data-start=\"929\" data-end=\"992\">\n<p data-start=\"931\" data-end=\"992\"><strong data-start=\"931\" data-end=\"943\">V\u1eadt li\u1ec7u<\/strong>: Carbon cao c\u1ea5p (T\u1ef1 b\u00f4i tr\u01a1n, \u0111\u1ed9 m\u00e0i m\u00f2n th\u1ea5p)<\/p>\n<\/li>\n<li data-start=\"993\" data-end=\"1092\">\n<p data-start=\"995\" data-end=\"1012\"><strong data-start=\"995\" data-end=\"1009\">K\u00edch th\u01b0\u1edbc<\/strong>:<\/p>\n<ul data-start=\"1015\" data-end=\"1092\">\n<li data-start=\"1015\" data-end=\"1040\">\n<p data-start=\"1017\" data-end=\"1040\"><strong data-start=\"1017\" data-end=\"1031\">Chi\u1ec1u r\u1ed9ng<\/strong>: 34 mm<\/p>\n<\/li>\n<li data-start=\"1043\" data-end=\"1067\">\n<p data-start=\"1045\" data-end=\"1067\"><strong data-start=\"1045\" data-end=\"1058\">Chi\u1ec1u d\u00e0i<\/strong>: 42 mm<\/p>\n<\/li>\n<li data-start=\"1070\" data-end=\"1092\">\n<p data-start=\"1072\" data-end=\"1092\"><strong data-start=\"1072\" data-end=\"1082\">\u0110\u1ed9 d\u00e0y<\/strong>: 3.5 mm<\/p>\n<\/li>\n<\/ul>\n<\/li>\n<li data-start=\"1093\" data-end=\"1119\">\n<p data-start=\"1095\" data-end=\"1119\"><strong data-start=\"1095\" data-end=\"1107\">S\u1ed1 l\u01b0\u1ee3ng<\/strong>: 05 c\u00e1nh\/b\u1ed9<\/p>\n<\/li>\n<\/ul>\n<hr data-start=\"1121\" data-end=\"1124\" \/>\n<h2 data-start=\"1126\" data-end=\"1162\"><span class=\"ez-toc-section\" id=\"Ung_Dung_Cua_Canh_Gat_ORION_KHF08\"><\/span>\u1ee8ng D\u1ee5ng C\u1ee7a C\u00e1nh G\u1ea1t ORION KHF08<span class=\"ez-toc-section-end\"><\/span><\/h2>\n<ul data-start=\"1164\" data-end=\"1416\">\n<li data-start=\"1164\" data-end=\"1235\">\n<p data-start=\"1166\" data-end=\"1235\">D\u00f9ng cho <strong data-start=\"1175\" data-end=\"1207\">m\u00e1y b\u01a1m ch\u00e2n kh\u00f4ng kh\u00f4 ORION<\/strong>, kh\u00f4ng s\u1eed d\u1ee5ng d\u1ea7u b\u00f4i tr\u01a1n<\/p>\n<\/li>\n<li data-start=\"1236\" data-end=\"1416\">\n<p data-start=\"1238\" data-end=\"1264\">\u1ee8ng d\u1ee5ng r\u1ed9ng r\u00e3i trong:<\/p>\n<ul data-start=\"1267\" data-end=\"1416\">\n<li data-start=\"1267\" data-end=\"1293\">\n<p data-start=\"1269\" data-end=\"1293\">D\u00e2y chuy\u1ec1n t\u1ef1 \u0111\u1ed9ng h\u00f3a<\/p>\n<\/li>\n<li data-start=\"1296\" data-end=\"1317\">\n<p data-start=\"1298\" data-end=\"1317\">Thi\u1ebft b\u1ecb \u0111\u00f3ng g\u00f3i<\/p>\n<\/li>\n<li data-start=\"1320\" data-end=\"1354\">\n<p data-start=\"1322\" data-end=\"1354\">Ng\u00e0nh th\u1ef1c ph\u1ea9m, y t\u1ebf, \u0111i\u1ec7n t\u1eed<\/p>\n<\/li>\n<li data-start=\"1357\" data-end=\"1416\">\n<p data-start=\"1359\" data-end=\"1416\">C\u00e1c h\u1ec7 th\u1ed1ng y\u00eau c\u1ea7u m\u00f4i tr\u01b0\u1eddng <strong data-start=\"1391\" data-end=\"1416\">s\u1ea1ch, kh\u00f4ng nhi\u1ec5m d\u1ea7u<\/strong><\/p>\n<\/li>\n<\/ul>\n<\/li>\n<\/ul>\n<hr data-start=\"1418\" data-end=\"1421\" \/>\n<h2 data-start=\"1423\" data-end=\"1472\"><span class=\"ez-toc-section\" id=\"Tai_Sao_Nen_Chon_May_Bom_Chan_Khong_Kho_ORION\"><\/span>T\u1ea1i Sao N\u00ean Ch\u1ecdn M\u00e1y B\u01a1m Ch\u00e2n Kh\u00f4ng Kh\u00f4 ORION?<span class=\"ez-toc-section-end\"><\/span><\/h2>\n<p data-start=\"1474\" data-end=\"1675\">M\u00e1y b\u01a1m kh\u00f4 ORION l\u00e0 th\u01b0\u01a1ng hi\u1ec7u ti\u00ean phong c\u1ee7a Nh\u1eadt B\u1ea3n t\u1eeb n\u0103m 1965 trong d\u00f2ng m\u00e1y <strong data-start=\"1558\" data-end=\"1591\">b\u01a1m ch\u00e2n kh\u00f4ng quay kh\u00f4ng d\u1ea7u<\/strong>. V\u1edbi thi\u1ebft k\u1ebf hi\u1ec7n \u0111\u1ea1i v\u00e0 c\u00f4ng ngh\u1ec7 ti\u00ean ti\u1ebfn, s\u1ea3n ph\u1ea9m c\u00f3 nhi\u1ec1u \u01b0u \u0111i\u1ec3m v\u01b0\u1ee3t tr\u1ed9i:<\/p>\n<h3 data-start=\"1677\" data-end=\"1699\"><span class=\"ez-toc-section\" id=\"I_Uu_Diem_Noi_Bat\"><\/span>I. \u01afu \u0110i\u1ec3m N\u1ed5i B\u1eadt<span class=\"ez-toc-section-end\"><\/span><\/h3>\n<ul data-start=\"1700\" data-end=\"1894\">\n<li data-start=\"1700\" data-end=\"1750\">\n<p data-start=\"1702\" data-end=\"1750\"><strong data-start=\"1702\" data-end=\"1723\">Kh\u00f4ng s\u1eed d\u1ee5ng d\u1ea7u<\/strong> \u2192 Kh\u00f4ng nhi\u1ec5m b\u1ea9n s\u1ea3n ph\u1ea9m<\/p>\n<\/li>\n<li data-start=\"1751\" data-end=\"1788\">\n<p data-start=\"1753\" data-end=\"1788\"><strong data-start=\"1753\" data-end=\"1770\">Ti\u1ebfng \u1ed3n th\u1ea5p<\/strong>, <strong data-start=\"1772\" data-end=\"1788\">tu\u1ed5i th\u1ecd cao<\/strong><\/p>\n<\/li>\n<li data-start=\"1789\" data-end=\"1839\">\n<p data-start=\"1791\" data-end=\"1839\">S\u1eed d\u1ee5ng <strong data-start=\"1799\" data-end=\"1839\">c\u00e1nh g\u1ea1t carbon \u0111\u1eb7c bi\u1ec7t t\u1ef1 b\u00f4i tr\u01a1n<\/strong><\/p>\n<\/li>\n<li data-start=\"1840\" data-end=\"1894\">\n<p data-start=\"1842\" data-end=\"1894\">T\u1ed1c \u0111\u1ed9 quay cao \u2192 h\u00fat &amp; x\u1ea3 \u1ed5n \u0111\u1ecbnh, <strong data-start=\"1878\" data-end=\"1894\">\u0111\u1ed9 rung th\u1ea5p<\/strong><\/p>\n<\/li>\n<\/ul>\n<hr data-start=\"1896\" data-end=\"1899\" \/>\n<h2 data-start=\"1901\" data-end=\"1949\"><span class=\"ez-toc-section\" id=\"II_Nguyen_Ly_Hoat_Dong_Cua_May_Bom_Kho_ORION\"><\/span>II. Nguy\u00ean L\u00fd Ho\u1ea1t \u0110\u1ed9ng C\u1ee7a M\u00e1y B\u01a1m Kh\u00f4 ORION<span class=\"ez-toc-section-end\"><\/span><\/h2>\n<p data-start=\"1951\" data-end=\"2201\">M\u00e1y b\u01a1m ho\u1ea1t \u0111\u1ed9ng b\u1eb1ng c\u01a1 ch\u1ebf quay l\u1ec7ch t\u00e2m c\u1ee7a r\u00f4to, v\u1edbi c\u00e1c <strong data-start=\"2013\" data-end=\"2049\">c\u00e1nh g\u1ea1t carbon tr\u01b0\u1ee3t trong r\u00e3nh<\/strong>. L\u1ef1c ly t\u00e2m gi\u00fap c\u00e1c c\u00e1nh g\u1ea1t ti\u1ebfp x\u00fac v\u1edbi th\u00e0nh xi-lanh, t\u1ea1o bu\u1ed3ng h\u00fat v\u00e0 x\u1ea3 lu\u00e2n phi\u00ean. Nguy\u00ean l\u00fd n\u00e0y \u0111\u1ea3m b\u1ea3o l\u01b0u l\u01b0\u1ee3ng kh\u00ed \u1ed5n \u0111\u1ecbnh v\u00e0 hi\u1ec7u su\u1ea5t cao.<\/p>\n<hr data-start=\"2203\" data-end=\"2206\" \/>\n<h2 data-start=\"2208\" data-end=\"2256\"><span class=\"ez-toc-section\" id=\"III_Luu_Y_Khi_Su_Dung_May_Bom_Chan_Khong_Kho\"><\/span>III. L\u01b0u \u00dd Khi S\u1eed D\u1ee5ng M\u00e1y B\u01a1m Ch\u00e2n Kh\u00f4ng Kh\u00f4<span class=\"ez-toc-section-end\"><\/span><\/h2>\n<ul data-start=\"2258\" data-end=\"2473\">\n<li data-start=\"2258\" data-end=\"2288\">\n<p data-start=\"2260\" data-end=\"2288\"><strong data-start=\"2260\" data-end=\"2288\">Kh\u00f4ng h\u00fat kh\u00ed d\u1ec5 ch\u00e1y\/n\u1ed5<\/strong><\/p>\n<\/li>\n<li data-start=\"2289\" data-end=\"2354\">\n<p data-start=\"2291\" data-end=\"2354\"><strong data-start=\"2291\" data-end=\"2328\">Kh\u00f4ng \u0111\u1ec3 \u0111\u01b0\u1eddng \u1ed1ng h\u00fat\/x\u1ea3 b\u1ecb ch\u1eb7n<\/strong> \u2192 d\u1ec5 g\u00e2y h\u1ecfng, t\u0103ng nhi\u1ec7t<\/p>\n<\/li>\n<li data-start=\"2355\" data-end=\"2400\">\n<p data-start=\"2357\" data-end=\"2400\"><strong data-start=\"2357\" data-end=\"2400\">Kh\u00f4ng s\u1eed d\u1ee5ng v\u01b0\u1ee3t qu\u00e1 \u00e1p su\u1ea5t thi\u1ebft k\u1ebf<\/strong><\/p>\n<\/li>\n<li data-start=\"2401\" data-end=\"2473\">\n<p data-start=\"2403\" data-end=\"2473\"><strong data-start=\"2403\" data-end=\"2433\">Ch\u1ec9 d\u00f9ng v\u1edbi kh\u00ed s\u1ea1ch, kh\u00f4<\/strong>, kh\u00f4ng c\u00f3 h\u01a1i n\u01b0\u1edbc, b\u1ee5i m\u1ecbn, kh\u00ed \u0103n m\u00f2n<\/p>\n<\/li>\n<\/ul>\n<hr data-start=\"2475\" data-end=\"2478\" \/>\n<h2 data-start=\"2480\" data-end=\"2528\"><span class=\"ez-toc-section\" id=\"IV_Huong_Dan_Lap_Dat_Duong_Ong_Cho_Bom_ORION\"><\/span>IV. H\u01b0\u1edbng D\u1eabn L\u1eafp \u0110\u1eb7t \u0110\u01b0\u1eddng \u1ed0ng Cho B\u01a1m ORION<span class=\"ez-toc-section-end\"><\/span><\/h2>\n<ul data-start=\"2530\" data-end=\"2823\">\n<li data-start=\"2530\" data-end=\"2576\">\n<p data-start=\"2532\" data-end=\"2576\">S\u1eed d\u1ee5ng <strong data-start=\"2540\" data-end=\"2576\">\u1ed1ng m\u1ec1m ch\u1ecbu nhi\u1ec7t, ch\u1ecbu \u00e1p su\u1ea5t<\/strong><\/p>\n<\/li>\n<li data-start=\"2577\" data-end=\"2636\">\n<p data-start=\"2579\" data-end=\"2636\"><strong data-start=\"2579\" data-end=\"2611\">Kh\u00f4ng l\u1eafp \u1ed1ng th\u00e9p tr\u1ef1c ti\u1ebfp<\/strong> \u2192 tr\u00e1nh rung, c\u1ed9ng h\u01b0\u1edfng<\/p>\n<\/li>\n<li data-start=\"2637\" data-end=\"2692\">\n<p data-start=\"2639\" data-end=\"2692\">C\u1ea7n c\u00f3 <strong data-start=\"2646\" data-end=\"2660\">b\u1ed9 l\u1ecdc kh\u00ed<\/strong> n\u1ebfu kh\u00f4ng kh\u00ed n\u1ea1p c\u00f3 b\u1ee5i \u226410 \u03bcm<\/p>\n<\/li>\n<li data-start=\"2693\" data-end=\"2739\">\n<p data-start=\"2695\" data-end=\"2739\">L\u1eafp <strong data-start=\"2699\" data-end=\"2720\">van x\u1ea3 n\u01b0\u1edbc ng\u01b0ng<\/strong> trong \u0111\u01b0\u1eddng \u1ed1ng x\u1ea3<\/p>\n<\/li>\n<li data-start=\"2740\" data-end=\"2823\">\n<p data-start=\"2742\" data-end=\"2823\">Lu\u00f4n l\u1eafp <strong data-start=\"2751\" data-end=\"2768\">van m\u1ed9t chi\u1ec1u<\/strong> c\u00e1ch c\u1ed5ng h\u00fat kho\u1ea3ng 50cm \u0111\u1ec3 tr\u00e1nh quay ng\u01b0\u1ee3c c\u00e1nh b\u01a1m<\/p>\n<\/li>\n<\/ul>\n<hr data-start=\"2825\" data-end=\"2828\" \/>\n<h2 data-start=\"2830\" data-end=\"2886\"><span class=\"ez-toc-section\" id=\"V_Thay_The_Bo_Canh_Gat_ORION_%E2%80%93_Khi_Nao_La_Thich_Hop\"><\/span>V. Thay Th\u1ebf B\u1ed9 C\u00e1nh G\u1ea1t ORION \u2013 Khi N\u00e0o L\u00e0 Th\u00edch H\u1ee3p?<span class=\"ez-toc-section-end\"><\/span><\/h2>\n<h3 data-start=\"2888\" data-end=\"2916\"><span class=\"ez-toc-section\" id=\"Chu_Ky_Thay_The_De_Xuat\"><\/span>Chu K\u1ef3 Thay Th\u1ebf \u0110\u1ec1 Xu\u1ea5t:<span class=\"ez-toc-section-end\"><\/span><\/h3>\n<ul data-start=\"2917\" data-end=\"3014\">\n<li data-start=\"2917\" data-end=\"2969\">\n<p data-start=\"2919\" data-end=\"2969\"><strong data-start=\"2919\" data-end=\"2933\">12.000 gi\u1edd<\/strong> (\u00e1p su\u1ea5t ch\u00e2n kh\u00f4ng\/x\u1ea3 b\u00ecnh th\u01b0\u1eddng)<\/p>\n<\/li>\n<li data-start=\"2970\" data-end=\"3014\">\n<p data-start=\"2972\" data-end=\"3014\"><strong data-start=\"2972\" data-end=\"2985\">9.500 gi\u1edd<\/strong> (\u00e1p su\u1ea5t t\u1ed1i \u0111a khuy\u1ebfn ngh\u1ecb)<\/p>\n<\/li>\n<\/ul>\n<blockquote data-start=\"3016\" data-end=\"3134\">\n<p data-start=\"3018\" data-end=\"3134\">N\u1ebfu ph\u00e1t hi\u1ec7n ti\u1ebfng \u1ed3n b\u1ea5t th\u01b0\u1eddng, hi\u1ec7u su\u1ea5t gi\u1ea3m \u2192 <strong data-start=\"3070\" data-end=\"3091\">h\u00e3y thay th\u1ebf ngay<\/strong> \u0111\u1ec3 tr\u00e1nh c\u00e1nh g\u1ea1t b\u1ecb g\u00e3y ho\u1eb7c l\u00e0m k\u1eb9t b\u01a1m.<\/p>\n<\/blockquote>\n<hr data-start=\"3136\" data-end=\"3139\" \/>\n<h2 data-start=\"3141\" data-end=\"3190\"><span class=\"ez-toc-section\" id=\"VI_Vi_Sao_Nen_Mua_Hang_Tai_Minh_Phu_Co_Ltd\"><\/span>VI. V\u00ec Sao N\u00ean Mua H\u00e0ng T\u1ea1i Minh Ph\u00fa Co., Ltd?<span class=\"ez-toc-section-end\"><\/span><\/h2>\n<p data-start=\"3192\" data-end=\"3387\">\u2705 <strong data-start=\"3194\" data-end=\"3234\">S\u1ea3n ph\u1ea9m ch\u00ednh h\u00e3ng ORION \u2013 Nh\u1eadt B\u1ea3n<\/strong><br data-start=\"3234\" data-end=\"3237\" \/>\u2705 <strong data-start=\"3239\" data-end=\"3262\">B\u1ea3o h\u00e0nh ch\u00ednh h\u00e3ng<\/strong> \u2013 \u0110\u1ea3m b\u1ea3o ch\u1ea5t l\u01b0\u1ee3ng<br data-start=\"3283\" data-end=\"3286\" \/>\u2705 <strong data-start=\"3288\" data-end=\"3326\">H\u00e0ng c\u00f3 s\u1eb5n \u2013 Giao nhanh to\u00e0n qu\u1ed1c<\/strong><br data-start=\"3326\" data-end=\"3329\" \/>\u2705 <strong data-start=\"3331\" data-end=\"3387\">H\u1ed7 tr\u1ee3 k\u1ef9 thu\u1eadt t\u1eadn n\u01a1i \u2013 H\u01b0\u1edbng d\u1eabn s\u1eed d\u1ee5ng, l\u1eafp \u0111\u1eb7t<\/strong><\/p>\n<hr data-start=\"3389\" data-end=\"3392\" \/>\n<h2 data-start=\"3394\" data-end=\"3423\"><span class=\"ez-toc-section\" id=\"Thong_Tin_Lien_He_Dat_Hang\"><\/span>Th\u00f4ng Tin Li\u00ean H\u1ec7 \u0110\u1eb7t H\u00e0ng<span class=\"ez-toc-section-end\"><\/span><\/h2>\n<p data-start=\"3425\" data-end=\"3595\">\ud83d\udcde <strong data-start=\"3428\" data-end=\"3439\">Hotline<\/strong>: 0985 459 559<br data-start=\"3453\" data-end=\"3456\" \/>\ud83c\udf10 <strong data-start=\"3459\" data-end=\"3470\">Website<\/strong>: <a class=\"\" href=\"http:\/\/www.minhphuco.com\" target=\"_new\" rel=\"noopener\" data-start=\"3472\" data-end=\"3517\">www.minhphuco.com<\/a><br data-start=\"3517\" data-end=\"3520\" \/>\ud83d\udce7 <strong data-start=\"3523\" data-end=\"3532\">Email<\/strong>: <a class=\"cursor-pointer\" rel=\"noopener\" data-start=\"3534\" data-end=\"3552\">sales@minhphuco.vn<\/a><br data-start=\"3552\" data-end=\"3555\" \/>\ud83d\udcac <strong data-start=\"3558\" data-end=\"3566\">Zalo<\/strong>: 0985 490 343 \u2013 0985 843 778<\/p>\n<hr data-start=\"3597\" data-end=\"3600\" \/>\n<h3 data-start=\"3602\" data-end=\"3637\"><span class=\"ez-toc-section\" id=\"Tu_khoa_lien_quan_toi_uu_SEO\"><\/span>T\u1eeb kh\u00f3a li\u00ean quan (t\u1ed1i \u01b0u SEO):<span class=\"ez-toc-section-end\"><\/span><\/h3>\n<ul data-start=\"3638\" data-end=\"3830\">\n<li data-start=\"3638\" data-end=\"3683\">\n<p data-start=\"3640\" data-end=\"3683\">B\u1ed9 c\u00e1nh than ORION 04044506010 ch\u00ednh h\u00e3ng<\/p>\n<\/li>\n<li data-start=\"3684\" data-end=\"3716\">\n<p data-start=\"3686\" data-end=\"3716\">Ph\u1ee5 t\u00f9ng b\u01a1m kh\u00f4 ORION KHF08<\/p>\n<\/li>\n<li data-start=\"3717\" data-end=\"3761\">\n<p data-start=\"3719\" data-end=\"3761\">L\u01b0\u1ee1i g\u1ea1t carbon m\u00e1y b\u01a1m ch\u00e2n kh\u00f4ng ORION<\/p>\n<\/li>\n<li data-start=\"3762\" data-end=\"3791\">\n<p data-start=\"3764\" data-end=\"3791\">Thay c\u00e1nh b\u01a1m ORION KHF08<\/p>\n<\/li>\n<li data-start=\"3792\" data-end=\"3830\">\n<p data-start=\"3794\" data-end=\"3830\">B\u01a1m ch\u00e2n kh\u00f4ng kh\u00f4 kh\u00f4ng d\u1ea7u ORION<\/p>\n<\/li>\n<\/ul>\n<hr data-start=\"3832\" data-end=\"3835\" \/>\n<blockquote data-start=\"3837\" data-end=\"3929\">\n<p data-start=\"3839\" data-end=\"3929\"><strong data-start=\"3839\" data-end=\"3929\">Minh Ph\u00fa Co., Ltd \u2013 Nh\u00e0 cung c\u1ea5p ph\u1ee5 t\u00f9ng b\u01a1m ch\u00e2n kh\u00f4ng ch\u00ednh h\u00e3ng ORION t\u1ea1i Vi\u1ec7t Nam<\/strong><\/p>\n<\/blockquote>\n<\/div>\n<\/div>\n<\/div>\n","protected":false},"excerpt":{"rendered":"<p>B\u1ed9 c\u00e1nh than ORION Original 04044506010|04109403010<br \/>\nK\u00edch th\u01b0\u1edbc: 34 mm (chi\u1ec1u r\u1ed9ng\/cao) \u00d7 42 mm (chi\u1ec1u d\u00e0i)\u00d7 3.5 mm (\u0111\u1ed9 d\u00e0y)<br \/>\nV\u1eadt li\u1ec7u c\u00e1nh than Orion KHF08 : Carbon<br \/>\nD\u00f9ng cho c\u00e1c m\u00e1y b\u01a1m : KHF08<\/p>\n","protected":false},"featured_media":7805,"comment_status":"open","ping_status":"closed","template":"","meta":{"_acf_changed":false},"product_brand":[],"product_cat":[69,707],"product_tag":[2284,2285,2283],"class_list":{"0":"post-8154","1":"product","2":"type-product","3":"status-publish","4":"has-post-thumbnail","6":"product_cat-canh-vane","7":"product_cat-orion-vanes","8":"product_tag-2284","9":"product_tag-2285","10":"product_tag-khf08","12":"first","13":"instock","14":"shipping-taxable","15":"product-type-simple"},"acf":[],"_links":{"self":[{"href":"https:\/\/mpvane.com\/en\/wp-json\/wp\/v2\/product\/8154","targetHints":{"allow":["GET"]}}],"collection":[{"href":"https:\/\/mpvane.com\/en\/wp-json\/wp\/v2\/product"}],"about":[{"href":"https:\/\/mpvane.com\/en\/wp-json\/wp\/v2\/types\/product"}],"replies":[{"embeddable":true,"href":"https:\/\/mpvane.com\/en\/wp-json\/wp\/v2\/comments?post=8154"}],"version-history":[{"count":1,"href":"https:\/\/mpvane.com\/en\/wp-json\/wp\/v2\/product\/8154\/revisions"}],"predecessor-version":[{"id":8155,"href":"https:\/\/mpvane.com\/en\/wp-json\/wp\/v2\/product\/8154\/revisions\/8155"}],"wp:featuredmedia":[{"embeddable":true,"href":"https:\/\/mpvane.com\/en\/wp-json\/wp\/v2\/media\/7805"}],"wp:attachment":[{"href":"https:\/\/mpvane.com\/en\/wp-json\/wp\/v2\/media?parent=8154"}],"wp:term":[{"taxonomy":"product_brand","embeddable":true,"href":"https:\/\/mpvane.com\/en\/wp-json\/wp\/v2\/product_brand?post=8154"},{"taxonomy":"product_cat","embeddable":true,"href":"https:\/\/mpvane.com\/en\/wp-json\/wp\/v2\/product_cat?post=8154"},{"taxonomy":"product_tag","embeddable":true,"href":"https:\/\/mpvane.com\/en\/wp-json\/wp\/v2\/product_tag?post=8154"}],"curies":[{"name":"wp","href":"https:\/\/api.w.org\/{rel}","templated":true}]}}