{"id":8143,"date":"2025-06-06T22:27:53","date_gmt":"2025-06-06T15:27:53","guid":{"rendered":"https:\/\/mpvane.com\/?post_type=product&#038;p=8143"},"modified":"2025-06-06T22:36:16","modified_gmt":"2025-06-06T15:36:16","slug":"bo-6-canh-than-carbon-orion-04039397010kha200-copy","status":"publish","type":"product","link":"https:\/\/mpvane.com\/en\/san-pham\/bo-6-canh-than-carbon-orion-04039397010kha200-copy\/","title":{"rendered":"B\u1ed9 6 c\u00e1nh than carbon ORION 04039398010,KHA400"},"content":{"rendered":"<div id=\"ez-toc-container\" class=\"ez-toc-v2_0_75 counter-hierarchy ez-toc-counter ez-toc-grey ez-toc-container-direction\">\n<div class=\"ez-toc-title-container\">\n<p class=\"ez-toc-title\" style=\"cursor:inherit\">Table of Contents<\/p>\n<span class=\"ez-toc-title-toggle\"><a href=\"#\" class=\"ez-toc-pull-right ez-toc-btn ez-toc-btn-xs ez-toc-btn-default ez-toc-toggle\" aria-label=\"Toggle Table of Content\"><span class=\"ez-toc-js-icon-con\"><span class=\"\"><span class=\"eztoc-hide\" style=\"display:none;\">Toggle<\/span><span class=\"ez-toc-icon-toggle-span\"><svg style=\"fill: #999;color:#999\" xmlns=\"http:\/\/www.w3.org\/2000\/svg\" class=\"list-377408\" width=\"20px\" height=\"20px\" viewBox=\"0 0 24 24\" fill=\"none\"><path d=\"M6 6H4v2h2V6zm14 0H8v2h12V6zM4 11h2v2H4v-2zm16 0H8v2h12v-2zM4 16h2v2H4v-2zm16 0H8v2h12v-2z\" fill=\"currentColor\"><\/path><\/svg><svg style=\"fill: #999;color:#999\" class=\"arrow-unsorted-368013\" xmlns=\"http:\/\/www.w3.org\/2000\/svg\" width=\"10px\" height=\"10px\" viewBox=\"0 0 24 24\" version=\"1.2\" baseProfile=\"tiny\"><path d=\"M18.2 9.3l-6.2-6.3-6.2 6.3c-.2.2-.3.4-.3.7s.1.5.3.7c.2.2.4.3.7.3h11c.3 0 .5-.1.7-.3.2-.2.3-.5.3-.7s-.1-.5-.3-.7zM5.8 14.7l6.2 6.3 6.2-6.3c.2-.2.3-.5.3-.7s-.1-.5-.3-.7c-.2-.2-.4-.3-.7-.3h-11c-.3 0-.5.1-.7.3-.2.2-.3.5-.3.7s.1.5.3.7z\"\/><\/svg><\/span><\/span><\/span><\/a><\/span><\/div>\n<nav><ul class='ez-toc-list ez-toc-list-level-1 ' ><li class='ez-toc-page-1 ez-toc-heading-level-1'><a class=\"ez-toc-link ez-toc-heading-1\" href=\"https:\/\/mpvane.com\/en\/san-pham\/bo-6-canh-than-carbon-orion-04039397010kha200-copy\/#Bo_Canh_Than_Carbon_ORION_04039398010_KHA400_Chinh_Hang_%E2%80%93_Minh_Phuc_Co\" >B\u1ed9 C\u00e1nh Than Carbon ORION 04039398010 (KHA400) Ch\u00ednh H\u00e3ng \u2013 Minh Ph\u00fac Co<\/a><ul class='ez-toc-list-level-2' ><li class='ez-toc-heading-level-2'><a class=\"ez-toc-link ez-toc-heading-2\" href=\"https:\/\/mpvane.com\/en\/san-pham\/bo-6-canh-than-carbon-orion-04039397010kha200-copy\/#Gioi_Thieu_Bo_6_Canh_Than_ORION_04039398010_%E2%80%93_Phu_Kien_Chinh_Hang_Cho_May_Bom_Chan_Khong_KHA400\" >Gi\u1edbi Thi\u1ec7u B\u1ed9 6 C\u00e1nh Than ORION 04039398010 \u2013 Ph\u1ee5 Ki\u1ec7n Ch\u00ednh H\u00e3ng Cho M\u00e1y B\u01a1m Ch\u00e2n Kh\u00f4ng KHA400<\/a><ul class='ez-toc-list-level-3' ><li class='ez-toc-heading-level-3'><a class=\"ez-toc-link ez-toc-heading-3\" href=\"https:\/\/mpvane.com\/en\/san-pham\/bo-6-canh-than-carbon-orion-04039397010kha200-copy\/#Thong_So_Ky_Thuat_Bo_Canh_Gat_ORION_04039398010\" >Th\u00f4ng S\u1ed1 K\u1ef9 Thu\u1eadt B\u1ed9 C\u00e1nh G\u1ea1t ORION 04039398010<\/a><\/li><li class='ez-toc-page-1 ez-toc-heading-level-3'><a class=\"ez-toc-link ez-toc-heading-4\" href=\"https:\/\/mpvane.com\/en\/san-pham\/bo-6-canh-than-carbon-orion-04039397010kha200-copy\/#Tuong_Thich_Voi_May_Bom_Chan_Khong_Kho_ORION\" >T\u01b0\u01a1ng Th\u00edch V\u1edbi M\u00e1y B\u01a1m Ch\u00e2n Kh\u00f4ng Kh\u00f4 ORION<\/a><\/li><\/ul><\/li><li class='ez-toc-page-1 ez-toc-heading-level-2'><a class=\"ez-toc-link ez-toc-heading-5\" href=\"https:\/\/mpvane.com\/en\/san-pham\/bo-6-canh-than-carbon-orion-04039397010kha200-copy\/#Ly_Do_Nen_Chon_Bo_Canh_Than_ORION_Chinh_Hang\" >L\u00fd Do N\u00ean Ch\u1ecdn B\u1ed9 C\u00e1nh Than ORION Ch\u00ednh H\u00e3ng<\/a><\/li><li class='ez-toc-page-1 ez-toc-heading-level-2'><a class=\"ez-toc-link ez-toc-heading-6\" href=\"https:\/\/mpvane.com\/en\/san-pham\/bo-6-canh-than-carbon-orion-04039397010kha200-copy\/#Tong_Quan_Ve_May_Bom_Chan_Khong_Kho_ORION_KHA400\" >T\u1ed5ng Quan V\u1ec1 M\u00e1y B\u01a1m Ch\u00e2n Kh\u00f4ng Kh\u00f4 ORION KHA400<\/a><ul class='ez-toc-list-level-3' ><li class='ez-toc-heading-level-3'><a class=\"ez-toc-link ez-toc-heading-7\" href=\"https:\/\/mpvane.com\/en\/san-pham\/bo-6-canh-than-carbon-orion-04039397010kha200-copy\/#Dac_Diem_Noi_Bat\" >\u0110\u1eb7c \u0110i\u1ec3m N\u1ed5i B\u1eadt:<\/a><\/li><li class='ez-toc-page-1 ez-toc-heading-level-3'><a class=\"ez-toc-link ez-toc-heading-8\" href=\"https:\/\/mpvane.com\/en\/san-pham\/bo-6-canh-than-carbon-orion-04039397010kha200-copy\/#Nguyen_Ly_Hoat_Dong\" >Nguy\u00ean L\u00fd Ho\u1ea1t \u0110\u1ed9ng:<\/a><\/li><\/ul><\/li><li class='ez-toc-page-1 ez-toc-heading-level-2'><a class=\"ez-toc-link ez-toc-heading-9\" href=\"https:\/\/mpvane.com\/en\/san-pham\/bo-6-canh-than-carbon-orion-04039397010kha200-copy\/#Huong_Dan_Bao_Duong_Thay_The_Canh_Gat\" >H\u01b0\u1edbng D\u1eabn B\u1ea3o D\u01b0\u1ee1ng &amp; Thay Th\u1ebf C\u00e1nh G\u1ea1t<\/a><ul class='ez-toc-list-level-3' ><li class='ez-toc-heading-level-3'><a class=\"ez-toc-link ez-toc-heading-10\" href=\"https:\/\/mpvane.com\/en\/san-pham\/bo-6-canh-than-carbon-orion-04039397010kha200-copy\/#Chu_Ky_Thay_The_De_Xuat\" >Chu K\u1ef3 Thay Th\u1ebf \u0110\u1ec1 Xu\u1ea5t:<\/a><\/li><li class='ez-toc-page-1 ez-toc-heading-level-3'><a class=\"ez-toc-link ez-toc-heading-11\" href=\"https:\/\/mpvane.com\/en\/san-pham\/bo-6-canh-than-carbon-orion-04039397010kha200-copy\/#Luu_Y_Khi_Van_Hanh_May_Bom_ORION\" >L\u01b0u \u00dd Khi V\u1eadn H\u00e0nh M\u00e1y B\u01a1m ORION:<\/a><\/li><\/ul><\/li><li class='ez-toc-page-1 ez-toc-heading-level-2'><a class=\"ez-toc-link ez-toc-heading-12\" href=\"https:\/\/mpvane.com\/en\/san-pham\/bo-6-canh-than-carbon-orion-04039397010kha200-copy\/#Lien_He_Dat_Hang_Bo_Canh_Than_ORION_Chinh_Hang\" >Li\u00ean H\u1ec7 \u0110\u1eb7t H\u00e0ng B\u1ed9 C\u00e1nh Than ORION Ch\u00ednh H\u00e3ng<\/a><ul class='ez-toc-list-level-3' ><li class='ez-toc-heading-level-3'><a class=\"ez-toc-link ez-toc-heading-13\" href=\"https:\/\/mpvane.com\/en\/san-pham\/bo-6-canh-than-carbon-orion-04039397010kha200-copy\/#Tu_khoa_SEO_de_xuat_goi_y\" >T\u1eeb kh\u00f3a SEO \u0111\u1ec1 xu\u1ea5t (g\u1ee3i \u00fd):<\/a><\/li><\/ul><\/li><\/ul><\/li><\/ul><\/nav><\/div>\n<div class=\"dad65929\">\n<div class=\"_4f9bf79 d7dc56a8 _43c05b5\">\n<div class=\"ds-markdown ds-markdown--block\">\n<h1 data-start=\"179\" data-end=\"257\"><span class=\"ez-toc-section\" id=\"Bo_Canh_Than_Carbon_ORION_04039398010_KHA400_Chinh_Hang_%E2%80%93_Minh_Phuc_Co\"><\/span><strong data-start=\"181\" data-end=\"257\">B\u1ed9 C\u00e1nh Than Carbon ORION 04039398010 (KHA400) Ch\u00ednh H\u00e3ng \u2013 Minh Ph\u00fac Co<\/strong><span class=\"ez-toc-section-end\"><\/span><\/h1>\n<h2 data-start=\"259\" data-end=\"361\"><span class=\"ez-toc-section\" id=\"Gioi_Thieu_Bo_6_Canh_Than_ORION_04039398010_%E2%80%93_Phu_Kien_Chinh_Hang_Cho_May_Bom_Chan_Khong_KHA400\"><\/span><strong data-start=\"262\" data-end=\"361\">Gi\u1edbi Thi\u1ec7u B\u1ed9 6 C\u00e1nh Than ORION 04039398010 \u2013 Ph\u1ee5 Ki\u1ec7n Ch\u00ednh H\u00e3ng Cho M\u00e1y B\u01a1m Ch\u00e2n Kh\u00f4ng KHA400<\/strong><span class=\"ez-toc-section-end\"><\/span><\/h2>\n<p data-start=\"363\" data-end=\"630\"><strong data-start=\"363\" data-end=\"406\">B\u1ed9 c\u00e1nh than ORION Original 04039398010<\/strong> l\u00e0 ph\u1ee5 ki\u1ec7n quan tr\u1ecdng d\u00f9ng cho <strong data-start=\"439\" data-end=\"478\">m\u00e1y b\u01a1m ch\u00e2n kh\u00f4ng kh\u00f4 ORION KHA400<\/strong>. S\u1ea3n ph\u1ea9m \u0111\u01b0\u1ee3c thi\u1ebft k\u1ebf v\u00e0 s\u1ea3n xu\u1ea5t v\u1edbi v\u1eadt li\u1ec7u carbon ch\u1ea5t l\u01b0\u1ee3ng cao, \u0111\u1ea3m b\u1ea3o <strong data-start=\"559\" data-end=\"597\">hi\u1ec7u su\u1ea5t ho\u1ea1t \u0111\u1ed9ng \u1ed5n \u0111\u1ecbnh, \u00eam \u00e1i<\/strong> v\u00e0 <strong data-start=\"601\" data-end=\"617\">tu\u1ed5i th\u1ecd cao<\/strong> cho m\u00e1y b\u01a1m.<\/p>\n<h3 data-start=\"632\" data-end=\"687\"><span class=\"ez-toc-section\" id=\"Thong_So_Ky_Thuat_Bo_Canh_Gat_ORION_04039398010\"><\/span><strong data-start=\"636\" data-end=\"687\">Th\u00f4ng S\u1ed1 K\u1ef9 Thu\u1eadt B\u1ed9 C\u00e1nh G\u1ea1t ORION 04039398010<\/strong><span class=\"ez-toc-section-end\"><\/span><\/h3>\n<ul data-start=\"688\" data-end=\"928\">\n<li data-start=\"688\" data-end=\"749\">\n<p data-start=\"690\" data-end=\"749\"><strong data-start=\"690\" data-end=\"701\">T\u00ean g\u1ecdi<\/strong>: B\u1ed9 c\u00e1nh than carbon ORION 04039398010 (KHA400)<\/p>\n<\/li>\n<li data-start=\"750\" data-end=\"776\">\n<p data-start=\"752\" data-end=\"776\"><strong data-start=\"752\" data-end=\"764\">S\u1ed1 l\u01b0\u1ee3ng<\/strong>: 06 c\u00e1nh\/b\u1ed9<\/p>\n<\/li>\n<li data-start=\"777\" data-end=\"840\">\n<p data-start=\"779\" data-end=\"840\"><strong data-start=\"779\" data-end=\"798\">K\u00edch th\u01b0\u1edbc c\u00e1nh<\/strong>: 77 mm (cao) \u00d7 32.5 mm (d\u00e0i) \u00d7 4 mm (d\u00e0y)<\/p>\n<\/li>\n<li data-start=\"841\" data-end=\"885\">\n<p data-start=\"843\" data-end=\"885\"><strong data-start=\"843\" data-end=\"855\">V\u1eadt li\u1ec7u<\/strong>: Carbon cao c\u1ea5p \u2013 t\u1ef1 b\u00f4i tr\u01a1n<\/p>\n<\/li>\n<li data-start=\"886\" data-end=\"928\">\n<p data-start=\"888\" data-end=\"928\"><strong data-start=\"888\" data-end=\"899\">Xu\u1ea5t x\u1ee9<\/strong>: Ch\u00ednh h\u00e3ng ORION \u2013 Nh\u1eadt B\u1ea3n<\/p>\n<\/li>\n<\/ul>\n<h3 data-start=\"930\" data-end=\"982\"><span class=\"ez-toc-section\" id=\"Tuong_Thich_Voi_May_Bom_Chan_Khong_Kho_ORION\"><\/span><strong data-start=\"934\" data-end=\"982\">T\u01b0\u01a1ng Th\u00edch V\u1edbi M\u00e1y B\u01a1m Ch\u00e2n Kh\u00f4ng Kh\u00f4 ORION<\/strong><span class=\"ez-toc-section-end\"><\/span><\/h3>\n<ul data-start=\"983\" data-end=\"1105\">\n<li data-start=\"983\" data-end=\"1036\">\n<p data-start=\"985\" data-end=\"1036\"><strong data-start=\"985\" data-end=\"1002\">Model s\u1eed d\u1ee5ng<\/strong>: ORION dry vacuum pump <strong data-start=\"1026\" data-end=\"1036\">KHA400<\/strong><\/p>\n<\/li>\n<li data-start=\"1037\" data-end=\"1105\">\n<p data-start=\"1039\" data-end=\"1105\">Bao g\u1ed3m c\u00e1c bi\u1ebfn th\u1ec3: <strong data-start=\"1061\" data-end=\"1079\">KHA400-301A-G1<\/strong>, v\u00e0 c\u00e1c model t\u01b0\u01a1ng \u0111\u01b0\u01a1ng<\/p>\n<\/li>\n<\/ul>\n<hr data-start=\"1107\" data-end=\"1110\" \/>\n<h2 data-start=\"1112\" data-end=\"1163\"><span class=\"ez-toc-section\" id=\"Ly_Do_Nen_Chon_Bo_Canh_Than_ORION_Chinh_Hang\"><\/span><strong data-start=\"1115\" data-end=\"1163\">L\u00fd Do N\u00ean Ch\u1ecdn B\u1ed9 C\u00e1nh Than ORION Ch\u00ednh H\u00e3ng<\/strong><span class=\"ez-toc-section-end\"><\/span><\/h2>\n<ul data-start=\"1164\" data-end=\"1410\">\n<li data-start=\"1164\" data-end=\"1218\">\n<p data-start=\"1166\" data-end=\"1218\"><strong data-start=\"1166\" data-end=\"1181\">T\u1ef1 b\u00f4i tr\u01a1n<\/strong>, gi\u1ea3m ma s\u00e1t, t\u0103ng tu\u1ed5i th\u1ecd m\u00e1y b\u01a1m.<\/p>\n<\/li>\n<li data-start=\"1219\" data-end=\"1266\">\n<p data-start=\"1221\" data-end=\"1266\">V\u1eadn h\u00e0nh <strong data-start=\"1230\" data-end=\"1239\">\u00eam \u00e1i<\/strong>, gi\u1ea3m ti\u1ebfng \u1ed3n v\u00e0 \u0111\u1ed9 rung.<\/p>\n<\/li>\n<li data-start=\"1267\" data-end=\"1338\">\n<p data-start=\"1269\" data-end=\"1338\">Ch\u1ed1ng m\u00e0i m\u00f2n, ch\u1ecbu nhi\u1ec7t t\u1ed1t trong m\u00f4i tr\u01b0\u1eddng ho\u1ea1t \u0111\u1ed9ng kh\u1eafc nghi\u1ec7t.<\/p>\n<\/li>\n<li data-start=\"1339\" data-end=\"1410\">\n<p data-start=\"1341\" data-end=\"1410\">\u0110\u1ea3m b\u1ea3o <strong data-start=\"1349\" data-end=\"1380\">t\u1ed1i \u01b0u hi\u1ec7u su\u1ea5t h\u00fat\/x\u1ea3 kh\u00ed<\/strong> trong m\u00e1y b\u01a1m ch\u00e2n kh\u00f4ng kh\u00f4.<\/p>\n<\/li>\n<\/ul>\n<hr data-start=\"1412\" data-end=\"1415\" \/>\n<h2 data-start=\"1417\" data-end=\"1472\"><span class=\"ez-toc-section\" id=\"Tong_Quan_Ve_May_Bom_Chan_Khong_Kho_ORION_KHA400\"><\/span><strong data-start=\"1420\" data-end=\"1472\">T\u1ed5ng Quan V\u1ec1 M\u00e1y B\u01a1m Ch\u00e2n Kh\u00f4ng Kh\u00f4 ORION KHA400<\/strong><span class=\"ez-toc-section-end\"><\/span><\/h2>\n<h3 data-start=\"1474\" data-end=\"1499\"><span class=\"ez-toc-section\" id=\"Dac_Diem_Noi_Bat\"><\/span><strong data-start=\"1478\" data-end=\"1499\">\u0110\u1eb7c \u0110i\u1ec3m N\u1ed5i B\u1eadt:<\/strong><span class=\"ez-toc-section-end\"><\/span><\/h3>\n<ul data-start=\"1500\" data-end=\"1795\">\n<li data-start=\"1500\" data-end=\"1562\">\n<p data-start=\"1502\" data-end=\"1562\"><strong data-start=\"1502\" data-end=\"1523\">Kh\u00f4ng s\u1eed d\u1ee5ng d\u1ea7u<\/strong>, s\u1ea1ch s\u1ebd v\u00e0 th\u00e2n thi\u1ec7n v\u1edbi m\u00f4i tr\u01b0\u1eddng.<\/p>\n<\/li>\n<li data-start=\"1563\" data-end=\"1624\">\n<p data-start=\"1565\" data-end=\"1624\">Ph\u00f9 h\u1ee3p nhi\u1ec1u ng\u00e0nh: th\u1ef1c ph\u1ea9m, y t\u1ebf, \u0111i\u1ec7n t\u1eed, h\u00f3a ch\u1ea5t,&#8230;<\/p>\n<\/li>\n<li data-start=\"1625\" data-end=\"1675\">\n<p data-start=\"1627\" data-end=\"1675\">Trang b\u1ecb \u0111\u1ed3ng h\u1ed3 \u0111o v\u00e0 b\u1ed9 \u0111i\u1ec1u khi\u1ec3n ti\u00eau chu\u1ea9n.<\/p>\n<\/li>\n<li data-start=\"1676\" data-end=\"1740\">\n<p data-start=\"1678\" data-end=\"1740\">\u0110\u1ed9 b\u1ec1n v\u01b0\u1ee3t tr\u1ed9i nh\u1edd <strong data-start=\"1699\" data-end=\"1739\">l\u01b0\u1ee1i dao carbon \u0111\u1eb7c bi\u1ec7t t\u1ef1 b\u00f4i tr\u01a1n<\/strong>.<\/p>\n<\/li>\n<li data-start=\"1741\" data-end=\"1795\">\n<p data-start=\"1743\" data-end=\"1795\">T\u1ed1c \u0111\u1ed9 quay cao, h\u00fat v\u00e0 x\u1ea3 kh\u00ed \u1ed5n \u0111\u1ecbnh, \u00edt rung l\u1eafc.<\/p>\n<\/li>\n<\/ul>\n<h3 data-start=\"1797\" data-end=\"1825\"><span class=\"ez-toc-section\" id=\"Nguyen_Ly_Hoat_Dong\"><\/span><strong data-start=\"1801\" data-end=\"1825\">Nguy\u00ean L\u00fd Ho\u1ea1t \u0110\u1ed9ng:<\/strong><span class=\"ez-toc-section-end\"><\/span><\/h3>\n<p data-start=\"1826\" data-end=\"1969\">M\u00e1y b\u01a1m s\u1eed d\u1ee5ng r\u00f4to l\u1ec7ch t\u00e2m v\u00e0 c\u00e1c c\u00e1nh g\u1ea1t tr\u01b0\u1ee3t \u0111\u1ec3 thay \u0111\u1ed5i th\u1ec3 t\u00edch h\u00fat\/x\u1ea3, t\u1ea1o n\u00ean ch\u00e2n kh\u00f4ng ho\u1eb7c kh\u00ed n\u00e9n m\u1ed9t c\u00e1ch li\u00ean t\u1ee5c v\u00e0 hi\u1ec7u qu\u1ea3.<\/p>\n<hr data-start=\"1971\" data-end=\"1974\" \/>\n<h2 data-start=\"1976\" data-end=\"2022\"><span class=\"ez-toc-section\" id=\"Huong_Dan_Bao_Duong_Thay_The_Canh_Gat\"><\/span><strong data-start=\"1979\" data-end=\"2022\">H\u01b0\u1edbng D\u1eabn B\u1ea3o D\u01b0\u1ee1ng &amp; Thay Th\u1ebf C\u00e1nh G\u1ea1t<\/strong><span class=\"ez-toc-section-end\"><\/span><\/h2>\n<h3 data-start=\"2024\" data-end=\"2056\"><span class=\"ez-toc-section\" id=\"Chu_Ky_Thay_The_De_Xuat\"><\/span><strong data-start=\"2028\" data-end=\"2056\">Chu K\u1ef3 Thay Th\u1ebf \u0110\u1ec1 Xu\u1ea5t:<\/strong><span class=\"ez-toc-section-end\"><\/span><\/h3>\n<ul data-start=\"2057\" data-end=\"2170\">\n<li data-start=\"2057\" data-end=\"2118\">\n<p data-start=\"2059\" data-end=\"2118\"><strong data-start=\"2059\" data-end=\"2075\">Th\u00f4ng th\u01b0\u1eddng<\/strong>: 12.000 gi\u1edd v\u1eadn h\u00e0nh (\u00e1p su\u1ea5t khuy\u1ebfn ngh\u1ecb)<\/p>\n<\/li>\n<li data-start=\"2119\" data-end=\"2170\">\n<p data-start=\"2121\" data-end=\"2170\"><strong data-start=\"2121\" data-end=\"2131\">T\u1ed1i \u0111a<\/strong>: 9.500 gi\u1edd (\u00e1p su\u1ea5t\/\u0111\u1ed9 ch\u00e2n kh\u00f4ng cao)<\/p>\n<\/li>\n<\/ul>\n<p data-start=\"2172\" data-end=\"2305\">\ud83d\udc49 N\u1ebfu th\u1ea5y hi\u1ec7u su\u1ea5t gi\u1ea3m ho\u1eb7c m\u00e1y ph\u00e1t ti\u1ebfng \u1ed3n b\u1ea5t th\u01b0\u1eddng, n\u00ean <strong data-start=\"2238\" data-end=\"2260\">thay c\u00e1nh g\u1ea1t ngay<\/strong> \u0111\u1ec3 tr\u00e1nh k\u1eb9t m\u00e1y ho\u1eb7c h\u1ecfng h\u00f3c nghi\u00eam tr\u1ecdng.<\/p>\n<h3 data-start=\"2307\" data-end=\"2348\"><span class=\"ez-toc-section\" id=\"Luu_Y_Khi_Van_Hanh_May_Bom_ORION\"><\/span><strong data-start=\"2311\" data-end=\"2348\">L\u01b0u \u00dd Khi V\u1eadn H\u00e0nh M\u00e1y B\u01a1m ORION:<\/strong><span class=\"ez-toc-section-end\"><\/span><\/h3>\n<ul data-start=\"2349\" data-end=\"2636\">\n<li data-start=\"2349\" data-end=\"2420\">\n<p data-start=\"2351\" data-end=\"2420\">Kh\u00f4ng s\u1eed d\u1ee5ng trong m\u00f4i tr\u01b0\u1eddng c\u00f3 kh\u00ed d\u1ec5 ch\u00e1y, h\u01a1i n\u01b0\u1edbc, ng\u01b0ng t\u1ee5,&#8230;<\/p>\n<\/li>\n<li data-start=\"2421\" data-end=\"2480\">\n<p data-start=\"2423\" data-end=\"2480\">\u0110\u01b0\u1eddng \u1ed1ng h\u00fat\/x\u1ea3 c\u1ea7n k\u1ebft n\u1ed1i b\u1eb1ng <strong data-start=\"2457\" data-end=\"2479\">\u1ed1ng m\u1ec1m ch\u1ecbu nhi\u1ec7t<\/strong>.<\/p>\n<\/li>\n<li data-start=\"2481\" data-end=\"2561\">\n<p data-start=\"2483\" data-end=\"2561\">S\u1eed d\u1ee5ng <strong data-start=\"2491\" data-end=\"2532\">van m\u1ed9t chi\u1ec1u v\u00e0 van x\u1ea3 n\u01b0\u1edbc ng\u01b0ng t\u1ee5<\/strong> \u0111\u00fang c\u00e1ch \u0111\u1ec3 b\u1ea3o v\u1ec7 m\u00e1y b\u01a1m.<\/p>\n<\/li>\n<li data-start=\"2562\" data-end=\"2636\">\n<p data-start=\"2564\" data-end=\"2636\">Kh\u00f4ng s\u1eed d\u1ee5ng v\u01b0\u1ee3t \u00e1p su\u1ea5t quy \u0111\u1ecbnh \u2013 tr\u00e1nh ch\u00e1y m\u00e1y v\u00e0 nguy c\u01a1 tai n\u1ea1n.<\/p>\n<\/li>\n<\/ul>\n<hr data-start=\"2638\" data-end=\"2641\" \/>\n<h2 data-start=\"2643\" data-end=\"2696\"><span class=\"ez-toc-section\" id=\"Lien_He_Dat_Hang_Bo_Canh_Than_ORION_Chinh_Hang\"><\/span><strong data-start=\"2646\" data-end=\"2696\">Li\u00ean H\u1ec7 \u0110\u1eb7t H\u00e0ng B\u1ed9 C\u00e1nh Than ORION Ch\u00ednh H\u00e3ng<\/strong><span class=\"ez-toc-section-end\"><\/span><\/h2>\n<p data-start=\"2698\" data-end=\"2756\">\ud83d\udd25 <strong data-start=\"2701\" data-end=\"2756\">Cung c\u1ea5p ch\u00ednh h\u00e3ng \u2013 Gi\u00e1 t\u1ed1t \u2013 Giao h\u00e0ng to\u00e0n qu\u1ed1c<\/strong><\/p>\n<p data-start=\"2758\" data-end=\"2945\">\ud83d\udcde Hotline: <strong data-start=\"2770\" data-end=\"2786\">0985 459 559<\/strong><br data-start=\"2786\" data-end=\"2789\" \/>\ud83c\udf10 Website: <a class=\"\" href=\"https:\/\/www.minhphuco.com\" target=\"_new\" rel=\"noopener\" data-start=\"2801\" data-end=\"2847\">www.minhphuco.com<\/a><br data-start=\"2847\" data-end=\"2850\" \/>\ud83d\udce7 Email: <strong data-start=\"2860\" data-end=\"2882\"><a class=\"cursor-pointer\" rel=\"noopener\" data-start=\"2862\" data-end=\"2880\">sales@minhphuco.vn<\/a><\/strong><br data-start=\"2882\" data-end=\"2885\" \/>\ud83d\udcac Zalo h\u1ed7 tr\u1ee3 k\u1ef9 thu\u1eadt: <strong data-start=\"2910\" data-end=\"2926\">0985 490 343<\/strong> | <strong data-start=\"2929\" data-end=\"2945\">0985 843 778<\/strong><\/p>\n<hr data-start=\"2947\" data-end=\"2950\" \/>\n<h3 data-start=\"2952\" data-end=\"2988\"><span class=\"ez-toc-section\" id=\"Tu_khoa_SEO_de_xuat_goi_y\"><\/span><strong data-start=\"2956\" data-end=\"2987\">T\u1eeb kh\u00f3a SEO \u0111\u1ec1 xu\u1ea5t (g\u1ee3i \u00fd)<\/strong>:<span class=\"ez-toc-section-end\"><\/span><\/h3>\n<ul data-start=\"2989\" data-end=\"3159\">\n<li data-start=\"2989\" data-end=\"3017\">\n<p data-start=\"2991\" data-end=\"3017\">C\u00e1nh g\u1ea1t ORION 04039398010<\/p>\n<\/li>\n<li data-start=\"3018\" data-end=\"3046\">\n<p data-start=\"3020\" data-end=\"3046\">B\u1ed9 c\u00e1nh than carbon KHA400<\/p>\n<\/li>\n<li data-start=\"3047\" data-end=\"3089\">\n<p data-start=\"3049\" data-end=\"3089\">Ph\u1ee5 ki\u1ec7n m\u00e1y b\u01a1m ch\u00e2n kh\u00f4ng Orion KHA400<\/p>\n<\/li>\n<li data-start=\"3090\" data-end=\"3117\">\n<p data-start=\"3092\" data-end=\"3117\">C\u00e1nh b\u01a1m ORION ch\u00ednh h\u00e3ng<\/p>\n<\/li>\n<li data-start=\"3118\" data-end=\"3159\">\n<p data-start=\"3120\" data-end=\"3159\">Mua c\u00e1nh than Orion 04039398010 gi\u00e1 t\u1ed1t<\/p>\n<\/li>\n<\/ul>\n<hr data-start=\"3161\" data-end=\"3164\" \/>\n<p data-start=\"3166\" data-end=\"3366\">\ud83d\udc49 <strong data-start=\"3169\" data-end=\"3254\">Minh Ph\u00fa\u2013 Nh\u00e0 cung c\u1ea5p ph\u1ee5 ki\u1ec7n m\u00e1y b\u01a1m ch\u00e2n kh\u00f4ng ORION uy t\u00edn t\u1ea1i Vi\u1ec7t Nam<\/strong>. Ch\u00fang t\u00f4i cam k\u1ebft <strong data-start=\"3274\" data-end=\"3293\">h\u00e0ng ch\u00ednh h\u00e3ng<\/strong>, <strong data-start=\"3295\" data-end=\"3323\">t\u01b0 v\u1ea5n k\u1ef9 thu\u1eadt t\u1eadn t\u00ecnh<\/strong>, <strong data-start=\"3325\" data-end=\"3344\">giao h\u00e0ng nhanh<\/strong>, <strong data-start=\"3346\" data-end=\"3365\">b\u1ea3o h\u00e0nh \u0111\u1ea7y \u0111\u1ee7<\/strong>.<\/p>\n<\/div>\n<\/div>\n<\/div>\n","protected":false},"excerpt":{"rendered":"<p>K\u00edch th\u01b0\u1edbc: 77 mm (chi\u1ec1u r\u1ed9ng\/cao) \u00d7 32.5 mm (chi\u1ec1u d\u00e0i)\u00d7 4 mm (\u0111\u1ed9 d\u00e0y)<br \/>\nV\u1eadt li\u1ec7u c\u00e1nh than Orion KHA400 : Carbon<br \/>\nD\u00f9ng cho c\u00e1c m\u00e1y b\u01a1m : KHA400<\/p>\n","protected":false},"featured_media":8150,"comment_status":"open","ping_status":"closed","template":"","meta":{"_acf_changed":false},"product_brand":[],"product_cat":[69,707],"product_tag":[2275,2273,2274],"class_list":{"0":"post-8143","1":"product","2":"type-product","3":"status-publish","4":"has-post-thumbnail","6":"product_cat-canh-vane","7":"product_cat-orion-vanes","8":"product_tag-2275","9":"product_tag-kha400","10":"product_tag-kha400-301a-g1","12":"first","13":"instock","14":"shipping-taxable","15":"product-type-simple"},"acf":[],"_links":{"self":[{"href":"https:\/\/mpvane.com\/en\/wp-json\/wp\/v2\/product\/8143","targetHints":{"allow":["GET"]}}],"collection":[{"href":"https:\/\/mpvane.com\/en\/wp-json\/wp\/v2\/product"}],"about":[{"href":"https:\/\/mpvane.com\/en\/wp-json\/wp\/v2\/types\/product"}],"replies":[{"embeddable":true,"href":"https:\/\/mpvane.com\/en\/wp-json\/wp\/v2\/comments?post=8143"}],"version-history":[{"count":2,"href":"https:\/\/mpvane.com\/en\/wp-json\/wp\/v2\/product\/8143\/revisions"}],"predecessor-version":[{"id":8149,"href":"https:\/\/mpvane.com\/en\/wp-json\/wp\/v2\/product\/8143\/revisions\/8149"}],"wp:featuredmedia":[{"embeddable":true,"href":"https:\/\/mpvane.com\/en\/wp-json\/wp\/v2\/media\/8150"}],"wp:attachment":[{"href":"https:\/\/mpvane.com\/en\/wp-json\/wp\/v2\/media?parent=8143"}],"wp:term":[{"taxonomy":"product_brand","embeddable":true,"href":"https:\/\/mpvane.com\/en\/wp-json\/wp\/v2\/product_brand?post=8143"},{"taxonomy":"product_cat","embeddable":true,"href":"https:\/\/mpvane.com\/en\/wp-json\/wp\/v2\/product_cat?post=8143"},{"taxonomy":"product_tag","embeddable":true,"href":"https:\/\/mpvane.com\/en\/wp-json\/wp\/v2\/product_tag?post=8143"}],"curies":[{"name":"wp","href":"https:\/\/api.w.org\/{rel}","templated":true}]}}