{"id":8133,"date":"2025-06-06T22:00:59","date_gmt":"2025-06-06T15:00:59","guid":{"rendered":"https:\/\/mpvane.com\/?post_type=product&#038;p=8133"},"modified":"2025-06-06T22:13:10","modified_gmt":"2025-06-06T15:13:10","slug":"bo-6-canh-than-carbon-orion-04039397010kha200","status":"publish","type":"product","link":"https:\/\/mpvane.com\/en\/san-pham\/bo-6-canh-than-carbon-orion-04039397010kha200\/","title":{"rendered":"B\u1ed9 6 c\u00e1nh than carbon ORION 04039397010,KHA200"},"content":{"rendered":"<div id=\"ez-toc-container\" class=\"ez-toc-v2_0_75 counter-hierarchy ez-toc-counter ez-toc-grey ez-toc-container-direction\">\n<div class=\"ez-toc-title-container\">\n<p class=\"ez-toc-title\" style=\"cursor:inherit\">Table of Contents<\/p>\n<span class=\"ez-toc-title-toggle\"><a href=\"#\" class=\"ez-toc-pull-right ez-toc-btn ez-toc-btn-xs ez-toc-btn-default ez-toc-toggle\" aria-label=\"Toggle Table of Content\"><span class=\"ez-toc-js-icon-con\"><span class=\"\"><span class=\"eztoc-hide\" style=\"display:none;\">Toggle<\/span><span class=\"ez-toc-icon-toggle-span\"><svg style=\"fill: #999;color:#999\" xmlns=\"http:\/\/www.w3.org\/2000\/svg\" class=\"list-377408\" width=\"20px\" height=\"20px\" viewBox=\"0 0 24 24\" fill=\"none\"><path d=\"M6 6H4v2h2V6zm14 0H8v2h12V6zM4 11h2v2H4v-2zm16 0H8v2h12v-2zM4 16h2v2H4v-2zm16 0H8v2h12v-2z\" fill=\"currentColor\"><\/path><\/svg><svg style=\"fill: #999;color:#999\" class=\"arrow-unsorted-368013\" xmlns=\"http:\/\/www.w3.org\/2000\/svg\" width=\"10px\" height=\"10px\" viewBox=\"0 0 24 24\" version=\"1.2\" baseProfile=\"tiny\"><path d=\"M18.2 9.3l-6.2-6.3-6.2 6.3c-.2.2-.3.4-.3.7s.1.5.3.7c.2.2.4.3.7.3h11c.3 0 .5-.1.7-.3.2-.2.3-.5.3-.7s-.1-.5-.3-.7zM5.8 14.7l6.2 6.3 6.2-6.3c.2-.2.3-.5.3-.7s-.1-.5-.3-.7c-.2-.2-.4-.3-.7-.3h-11c-.3 0-.5.1-.7.3-.2.2-.3.5-.3.7s.1.5.3.7z\"\/><\/svg><\/span><\/span><\/span><\/a><\/span><\/div>\n<nav><ul class='ez-toc-list ez-toc-list-level-1 ' ><li class='ez-toc-page-1 ez-toc-heading-level-1'><a class=\"ez-toc-link ez-toc-heading-1\" href=\"https:\/\/mpvane.com\/en\/san-pham\/bo-6-canh-than-carbon-orion-04039397010kha200\/#Bo_6_Canh_Than_Carbon_ORION_04039397010_%E2%80%93_Phu_Tung_Chinh_Hang_Cho_Bom_Kho_ORION_KHA200\" >B\u1ed9 6 C\u00e1nh Than Carbon ORION 04039397010 \u2013 Ph\u1ee5 T\u00f9ng Ch\u00ednh H\u00e3ng Cho B\u01a1m Kh\u00f4 ORION KHA200<\/a><ul class='ez-toc-list-level-2' ><li class='ez-toc-heading-level-2'><a class=\"ez-toc-link ez-toc-heading-2\" href=\"https:\/\/mpvane.com\/en\/san-pham\/bo-6-canh-than-carbon-orion-04039397010kha200\/#Gioi_thieu_bo_canh_than_ORION_04039397010\" >Gi\u1edbi thi\u1ec7u b\u1ed9 c\u00e1nh than ORION 04039397010<\/a><ul class='ez-toc-list-level-3' ><li class='ez-toc-heading-level-3'><a class=\"ez-toc-link ez-toc-heading-3\" href=\"https:\/\/mpvane.com\/en\/san-pham\/bo-6-canh-than-carbon-orion-04039397010kha200\/#Thong_so_ky_thuat_bo_canh_than_ORION\" >Th\u00f4ng s\u1ed1 k\u1ef9 thu\u1eadt b\u1ed9 c\u00e1nh than ORION:<\/a><\/li><\/ul><\/li><li class='ez-toc-page-1 ez-toc-heading-level-2'><a class=\"ez-toc-link ez-toc-heading-4\" href=\"https:\/\/mpvane.com\/en\/san-pham\/bo-6-canh-than-carbon-orion-04039397010kha200\/#Vi_sao_nen_chon_canh_than_ORION_chinh_hang\" >V\u00ec sao n\u00ean ch\u1ecdn c\u00e1nh than ORION ch\u00ednh h\u00e3ng?<\/a><\/li><li class='ez-toc-page-1 ez-toc-heading-level-2'><a class=\"ez-toc-link ez-toc-heading-5\" href=\"https:\/\/mpvane.com\/en\/san-pham\/bo-6-canh-than-carbon-orion-04039397010kha200\/#Ung_dung_thuc_te\" >\u1ee8ng d\u1ee5ng th\u1ef1c t\u1ebf<\/a><\/li><li class='ez-toc-page-1 ez-toc-heading-level-2'><a class=\"ez-toc-link ez-toc-heading-6\" href=\"https:\/\/mpvane.com\/en\/san-pham\/bo-6-canh-than-carbon-orion-04039397010kha200\/#Tong_quan_ve_may_bom_chan_khong_kho_ORION_KHA200\" >T\u1ed5ng quan v\u1ec1 m\u00e1y b\u01a1m ch\u00e2n kh\u00f4ng kh\u00f4 ORION KHA200<\/a><ul class='ez-toc-list-level-3' ><li class='ez-toc-heading-level-3'><a class=\"ez-toc-link ez-toc-heading-7\" href=\"https:\/\/mpvane.com\/en\/san-pham\/bo-6-canh-than-carbon-orion-04039397010kha200\/#Dac_diem_noi_bat\" >\u0110\u1eb7c \u0111i\u1ec3m n\u1ed5i b\u1eadt:<\/a><\/li><\/ul><\/li><li class='ez-toc-page-1 ez-toc-heading-level-2'><a class=\"ez-toc-link ez-toc-heading-8\" href=\"https:\/\/mpvane.com\/en\/san-pham\/bo-6-canh-than-carbon-orion-04039397010kha200\/#Luu_y_khi_su_dung_may_bom_kho_ORION\" >L\u01b0u \u00fd khi s\u1eed d\u1ee5ng m\u00e1y b\u01a1m kh\u00f4 ORION<\/a><\/li><li class='ez-toc-page-1 ez-toc-heading-level-2'><a class=\"ez-toc-link ez-toc-heading-9\" href=\"https:\/\/mpvane.com\/en\/san-pham\/bo-6-canh-than-carbon-orion-04039397010kha200\/#Thoi_diem_can_thay_canh_bom_ORION\" >Th\u1eddi \u0111i\u1ec3m c\u1ea7n thay c\u00e1nh b\u01a1m ORION<\/a><\/li><li class='ez-toc-page-1 ez-toc-heading-level-2'><a class=\"ez-toc-link ez-toc-heading-10\" href=\"https:\/\/mpvane.com\/en\/san-pham\/bo-6-canh-than-carbon-orion-04039397010kha200\/#%F0%9F%93%A6_Dat_hang_bo_canh_than_ORION_04039397010_chinh_hang\" >\ud83d\udce6 \u0110\u1eb7t h\u00e0ng b\u1ed9 c\u00e1nh than ORION 04039397010 ch\u00ednh h\u00e3ng<\/a><\/li><\/ul><\/li><\/ul><\/nav><\/div>\n<div class=\"dad65929\">\n<div class=\"_4f9bf79 d7dc56a8 _43c05b5\">\n<div class=\"ds-markdown ds-markdown--block\">\n<h1 data-start=\"222\" data-end=\"314\"><span class=\"ez-toc-section\" id=\"Bo_6_Canh_Than_Carbon_ORION_04039397010_%E2%80%93_Phu_Tung_Chinh_Hang_Cho_Bom_Kho_ORION_KHA200\"><\/span><strong data-start=\"224\" data-end=\"314\">B\u1ed9 6 C\u00e1nh Than Carbon ORION 04039397010 \u2013 Ph\u1ee5 T\u00f9ng Ch\u00ednh H\u00e3ng Cho B\u01a1m Kh\u00f4 ORION KHA200<\/strong><span class=\"ez-toc-section-end\"><\/span><\/h1>\n<h2 data-start=\"316\" data-end=\"364\"><span class=\"ez-toc-section\" id=\"Gioi_thieu_bo_canh_than_ORION_04039397010\"><\/span><strong data-start=\"319\" data-end=\"364\">Gi\u1edbi thi\u1ec7u b\u1ed9 c\u00e1nh than ORION 04039397010<\/strong><span class=\"ez-toc-section-end\"><\/span><\/h2>\n<p data-start=\"365\" data-end=\"629\">B\u1ed9 6 c\u00e1nh than ORION 04039397010 l\u00e0 ph\u1ee5 t\u00f9ng ch\u00ednh h\u00e3ng, chuy\u00ean d\u00f9ng cho <strong data-start=\"438\" data-end=\"477\">m\u00e1y b\u01a1m ch\u00e2n kh\u00f4ng kh\u00f4 ORION KHA200<\/strong> v\u00e0 c\u00e1c phi\u00ean b\u1ea3n t\u01b0\u01a1ng t\u1ef1 nh\u01b0 <strong data-start=\"508\" data-end=\"526\">KHA200-301A-G1<\/strong>. S\u1ea3n ph\u1ea9m c\u00f3 vai tr\u00f2 quan tr\u1ecdng trong vi\u1ec7c \u0111\u1ea3m b\u1ea3o hi\u1ec7u su\u1ea5t h\u00fat\/x\u1ea3 kh\u00ed \u1ed5n \u0111\u1ecbnh v\u00e0 \u0111\u1ed9 b\u1ec1n cao cho b\u01a1m.<\/p>\n<h3 data-start=\"631\" data-end=\"676\"><span class=\"ez-toc-section\" id=\"Thong_so_ky_thuat_bo_canh_than_ORION\"><\/span><strong data-start=\"635\" data-end=\"676\">Th\u00f4ng s\u1ed1 k\u1ef9 thu\u1eadt b\u1ed9 c\u00e1nh than ORION:<\/strong><span class=\"ez-toc-section-end\"><\/span><\/h3>\n<ul data-start=\"677\" data-end=\"933\">\n<li data-start=\"677\" data-end=\"715\">\n<p data-start=\"679\" data-end=\"715\"><strong data-start=\"679\" data-end=\"695\">M\u00e3 s\u1ea3n ph\u1ea9m:<\/strong> ORION 04039397010<\/p>\n<\/li>\n<li data-start=\"716\" data-end=\"753\">\n<p data-start=\"718\" data-end=\"753\"><strong data-start=\"718\" data-end=\"732\">Ch\u1ea5t li\u1ec7u:<\/strong> Carbon t\u1ef1 b\u00f4i tr\u01a1n<\/p>\n<\/li>\n<li data-start=\"754\" data-end=\"822\">\n<p data-start=\"756\" data-end=\"822\"><strong data-start=\"756\" data-end=\"781\">K\u00edch th\u01b0\u1edbc c\u00e1nh than:<\/strong> 30mm (r\u1ed9ng) \u00d7 48mm (d\u00e0i) \u00d7 3.5mm (d\u00e0y)<\/p>\n<\/li>\n<li data-start=\"823\" data-end=\"862\">\n<p data-start=\"825\" data-end=\"862\"><strong data-start=\"825\" data-end=\"838\">S\u1ed1 l\u01b0\u1ee3ng:<\/strong> 1 b\u1ed9 g\u1ed3m 06 c\u00e1nh than<\/p>\n<\/li>\n<li data-start=\"863\" data-end=\"933\">\n<p data-start=\"865\" data-end=\"933\"><strong data-start=\"865\" data-end=\"887\">Model t\u01b0\u01a1ng th\u00edch:<\/strong> ORION dry vacuum pump KHA200 \/ KHA200-301A-G1<\/p>\n<\/li>\n<\/ul>\n<hr data-start=\"935\" data-end=\"938\" \/>\n<h2 data-start=\"940\" data-end=\"990\"><span class=\"ez-toc-section\" id=\"Vi_sao_nen_chon_canh_than_ORION_chinh_hang\"><\/span><strong data-start=\"943\" data-end=\"990\">V\u00ec sao n\u00ean ch\u1ecdn c\u00e1nh than ORION ch\u00ednh h\u00e3ng?<\/strong><span class=\"ez-toc-section-end\"><\/span><\/h2>\n<ul data-start=\"991\" data-end=\"1384\">\n<li data-start=\"991\" data-end=\"1090\">\n<p data-start=\"993\" data-end=\"1090\">\u2705 <strong data-start=\"995\" data-end=\"1019\">T\u01b0\u01a1ng th\u00edch ho\u00e0n h\u1ea3o<\/strong> v\u1edbi m\u00e1y b\u01a1m kh\u00f4 ORION \u2013 \u0111\u1ea3m b\u1ea3o v\u1eadn h\u00e0nh \u1ed5n \u0111\u1ecbnh, kh\u00f4ng b\u1ecb k\u1eb9t c\u00e1nh.<\/p>\n<\/li>\n<li data-start=\"1091\" data-end=\"1180\">\n<p data-start=\"1093\" data-end=\"1180\">\u2705 <strong data-start=\"1095\" data-end=\"1124\">Ch\u1ea5t li\u1ec7u carbon \u0111\u1eb7c bi\u1ec7t<\/strong> c\u00f3 kh\u1ea3 n\u0103ng t\u1ef1 b\u00f4i tr\u01a1n, t\u0103ng tu\u1ed5i th\u1ecd, gi\u1ea3m hao m\u00f2n.<\/p>\n<\/li>\n<li data-start=\"1181\" data-end=\"1280\">\n<p data-start=\"1183\" data-end=\"1280\">\u2705 <strong data-start=\"1185\" data-end=\"1202\">Gi\u1ea3m ti\u1ebfng \u1ed3n<\/strong>, <strong data-start=\"1204\" data-end=\"1222\">t\u0103ng hi\u1ec7u su\u1ea5t<\/strong>, v\u00e0 <strong data-start=\"1227\" data-end=\"1257\">duy tr\u00ec ch\u00e2n kh\u00f4ng \u1ed5n \u0111\u1ecbnh<\/strong> trong th\u1eddi gian d\u00e0i.<\/p>\n<\/li>\n<li data-start=\"1281\" data-end=\"1384\">\n<p data-start=\"1283\" data-end=\"1384\">\u2705 <strong data-start=\"1285\" data-end=\"1320\">Th\u1eddi gian thay th\u1ebf khuy\u1ebfn ngh\u1ecb:<\/strong> ~12.000 gi\u1edd (\u00e1p su\u1ea5t khuy\u1ebfn ngh\u1ecb), ~9.500 gi\u1edd (\u00e1p su\u1ea5t t\u1ed1i \u0111a).<\/p>\n<\/li>\n<\/ul>\n<hr data-start=\"1386\" data-end=\"1389\" \/>\n<h2 data-start=\"1391\" data-end=\"1414\"><span class=\"ez-toc-section\" id=\"Ung_dung_thuc_te\"><\/span><strong data-start=\"1394\" data-end=\"1414\">\u1ee8ng d\u1ee5ng th\u1ef1c t\u1ebf<\/strong><span class=\"ez-toc-section-end\"><\/span><\/h2>\n<p data-start=\"1415\" data-end=\"1459\">C\u00e1nh than ORION \u0111\u01b0\u1ee3c s\u1eed d\u1ee5ng r\u1ed9ng r\u00e3i trong:<\/p>\n<ul data-start=\"1460\" data-end=\"1639\">\n<li data-start=\"1460\" data-end=\"1508\">\n<p data-start=\"1462\" data-end=\"1508\"><strong data-start=\"1462\" data-end=\"1506\">M\u00e1y b\u01a1m ch\u00e2n kh\u00f4ng kh\u00f4 (dry vacuum pump)<\/strong><\/p>\n<\/li>\n<li data-start=\"1509\" data-end=\"1548\">\n<p data-start=\"1511\" data-end=\"1548\"><strong data-start=\"1511\" data-end=\"1546\">D\u00e2y chuy\u1ec1n s\u1ea3n xu\u1ea5t c\u00f4ng nghi\u1ec7p<\/strong><\/p>\n<\/li>\n<li data-start=\"1549\" data-end=\"1592\">\n<p data-start=\"1551\" data-end=\"1592\"><strong data-start=\"1551\" data-end=\"1590\">Thi\u1ebft b\u1ecb t\u1ef1 \u0111\u1ed9ng h\u00f3a kh\u00f4ng d\u00f9ng d\u1ea7u<\/strong><\/p>\n<\/li>\n<li data-start=\"1593\" data-end=\"1639\">\n<p data-start=\"1595\" data-end=\"1639\"><strong data-start=\"1595\" data-end=\"1639\">M\u00f4i tr\u01b0\u1eddng y\u00eau c\u1ea7u s\u1ea1ch, kh\u00f4ng nhi\u1ec5m d\u1ea7u<\/strong><\/p>\n<\/li>\n<\/ul>\n<hr data-start=\"1641\" data-end=\"1644\" \/>\n<h2 data-start=\"1646\" data-end=\"1701\"><span class=\"ez-toc-section\" id=\"Tong_quan_ve_may_bom_chan_khong_kho_ORION_KHA200\"><\/span><strong data-start=\"1649\" data-end=\"1701\">T\u1ed5ng quan v\u1ec1 m\u00e1y b\u01a1m ch\u00e2n kh\u00f4ng kh\u00f4 ORION KHA200<\/strong><span class=\"ez-toc-section-end\"><\/span><\/h2>\n<p data-start=\"1702\" data-end=\"1851\">M\u00e1y b\u01a1m ch\u00e2n kh\u00f4ng ORION l\u00e0 d\u00f2ng s\u1ea3n ph\u1ea9m \u0111\u1ebfn t\u1eeb Nh\u1eadt B\u1ea3n, ra m\u1eaft t\u1eeb n\u0103m 1965 \u2013 n\u1ed5i b\u1eadt nh\u1edd thi\u1ebft k\u1ebf kh\u00f4ng d\u00f9ng d\u1ea7u, ti\u1ebfng \u1ed3n th\u1ea5p v\u00e0 tu\u1ed5i th\u1ecd cao.<\/p>\n<h3 data-start=\"1853\" data-end=\"1878\"><span class=\"ez-toc-section\" id=\"Dac_diem_noi_bat\"><\/span><strong data-start=\"1857\" data-end=\"1878\">\u0110\u1eb7c \u0111i\u1ec3m n\u1ed5i b\u1eadt:<\/strong><span class=\"ez-toc-section-end\"><\/span><\/h3>\n<ul data-start=\"1879\" data-end=\"2098\">\n<li data-start=\"1879\" data-end=\"1939\">\n<p data-start=\"1881\" data-end=\"1939\">Kh\u00f4ng g\u00e2y \u00f4 nhi\u1ec5m m\u00f4i tr\u01b0\u1eddng l\u00e0m vi\u1ec7c (v\u00ec kh\u00f4ng c\u00f3 d\u1ea7u).<\/p>\n<\/li>\n<li data-start=\"1940\" data-end=\"2011\">\n<p data-start=\"1942\" data-end=\"2011\">C\u00e1nh carbon t\u1ef1 b\u00f4i tr\u01a1n \u2013 b\u1ec1n b\u1ec9, kh\u00f4ng c\u1ea7n b\u1ea3o d\u01b0\u1ee1ng th\u01b0\u1eddng xuy\u00ean.<\/p>\n<\/li>\n<li data-start=\"2012\" data-end=\"2063\">\n<p data-start=\"2014\" data-end=\"2063\">H\u00fat v\u00e0 x\u1ea3 kh\u00ed \u1ed5n \u0111\u1ecbnh, \u00edt rung, v\u1eadn h\u00e0nh \u00eam \u00e1i.<\/p>\n<\/li>\n<li data-start=\"2064\" data-end=\"2098\">\n<p data-start=\"2066\" data-end=\"2098\">D\u1ec5 b\u1ea3o tr\u00ec v\u00e0 thay th\u1ebf c\u00e1nh b\u01a1m.<\/p>\n<\/li>\n<\/ul>\n<hr data-start=\"2100\" data-end=\"2103\" \/>\n<h2 data-start=\"2105\" data-end=\"2147\"><span class=\"ez-toc-section\" id=\"Luu_y_khi_su_dung_may_bom_kho_ORION\"><\/span><strong data-start=\"2108\" data-end=\"2147\">L\u01b0u \u00fd khi s\u1eed d\u1ee5ng m\u00e1y b\u01a1m kh\u00f4 ORION<\/strong><span class=\"ez-toc-section-end\"><\/span><\/h2>\n<ul data-start=\"2148\" data-end=\"2547\">\n<li data-start=\"2148\" data-end=\"2181\">\n<p data-start=\"2150\" data-end=\"2181\"><strong data-start=\"2150\" data-end=\"2179\">Kh\u00f4ng h\u00fat kh\u00ed d\u1ec5 ch\u00e1y\/n\u1ed5.<\/strong><\/p>\n<\/li>\n<li data-start=\"2182\" data-end=\"2238\">\n<p data-start=\"2184\" data-end=\"2238\"><strong data-start=\"2184\" data-end=\"2236\">Kh\u00f4ng v\u1eadn h\u00e0nh khi b\u1ecb t\u1eafc \u0111\u01b0\u1eddng \u1ed1ng n\u1ea1p ho\u1eb7c x\u1ea3.<\/strong><\/p>\n<\/li>\n<li data-start=\"2239\" data-end=\"2283\">\n<p data-start=\"2241\" data-end=\"2283\"><strong data-start=\"2241\" data-end=\"2281\">Kh\u00f4ng s\u1eed d\u1ee5ng v\u01b0\u1ee3t \u00e1p su\u1ea5t quy \u0111\u1ecbnh.<\/strong><\/p>\n<\/li>\n<li data-start=\"2284\" data-end=\"2348\">\n<p data-start=\"2286\" data-end=\"2348\"><strong data-start=\"2286\" data-end=\"2346\">Lu\u00f4n d\u00f9ng kh\u00f4ng kh\u00ed s\u1ea1ch, kh\u00f4ng c\u00f3 h\u01a1i n\u01b0\u1edbc hay b\u1ee5i m\u1ecbn.<\/strong><\/p>\n<\/li>\n<li data-start=\"2349\" data-end=\"2423\">\n<p data-start=\"2351\" data-end=\"2423\"><strong data-start=\"2351\" data-end=\"2421\">D\u00f9ng \u0111\u01b0\u1eddng \u1ed1ng m\u1ec1m thay v\u00ec \u1ed1ng th\u00e9p \u0111\u1ec3 gi\u1ea3m rung \u0111\u1ed9ng v\u00e0 ti\u1ebfng \u1ed3n.<\/strong><\/p>\n<\/li>\n<li data-start=\"2424\" data-end=\"2482\">\n<p data-start=\"2426\" data-end=\"2482\"><strong data-start=\"2426\" data-end=\"2480\">G\u1eafn van m\u1ed9t chi\u1ec1u \u0111\u1ec3 tr\u00e1nh quay ng\u01b0\u1ee3c khi t\u1eaft m\u00e1y.<\/strong><\/p>\n<\/li>\n<li data-start=\"2483\" data-end=\"2547\">\n<p data-start=\"2485\" data-end=\"2547\"><strong data-start=\"2485\" data-end=\"2547\">Th\u01b0\u1eddng xuy\u00ean ki\u1ec3m tra v\u00e0 x\u1ea3 n\u01b0\u1edbc ng\u01b0ng t\u1ee5 trong \u0111\u01b0\u1eddng \u1ed1ng.<\/strong><\/p>\n<\/li>\n<\/ul>\n<hr data-start=\"2549\" data-end=\"2552\" \/>\n<h2 data-start=\"2554\" data-end=\"2594\"><span class=\"ez-toc-section\" id=\"Thoi_diem_can_thay_canh_bom_ORION\"><\/span><strong data-start=\"2557\" data-end=\"2594\">Th\u1eddi \u0111i\u1ec3m c\u1ea7n thay c\u00e1nh b\u01a1m ORION<\/strong><span class=\"ez-toc-section-end\"><\/span><\/h2>\n<ul data-start=\"2595\" data-end=\"2787\">\n<li data-start=\"2595\" data-end=\"2653\">\n<p data-start=\"2597\" data-end=\"2653\">Sau m\u1ed7i <strong data-start=\"2605\" data-end=\"2628\">12.000 gi\u1edd v\u1eadn h\u00e0nh<\/strong> \u1edf \u00e1p su\u1ea5t b\u00ecnh th\u01b0\u1eddng.<\/p>\n<\/li>\n<li data-start=\"2654\" data-end=\"2716\">\n<p data-start=\"2656\" data-end=\"2716\">Khi th\u1ea5y <strong data-start=\"2665\" data-end=\"2698\">hi\u1ec7u su\u1ea5t gi\u1ea3m, ti\u1ebfng \u1ed3n t\u0103ng<\/strong>, c\u1ea7n thay ngay.<\/p>\n<\/li>\n<li data-start=\"2717\" data-end=\"2787\">\n<p data-start=\"2719\" data-end=\"2787\">N\u1ebfu \u0111\u1ec3 l\u00e2u kh\u00f4ng thay, c\u00e1nh c\u00f3 th\u1ec3 <strong data-start=\"2754\" data-end=\"2786\">g\u00e3y, k\u1eb9t b\u01a1m, d\u1eebng ho\u1ea1t \u0111\u1ed9ng<\/strong>.<\/p>\n<\/li>\n<\/ul>\n<hr data-start=\"2789\" data-end=\"2792\" \/>\n<h2 data-start=\"2794\" data-end=\"2854\"><span class=\"ez-toc-section\" id=\"%F0%9F%93%A6_Dat_hang_bo_canh_than_ORION_04039397010_chinh_hang\"><\/span>\ud83d\udce6 <strong data-start=\"2800\" data-end=\"2854\">\u0110\u1eb7t h\u00e0ng b\u1ed9 c\u00e1nh than ORION 04039397010 ch\u00ednh h\u00e3ng<\/strong><span class=\"ez-toc-section-end\"><\/span><\/h2>\n<p data-start=\"2855\" data-end=\"2976\">\u2705 Cam k\u1ebft h\u00e0ng <strong data-start=\"2870\" data-end=\"2899\">ch\u00ednh h\u00e3ng ORION Nh\u1eadt B\u1ea3n<\/strong><br data-start=\"2899\" data-end=\"2902\" \/>\u2705 C\u00f3 s\u1eb5n \u2013 giao h\u00e0ng nhanh to\u00e0n qu\u1ed1c<br data-start=\"2938\" data-end=\"2941\" \/>\u2705 H\u1ed7 tr\u1ee3 t\u01b0 v\u1ea5n k\u1ef9 thu\u1eadt v\u00e0 l\u1eafp \u0111\u1eb7t<\/p>\n<hr data-start=\"2978\" data-end=\"2981\" \/>\n<p data-start=\"2983\" data-end=\"3158\">\ud83d\udcde <strong data-start=\"2986\" data-end=\"2998\">Hotline:<\/strong> 0985 459 559<br data-start=\"3011\" data-end=\"3014\" \/>\ud83c\udf10 <strong data-start=\"3017\" data-end=\"3029\">Website:<\/strong> <a class=\"\" href=\"http:\/\/www.minhphuco.com\" target=\"_new\" rel=\"noopener\" data-start=\"3030\" data-end=\"3075\">www.minhphuco.com<\/a><br data-start=\"3075\" data-end=\"3078\" \/>\ud83d\udce7 <strong data-start=\"3081\" data-end=\"3091\">Email:<\/strong> <a class=\"cursor-pointer\" rel=\"noopener\" data-start=\"3092\" data-end=\"3110\">sales@minhphuco.vn<\/a><br data-start=\"3110\" data-end=\"3113\" \/>\ud83d\udcac <strong data-start=\"3116\" data-end=\"3125\">Zalo:<\/strong> 0985 490 343 ho\u1eb7c 0985 843 778<\/p>\n<hr data-start=\"3160\" data-end=\"3163\" \/>\n<p data-start=\"3165\" data-end=\"3362\"><strong data-start=\"3165\" data-end=\"3187\">T\u1eeb kh\u00f3a SEO ch\u00ednh:<\/strong><br data-start=\"3187\" data-end=\"3190\" \/><code data-start=\"3190\" data-end=\"3222\">b\u1ed9 c\u00e1nh than ORION 04039397010<\/code>, <code data-start=\"3224\" data-end=\"3251\">c\u00e1nh b\u01a1m kh\u00f4 ORION KHA200<\/code>, <code data-start=\"3253\" data-end=\"3279\">b\u01a1m ch\u00e2n kh\u00f4ng kh\u00f4 ORION<\/code>, <code data-start=\"3281\" data-end=\"3305\">c\u00e1nh than carbon ORION<\/code>, <code data-start=\"3307\" data-end=\"3331\">ph\u1ee5 t\u00f9ng m\u00e1y b\u01a1m ORION<\/code>, <code data-start=\"3333\" data-end=\"3362\">ORION dry vacuum pump blade<\/code><\/p>\n<blockquote data-start=\"3364\" data-end=\"3478\">\n<p data-start=\"3366\" data-end=\"3478\"><strong data-start=\"3366\" data-end=\"3478\">Minh Ph\u00fac Co. \u2013 Nh\u00e0 cung c\u1ea5p linh ki\u1ec7n ORION ch\u00ednh h\u00e3ng, d\u1ecbch v\u1ee5 t\u1eadn t\u00e2m \u2013 \u0111\u1ed3ng h\u00e0nh c\u00f9ng doanh nghi\u1ec7p Vi\u1ec7t!<\/strong><\/p>\n<\/blockquote>\n<\/div>\n<\/div>\n<\/div>\n","protected":false},"excerpt":{"rendered":"<p>K\u00edch th\u01b0\u1edbc: 30 mm (chi\u1ec1u r\u1ed9ng\/cao) \u00d7 48 mm (chi\u1ec1u d\u00e0i)\u00d7 3.5 mm (\u0111\u1ed9 d\u00e0y)<br \/>\nV\u1eadt li\u1ec7u c\u00e1nh than Orion KHA200 : Carbon<br \/>\nD\u00f9ng cho c\u00e1c m\u00e1y b\u01a1m : KHA200<\/p>\n","protected":false},"featured_media":8137,"comment_status":"open","ping_status":"closed","template":"","meta":{"_acf_changed":false},"product_brand":[],"product_cat":[69,707],"product_tag":[2271,2270],"class_list":{"0":"post-8133","1":"product","2":"type-product","3":"status-publish","4":"has-post-thumbnail","6":"product_cat-canh-vane","7":"product_cat-orion-vanes","8":"product_tag-2271","9":"product_tag-kha200","11":"first","12":"instock","13":"shipping-taxable","14":"product-type-simple"},"acf":[],"_links":{"self":[{"href":"https:\/\/mpvane.com\/en\/wp-json\/wp\/v2\/product\/8133","targetHints":{"allow":["GET"]}}],"collection":[{"href":"https:\/\/mpvane.com\/en\/wp-json\/wp\/v2\/product"}],"about":[{"href":"https:\/\/mpvane.com\/en\/wp-json\/wp\/v2\/types\/product"}],"replies":[{"embeddable":true,"href":"https:\/\/mpvane.com\/en\/wp-json\/wp\/v2\/comments?post=8133"}],"version-history":[{"count":1,"href":"https:\/\/mpvane.com\/en\/wp-json\/wp\/v2\/product\/8133\/revisions"}],"predecessor-version":[{"id":8134,"href":"https:\/\/mpvane.com\/en\/wp-json\/wp\/v2\/product\/8133\/revisions\/8134"}],"wp:featuredmedia":[{"embeddable":true,"href":"https:\/\/mpvane.com\/en\/wp-json\/wp\/v2\/media\/8137"}],"wp:attachment":[{"href":"https:\/\/mpvane.com\/en\/wp-json\/wp\/v2\/media?parent=8133"}],"wp:term":[{"taxonomy":"product_brand","embeddable":true,"href":"https:\/\/mpvane.com\/en\/wp-json\/wp\/v2\/product_brand?post=8133"},{"taxonomy":"product_cat","embeddable":true,"href":"https:\/\/mpvane.com\/en\/wp-json\/wp\/v2\/product_cat?post=8133"},{"taxonomy":"product_tag","embeddable":true,"href":"https:\/\/mpvane.com\/en\/wp-json\/wp\/v2\/product_tag?post=8133"}],"curies":[{"name":"wp","href":"https:\/\/api.w.org\/{rel}","templated":true}]}}