{"id":8131,"date":"2025-06-06T21:47:43","date_gmt":"2025-06-06T14:47:43","guid":{"rendered":"https:\/\/mpvane.com\/?post_type=product&#038;p=8131"},"modified":"2025-06-06T21:57:00","modified_gmt":"2025-06-06T14:57:00","slug":"bo-6-canh-than-carbon-orion-04039396010kha100","status":"publish","type":"product","link":"https:\/\/mpvane.com\/en\/san-pham\/bo-6-canh-than-carbon-orion-04039396010kha100\/","title":{"rendered":"B\u1ed9 6 c\u00e1nh than carbon ORION 04039396010,KHA100"},"content":{"rendered":"<div id=\"ez-toc-container\" class=\"ez-toc-v2_0_75 counter-hierarchy ez-toc-counter ez-toc-grey ez-toc-container-direction\">\n<div class=\"ez-toc-title-container\">\n<p class=\"ez-toc-title\" style=\"cursor:inherit\">Table of Contents<\/p>\n<span class=\"ez-toc-title-toggle\"><a href=\"#\" class=\"ez-toc-pull-right ez-toc-btn ez-toc-btn-xs ez-toc-btn-default ez-toc-toggle\" aria-label=\"Toggle Table of Content\"><span class=\"ez-toc-js-icon-con\"><span class=\"\"><span class=\"eztoc-hide\" style=\"display:none;\">Toggle<\/span><span class=\"ez-toc-icon-toggle-span\"><svg style=\"fill: #999;color:#999\" xmlns=\"http:\/\/www.w3.org\/2000\/svg\" class=\"list-377408\" width=\"20px\" height=\"20px\" viewBox=\"0 0 24 24\" fill=\"none\"><path d=\"M6 6H4v2h2V6zm14 0H8v2h12V6zM4 11h2v2H4v-2zm16 0H8v2h12v-2zM4 16h2v2H4v-2zm16 0H8v2h12v-2z\" fill=\"currentColor\"><\/path><\/svg><svg style=\"fill: #999;color:#999\" class=\"arrow-unsorted-368013\" xmlns=\"http:\/\/www.w3.org\/2000\/svg\" width=\"10px\" height=\"10px\" viewBox=\"0 0 24 24\" version=\"1.2\" baseProfile=\"tiny\"><path d=\"M18.2 9.3l-6.2-6.3-6.2 6.3c-.2.2-.3.4-.3.7s.1.5.3.7c.2.2.4.3.7.3h11c.3 0 .5-.1.7-.3.2-.2.3-.5.3-.7s-.1-.5-.3-.7zM5.8 14.7l6.2 6.3 6.2-6.3c.2-.2.3-.5.3-.7s-.1-.5-.3-.7c-.2-.2-.4-.3-.7-.3h-11c-.3 0-.5.1-.7.3-.2.2-.3.5-.3.7s.1.5.3.7z\"\/><\/svg><\/span><\/span><\/span><\/a><\/span><\/div>\n<nav><ul class='ez-toc-list ez-toc-list-level-1 ' ><li class='ez-toc-page-1 ez-toc-heading-level-1'><a class=\"ez-toc-link ez-toc-heading-1\" href=\"https:\/\/mpvane.com\/en\/san-pham\/bo-6-canh-than-carbon-orion-04039396010kha100\/#Bo_Canh_Than_ORION_04039396010_KHA100_%E2%80%93_Phu_Tung_Chinh_Hang_Cho_Bom_Chan_Khong_Kho_Orion\" >B\u1ed9 C\u00e1nh Than ORION 04039396010 KHA100 \u2013 Ph\u1ee5 T\u00f9ng Ch\u00ednh H\u00e3ng Cho B\u01a1m Ch\u00e2n Kh\u00f4ng Kh\u00f4 Orion<\/a><ul class='ez-toc-list-level-2' ><li class='ez-toc-heading-level-2'><a class=\"ez-toc-link ez-toc-heading-2\" href=\"https:\/\/mpvane.com\/en\/san-pham\/bo-6-canh-than-carbon-orion-04039396010kha100\/#Gioi_Thieu_San_Pham\" >Gi\u1edbi Thi\u1ec7u S\u1ea3n Ph\u1ea9m<\/a><\/li><li class='ez-toc-page-1 ez-toc-heading-level-2'><a class=\"ez-toc-link ez-toc-heading-3\" href=\"https:\/\/mpvane.com\/en\/san-pham\/bo-6-canh-than-carbon-orion-04039396010kha100\/#Vi_Sao_Nen_Chon_Canh_Than_Orion_Chinh_Hang\" >V\u00ec Sao N\u00ean Ch\u1ecdn C\u00e1nh Than Orion Ch\u00ednh H\u00e3ng?<\/a><\/li><li class='ez-toc-page-1 ez-toc-heading-level-2'><a class=\"ez-toc-link ez-toc-heading-4\" href=\"https:\/\/mpvane.com\/en\/san-pham\/bo-6-canh-than-carbon-orion-04039396010kha100\/#Dac_Diem_Noi_Bat_Cua_Bom_Chan_Khong_Kho_ORION_KHA100\" >\u0110\u1eb7c \u0110i\u1ec3m N\u1ed5i B\u1eadt C\u1ee7a B\u01a1m Ch\u00e2n Kh\u00f4ng Kh\u00f4 ORION KHA100<\/a><\/li><li class='ez-toc-page-1 ez-toc-heading-level-2'><a class=\"ez-toc-link ez-toc-heading-5\" href=\"https:\/\/mpvane.com\/en\/san-pham\/bo-6-canh-than-carbon-orion-04039396010kha100\/#Huong_Dan_Bao_Tri_Thay_The_Canh_Than\" >H\u01b0\u1edbng D\u1eabn B\u1ea3o Tr\u00ec &amp; Thay Th\u1ebf C\u00e1nh Than<\/a><\/li><li class='ez-toc-page-1 ez-toc-heading-level-2'><a class=\"ez-toc-link ez-toc-heading-6\" href=\"https:\/\/mpvane.com\/en\/san-pham\/bo-6-canh-than-carbon-orion-04039396010kha100\/#Ung_Dung_Thuc_Te\" >\u1ee8ng D\u1ee5ng Th\u1ef1c T\u1ebf<\/a><\/li><li class='ez-toc-page-1 ez-toc-heading-level-2'><a class=\"ez-toc-link ez-toc-heading-7\" href=\"https:\/\/mpvane.com\/en\/san-pham\/bo-6-canh-than-carbon-orion-04039396010kha100\/#Lien_He_Dat_Hang_%E2%80%93_Tu_Van_Mien_Phi\" >Li\u00ean H\u1ec7 \u0110\u1eb7t H\u00e0ng \u2013 T\u01b0 V\u1ea5n Mi\u1ec5n Ph\u00ed<\/a><ul class='ez-toc-list-level-3' ><li class='ez-toc-heading-level-3'><a class=\"ez-toc-link ez-toc-heading-8\" href=\"https:\/\/mpvane.com\/en\/san-pham\/bo-6-canh-than-carbon-orion-04039396010kha100\/#Tu_khoa_SEO_goi_y_de_toi_uu_noi_dung\" >T\u1eeb kh\u00f3a SEO g\u1ee3i \u00fd \u0111\u1ec3 t\u1ed1i \u01b0u n\u1ed9i dung:<\/a><\/li><\/ul><\/li><\/ul><\/li><\/ul><\/nav><\/div>\n<div class=\"dad65929\">\n<div class=\"_4f9bf79 d7dc56a8 _43c05b5\">\n<div class=\"ds-markdown ds-markdown--block\">\n<h1 data-start=\"200\" data-end=\"290\"><span class=\"ez-toc-section\" id=\"Bo_Canh_Than_ORION_04039396010_KHA100_%E2%80%93_Phu_Tung_Chinh_Hang_Cho_Bom_Chan_Khong_Kho_Orion\"><\/span>B\u1ed9 C\u00e1nh Than ORION 04039396010 KHA100 \u2013 Ph\u1ee5 T\u00f9ng Ch\u00ednh H\u00e3ng Cho B\u01a1m Ch\u00e2n Kh\u00f4ng Kh\u00f4 Orion<span class=\"ez-toc-section-end\"><\/span><\/h1>\n<h2 data-start=\"292\" data-end=\"314\"><span class=\"ez-toc-section\" id=\"Gioi_Thieu_San_Pham\"><\/span>Gi\u1edbi Thi\u1ec7u S\u1ea3n Ph\u1ea9m<span class=\"ez-toc-section-end\"><\/span><\/h2>\n<p data-start=\"316\" data-end=\"551\"><strong data-start=\"316\" data-end=\"438\">B\u1ed9 6 c\u00e1nh than carbon ORION 04039396010 \u2013 Ch\u00ednh h\u00e3ng d\u00f9ng cho m\u00e1y b\u01a1m ch\u00e2n kh\u00f4ng kh\u00f4 Orion model KHA100, KHA100-301-G1<\/strong>. \u0110\u00e2y l\u00e0 ph\u1ee5 t\u00f9ng thi\u1ebft y\u1ebfu gi\u00fap \u0111\u1ea3m b\u1ea3o hi\u1ec7u su\u1ea5t v\u1eadn h\u00e0nh v\u00e0 k\u00e9o d\u00e0i tu\u1ed5i th\u1ecd cho m\u00e1y b\u01a1m ch\u00e2n kh\u00f4ng kh\u00f4ng d\u1ea7u.<\/p>\n<ul data-start=\"553\" data-end=\"791\">\n<li data-start=\"553\" data-end=\"591\">\n<p data-start=\"555\" data-end=\"591\"><strong data-start=\"555\" data-end=\"571\">M\u00e3 s\u1ea3n ph\u1ea9m:<\/strong> ORION 04039396010<\/p>\n<\/li>\n<li data-start=\"592\" data-end=\"629\">\n<p data-start=\"594\" data-end=\"629\"><strong data-start=\"594\" data-end=\"608\">Ch\u1ea5t li\u1ec7u:<\/strong> Carbon t\u1ef1 b\u00f4i tr\u01a1n<\/p>\n<\/li>\n<li data-start=\"630\" data-end=\"657\">\n<p data-start=\"632\" data-end=\"657\"><strong data-start=\"632\" data-end=\"645\">S\u1ed1 l\u01b0\u1ee3ng:<\/strong> 6 c\u00e1nh\/b\u1ed9<\/p>\n<\/li>\n<li data-start=\"658\" data-end=\"718\">\n<p data-start=\"660\" data-end=\"718\"><strong data-start=\"660\" data-end=\"675\">K\u00edch th\u01b0\u1edbc:<\/strong> 26 mm (cao) \u00d7 35 mm (d\u00e0i) \u00d7 3.5 mm (d\u00e0y)<\/p>\n<\/li>\n<li data-start=\"719\" data-end=\"791\">\n<p data-start=\"721\" data-end=\"791\"><strong data-start=\"721\" data-end=\"734\">D\u00f9ng cho:<\/strong> M\u00e1y b\u01a1m kh\u00f4 ORION KHA100 v\u00e0 c\u00e1c bi\u1ebfn th\u1ec3 (KHA100-301-G1)<\/p>\n<\/li>\n<\/ul>\n<hr data-start=\"793\" data-end=\"796\" \/>\n<h2 data-start=\"798\" data-end=\"844\"><span class=\"ez-toc-section\" id=\"Vi_Sao_Nen_Chon_Canh_Than_Orion_Chinh_Hang\"><\/span>V\u00ec Sao N\u00ean Ch\u1ecdn C\u00e1nh Than Orion Ch\u00ednh H\u00e3ng?<span class=\"ez-toc-section-end\"><\/span><\/h2>\n<ul data-start=\"846\" data-end=\"1319\">\n<li data-start=\"846\" data-end=\"1036\">\n<p data-start=\"848\" data-end=\"1036\"><strong data-start=\"848\" data-end=\"876\">Hi\u1ec7u su\u1ea5t cao &amp; \u1ed5n \u0111\u1ecbnh:<\/strong> \u0110\u01b0\u1ee3c thi\u1ebft k\u1ebf chu\u1ea9n x\u00e1c t\u1eeb v\u1eadt li\u1ec7u carbon \u0111\u1eb7c bi\u1ec7t, b\u1ed9 c\u00e1nh ORION mang l\u1ea1i \u0111\u1ed9 b\u1ec1n v\u01b0\u1ee3t tr\u1ed9i, kh\u1ea3 n\u0103ng t\u1ef1 b\u00f4i tr\u01a1n v\u00e0 h\u1ea1n ch\u1ebf m\u00e0i m\u00f2n, gi\u00fap m\u00e1y v\u1eadn h\u00e0nh \u00eam \u00e1i.<\/p>\n<\/li>\n<li data-start=\"1037\" data-end=\"1170\">\n<p data-start=\"1039\" data-end=\"1170\"><strong data-start=\"1039\" data-end=\"1064\">T\u01b0\u01a1ng th\u00edch ho\u00e0n h\u1ea3o:<\/strong> Ph\u00f9 h\u1ee3p 100% v\u1edbi m\u00e1y b\u01a1m ch\u00e2n kh\u00f4ng kh\u00f4 Orion KHA100 \u2013 d\u00f2ng s\u1ea3n ph\u1ea9m n\u1ed5i ti\u1ebfng v\u1ec1 ch\u1ea5t l\u01b0\u1ee3ng t\u1eeb Nh\u1eadt B\u1ea3n.<\/p>\n<\/li>\n<li data-start=\"1171\" data-end=\"1319\">\n<p data-start=\"1173\" data-end=\"1319\"><strong data-start=\"1173\" data-end=\"1200\">T\u1ed1i \u01b0u chi ph\u00ed b\u1ea3o tr\u00ec:<\/strong> Vi\u1ec7c s\u1eed d\u1ee5ng ph\u1ee5 t\u00f9ng ch\u00ednh h\u00e3ng gi\u00fap m\u00e1y ho\u1ea1t \u0111\u1ed9ng b\u1ec1n b\u1ec9, gi\u1ea3m r\u1ee7i ro h\u1ecfng h\u00f3c v\u00e0 ti\u1ebft ki\u1ec7m chi ph\u00ed b\u1ea3o tr\u00ec d\u00e0i h\u1ea1n.<\/p>\n<\/li>\n<\/ul>\n<hr data-start=\"1321\" data-end=\"1324\" \/>\n<h2 data-start=\"1326\" data-end=\"1381\"><span class=\"ez-toc-section\" id=\"Dac_Diem_Noi_Bat_Cua_Bom_Chan_Khong_Kho_ORION_KHA100\"><\/span>\u0110\u1eb7c \u0110i\u1ec3m N\u1ed5i B\u1eadt C\u1ee7a B\u01a1m Ch\u00e2n Kh\u00f4ng Kh\u00f4 ORION KHA100<span class=\"ez-toc-section-end\"><\/span><\/h2>\n<ul data-start=\"1383\" data-end=\"1786\">\n<li data-start=\"1383\" data-end=\"1499\">\n<p data-start=\"1385\" data-end=\"1499\"><strong data-start=\"1385\" data-end=\"1406\">Kh\u00f4ng s\u1eed d\u1ee5ng d\u1ea7u<\/strong>, \u0111\u1ea3m b\u1ea3o kh\u00ed \u0111\u1ea7u ra s\u1ea1ch, kh\u00f4ng l\u1eabn d\u1ea7u \u2013 th\u00edch h\u1ee3p cho ng\u00e0nh th\u1ef1c ph\u1ea9m, d\u01b0\u1ee3c ph\u1ea9m, \u0111i\u1ec7n t\u1eed\u2026<\/p>\n<\/li>\n<li data-start=\"1500\" data-end=\"1594\">\n<p data-start=\"1502\" data-end=\"1594\"><strong data-start=\"1502\" data-end=\"1520\">V\u1eadn h\u00e0nh \u00eam \u00e1i<\/strong>, \u0111\u1ed9 \u1ed3n th\u1ea5p \u2013 nh\u1edd c\u1ea5u t\u1ea1o rotor l\u1ec7ch t\u00e2m v\u00e0 c\u00e1nh carbon quay tr\u01b0\u1ee3t t\u1ef1 do.<\/p>\n<\/li>\n<li data-start=\"1595\" data-end=\"1707\">\n<p data-start=\"1597\" data-end=\"1707\"><strong data-start=\"1597\" data-end=\"1637\">C\u00e1nh b\u01a1m carbon \u0111\u1eb7c bi\u1ec7t t\u1ef1 b\u00f4i tr\u01a1n<\/strong>, tu\u1ed5i th\u1ecd cao l\u00ean \u0111\u1ebfn <strong data-start=\"1660\" data-end=\"1674\">12.000 gi\u1edd<\/strong> trong \u0111i\u1ec1u ki\u1ec7n ho\u1ea1t \u0111\u1ed9ng chu\u1ea9n.<\/p>\n<\/li>\n<li data-start=\"1708\" data-end=\"1786\">\n<p data-start=\"1710\" data-end=\"1786\"><strong data-start=\"1710\" data-end=\"1730\">Thi\u1ebft k\u1ebf nh\u1ecf g\u1ecdn<\/strong>, d\u1ec5 l\u1eafp \u0111\u1eb7t v\u00e0 b\u1ea3o tr\u00ec, kh\u00f4ng y\u00eau c\u1ea7u b\u00f4i tr\u01a1n \u0111\u1ecbnh k\u1ef3.<\/p>\n<\/li>\n<\/ul>\n<hr data-start=\"1788\" data-end=\"1791\" \/>\n<h2 data-start=\"1793\" data-end=\"1834\"><span class=\"ez-toc-section\" id=\"Huong_Dan_Bao_Tri_Thay_The_Canh_Than\"><\/span>H\u01b0\u1edbng D\u1eabn B\u1ea3o Tr\u00ec &amp; Thay Th\u1ebf C\u00e1nh Than<span class=\"ez-toc-section-end\"><\/span><\/h2>\n<ul data-start=\"1836\" data-end=\"2319\">\n<li data-start=\"1836\" data-end=\"1923\">\n<p data-start=\"1838\" data-end=\"1923\"><strong data-start=\"1838\" data-end=\"1870\">Th\u1eddi gian thay c\u00e1nh \u0111\u1ec1 xu\u1ea5t:<\/strong> 9.500 \u2013 12.000 gi\u1edd ho\u1ea1t \u0111\u1ed9ng (t\u00f9y \u00e1p su\u1ea5t v\u1eadn h\u00e0nh).<\/p>\n<\/li>\n<li data-start=\"1924\" data-end=\"2039\">\n<p data-start=\"1926\" data-end=\"2039\"><strong data-start=\"1926\" data-end=\"1993\">Kh\u00f4ng s\u1eed d\u1ee5ng kh\u00ed \u0103n m\u00f2n, kh\u00ed d\u1ec5 ch\u00e1y n\u1ed5 ho\u1eb7c h\u01a1i n\u01b0\u1edbc, b\u1ee5i m\u1ecbn<\/strong> \u2013 \u0111\u1ec3 \u0111\u1ea3m b\u1ea3o c\u00e1nh b\u01a1m kh\u00f4ng b\u1ecb m\u00e0i m\u00f2n nhanh.<\/p>\n<\/li>\n<li data-start=\"2040\" data-end=\"2140\">\n<p data-start=\"2042\" data-end=\"2140\"><strong data-start=\"2042\" data-end=\"2081\">Kh\u00f4ng \u0111\u1ec3 n\u01b0\u1edbc ng\u01b0ng t\u1ee5 l\u1ecdt v\u00e0o b\u01a1m.<\/strong> C\u1ea7n l\u1eafp van x\u1ea3 n\u01b0\u1edbc, \u0111\u01b0\u1eddng \u1ed1ng m\u1ec1m v\u00e0 van 1 chi\u1ec1u ph\u00f9 h\u1ee3p.<\/p>\n<\/li>\n<li data-start=\"2141\" data-end=\"2219\">\n<p data-start=\"2143\" data-end=\"2219\"><strong data-start=\"2143\" data-end=\"2175\">Kh\u00f4ng l\u1eafp tr\u1ef1c ti\u1ebfp \u1ed1ng th\u00e9p<\/strong>, tr\u00e1nh rung \u0111\u1ed9ng v\u00e0 ti\u1ebfng \u1ed3n do c\u1ed9ng h\u01b0\u1edfng.<\/p>\n<\/li>\n<li data-start=\"2220\" data-end=\"2319\">\n<p data-start=\"2222\" data-end=\"2319\"><strong data-start=\"2222\" data-end=\"2256\">V\u1eadn h\u00e0nh \u0111\u00fang th\u00f4ng s\u1ed1 \u00e1p su\u1ea5t<\/strong>, kh\u00f4ng v\u01b0\u1ee3t qu\u00e1 gi\u1edbi h\u1ea1n thi\u1ebft k\u1ebf \u0111\u1ec3 tr\u00e1nh gi\u1ea3m tu\u1ed5i th\u1ecd c\u00e1nh.<\/p>\n<\/li>\n<\/ul>\n<hr data-start=\"2321\" data-end=\"2324\" \/>\n<h2 data-start=\"2326\" data-end=\"2345\"><span class=\"ez-toc-section\" id=\"Ung_Dung_Thuc_Te\"><\/span>\u1ee8ng D\u1ee5ng Th\u1ef1c T\u1ebf<span class=\"ez-toc-section-end\"><\/span><\/h2>\n<p data-start=\"2347\" data-end=\"2424\">B\u01a1m kh\u00f4 ORION v\u00e0 b\u1ed9 c\u00e1nh ORION KHA100 \u0111\u01b0\u1ee3c \u1ee9ng d\u1ee5ng r\u1ed9ng r\u00e3i trong c\u00e1c ng\u00e0nh:<\/p>\n<ul data-start=\"2426\" data-end=\"2579\">\n<li data-start=\"2426\" data-end=\"2460\">\n<p data-start=\"2428\" data-end=\"2460\"><strong data-start=\"2428\" data-end=\"2460\">S\u1ea3n xu\u1ea5t th\u1ef1c ph\u1ea9m \u2013 \u0111\u1ed3 u\u1ed1ng<\/strong><\/p>\n<\/li>\n<li data-start=\"2461\" data-end=\"2498\">\n<p data-start=\"2463\" data-end=\"2498\"><strong data-start=\"2463\" data-end=\"2498\">Ng\u00e0nh d\u01b0\u1ee3c ph\u1ea9m \u2013 thi\u1ebft b\u1ecb y t\u1ebf<\/strong><\/p>\n<\/li>\n<li data-start=\"2499\" data-end=\"2531\">\n<p data-start=\"2501\" data-end=\"2531\"><strong data-start=\"2501\" data-end=\"2531\">S\u1ea3n xu\u1ea5t \u0111i\u1ec7n t\u1eed \u2013 b\u00e1n d\u1eabn<\/strong><\/p>\n<\/li>\n<li data-start=\"2532\" data-end=\"2579\">\n<p data-start=\"2534\" data-end=\"2579\"><strong data-start=\"2534\" data-end=\"2579\">T\u1ef1 \u0111\u1ed9ng h\u00f3a trong c\u00f4ng nghi\u1ec7p nh\u1eb9 v\u00e0 n\u1eb7ng<\/strong><\/p>\n<\/li>\n<\/ul>\n<hr data-start=\"2581\" data-end=\"2584\" \/>\n<h2 data-start=\"2586\" data-end=\"2623\"><span class=\"ez-toc-section\" id=\"Lien_He_Dat_Hang_%E2%80%93_Tu_Van_Mien_Phi\"><\/span>Li\u00ean H\u1ec7 \u0110\u1eb7t H\u00e0ng \u2013 T\u01b0 V\u1ea5n Mi\u1ec5n Ph\u00ed<span class=\"ez-toc-section-end\"><\/span><\/h2>\n<p data-start=\"2625\" data-end=\"2802\">\ud83d\udcde <strong data-start=\"2628\" data-end=\"2640\">Hotline:<\/strong> 0985 459 559<br data-start=\"2653\" data-end=\"2656\" \/>\ud83c\udf10 <strong data-start=\"2659\" data-end=\"2671\">Website:<\/strong> <a class=\"\" href=\"http:\/\/www.minhphuco.com\" target=\"_new\" rel=\"noopener\" data-start=\"2672\" data-end=\"2717\">www.minhphuco.com<\/a><br data-start=\"2717\" data-end=\"2720\" \/>\ud83d\udce7 <strong data-start=\"2723\" data-end=\"2733\">Email:<\/strong> <a class=\"cursor-pointer\" rel=\"noopener\" data-start=\"2734\" data-end=\"2752\">sales@minhphuco.vn<\/a><br data-start=\"2752\" data-end=\"2755\" \/>\ud83d\udcac <strong data-start=\"2758\" data-end=\"2774\">Zalo h\u1ed7 tr\u1ee3:<\/strong> 0985 490 343 | 0985 843 778<\/p>\n<hr data-start=\"2804\" data-end=\"2807\" \/>\n<h3 data-start=\"2809\" data-end=\"2850\"><span class=\"ez-toc-section\" id=\"Tu_khoa_SEO_goi_y_de_toi_uu_noi_dung\"><\/span>T\u1eeb kh\u00f3a SEO g\u1ee3i \u00fd \u0111\u1ec3 t\u1ed1i \u01b0u n\u1ed9i dung:<span class=\"ez-toc-section-end\"><\/span><\/h3>\n<ul data-start=\"2851\" data-end=\"3075\">\n<li data-start=\"2851\" data-end=\"2882\">\n<p data-start=\"2853\" data-end=\"2882\">c\u00e1nh than ORION 04039396010<\/p>\n<\/li>\n<li data-start=\"2883\" data-end=\"2916\">\n<p data-start=\"2885\" data-end=\"2916\">ph\u1ee5 t\u00f9ng b\u01a1m ch\u00e2n kh\u00f4ng Orion<\/p>\n<\/li>\n<li data-start=\"2917\" data-end=\"2941\">\n<p data-start=\"2919\" data-end=\"2941\">b\u01a1m kh\u00f4 Orion KHA100<\/p>\n<\/li>\n<li data-start=\"2942\" data-end=\"2978\">\n<p data-start=\"2944\" data-end=\"2978\">c\u00e1nh g\u1ea1t carbon Orion ch\u00ednh h\u00e3ng<\/p>\n<\/li>\n<li data-start=\"2979\" data-end=\"3013\">\n<p data-start=\"2981\" data-end=\"3013\">thay c\u00e1nh b\u01a1m ch\u00e2n kh\u00f4ng Orion<\/p>\n<\/li>\n<li data-start=\"3014\" data-end=\"3043\">\n<p data-start=\"3016\" data-end=\"3043\">mua c\u00e1nh than Orion \u1edf \u0111\u00e2u<\/p>\n<\/li>\n<li data-start=\"3044\" data-end=\"3075\">\n<p data-start=\"3046\" data-end=\"3075\">ORION dry vacuum pump parts<\/p>\n<\/li>\n<\/ul>\n<\/div>\n<\/div>\n<\/div>\n","protected":false},"excerpt":{"rendered":"<p>K\u00edch th\u01b0\u1edbc: 26 mm (chi\u1ec1u r\u1ed9ng\/cao) \u00d7 35 mm (chi\u1ec1u d\u00e0i)\u00d7 3.5 mm (\u0111\u1ed9 d\u00e0y)<br \/>\nV\u1eadt li\u1ec7u c\u00e1nh than Orion KHA100 : Carbon<br \/>\nD\u00f9ng cho c\u00e1c m\u00e1y b\u01a1m : KHA100<\/p>\n","protected":false},"featured_media":7805,"comment_status":"open","ping_status":"closed","template":"","meta":{"_acf_changed":false},"product_brand":[],"product_cat":[69,707],"product_tag":[2267,2268],"class_list":{"0":"post-8131","1":"product","2":"type-product","3":"status-publish","4":"has-post-thumbnail","6":"product_cat-canh-vane","7":"product_cat-orion-vanes","8":"product_tag-2267","9":"product_tag-orion-kha100","11":"first","12":"instock","13":"shipping-taxable","14":"product-type-simple"},"acf":[],"_links":{"self":[{"href":"https:\/\/mpvane.com\/en\/wp-json\/wp\/v2\/product\/8131","targetHints":{"allow":["GET"]}}],"collection":[{"href":"https:\/\/mpvane.com\/en\/wp-json\/wp\/v2\/product"}],"about":[{"href":"https:\/\/mpvane.com\/en\/wp-json\/wp\/v2\/types\/product"}],"replies":[{"embeddable":true,"href":"https:\/\/mpvane.com\/en\/wp-json\/wp\/v2\/comments?post=8131"}],"version-history":[{"count":1,"href":"https:\/\/mpvane.com\/en\/wp-json\/wp\/v2\/product\/8131\/revisions"}],"predecessor-version":[{"id":8132,"href":"https:\/\/mpvane.com\/en\/wp-json\/wp\/v2\/product\/8131\/revisions\/8132"}],"wp:featuredmedia":[{"embeddable":true,"href":"https:\/\/mpvane.com\/en\/wp-json\/wp\/v2\/media\/7805"}],"wp:attachment":[{"href":"https:\/\/mpvane.com\/en\/wp-json\/wp\/v2\/media?parent=8131"}],"wp:term":[{"taxonomy":"product_brand","embeddable":true,"href":"https:\/\/mpvane.com\/en\/wp-json\/wp\/v2\/product_brand?post=8131"},{"taxonomy":"product_cat","embeddable":true,"href":"https:\/\/mpvane.com\/en\/wp-json\/wp\/v2\/product_cat?post=8131"},{"taxonomy":"product_tag","embeddable":true,"href":"https:\/\/mpvane.com\/en\/wp-json\/wp\/v2\/product_tag?post=8131"}],"curies":[{"name":"wp","href":"https:\/\/api.w.org\/{rel}","templated":true}]}}