{"id":8127,"date":"2025-06-06T21:31:15","date_gmt":"2025-06-06T14:31:15","guid":{"rendered":"https:\/\/mpvane.com\/?post_type=product&#038;p=8127"},"modified":"2025-06-06T21:44:39","modified_gmt":"2025-06-06T14:44:39","slug":"bo-6-canh-than-carbon-orion-04100653010krf110a","status":"publish","type":"product","link":"https:\/\/mpvane.com\/en\/san-pham\/bo-6-canh-than-carbon-orion-04100653010krf110a\/","title":{"rendered":"B\u1ed9 6 c\u00e1nh than carbon ORION 04100653010,KRF110A"},"content":{"rendered":"<div id=\"ez-toc-container\" class=\"ez-toc-v2_0_75 counter-hierarchy ez-toc-counter ez-toc-grey ez-toc-container-direction\">\n<div class=\"ez-toc-title-container\">\n<p class=\"ez-toc-title\" style=\"cursor:inherit\">Table of Contents<\/p>\n<span class=\"ez-toc-title-toggle\"><a href=\"#\" class=\"ez-toc-pull-right ez-toc-btn ez-toc-btn-xs ez-toc-btn-default ez-toc-toggle\" aria-label=\"Toggle Table of Content\"><span class=\"ez-toc-js-icon-con\"><span class=\"\"><span class=\"eztoc-hide\" style=\"display:none;\">Toggle<\/span><span class=\"ez-toc-icon-toggle-span\"><svg style=\"fill: #999;color:#999\" xmlns=\"http:\/\/www.w3.org\/2000\/svg\" class=\"list-377408\" width=\"20px\" height=\"20px\" viewBox=\"0 0 24 24\" fill=\"none\"><path d=\"M6 6H4v2h2V6zm14 0H8v2h12V6zM4 11h2v2H4v-2zm16 0H8v2h12v-2zM4 16h2v2H4v-2zm16 0H8v2h12v-2z\" fill=\"currentColor\"><\/path><\/svg><svg style=\"fill: #999;color:#999\" class=\"arrow-unsorted-368013\" xmlns=\"http:\/\/www.w3.org\/2000\/svg\" width=\"10px\" height=\"10px\" viewBox=\"0 0 24 24\" version=\"1.2\" baseProfile=\"tiny\"><path d=\"M18.2 9.3l-6.2-6.3-6.2 6.3c-.2.2-.3.4-.3.7s.1.5.3.7c.2.2.4.3.7.3h11c.3 0 .5-.1.7-.3.2-.2.3-.5.3-.7s-.1-.5-.3-.7zM5.8 14.7l6.2 6.3 6.2-6.3c.2-.2.3-.5.3-.7s-.1-.5-.3-.7c-.2-.2-.4-.3-.7-.3h-11c-.3 0-.5.1-.7.3-.2.2-.3.5-.3.7s.1.5.3.7z\"\/><\/svg><\/span><\/span><\/span><\/a><\/span><\/div>\n<nav><ul class='ez-toc-list ez-toc-list-level-1 ' ><li class='ez-toc-page-1 ez-toc-heading-level-2'><a class=\"ez-toc-link ez-toc-heading-1\" href=\"https:\/\/mpvane.com\/en\/san-pham\/bo-6-canh-than-carbon-orion-04100653010krf110a\/#Bo_6_Canh_Than_Carbon_ORION_04100653010_%E2%80%93_Phu_Tung_Chinh_Hang_Cho_Bom_Chan_Khong_ORION_KRF110A\" >B\u1ed9 6 C\u00e1nh Than Carbon ORION 04100653010 \u2013 Ph\u1ee5 T\u00f9ng Ch\u00ednh H\u00e3ng Cho B\u01a1m Ch\u00e2n Kh\u00f4ng ORION KRF110A<\/a><ul class='ez-toc-list-level-3' ><li class='ez-toc-heading-level-3'><a class=\"ez-toc-link ez-toc-heading-2\" href=\"https:\/\/mpvane.com\/en\/san-pham\/bo-6-canh-than-carbon-orion-04100653010krf110a\/#%E2%9C%85_Phu_Tung_Chinh_Hang_%E2%80%93_Canh_Gat_Carbon_ORION_04100653010\" >\u2705 Ph\u1ee5 T\u00f9ng Ch\u00ednh H\u00e3ng \u2013 C\u00e1nh G\u1ea1t Carbon ORION 04100653010<\/a><\/li><li class='ez-toc-page-1 ez-toc-heading-level-3'><a class=\"ez-toc-link ez-toc-heading-3\" href=\"https:\/\/mpvane.com\/en\/san-pham\/bo-6-canh-than-carbon-orion-04100653010krf110a\/#%F0%9F%9B%A0_Thong_So_Ky_Thuat_Canh_Gat_ORION_04100653010\" >\ud83d\udee0 Th\u00f4ng S\u1ed1 K\u1ef9 Thu\u1eadt C\u00e1nh G\u1ea1t ORION 04100653010<\/a><\/li><li class='ez-toc-page-1 ez-toc-heading-level-3'><a class=\"ez-toc-link ez-toc-heading-4\" href=\"https:\/\/mpvane.com\/en\/san-pham\/bo-6-canh-than-carbon-orion-04100653010krf110a\/#%F0%9F%94%A7_Tuong_Thich_Voi_Cac_Model_Sau\" >\ud83d\udd27 T\u01b0\u01a1ng Th\u00edch V\u1edbi C\u00e1c Model Sau<\/a><\/li><\/ul><\/li><li class='ez-toc-page-1 ez-toc-heading-level-2'><a class=\"ez-toc-link ez-toc-heading-5\" href=\"https:\/\/mpvane.com\/en\/san-pham\/bo-6-canh-than-carbon-orion-04100653010krf110a\/#%F0%9F%94%8D_Tim_Hieu_Them_Ve_May_Bom_Chan_Khong_Kho_ORION_KRF110A\" >\ud83d\udd0d T\u00ecm Hi\u1ec3u Th\u00eam V\u1ec1 M\u00e1y B\u01a1m Ch\u00e2n Kh\u00f4ng Kh\u00f4 ORION KRF110A<\/a><ul class='ez-toc-list-level-3' ><li class='ez-toc-heading-level-3'><a class=\"ez-toc-link ez-toc-heading-6\" href=\"https:\/\/mpvane.com\/en\/san-pham\/bo-6-canh-than-carbon-orion-04100653010krf110a\/#%F0%9F%8E%AF_Uu_Diem_Cua_Bom_Chan_Khong_ORION_KRF110A\" >\ud83c\udfaf \u01afu \u0110i\u1ec3m C\u1ee7a B\u01a1m Ch\u00e2n Kh\u00f4ng ORION KRF110A<\/a><\/li><\/ul><\/li><li class='ez-toc-page-1 ez-toc-heading-level-2'><a class=\"ez-toc-link ez-toc-heading-7\" href=\"https:\/\/mpvane.com\/en\/san-pham\/bo-6-canh-than-carbon-orion-04100653010krf110a\/#%E2%9A%99%EF%B8%8F_Nguyen_Ly_Hoat_Dong_Cua_Bom_Chan_Khong_Kho_ORION\" >\u2699\ufe0f Nguy\u00ean L\u00fd Ho\u1ea1t \u0110\u1ed9ng C\u1ee7a B\u01a1m Ch\u00e2n Kh\u00f4ng Kh\u00f4 ORION<\/a><\/li><li class='ez-toc-page-1 ez-toc-heading-level-2'><a class=\"ez-toc-link ez-toc-heading-8\" href=\"https:\/\/mpvane.com\/en\/san-pham\/bo-6-canh-than-carbon-orion-04100653010krf110a\/#%E2%9D%97_Luu_Y_Khi_Van_Hanh_Va_Bao_Tri_Bom_ORION_KRF110A\" >\u2757 L\u01b0u \u00dd Khi V\u1eadn H\u00e0nh V\u00e0 B\u1ea3o Tr\u00ec B\u01a1m ORION KRF110A<\/a><ul class='ez-toc-list-level-3' ><li class='ez-toc-heading-level-3'><a class=\"ez-toc-link ez-toc-heading-9\" href=\"https:\/\/mpvane.com\/en\/san-pham\/bo-6-canh-than-carbon-orion-04100653010krf110a\/#1_Khong_su_dung_bom_voi_khi_de_chayno\" >1. Kh\u00f4ng s\u1eed d\u1ee5ng b\u01a1m v\u1edbi kh\u00ed d\u1ec5 ch\u00e1y\/n\u1ed5.<\/a><\/li><li class='ez-toc-page-1 ez-toc-heading-level-3'><a class=\"ez-toc-link ez-toc-heading-10\" href=\"https:\/\/mpvane.com\/en\/san-pham\/bo-6-canh-than-carbon-orion-04100653010krf110a\/#2_Tranh_van_hanh_khi_duong_ong_hut_hoac_xa_bi_tac\" >2. Tr\u00e1nh v\u1eadn h\u00e0nh khi \u0111\u01b0\u1eddng \u1ed1ng h\u00fat ho\u1eb7c x\u1ea3 b\u1ecb t\u1eafc.<\/a><\/li><li class='ez-toc-page-1 ez-toc-heading-level-3'><a class=\"ez-toc-link ez-toc-heading-11\" href=\"https:\/\/mpvane.com\/en\/san-pham\/bo-6-canh-than-carbon-orion-04100653010krf110a\/#3_Khong_su_dung_vuot_qua_ap_suat_dinh_muc\" >3. Kh\u00f4ng s\u1eed d\u1ee5ng v\u01b0\u1ee3t qu\u00e1 \u00e1p su\u1ea5t \u0111\u1ecbnh m\u1ee9c.<\/a><\/li><li class='ez-toc-page-1 ez-toc-heading-level-3'><a class=\"ez-toc-link ez-toc-heading-12\" href=\"https:\/\/mpvane.com\/en\/san-pham\/bo-6-canh-than-carbon-orion-04100653010krf110a\/#4_Su_dung_khi_nap_sach_khong_co_hoi_nuoc_hay_bui\" >4. S\u1eed d\u1ee5ng kh\u00ed n\u1ea1p s\u1ea1ch, kh\u00f4ng c\u00f3 h\u01a1i n\u01b0\u1edbc hay b\u1ee5i.<\/a><\/li><li class='ez-toc-page-1 ez-toc-heading-level-3'><a class=\"ez-toc-link ez-toc-heading-13\" href=\"https:\/\/mpvane.com\/en\/san-pham\/bo-6-canh-than-carbon-orion-04100653010krf110a\/#5_Luon_lap_ong_mem_o_dau_hut_va_xa_de_tranh_cong_huong\" >5. Lu\u00f4n l\u1eafp \u1ed1ng m\u1ec1m \u1edf \u0111\u1ea7u h\u00fat v\u00e0 x\u1ea3 \u0111\u1ec3 tr\u00e1nh c\u1ed9ng h\u01b0\u1edfng.<\/a><\/li><li class='ez-toc-page-1 ez-toc-heading-level-3'><a class=\"ez-toc-link ez-toc-heading-14\" href=\"https:\/\/mpvane.com\/en\/san-pham\/bo-6-canh-than-carbon-orion-04100653010krf110a\/#6_Lap_van_mot_chieu_de_tranh_quay_nguoc_khi_ngung_hoat_dong\" >6. L\u1eafp van m\u1ed9t chi\u1ec1u \u0111\u1ec3 tr\u00e1nh quay ng\u01b0\u1ee3c khi ng\u1eebng ho\u1ea1t \u0111\u1ed9ng.<\/a><\/li><\/ul><\/li><li class='ez-toc-page-1 ez-toc-heading-level-2'><a class=\"ez-toc-link ez-toc-heading-15\" href=\"https:\/\/mpvane.com\/en\/san-pham\/bo-6-canh-than-carbon-orion-04100653010krf110a\/#%F0%9F%94%81_Thay_The_Canh_Gat_ORION_%E2%80%93_Khi_Nao_La_Thoi_Diem_Phu_Hop\" >\ud83d\udd01 Thay Th\u1ebf C\u00e1nh G\u1ea1t ORION \u2013 Khi N\u00e0o L\u00e0 Th\u1eddi \u0110i\u1ec3m Ph\u00f9 H\u1ee3p?<\/a><\/li><li class='ez-toc-page-1 ez-toc-heading-level-2'><a class=\"ez-toc-link ez-toc-heading-16\" href=\"https:\/\/mpvane.com\/en\/san-pham\/bo-6-canh-than-carbon-orion-04100653010krf110a\/#%F0%9F%93%A6_Dat_Mua_Bo_Canh_Gat_Carbon_ORION_Chinh_Hang_O_Dau\" >\ud83d\udce6 \u0110\u1eb7t Mua B\u1ed9 C\u00e1nh G\u1ea1t Carbon ORION Ch\u00ednh H\u00e3ng \u1ede \u0110\u00e2u?<\/a><\/li><li class='ez-toc-page-1 ez-toc-heading-level-2'><a class=\"ez-toc-link ez-toc-heading-17\" href=\"https:\/\/mpvane.com\/en\/san-pham\/bo-6-canh-than-carbon-orion-04100653010krf110a\/#%F0%9F%93%9E_Lien_He_Ngay_Hom_Nay_De_Dat_Hang\" >\ud83d\udcde Li\u00ean H\u1ec7 Ngay H\u00f4m Nay \u0110\u1ec3 \u0110\u1eb7t H\u00e0ng<\/a><ul class='ez-toc-list-level-3' ><li class='ez-toc-heading-level-3'><a class=\"ez-toc-link ez-toc-heading-18\" href=\"https:\/\/mpvane.com\/en\/san-pham\/bo-6-canh-than-carbon-orion-04100653010krf110a\/#%F0%9F%94%8E_Tu_khoa_SEO_de_xuat_kem_theo\" >\ud83d\udd0e T\u1eeb kh\u00f3a SEO \u0111\u1ec1 xu\u1ea5t k\u00e8m theo:<\/a><\/li><\/ul><\/li><\/ul><\/nav><\/div>\n<div class=\"dad65929\">\n<div class=\"_4f9bf79 d7dc56a8 _43c05b5\">\n<div class=\"ds-markdown ds-markdown--block\">\n<h2 data-start=\"272\" data-end=\"373\"><span class=\"ez-toc-section\" id=\"Bo_6_Canh_Than_Carbon_ORION_04100653010_%E2%80%93_Phu_Tung_Chinh_Hang_Cho_Bom_Chan_Khong_ORION_KRF110A\"><\/span><strong data-start=\"275\" data-end=\"373\">B\u1ed9 6 C\u00e1nh Than Carbon ORION 04100653010 \u2013 Ph\u1ee5 T\u00f9ng Ch\u00ednh H\u00e3ng Cho B\u01a1m Ch\u00e2n Kh\u00f4ng ORION KRF110A<\/strong><span class=\"ez-toc-section-end\"><\/span><\/h2>\n<h3 data-start=\"375\" data-end=\"440\"><span class=\"ez-toc-section\" id=\"%E2%9C%85_Phu_Tung_Chinh_Hang_%E2%80%93_Canh_Gat_Carbon_ORION_04100653010\"><\/span>\u2705 <strong data-start=\"381\" data-end=\"440\">Ph\u1ee5 T\u00f9ng Ch\u00ednh H\u00e3ng \u2013 C\u00e1nh G\u1ea1t Carbon ORION 04100653010<\/strong><span class=\"ez-toc-section-end\"><\/span><\/h3>\n<p data-start=\"442\" data-end=\"745\"><strong data-start=\"442\" data-end=\"485\">B\u1ed9 6 c\u00e1nh than carbon ORION 04100653010<\/strong> l\u00e0 linh ki\u1ec7n thay th\u1ebf ch\u00ednh h\u00e3ng \u0111\u01b0\u1ee3c thi\u1ebft k\u1ebf d\u00e0nh ri\u00eang cho <strong data-start=\"548\" data-end=\"594\">m\u00e1y b\u01a1m ch\u00e2n kh\u00f4ng kh\u00f4 ORION model KRF110A<\/strong> v\u00e0 c\u00e1c bi\u1ebfn th\u1ec3 li\u00ean quan. S\u1ea3n ph\u1ea9m \u0111\u00f3ng vai tr\u00f2 quan tr\u1ecdng trong qu\u00e1 tr\u00ecnh h\u00fat v\u00e0 x\u1ea3 kh\u00ed, \u0111\u1ea3m b\u1ea3o hi\u1ec7u su\u1ea5t \u1ed5n \u0111\u1ecbnh v\u00e0 k\u00e9o d\u00e0i tu\u1ed5i th\u1ecd c\u1ee7a thi\u1ebft b\u1ecb.<\/p>\n<h3 data-start=\"747\" data-end=\"802\"><span class=\"ez-toc-section\" id=\"%F0%9F%9B%A0_Thong_So_Ky_Thuat_Canh_Gat_ORION_04100653010\"><\/span>\ud83d\udee0 <strong data-start=\"754\" data-end=\"802\">Th\u00f4ng S\u1ed1 K\u1ef9 Thu\u1eadt C\u00e1nh G\u1ea1t ORION 04100653010<\/strong><span class=\"ez-toc-section-end\"><\/span><\/h3>\n<ul data-start=\"804\" data-end=\"1060\">\n<li data-start=\"804\" data-end=\"864\">\n<p data-start=\"806\" data-end=\"864\"><strong data-start=\"806\" data-end=\"823\">T\u00ean s\u1ea3n ph\u1ea9m:<\/strong> B\u1ed9 c\u00e1nh g\u1ea1t ORION Original 04100653010<\/p>\n<\/li>\n<li data-start=\"865\" data-end=\"922\">\n<p data-start=\"867\" data-end=\"922\"><strong data-start=\"867\" data-end=\"882\">K\u00edch th\u01b0\u1edbc:<\/strong> 52mm (r\u1ed9ng) \u00d7 230mm (d\u00e0i) \u00d7 8mm (d\u00e0y)<\/p>\n<\/li>\n<li data-start=\"923\" data-end=\"955\">\n<p data-start=\"925\" data-end=\"955\"><strong data-start=\"925\" data-end=\"938\">V\u1eadt li\u1ec7u:<\/strong> Carbon cao c\u1ea5p<\/p>\n<\/li>\n<li data-start=\"956\" data-end=\"994\">\n<p data-start=\"958\" data-end=\"994\"><strong data-start=\"958\" data-end=\"980\">S\u1ed1 l\u01b0\u1ee3ng trong b\u1ed9:<\/strong> 06 c\u00e1nh g\u1ea1t<\/p>\n<\/li>\n<li data-start=\"995\" data-end=\"1060\">\n<p data-start=\"997\" data-end=\"1060\"><strong data-start=\"997\" data-end=\"1010\">\u1ee8ng d\u1ee5ng:<\/strong> D\u00f9ng cho <strong data-start=\"1020\" data-end=\"1060\">m\u00e1y b\u01a1m ch\u00e2n kh\u00f4ng kh\u00f4 ORION KRF110A<\/strong><\/p>\n<\/li>\n<\/ul>\n<h3 data-start=\"1062\" data-end=\"1102\"><span class=\"ez-toc-section\" id=\"%F0%9F%94%A7_Tuong_Thich_Voi_Cac_Model_Sau\"><\/span>\ud83d\udd27 <strong data-start=\"1069\" data-end=\"1102\">T\u01b0\u01a1ng Th\u00edch V\u1edbi C\u00e1c Model Sau<\/strong><span class=\"ez-toc-section-end\"><\/span><\/h3>\n<p data-start=\"1104\" data-end=\"1152\">B\u1ed9 c\u00e1nh than ORION 04100653010 \u0111\u01b0\u1ee3c s\u1eed d\u1ee5ng cho:<\/p>\n<ul data-start=\"1154\" data-end=\"1334\">\n<li data-start=\"1154\" data-end=\"1171\">\n<p data-start=\"1156\" data-end=\"1171\">ORION KRF110A<\/p>\n<\/li>\n<li data-start=\"1172\" data-end=\"1188\">\n<p data-start=\"1174\" data-end=\"1188\">ORION KRF110<\/p>\n<\/li>\n<li data-start=\"1189\" data-end=\"1212\">\n<p data-start=\"1191\" data-end=\"1212\">ORION KRF110A-V-01B<\/p>\n<\/li>\n<li data-start=\"1213\" data-end=\"1236\">\n<p data-start=\"1215\" data-end=\"1236\">ORION KRF110A-V-04B<\/p>\n<\/li>\n<li data-start=\"1237\" data-end=\"1260\">\n<p data-start=\"1239\" data-end=\"1260\">ORION KRF110A-B-01B<\/p>\n<\/li>\n<li data-start=\"1261\" data-end=\"1284\">\n<p data-start=\"1263\" data-end=\"1284\">ORION KRF110A-B-04B<\/p>\n<\/li>\n<li data-start=\"1285\" data-end=\"1309\">\n<p data-start=\"1287\" data-end=\"1309\">ORION KRF110A-VB-01B<\/p>\n<\/li>\n<li data-start=\"1310\" data-end=\"1334\">\n<p data-start=\"1312\" data-end=\"1334\">ORION KRF110A-VB-04B<\/p>\n<\/li>\n<\/ul>\n<hr data-start=\"1336\" data-end=\"1339\" \/>\n<h2 data-start=\"1341\" data-end=\"1404\"><span class=\"ez-toc-section\" id=\"%F0%9F%94%8D_Tim_Hieu_Them_Ve_May_Bom_Chan_Khong_Kho_ORION_KRF110A\"><\/span>\ud83d\udd0d <strong data-start=\"1347\" data-end=\"1404\">T\u00ecm Hi\u1ec3u Th\u00eam V\u1ec1 M\u00e1y B\u01a1m Ch\u00e2n Kh\u00f4ng Kh\u00f4 ORION KRF110A<\/strong><span class=\"ez-toc-section-end\"><\/span><\/h2>\n<p data-start=\"1406\" data-end=\"1594\">M\u00e1y b\u01a1m ch\u00e2n kh\u00f4ng kh\u00f4 ORION l\u00e0 d\u00f2ng s\u1ea3n ph\u1ea9m ti\u00ean phong t\u1ea1i Nh\u1eadt B\u1ea3n t\u1eeb n\u0103m 1965, n\u1ed5i b\u1eadt v\u1edbi thi\u1ebft k\u1ebf <strong data-start=\"1510\" data-end=\"1531\">kh\u00f4ng s\u1eed d\u1ee5ng d\u1ea7u<\/strong>, v\u1eadn h\u00e0nh <strong data-start=\"1542\" data-end=\"1551\">\u00eam \u00e1i<\/strong>, <strong data-start=\"1553\" data-end=\"1563\">b\u1ec1n b\u1ec9<\/strong> v\u00e0 <strong data-start=\"1567\" data-end=\"1592\">th\u00e2n thi\u1ec7n m\u00f4i tr\u01b0\u1eddng<\/strong>.<\/p>\n<h3 data-start=\"1596\" data-end=\"1647\"><span class=\"ez-toc-section\" id=\"%F0%9F%8E%AF_Uu_Diem_Cua_Bom_Chan_Khong_ORION_KRF110A\"><\/span>\ud83c\udfaf <strong data-start=\"1603\" data-end=\"1647\">\u01afu \u0110i\u1ec3m C\u1ee7a B\u01a1m Ch\u00e2n Kh\u00f4ng ORION KRF110A<\/strong><span class=\"ez-toc-section-end\"><\/span><\/h3>\n<ul data-start=\"1649\" data-end=\"1914\">\n<li data-start=\"1649\" data-end=\"1748\">\n<p data-start=\"1651\" data-end=\"1748\">Kh\u00f4ng nhi\u1ec5m d\u1ea7u: Ph\u00f9 h\u1ee3p v\u1edbi c\u00e1c ng\u00e0nh y\u00eau c\u1ea7u m\u00f4i tr\u01b0\u1eddng s\u1ea1ch nh\u01b0 d\u01b0\u1ee3c ph\u1ea9m, th\u1ef1c ph\u1ea9m, \u0111i\u1ec7n t\u1eed.<\/p>\n<\/li>\n<li data-start=\"1749\" data-end=\"1807\">\n<p data-start=\"1751\" data-end=\"1807\">Ti\u1ebfng \u1ed3n th\u1ea5p v\u00e0 tu\u1ed5i th\u1ecd cao nh\u1edd c\u00e1nh than t\u1ef1 b\u00f4i tr\u01a1n.<\/p>\n<\/li>\n<li data-start=\"1808\" data-end=\"1869\">\n<p data-start=\"1810\" data-end=\"1869\">T\u1ed1c \u0111\u1ed9 quay cao gi\u00fap h\u00fat v\u00e0 x\u1ea3 kh\u00ed \u1ed5n \u0111\u1ecbnh, rung \u0111\u1ed9ng th\u1ea5p.<\/p>\n<\/li>\n<li data-start=\"1870\" data-end=\"1914\">\n<p data-start=\"1872\" data-end=\"1914\">C\u00f3 b\u1ed9 \u0111i\u1ec1u khi\u1ec3n v\u00e0 \u0111\u1ed3ng h\u1ed3 \u0111o ti\u00eau chu\u1ea9n.<\/p>\n<\/li>\n<\/ul>\n<hr data-start=\"1916\" data-end=\"1919\" \/>\n<h2 data-start=\"1921\" data-end=\"1979\"><span class=\"ez-toc-section\" id=\"%E2%9A%99%EF%B8%8F_Nguyen_Ly_Hoat_Dong_Cua_Bom_Chan_Khong_Kho_ORION\"><\/span>\u2699\ufe0f <strong data-start=\"1927\" data-end=\"1979\">Nguy\u00ean L\u00fd Ho\u1ea1t \u0110\u1ed9ng C\u1ee7a B\u01a1m Ch\u00e2n Kh\u00f4ng Kh\u00f4 ORION<\/strong><span class=\"ez-toc-section-end\"><\/span><\/h2>\n<p data-start=\"1981\" data-end=\"2223\">B\u01a1m ho\u1ea1t \u0111\u1ed9ng d\u1ef1a tr\u00ean nguy\u00ean l\u00fd <strong data-start=\"2014\" data-end=\"2044\">rotor l\u1ec7ch t\u00e2m v\u1edbi xi lanh<\/strong>, c\u00f9ng c\u00e1c c\u00e1nh g\u1ea1t carbon li\u00ean t\u1ee5c tr\u01b0\u1ee3t theo l\u1ef1c ly t\u00e2m trong r\u00e3nh rotor. Kh\u00f4ng kh\u00ed \u0111\u01b0\u1ee3c h\u00fat, n\u00e9n v\u00e0 \u0111\u1ea9y theo chu k\u1ef3 trong m\u1ed9t v\u00f2ng quay, t\u1ea1o ra hi\u1ec7u qu\u1ea3 h\u00fat ch\u00e2n kh\u00f4ng \u1ed5n \u0111\u1ecbnh.<\/p>\n<hr data-start=\"2225\" data-end=\"2228\" \/>\n<h2 data-start=\"2230\" data-end=\"2286\"><span class=\"ez-toc-section\" id=\"%E2%9D%97_Luu_Y_Khi_Van_Hanh_Va_Bao_Tri_Bom_ORION_KRF110A\"><\/span>\u2757 <strong data-start=\"2235\" data-end=\"2286\">L\u01b0u \u00dd Khi V\u1eadn H\u00e0nh V\u00e0 B\u1ea3o Tr\u00ec B\u01a1m ORION KRF110A<\/strong><span class=\"ez-toc-section-end\"><\/span><\/h2>\n<h3 data-start=\"2288\" data-end=\"2338\"><span class=\"ez-toc-section\" id=\"1_Khong_su_dung_bom_voi_khi_de_chayno\"><\/span>1. <strong data-start=\"2295\" data-end=\"2336\">Kh\u00f4ng s\u1eed d\u1ee5ng b\u01a1m v\u1edbi kh\u00ed d\u1ec5 ch\u00e1y\/n\u1ed5.<\/strong><span class=\"ez-toc-section-end\"><\/span><\/h3>\n<h3 data-start=\"2339\" data-end=\"2400\"><span class=\"ez-toc-section\" id=\"2_Tranh_van_hanh_khi_duong_ong_hut_hoac_xa_bi_tac\"><\/span>2. <strong data-start=\"2346\" data-end=\"2398\">Tr\u00e1nh v\u1eadn h\u00e0nh khi \u0111\u01b0\u1eddng \u1ed1ng h\u00fat ho\u1eb7c x\u1ea3 b\u1ecb t\u1eafc.<\/strong><span class=\"ez-toc-section-end\"><\/span><\/h3>\n<h3 data-start=\"2401\" data-end=\"2454\"><span class=\"ez-toc-section\" id=\"3_Khong_su_dung_vuot_qua_ap_suat_dinh_muc\"><\/span>3. <strong data-start=\"2408\" data-end=\"2452\">Kh\u00f4ng s\u1eed d\u1ee5ng v\u01b0\u1ee3t qu\u00e1 \u00e1p su\u1ea5t \u0111\u1ecbnh m\u1ee9c.<\/strong><span class=\"ez-toc-section-end\"><\/span><\/h3>\n<h3 data-start=\"2455\" data-end=\"2516\"><span class=\"ez-toc-section\" id=\"4_Su_dung_khi_nap_sach_khong_co_hoi_nuoc_hay_bui\"><\/span>4. <strong data-start=\"2462\" data-end=\"2514\">S\u1eed d\u1ee5ng kh\u00ed n\u1ea1p s\u1ea1ch, kh\u00f4ng c\u00f3 h\u01a1i n\u01b0\u1edbc hay b\u1ee5i.<\/strong><span class=\"ez-toc-section-end\"><\/span><\/h3>\n<h3 data-start=\"2517\" data-end=\"2583\"><span class=\"ez-toc-section\" id=\"5_Luon_lap_ong_mem_o_dau_hut_va_xa_de_tranh_cong_huong\"><\/span>5. <strong data-start=\"2524\" data-end=\"2581\">Lu\u00f4n l\u1eafp \u1ed1ng m\u1ec1m \u1edf \u0111\u1ea7u h\u00fat v\u00e0 x\u1ea3 \u0111\u1ec3 tr\u00e1nh c\u1ed9ng h\u01b0\u1edfng.<\/strong><span class=\"ez-toc-section-end\"><\/span><\/h3>\n<h3 data-start=\"2584\" data-end=\"2653\"><span class=\"ez-toc-section\" id=\"6_Lap_van_mot_chieu_de_tranh_quay_nguoc_khi_ngung_hoat_dong\"><\/span>6. <strong data-start=\"2591\" data-end=\"2653\">L\u1eafp van m\u1ed9t chi\u1ec1u \u0111\u1ec3 tr\u00e1nh quay ng\u01b0\u1ee3c khi ng\u1eebng ho\u1ea1t \u0111\u1ed9ng.<\/strong><span class=\"ez-toc-section-end\"><\/span><\/h3>\n<hr data-start=\"2655\" data-end=\"2658\" \/>\n<h2 data-start=\"2660\" data-end=\"2725\"><span class=\"ez-toc-section\" id=\"%F0%9F%94%81_Thay_The_Canh_Gat_ORION_%E2%80%93_Khi_Nao_La_Thoi_Diem_Phu_Hop\"><\/span>\ud83d\udd01 <strong data-start=\"2666\" data-end=\"2725\">Thay Th\u1ebf C\u00e1nh G\u1ea1t ORION \u2013 Khi N\u00e0o L\u00e0 Th\u1eddi \u0110i\u1ec3m Ph\u00f9 H\u1ee3p?<\/strong><span class=\"ez-toc-section-end\"><\/span><\/h2>\n<p data-start=\"2727\" data-end=\"2816\">Vi\u1ec7c thay th\u1ebf \u0111\u1ecbnh k\u1ef3 <strong data-start=\"2749\" data-end=\"2782\">b\u1ed9 c\u00e1nh g\u1ea1t ORION 04100653010<\/strong> l\u00e0 c\u1ea7n thi\u1ebft \u0111\u1ec3 tr\u00e1nh t\u00ecnh tr\u1ea1ng:<\/p>\n<ul data-start=\"2818\" data-end=\"2903\">\n<li data-start=\"2818\" data-end=\"2841\">\n<p data-start=\"2820\" data-end=\"2841\">G\u00e3y c\u00e1nh do m\u00e0i m\u00f2n<\/p>\n<\/li>\n<li data-start=\"2842\" data-end=\"2872\">\n<p data-start=\"2844\" data-end=\"2872\">B\u01a1m b\u1ecb k\u1eb9t, gi\u1ea3m hi\u1ec7u su\u1ea5t<\/p>\n<\/li>\n<li data-start=\"2873\" data-end=\"2903\">\n<p data-start=\"2875\" data-end=\"2903\">Ti\u1ebfng \u1ed3n t\u0103ng khi v\u1eadn h\u00e0nh<\/p>\n<\/li>\n<\/ul>\n<p data-start=\"2905\" data-end=\"2943\">\ud83d\udd27 <strong data-start=\"2908\" data-end=\"2943\">Th\u1eddi gian thay th\u1ebf khuy\u1ebfn ngh\u1ecb:<\/strong><\/p>\n<ul data-start=\"2944\" data-end=\"3039\">\n<li data-start=\"2944\" data-end=\"3000\">\n<p data-start=\"2946\" data-end=\"3000\"><strong data-start=\"2946\" data-end=\"2960\">12.000 gi\u1edd<\/strong> v\u1edbi \u00e1p su\u1ea5t ch\u00e2n kh\u00f4ng\/x\u1ea3 b\u00ecnh th\u01b0\u1eddng<\/p>\n<\/li>\n<li data-start=\"3001\" data-end=\"3039\">\n<p data-start=\"3003\" data-end=\"3039\"><strong data-start=\"3003\" data-end=\"3016\">9.500 gi\u1edd<\/strong> \u1edf \u00e1p su\u1ea5t gi\u1edbi h\u1ea1n cao<\/p>\n<\/li>\n<\/ul>\n<hr data-start=\"3041\" data-end=\"3044\" \/>\n<h2 data-start=\"3046\" data-end=\"3106\"><span class=\"ez-toc-section\" id=\"%F0%9F%93%A6_Dat_Mua_Bo_Canh_Gat_Carbon_ORION_Chinh_Hang_O_Dau\"><\/span>\ud83d\udce6 <strong data-start=\"3052\" data-end=\"3106\">\u0110\u1eb7t Mua B\u1ed9 C\u00e1nh G\u1ea1t Carbon ORION Ch\u00ednh H\u00e3ng \u1ede \u0110\u00e2u?<\/strong><span class=\"ez-toc-section-end\"><\/span><\/h2>\n<p data-start=\"3108\" data-end=\"3193\">Minh Ph\u00fac Co., Ltd l\u00e0 \u0111\u01a1n v\u1ecb cung c\u1ea5p <strong data-start=\"3146\" data-end=\"3183\">ph\u1ee5 t\u00f9ng m\u00e1y b\u01a1m ORION ch\u00ednh h\u00e3ng<\/strong>, cam k\u1ebft:<\/p>\n<ul data-start=\"3195\" data-end=\"3287\">\n<li data-start=\"3195\" data-end=\"3229\">\n<p data-start=\"3197\" data-end=\"3229\">S\u1ea3n ph\u1ea9m <strong data-start=\"3206\" data-end=\"3218\">m\u1edbi 100%<\/strong>, \u0111\u00fang m\u00e3<\/p>\n<\/li>\n<li data-start=\"3230\" data-end=\"3261\">\n<p data-start=\"3232\" data-end=\"3261\"><strong data-start=\"3232\" data-end=\"3251\">T\u01b0 v\u1ea5n k\u1ef9 thu\u1eadt<\/strong> t\u1eadn t\u00e2m<\/p>\n<\/li>\n<li data-start=\"3262\" data-end=\"3287\">\n<p data-start=\"3264\" data-end=\"3287\"><strong data-start=\"3264\" data-end=\"3287\">Giao h\u00e0ng to\u00e0n qu\u1ed1c<\/strong><\/p>\n<\/li>\n<\/ul>\n<hr data-start=\"3289\" data-end=\"3292\" \/>\n<h2 data-start=\"3294\" data-end=\"3336\"><span class=\"ez-toc-section\" id=\"%F0%9F%93%9E_Lien_He_Ngay_Hom_Nay_De_Dat_Hang\"><\/span>\ud83d\udcde <strong data-start=\"3300\" data-end=\"3336\">Li\u00ean H\u1ec7 Ngay H\u00f4m Nay \u0110\u1ec3 \u0110\u1eb7t H\u00e0ng<\/strong><span class=\"ez-toc-section-end\"><\/span><\/h2>\n<ul data-start=\"3338\" data-end=\"3516\">\n<li data-start=\"3338\" data-end=\"3370\">\n<p data-start=\"3340\" data-end=\"3370\">\ud83d\udcde <strong data-start=\"3343\" data-end=\"3355\">Hotline:<\/strong> 0985 459 559<\/p>\n<\/li>\n<li data-start=\"3371\" data-end=\"3436\">\n<p data-start=\"3373\" data-end=\"3436\">\ud83c\udf10 <strong data-start=\"3376\" data-end=\"3388\">Website:<\/strong> <a class=\"\" href=\"http:\/\/www.minhphuco.com\" target=\"_new\" rel=\"noopener\" data-start=\"3389\" data-end=\"3434\">www.minhphuco.com<\/a><\/p>\n<\/li>\n<li data-start=\"3437\" data-end=\"3473\">\n<p data-start=\"3439\" data-end=\"3473\">\ud83d\udce7 <strong data-start=\"3442\" data-end=\"3452\">Email:<\/strong> <a class=\"cursor-pointer\" rel=\"noopener\" data-start=\"3453\" data-end=\"3471\">sales@minhphuco.vn<\/a><\/p>\n<\/li>\n<li data-start=\"3474\" data-end=\"3516\">\n<p data-start=\"3476\" data-end=\"3516\">\ud83d\udcac <strong data-start=\"3479\" data-end=\"3488\">Zalo:<\/strong> 0985 490 343 | 0985 843 778<\/p>\n<\/li>\n<\/ul>\n<hr data-start=\"3518\" data-end=\"3521\" \/>\n<h3 data-start=\"3523\" data-end=\"3563\"><span class=\"ez-toc-section\" id=\"%F0%9F%94%8E_Tu_khoa_SEO_de_xuat_kem_theo\"><\/span>\ud83d\udd0e <strong data-start=\"3530\" data-end=\"3563\">T\u1eeb kh\u00f3a SEO \u0111\u1ec1 xu\u1ea5t k\u00e8m theo:<\/strong><span class=\"ez-toc-section-end\"><\/span><\/h3>\n<ul data-start=\"3564\" data-end=\"3743\">\n<li data-start=\"3564\" data-end=\"3594\">\n<p data-start=\"3566\" data-end=\"3594\">c\u00e1nh g\u1ea1t ORION 04100653010<\/p>\n<\/li>\n<li data-start=\"3595\" data-end=\"3629\">\n<p data-start=\"3597\" data-end=\"3629\">b\u1ed9 c\u00e1nh than b\u01a1m ORION KRF110A<\/p>\n<\/li>\n<li data-start=\"3630\" data-end=\"3667\">\n<p data-start=\"3632\" data-end=\"3667\">ph\u1ee5 t\u00f9ng m\u00e1y b\u01a1m ch\u00e2n kh\u00f4ng Orion<\/p>\n<\/li>\n<li data-start=\"3668\" data-end=\"3699\">\n<p data-start=\"3670\" data-end=\"3699\">thay th\u1ebf c\u00e1nh g\u1ea1t b\u01a1m ORION<\/p>\n<\/li>\n<li data-start=\"3700\" data-end=\"3743\">\n<p data-start=\"3702\" data-end=\"3743\">m\u00e1y b\u01a1m ch\u00e2n kh\u00f4ng kh\u00f4 ORION ch\u00ednh h\u00e3ng<\/p>\n<\/li>\n<\/ul>\n<\/div>\n<\/div>\n<\/div>\n","protected":false},"excerpt":{"rendered":"<p>K\u00edch th\u01b0\u1edbc: 52 mm (chi\u1ec1u r\u1ed9ng\/cao) \u00d7 230 mm (chi\u1ec1u d\u00e0i)\u00d7 8 mm (\u0111\u1ed9 d\u00e0y)<br \/>\nV\u1eadt li\u1ec7u c\u00e1nh than Orion KRF110A : Carbon<br \/>\nD\u00f9ng cho c\u00e1c m\u00e1y b\u01a1m : KRF110A<\/p>\n","protected":false},"featured_media":7805,"comment_status":"open","ping_status":"closed","template":"","meta":{"_acf_changed":false},"product_brand":[],"product_cat":[69,707],"product_tag":[2244,2245],"class_list":{"0":"post-8127","1":"product","2":"type-product","3":"status-publish","4":"has-post-thumbnail","6":"product_cat-canh-vane","7":"product_cat-orion-vanes","8":"product_tag-2244","9":"product_tag-krf110a","11":"first","12":"instock","13":"shipping-taxable","14":"product-type-simple"},"acf":[],"_links":{"self":[{"href":"https:\/\/mpvane.com\/en\/wp-json\/wp\/v2\/product\/8127","targetHints":{"allow":["GET"]}}],"collection":[{"href":"https:\/\/mpvane.com\/en\/wp-json\/wp\/v2\/product"}],"about":[{"href":"https:\/\/mpvane.com\/en\/wp-json\/wp\/v2\/types\/product"}],"replies":[{"embeddable":true,"href":"https:\/\/mpvane.com\/en\/wp-json\/wp\/v2\/comments?post=8127"}],"version-history":[{"count":1,"href":"https:\/\/mpvane.com\/en\/wp-json\/wp\/v2\/product\/8127\/revisions"}],"predecessor-version":[{"id":8128,"href":"https:\/\/mpvane.com\/en\/wp-json\/wp\/v2\/product\/8127\/revisions\/8128"}],"wp:featuredmedia":[{"embeddable":true,"href":"https:\/\/mpvane.com\/en\/wp-json\/wp\/v2\/media\/7805"}],"wp:attachment":[{"href":"https:\/\/mpvane.com\/en\/wp-json\/wp\/v2\/media?parent=8127"}],"wp:term":[{"taxonomy":"product_brand","embeddable":true,"href":"https:\/\/mpvane.com\/en\/wp-json\/wp\/v2\/product_brand?post=8127"},{"taxonomy":"product_cat","embeddable":true,"href":"https:\/\/mpvane.com\/en\/wp-json\/wp\/v2\/product_cat?post=8127"},{"taxonomy":"product_tag","embeddable":true,"href":"https:\/\/mpvane.com\/en\/wp-json\/wp\/v2\/product_tag?post=8127"}],"curies":[{"name":"wp","href":"https:\/\/api.w.org\/{rel}","templated":true}]}}