{"id":8111,"date":"2025-06-03T11:36:33","date_gmt":"2025-06-03T04:36:33","guid":{"rendered":"https:\/\/mpvane.com\/?post_type=product&#038;p=8111"},"modified":"2025-06-03T13:41:13","modified_gmt":"2025-06-03T06:41:13","slug":"bo-5-canh-than-carbon-orion-04100889010cbf4040","status":"publish","type":"product","link":"https:\/\/mpvane.com\/en\/san-pham\/bo-5-canh-than-carbon-orion-04100889010cbf4040\/","title":{"rendered":"B\u1ed9 5 c\u00e1nh than carbon ORION 04100889010,CBF4040"},"content":{"rendered":"<div id=\"ez-toc-container\" class=\"ez-toc-v2_0_75 counter-hierarchy ez-toc-counter ez-toc-grey ez-toc-container-direction\">\n<div class=\"ez-toc-title-container\">\n<p class=\"ez-toc-title\" style=\"cursor:inherit\">Table of Contents<\/p>\n<span class=\"ez-toc-title-toggle\"><a href=\"#\" class=\"ez-toc-pull-right ez-toc-btn ez-toc-btn-xs ez-toc-btn-default ez-toc-toggle\" aria-label=\"Toggle Table of Content\"><span class=\"ez-toc-js-icon-con\"><span class=\"\"><span class=\"eztoc-hide\" style=\"display:none;\">Toggle<\/span><span class=\"ez-toc-icon-toggle-span\"><svg style=\"fill: #999;color:#999\" xmlns=\"http:\/\/www.w3.org\/2000\/svg\" class=\"list-377408\" width=\"20px\" height=\"20px\" viewBox=\"0 0 24 24\" fill=\"none\"><path d=\"M6 6H4v2h2V6zm14 0H8v2h12V6zM4 11h2v2H4v-2zm16 0H8v2h12v-2zM4 16h2v2H4v-2zm16 0H8v2h12v-2z\" fill=\"currentColor\"><\/path><\/svg><svg style=\"fill: #999;color:#999\" class=\"arrow-unsorted-368013\" xmlns=\"http:\/\/www.w3.org\/2000\/svg\" width=\"10px\" height=\"10px\" viewBox=\"0 0 24 24\" version=\"1.2\" baseProfile=\"tiny\"><path d=\"M18.2 9.3l-6.2-6.3-6.2 6.3c-.2.2-.3.4-.3.7s.1.5.3.7c.2.2.4.3.7.3h11c.3 0 .5-.1.7-.3.2-.2.3-.5.3-.7s-.1-.5-.3-.7zM5.8 14.7l6.2 6.3 6.2-6.3c.2-.2.3-.5.3-.7s-.1-.5-.3-.7c-.2-.2-.4-.3-.7-.3h-11c-.3 0-.5.1-.7.3-.2.2-.3.5-.3.7s.1.5.3.7z\"\/><\/svg><\/span><\/span><\/span><\/a><\/span><\/div>\n<nav><ul class='ez-toc-list ez-toc-list-level-1 ' ><li class='ez-toc-page-1 ez-toc-heading-level-1'><a class=\"ez-toc-link ez-toc-heading-1\" href=\"https:\/\/mpvane.com\/en\/san-pham\/bo-5-canh-than-carbon-orion-04100889010cbf4040\/#Bo_5_Canh_Than_Carbon_ORION_04100889010_CBF4040_%E2%80%93_Chinh_Hang_Gia_Tot\" >B\u1ed9 5 C\u00e1nh Than Carbon ORION 04100889010, CBF4040 \u2013 Ch\u00ednh H\u00e3ng, Gi\u00e1 T\u1ed1t<\/a><ul class='ez-toc-list-level-2' ><li class='ez-toc-heading-level-2'><a class=\"ez-toc-link ez-toc-heading-2\" href=\"https:\/\/mpvane.com\/en\/san-pham\/bo-5-canh-than-carbon-orion-04100889010cbf4040\/#Thong_Tin_San_Pham\" >Th\u00f4ng Tin S\u1ea3n Ph\u1ea9m<\/a><\/li><li class='ez-toc-page-1 ez-toc-heading-level-2'><a class=\"ez-toc-link ez-toc-heading-3\" href=\"https:\/\/mpvane.com\/en\/san-pham\/bo-5-canh-than-carbon-orion-04100889010cbf4040\/#Tai_Sao_Nen_Chon_Canh_Than_ORION_CBF4040\" >T\u1ea1i Sao N\u00ean Ch\u1ecdn C\u00e1nh Than ORION CBF4040?<\/a><\/li><li class='ez-toc-page-1 ez-toc-heading-level-2'><a class=\"ez-toc-link ez-toc-heading-4\" href=\"https:\/\/mpvane.com\/en\/san-pham\/bo-5-canh-than-carbon-orion-04100889010cbf4040\/#Nguyen_Ly_Hoat_Dong_Cua_Bom_Chan_Khong_ORION\" >Nguy\u00ean L\u00fd Ho\u1ea1t \u0110\u1ed9ng C\u1ee7a B\u01a1m Ch\u00e2n Kh\u00f4ng ORION<\/a><ul class='ez-toc-list-level-3' ><li class='ez-toc-heading-level-3'><a class=\"ez-toc-link ez-toc-heading-5\" href=\"https:\/\/mpvane.com\/en\/san-pham\/bo-5-canh-than-carbon-orion-04100889010cbf4040\/#Luu_Y_Khi_Su_Dung_Bao_Tri\" >L\u01b0u \u00dd Khi S\u1eed D\u1ee5ng &amp; B\u1ea3o Tr\u00ec<\/a><\/li><\/ul><\/li><li class='ez-toc-page-1 ez-toc-heading-level-2'><a class=\"ez-toc-link ez-toc-heading-6\" href=\"https:\/\/mpvane.com\/en\/san-pham\/bo-5-canh-than-carbon-orion-04100889010cbf4040\/#Thoi_Gian_Thay_The_Khuyen_Nghi\" >Th\u1eddi Gian Thay Th\u1ebf Khuy\u1ebfn Ngh\u1ecb<\/a><\/li><li class='ez-toc-page-1 ez-toc-heading-level-2'><a class=\"ez-toc-link ez-toc-heading-7\" href=\"https:\/\/mpvane.com\/en\/san-pham\/bo-5-canh-than-carbon-orion-04100889010cbf4040\/#Lien_He_Dat_Hang_Ngay\" >Li\u00ean H\u1ec7 \u0110\u1eb7t H\u00e0ng Ngay!<\/a><ul class='ez-toc-list-level-3' ><li class='ez-toc-heading-level-3'><a class=\"ez-toc-link ez-toc-heading-8\" href=\"https:\/\/mpvane.com\/en\/san-pham\/bo-5-canh-than-carbon-orion-04100889010cbf4040\/#Minh_Phuc_Co_%E2%80%93_Doi_Tac_Tin_Cay_Cung_Cap_Phu_Kien_Bom_Chan_Khong_ORION_Chinh_Hang\" >Minh Ph\u00fac Co. \u2013 \u0110\u1ed1i T\u00e1c Tin C\u1eady Cung C\u1ea5p Ph\u1ee5 Ki\u1ec7n B\u01a1m Ch\u00e2n Kh\u00f4ng ORION Ch\u00ednh H\u00e3ng!<\/a><\/li><\/ul><\/li><\/ul><\/li><\/ul><\/nav><\/div>\n<div class=\"dad65929\">\n<div class=\"_4f9bf79 d7dc56a8 _43c05b5\">\n<div class=\"ds-markdown ds-markdown--block\">\n<h1><span class=\"ez-toc-section\" id=\"Bo_5_Canh_Than_Carbon_ORION_04100889010_CBF4040_%E2%80%93_Chinh_Hang_Gia_Tot\"><\/span><strong>B\u1ed9 5 C\u00e1nh Than Carbon ORION 04100889010, CBF4040 \u2013 Ch\u00ednh H\u00e3ng, Gi\u00e1 T\u1ed1t<\/strong><span class=\"ez-toc-section-end\"><\/span><\/h1>\n<h2><span class=\"ez-toc-section\" id=\"Thong_Tin_San_Pham\"><\/span><strong>Th\u00f4ng Tin S\u1ea3n Ph\u1ea9m<\/strong><span class=\"ez-toc-section-end\"><\/span><\/h2>\n<p class=\"ds-markdown-paragraph\">\u2705\u00a0<strong>T\u00ean s\u1ea3n ph\u1ea9m:<\/strong>\u00a0B\u1ed9 c\u00e1nh than ORION Original 04100889010 (CBF4040)<br \/>\n\u2705\u00a0<strong>K\u00edch th\u01b0\u1edbc:<\/strong>\u00a040 mm (r\u1ed9ng\/cao) \u00d7 120 mm (d\u00e0i) \u00d7 5 mm (d\u00e0y)<br \/>\n\u2705\u00a0<strong>Ch\u1ea5t li\u1ec7u:<\/strong>\u00a0Carbon cao c\u1ea5p, b\u1ec1n b\u1ec9<br \/>\n\u2705\u00a0<strong>S\u1ed1 l\u01b0\u1ee3ng:<\/strong>\u00a005 c\u00e1nh g\u1ea1t\/b\u1ed9<br \/>\n\u2705\u00a0<strong>\u1ee8ng d\u1ee5ng:<\/strong>\u00a0D\u00f9ng cho m\u00e1y b\u01a1m ch\u00e2n kh\u00f4ng kh\u00f4 ORION model\u00a0<strong>CBF4040<\/strong>\u00a0v\u00e0 c\u00e1c bi\u1ebfn th\u1ec3:<\/p>\n<ul>\n<li>\n<p class=\"ds-markdown-paragraph\">CBF4040-VB-01B<\/p>\n<\/li>\n<li>\n<p class=\"ds-markdown-paragraph\">CBF4040-VB-04B<\/p>\n<\/li>\n<li>\n<p class=\"ds-markdown-paragraph\">CBF4040-VV-01B<\/p>\n<\/li>\n<li>\n<p class=\"ds-markdown-paragraph\">CBF4040-BB-01B<\/p>\n<\/li>\n<li>\n<p class=\"ds-markdown-paragraph\">CBF4040-VBVB-01B<\/p>\n<\/li>\n<li>\n<p class=\"ds-markdown-paragraph\">CBF4040-VBVB-04B<\/p>\n<\/li>\n<\/ul>\n<h2><span class=\"ez-toc-section\" id=\"Tai_Sao_Nen_Chon_Canh_Than_ORION_CBF4040\"><\/span><strong>T\u1ea1i Sao N\u00ean Ch\u1ecdn C\u00e1nh Than ORION CBF4040?<\/strong><span class=\"ez-toc-section-end\"><\/span><\/h2>\n<p class=\"ds-markdown-paragraph\">\u2714\u00a0<strong>\u0110\u1ed9 b\u1ec1n cao:<\/strong>\u00a0L\u00e0m t\u1eeb v\u1eadt li\u1ec7u carbon t\u1ef1 b\u00f4i tr\u01a1n, ch\u1ed1ng m\u00e0i m\u00f2n, tu\u1ed5i th\u1ecd l\u00ean \u0111\u1ebfn\u00a0<strong>12.000 gi\u1edd<\/strong>\u00a0trong \u0111i\u1ec1u ki\u1ec7n v\u1eadn h\u00e0nh ti\u00eau chu\u1ea9n.<br \/>\n\u2714\u00a0<strong>Hi\u1ec7u su\u1ea5t \u1ed5n \u0111\u1ecbnh:<\/strong>\u00a0Gi\u00fap m\u00e1y b\u01a1m ho\u1ea1t \u0111\u1ed9ng \u00eam, gi\u1ea3m ti\u1ebfng \u1ed3n, h\u1ea1n ch\u1ebf rung \u0111\u1ed9ng.<br \/>\n\u2714\u00a0<strong>Ph\u00f9 h\u1ee3p v\u1edbi nhi\u1ec1u \u1ee9ng d\u1ee5ng:<\/strong>\u00a0D\u00f9ng trong c\u00f4ng nghi\u1ec7p \u0111i\u1ec7n t\u1eed, y t\u1ebf, \u0111\u00f3ng g\u00f3i, in \u1ea5n v\u00e0 c\u00e1c ng\u00e0nh \u0111\u00f2i h\u1ecfi \u0111\u1ed9 ch\u00e2n kh\u00f4ng cao.<\/p>\n<h2><span class=\"ez-toc-section\" id=\"Nguyen_Ly_Hoat_Dong_Cua_Bom_Chan_Khong_ORION\"><\/span><strong>Nguy\u00ean L\u00fd Ho\u1ea1t \u0110\u1ed9ng C\u1ee7a B\u01a1m Ch\u00e2n Kh\u00f4ng ORION<\/strong><span class=\"ez-toc-section-end\"><\/span><\/h2>\n<p class=\"ds-markdown-paragraph\">M\u00e1y b\u01a1m ch\u00e2n kh\u00f4ng ORION s\u1eed d\u1ee5ng c\u01a1 ch\u1ebf\u00a0<strong>quay ly t\u00e2m<\/strong>, trong \u0111\u00f3 c\u00e1c c\u00e1nh than carbon tr\u01b0\u1ee3t d\u1ecdc theo th\u00e0nh xi lanh, t\u1ea1o ra ch\u00e2n kh\u00f4ng b\u1eb1ng c\u00e1ch thay \u0111\u1ed5i th\u1ec3 t\u00edch bu\u1ed3ng h\u00fat.<\/p>\n<h3><span class=\"ez-toc-section\" id=\"Luu_Y_Khi_Su_Dung_Bao_Tri\"><\/span><strong>L\u01b0u \u00dd Khi S\u1eed D\u1ee5ng &amp; B\u1ea3o Tr\u00ec<\/strong><span class=\"ez-toc-section-end\"><\/span><\/h3>\n<ul>\n<li>\n<p class=\"ds-markdown-paragraph\"><strong>Kh\u00f4ng h\u00fat kh\u00ed d\u1ec5 ch\u00e1y\/n\u1ed5<\/strong>, tr\u00e1nh g\u00e2y nguy hi\u1ec3m.<\/p>\n<\/li>\n<li>\n<p class=\"ds-markdown-paragraph\"><strong>Thay c\u00e1nh than \u0111\u1ecbnh k\u1ef3<\/strong>\u00a0(kho\u1ea3ng 9.500\u201312.000 gi\u1edd) \u0111\u1ec3 tr\u00e1nh h\u1ecfng h\u00f3c.<\/p>\n<\/li>\n<li>\n<p class=\"ds-markdown-paragraph\"><strong>V\u1ec7 sinh \u0111\u01b0\u1eddng \u1ed1ng<\/strong>, tr\u00e1nh b\u1ee5i b\u1ea9n, h\u01a1i \u1ea9m l\u00e0m gi\u1ea3m hi\u1ec7u su\u1ea5t.<\/p>\n<\/li>\n<li>\n<p class=\"ds-markdown-paragraph\"><strong>S\u1eed d\u1ee5ng \u1ed1ng m\u1ec1m ch\u1ecbu nhi\u1ec7t<\/strong>\u00a0\u0111\u1ec3 gi\u1ea3m rung \u0111\u1ed9ng v\u00e0 ti\u1ebfng \u1ed3n.<\/p>\n<\/li>\n<\/ul>\n<h2><span class=\"ez-toc-section\" id=\"Thoi_Gian_Thay_The_Khuyen_Nghi\"><\/span><strong>Th\u1eddi Gian Thay Th\u1ebf Khuy\u1ebfn Ngh\u1ecb<\/strong><span class=\"ez-toc-section-end\"><\/span><\/h2>\n<p class=\"ds-markdown-paragraph\">\ud83d\udd39\u00a0<strong>12.000 gi\u1edd<\/strong>\u00a0\u2013 Khi ho\u1ea1t \u0111\u1ed9ng trong ph\u1ea1m vi \u00e1p su\u1ea5t ti\u00eau chu\u1ea9n.<br \/>\n\ud83d\udd39\u00a0<strong>9.500 gi\u1edd<\/strong>\u00a0\u2013 Khi ho\u1ea1t \u0111\u1ed9ng \u1edf \u00e1p su\u1ea5t t\u1ed1i \u0111a.<\/p>\n<h2><span class=\"ez-toc-section\" id=\"Lien_He_Dat_Hang_Ngay\"><\/span><strong>Li\u00ean H\u1ec7 \u0110\u1eb7t H\u00e0ng Ngay!<\/strong><span class=\"ez-toc-section-end\"><\/span><\/h2>\n<p class=\"ds-markdown-paragraph\">\ud83d\udcde\u00a0<strong>Hotline:<\/strong>\u00a0<a target=\"_blank\" rel=\"noreferrer\">0985 459 559<\/a><br \/>\n\ud83c\udf10\u00a0<strong>Website:<\/strong>\u00a0<a href=\"https:\/\/www.minhphuco.com\/\" target=\"_blank\" rel=\"noopener noreferrer\">www.minhphuco.com<\/a><br \/>\n\ud83d\udce7\u00a0<strong>Email:<\/strong>\u00a0<a href=\"https:\/\/mailto:sales@minhphuco.vn\/\" target=\"_blank\" rel=\"noopener noreferrer\">sales@minhphuco.vn<\/a><br \/>\n\ud83d\udcac\u00a0<strong>Zalo:<\/strong>\u00a0<a href=\"https:\/\/zalo.me\/0985490343\" target=\"_blank\" rel=\"noopener noreferrer\">0985 490 343<\/a>\u00a0ho\u1eb7c\u00a0<a href=\"https:\/\/zalo.me\/0985843778\" target=\"_blank\" rel=\"noopener noreferrer\">0985 843 778<\/a><\/p>\n<h3><span class=\"ez-toc-section\" id=\"Minh_Phuc_Co_%E2%80%93_Doi_Tac_Tin_Cay_Cung_Cap_Phu_Kien_Bom_Chan_Khong_ORION_Chinh_Hang\"><\/span><strong>Minh Ph\u00fac Co. \u2013 \u0110\u1ed1i T\u00e1c Tin C\u1eady Cung C\u1ea5p Ph\u1ee5 Ki\u1ec7n B\u01a1m Ch\u00e2n Kh\u00f4ng ORION Ch\u00ednh H\u00e3ng!<\/strong><span class=\"ez-toc-section-end\"><\/span><\/h3>\n<hr \/>\n<p class=\"ds-markdown-paragraph\"><strong>T\u1eeb kh\u00f3a SEO:<\/strong><\/p>\n<ul>\n<li>\n<p class=\"ds-markdown-paragraph\">B\u1ed9 c\u00e1nh than ORION CBF4040<\/p>\n<\/li>\n<li>\n<p class=\"ds-markdown-paragraph\">C\u00e1nh g\u1ea1t carbon ORION 04100889010<\/p>\n<\/li>\n<li>\n<p class=\"ds-markdown-paragraph\">Ph\u1ee5 ki\u1ec7n b\u01a1m ch\u00e2n kh\u00f4ng kh\u00f4 ORION<\/p>\n<\/li>\n<li>\n<p class=\"ds-markdown-paragraph\">Thay c\u00e1nh than m\u00e1y b\u01a1m ch\u00e2n kh\u00f4ng<\/p>\n<\/li>\n<li>\n<p class=\"ds-markdown-paragraph\">B\u01a1m ch\u00e2n kh\u00f4ng ORION ch\u00ednh h\u00e3ng<\/p>\n<\/li>\n<\/ul>\n<\/div>\n<\/div>\n<\/div>\n","protected":false},"excerpt":{"rendered":"<p>K\u00edch th\u01b0\u1edbc: 40 mm (chi\u1ec1u r\u1ed9ng\/cao) \u00d7 120 mm (chi\u1ec1u d\u00e0i)\u00d7 5 mm (\u0111\u1ed9 d\u00e0y)<br \/>\nD\u00f9ng cho c\u00e1c m\u00e1y b\u01a1m : CBF4040 d\u00f9ng 2 b\u1ed9<br \/>\nV\u1eadt li\u1ec7u Carbon<\/p>\n","protected":false},"featured_media":8125,"comment_status":"open","ping_status":"closed","template":"","meta":{"_acf_changed":false},"product_brand":[],"product_cat":[69,707],"product_tag":[2193,2222],"class_list":{"0":"post-8111","1":"product","2":"type-product","3":"status-publish","4":"has-post-thumbnail","6":"product_cat-canh-vane","7":"product_cat-orion-vanes","8":"product_tag-2193","9":"product_tag-cbf4040","11":"first","12":"instock","13":"shipping-taxable","14":"product-type-simple"},"acf":[],"_links":{"self":[{"href":"https:\/\/mpvane.com\/en\/wp-json\/wp\/v2\/product\/8111","targetHints":{"allow":["GET"]}}],"collection":[{"href":"https:\/\/mpvane.com\/en\/wp-json\/wp\/v2\/product"}],"about":[{"href":"https:\/\/mpvane.com\/en\/wp-json\/wp\/v2\/types\/product"}],"replies":[{"embeddable":true,"href":"https:\/\/mpvane.com\/en\/wp-json\/wp\/v2\/comments?post=8111"}],"version-history":[{"count":1,"href":"https:\/\/mpvane.com\/en\/wp-json\/wp\/v2\/product\/8111\/revisions"}],"predecessor-version":[{"id":8112,"href":"https:\/\/mpvane.com\/en\/wp-json\/wp\/v2\/product\/8111\/revisions\/8112"}],"wp:featuredmedia":[{"embeddable":true,"href":"https:\/\/mpvane.com\/en\/wp-json\/wp\/v2\/media\/8125"}],"wp:attachment":[{"href":"https:\/\/mpvane.com\/en\/wp-json\/wp\/v2\/media?parent=8111"}],"wp:term":[{"taxonomy":"product_brand","embeddable":true,"href":"https:\/\/mpvane.com\/en\/wp-json\/wp\/v2\/product_brand?post=8111"},{"taxonomy":"product_cat","embeddable":true,"href":"https:\/\/mpvane.com\/en\/wp-json\/wp\/v2\/product_cat?post=8111"},{"taxonomy":"product_tag","embeddable":true,"href":"https:\/\/mpvane.com\/en\/wp-json\/wp\/v2\/product_tag?post=8111"}],"curies":[{"name":"wp","href":"https:\/\/api.w.org\/{rel}","templated":true}]}}