{"id":8105,"date":"2025-06-03T11:05:24","date_gmt":"2025-06-03T04:05:24","guid":{"rendered":"https:\/\/mpvane.com\/?post_type=product&#038;p=8105"},"modified":"2025-06-03T13:40:38","modified_gmt":"2025-06-03T06:40:38","slug":"bo-5-canh-than-carbon-orion-04100889010krf40","status":"publish","type":"product","link":"https:\/\/mpvane.com\/en\/san-pham\/bo-5-canh-than-carbon-orion-04100889010krf40\/","title":{"rendered":"B\u1ed9 5 c\u00e1nh than carbon ORION 04100889010,KRF40"},"content":{"rendered":"<div id=\"ez-toc-container\" class=\"ez-toc-v2_0_75 counter-hierarchy ez-toc-counter ez-toc-grey ez-toc-container-direction\">\n<div class=\"ez-toc-title-container\">\n<p class=\"ez-toc-title\" style=\"cursor:inherit\">Table of Contents<\/p>\n<span class=\"ez-toc-title-toggle\"><a href=\"#\" class=\"ez-toc-pull-right ez-toc-btn ez-toc-btn-xs ez-toc-btn-default ez-toc-toggle\" aria-label=\"Toggle Table of Content\"><span class=\"ez-toc-js-icon-con\"><span class=\"\"><span class=\"eztoc-hide\" style=\"display:none;\">Toggle<\/span><span class=\"ez-toc-icon-toggle-span\"><svg style=\"fill: #999;color:#999\" xmlns=\"http:\/\/www.w3.org\/2000\/svg\" class=\"list-377408\" width=\"20px\" height=\"20px\" viewBox=\"0 0 24 24\" fill=\"none\"><path d=\"M6 6H4v2h2V6zm14 0H8v2h12V6zM4 11h2v2H4v-2zm16 0H8v2h12v-2zM4 16h2v2H4v-2zm16 0H8v2h12v-2z\" fill=\"currentColor\"><\/path><\/svg><svg style=\"fill: #999;color:#999\" class=\"arrow-unsorted-368013\" xmlns=\"http:\/\/www.w3.org\/2000\/svg\" width=\"10px\" height=\"10px\" viewBox=\"0 0 24 24\" version=\"1.2\" baseProfile=\"tiny\"><path d=\"M18.2 9.3l-6.2-6.3-6.2 6.3c-.2.2-.3.4-.3.7s.1.5.3.7c.2.2.4.3.7.3h11c.3 0 .5-.1.7-.3.2-.2.3-.5.3-.7s-.1-.5-.3-.7zM5.8 14.7l6.2 6.3 6.2-6.3c.2-.2.3-.5.3-.7s-.1-.5-.3-.7c-.2-.2-.4-.3-.7-.3h-11c-.3 0-.5.1-.7.3-.2.2-.3.5-.3.7s.1.5.3.7z\"\/><\/svg><\/span><\/span><\/span><\/a><\/span><\/div>\n<nav><ul class='ez-toc-list ez-toc-list-level-1 ' ><li class='ez-toc-page-1 ez-toc-heading-level-1'><a class=\"ez-toc-link ez-toc-heading-1\" href=\"https:\/\/mpvane.com\/en\/san-pham\/bo-5-canh-than-carbon-orion-04100889010krf40\/#Bo_Canh_Than_Carbon_ORION_04100889010_KRF40_Chinh_Hang_%E2%80%93_Giai_Phap_Toi_Uu_Cho_May_Bom_Chan_Khong_ORION\" >B\u1ed9 C\u00e1nh Than Carbon ORION 04100889010 KRF40 Ch\u00ednh H\u00e3ng \u2013 Gi\u1ea3i Ph\u00e1p T\u1ed1i \u01afu Cho M\u00e1y B\u01a1m Ch\u00e2n Kh\u00f4ng ORION<\/a><ul class='ez-toc-list-level-2' ><li class='ez-toc-heading-level-2'><a class=\"ez-toc-link ez-toc-heading-2\" href=\"https:\/\/mpvane.com\/en\/san-pham\/bo-5-canh-than-carbon-orion-04100889010krf40\/#%E2%9C%85_Thong_Tin_San_Pham_%E2%80%93_Bo_Luoi_Gat_ORION_04100889010\" >\u2705 Th\u00f4ng Tin S\u1ea3n Ph\u1ea9m \u2013 B\u1ed9 L\u01b0\u1ee1i G\u1ea1t ORION 04100889010<\/a><\/li><li class='ez-toc-page-1 ez-toc-heading-level-2'><a class=\"ez-toc-link ez-toc-heading-3\" href=\"https:\/\/mpvane.com\/en\/san-pham\/bo-5-canh-than-carbon-orion-04100889010krf40\/#%E2%9A%99%EF%B8%8F_May_Bom_Chan_Khong_Kho_ORION_%E2%80%93_Giai_Phap_Sach_Cho_Nhieu_Nganh_Cong_Nghiep\" >\u2699\ufe0f M\u00e1y B\u01a1m Ch\u00e2n Kh\u00f4ng Kh\u00f4 ORION \u2013 Gi\u1ea3i Ph\u00e1p S\u1ea1ch Cho Nhi\u1ec1u Ng\u00e0nh C\u00f4ng Nghi\u1ec7p<\/a><ul class='ez-toc-list-level-3' ><li class='ez-toc-heading-level-3'><a class=\"ez-toc-link ez-toc-heading-4\" href=\"https:\/\/mpvane.com\/en\/san-pham\/bo-5-canh-than-carbon-orion-04100889010krf40\/#I_Uu_diem_noi_bat_cua_bom_kho_ORION\" >I. \u01afu \u0111i\u1ec3m n\u1ed5i b\u1eadt c\u1ee7a b\u01a1m kh\u00f4 ORION:<\/a><\/li><li class='ez-toc-page-1 ez-toc-heading-level-3'><a class=\"ez-toc-link ez-toc-heading-5\" href=\"https:\/\/mpvane.com\/en\/san-pham\/bo-5-canh-than-carbon-orion-04100889010krf40\/#II_Nguyen_ly_hoat_dong\" >II. Nguy\u00ean l\u00fd ho\u1ea1t \u0111\u1ed9ng:<\/a><\/li><\/ul><\/li><li class='ez-toc-page-1 ez-toc-heading-level-2'><a class=\"ez-toc-link ez-toc-heading-6\" href=\"https:\/\/mpvane.com\/en\/san-pham\/bo-5-canh-than-carbon-orion-04100889010krf40\/#%F0%9F%94%A7_Luu_Y_Khi_Su_Dung_May_Bom_Kho_ORION\" >\ud83d\udd27 L\u01b0u \u00dd Khi S\u1eed D\u1ee5ng M\u00e1y B\u01a1m Kh\u00f4 ORION<\/a><\/li><li class='ez-toc-page-1 ez-toc-heading-level-2'><a class=\"ez-toc-link ez-toc-heading-7\" href=\"https:\/\/mpvane.com\/en\/san-pham\/bo-5-canh-than-carbon-orion-04100889010krf40\/#%F0%9F%9B%A0_Bao_Duong_Thay_The_Canh_Bom_ORION_Dung_Chu_Ky\" >\ud83d\udee0 B\u1ea3o D\u01b0\u1ee1ng &amp; Thay Th\u1ebf C\u00e1nh B\u01a1m ORION \u0110\u00fang Chu K\u1ef3<\/a><\/li><li class='ez-toc-page-1 ez-toc-heading-level-2'><a class=\"ez-toc-link ez-toc-heading-8\" href=\"https:\/\/mpvane.com\/en\/san-pham\/bo-5-canh-than-carbon-orion-04100889010krf40\/#%F0%9F%93%A6_Mua_Bo_Canh_Than_ORION_04100889010_Chinh_Hang_O_Dau\" >\ud83d\udce6 Mua B\u1ed9 C\u00e1nh Than ORION 04100889010 Ch\u00ednh H\u00e3ng \u1ede \u0110\u00e2u?<\/a><\/li><\/ul><\/li><\/ul><\/nav><\/div>\n<div class=\"dad65929\">\n<div class=\"_4f9bf79 d7dc56a8 _43c05b5\">\n<div class=\"ds-markdown ds-markdown--block\">\n<h1 data-start=\"132\" data-end=\"240\"><span class=\"ez-toc-section\" id=\"Bo_Canh_Than_Carbon_ORION_04100889010_KRF40_Chinh_Hang_%E2%80%93_Giai_Phap_Toi_Uu_Cho_May_Bom_Chan_Khong_ORION\"><\/span><strong data-start=\"134\" data-end=\"240\">B\u1ed9 C\u00e1nh Than Carbon ORION 04100889010 KRF40 Ch\u00ednh H\u00e3ng \u2013 Gi\u1ea3i Ph\u00e1p T\u1ed1i \u01afu Cho M\u00e1y B\u01a1m Ch\u00e2n Kh\u00f4ng ORION<\/strong><span class=\"ez-toc-section-end\"><\/span><\/h1>\n<h2 data-start=\"242\" data-end=\"301\"><span class=\"ez-toc-section\" id=\"%E2%9C%85_Thong_Tin_San_Pham_%E2%80%93_Bo_Luoi_Gat_ORION_04100889010\"><\/span>\u2705 <strong data-start=\"247\" data-end=\"301\">Th\u00f4ng Tin S\u1ea3n Ph\u1ea9m \u2013 B\u1ed9 L\u01b0\u1ee1i G\u1ea1t ORION 04100889010<\/strong><span class=\"ez-toc-section-end\"><\/span><\/h2>\n<p data-start=\"302\" data-end=\"447\">B\u1ed9 c\u00e1nh than ORION m\u00e3 <strong data-start=\"324\" data-end=\"339\">04100889010<\/strong> l\u00e0 linh ki\u1ec7n <strong data-start=\"353\" data-end=\"367\">ch\u00ednh h\u00e3ng<\/strong> d\u00f9ng cho m\u00e1y b\u01a1m ch\u00e2n kh\u00f4ng kh\u00f4 <strong data-start=\"400\" data-end=\"415\">ORION KRF40<\/strong> v\u00e0 c\u00e1c d\u00f2ng m\u00e1y bi\u1ebfn th\u1ec3 nh\u01b0:<\/p>\n<ul data-start=\"448\" data-end=\"563\">\n<li data-start=\"448\" data-end=\"466\">\n<p data-start=\"450\" data-end=\"466\"><strong data-start=\"450\" data-end=\"466\">KRF40A-V-01B<\/strong><\/p>\n<\/li>\n<li data-start=\"467\" data-end=\"485\">\n<p data-start=\"469\" data-end=\"485\"><strong data-start=\"469\" data-end=\"485\">KRF40A-V-04B<\/strong><\/p>\n<\/li>\n<li data-start=\"486\" data-end=\"504\">\n<p data-start=\"488\" data-end=\"504\"><strong data-start=\"488\" data-end=\"504\">KRF40A-B-01B<\/strong><\/p>\n<\/li>\n<li data-start=\"505\" data-end=\"523\">\n<p data-start=\"507\" data-end=\"523\"><strong data-start=\"507\" data-end=\"523\">KRF40A-B-04B<\/strong><\/p>\n<\/li>\n<li data-start=\"524\" data-end=\"543\">\n<p data-start=\"526\" data-end=\"543\"><strong data-start=\"526\" data-end=\"543\">KRF40A-VB-01B<\/strong><\/p>\n<\/li>\n<li data-start=\"544\" data-end=\"563\">\n<p data-start=\"546\" data-end=\"563\"><strong data-start=\"546\" data-end=\"563\">KRF40A-VB-04B<\/strong><\/p>\n<\/li>\n<\/ul>\n<p data-start=\"565\" data-end=\"606\">\ud83d\udc49 <strong data-start=\"568\" data-end=\"606\">Th\u00f4ng s\u1ed1 k\u1ef9 thu\u1eadt c\u00e1nh than ORION:<\/strong><\/p>\n<ul data-start=\"607\" data-end=\"756\">\n<li data-start=\"607\" data-end=\"666\">\n<p data-start=\"609\" data-end=\"666\"><strong data-start=\"609\" data-end=\"623\">K\u00edch th\u01b0\u1edbc<\/strong>: 40 mm (cao) \u00d7 120 mm (d\u00e0i) \u00d7 5 mm (d\u00e0y)<\/p>\n<\/li>\n<li data-start=\"667\" data-end=\"719\">\n<p data-start=\"669\" data-end=\"719\"><strong data-start=\"669\" data-end=\"681\">V\u1eadt li\u1ec7u<\/strong>: Carbon ch\u1ea5t l\u01b0\u1ee3ng cao, t\u1ef1 b\u00f4i tr\u01a1n<\/p>\n<\/li>\n<li data-start=\"720\" data-end=\"756\">\n<p data-start=\"722\" data-end=\"756\"><strong data-start=\"722\" data-end=\"734\">S\u1ed1 l\u01b0\u1ee3ng<\/strong>: 01 b\u1ed9 g\u1ed3m 5 c\u00e1nh g\u1ea1t<\/p>\n<\/li>\n<\/ul>\n<p data-start=\"758\" data-end=\"959\">B\u1ed9 c\u00e1nh g\u1ea1t ORION 04100889010 \u0111\u00f3ng vai tr\u00f2 c\u1ef1c k\u1ef3 quan tr\u1ecdng trong v\u1eadn h\u00e0nh \u1ed5n \u0111\u1ecbnh v\u00e0 b\u1ec1n b\u1ec9 c\u1ee7a c\u00e1c d\u00f2ng <strong data-start=\"865\" data-end=\"895\">b\u01a1m ch\u00e2n kh\u00f4ng ORION KRF40<\/strong>, gi\u00fap t\u0103ng hi\u1ec7u su\u1ea5t h\u00fat \u2013 x\u1ea3 v\u00e0 k\u00e9o d\u00e0i tu\u1ed5i th\u1ecd c\u1ee7a thi\u1ebft b\u1ecb.<\/p>\n<hr data-start=\"961\" data-end=\"964\" \/>\n<h2 data-start=\"966\" data-end=\"1049\"><span class=\"ez-toc-section\" id=\"%E2%9A%99%EF%B8%8F_May_Bom_Chan_Khong_Kho_ORION_%E2%80%93_Giai_Phap_Sach_Cho_Nhieu_Nganh_Cong_Nghiep\"><\/span>\u2699\ufe0f <strong data-start=\"972\" data-end=\"1049\">M\u00e1y B\u01a1m Ch\u00e2n Kh\u00f4ng Kh\u00f4 ORION \u2013 Gi\u1ea3i Ph\u00e1p S\u1ea1ch Cho Nhi\u1ec1u Ng\u00e0nh C\u00f4ng Nghi\u1ec7p<\/strong><span class=\"ez-toc-section-end\"><\/span><\/h2>\n<p data-start=\"1051\" data-end=\"1194\">T\u1eeb n\u0103m 1965, ORION l\u00e0 \u0111\u01a1n v\u1ecb ti\u00ean phong s\u1ea3n xu\u1ea5t <strong data-start=\"1100\" data-end=\"1137\">m\u00e1y b\u01a1m ch\u00e2n kh\u00f4ng quay kh\u00f4ng d\u1ea7u<\/strong> t\u1ea1i Nh\u1eadt B\u1ea3n. Thi\u1ebft b\u1ecb n\u00e0y ng\u00e0y c\u00e0ng \u0111\u01b0\u1ee3c \u01b0a chu\u1ed9ng nh\u1edd:<\/p>\n<h3 data-start=\"1196\" data-end=\"1241\"><span class=\"ez-toc-section\" id=\"I_Uu_diem_noi_bat_cua_bom_kho_ORION\"><\/span>I. <strong data-start=\"1203\" data-end=\"1241\">\u01afu \u0111i\u1ec3m n\u1ed5i b\u1eadt c\u1ee7a b\u01a1m kh\u00f4 ORION:<\/strong><span class=\"ez-toc-section-end\"><\/span><\/h3>\n<ul data-start=\"1242\" data-end=\"1450\">\n<li data-start=\"1242\" data-end=\"1316\">\n<p data-start=\"1244\" data-end=\"1316\"><strong data-start=\"1244\" data-end=\"1262\">Kh\u00f4ng d\u00f9ng d\u1ea7u<\/strong> \u2192 Kh\u00f4ng g\u00e2y \u00f4 nhi\u1ec5m s\u1ea3n ph\u1ea9m v\u00e0 m\u00f4i tr\u01b0\u1eddng l\u00e0m vi\u1ec7c<\/p>\n<\/li>\n<li data-start=\"1317\" data-end=\"1349\">\n<p data-start=\"1319\" data-end=\"1349\"><strong data-start=\"1319\" data-end=\"1347\">\u0110\u1ed9 \u1ed3n th\u1ea5p, tu\u1ed5i th\u1ecd cao<\/strong><\/p>\n<\/li>\n<li data-start=\"1350\" data-end=\"1411\">\n<p data-start=\"1352\" data-end=\"1411\"><strong data-start=\"1352\" data-end=\"1379\">C\u00e1nh carbon t\u1ef1 b\u00f4i tr\u01a1n<\/strong> \u2192 H\u1ea1n ch\u1ebf ma s\u00e1t, t\u0103ng \u0111\u1ed9 b\u1ec1n<\/p>\n<\/li>\n<li data-start=\"1412\" data-end=\"1450\">\n<p data-start=\"1414\" data-end=\"1450\"><strong data-start=\"1414\" data-end=\"1450\">V\u1eadn h\u00e0nh \u1ed5n \u0111\u1ecbnh, rung \u0111\u1ed9ng th\u1ea5p<\/strong><\/p>\n<\/li>\n<\/ul>\n<h3 data-start=\"1452\" data-end=\"1484\"><span class=\"ez-toc-section\" id=\"II_Nguyen_ly_hoat_dong\"><\/span>II. <strong data-start=\"1460\" data-end=\"1484\">Nguy\u00ean l\u00fd ho\u1ea1t \u0111\u1ed9ng:<\/strong><span class=\"ez-toc-section-end\"><\/span><\/h3>\n<p data-start=\"1485\" data-end=\"1648\">B\u01a1m s\u1eed d\u1ee5ng <strong data-start=\"1497\" data-end=\"1518\">r\u00f4to \u0111\u1eb7t l\u1ec7ch t\u00e2m<\/strong> v\u1edbi c\u00e1c c\u00e1nh carbon tr\u01b0\u1ee3t v\u00e0o th\u00e0nh xi lanh nh\u1edd l\u1ef1c ly t\u00e2m, t\u1ea1o ra chu tr\u00ecnh <strong data-start=\"1596\" data-end=\"1614\">h\u00fat \u2192 n\u00e9n \u2192 x\u1ea3<\/strong> li\u00ean t\u1ee5c, mang l\u1ea1i hi\u1ec7u su\u1ea5t cao.<\/p>\n<hr data-start=\"1650\" data-end=\"1653\" \/>\n<h2 data-start=\"1655\" data-end=\"1700\"><span class=\"ez-toc-section\" id=\"%F0%9F%94%A7_Luu_Y_Khi_Su_Dung_May_Bom_Kho_ORION\"><\/span>\ud83d\udd27 <strong data-start=\"1661\" data-end=\"1700\">L\u01b0u \u00dd Khi S\u1eed D\u1ee5ng M\u00e1y B\u01a1m Kh\u00f4 ORION<\/strong><span class=\"ez-toc-section-end\"><\/span><\/h2>\n<ul data-start=\"1702\" data-end=\"1940\">\n<li data-start=\"1702\" data-end=\"1742\">\n<p data-start=\"1704\" data-end=\"1742\"><strong data-start=\"1704\" data-end=\"1742\">Kh\u00f4ng h\u00fat kh\u00ed ch\u00e1y n\u1ed5 ho\u1eb7c d\u1ec5 ch\u00e1y<\/strong><\/p>\n<\/li>\n<li data-start=\"1743\" data-end=\"1789\">\n<p data-start=\"1745\" data-end=\"1789\"><strong data-start=\"1745\" data-end=\"1789\">Kh\u00f4ng v\u1eadn h\u00e0nh khi \u0111\u01b0\u1eddng h\u00fat\/x\u1ea3 b\u1ecb ngh\u1ebdn<\/strong><\/p>\n<\/li>\n<li data-start=\"1790\" data-end=\"1839\">\n<p data-start=\"1792\" data-end=\"1839\"><strong data-start=\"1792\" data-end=\"1839\">S\u1eed d\u1ee5ng kh\u00ed s\u1ea1ch, kh\u00f4ng h\u01a1i n\u01b0\u1edbc, kh\u00f4ng b\u1ee5i<\/strong><\/p>\n<\/li>\n<li data-start=\"1840\" data-end=\"1875\">\n<p data-start=\"1842\" data-end=\"1875\"><strong data-start=\"1842\" data-end=\"1875\">Nhi\u1ec7t \u0111\u1ed9 m\u00f4i tr\u01b0\u1eddng: 0 \u2013 40\u00b0C<\/strong><\/p>\n<\/li>\n<li data-start=\"1876\" data-end=\"1940\">\n<p data-start=\"1878\" data-end=\"1940\"><strong data-start=\"1878\" data-end=\"1940\">L\u1eafp \u0111\u1eb7t \u1ed1ng m\u1ec1m, tr\u00e1nh \u1ed1ng th\u00e9p c\u1ee9ng \u0111\u1ec3 h\u1ea1n ch\u1ebf rung v\u00e0 \u1ed3n<\/strong><\/p>\n<\/li>\n<\/ul>\n<hr data-start=\"1942\" data-end=\"1945\" \/>\n<h2 data-start=\"1947\" data-end=\"2004\"><span class=\"ez-toc-section\" id=\"%F0%9F%9B%A0_Bao_Duong_Thay_The_Canh_Bom_ORION_Dung_Chu_Ky\"><\/span>\ud83d\udee0 <strong data-start=\"1953\" data-end=\"2004\">B\u1ea3o D\u01b0\u1ee1ng &amp; Thay Th\u1ebf C\u00e1nh B\u01a1m ORION \u0110\u00fang Chu K\u1ef3<\/strong><span class=\"ez-toc-section-end\"><\/span><\/h2>\n<p data-start=\"2006\" data-end=\"2087\">\u0110\u1ec3 \u0111\u1ea3m b\u1ea3o m\u00e1y v\u1eadn h\u00e0nh \u1ed5n \u0111\u1ecbnh, n\u00ean thay th\u1ebf c\u00e1nh than \u0111\u1ecbnh k\u1ef3 theo khuy\u1ebfn ngh\u1ecb:<\/p>\n<div class=\"_tableContainer_16hzy_1\">\n<div class=\"_tableWrapper_16hzy_14 group flex w-fit flex-col-reverse\" tabindex=\"-1\">\n<table class=\"w-fit min-w-(--thread-content-width)\" data-start=\"2089\" data-end=\"2293\">\n<thead data-start=\"2089\" data-end=\"2139\">\n<tr data-start=\"2089\" data-end=\"2139\">\n<th data-start=\"2089\" data-end=\"2111\" data-col-size=\"sm\">\u0110i\u1ec1u ki\u1ec7n ho\u1ea1t \u0111\u1ed9ng<\/th>\n<th data-start=\"2111\" data-end=\"2139\" data-col-size=\"sm\">Th\u1eddi gian thay c\u00e1nh than<\/th>\n<\/tr>\n<\/thead>\n<tbody data-start=\"2191\" data-end=\"2293\">\n<tr data-start=\"2191\" data-end=\"2244\">\n<td data-start=\"2191\" data-end=\"2225\" data-col-size=\"sm\">\u00c1p su\u1ea5t h\u00fat\/x\u1ea3 l\u00fd t\u01b0\u1edfng (1 atm)<\/td>\n<td data-start=\"2225\" data-end=\"2244\" data-col-size=\"sm\"><strong data-start=\"2227\" data-end=\"2242\">~12.000 gi\u1edd<\/strong><\/td>\n<\/tr>\n<tr data-start=\"2245\" data-end=\"2293\">\n<td data-start=\"2245\" data-end=\"2275\" data-col-size=\"sm\">\u00c1p su\u1ea5t h\u00fat\/x\u1ea3 g\u1ea7n gi\u1edbi h\u1ea1n<\/td>\n<td data-start=\"2275\" data-end=\"2293\" data-col-size=\"sm\"><strong data-start=\"2277\" data-end=\"2291\">~9.500 gi\u1edd<\/strong><\/td>\n<\/tr>\n<\/tbody>\n<\/table>\n<div class=\"sticky end-(--thread-content-margin) h-0 self-end select-none\">\n<div class=\"absolute end-0 flex items-end\"><\/div>\n<\/div>\n<\/div>\n<\/div>\n<p data-start=\"2295\" data-end=\"2393\">\u26a0\ufe0f N\u1ebfu nghe ti\u1ebfng \u1ed3n b\u1ea5t th\u01b0\u1eddng ho\u1eb7c hi\u1ec7u su\u1ea5t gi\u1ea3m \u2192 <strong data-start=\"2349\" data-end=\"2393\">Thay ngay \u0111\u1ec3 tr\u00e1nh g\u00e3y c\u00e1nh g\u00e2y k\u1eb9t m\u00e1y.<\/strong><\/p>\n<hr data-start=\"2395\" data-end=\"2398\" \/>\n<h2 data-start=\"2400\" data-end=\"2462\"><span class=\"ez-toc-section\" id=\"%F0%9F%93%A6_Mua_Bo_Canh_Than_ORION_04100889010_Chinh_Hang_O_Dau\"><\/span>\ud83d\udce6 <strong data-start=\"2406\" data-end=\"2462\">Mua B\u1ed9 C\u00e1nh Than ORION 04100889010 Ch\u00ednh H\u00e3ng \u1ede \u0110\u00e2u?<\/strong><span class=\"ez-toc-section-end\"><\/span><\/h2>\n<p data-start=\"2464\" data-end=\"2576\"><strong data-start=\"2464\" data-end=\"2486\">Minh Ph\u00fac Co., Ltd<\/strong> \u2013 Nh\u00e0 ph\u00e2n ph\u1ed1i uy t\u00edn thi\u1ebft b\u1ecb b\u01a1m ch\u00e2n kh\u00f4ng ORION v\u00e0 ph\u1ee5 t\u00f9ng ch\u00ednh h\u00e3ng t\u1ea1i Vi\u1ec7t Nam.<\/p>\n<p data-start=\"2578\" data-end=\"2751\">\ud83d\udcde <strong data-start=\"2581\" data-end=\"2592\">Hotline<\/strong>: 0985 459 559<br data-start=\"2606\" data-end=\"2609\" \/>\ud83c\udf10 <strong data-start=\"2612\" data-end=\"2623\">Website<\/strong>: <a class=\"\" href=\"http:\/\/www.minhphuco.com\" target=\"_new\" rel=\"noopener\" data-start=\"2625\" data-end=\"2670\">www.minhphuco.com<\/a><br data-start=\"2670\" data-end=\"2673\" \/>\ud83d\udce7 <strong data-start=\"2676\" data-end=\"2685\">Email<\/strong>: <a class=\"cursor-pointer\" rel=\"noopener\" data-start=\"2687\" data-end=\"2705\">sales@minhphuco.vn<\/a><br data-start=\"2705\" data-end=\"2708\" \/>\ud83d\udcac <strong data-start=\"2711\" data-end=\"2719\">Zalo<\/strong>: 0985 490 343 ho\u1eb7c 0985 843 778<\/p>\n<hr data-start=\"2753\" data-end=\"2756\" \/>\n<p data-start=\"2758\" data-end=\"2987\"><strong data-start=\"2758\" data-end=\"2779\">T\u1eeb kh\u00f3a SEO ch\u00ednh<\/strong>:<br data-start=\"2780\" data-end=\"2783\" \/><code data-start=\"2783\" data-end=\"2815\">b\u1ed9 c\u00e1nh than ORION 04100889010<\/code>, <code data-start=\"2817\" data-end=\"2849\">b\u01a1m ch\u00e2n kh\u00f4ng kh\u00f4 ORION KRF40<\/code>, <code data-start=\"2851\" data-end=\"2874\">c\u00e1nh g\u1ea1t carbon ORION<\/code>, <code data-start=\"2876\" data-end=\"2907\">l\u01b0\u1ee1i dao b\u01a1m ch\u00e2n kh\u00f4ng ORION<\/code>, <code data-start=\"2909\" data-end=\"2930\">thay c\u00e1nh b\u01a1m ORION<\/code>, <code data-start=\"2932\" data-end=\"2962\">m\u00e1y b\u01a1m ch\u00e2n kh\u00f4ng kh\u00f4ng d\u1ea7u<\/code>, <code data-start=\"2964\" data-end=\"2987\">ORION dry vacuum pump<\/code><\/p>\n<\/div>\n<\/div>\n<\/div>\n","protected":false},"excerpt":{"rendered":"<p>K\u00edch th\u01b0\u1edbc: 40 mm (chi\u1ec1u r\u1ed9ng\/cao) \u00d7 120 mm (chi\u1ec1u d\u00e0i)\u00d7 5 mm (\u0111\u1ed9 d\u00e0y)<br \/>\nD\u00f9ng cho c\u00e1c m\u00e1y b\u01a1m : ORION KRF40A<br \/>\nV\u1eadt li\u1ec7u Carbon<\/p>\n","protected":false},"featured_media":8125,"comment_status":"open","ping_status":"closed","template":"","meta":{"_acf_changed":false},"product_brand":[],"product_cat":[69,707],"product_tag":[2193,2192],"class_list":{"0":"post-8105","1":"product","2":"type-product","3":"status-publish","4":"has-post-thumbnail","6":"product_cat-canh-vane","7":"product_cat-orion-vanes","8":"product_tag-2193","9":"product_tag-krf40a","11":"first","12":"instock","13":"shipping-taxable","14":"product-type-simple"},"acf":[],"_links":{"self":[{"href":"https:\/\/mpvane.com\/en\/wp-json\/wp\/v2\/product\/8105","targetHints":{"allow":["GET"]}}],"collection":[{"href":"https:\/\/mpvane.com\/en\/wp-json\/wp\/v2\/product"}],"about":[{"href":"https:\/\/mpvane.com\/en\/wp-json\/wp\/v2\/types\/product"}],"replies":[{"embeddable":true,"href":"https:\/\/mpvane.com\/en\/wp-json\/wp\/v2\/comments?post=8105"}],"version-history":[{"count":1,"href":"https:\/\/mpvane.com\/en\/wp-json\/wp\/v2\/product\/8105\/revisions"}],"predecessor-version":[{"id":8106,"href":"https:\/\/mpvane.com\/en\/wp-json\/wp\/v2\/product\/8105\/revisions\/8106"}],"wp:featuredmedia":[{"embeddable":true,"href":"https:\/\/mpvane.com\/en\/wp-json\/wp\/v2\/media\/8125"}],"wp:attachment":[{"href":"https:\/\/mpvane.com\/en\/wp-json\/wp\/v2\/media?parent=8105"}],"wp:term":[{"taxonomy":"product_brand","embeddable":true,"href":"https:\/\/mpvane.com\/en\/wp-json\/wp\/v2\/product_brand?post=8105"},{"taxonomy":"product_cat","embeddable":true,"href":"https:\/\/mpvane.com\/en\/wp-json\/wp\/v2\/product_cat?post=8105"},{"taxonomy":"product_tag","embeddable":true,"href":"https:\/\/mpvane.com\/en\/wp-json\/wp\/v2\/product_tag?post=8105"}],"curies":[{"name":"wp","href":"https:\/\/api.w.org\/{rel}","templated":true}]}}